{"id":22014,"date":"2025-10-19T12:04:30","date_gmt":"2025-10-19T12:04:30","guid":{"rendered":"https:\/\/www.ghostysky.com\/?post_type=product&#038;p=22014"},"modified":"2026-02-24T14:00:27","modified_gmt":"2026-02-24T14:00:27","slug":"ouster-os0-128-rev7-sr","status":"publish","type":"product","link":"https:\/\/www.ghostysky.com\/fr\/product\/ouster-os0-128-rev7-sr\/","title":{"rendered":"Ouster OS0-128 Rev7 SR"},"content":{"rendered":"<div id=\"model-response-message-contentr_8cade3a3a392d67c\" class=\"markdown markdown-main-panel stronger enable-updated-hr-color\" dir=\"ltr\">\n<div id=\"model-response-message-contentr_13f1f7e95ab2a8ec\" class=\"markdown markdown-main-panel stronger enable-updated-hr-color\" dir=\"ltr\">\n<div id=\"model-response-message-contentr_30f8c942791a5642\" class=\"markdown markdown-main-panel stronger enable-updated-hr-color\" dir=\"ltr\">\n<h4>Principales caract\u00e9ristiques et avantages<\/h4>\n<ul>\n<li><b><span class=\"citation-574\">Champ de vision vertical ultra-large (FOV) :<\/span><\/b><span class=\"citation-574 citation-end-574\"> Offre une solution de pointe dans le secteur <\/span><span class=\"math-inline\" data-math=\"\\mathbf{90^\\circ}\">90\u00ba <\/span><span class=\"citation-573 citation-end-573\">Champ de vision vertical (+-)<\/span><span class=\"math-inline\" data-math=\"\\pm 45^\\circ\"> 45\u00ba <\/span><span class=\"citation-572 citation-end-572\">) et un <\/span><span class=\"math-inline\" data-math=\"\\mathbf{360^\\circ}\">360\u00ba <\/span><span class=\"citation-571 citation-end-571\">Champ de vision horizontal, assurant une couverture compl\u00e8te du sol aux obstacles a\u00e9riens.<\/span> Ceci est essentiel pour la perception en champ proche, pour voir les bordures, les palettes ou les personnes juste \u00e0 c\u00f4t\u00e9 du capteur.<\/li>\n<li><b><span class=\"citation-570\">Haute r\u00e9solution:<\/span><\/b><span class=\"citation-570\"> Caract\u00e9ristiques <\/span><b><span class=\"citation-570\">128 cha\u00eenes<\/span><\/b><span class=\"citation-570\"> de r\u00e9solution verticale, permettant la g\u00e9n\u00e9ration de nuages de points ultra-denses et propres avec jusqu&#039;\u00e0 <\/span><b><span class=\"citation-570\">5,2 millions de points par seconde (MPS)<\/span><\/b><span class=\"citation-570 citation-end-570\">.<\/span> <span class=\"citation-569 citation-end-569\">Ces donn\u00e9es haute r\u00e9solution sont essentielles pour une classification pr\u00e9cise des objets et une cartographie 3D nette.<\/span><\/li>\n<li><b>Performances optimis\u00e9es \u00e0 courte port\u00e9e\u00a0:<\/b> Avec un configurable <b>port\u00e9e minimale aussi basse que 0,3 m<\/b>, le capteur est id\u00e9al pour man\u0153uvrer dans des espaces restreints, tels que des entrep\u00f4ts ou des zones urbaines surpeupl\u00e9es.<\/li>\n<li><b>Port\u00e9e am\u00e9lior\u00e9e :<\/b><span class=\"citation-568 citation-end-568\"> Le Rev7, aliment\u00e9 par la puce L3, offre une augmentation pratique de l&#039;autonomie par rapport aux versions pr\u00e9c\u00e9dentes.<\/span> <span class=\"citation-567\">Les sp\u00e9cifications typiques incluent une gamme allant jusqu&#039;\u00e0 <\/span><b><span class=\"citation-567\">35 m sur une cible r\u00e9fl\u00e9chissante 10%<\/span><\/b><span class=\"citation-567 citation-end-567\"> et une port\u00e9e de mesure maximale d\u00e9passant souvent 100 m.<\/span><\/li>\n<li><b>Fiabilit\u00e9 du Lidar num\u00e9rique :<\/b><span class=\"citation-566\"> Construit avec une conception num\u00e9rique simple \u00e0 semi-conducteurs et des composants de qualit\u00e9 automobile, l&#039;OS0-128 Rev7 SR b\u00e9n\u00e9ficie d&#039;un long temps moyen de d\u00e9faillance (<\/span><b><span class=\"citation-566\">MTTF<\/span><\/b><span class=\"citation-566 citation-end-566\"> &gt; 250 000 heures) et est con\u00e7u pour r\u00e9sister \u00e0 des environnements de fonctionnement difficiles, y compris une plage de temp\u00e9ratures de fonctionnement de\u00a0<\/span><span class=\"math-inline\" data-math=\"-40^\\circ \\text{C}\">-40 \u00b0C<\/span><span class=\"citation-565 citation-end-565\"> \u00e0 <\/span><span class=\"math-inline\" data-math=\"+60^\\circ \\text{C}\">+60\u00baC<\/span><span class=\"citation-564 citation-end-564\">.<\/span><\/li>\n<li><b>Robuste et compact :<\/b> Le capteur est l\u00e9ger (environ <span class=\"math-inline\" data-math=\"\\mathbf{430}\">430<\/span><span class=\"citation-563 citation-end-563\">g sans capuchon) et compact (Diam\u00e8tre : <\/span><span class=\"math-inline\" data-math=\"\\mathbf{87}\">87<\/span><span class=\"citation-562\">\u00a0mm), avec un indice de protection contre les intrusions de <\/span><b><span class=\"citation-562\">IP68\/IP69K<\/span><\/b><span class=\"citation-562 citation-end-562\"> pour un fonctionnement par tous les temps et dans toutes les conditions.<\/span><\/li>\n<li><b><span class=\"citation-561\">Sortie de donn\u00e9es enrichie\u00a0:<\/span><\/b><span class=\"citation-561\"> Fournit non seulement des donn\u00e9es de port\u00e9e, mais \u00e9galement <\/span><b><span class=\"citation-561\">r\u00e9flectivit\u00e9 calibr\u00e9e<\/span><\/b><span class=\"citation-561\"> et <\/span><b><span class=\"citation-561\">donn\u00e9es de signal et proche infrarouge (NIR) de qualit\u00e9 cam\u00e9ra<\/span><\/b><span class=\"citation-561\">, am\u00e9liorant les algorithmes de perception et permettant des donn\u00e9es plus claires m\u00eame dans des conditions poussi\u00e9reuses ou brumeuses gr\u00e2ce \u00e0 son <\/span><b><span class=\"citation-561\">Double retour<\/span><\/b><span class=\"citation-561 citation-end-561\"> mode.<\/span><\/li>\n<\/ul>\n<h4>Sp\u00e9cifications techniques (r\u00e9sum\u00e9)<\/h4>\n<table>\n<thead>\n<tr>\n<td><strong>Fonctionnalit\u00e9<\/strong><\/td>\n<td><strong>Sp\u00e9cification<\/strong><\/td>\n<\/tr>\n<\/thead>\n<tbody>\n<tr>\n<td><b>R\u00e9solution verticale<\/b><\/td>\n<td>128 cha\u00eenes<\/td>\n<\/tr>\n<tr>\n<td><b>Champ de vision vertical<\/b><\/td>\n<td><span class=\"math-inline\" data-math=\"90^\\circ\">90\u00ba<\/span> (<span class=\"math-inline\" data-math=\"\\pm 45^\\circ\">+\/- 45\u00ba<\/span>)<\/td>\n<\/tr>\n<tr>\n<td><b>Champ de vision horizontal<\/b><\/td>\n<td><span class=\"math-inline\" data-math=\"360^\\circ\">360\u00ba<\/span><\/td>\n<\/tr>\n<tr>\n<td><b>Nombre maximal de points par seconde<\/b><\/td>\n<td>Jusqu&#039;\u00e0 5 242 880<\/td>\n<\/tr>\n<tr>\n<td><b>Port\u00e9e (r\u00e9flectivit\u00e9 10%)<\/b><\/td>\n<td>Environ 15 m (profil SR) jusqu&#039;\u00e0 35 m (norme OS0-128 Rev7) \u00e0 100 klx de lumi\u00e8re solaire<\/td>\n<\/tr>\n<tr>\n<td><b>Port\u00e9e minimale<\/b><\/td>\n<td><span class=\"math-inline\" data-math=\"0.3\">0.3<\/span>\u00a0m (configurable)<\/td>\n<\/tr>\n<tr>\n<td><b>Pr\u00e9cision<\/b><\/td>\n<td>Haute pr\u00e9cision (par exemple, <span class=\"math-inline\" data-math=\"\\pm 1\">+- 1<\/span>\u00a0cm \u00e0 <span class=\"math-inline\" data-math=\"\\pm 5\">+- 5<\/span>\u00a0cm plage typique en fonction de la distance\/r\u00e9flectivit\u00e9)<\/td>\n<\/tr>\n<tr>\n<td><b>Temp\u00e9rature de fonctionnement<\/b><\/td>\n<td><span class=\"math-inline\" data-math=\"-40^\\circ \\text{C}\">-40\u00b0C<\/span> \u00e0 <span class=\"math-inline\" data-math=\"+60^\\circ \\text{C}\">+60\u00baC<\/span><\/td>\n<\/tr>\n<tr>\n<td><b>Protection contre les intrusions<\/b><\/td>\n<td>IP68 \/ IP69K<\/td>\n<\/tr>\n<tr>\n<td><b>Interface<\/b><\/td>\n<td>UDP sur Gigabit Ethernet (option automobile 1000BASE-T ou 1000BASE-T1)<\/td>\n<\/tr>\n<tr>\n<td><b>Retours<\/b><\/td>\n<td>Jusqu&#039;\u00e0 2 (mode double retour)<\/td>\n<\/tr>\n<tr>\n<td><b>Taux de rotation<\/b><\/td>\n<td>10 ou 20 Hz (configurable)<\/td>\n<\/tr>\n<tr>\n<td><b>Poids<\/b><\/td>\n<td>Environ 430 g (sans bouchon)<\/td>\n<\/tr>\n<\/tbody>\n<\/table>\n<\/div>\n<\/div>\n<\/div>","protected":false},"excerpt":{"rendered":"<p>Le <b>Ouster OS0-128 Rev7 SR<\/b> est une prime <b>capteur LiDAR num\u00e9rique haute r\u00e9solution \u00e0 vue ultra-large<\/b> con\u00e7u pour une perception \u00e0 courte port\u00e9e exigeante dans des applications telles que la robotique, les v\u00e9hicules autonomes, l&#039;automatisation industrielle et la cartographie haute d\u00e9finition.<\/p>\n<p><span class=\"citation-575\">Ce capteur fait partie de la s\u00e9rie OS0 d&#039;Ouster, connue pour son petit format et son large champ de vision, mais le mod\u00e8le Rev7 SR (Short Range) est renforc\u00e9 par la nouvelle g\u00e9n\u00e9ration <\/span><b><span class=\"citation-575\">Puce L3<\/span><\/b><span class=\"citation-575 citation-end-575\"> pour offrir des am\u00e9liorations significatives en termes de port\u00e9e, de r\u00e9solution et de qualit\u00e9 des donn\u00e9es pour les environnements rapproch\u00e9s.<\/span><\/p>","protected":false},"featured_media":21979,"comment_status":"open","ping_status":"closed","template":"","meta":[],"product_brand":[1140],"product_cat":[1139,1037,1040],"product_tag":[1142,1141,1143],"class_list":{"0":"post-22014","1":"product","2":"type-product","3":"status-publish","4":"has-post-thumbnail","6":"product_brand-ouster","7":"product_cat-ouster-lidars","8":"product_cat-robotics","9":"product_cat-sensors-robotics","10":"product_tag-ouster-dome-lidar","11":"product_tag-ouster-lidars","12":"product_tag-ouster-rev7-sr-series","14":"first","15":"onbackorder","16":"taxable","17":"shipping-taxable","18":"purchasable","19":"product-type-simple"},"yoast_head":"<!-- This site is optimized with the Yoast SEO plugin v27.4 - https:\/\/yoast.com\/product\/yoast-seo-wordpress\/ -->\n<title>Ouster OS0-128 Rev7 SR - Ghostysky<\/title>\n<meta name=\"description\" content=\"The Ouster OS0-128 Rev7 SR is a premium ultra-wide view, high-resolution digital LiDAR sensor engineered for demanding short-range perception in applications like robotics, autonomous vehicles, industrial automation, and high-definition mapping.This sensor is part of Ouster&#039;s OS0 series, known for its small form factor and wide field of view, but the Rev7 SR (Short Range) model is boosted by the next-generation L3 chip to deliver significant improvements in range, resolution, and data quality for close-quarters environments.\" \/>\n<meta name=\"robots\" content=\"index, follow, max-snippet:-1, max-image-preview:large, max-video-preview:-1\" \/>\n<link rel=\"canonical\" href=\"https:\/\/www.ghostysky.com\/fr\/product\/ouster-os0-128-rev7-sr\/\" \/>\n<meta property=\"og:locale\" content=\"fr_FR\" \/>\n<meta property=\"og:type\" content=\"article\" \/>\n<meta property=\"og:title\" content=\"Ouster OS0-128 Rev7 SR - Ghostysky\" \/>\n<meta property=\"og:description\" content=\"The Ouster OS0-128 Rev7 SR is a premium ultra-wide view, high-resolution digital LiDAR sensor engineered for demanding short-range perception in applications like robotics, autonomous vehicles, industrial automation, and high-definition mapping.This sensor is part of Ouster&#039;s OS0 series, known for its small form factor and wide field of view, but the Rev7 SR (Short Range) model is boosted by the next-generation L3 chip to deliver significant improvements in range, resolution, and data quality for close-quarters environments.\" \/>\n<meta property=\"og:url\" content=\"https:\/\/www.ghostysky.com\/fr\/product\/ouster-os0-128-rev7-sr\/\" \/>\n<meta property=\"og:site_name\" content=\"Ghostysky\" \/>\n<meta property=\"article:publisher\" content=\"https:\/\/www.facebook.com\/people\/Ghostysky\/100057676170234\/\" \/>\n<meta property=\"article:modified_time\" content=\"2026-02-24T14:00:27+00:00\" \/>\n<meta property=\"og:image\" content=\"https:\/\/www.ghostysky.com\/wp-content\/uploads\/2025\/10\/GH_Ouster-Ouster-OS0-32-Rev7_1.png\" \/>\n\t<meta property=\"og:image:width\" content=\"800\" \/>\n\t<meta property=\"og:image:height\" content=\"800\" \/>\n\t<meta property=\"og:image:type\" content=\"image\/png\" \/>\n<meta name=\"twitter:card\" content=\"summary_large_image\" \/>\n<meta name=\"twitter:site\" content=\"@Gh0stysky\" \/>\n<meta name=\"twitter:label1\" content=\"Dur\u00e9e de lecture estim\u00e9e\" \/>\n\t<meta name=\"twitter:data1\" content=\"2 minutes\" \/>\n<script type=\"application\/ld+json\" class=\"yoast-schema-graph\">{\"@context\":\"https:\\\/\\\/schema.org\",\"@graph\":[{\"@type\":\"WebPage\",\"@id\":\"https:\\\/\\\/www.ghostysky.com\\\/product\\\/ouster-os0-128-rev7-sr\\\/\",\"url\":\"https:\\\/\\\/www.ghostysky.com\\\/product\\\/ouster-os0-128-rev7-sr\\\/\",\"name\":\"Ouster OS0-128 Rev7 SR - Ghostysky\",\"isPartOf\":{\"@id\":\"https:\\\/\\\/www.ghostysky.com\\\/#website\"},\"primaryImageOfPage\":{\"@id\":\"https:\\\/\\\/www.ghostysky.com\\\/product\\\/ouster-os0-128-rev7-sr\\\/#primaryimage\"},\"image\":{\"@id\":\"https:\\\/\\\/www.ghostysky.com\\\/product\\\/ouster-os0-128-rev7-sr\\\/#primaryimage\"},\"thumbnailUrl\":\"https:\\\/\\\/www.ghostysky.com\\\/wp-content\\\/uploads\\\/2025\\\/10\\\/GH_Ouster-Ouster-OS0-32-Rev7_1.png\",\"datePublished\":\"2025-10-19T12:04:30+00:00\",\"dateModified\":\"2026-02-24T14:00:27+00:00\",\"description\":\"The Ouster OS0-128 Rev7 SR is a premium ultra-wide view, high-resolution digital LiDAR sensor engineered for demanding short-range perception in applications like robotics, autonomous vehicles, industrial automation, and high-definition mapping.This sensor is part of Ouster's OS0 series, known for its small form factor and wide field of view, but the Rev7 SR (Short Range) model is boosted by the next-generation L3 chip to deliver significant improvements in range, resolution, and data quality for close-quarters environments.\",\"breadcrumb\":{\"@id\":\"https:\\\/\\\/www.ghostysky.com\\\/product\\\/ouster-os0-128-rev7-sr\\\/#breadcrumb\"},\"inLanguage\":\"fr-FR\",\"potentialAction\":[{\"@type\":\"ReadAction\",\"target\":[\"https:\\\/\\\/www.ghostysky.com\\\/product\\\/ouster-os0-128-rev7-sr\\\/\"]}]},{\"@type\":\"ImageObject\",\"inLanguage\":\"fr-FR\",\"@id\":\"https:\\\/\\\/www.ghostysky.com\\\/product\\\/ouster-os0-128-rev7-sr\\\/#primaryimage\",\"url\":\"https:\\\/\\\/www.ghostysky.com\\\/wp-content\\\/uploads\\\/2025\\\/10\\\/GH_Ouster-Ouster-OS0-32-Rev7_1.png\",\"contentUrl\":\"https:\\\/\\\/www.ghostysky.com\\\/wp-content\\\/uploads\\\/2025\\\/10\\\/GH_Ouster-Ouster-OS0-32-Rev7_1.png\",\"width\":800,\"height\":800},{\"@type\":\"BreadcrumbList\",\"@id\":\"https:\\\/\\\/www.ghostysky.com\\\/product\\\/ouster-os0-128-rev7-sr\\\/#breadcrumb\",\"itemListElement\":[{\"@type\":\"ListItem\",\"position\":1,\"name\":\"Home\",\"item\":\"https:\\\/\\\/www.ghostysky.com\\\/\"},{\"@type\":\"ListItem\",\"position\":2,\"name\":\"Shop\",\"item\":\"https:\\\/\\\/www.ghostysky.com\\\/shop\\\/\"},{\"@type\":\"ListItem\",\"position\":3,\"name\":\"Ouster OS0-128 Rev7 SR\"}]},{\"@type\":\"WebSite\",\"@id\":\"https:\\\/\\\/www.ghostysky.com\\\/#website\",\"url\":\"https:\\\/\\\/www.ghostysky.com\\\/\",\"name\":\"Ghostysky\",\"description\":\"Delivering professional drones and robotics solutions\",\"publisher\":{\"@id\":\"https:\\\/\\\/www.ghostysky.com\\\/#organization\"},\"potentialAction\":[{\"@type\":\"SearchAction\",\"target\":{\"@type\":\"EntryPoint\",\"urlTemplate\":\"https:\\\/\\\/www.ghostysky.com\\\/?s={search_term_string}\"},\"query-input\":{\"@type\":\"PropertyValueSpecification\",\"valueRequired\":true,\"valueName\":\"search_term_string\"}}],\"inLanguage\":\"fr-FR\"},{\"@type\":\"Organization\",\"@id\":\"https:\\\/\\\/www.ghostysky.com\\\/#organization\",\"name\":\"Ghostysky\",\"url\":\"https:\\\/\\\/www.ghostysky.com\\\/\",\"logo\":{\"@type\":\"ImageObject\",\"inLanguage\":\"fr-FR\",\"@id\":\"https:\\\/\\\/www.ghostysky.com\\\/#\\\/schema\\\/logo\\\/image\\\/\",\"url\":\"https:\\\/\\\/www.ghostysky.com\\\/wp-content\\\/uploads\\\/2020\\\/06\\\/cropped-ghostyskylogo_text_white2.png\",\"contentUrl\":\"https:\\\/\\\/www.ghostysky.com\\\/wp-content\\\/uploads\\\/2020\\\/06\\\/cropped-ghostyskylogo_text_white2.png\",\"width\":169,\"height\":56,\"caption\":\"Ghostysky\"},\"image\":{\"@id\":\"https:\\\/\\\/www.ghostysky.com\\\/#\\\/schema\\\/logo\\\/image\\\/\"},\"sameAs\":[\"https:\\\/\\\/www.facebook.com\\\/people\\\/Ghostysky\\\/100057676170234\\\/\",\"https:\\\/\\\/x.com\\\/Gh0stysky\",\"https:\\\/\\\/www.linkedin.com\\\/company\\\/34739653\",\"https:\\\/\\\/www.instagram.com\\\/gh0stysky\"]}]}<\/script>\n<!-- \/ Yoast SEO plugin. -->","yoast_head_json":{"title":"Ouster OS0-128 Rev7 SR - Ghostysky","description":"L&#039;Ouster OS0-128 Rev7 SR est un capteur LiDAR num\u00e9rique haute r\u00e9solution \u00e0 vision ultra large haut de gamme con\u00e7u pour la perception exigeante \u00e0 courte port\u00e9e dans des applications telles que la robotique, les v\u00e9hicules autonomes, l&#039;automatisation industrielle et la cartographie haute d\u00e9finition. Ce capteur fait partie de la s\u00e9rie OS0 d&#039;Ouster, connue pour son petit facteur de forme et son large champ de vision, mais le mod\u00e8le Rev7 SR (Short Range) est renforc\u00e9 par la puce L3 de nouvelle g\u00e9n\u00e9ration pour offrir des am\u00e9liorations significatives de la port\u00e9e, de la r\u00e9solution et de la qualit\u00e9 des donn\u00e9es pour les environnements rapproch\u00e9s.","robots":{"index":"index","follow":"follow","max-snippet":"max-snippet:-1","max-image-preview":"max-image-preview:large","max-video-preview":"max-video-preview:-1"},"canonical":"https:\/\/www.ghostysky.com\/fr\/product\/ouster-os0-128-rev7-sr\/","og_locale":"fr_FR","og_type":"article","og_title":"Ouster OS0-128 Rev7 SR - Ghostysky","og_description":"The Ouster OS0-128 Rev7 SR is a premium ultra-wide view, high-resolution digital LiDAR sensor engineered for demanding short-range perception in applications like robotics, autonomous vehicles, industrial automation, and high-definition mapping.This sensor is part of Ouster's OS0 series, known for its small form factor and wide field of view, but the Rev7 SR (Short Range) model is boosted by the next-generation L3 chip to deliver significant improvements in range, resolution, and data quality for close-quarters environments.","og_url":"https:\/\/www.ghostysky.com\/fr\/product\/ouster-os0-128-rev7-sr\/","og_site_name":"Ghostysky","article_publisher":"https:\/\/www.facebook.com\/people\/Ghostysky\/100057676170234\/","article_modified_time":"2026-02-24T14:00:27+00:00","og_image":[{"width":800,"height":800,"url":"https:\/\/www.ghostysky.com\/wp-content\/uploads\/2025\/10\/GH_Ouster-Ouster-OS0-32-Rev7_1.png","type":"image\/png"}],"twitter_card":"summary_large_image","twitter_site":"@Gh0stysky","twitter_misc":{"Dur\u00e9e de lecture estim\u00e9e":"2 minutes"},"schema":{"@context":"https:\/\/schema.org","@graph":[{"@type":"WebPage","@id":"https:\/\/www.ghostysky.com\/product\/ouster-os0-128-rev7-sr\/","url":"https:\/\/www.ghostysky.com\/product\/ouster-os0-128-rev7-sr\/","name":"Ouster OS0-128 Rev7 SR - Ghostysky","isPartOf":{"@id":"https:\/\/www.ghostysky.com\/#website"},"primaryImageOfPage":{"@id":"https:\/\/www.ghostysky.com\/product\/ouster-os0-128-rev7-sr\/#primaryimage"},"image":{"@id":"https:\/\/www.ghostysky.com\/product\/ouster-os0-128-rev7-sr\/#primaryimage"},"thumbnailUrl":"https:\/\/www.ghostysky.com\/wp-content\/uploads\/2025\/10\/GH_Ouster-Ouster-OS0-32-Rev7_1.png","datePublished":"2025-10-19T12:04:30+00:00","dateModified":"2026-02-24T14:00:27+00:00","description":"L&#039;Ouster OS0-128 Rev7 SR est un capteur LiDAR num\u00e9rique haute r\u00e9solution \u00e0 vision ultra large haut de gamme con\u00e7u pour la perception exigeante \u00e0 courte port\u00e9e dans des applications telles que la robotique, les v\u00e9hicules autonomes, l&#039;automatisation industrielle et la cartographie haute d\u00e9finition. Ce capteur fait partie de la s\u00e9rie OS0 d&#039;Ouster, connue pour son petit facteur de forme et son large champ de vision, mais le mod\u00e8le Rev7 SR (Short Range) est renforc\u00e9 par la puce L3 de nouvelle g\u00e9n\u00e9ration pour offrir des am\u00e9liorations significatives de la port\u00e9e, de la r\u00e9solution et de la qualit\u00e9 des donn\u00e9es pour les environnements rapproch\u00e9s.","breadcrumb":{"@id":"https:\/\/www.ghostysky.com\/product\/ouster-os0-128-rev7-sr\/#breadcrumb"},"inLanguage":"fr-FR","potentialAction":[{"@type":"ReadAction","target":["https:\/\/www.ghostysky.com\/product\/ouster-os0-128-rev7-sr\/"]}]},{"@type":"ImageObject","inLanguage":"fr-FR","@id":"https:\/\/www.ghostysky.com\/product\/ouster-os0-128-rev7-sr\/#primaryimage","url":"https:\/\/www.ghostysky.com\/wp-content\/uploads\/2025\/10\/GH_Ouster-Ouster-OS0-32-Rev7_1.png","contentUrl":"https:\/\/www.ghostysky.com\/wp-content\/uploads\/2025\/10\/GH_Ouster-Ouster-OS0-32-Rev7_1.png","width":800,"height":800},{"@type":"BreadcrumbList","@id":"https:\/\/www.ghostysky.com\/product\/ouster-os0-128-rev7-sr\/#breadcrumb","itemListElement":[{"@type":"ListItem","position":1,"name":"Home","item":"https:\/\/www.ghostysky.com\/"},{"@type":"ListItem","position":2,"name":"Shop","item":"https:\/\/www.ghostysky.com\/shop\/"},{"@type":"ListItem","position":3,"name":"Ouster OS0-128 Rev7 SR"}]},{"@type":"WebSite","@id":"https:\/\/www.ghostysky.com\/#website","url":"https:\/\/www.ghostysky.com\/","name":"Ghostysky","description":"Fourniture de solutions professionnelles en mati\u00e8re de drones et de robotique","publisher":{"@id":"https:\/\/www.ghostysky.com\/#organization"},"potentialAction":[{"@type":"SearchAction","target":{"@type":"EntryPoint","urlTemplate":"https:\/\/www.ghostysky.com\/?s={search_term_string}"},"query-input":{"@type":"PropertyValueSpecification","valueRequired":true,"valueName":"search_term_string"}}],"inLanguage":"fr-FR"},{"@type":"Organization","@id":"https:\/\/www.ghostysky.com\/#organization","name":"Ghostysky","url":"https:\/\/www.ghostysky.com\/","logo":{"@type":"ImageObject","inLanguage":"fr-FR","@id":"https:\/\/www.ghostysky.com\/#\/schema\/logo\/image\/","url":"https:\/\/www.ghostysky.com\/wp-content\/uploads\/2020\/06\/cropped-ghostyskylogo_text_white2.png","contentUrl":"https:\/\/www.ghostysky.com\/wp-content\/uploads\/2020\/06\/cropped-ghostyskylogo_text_white2.png","width":169,"height":56,"caption":"Ghostysky"},"image":{"@id":"https:\/\/www.ghostysky.com\/#\/schema\/logo\/image\/"},"sameAs":["https:\/\/www.facebook.com\/people\/Ghostysky\/100057676170234\/","https:\/\/x.com\/Gh0stysky","https:\/\/www.linkedin.com\/company\/34739653","https:\/\/www.instagram.com\/gh0stysky"]}]}},"_links":{"self":[{"href":"https:\/\/www.ghostysky.com\/fr\/wp-json\/wp\/v2\/product\/22014","targetHints":{"allow":["GET"]}}],"collection":[{"href":"https:\/\/www.ghostysky.com\/fr\/wp-json\/wp\/v2\/product"}],"about":[{"href":"https:\/\/www.ghostysky.com\/fr\/wp-json\/wp\/v2\/types\/product"}],"replies":[{"embeddable":true,"href":"https:\/\/www.ghostysky.com\/fr\/wp-json\/wp\/v2\/comments?post=22014"}],"version-history":[{"count":1,"href":"https:\/\/www.ghostysky.com\/fr\/wp-json\/wp\/v2\/product\/22014\/revisions"}],"predecessor-version":[{"id":24257,"href":"https:\/\/www.ghostysky.com\/fr\/wp-json\/wp\/v2\/product\/22014\/revisions\/24257"}],"wp:featuredmedia":[{"embeddable":true,"href":"https:\/\/www.ghostysky.com\/fr\/wp-json\/wp\/v2\/media\/21979"}],"wp:attachment":[{"href":"https:\/\/www.ghostysky.com\/fr\/wp-json\/wp\/v2\/media?parent=22014"}],"wp:term":[{"taxonomy":"product_brand","embeddable":true,"href":"https:\/\/www.ghostysky.com\/fr\/wp-json\/wp\/v2\/product_brand?post=22014"},{"taxonomy":"product_cat","embeddable":true,"href":"https:\/\/www.ghostysky.com\/fr\/wp-json\/wp\/v2\/product_cat?post=22014"},{"taxonomy":"product_tag","embeddable":true,"href":"https:\/\/www.ghostysky.com\/fr\/wp-json\/wp\/v2\/product_tag?post=22014"}],"curies":[{"name":"wp","href":"https:\/\/api.w.org\/{rel}","templated":true}]}}