{"id":22015,"date":"2025-10-19T12:08:47","date_gmt":"2025-10-19T12:08:47","guid":{"rendered":"https:\/\/www.ghostysky.com\/?post_type=product&#038;p=22015"},"modified":"2026-02-24T13:51:29","modified_gmt":"2026-02-24T13:51:29","slug":"ouster-os1-32-rev7-sr","status":"publish","type":"product","link":"https:\/\/www.ghostysky.com\/fr\/product\/ouster-os1-32-rev7-sr\/","title":{"rendered":"Ouster OS1-32 Rev7 SR"},"content":{"rendered":"<div id=\"model-response-message-contentr_8cade3a3a392d67c\" class=\"markdown markdown-main-panel stronger enable-updated-hr-color\" dir=\"ltr\">\n<div id=\"model-response-message-contentr_13f1f7e95ab2a8ec\" class=\"markdown markdown-main-panel stronger enable-updated-hr-color\" dir=\"ltr\">\n<h3>Caract\u00e9ristiques principales<\/h3>\n<ul>\n<li><b>Architecture LiDAR num\u00e9rique :<\/b> Utilise la technologie propri\u00e9taire d&#039;Ouster <b>Puce L3<\/b> avec technologie d&#039;\u00e9clairage arri\u00e8re, b\u00e9n\u00e9ficiant d&#039;am\u00e9liorations significatives par rapport aux g\u00e9n\u00e9rations pr\u00e9c\u00e9dentes, notamment une sensibilit\u00e9 aux photons plus \u00e9lev\u00e9e et un traitement du signal num\u00e9rique am\u00e9lior\u00e9.<\/li>\n<li><b>R\u00e9solution verticale:<\/b> Le <b>OS1-32<\/b> caract\u00e9ristiques sp\u00e9cifiques <b>32 cha\u00eenes<\/b> de r\u00e9solution verticale. Les autres mod\u00e8les OS1 offrent 64 ou 128 canaux.<\/li>\n<li><b>Performances de milieu de gamme :<\/b> Le capteur est con\u00e7u pour les applications de milieu de gamme, offrant un m\u00e9lange impressionnant de distance et de d\u00e9tails.\n<ul>\n<li><b>Plage maximale repr\u00e9sentable\u00a0:<\/b> Jusqu&#039;\u00e0 <b>207 m<\/b>.<\/li>\n<li><b>Port\u00e9e (\u00e0 une r\u00e9flectivit\u00e9 lambertienne de 10%) :<\/b> Environ <b>45 m<\/b> (en mode 1024 \u00e0 10 Hz, avec une probabilit\u00e9 de d\u00e9tection &gt;90% en plein soleil \u00e0 100 klx).<\/li>\n<li><b>Port\u00e9e minimale :<\/b> <span class=\"math-inline\" data-math=\"0.3\\text{ m}\">0,3 m<\/span> (configurable, <span class=\"math-inline\" data-math=\"0.5\\text{ m}\">0,5 m<\/span>\u00a0d\u00e9faut).<\/li>\n<\/ul>\n<\/li>\n<li><b>Haute pr\u00e9cision angulaire :<\/b> Caract\u00e9ristiques de haute pr\u00e9cision avec une pr\u00e9cision d&#039;\u00e9chantillonnage angulaire de \u00b1<span class=\"math-inline\" data-math=\"\\pm0.01^\\circ\">0,01\u00ba<\/span>\u00a0(Vertical et Horizontal).<\/li>\n<li><b>Champ de vision (FOV) :<\/b>\n<ul>\n<li><b>Horizontal:<\/b> <span class=\"math-inline\" data-math=\"360^\\circ\">360\u00ba<\/span>\u00a0(Vue panoramique compl\u00e8te).<\/li>\n<li><b>Verticale:<\/b> <span class=\"math-inline\" data-math=\"42.4^\\circ\">42,4\u00ba<\/span> (+-<span class=\"math-inline\" data-math=\"\\pm 1.0^\\circ\"> 1,0\u00ba<\/span>).<\/li>\n<\/ul>\n<\/li>\n<li><b>Haute configurabilit\u00e9 :<\/b>\n<ul>\n<li><b>R\u00e9solution horizontale:<\/b> Configurable \u00e0 512, 1024 ou 2048 points par scan.<\/li>\n<li><b>Taux de rotation :<\/b> Configurable \u00e0 10 Hz ou 20 Hz.<\/li>\n<li><b>Mode de retour double :<\/b> Fournit deux retours par impulsion laser (le plus fort et le deuxi\u00e8me plus fort), am\u00e9liorant la d\u00e9tection des objets, en particulier dans les environnements avec des obstacles petits ou semi-transparents.<\/li>\n<\/ul>\n<\/li>\n<li><b>Donn\u00e9es d&#039;imagerie :<\/b> Capture des donn\u00e9es riches par point, y compris <b>Port\u00e9e, signal, r\u00e9flectivit\u00e9 et proche infrarouge (NIR)<\/b>, lui donnant une capacit\u00e9 d&#039;imagerie de qualit\u00e9 cam\u00e9ra ainsi que des donn\u00e9es de nuage de points 3D.<\/li>\n<\/ul>\n<h4>Robustesse et int\u00e9gration<\/h4>\n<p>L&#039;OS1-32 Rev7 SR est con\u00e7u pour une fiabilit\u00e9 r\u00e9elle et une int\u00e9gration facile\u00a0:<\/p>\n<ul>\n<li><b>Protection de l&#039;environnement:<\/b> Con\u00e7u pour une utilisation int\u00e9rieure\/ext\u00e9rieure par tous les temps avec un <b>IP68 et IP69K<\/b> indice de protection contre les infiltrations, ce qui le rend tr\u00e8s r\u00e9sistant \u00e0 la poussi\u00e8re et \u00e0 l&#039;eau, \u00e0 l&#039;immersion et aux projections \u00e0 haute pression.<\/li>\n<li><b>Durabilit\u00e9 op\u00e9rationnelle :<\/b> Pr\u00e9sente une r\u00e9sistance \u00e9lev\u00e9e aux chocs et aux vibrations, avec une plage de temp\u00e9rature de fonctionnement de <b><span class=\"math-inline\" data-math=\"-40^\\circ\\text{C}\">-40\u00b0C<\/span> \u00e0 <span class=\"math-inline\" data-math=\"+60^\\circ\\text{C}\">+60\u00baC<\/span><\/b>.<\/li>\n<li><b>Facteur de forme compact :<\/b> Il s\u2019agit de l\u2019un des plus petits capteurs LiDAR hautes performances du march\u00e9, facilitant l\u2019int\u00e9gration directe dans des plates-formes \u00e0 taille et poids limit\u00e9s comme les robots, les drones et les infrastructures fixes.<\/li>\n<li><b>\u00c9cosyst\u00e8me logiciel :<\/b> Soutient le d\u00e9veloppement avec le <b>Kit de d\u00e9veloppement logiciel (SDK) Ouster<\/b>, ROS open source et pilotes C++, garantissant une int\u00e9gration transparente dans les projets existants et nouveaux.<\/li>\n<\/ul>\n<p>Le <b>Ouster OS1-32 Rev7 SR<\/b> offre une combinaison de pointe en termes de taille, de poids, de puissance et de performances haute r\u00e9solution, ce qui en fait une solution robuste et \u00e9volutive pour une large gamme d&#039;applications autonomes et de d\u00e9tection.<\/p>\n<\/div>\n<\/div>","protected":false},"excerpt":{"rendered":"<p>Le <b>Ouster OS1-32 Rev7 SR<\/b> est un capteur LiDAR d&#039;imagerie num\u00e9rique hautes performances de milieu de gamme, appartenant \u00e0 la famille OS1 Rev 7 d&#039;Ouster. Con\u00e7u pour les applications exigeant un \u00e9quilibre entre r\u00e9solution et port\u00e9e, il constitue un choix polyvalent. <b>robotique, automatisation industrielle, s\u00e9curit\u00e9, infrastructures intelligentes et v\u00e9hicules autonomes<\/b>.<\/p>","protected":false},"featured_media":21979,"comment_status":"open","ping_status":"closed","template":"","meta":[],"product_brand":[1140],"product_cat":[1139,1037,1040],"product_tag":[1142,1141,1143],"class_list":{"0":"post-22015","1":"product","2":"type-product","3":"status-publish","4":"has-post-thumbnail","6":"product_brand-ouster","7":"product_cat-ouster-lidars","8":"product_cat-robotics","9":"product_cat-sensors-robotics","10":"product_tag-ouster-dome-lidar","11":"product_tag-ouster-lidars","12":"product_tag-ouster-rev7-sr-series","14":"first","15":"onbackorder","16":"taxable","17":"shipping-taxable","18":"purchasable","19":"product-type-simple"},"yoast_head":"<!-- This site is optimized with the Yoast SEO plugin v27.1.1 - https:\/\/yoast.com\/product\/yoast-seo-wordpress\/ -->\n<title>Ouster OS1-32 Rev7 SR - Ghostysky<\/title>\n<meta name=\"description\" content=\"The Ouster OS1-32 Rev7 SR is a high-performance, mid-range, digital imaging LiDAR sensor, part of Ouster&#039;s Rev 7 OS1 family. It&#039;s engineered for applications requiring a balance of resolution and range, making it a versatile choice for robotics, industrial automation, security, smart infrastructure, and autonomous vehicles.\" \/>\n<meta name=\"robots\" content=\"index, follow, max-snippet:-1, max-image-preview:large, max-video-preview:-1\" \/>\n<link rel=\"canonical\" href=\"https:\/\/www.ghostysky.com\/fr\/product\/ouster-os1-32-rev7-sr\/\" \/>\n<meta property=\"og:locale\" content=\"fr_FR\" \/>\n<meta property=\"og:type\" content=\"article\" \/>\n<meta property=\"og:title\" content=\"Ouster OS1-32 Rev7 SR - Ghostysky\" \/>\n<meta property=\"og:description\" content=\"The Ouster OS1-32 Rev7 SR is a high-performance, mid-range, digital imaging LiDAR sensor, part of Ouster&#039;s Rev 7 OS1 family. It&#039;s engineered for applications requiring a balance of resolution and range, making it a versatile choice for robotics, industrial automation, security, smart infrastructure, and autonomous vehicles.\" \/>\n<meta property=\"og:url\" content=\"https:\/\/www.ghostysky.com\/fr\/product\/ouster-os1-32-rev7-sr\/\" \/>\n<meta property=\"og:site_name\" content=\"Ghostysky\" \/>\n<meta property=\"article:publisher\" content=\"https:\/\/www.facebook.com\/people\/Ghostysky\/100057676170234\/\" \/>\n<meta property=\"article:modified_time\" content=\"2026-02-24T13:51:29+00:00\" \/>\n<meta property=\"og:image\" content=\"https:\/\/www.ghostysky.com\/wp-content\/uploads\/2025\/10\/GH_Ouster-Ouster-OS0-32-Rev7_1.png\" \/>\n\t<meta property=\"og:image:width\" content=\"800\" \/>\n\t<meta property=\"og:image:height\" content=\"800\" \/>\n\t<meta property=\"og:image:type\" content=\"image\/png\" \/>\n<meta name=\"twitter:card\" content=\"summary_large_image\" \/>\n<meta name=\"twitter:site\" content=\"@Gh0stysky\" \/>\n<meta name=\"twitter:label1\" content=\"Dur\u00e9e de lecture estim\u00e9e\" \/>\n\t<meta name=\"twitter:data1\" content=\"2 minutes\" \/>\n<script type=\"application\/ld+json\" class=\"yoast-schema-graph\">{\"@context\":\"https:\/\/schema.org\",\"@graph\":[{\"@type\":\"WebPage\",\"@id\":\"https:\/\/www.ghostysky.com\/product\/ouster-os1-32-rev7-sr\/\",\"url\":\"https:\/\/www.ghostysky.com\/product\/ouster-os1-32-rev7-sr\/\",\"name\":\"Ouster OS1-32 Rev7 SR - Ghostysky\",\"isPartOf\":{\"@id\":\"https:\/\/www.ghostysky.com\/#website\"},\"primaryImageOfPage\":{\"@id\":\"https:\/\/www.ghostysky.com\/product\/ouster-os1-32-rev7-sr\/#primaryimage\"},\"image\":{\"@id\":\"https:\/\/www.ghostysky.com\/product\/ouster-os1-32-rev7-sr\/#primaryimage\"},\"thumbnailUrl\":\"https:\/\/www.ghostysky.com\/wp-content\/uploads\/2025\/10\/GH_Ouster-Ouster-OS0-32-Rev7_1.png\",\"datePublished\":\"2025-10-19T12:08:47+00:00\",\"dateModified\":\"2026-02-24T13:51:29+00:00\",\"description\":\"The Ouster OS1-32 Rev7 SR is a high-performance, mid-range, digital imaging LiDAR sensor, part of Ouster's Rev 7 OS1 family. It's engineered for applications requiring a balance of resolution and range, making it a versatile choice for robotics, industrial automation, security, smart infrastructure, and autonomous vehicles.\",\"breadcrumb\":{\"@id\":\"https:\/\/www.ghostysky.com\/product\/ouster-os1-32-rev7-sr\/#breadcrumb\"},\"inLanguage\":\"fr-FR\",\"potentialAction\":[{\"@type\":\"ReadAction\",\"target\":[\"https:\/\/www.ghostysky.com\/product\/ouster-os1-32-rev7-sr\/\"]}]},{\"@type\":\"ImageObject\",\"inLanguage\":\"fr-FR\",\"@id\":\"https:\/\/www.ghostysky.com\/product\/ouster-os1-32-rev7-sr\/#primaryimage\",\"url\":\"https:\/\/www.ghostysky.com\/wp-content\/uploads\/2025\/10\/GH_Ouster-Ouster-OS0-32-Rev7_1.png\",\"contentUrl\":\"https:\/\/www.ghostysky.com\/wp-content\/uploads\/2025\/10\/GH_Ouster-Ouster-OS0-32-Rev7_1.png\",\"width\":800,\"height\":800},{\"@type\":\"BreadcrumbList\",\"@id\":\"https:\/\/www.ghostysky.com\/product\/ouster-os1-32-rev7-sr\/#breadcrumb\",\"itemListElement\":[{\"@type\":\"ListItem\",\"position\":1,\"name\":\"Home\",\"item\":\"https:\/\/www.ghostysky.com\/\"},{\"@type\":\"ListItem\",\"position\":2,\"name\":\"Shop\",\"item\":\"https:\/\/www.ghostysky.com\/shop\/\"},{\"@type\":\"ListItem\",\"position\":3,\"name\":\"Ouster OS1-32 Rev7 SR\"}]},{\"@type\":\"WebSite\",\"@id\":\"https:\/\/www.ghostysky.com\/#website\",\"url\":\"https:\/\/www.ghostysky.com\/\",\"name\":\"Ghostysky\",\"description\":\"Delivering professional drones and services\",\"publisher\":{\"@id\":\"https:\/\/www.ghostysky.com\/#organization\"},\"potentialAction\":[{\"@type\":\"SearchAction\",\"target\":{\"@type\":\"EntryPoint\",\"urlTemplate\":\"https:\/\/www.ghostysky.com\/?s={search_term_string}\"},\"query-input\":{\"@type\":\"PropertyValueSpecification\",\"valueRequired\":true,\"valueName\":\"search_term_string\"}}],\"inLanguage\":\"fr-FR\"},{\"@type\":\"Organization\",\"@id\":\"https:\/\/www.ghostysky.com\/#organization\",\"name\":\"Ghostysky\",\"url\":\"https:\/\/www.ghostysky.com\/\",\"logo\":{\"@type\":\"ImageObject\",\"inLanguage\":\"fr-FR\",\"@id\":\"https:\/\/www.ghostysky.com\/#\/schema\/logo\/image\/\",\"url\":\"https:\/\/www.ghostysky.com\/wp-content\/uploads\/2020\/06\/cropped-ghostyskylogo_text_white2.png\",\"contentUrl\":\"https:\/\/www.ghostysky.com\/wp-content\/uploads\/2020\/06\/cropped-ghostyskylogo_text_white2.png\",\"width\":169,\"height\":56,\"caption\":\"Ghostysky\"},\"image\":{\"@id\":\"https:\/\/www.ghostysky.com\/#\/schema\/logo\/image\/\"},\"sameAs\":[\"https:\/\/www.facebook.com\/people\/Ghostysky\/100057676170234\/\",\"https:\/\/x.com\/Gh0stysky\",\"https:\/\/www.linkedin.com\/company\/34739653\",\"https:\/\/www.instagram.com\/gh0stysky\"]}]}<\/script>\n<!-- \/ Yoast SEO plugin. -->","yoast_head_json":{"title":"Ouster OS1-32 Rev7 SR - Ghostysky","description":"L&#039;Ouster OS1-32 Rev7 SR est un capteur LiDAR d&#039;imagerie num\u00e9rique hautes performances de milieu de gamme, issu de la famille OS1 Rev 7 d&#039;Ouster. Con\u00e7u pour les applications exigeant un \u00e9quilibre entre r\u00e9solution et port\u00e9e, il constitue un choix polyvalent pour la robotique, l&#039;automatisation industrielle, la s\u00e9curit\u00e9, les infrastructures intelligentes et les v\u00e9hicules autonomes.","robots":{"index":"index","follow":"follow","max-snippet":"max-snippet:-1","max-image-preview":"max-image-preview:large","max-video-preview":"max-video-preview:-1"},"canonical":"https:\/\/www.ghostysky.com\/fr\/product\/ouster-os1-32-rev7-sr\/","og_locale":"fr_FR","og_type":"article","og_title":"Ouster OS1-32 Rev7 SR - Ghostysky","og_description":"The Ouster OS1-32 Rev7 SR is a high-performance, mid-range, digital imaging LiDAR sensor, part of Ouster's Rev 7 OS1 family. It's engineered for applications requiring a balance of resolution and range, making it a versatile choice for robotics, industrial automation, security, smart infrastructure, and autonomous vehicles.","og_url":"https:\/\/www.ghostysky.com\/fr\/product\/ouster-os1-32-rev7-sr\/","og_site_name":"Ghostysky","article_publisher":"https:\/\/www.facebook.com\/people\/Ghostysky\/100057676170234\/","article_modified_time":"2026-02-24T13:51:29+00:00","og_image":[{"width":800,"height":800,"url":"https:\/\/www.ghostysky.com\/wp-content\/uploads\/2025\/10\/GH_Ouster-Ouster-OS0-32-Rev7_1.png","type":"image\/png"}],"twitter_card":"summary_large_image","twitter_site":"@Gh0stysky","twitter_misc":{"Dur\u00e9e de lecture estim\u00e9e":"2 minutes"},"schema":{"@context":"https:\/\/schema.org","@graph":[{"@type":"WebPage","@id":"https:\/\/www.ghostysky.com\/product\/ouster-os1-32-rev7-sr\/","url":"https:\/\/www.ghostysky.com\/product\/ouster-os1-32-rev7-sr\/","name":"Ouster OS1-32 Rev7 SR - Ghostysky","isPartOf":{"@id":"https:\/\/www.ghostysky.com\/#website"},"primaryImageOfPage":{"@id":"https:\/\/www.ghostysky.com\/product\/ouster-os1-32-rev7-sr\/#primaryimage"},"image":{"@id":"https:\/\/www.ghostysky.com\/product\/ouster-os1-32-rev7-sr\/#primaryimage"},"thumbnailUrl":"https:\/\/www.ghostysky.com\/wp-content\/uploads\/2025\/10\/GH_Ouster-Ouster-OS0-32-Rev7_1.png","datePublished":"2025-10-19T12:08:47+00:00","dateModified":"2026-02-24T13:51:29+00:00","description":"L&#039;Ouster OS1-32 Rev7 SR est un capteur LiDAR d&#039;imagerie num\u00e9rique hautes performances de milieu de gamme, issu de la famille OS1 Rev 7 d&#039;Ouster. Con\u00e7u pour les applications exigeant un \u00e9quilibre entre r\u00e9solution et port\u00e9e, il constitue un choix polyvalent pour la robotique, l&#039;automatisation industrielle, la s\u00e9curit\u00e9, les infrastructures intelligentes et les v\u00e9hicules autonomes.","breadcrumb":{"@id":"https:\/\/www.ghostysky.com\/product\/ouster-os1-32-rev7-sr\/#breadcrumb"},"inLanguage":"fr-FR","potentialAction":[{"@type":"ReadAction","target":["https:\/\/www.ghostysky.com\/product\/ouster-os1-32-rev7-sr\/"]}]},{"@type":"ImageObject","inLanguage":"fr-FR","@id":"https:\/\/www.ghostysky.com\/product\/ouster-os1-32-rev7-sr\/#primaryimage","url":"https:\/\/www.ghostysky.com\/wp-content\/uploads\/2025\/10\/GH_Ouster-Ouster-OS0-32-Rev7_1.png","contentUrl":"https:\/\/www.ghostysky.com\/wp-content\/uploads\/2025\/10\/GH_Ouster-Ouster-OS0-32-Rev7_1.png","width":800,"height":800},{"@type":"BreadcrumbList","@id":"https:\/\/www.ghostysky.com\/product\/ouster-os1-32-rev7-sr\/#breadcrumb","itemListElement":[{"@type":"ListItem","position":1,"name":"Home","item":"https:\/\/www.ghostysky.com\/"},{"@type":"ListItem","position":2,"name":"Shop","item":"https:\/\/www.ghostysky.com\/shop\/"},{"@type":"ListItem","position":3,"name":"Ouster OS1-32 Rev7 SR"}]},{"@type":"WebSite","@id":"https:\/\/www.ghostysky.com\/#website","url":"https:\/\/www.ghostysky.com\/","name":"Ghostysky","description":"Livraison de drones et de services professionnels","publisher":{"@id":"https:\/\/www.ghostysky.com\/#organization"},"potentialAction":[{"@type":"SearchAction","target":{"@type":"EntryPoint","urlTemplate":"https:\/\/www.ghostysky.com\/?s={search_term_string}"},"query-input":{"@type":"PropertyValueSpecification","valueRequired":true,"valueName":"search_term_string"}}],"inLanguage":"fr-FR"},{"@type":"Organization","@id":"https:\/\/www.ghostysky.com\/#organization","name":"Ghostysky","url":"https:\/\/www.ghostysky.com\/","logo":{"@type":"ImageObject","inLanguage":"fr-FR","@id":"https:\/\/www.ghostysky.com\/#\/schema\/logo\/image\/","url":"https:\/\/www.ghostysky.com\/wp-content\/uploads\/2020\/06\/cropped-ghostyskylogo_text_white2.png","contentUrl":"https:\/\/www.ghostysky.com\/wp-content\/uploads\/2020\/06\/cropped-ghostyskylogo_text_white2.png","width":169,"height":56,"caption":"Ghostysky"},"image":{"@id":"https:\/\/www.ghostysky.com\/#\/schema\/logo\/image\/"},"sameAs":["https:\/\/www.facebook.com\/people\/Ghostysky\/100057676170234\/","https:\/\/x.com\/Gh0stysky","https:\/\/www.linkedin.com\/company\/34739653","https:\/\/www.instagram.com\/gh0stysky"]}]}},"_links":{"self":[{"href":"https:\/\/www.ghostysky.com\/fr\/wp-json\/wp\/v2\/product\/22015","targetHints":{"allow":["GET"]}}],"collection":[{"href":"https:\/\/www.ghostysky.com\/fr\/wp-json\/wp\/v2\/product"}],"about":[{"href":"https:\/\/www.ghostysky.com\/fr\/wp-json\/wp\/v2\/types\/product"}],"replies":[{"embeddable":true,"href":"https:\/\/www.ghostysky.com\/fr\/wp-json\/wp\/v2\/comments?post=22015"}],"wp:featuredmedia":[{"embeddable":true,"href":"https:\/\/www.ghostysky.com\/fr\/wp-json\/wp\/v2\/media\/21979"}],"wp:attachment":[{"href":"https:\/\/www.ghostysky.com\/fr\/wp-json\/wp\/v2\/media?parent=22015"}],"wp:term":[{"taxonomy":"product_brand","embeddable":true,"href":"https:\/\/www.ghostysky.com\/fr\/wp-json\/wp\/v2\/product_brand?post=22015"},{"taxonomy":"product_cat","embeddable":true,"href":"https:\/\/www.ghostysky.com\/fr\/wp-json\/wp\/v2\/product_cat?post=22015"},{"taxonomy":"product_tag","embeddable":true,"href":"https:\/\/www.ghostysky.com\/fr\/wp-json\/wp\/v2\/product_tag?post=22015"}],"curies":[{"name":"wp","href":"https:\/\/api.w.org\/{rel}","templated":true}]}}