{"id":22026,"date":"2025-10-19T13:03:46","date_gmt":"2025-10-19T13:03:46","guid":{"rendered":"https:\/\/www.ghostysky.com\/?post_type=product&#038;p=22026"},"modified":"2026-02-24T13:57:36","modified_gmt":"2026-02-24T13:57:36","slug":"ouster-os1-64-rev7-sr","status":"publish","type":"product","link":"https:\/\/www.ghostysky.com\/fr\/product\/ouster-os1-64-rev7-sr\/","title":{"rendered":"Ouster OS1-64 Rev7 SR"},"content":{"rendered":"<div id=\"model-response-message-contentr_8cade3a3a392d67c\" class=\"markdown markdown-main-panel stronger enable-updated-hr-color\" dir=\"ltr\">\n<div id=\"model-response-message-contentr_13f1f7e95ab2a8ec\" class=\"markdown markdown-main-panel stronger enable-updated-hr-color\" dir=\"ltr\">\n<h4>Principales caract\u00e9ristiques et avantages<\/h4>\n<ul>\n<li><b>Haute r\u00e9solution moyenne :<\/b> L&#039;OS1-64 Rev7 SR offre un \u00e9quilibre sup\u00e9rieur entre r\u00e9solution et port\u00e9e. Il est dot\u00e9 <b>64 canaux verticaux<\/b> et une plage maximale repr\u00e9sentable de <b>207 m\u00e8tres<\/b>. Pour les cibles avec une r\u00e9flectivit\u00e9 10%, il offre une d\u00e9tection fiable jusqu&#039;\u00e0 <span class=\"math-inline\" data-math=\"\\mathbf{45}\">45<\/span>\u00a0<b>m\u00e8tres<\/b> m\u00eame dans <span class=\"math-inline\" data-math=\"100\">100<\/span>\u00a0klx lumi\u00e8re du soleil (en <span class=\"math-inline\" data-math=\"1024\">1024<\/span> @ <span class=\"math-inline\" data-math=\"10\">10<\/span> mode Hz), et une plage minimale de <span class=\"math-inline\" data-math=\"0.3\">0.3<\/span>\u00a0compteurs (configurables).<\/li>\n<li><b>Sortie haute r\u00e9solution :<\/b> Ce capteur est capable de r\u00e9solutions horizontales configurables de <span class=\"math-inline\" data-math=\"\\mathbf{512}\">512<\/span>, <span class=\"math-inline\" data-math=\"\\mathbf{1024}\">1024<\/span>, ou 2<span class=\"math-inline\" data-math=\"\\mathbf{2048}\">048<\/span>\u00a0points, offrant un total allant jusqu&#039;\u00e0 <b><span class=\"math-inline\" data-math=\"1,310,720\">1,310,720<\/span>\u00a0points par seconde<\/b> (<span class=\"math-inline\" data-math=\"64\">64<\/span>-channel) pour des nuages de points d\u00e9taill\u00e9s et denses.<\/li>\n<li><b>Donn\u00e9es sur la qualit\u00e9 de l&#039;imagerie\u00a0:<\/b> Il fournit <b>donn\u00e9es de signal et proche infrarouge de qualit\u00e9 cam\u00e9ra<\/b> en plus de la port\u00e9e et de la r\u00e9flectivit\u00e9 standard, brouillant la fronti\u00e8re entre la technologie LiDAR et la technologie cam\u00e9ra pour une perception environnementale plus riche.<\/li>\n<li><b>Conception robuste et compacte :<\/b> L&#039;OS1 est l&#039;un des plus petits capteurs LiDAR hautes performances du march\u00e9, facilitant son int\u00e9gration \u00e0 diverses plateformes. Il b\u00e9n\u00e9ficie d&#039;un indice de protection de <b>IP68\/IP69K<\/b> et une plage de temp\u00e9rature de fonctionnement de <span class=\"math-inline\" data-math=\"\\mathbf{-40^\\circ C}\">-40 \u00b0C<\/span> \u00e0 <span class=\"math-inline\" data-math=\"\\mathbf{+60^\\circ C}\">+60\u00ba C<\/span>, garantissant la fiabilit\u00e9 dans des conditions difficiles.<\/li>\n<li><b>Programmabilit\u00e9 et support logiciel :<\/b> Le capteur prend en charge un <b>r\u00e9solution fixe par image<\/b> mode de fonctionnement et offres <b>double retour<\/b> Fonctionnalit\u00e9 pour des capacit\u00e9s de cartographie am\u00e9lior\u00e9es. Elle est bien prise en charge par le <b>Kit de d\u00e9veloppement logiciel (SDK) Ouster<\/b>, <b>ROS<\/b>et des pilotes C++ pour un d\u00e9veloppement et une int\u00e9gration de logiciels transparents.<\/li>\n<li><b>Large champ de vision :<\/b> Le capteur fournit une <b><span class=\"math-inline\" data-math=\"360^\\circ\">360\u00ba <\/span>horizontal<\/b> et un <span class=\"math-inline\" data-math=\"\\mathbf{42.4^\\circ}\">42,4\u00ba<\/span> <b>champ de vision vertical<\/b> (FOV), offrant une analyse compl\u00e8te de l&#039;environnement.<\/li>\n<\/ul>\n<h4>Sp\u00e9cifications de base<\/h4>\n<table>\n<thead>\n<tr>\n<td><strong>Sp\u00e9cification<\/strong><\/td>\n<td><strong>Valeur<\/strong><\/td>\n<\/tr>\n<\/thead>\n<tbody>\n<tr>\n<td><b>Version du mat\u00e9riel<\/b><\/td>\n<td>Rev7 SR (courte port\u00e9e)<\/td>\n<\/tr>\n<tr>\n<td><b>Canaux verticaux<\/b><\/td>\n<td>64<\/td>\n<\/tr>\n<tr>\n<td><b>Port\u00e9e maximale<\/b><\/td>\n<td>207 m (maximum repr\u00e9sentable)<\/td>\n<\/tr>\n<tr>\n<td><b>Port\u00e9e (r\u00e9flectivit\u00e9 10%)<\/b><\/td>\n<td>45 m (@ <span class=\"math-inline\" data-math=\"&gt;90\\%\">&gt;90%<\/span> probabilit\u00e9 de d\u00e9tection, <span class=\"math-inline\" data-math=\"1024\">1024<\/span> @ <span class=\"math-inline\" data-math=\"10\">10<\/span>\u00a0(mode Hz)<\/td>\n<\/tr>\n<tr>\n<td><b>Port\u00e9e minimale<\/b><\/td>\n<td><span class=\"math-inline\" data-math=\"0.3\">0.3<\/span>\u00a0m (configurable)<\/td>\n<\/tr>\n<tr>\n<td><b>R\u00e9solution horizontale<\/b><\/td>\n<td><span class=\"math-inline\" data-math=\"512, 1024, 2048\">512, 1024, 2048 <\/span>(Configurable)<\/td>\n<\/tr>\n<tr>\n<td><b>Points par seconde<\/b><\/td>\n<td><span class=\"math-inline\" data-math=\"1,310,720\">1,310,720<\/span> (<span class=\"math-inline\" data-math=\"64\">64 <\/span>canal)<\/td>\n<\/tr>\n<tr>\n<td><b>Pr\u00e9cision<\/b><\/td>\n<td><span class=\"math-inline\" data-math=\"\\pm2.5\">+- 2.5<\/span>\u00a0cm (cibles lambertiennes)<\/td>\n<\/tr>\n<tr>\n<td><b>Champ de vision (V\/H)<\/b><\/td>\n<td><span class=\"math-inline\" data-math=\"42.4^\\circ\">42,4\u00ba<\/span> (V) \/ <span class=\"math-inline\" data-math=\"360^\\circ\">360\u00ba<\/span> (H)<\/td>\n<\/tr>\n<tr>\n<td><b>Protection contre les intrusions<\/b><\/td>\n<td>IP68 \/ IP69K<\/td>\n<\/tr>\n<tr>\n<td><b>Temp\u00e9rature de fonctionnement<\/b><\/td>\n<td><span class=\"math-inline\" data-math=\"-40^\\circ\">-40\u00ba <\/span>C \u00e0 <span class=\"math-inline\" data-math=\"+60^\\circ\">+60\u00ba <\/span>C<\/td>\n<\/tr>\n<tr>\n<td><b>Dimensions<\/b><\/td>\n<td>Diam\u00e8tre: <span class=\"math-inline\" data-math=\"87\">87<\/span> mm \/ Hauteur: <span class=\"math-inline\" data-math=\"58.35\">58.35<\/span>\u00a0mm (sans capuchon)<\/td>\n<\/tr>\n<tr>\n<td><b>Poids<\/b><\/td>\n<td><span class=\"math-inline\" data-math=\"430\">430<\/span>\u00a0g (Sans capuchon)<\/td>\n<\/tr>\n<tr>\n<td><b>Connexion<\/b><\/td>\n<td>UDP sur Gigabit Ethernet<\/td>\n<\/tr>\n<tr>\n<td><b>Retours<\/b><\/td>\n<td>Retours doubles disponibles (configurables)<\/td>\n<\/tr>\n<\/tbody>\n<\/table>\n<p>L&#039;OS1-64 Rev7 SR est un <b>Produit laser de classe 1 sans danger pour les yeux<\/b> et est construit sur l&#039;architecture LiDAR num\u00e9rique d&#039;Ouster, garantissant une capture de donn\u00e9es coh\u00e9rente et pr\u00e9cise pour un large \u00e9ventail de t\u00e2ches d&#039;automatisation et de perception \u00e0 forte demande.<\/p>\n<\/div>\n<\/div>","protected":false},"excerpt":{"rendered":"<p>Le <b>Ouster OS1-64 Rev7 SR<\/b> (Short Range) est un appareil polyvalent et compact <b>LiDAR d&#039;imagerie haute r\u00e9solution de milieu de gamme<\/b> Capteur con\u00e7u pour les environnements int\u00e9rieurs et ext\u00e9rieurs exigeants, quelles que soient les conditions climatiques. Alliant hautes performances et compacit\u00e9, il constitue un choix de pointe pour la robotique, les drones, la s\u00e9curit\u00e9, les v\u00e9hicules autonomes et les applications d&#039;infrastructures fixes.<\/p>","protected":false},"featured_media":21979,"comment_status":"open","ping_status":"closed","template":"","meta":[],"product_brand":[1140],"product_cat":[1139,1037,1040],"product_tag":[1142,1141,1143],"class_list":{"0":"post-22026","1":"product","2":"type-product","3":"status-publish","4":"has-post-thumbnail","6":"product_brand-ouster","7":"product_cat-ouster-lidars","8":"product_cat-robotics","9":"product_cat-sensors-robotics","10":"product_tag-ouster-dome-lidar","11":"product_tag-ouster-lidars","12":"product_tag-ouster-rev7-sr-series","14":"first","15":"onbackorder","16":"taxable","17":"shipping-taxable","18":"purchasable","19":"product-type-simple"},"yoast_head":"<!-- This site is optimized with the Yoast SEO plugin v27.1.1 - https:\/\/yoast.com\/product\/yoast-seo-wordpress\/ -->\n<title>Ouster OS1-64 Rev7 SR - Ghostysky<\/title>\n<meta name=\"description\" content=\"The Ouster OS1-64 Rev7 SR (Short Range) is a versatile and compact Mid-Range High-Resolution Imaging LiDAR sensor, engineered for demanding indoor and outdoor all-weather environments. Combining high performance with a small form factor, it&#039;s an industry-leading choice for robotics, drones, security, autonomous vehicles, and fixed infrastructure applications.\" \/>\n<meta name=\"robots\" content=\"index, follow, max-snippet:-1, max-image-preview:large, max-video-preview:-1\" \/>\n<link rel=\"canonical\" href=\"https:\/\/www.ghostysky.com\/fr\/product\/ouster-os1-64-rev7-sr\/\" \/>\n<meta property=\"og:locale\" content=\"fr_FR\" \/>\n<meta property=\"og:type\" content=\"article\" \/>\n<meta property=\"og:title\" content=\"Ouster OS1-64 Rev7 SR - Ghostysky\" \/>\n<meta property=\"og:description\" content=\"The Ouster OS1-64 Rev7 SR (Short Range) is a versatile and compact Mid-Range High-Resolution Imaging LiDAR sensor, engineered for demanding indoor and outdoor all-weather environments. Combining high performance with a small form factor, it&#039;s an industry-leading choice for robotics, drones, security, autonomous vehicles, and fixed infrastructure applications.\" \/>\n<meta property=\"og:url\" content=\"https:\/\/www.ghostysky.com\/fr\/product\/ouster-os1-64-rev7-sr\/\" \/>\n<meta property=\"og:site_name\" content=\"Ghostysky\" \/>\n<meta property=\"article:publisher\" content=\"https:\/\/www.facebook.com\/people\/Ghostysky\/100057676170234\/\" \/>\n<meta property=\"article:modified_time\" content=\"2026-02-24T13:57:36+00:00\" \/>\n<meta property=\"og:image\" content=\"https:\/\/www.ghostysky.com\/wp-content\/uploads\/2025\/10\/GH_Ouster-Ouster-OS0-32-Rev7_1.png\" \/>\n\t<meta property=\"og:image:width\" content=\"800\" \/>\n\t<meta property=\"og:image:height\" content=\"800\" \/>\n\t<meta property=\"og:image:type\" content=\"image\/png\" \/>\n<meta name=\"twitter:card\" content=\"summary_large_image\" \/>\n<meta name=\"twitter:site\" content=\"@Gh0stysky\" \/>\n<meta name=\"twitter:label1\" content=\"Dur\u00e9e de lecture estim\u00e9e\" \/>\n\t<meta name=\"twitter:data1\" content=\"2 minutes\" \/>\n<script type=\"application\/ld+json\" class=\"yoast-schema-graph\">{\"@context\":\"https:\/\/schema.org\",\"@graph\":[{\"@type\":\"WebPage\",\"@id\":\"https:\/\/www.ghostysky.com\/product\/ouster-os1-64-rev7-sr\/\",\"url\":\"https:\/\/www.ghostysky.com\/product\/ouster-os1-64-rev7-sr\/\",\"name\":\"Ouster OS1-64 Rev7 SR - Ghostysky\",\"isPartOf\":{\"@id\":\"https:\/\/www.ghostysky.com\/#website\"},\"primaryImageOfPage\":{\"@id\":\"https:\/\/www.ghostysky.com\/product\/ouster-os1-64-rev7-sr\/#primaryimage\"},\"image\":{\"@id\":\"https:\/\/www.ghostysky.com\/product\/ouster-os1-64-rev7-sr\/#primaryimage\"},\"thumbnailUrl\":\"https:\/\/www.ghostysky.com\/wp-content\/uploads\/2025\/10\/GH_Ouster-Ouster-OS0-32-Rev7_1.png\",\"datePublished\":\"2025-10-19T13:03:46+00:00\",\"dateModified\":\"2026-02-24T13:57:36+00:00\",\"description\":\"The Ouster OS1-64 Rev7 SR (Short Range) is a versatile and compact Mid-Range High-Resolution Imaging LiDAR sensor, engineered for demanding indoor and outdoor all-weather environments. Combining high performance with a small form factor, it's an industry-leading choice for robotics, drones, security, autonomous vehicles, and fixed infrastructure applications.\",\"breadcrumb\":{\"@id\":\"https:\/\/www.ghostysky.com\/product\/ouster-os1-64-rev7-sr\/#breadcrumb\"},\"inLanguage\":\"fr-FR\",\"potentialAction\":[{\"@type\":\"ReadAction\",\"target\":[\"https:\/\/www.ghostysky.com\/product\/ouster-os1-64-rev7-sr\/\"]}]},{\"@type\":\"ImageObject\",\"inLanguage\":\"fr-FR\",\"@id\":\"https:\/\/www.ghostysky.com\/product\/ouster-os1-64-rev7-sr\/#primaryimage\",\"url\":\"https:\/\/www.ghostysky.com\/wp-content\/uploads\/2025\/10\/GH_Ouster-Ouster-OS0-32-Rev7_1.png\",\"contentUrl\":\"https:\/\/www.ghostysky.com\/wp-content\/uploads\/2025\/10\/GH_Ouster-Ouster-OS0-32-Rev7_1.png\",\"width\":800,\"height\":800},{\"@type\":\"BreadcrumbList\",\"@id\":\"https:\/\/www.ghostysky.com\/product\/ouster-os1-64-rev7-sr\/#breadcrumb\",\"itemListElement\":[{\"@type\":\"ListItem\",\"position\":1,\"name\":\"Home\",\"item\":\"https:\/\/www.ghostysky.com\/\"},{\"@type\":\"ListItem\",\"position\":2,\"name\":\"Shop\",\"item\":\"https:\/\/www.ghostysky.com\/shop\/\"},{\"@type\":\"ListItem\",\"position\":3,\"name\":\"Ouster OS1-64 Rev7 SR\"}]},{\"@type\":\"WebSite\",\"@id\":\"https:\/\/www.ghostysky.com\/#website\",\"url\":\"https:\/\/www.ghostysky.com\/\",\"name\":\"Ghostysky\",\"description\":\"Delivering professional drones and services\",\"publisher\":{\"@id\":\"https:\/\/www.ghostysky.com\/#organization\"},\"potentialAction\":[{\"@type\":\"SearchAction\",\"target\":{\"@type\":\"EntryPoint\",\"urlTemplate\":\"https:\/\/www.ghostysky.com\/?s={search_term_string}\"},\"query-input\":{\"@type\":\"PropertyValueSpecification\",\"valueRequired\":true,\"valueName\":\"search_term_string\"}}],\"inLanguage\":\"fr-FR\"},{\"@type\":\"Organization\",\"@id\":\"https:\/\/www.ghostysky.com\/#organization\",\"name\":\"Ghostysky\",\"url\":\"https:\/\/www.ghostysky.com\/\",\"logo\":{\"@type\":\"ImageObject\",\"inLanguage\":\"fr-FR\",\"@id\":\"https:\/\/www.ghostysky.com\/#\/schema\/logo\/image\/\",\"url\":\"https:\/\/www.ghostysky.com\/wp-content\/uploads\/2020\/06\/cropped-ghostyskylogo_text_white2.png\",\"contentUrl\":\"https:\/\/www.ghostysky.com\/wp-content\/uploads\/2020\/06\/cropped-ghostyskylogo_text_white2.png\",\"width\":169,\"height\":56,\"caption\":\"Ghostysky\"},\"image\":{\"@id\":\"https:\/\/www.ghostysky.com\/#\/schema\/logo\/image\/\"},\"sameAs\":[\"https:\/\/www.facebook.com\/people\/Ghostysky\/100057676170234\/\",\"https:\/\/x.com\/Gh0stysky\",\"https:\/\/www.linkedin.com\/company\/34739653\",\"https:\/\/www.instagram.com\/gh0stysky\"]}]}<\/script>\n<!-- \/ Yoast SEO plugin. -->","yoast_head_json":{"title":"Ouster OS1-64 Rev7 SR - Ghostysky","description":"L&#039;Ouster OS1-64 Rev7 SR (courte port\u00e9e) est un capteur LiDAR d&#039;imagerie haute r\u00e9solution de moyenne port\u00e9e, polyvalent et compact, con\u00e7u pour les environnements int\u00e9rieurs et ext\u00e9rieurs exigeants, quelles que soient les conditions climatiques. Alliant hautes performances et compacit\u00e9, il constitue un choix de pointe pour la robotique, les drones, la s\u00e9curit\u00e9, les v\u00e9hicules autonomes et les applications d&#039;infrastructures fixes.","robots":{"index":"index","follow":"follow","max-snippet":"max-snippet:-1","max-image-preview":"max-image-preview:large","max-video-preview":"max-video-preview:-1"},"canonical":"https:\/\/www.ghostysky.com\/fr\/product\/ouster-os1-64-rev7-sr\/","og_locale":"fr_FR","og_type":"article","og_title":"Ouster OS1-64 Rev7 SR - Ghostysky","og_description":"The Ouster OS1-64 Rev7 SR (Short Range) is a versatile and compact Mid-Range High-Resolution Imaging LiDAR sensor, engineered for demanding indoor and outdoor all-weather environments. Combining high performance with a small form factor, it's an industry-leading choice for robotics, drones, security, autonomous vehicles, and fixed infrastructure applications.","og_url":"https:\/\/www.ghostysky.com\/fr\/product\/ouster-os1-64-rev7-sr\/","og_site_name":"Ghostysky","article_publisher":"https:\/\/www.facebook.com\/people\/Ghostysky\/100057676170234\/","article_modified_time":"2026-02-24T13:57:36+00:00","og_image":[{"width":800,"height":800,"url":"https:\/\/www.ghostysky.com\/wp-content\/uploads\/2025\/10\/GH_Ouster-Ouster-OS0-32-Rev7_1.png","type":"image\/png"}],"twitter_card":"summary_large_image","twitter_site":"@Gh0stysky","twitter_misc":{"Dur\u00e9e de lecture estim\u00e9e":"2 minutes"},"schema":{"@context":"https:\/\/schema.org","@graph":[{"@type":"WebPage","@id":"https:\/\/www.ghostysky.com\/product\/ouster-os1-64-rev7-sr\/","url":"https:\/\/www.ghostysky.com\/product\/ouster-os1-64-rev7-sr\/","name":"Ouster OS1-64 Rev7 SR - Ghostysky","isPartOf":{"@id":"https:\/\/www.ghostysky.com\/#website"},"primaryImageOfPage":{"@id":"https:\/\/www.ghostysky.com\/product\/ouster-os1-64-rev7-sr\/#primaryimage"},"image":{"@id":"https:\/\/www.ghostysky.com\/product\/ouster-os1-64-rev7-sr\/#primaryimage"},"thumbnailUrl":"https:\/\/www.ghostysky.com\/wp-content\/uploads\/2025\/10\/GH_Ouster-Ouster-OS0-32-Rev7_1.png","datePublished":"2025-10-19T13:03:46+00:00","dateModified":"2026-02-24T13:57:36+00:00","description":"L&#039;Ouster OS1-64 Rev7 SR (courte port\u00e9e) est un capteur LiDAR d&#039;imagerie haute r\u00e9solution de moyenne port\u00e9e, polyvalent et compact, con\u00e7u pour les environnements int\u00e9rieurs et ext\u00e9rieurs exigeants, quelles que soient les conditions climatiques. Alliant hautes performances et compacit\u00e9, il constitue un choix de pointe pour la robotique, les drones, la s\u00e9curit\u00e9, les v\u00e9hicules autonomes et les applications d&#039;infrastructures fixes.","breadcrumb":{"@id":"https:\/\/www.ghostysky.com\/product\/ouster-os1-64-rev7-sr\/#breadcrumb"},"inLanguage":"fr-FR","potentialAction":[{"@type":"ReadAction","target":["https:\/\/www.ghostysky.com\/product\/ouster-os1-64-rev7-sr\/"]}]},{"@type":"ImageObject","inLanguage":"fr-FR","@id":"https:\/\/www.ghostysky.com\/product\/ouster-os1-64-rev7-sr\/#primaryimage","url":"https:\/\/www.ghostysky.com\/wp-content\/uploads\/2025\/10\/GH_Ouster-Ouster-OS0-32-Rev7_1.png","contentUrl":"https:\/\/www.ghostysky.com\/wp-content\/uploads\/2025\/10\/GH_Ouster-Ouster-OS0-32-Rev7_1.png","width":800,"height":800},{"@type":"BreadcrumbList","@id":"https:\/\/www.ghostysky.com\/product\/ouster-os1-64-rev7-sr\/#breadcrumb","itemListElement":[{"@type":"ListItem","position":1,"name":"Home","item":"https:\/\/www.ghostysky.com\/"},{"@type":"ListItem","position":2,"name":"Shop","item":"https:\/\/www.ghostysky.com\/shop\/"},{"@type":"ListItem","position":3,"name":"Ouster OS1-64 Rev7 SR"}]},{"@type":"WebSite","@id":"https:\/\/www.ghostysky.com\/#website","url":"https:\/\/www.ghostysky.com\/","name":"Ghostysky","description":"Livraison de drones et de services professionnels","publisher":{"@id":"https:\/\/www.ghostysky.com\/#organization"},"potentialAction":[{"@type":"SearchAction","target":{"@type":"EntryPoint","urlTemplate":"https:\/\/www.ghostysky.com\/?s={search_term_string}"},"query-input":{"@type":"PropertyValueSpecification","valueRequired":true,"valueName":"search_term_string"}}],"inLanguage":"fr-FR"},{"@type":"Organization","@id":"https:\/\/www.ghostysky.com\/#organization","name":"Ghostysky","url":"https:\/\/www.ghostysky.com\/","logo":{"@type":"ImageObject","inLanguage":"fr-FR","@id":"https:\/\/www.ghostysky.com\/#\/schema\/logo\/image\/","url":"https:\/\/www.ghostysky.com\/wp-content\/uploads\/2020\/06\/cropped-ghostyskylogo_text_white2.png","contentUrl":"https:\/\/www.ghostysky.com\/wp-content\/uploads\/2020\/06\/cropped-ghostyskylogo_text_white2.png","width":169,"height":56,"caption":"Ghostysky"},"image":{"@id":"https:\/\/www.ghostysky.com\/#\/schema\/logo\/image\/"},"sameAs":["https:\/\/www.facebook.com\/people\/Ghostysky\/100057676170234\/","https:\/\/x.com\/Gh0stysky","https:\/\/www.linkedin.com\/company\/34739653","https:\/\/www.instagram.com\/gh0stysky"]}]}},"_links":{"self":[{"href":"https:\/\/www.ghostysky.com\/fr\/wp-json\/wp\/v2\/product\/22026","targetHints":{"allow":["GET"]}}],"collection":[{"href":"https:\/\/www.ghostysky.com\/fr\/wp-json\/wp\/v2\/product"}],"about":[{"href":"https:\/\/www.ghostysky.com\/fr\/wp-json\/wp\/v2\/types\/product"}],"replies":[{"embeddable":true,"href":"https:\/\/www.ghostysky.com\/fr\/wp-json\/wp\/v2\/comments?post=22026"}],"wp:featuredmedia":[{"embeddable":true,"href":"https:\/\/www.ghostysky.com\/fr\/wp-json\/wp\/v2\/media\/21979"}],"wp:attachment":[{"href":"https:\/\/www.ghostysky.com\/fr\/wp-json\/wp\/v2\/media?parent=22026"}],"wp:term":[{"taxonomy":"product_brand","embeddable":true,"href":"https:\/\/www.ghostysky.com\/fr\/wp-json\/wp\/v2\/product_brand?post=22026"},{"taxonomy":"product_cat","embeddable":true,"href":"https:\/\/www.ghostysky.com\/fr\/wp-json\/wp\/v2\/product_cat?post=22026"},{"taxonomy":"product_tag","embeddable":true,"href":"https:\/\/www.ghostysky.com\/fr\/wp-json\/wp\/v2\/product_tag?post=22026"}],"curies":[{"name":"wp","href":"https:\/\/api.w.org\/{rel}","templated":true}]}}