{"id":22027,"date":"2025-10-19T13:07:36","date_gmt":"2025-10-19T13:07:36","guid":{"rendered":"https:\/\/www.ghostysky.com\/?post_type=product&#038;p=22027"},"modified":"2026-02-09T17:56:05","modified_gmt":"2026-02-09T17:56:05","slug":"ouster-os1-128-rev7-sr","status":"publish","type":"product","link":"https:\/\/www.ghostysky.com\/fr\/product\/ouster-os1-128-rev7-sr\/","title":{"rendered":"Ouster OS1-128 Rev7 SR"},"content":{"rendered":"<div id=\"model-response-message-contentr_8cade3a3a392d67c\" class=\"markdown markdown-main-panel stronger enable-updated-hr-color\" dir=\"ltr\">\n<div id=\"model-response-message-contentr_13f1f7e95ab2a8ec\" class=\"markdown markdown-main-panel stronger enable-updated-hr-color\" dir=\"ltr\">\n<h4><b>Principales caract\u00e9ristiques et points forts<\/b><\/h4>\n<ul>\n<li><b><span class=\"citation-607\">Ultra-haute r\u00e9solution :<\/span><\/b><span class=\"citation-607\"> En vedette <\/span><b><span class=\"citation-607\">128 cha\u00eenes<\/span><\/b><span class=\"citation-607 citation-end-607\"> de r\u00e9solution verticale, il fournit des nuages de points extr\u00eamement denses, permettant une d\u00e9tection pr\u00e9cise des objets, une localisation et une mod\u00e9lisation environnementale d\u00e9taill\u00e9e.<\/span><\/li>\n<li><b>Performances de milieu de gamme :<\/b><span class=\"citation-606 citation-end-606\"> Il s&#039;agit d&#039;un LiDAR de milieu de gamme, \u00e9quilibrant une r\u00e9solution d\u00e9taill\u00e9e avec une distance de fonctionnement utile.<\/span> <span class=\"citation-605\">Le <\/span><b><span class=\"citation-605\">la port\u00e9e maximale repr\u00e9sentable est jusqu&#039;\u00e0 200 m<\/span><\/b><span class=\"citation-605\">, avec une port\u00e9e allant jusqu&#039;\u00e0 <\/span><b><span class=\"citation-605\">90 m<\/span><\/b><span class=\"citation-605 citation-end-605\"> pour une cible r\u00e9fl\u00e9chissante 10% (probabilit\u00e9 de d\u00e9tection @90%).<\/span><\/li>\n<li><b>Densit\u00e9 \u00e9lev\u00e9e des nuages ponctuels :<\/b><span class=\"citation-604\"> Le capteur peut g\u00e9n\u00e9rer jusqu&#039;\u00e0 <\/span><b><span class=\"citation-604\">5,2 millions de points par seconde<\/span><\/b><span class=\"citation-604 citation-end-604\">, offrant une repr\u00e9sentation tr\u00e8s pr\u00e9cise des surfaces et des caract\u00e9ristiques.<\/span><\/li>\n<li><b><span class=\"citation-603\">Champ de vision large (FOV) :<\/span><\/b><span class=\"citation-603 citation-end-603\"> Offre une large zone de perception avec un\u00a0<\/span><b><span class=\"math-inline\" data-math=\"45^\\circ\">45\u00ba<\/span><span class=\"citation-602\"> champ de vision vertical<\/span><\/b><span class=\"citation-602 citation-end-602\"> (<\/span><span class=\"math-inline\" data-math=\"\\pm 22.5^\\circ\">pm 22,5\u00ba<\/span><span class=\"citation-601 citation-end-601\">) et un plein\u00a0<\/span><b><span class=\"math-inline\" data-math=\"360^\\circ\">360\u00ba<\/span><span class=\"citation-600\"> champ de vision horizontal<\/span><\/b><span class=\"citation-600 citation-end-600\">.<\/span><\/li>\n<li><b>Technologie LiDAR num\u00e9rique :<\/b><span class=\"citation-599\"> Construit sur la technologie propri\u00e9taire d&#039;Ouster <\/span><b><span class=\"citation-599\">SPAD (diode \u00e0 avalanche \u00e0 photon unique)<\/span><\/b><span class=\"citation-599\"> d\u00e9tecteurs et le nouveau <\/span><b><span class=\"citation-599\">Puce L3<\/span><\/b><span class=\"citation-599 citation-end-599\"> (pour Rev7), il offre des performances sup\u00e9rieures dans des conditions d&#039;\u00e9clairage variables, y compris en plein soleil.<\/span><\/li>\n<li><b><span class=\"citation-598\">Retours doubles :<\/span><\/b><span class=\"citation-598 citation-end-598\"> Capture plusieurs retours par impulsion laser, am\u00e9liorant la visibilit\u00e9 \u00e0 travers des \u00e9l\u00e9ments obscurcissants comme le brouillard, la poussi\u00e8re et le feuillage.<\/span><\/li>\n<li><b><span class=\"citation-597\">Donn\u00e9es de qualit\u00e9 photographique\u00a0:<\/span><\/b><span class=\"citation-597\"> Fournit non seulement des donn\u00e9es de port\u00e9e, mais \u00e9galement <\/span><b><span class=\"citation-597\">r\u00e9flectivit\u00e9 calibr\u00e9e<\/span><\/b><span class=\"citation-597 citation-end-597\">, proche infrarouge et donn\u00e9es de signal en qualit\u00e9 cam\u00e9ra, ce qui est utile pour les algorithmes de classification et de perception d&#039;objets.<\/span><\/li>\n<li><b>Robuste et compact :<\/b><span class=\"citation-596\"> Il pr\u00e9sente une conception l\u00e9g\u00e8re et durable, est class\u00e9 <\/span><b><span class=\"citation-596\">IP68\/IP69K<\/span><\/b><span class=\"citation-596 citation-end-596\"> pour la protection contre les infiltrations (eau et poussi\u00e8re) et est con\u00e7u pour r\u00e9sister aux chocs et vibrations extr\u00eames, ce qui le rend adapt\u00e9 aux environnements ext\u00e9rieurs par tous les temps.<\/span><\/li>\n<li><b><span class=\"citation-595\">Int\u00e9gration transparente :<\/span><\/b><span class=\"citation-595 citation-end-595\"> Prend en charge les protocoles standard (Ethernet, UDP, PTP) et est livr\u00e9 avec le SDK Ouster, ROS open source et les pilotes C++ pour un d\u00e9veloppement et une int\u00e9gration faciles dans les piles d&#039;autonomie.<\/span><\/li>\n<li><b><span class=\"citation-594\">IMU int\u00e9gr\u00e9 :<\/span><\/b><span class=\"citation-594 citation-end-594\"> Comprend une unit\u00e9 de mesure inertielle int\u00e9gr\u00e9e pour plus de commodit\u00e9 et une synchronisation horaire pr\u00e9configur\u00e9e et un \u00e9talonnage extrins\u00e8que.<\/span><\/li>\n<\/ul>\n<p><span class=\"citation-593 citation-end-593\">L&#039;OS1-128 Rev7 SR est un choix id\u00e9al pour les applications n\u00e9cessitant un capteur 3D polyvalent haute d\u00e9finition qui ne compromet pas la r\u00e9solution, la port\u00e9e ou la durabilit\u00e9 environnementale.<\/span><\/p>\n<\/div>\n<\/div>","protected":false},"excerpt":{"rendered":"<p><span class=\"citation-609 citation-end-609\">L&#039;Ouster OS1-128 Rev7 SR est un capteur LiDAR num\u00e9rique haut de gamme haute r\u00e9solution con\u00e7u pour les applications de perception 3D exigeantes dans les syst\u00e8mes autonomes, la robotique, l&#039;automatisation industrielle et la cartographie.<\/span> <span class=\"citation-608 citation-end-608\">Il fait partie de la famille de capteurs de milieu de gamme d&#039;Ouster, offrant un \u00e9quilibre entre r\u00e9solution et port\u00e9e dans un format compact et robuste.<\/span><\/p>\n<div class=\"source-inline-chip-container ng-star-inserted\"><\/div>\n<div class=\"source-inline-chip-container ng-star-inserted\"><\/div>\n<p>&nbsp;<\/p>","protected":false},"featured_media":21979,"comment_status":"open","ping_status":"closed","template":"","meta":[],"product_brand":[1140],"product_cat":[1139,1037,1040],"product_tag":[1142,1141,1143],"class_list":{"0":"post-22027","1":"product","2":"type-product","3":"status-publish","4":"has-post-thumbnail","6":"product_brand-ouster","7":"product_cat-ouster-lidars","8":"product_cat-robotics","9":"product_cat-sensors-robotics","10":"product_tag-ouster-dome-lidar","11":"product_tag-ouster-lidars","12":"product_tag-ouster-rev7-sr-series","14":"first","15":"onbackorder","16":"taxable","17":"shipping-taxable","18":"purchasable","19":"product-type-simple"},"yoast_head":"<!-- This site is optimized with the Yoast SEO plugin v27.1.1 - https:\/\/yoast.com\/product\/yoast-seo-wordpress\/ -->\n<title>Ouster OS1-128 Rev7 SR - Ghostysky<\/title>\n<meta name=\"description\" content=\"The Ouster OS1-128 Rev7 SR is a premium, high-resolution digital LiDAR sensor designed for demanding 3D perception applications in autonomous systems, robotics, industrial automation, and mapping. It is part of Ouster&#039;s mid-range sensor family, offering a balance of resolution and range in a compact and rugged form factor.\" \/>\n<meta name=\"robots\" content=\"index, follow, max-snippet:-1, max-image-preview:large, max-video-preview:-1\" \/>\n<link rel=\"canonical\" href=\"https:\/\/www.ghostysky.com\/fr\/product\/ouster-os1-128-rev7-sr\/\" \/>\n<meta property=\"og:locale\" content=\"fr_FR\" \/>\n<meta property=\"og:type\" content=\"article\" \/>\n<meta property=\"og:title\" content=\"Ouster OS1-128 Rev7 SR - Ghostysky\" \/>\n<meta property=\"og:description\" content=\"The Ouster OS1-128 Rev7 SR is a premium, high-resolution digital LiDAR sensor designed for demanding 3D perception applications in autonomous systems, robotics, industrial automation, and mapping. It is part of Ouster&#039;s mid-range sensor family, offering a balance of resolution and range in a compact and rugged form factor.\" \/>\n<meta property=\"og:url\" content=\"https:\/\/www.ghostysky.com\/fr\/product\/ouster-os1-128-rev7-sr\/\" \/>\n<meta property=\"og:site_name\" content=\"Ghostysky\" \/>\n<meta property=\"article:publisher\" content=\"https:\/\/www.facebook.com\/people\/Ghostysky\/100057676170234\/\" \/>\n<meta property=\"article:modified_time\" content=\"2026-02-09T17:56:05+00:00\" \/>\n<meta property=\"og:image\" content=\"https:\/\/www.ghostysky.com\/wp-content\/uploads\/2025\/10\/GH_Ouster-Ouster-OS0-32-Rev7_1.png\" \/>\n\t<meta property=\"og:image:width\" content=\"800\" \/>\n\t<meta property=\"og:image:height\" content=\"800\" \/>\n\t<meta property=\"og:image:type\" content=\"image\/png\" \/>\n<meta name=\"twitter:card\" content=\"summary_large_image\" \/>\n<meta name=\"twitter:site\" content=\"@Gh0stysky\" \/>\n<meta name=\"twitter:label1\" content=\"Dur\u00e9e de lecture estim\u00e9e\" \/>\n\t<meta name=\"twitter:data1\" content=\"2 minutes\" \/>\n<script type=\"application\/ld+json\" class=\"yoast-schema-graph\">{\"@context\":\"https:\/\/schema.org\",\"@graph\":[{\"@type\":\"WebPage\",\"@id\":\"https:\/\/www.ghostysky.com\/product\/ouster-os1-128-rev7-sr\/\",\"url\":\"https:\/\/www.ghostysky.com\/product\/ouster-os1-128-rev7-sr\/\",\"name\":\"Ouster OS1-128 Rev7 SR - Ghostysky\",\"isPartOf\":{\"@id\":\"https:\/\/www.ghostysky.com\/#website\"},\"primaryImageOfPage\":{\"@id\":\"https:\/\/www.ghostysky.com\/product\/ouster-os1-128-rev7-sr\/#primaryimage\"},\"image\":{\"@id\":\"https:\/\/www.ghostysky.com\/product\/ouster-os1-128-rev7-sr\/#primaryimage\"},\"thumbnailUrl\":\"https:\/\/www.ghostysky.com\/wp-content\/uploads\/2025\/10\/GH_Ouster-Ouster-OS0-32-Rev7_1.png\",\"datePublished\":\"2025-10-19T13:07:36+00:00\",\"dateModified\":\"2026-02-09T17:56:05+00:00\",\"description\":\"The Ouster OS1-128 Rev7 SR is a premium, high-resolution digital LiDAR sensor designed for demanding 3D perception applications in autonomous systems, robotics, industrial automation, and mapping. It is part of Ouster's mid-range sensor family, offering a balance of resolution and range in a compact and rugged form factor.\",\"breadcrumb\":{\"@id\":\"https:\/\/www.ghostysky.com\/product\/ouster-os1-128-rev7-sr\/#breadcrumb\"},\"inLanguage\":\"fr-FR\",\"potentialAction\":[{\"@type\":\"ReadAction\",\"target\":[\"https:\/\/www.ghostysky.com\/product\/ouster-os1-128-rev7-sr\/\"]}]},{\"@type\":\"ImageObject\",\"inLanguage\":\"fr-FR\",\"@id\":\"https:\/\/www.ghostysky.com\/product\/ouster-os1-128-rev7-sr\/#primaryimage\",\"url\":\"https:\/\/www.ghostysky.com\/wp-content\/uploads\/2025\/10\/GH_Ouster-Ouster-OS0-32-Rev7_1.png\",\"contentUrl\":\"https:\/\/www.ghostysky.com\/wp-content\/uploads\/2025\/10\/GH_Ouster-Ouster-OS0-32-Rev7_1.png\",\"width\":800,\"height\":800},{\"@type\":\"BreadcrumbList\",\"@id\":\"https:\/\/www.ghostysky.com\/product\/ouster-os1-128-rev7-sr\/#breadcrumb\",\"itemListElement\":[{\"@type\":\"ListItem\",\"position\":1,\"name\":\"Home\",\"item\":\"https:\/\/www.ghostysky.com\/\"},{\"@type\":\"ListItem\",\"position\":2,\"name\":\"Shop\",\"item\":\"https:\/\/www.ghostysky.com\/shop\/\"},{\"@type\":\"ListItem\",\"position\":3,\"name\":\"Ouster OS1-128 Rev7 SR\"}]},{\"@type\":\"WebSite\",\"@id\":\"https:\/\/www.ghostysky.com\/#website\",\"url\":\"https:\/\/www.ghostysky.com\/\",\"name\":\"Ghostysky\",\"description\":\"Delivering professional drones and services\",\"publisher\":{\"@id\":\"https:\/\/www.ghostysky.com\/#organization\"},\"potentialAction\":[{\"@type\":\"SearchAction\",\"target\":{\"@type\":\"EntryPoint\",\"urlTemplate\":\"https:\/\/www.ghostysky.com\/?s={search_term_string}\"},\"query-input\":{\"@type\":\"PropertyValueSpecification\",\"valueRequired\":true,\"valueName\":\"search_term_string\"}}],\"inLanguage\":\"fr-FR\"},{\"@type\":\"Organization\",\"@id\":\"https:\/\/www.ghostysky.com\/#organization\",\"name\":\"Ghostysky\",\"url\":\"https:\/\/www.ghostysky.com\/\",\"logo\":{\"@type\":\"ImageObject\",\"inLanguage\":\"fr-FR\",\"@id\":\"https:\/\/www.ghostysky.com\/#\/schema\/logo\/image\/\",\"url\":\"https:\/\/www.ghostysky.com\/wp-content\/uploads\/2020\/06\/cropped-ghostyskylogo_text_white2.png\",\"contentUrl\":\"https:\/\/www.ghostysky.com\/wp-content\/uploads\/2020\/06\/cropped-ghostyskylogo_text_white2.png\",\"width\":169,\"height\":56,\"caption\":\"Ghostysky\"},\"image\":{\"@id\":\"https:\/\/www.ghostysky.com\/#\/schema\/logo\/image\/\"},\"sameAs\":[\"https:\/\/www.facebook.com\/people\/Ghostysky\/100057676170234\/\",\"https:\/\/x.com\/Gh0stysky\",\"https:\/\/www.linkedin.com\/company\/34739653\",\"https:\/\/www.instagram.com\/gh0stysky\"]}]}<\/script>\n<!-- \/ Yoast SEO plugin. -->","yoast_head_json":{"title":"Ouster OS1-128 Rev7 SR - Ghostysky","description":"L&#039;Ouster OS1-128 Rev7 SR est un capteur LiDAR num\u00e9rique haute r\u00e9solution haut de gamme, con\u00e7u pour les applications de perception 3D exigeantes dans les syst\u00e8mes autonomes, la robotique, l&#039;automatisation industrielle et la cartographie. Il fait partie de la gamme de capteurs milieu de gamme d&#039;Ouster et offre un \u00e9quilibre parfait entre r\u00e9solution et port\u00e9e dans un format compact et robuste.","robots":{"index":"index","follow":"follow","max-snippet":"max-snippet:-1","max-image-preview":"max-image-preview:large","max-video-preview":"max-video-preview:-1"},"canonical":"https:\/\/www.ghostysky.com\/fr\/product\/ouster-os1-128-rev7-sr\/","og_locale":"fr_FR","og_type":"article","og_title":"Ouster OS1-128 Rev7 SR - Ghostysky","og_description":"The Ouster OS1-128 Rev7 SR is a premium, high-resolution digital LiDAR sensor designed for demanding 3D perception applications in autonomous systems, robotics, industrial automation, and mapping. It is part of Ouster's mid-range sensor family, offering a balance of resolution and range in a compact and rugged form factor.","og_url":"https:\/\/www.ghostysky.com\/fr\/product\/ouster-os1-128-rev7-sr\/","og_site_name":"Ghostysky","article_publisher":"https:\/\/www.facebook.com\/people\/Ghostysky\/100057676170234\/","article_modified_time":"2026-02-09T17:56:05+00:00","og_image":[{"width":800,"height":800,"url":"https:\/\/www.ghostysky.com\/wp-content\/uploads\/2025\/10\/GH_Ouster-Ouster-OS0-32-Rev7_1.png","type":"image\/png"}],"twitter_card":"summary_large_image","twitter_site":"@Gh0stysky","twitter_misc":{"Dur\u00e9e de lecture estim\u00e9e":"2 minutes"},"schema":{"@context":"https:\/\/schema.org","@graph":[{"@type":"WebPage","@id":"https:\/\/www.ghostysky.com\/product\/ouster-os1-128-rev7-sr\/","url":"https:\/\/www.ghostysky.com\/product\/ouster-os1-128-rev7-sr\/","name":"Ouster OS1-128 Rev7 SR - Ghostysky","isPartOf":{"@id":"https:\/\/www.ghostysky.com\/#website"},"primaryImageOfPage":{"@id":"https:\/\/www.ghostysky.com\/product\/ouster-os1-128-rev7-sr\/#primaryimage"},"image":{"@id":"https:\/\/www.ghostysky.com\/product\/ouster-os1-128-rev7-sr\/#primaryimage"},"thumbnailUrl":"https:\/\/www.ghostysky.com\/wp-content\/uploads\/2025\/10\/GH_Ouster-Ouster-OS0-32-Rev7_1.png","datePublished":"2025-10-19T13:07:36+00:00","dateModified":"2026-02-09T17:56:05+00:00","description":"L&#039;Ouster OS1-128 Rev7 SR est un capteur LiDAR num\u00e9rique haute r\u00e9solution haut de gamme, con\u00e7u pour les applications de perception 3D exigeantes dans les syst\u00e8mes autonomes, la robotique, l&#039;automatisation industrielle et la cartographie. Il fait partie de la gamme de capteurs milieu de gamme d&#039;Ouster et offre un \u00e9quilibre parfait entre r\u00e9solution et port\u00e9e dans un format compact et robuste.","breadcrumb":{"@id":"https:\/\/www.ghostysky.com\/product\/ouster-os1-128-rev7-sr\/#breadcrumb"},"inLanguage":"fr-FR","potentialAction":[{"@type":"ReadAction","target":["https:\/\/www.ghostysky.com\/product\/ouster-os1-128-rev7-sr\/"]}]},{"@type":"ImageObject","inLanguage":"fr-FR","@id":"https:\/\/www.ghostysky.com\/product\/ouster-os1-128-rev7-sr\/#primaryimage","url":"https:\/\/www.ghostysky.com\/wp-content\/uploads\/2025\/10\/GH_Ouster-Ouster-OS0-32-Rev7_1.png","contentUrl":"https:\/\/www.ghostysky.com\/wp-content\/uploads\/2025\/10\/GH_Ouster-Ouster-OS0-32-Rev7_1.png","width":800,"height":800},{"@type":"BreadcrumbList","@id":"https:\/\/www.ghostysky.com\/product\/ouster-os1-128-rev7-sr\/#breadcrumb","itemListElement":[{"@type":"ListItem","position":1,"name":"Home","item":"https:\/\/www.ghostysky.com\/"},{"@type":"ListItem","position":2,"name":"Shop","item":"https:\/\/www.ghostysky.com\/shop\/"},{"@type":"ListItem","position":3,"name":"Ouster OS1-128 Rev7 SR"}]},{"@type":"WebSite","@id":"https:\/\/www.ghostysky.com\/#website","url":"https:\/\/www.ghostysky.com\/","name":"Ghostysky","description":"Livraison de drones et de services professionnels","publisher":{"@id":"https:\/\/www.ghostysky.com\/#organization"},"potentialAction":[{"@type":"SearchAction","target":{"@type":"EntryPoint","urlTemplate":"https:\/\/www.ghostysky.com\/?s={search_term_string}"},"query-input":{"@type":"PropertyValueSpecification","valueRequired":true,"valueName":"search_term_string"}}],"inLanguage":"fr-FR"},{"@type":"Organization","@id":"https:\/\/www.ghostysky.com\/#organization","name":"Ghostysky","url":"https:\/\/www.ghostysky.com\/","logo":{"@type":"ImageObject","inLanguage":"fr-FR","@id":"https:\/\/www.ghostysky.com\/#\/schema\/logo\/image\/","url":"https:\/\/www.ghostysky.com\/wp-content\/uploads\/2020\/06\/cropped-ghostyskylogo_text_white2.png","contentUrl":"https:\/\/www.ghostysky.com\/wp-content\/uploads\/2020\/06\/cropped-ghostyskylogo_text_white2.png","width":169,"height":56,"caption":"Ghostysky"},"image":{"@id":"https:\/\/www.ghostysky.com\/#\/schema\/logo\/image\/"},"sameAs":["https:\/\/www.facebook.com\/people\/Ghostysky\/100057676170234\/","https:\/\/x.com\/Gh0stysky","https:\/\/www.linkedin.com\/company\/34739653","https:\/\/www.instagram.com\/gh0stysky"]}]}},"_links":{"self":[{"href":"https:\/\/www.ghostysky.com\/fr\/wp-json\/wp\/v2\/product\/22027","targetHints":{"allow":["GET"]}}],"collection":[{"href":"https:\/\/www.ghostysky.com\/fr\/wp-json\/wp\/v2\/product"}],"about":[{"href":"https:\/\/www.ghostysky.com\/fr\/wp-json\/wp\/v2\/types\/product"}],"replies":[{"embeddable":true,"href":"https:\/\/www.ghostysky.com\/fr\/wp-json\/wp\/v2\/comments?post=22027"}],"wp:featuredmedia":[{"embeddable":true,"href":"https:\/\/www.ghostysky.com\/fr\/wp-json\/wp\/v2\/media\/21979"}],"wp:attachment":[{"href":"https:\/\/www.ghostysky.com\/fr\/wp-json\/wp\/v2\/media?parent=22027"}],"wp:term":[{"taxonomy":"product_brand","embeddable":true,"href":"https:\/\/www.ghostysky.com\/fr\/wp-json\/wp\/v2\/product_brand?post=22027"},{"taxonomy":"product_cat","embeddable":true,"href":"https:\/\/www.ghostysky.com\/fr\/wp-json\/wp\/v2\/product_cat?post=22027"},{"taxonomy":"product_tag","embeddable":true,"href":"https:\/\/www.ghostysky.com\/fr\/wp-json\/wp\/v2\/product_tag?post=22027"}],"curies":[{"name":"wp","href":"https:\/\/api.w.org\/{rel}","templated":true}]}}