{"id":22044,"date":"2025-10-19T14:21:26","date_gmt":"2025-10-19T14:21:26","guid":{"rendered":"https:\/\/www.ghostysky.com\/?post_type=product&#038;p=22044"},"modified":"2025-10-19T14:22:04","modified_gmt":"2025-10-19T14:22:04","slug":"ufactory-850","status":"publish","type":"product","link":"https:\/\/www.ghostysky.com\/fr\/product\/ufactory-850\/","title":{"rendered":"Usine UFactory 850"},"content":{"rendered":"<h4><b>Principales caract\u00e9ristiques et sp\u00e9cifications<\/b><\/h4>\n<ul>\n<li><b>Performances de niveau industriel :<\/b><span class=\"citation-632 citation-end-632\"> B\u00e9n\u00e9ficiant d&#039;une r\u00e9p\u00e9tabilit\u00e9 remarquable de <sup class=\"superscript\" data-turn-source-index=\"2\">2<\/sup><\/span><b><span class=\"math-inline\" data-math=\"\\pm 0.02\">$\\pm 0,02$<\/span><span class=\"citation-631\"> mm<\/span><\/b><span class=\"citation-631 citation-end-631\">, l&#039;UFactory 850 est adapt\u00e9 aux t\u00e2ches de haute pr\u00e9cision telles que l&#039;assemblage, l&#039;entretien des machines et l&#039;inspection.<\/span><\/li>\n<li><b>Port\u00e9e et charge utile \u00e9tendues\u00a0:<\/b><span class=\"citation-630\"> Il dispose d&#039;un impressionnant <\/span><b><span class=\"citation-630\">port\u00e9e de 850 mm<\/span><\/b><span class=\"citation-630\"> et un maximum <\/span><b><span class=\"citation-630\">charge utile de 5 kg<\/span><\/b><span class=\"citation-630 citation-end-630\">, ce qui le rend tr\u00e8s polyvalent pour r\u00e9pondre \u00e0 divers d\u00e9fis industriels.<\/span><\/li>\n<li><b><span class=\"citation-629\">Construction durable et l\u00e9g\u00e8re :<\/span><\/b><span class=\"citation-629\"> Construit \u00e0 partir d&#039;un m\u00e9lange de fibre de carbone et d&#039;aluminium, le poids du syst\u00e8me est consid\u00e9rablement r\u00e9duit (environ <\/span><b><span class=\"citation-629\">17-20 kg<\/span><\/b><span class=\"citation-629 citation-end-629\">), facilitant ainsi un d\u00e9ploiement et une configuration plus faciles dans divers environnements.<\/span><\/li>\n<li><b>D\u00e9ploiement flexible et s\u00e9curit\u00e9 :<\/b><span class=\"citation-628\"> Le robot prend en charge <\/span><b><span class=\"citation-628\">enseignement manuel<\/span><\/b><span class=\"citation-628\"> pour un red\u00e9ploiement facile sans programmation complexe, et son <\/span><b><span class=\"citation-628\">d\u00e9tection de collision<\/span><\/b><span class=\"citation-628 citation-end-628\"> La fonction garantit un environnement de travail plus s\u00fbr.<\/span><\/li>\n<li><b>Programmation conviviale :<\/b><span class=\"citation-627\"> La programmation est rendue accessible \u00e0 tous les niveaux d&#039;utilisateurs gr\u00e2ce au logiciel propri\u00e9taire <\/span><b><span class=\"citation-627\">Studio UFACTORY<\/span><\/b><span class=\"citation-627 citation-end-627\">, une plate-forme d&#039;interface graphique Web qui prend en charge la programmation visuelle par glisser-d\u00e9poser.<\/span><\/li>\n<li><b>D\u00e9veloppement Open Source :<\/b><span class=\"citation-626\"> Pour les utilisateurs avanc\u00e9s, il offre une solution open source enti\u00e8rement fonctionnelle <\/span><b><span class=\"citation-626\">Kit de d\u00e9veloppement logiciel (SDK) Python\/C++<\/span><\/b><span class=\"citation-626\"> et pr\u00eat \u00e0 partir <\/span><b><span class=\"citation-626\">Paquets ROS\/ROS2<\/span><\/b><span class=\"citation-626 citation-end-626\">, permettant une personnalisation approfondie et une int\u00e9gration transparente dans les syst\u00e8mes robotiques existants.<\/span><\/li>\n<li><b>Connectivit\u00e9 et compatibilit\u00e9 :<\/b><span class=\"citation-625\"> Le bras utilise un interne autonome <\/span><b><span class=\"citation-625\">C\u00e2ble Ethernet 100 Mbps<\/span><\/b><span class=\"citation-625 citation-end-625\"> pour une stabilit\u00e9 am\u00e9lior\u00e9e du syst\u00e8me et une compatibilit\u00e9 avec les syst\u00e8mes de vision tiers (via un c\u00e2ble CAT5 standard).<sup class=\"superscript\" data-turn-source-index=\"9\">9<\/sup><\/span> <span class=\"citation-624 citation-end-624\">Il prend en charge divers accessoires officiels, notamment des pinces, des pinces \u00e0 vide et des capteurs de force\/couple \u00e0 6 axes.<\/span><\/li>\n<li><b><span class=\"citation-623\">Options d&#039;alimentation\u00a0:<\/span><\/b><span class=\"citation-623\"> Disponible avec un <\/span><b><span class=\"citation-623\">Bo\u00eetier de commande AC<\/span><\/b><span class=\"citation-623\"> (100\u2013240 V) et un <\/span><b><span class=\"citation-623\">Bo\u00eetier de commande CC<\/span><\/b><span class=\"citation-623 citation-end-623\"> Option (48\u201372 V), cette derni\u00e8re la rendant adapt\u00e9e au d\u00e9ploiement sur des plates-formes mobiles.<\/span><\/li>\n<\/ul>\n<p><span class=\"citation-622\">L&#039;UFactory 850 est un choix id\u00e9al pour des t\u00e2ches telles que <\/span><b><span class=\"citation-622\">automatisation de la vision, surveillance des machines, pr\u00e9l\u00e8vement de bacs,<\/span><\/b><span class=\"citation-622\"> et <\/span><b><span class=\"citation-622\">recherche robotique<\/span><\/b><span class=\"citation-622 citation-end-622\">, offrant une fiabilit\u00e9 et une pr\u00e9cision industrielles avec une exp\u00e9rience de programmation et d&#039;int\u00e9gration simplifi\u00e9e.<\/span><\/p>\n<p>&nbsp;<\/p>\n<p>&nbsp;<\/p>","protected":false},"excerpt":{"rendered":"<p>L&#039;UFactory 850 est un bras robotique hautes performances \u00e0 6 degr\u00e9s de libert\u00e9 (6 DoF) con\u00e7u pour un large \u00e9ventail d&#039;applications d&#039;automatisation industrielle et de recherche, offrant des performances exceptionnelles \u00e0 un prix comp\u00e9titif.<\/p>\n<ul>\n<li>6 axes<\/li>\n<li>Charge utile 5 kg<\/li>\n<li>Port\u00e9e 850 mm<\/li>\n<li>R\u00e9p\u00e9tabilit\u00e9 0,02 mm<\/li>\n<li>Vitesse maximale 1 m\/s<\/li>\n<\/ul>","protected":false},"featured_media":22049,"comment_status":"open","ping_status":"closed","template":"","meta":[],"product_brand":[1148],"product_cat":[1037,1145,1146],"product_tag":[1149,1150,1151],"class_list":{"0":"post-22044","1":"product","2":"type-product","3":"status-publish","4":"has-post-thumbnail","6":"product_brand-ufactory","7":"product_cat-robotics","8":"product_cat-ufactory","9":"product_cat-arms","10":"product_tag-ufactory","11":"product_tag-ufactory-850-series","12":"product_tag-ufactory-arm","14":"first","15":"onbackorder","16":"taxable","17":"shipping-taxable","18":"purchasable","19":"product-type-simple"},"yoast_head":"<!-- This site is optimized with the Yoast SEO plugin v27.4 - https:\/\/yoast.com\/product\/yoast-seo-wordpress\/ -->\n<title>UFactory 850 - Ghostysky<\/title>\n<meta name=\"description\" content=\"The UFactory 850 is a high-performance, 6-Degree-of-Freedom (6 DoF) robotic arm designed for a wide array of industrial automation and research applications, offering exceptional performance at a competitive price point.\" \/>\n<meta name=\"robots\" content=\"index, follow, max-snippet:-1, max-image-preview:large, max-video-preview:-1\" \/>\n<link rel=\"canonical\" href=\"https:\/\/www.ghostysky.com\/fr\/product\/ufactory-850\/\" \/>\n<meta property=\"og:locale\" content=\"fr_FR\" \/>\n<meta property=\"og:type\" content=\"article\" \/>\n<meta property=\"og:title\" content=\"UFactory 850 - Ghostysky\" \/>\n<meta property=\"og:description\" content=\"The UFactory 850 is a high-performance, 6-Degree-of-Freedom (6 DoF) robotic arm designed for a wide array of industrial automation and research applications, offering exceptional performance at a competitive price point.\" \/>\n<meta property=\"og:url\" content=\"https:\/\/www.ghostysky.com\/fr\/product\/ufactory-850\/\" \/>\n<meta property=\"og:site_name\" content=\"Ghostysky\" \/>\n<meta property=\"article:publisher\" content=\"https:\/\/www.facebook.com\/people\/Ghostysky\/100057676170234\/\" \/>\n<meta property=\"article:modified_time\" content=\"2025-10-19T14:22:04+00:00\" \/>\n<meta property=\"og:image\" content=\"https:\/\/www.ghostysky.com\/wp-content\/uploads\/2025\/10\/GH_UFactory_850_1.png\" \/>\n\t<meta property=\"og:image:width\" content=\"768\" \/>\n\t<meta property=\"og:image:height\" content=\"768\" \/>\n\t<meta property=\"og:image:type\" content=\"image\/png\" \/>\n<meta name=\"twitter:card\" content=\"summary_large_image\" \/>\n<meta name=\"twitter:site\" content=\"@Gh0stysky\" \/>\n<meta name=\"twitter:label1\" content=\"Dur\u00e9e de lecture estim\u00e9e\" \/>\n\t<meta name=\"twitter:data1\" content=\"2 minutes\" \/>\n<script type=\"application\/ld+json\" class=\"yoast-schema-graph\">{\"@context\":\"https:\\\/\\\/schema.org\",\"@graph\":[{\"@type\":\"WebPage\",\"@id\":\"https:\\\/\\\/www.ghostysky.com\\\/product\\\/ufactory-850\\\/\",\"url\":\"https:\\\/\\\/www.ghostysky.com\\\/product\\\/ufactory-850\\\/\",\"name\":\"UFactory 850 - Ghostysky\",\"isPartOf\":{\"@id\":\"https:\\\/\\\/www.ghostysky.com\\\/#website\"},\"primaryImageOfPage\":{\"@id\":\"https:\\\/\\\/www.ghostysky.com\\\/product\\\/ufactory-850\\\/#primaryimage\"},\"image\":{\"@id\":\"https:\\\/\\\/www.ghostysky.com\\\/product\\\/ufactory-850\\\/#primaryimage\"},\"thumbnailUrl\":\"https:\\\/\\\/www.ghostysky.com\\\/wp-content\\\/uploads\\\/2025\\\/10\\\/GH_UFactory_850_1.png\",\"datePublished\":\"2025-10-19T14:21:26+00:00\",\"dateModified\":\"2025-10-19T14:22:04+00:00\",\"description\":\"The UFactory 850 is a high-performance, 6-Degree-of-Freedom (6 DoF) robotic arm designed for a wide array of industrial automation and research applications, offering exceptional performance at a competitive price point.\",\"breadcrumb\":{\"@id\":\"https:\\\/\\\/www.ghostysky.com\\\/product\\\/ufactory-850\\\/#breadcrumb\"},\"inLanguage\":\"fr-FR\",\"potentialAction\":[{\"@type\":\"ReadAction\",\"target\":[\"https:\\\/\\\/www.ghostysky.com\\\/product\\\/ufactory-850\\\/\"]}]},{\"@type\":\"ImageObject\",\"inLanguage\":\"fr-FR\",\"@id\":\"https:\\\/\\\/www.ghostysky.com\\\/product\\\/ufactory-850\\\/#primaryimage\",\"url\":\"https:\\\/\\\/www.ghostysky.com\\\/wp-content\\\/uploads\\\/2025\\\/10\\\/GH_UFactory_850_1.png\",\"contentUrl\":\"https:\\\/\\\/www.ghostysky.com\\\/wp-content\\\/uploads\\\/2025\\\/10\\\/GH_UFactory_850_1.png\",\"width\":768,\"height\":768},{\"@type\":\"BreadcrumbList\",\"@id\":\"https:\\\/\\\/www.ghostysky.com\\\/product\\\/ufactory-850\\\/#breadcrumb\",\"itemListElement\":[{\"@type\":\"ListItem\",\"position\":1,\"name\":\"Home\",\"item\":\"https:\\\/\\\/www.ghostysky.com\\\/\"},{\"@type\":\"ListItem\",\"position\":2,\"name\":\"Shop\",\"item\":\"https:\\\/\\\/www.ghostysky.com\\\/shop\\\/\"},{\"@type\":\"ListItem\",\"position\":3,\"name\":\"UFactory 850\"}]},{\"@type\":\"WebSite\",\"@id\":\"https:\\\/\\\/www.ghostysky.com\\\/#website\",\"url\":\"https:\\\/\\\/www.ghostysky.com\\\/\",\"name\":\"Ghostysky\",\"description\":\"Delivering professional drones and services\",\"publisher\":{\"@id\":\"https:\\\/\\\/www.ghostysky.com\\\/#organization\"},\"potentialAction\":[{\"@type\":\"SearchAction\",\"target\":{\"@type\":\"EntryPoint\",\"urlTemplate\":\"https:\\\/\\\/www.ghostysky.com\\\/?s={search_term_string}\"},\"query-input\":{\"@type\":\"PropertyValueSpecification\",\"valueRequired\":true,\"valueName\":\"search_term_string\"}}],\"inLanguage\":\"fr-FR\"},{\"@type\":\"Organization\",\"@id\":\"https:\\\/\\\/www.ghostysky.com\\\/#organization\",\"name\":\"Ghostysky\",\"url\":\"https:\\\/\\\/www.ghostysky.com\\\/\",\"logo\":{\"@type\":\"ImageObject\",\"inLanguage\":\"fr-FR\",\"@id\":\"https:\\\/\\\/www.ghostysky.com\\\/#\\\/schema\\\/logo\\\/image\\\/\",\"url\":\"https:\\\/\\\/www.ghostysky.com\\\/wp-content\\\/uploads\\\/2020\\\/06\\\/cropped-ghostyskylogo_text_white2.png\",\"contentUrl\":\"https:\\\/\\\/www.ghostysky.com\\\/wp-content\\\/uploads\\\/2020\\\/06\\\/cropped-ghostyskylogo_text_white2.png\",\"width\":169,\"height\":56,\"caption\":\"Ghostysky\"},\"image\":{\"@id\":\"https:\\\/\\\/www.ghostysky.com\\\/#\\\/schema\\\/logo\\\/image\\\/\"},\"sameAs\":[\"https:\\\/\\\/www.facebook.com\\\/people\\\/Ghostysky\\\/100057676170234\\\/\",\"https:\\\/\\\/x.com\\\/Gh0stysky\",\"https:\\\/\\\/www.linkedin.com\\\/company\\\/34739653\",\"https:\\\/\\\/www.instagram.com\\\/gh0stysky\"]}]}<\/script>\n<!-- \/ Yoast SEO plugin. -->","yoast_head_json":{"title":"UFactory 850 - Ghostysky","description":"L&#039;UFactory 850 est un bras robotique hautes performances \u00e0 6 degr\u00e9s de libert\u00e9 (6 DoF) con\u00e7u pour un large \u00e9ventail d&#039;applications d&#039;automatisation industrielle et de recherche, offrant des performances exceptionnelles \u00e0 un prix comp\u00e9titif.","robots":{"index":"index","follow":"follow","max-snippet":"max-snippet:-1","max-image-preview":"max-image-preview:large","max-video-preview":"max-video-preview:-1"},"canonical":"https:\/\/www.ghostysky.com\/fr\/product\/ufactory-850\/","og_locale":"fr_FR","og_type":"article","og_title":"UFactory 850 - Ghostysky","og_description":"The UFactory 850 is a high-performance, 6-Degree-of-Freedom (6 DoF) robotic arm designed for a wide array of industrial automation and research applications, offering exceptional performance at a competitive price point.","og_url":"https:\/\/www.ghostysky.com\/fr\/product\/ufactory-850\/","og_site_name":"Ghostysky","article_publisher":"https:\/\/www.facebook.com\/people\/Ghostysky\/100057676170234\/","article_modified_time":"2025-10-19T14:22:04+00:00","og_image":[{"width":768,"height":768,"url":"https:\/\/www.ghostysky.com\/wp-content\/uploads\/2025\/10\/GH_UFactory_850_1.png","type":"image\/png"}],"twitter_card":"summary_large_image","twitter_site":"@Gh0stysky","twitter_misc":{"Dur\u00e9e de lecture estim\u00e9e":"2 minutes"},"schema":{"@context":"https:\/\/schema.org","@graph":[{"@type":"WebPage","@id":"https:\/\/www.ghostysky.com\/product\/ufactory-850\/","url":"https:\/\/www.ghostysky.com\/product\/ufactory-850\/","name":"UFactory 850 - Ghostysky","isPartOf":{"@id":"https:\/\/www.ghostysky.com\/#website"},"primaryImageOfPage":{"@id":"https:\/\/www.ghostysky.com\/product\/ufactory-850\/#primaryimage"},"image":{"@id":"https:\/\/www.ghostysky.com\/product\/ufactory-850\/#primaryimage"},"thumbnailUrl":"https:\/\/www.ghostysky.com\/wp-content\/uploads\/2025\/10\/GH_UFactory_850_1.png","datePublished":"2025-10-19T14:21:26+00:00","dateModified":"2025-10-19T14:22:04+00:00","description":"L&#039;UFactory 850 est un bras robotique hautes performances \u00e0 6 degr\u00e9s de libert\u00e9 (6 DoF) con\u00e7u pour un large \u00e9ventail d&#039;applications d&#039;automatisation industrielle et de recherche, offrant des performances exceptionnelles \u00e0 un prix comp\u00e9titif.","breadcrumb":{"@id":"https:\/\/www.ghostysky.com\/product\/ufactory-850\/#breadcrumb"},"inLanguage":"fr-FR","potentialAction":[{"@type":"ReadAction","target":["https:\/\/www.ghostysky.com\/product\/ufactory-850\/"]}]},{"@type":"ImageObject","inLanguage":"fr-FR","@id":"https:\/\/www.ghostysky.com\/product\/ufactory-850\/#primaryimage","url":"https:\/\/www.ghostysky.com\/wp-content\/uploads\/2025\/10\/GH_UFactory_850_1.png","contentUrl":"https:\/\/www.ghostysky.com\/wp-content\/uploads\/2025\/10\/GH_UFactory_850_1.png","width":768,"height":768},{"@type":"BreadcrumbList","@id":"https:\/\/www.ghostysky.com\/product\/ufactory-850\/#breadcrumb","itemListElement":[{"@type":"ListItem","position":1,"name":"Home","item":"https:\/\/www.ghostysky.com\/"},{"@type":"ListItem","position":2,"name":"Shop","item":"https:\/\/www.ghostysky.com\/shop\/"},{"@type":"ListItem","position":3,"name":"UFactory 850"}]},{"@type":"WebSite","@id":"https:\/\/www.ghostysky.com\/#website","url":"https:\/\/www.ghostysky.com\/","name":"Ghostysky","description":"Livraison de drones et de services professionnels","publisher":{"@id":"https:\/\/www.ghostysky.com\/#organization"},"potentialAction":[{"@type":"SearchAction","target":{"@type":"EntryPoint","urlTemplate":"https:\/\/www.ghostysky.com\/?s={search_term_string}"},"query-input":{"@type":"PropertyValueSpecification","valueRequired":true,"valueName":"search_term_string"}}],"inLanguage":"fr-FR"},{"@type":"Organization","@id":"https:\/\/www.ghostysky.com\/#organization","name":"Ghostysky","url":"https:\/\/www.ghostysky.com\/","logo":{"@type":"ImageObject","inLanguage":"fr-FR","@id":"https:\/\/www.ghostysky.com\/#\/schema\/logo\/image\/","url":"https:\/\/www.ghostysky.com\/wp-content\/uploads\/2020\/06\/cropped-ghostyskylogo_text_white2.png","contentUrl":"https:\/\/www.ghostysky.com\/wp-content\/uploads\/2020\/06\/cropped-ghostyskylogo_text_white2.png","width":169,"height":56,"caption":"Ghostysky"},"image":{"@id":"https:\/\/www.ghostysky.com\/#\/schema\/logo\/image\/"},"sameAs":["https:\/\/www.facebook.com\/people\/Ghostysky\/100057676170234\/","https:\/\/x.com\/Gh0stysky","https:\/\/www.linkedin.com\/company\/34739653","https:\/\/www.instagram.com\/gh0stysky"]}]}},"_links":{"self":[{"href":"https:\/\/www.ghostysky.com\/fr\/wp-json\/wp\/v2\/product\/22044","targetHints":{"allow":["GET"]}}],"collection":[{"href":"https:\/\/www.ghostysky.com\/fr\/wp-json\/wp\/v2\/product"}],"about":[{"href":"https:\/\/www.ghostysky.com\/fr\/wp-json\/wp\/v2\/types\/product"}],"replies":[{"embeddable":true,"href":"https:\/\/www.ghostysky.com\/fr\/wp-json\/wp\/v2\/comments?post=22044"}],"version-history":[{"count":0,"href":"https:\/\/www.ghostysky.com\/fr\/wp-json\/wp\/v2\/product\/22044\/revisions"}],"wp:featuredmedia":[{"embeddable":true,"href":"https:\/\/www.ghostysky.com\/fr\/wp-json\/wp\/v2\/media\/22049"}],"wp:attachment":[{"href":"https:\/\/www.ghostysky.com\/fr\/wp-json\/wp\/v2\/media?parent=22044"}],"wp:term":[{"taxonomy":"product_brand","embeddable":true,"href":"https:\/\/www.ghostysky.com\/fr\/wp-json\/wp\/v2\/product_brand?post=22044"},{"taxonomy":"product_cat","embeddable":true,"href":"https:\/\/www.ghostysky.com\/fr\/wp-json\/wp\/v2\/product_cat?post=22044"},{"taxonomy":"product_tag","embeddable":true,"href":"https:\/\/www.ghostysky.com\/fr\/wp-json\/wp\/v2\/product_tag?post=22044"}],"curies":[{"name":"wp","href":"https:\/\/api.w.org\/{rel}","templated":true}]}}