{"id":22050,"date":"2025-10-19T14:28:13","date_gmt":"2025-10-19T14:28:13","guid":{"rendered":"https:\/\/www.ghostysky.com\/?post_type=product&#038;p=22050"},"modified":"2025-10-21T06:03:59","modified_gmt":"2025-10-21T06:03:59","slug":"ufactory-xarm-5","status":"publish","type":"product","link":"https:\/\/www.ghostysky.com\/fr\/product\/ufactory-xarm-5\/","title":{"rendered":"UFACTORY xArm 5"},"content":{"rendered":"<h5><b>Principales caract\u00e9ristiques et sp\u00e9cifications<\/b><\/h5>\n<ul>\n<li><b>Axe\/Degr\u00e9s de libert\u00e9 (DoF) :<\/b><span class=\"citation-662 citation-end-662\"> 5<\/span><\/li>\n<li><b><span class=\"citation-661\">Capacit\u00e9 de charge utile :<\/span><\/b><span class=\"citation-661 citation-end-661\"> 3 kg<\/span><\/li>\n<li><b><span class=\"citation-660\">Atteindre:<\/span><\/b><span class=\"citation-660 citation-end-660\"> 700 mm<\/span><\/li>\n<li><b><span class=\"citation-659\">R\u00e9p\u00e9tabilit\u00e9 (Pr\u00e9cision) :<\/span><\/b><span class=\"citation-659 citation-end-659\"> <sup class=\"superscript\" data-turn-source-index=\"5\">5<\/sup><\/span><span class=\"math-inline\" data-math=\"\\pm0.1\">$\\pm0.1$<\/span><span class=\"citation-658 citation-end-658\"> mm, ce qui le rend adapt\u00e9 aux t\u00e2ches n\u00e9cessitant de la pr\u00e9cision.<\/span><\/li>\n<li><b><span class=\"citation-657\">Conception l\u00e9g\u00e8re :<\/span><\/b><span class=\"citation-657 citation-end-657\"> Fabriqu\u00e9 en fibre de carbone et en aluminium, le bras robotis\u00e9 p\u00e8se environ 11,2 kg, ce qui facilite le d\u00e9ploiement et le red\u00e9ploiement.<\/span><\/li>\n<li><b>Vitesse:<\/b><span class=\"citation-656 citation-end-656\"> Vitesse maximale de <sup class=\"superscript\" data-turn-source-index=\"8\">8<\/sup><\/span><span class=\"math-inline\" data-math=\"1 \\text{ m\/s}\">$1 \\texte{ m\/s}$<\/span><span class=\"citation-655 citation-end-655\">.<\/span><\/li>\n<li><b>Contr\u00f4le et programmation :<\/b><span class=\"citation-654\"> Caract\u00e9ristiques conviviales <\/span><b><span class=\"citation-654\">Studio UFACTORY<\/span><\/b><span class=\"citation-654 citation-end-654\">, une plate-forme d&#039;interface utilisateur graphique (GUI) enti\u00e8rement compatible avec la programmation par glisser-d\u00e9poser, parfaite pour les d\u00e9butants.<sup class=\"superscript\" data-turn-source-index=\"10\">10<\/sup><\/span> <span class=\"citation-653 citation-end-653\">Il prend \u00e9galement en charge plusieurs syst\u00e8mes d&#039;exploitation et propose des SDK open source puissants (notamment Python, ROS et C++) pour les utilisateurs avanc\u00e9s.<\/span><\/li>\n<li><b>Durabilit\u00e9:<\/b><span class=\"citation-652 citation-end-652\"> \u00c9quip\u00e9 d&#039;un r\u00e9ducteur d&#039;harmoniques int\u00e9gr\u00e9, d&#039;un servo sans balais et d&#039;un codeur absolu multitours 17 bits, garantissant pr\u00e9cision et durabilit\u00e9 pour un fonctionnement continu <sup class=\"superscript\" data-turn-source-index=\"12\">12<\/sup><\/span><span class=\"math-inline\" data-math=\"24\/7\">$24\/7$<\/span><span class=\"citation-651 citation-end-651\"> op\u00e9ration.<\/span><\/li>\n<li><b>S\u00e9curit\u00e9:<\/b><span class=\"citation-650 citation-end-650\"> Int\u00e8gre la d\u00e9tection de collision pour une collaboration homme-robot en toute s\u00e9curit\u00e9.<\/span><\/li>\n<\/ul>\n<p><b>Applications id\u00e9ales :<\/b><\/p>\n<p><span class=\"citation-649 citation-end-649\">Le xArm 5 est principalement con\u00e7u pour les t\u00e2ches simples et r\u00e9p\u00e9titives et sert de point d&#039;entr\u00e9e abordable pour l&#039;automatisation dans divers environnements, notamment la fabrication l\u00e9g\u00e8re, l&#039;utilisation commerciale et les applications de laboratoire.\u00a0<\/span>Les utilisations courantes incluent\u00a0:<\/p>\n<ul>\n<li><b>Op\u00e9rations Pick and Place<\/b><\/li>\n<li><b>Assemblage de pi\u00e8ces simples<\/b><\/li>\n<li><b>Entretien des machines<\/b><\/li>\n<li><b>Ramassage de bacs<\/b><\/li>\n<li><b>Automatisation de laboratoire<\/b><\/li>\n<li><b>Recherche et \u00e9ducation en robotique<\/b><\/li>\n<\/ul>\n<p>L&#039;UFACTORY xArm 5 offre une solution puissante, flexible et facile \u00e0 utiliser pour les entreprises et les chercheurs qui cherchent \u00e0 automatiser avec un robot collaboratif de qualit\u00e9 industrielle, mais \u00e9conomique.<\/p>","protected":false},"excerpt":{"rendered":"<p><span class=\"citation-663\">L&#039;UFACTORY xArm 5 est un syst\u00e8me de mesure de haute pr\u00e9cision et \u00e9conomique. <\/span><b><span class=\"citation-663\">Bras robotique collaboratif \u00e0 5 axes<\/span><\/b><span class=\"citation-663 citation-end-663\"> con\u00e7u pour rendre l&#039;automatisation industrielle accessible.<\/span><\/p>\n<ul>\n<li>5 axes<\/li>\n<li>Charge utile 3 kg<\/li>\n<li>Port\u00e9e 700 mm<\/li>\n<li>R\u00e9p\u00e9tabilit\u00e9 0,1 mm<\/li>\n<li>Vitesse maximale 1000 mm\/s<\/li>\n<\/ul>","protected":false},"featured_media":22055,"comment_status":"open","ping_status":"closed","template":"","meta":[],"product_brand":[1148],"product_cat":[1037,1145,1146],"product_tag":[1149,1151,1152],"class_list":{"0":"post-22050","1":"product","2":"type-product","3":"status-publish","4":"has-post-thumbnail","6":"product_brand-ufactory","7":"product_cat-robotics","8":"product_cat-ufactory","9":"product_cat-arms","10":"product_tag-ufactory","11":"product_tag-ufactory-arm","12":"product_tag-ufactory-xarm5","14":"first","15":"onbackorder","16":"taxable","17":"shipping-taxable","18":"purchasable","19":"product-type-simple"},"yoast_head":"<!-- This site is optimized with the Yoast SEO plugin v27.1.1 - https:\/\/yoast.com\/product\/yoast-seo-wordpress\/ -->\n<title>UFACTORY xArm 5 - Ghostysky<\/title>\n<meta name=\"description\" content=\"The UFACTORY xArm 5 is a cost-effective, high-precision 5-axis collaborative robotic arm designed to make industrial automation accessible.5 AxisPayload 3 kgReach 700 mmRepeatability 0.1 mmMax Speed 1000 mm\/s\" \/>\n<meta name=\"robots\" content=\"index, follow, max-snippet:-1, max-image-preview:large, max-video-preview:-1\" \/>\n<link rel=\"canonical\" href=\"https:\/\/www.ghostysky.com\/fr\/product\/ufactory-xarm-5\/\" \/>\n<meta property=\"og:locale\" content=\"fr_FR\" \/>\n<meta property=\"og:type\" content=\"article\" \/>\n<meta property=\"og:title\" content=\"UFACTORY xArm 5 - Ghostysky\" \/>\n<meta property=\"og:description\" content=\"The UFACTORY xArm 5 is a cost-effective, high-precision 5-axis collaborative robotic arm designed to make industrial automation accessible.5 AxisPayload 3 kgReach 700 mmRepeatability 0.1 mmMax Speed 1000 mm\/s\" \/>\n<meta property=\"og:url\" content=\"https:\/\/www.ghostysky.com\/fr\/product\/ufactory-xarm-5\/\" \/>\n<meta property=\"og:site_name\" content=\"Ghostysky\" \/>\n<meta property=\"article:publisher\" content=\"https:\/\/www.facebook.com\/people\/Ghostysky\/100057676170234\/\" \/>\n<meta property=\"article:modified_time\" content=\"2025-10-21T06:03:59+00:00\" \/>\n<meta property=\"og:image\" content=\"https:\/\/www.ghostysky.com\/wp-content\/uploads\/2025\/10\/GH_UFactory_Xarm5_1.png\" \/>\n\t<meta property=\"og:image:width\" content=\"2084\" \/>\n\t<meta property=\"og:image:height\" content=\"2084\" \/>\n\t<meta property=\"og:image:type\" content=\"image\/png\" \/>\n<meta name=\"twitter:card\" content=\"summary_large_image\" \/>\n<meta name=\"twitter:site\" content=\"@Gh0stysky\" \/>\n<meta name=\"twitter:label1\" content=\"Dur\u00e9e de lecture estim\u00e9e\" \/>\n\t<meta name=\"twitter:data1\" content=\"2 minutes\" \/>\n<script type=\"application\/ld+json\" class=\"yoast-schema-graph\">{\"@context\":\"https:\/\/schema.org\",\"@graph\":[{\"@type\":\"WebPage\",\"@id\":\"https:\/\/www.ghostysky.com\/product\/ufactory-xarm-5\/\",\"url\":\"https:\/\/www.ghostysky.com\/product\/ufactory-xarm-5\/\",\"name\":\"UFACTORY xArm 5 - Ghostysky\",\"isPartOf\":{\"@id\":\"https:\/\/www.ghostysky.com\/#website\"},\"primaryImageOfPage\":{\"@id\":\"https:\/\/www.ghostysky.com\/product\/ufactory-xarm-5\/#primaryimage\"},\"image\":{\"@id\":\"https:\/\/www.ghostysky.com\/product\/ufactory-xarm-5\/#primaryimage\"},\"thumbnailUrl\":\"https:\/\/www.ghostysky.com\/wp-content\/uploads\/2025\/10\/GH_UFactory_Xarm5_1.png\",\"datePublished\":\"2025-10-19T14:28:13+00:00\",\"dateModified\":\"2025-10-21T06:03:59+00:00\",\"description\":\"The UFACTORY xArm 5 is a cost-effective, high-precision 5-axis collaborative robotic arm designed to make industrial automation accessible.5 AxisPayload 3 kgReach 700 mmRepeatability 0.1 mmMax Speed 1000 mm\/s\",\"breadcrumb\":{\"@id\":\"https:\/\/www.ghostysky.com\/product\/ufactory-xarm-5\/#breadcrumb\"},\"inLanguage\":\"fr-FR\",\"potentialAction\":[{\"@type\":\"ReadAction\",\"target\":[\"https:\/\/www.ghostysky.com\/product\/ufactory-xarm-5\/\"]}]},{\"@type\":\"ImageObject\",\"inLanguage\":\"fr-FR\",\"@id\":\"https:\/\/www.ghostysky.com\/product\/ufactory-xarm-5\/#primaryimage\",\"url\":\"https:\/\/www.ghostysky.com\/wp-content\/uploads\/2025\/10\/GH_UFactory_Xarm5_1.png\",\"contentUrl\":\"https:\/\/www.ghostysky.com\/wp-content\/uploads\/2025\/10\/GH_UFactory_Xarm5_1.png\",\"width\":2084,\"height\":2084},{\"@type\":\"BreadcrumbList\",\"@id\":\"https:\/\/www.ghostysky.com\/product\/ufactory-xarm-5\/#breadcrumb\",\"itemListElement\":[{\"@type\":\"ListItem\",\"position\":1,\"name\":\"Home\",\"item\":\"https:\/\/www.ghostysky.com\/\"},{\"@type\":\"ListItem\",\"position\":2,\"name\":\"Shop\",\"item\":\"https:\/\/www.ghostysky.com\/shop\/\"},{\"@type\":\"ListItem\",\"position\":3,\"name\":\"UFACTORY xArm 5\"}]},{\"@type\":\"WebSite\",\"@id\":\"https:\/\/www.ghostysky.com\/#website\",\"url\":\"https:\/\/www.ghostysky.com\/\",\"name\":\"Ghostysky\",\"description\":\"Delivering professional drones and services\",\"publisher\":{\"@id\":\"https:\/\/www.ghostysky.com\/#organization\"},\"potentialAction\":[{\"@type\":\"SearchAction\",\"target\":{\"@type\":\"EntryPoint\",\"urlTemplate\":\"https:\/\/www.ghostysky.com\/?s={search_term_string}\"},\"query-input\":{\"@type\":\"PropertyValueSpecification\",\"valueRequired\":true,\"valueName\":\"search_term_string\"}}],\"inLanguage\":\"fr-FR\"},{\"@type\":\"Organization\",\"@id\":\"https:\/\/www.ghostysky.com\/#organization\",\"name\":\"Ghostysky\",\"url\":\"https:\/\/www.ghostysky.com\/\",\"logo\":{\"@type\":\"ImageObject\",\"inLanguage\":\"fr-FR\",\"@id\":\"https:\/\/www.ghostysky.com\/#\/schema\/logo\/image\/\",\"url\":\"https:\/\/www.ghostysky.com\/wp-content\/uploads\/2020\/06\/cropped-ghostyskylogo_text_white2.png\",\"contentUrl\":\"https:\/\/www.ghostysky.com\/wp-content\/uploads\/2020\/06\/cropped-ghostyskylogo_text_white2.png\",\"width\":169,\"height\":56,\"caption\":\"Ghostysky\"},\"image\":{\"@id\":\"https:\/\/www.ghostysky.com\/#\/schema\/logo\/image\/\"},\"sameAs\":[\"https:\/\/www.facebook.com\/people\/Ghostysky\/100057676170234\/\",\"https:\/\/x.com\/Gh0stysky\",\"https:\/\/www.linkedin.com\/company\/34739653\",\"https:\/\/www.instagram.com\/gh0stysky\"]}]}<\/script>\n<!-- \/ Yoast SEO plugin. -->","yoast_head_json":{"title":"UFACTORY xArm 5 - Ghostysky","description":"L&#039;UFACTORY xArm 5 est un bras robotique collaboratif 5 axes \u00e9conomique et de haute pr\u00e9cision con\u00e7u pour rendre l&#039;automatisation industrielle accessible. 5 axes Charge utile 3 kg Port\u00e9e 700 mm R\u00e9p\u00e9tabilit\u00e9 0,1 mm Vitesse maximale 1\u00a0000 mm\/s","robots":{"index":"index","follow":"follow","max-snippet":"max-snippet:-1","max-image-preview":"max-image-preview:large","max-video-preview":"max-video-preview:-1"},"canonical":"https:\/\/www.ghostysky.com\/fr\/product\/ufactory-xarm-5\/","og_locale":"fr_FR","og_type":"article","og_title":"UFACTORY xArm 5 - Ghostysky","og_description":"The UFACTORY xArm 5 is a cost-effective, high-precision 5-axis collaborative robotic arm designed to make industrial automation accessible.5 AxisPayload 3 kgReach 700 mmRepeatability 0.1 mmMax Speed 1000 mm\/s","og_url":"https:\/\/www.ghostysky.com\/fr\/product\/ufactory-xarm-5\/","og_site_name":"Ghostysky","article_publisher":"https:\/\/www.facebook.com\/people\/Ghostysky\/100057676170234\/","article_modified_time":"2025-10-21T06:03:59+00:00","og_image":[{"width":2084,"height":2084,"url":"https:\/\/www.ghostysky.com\/wp-content\/uploads\/2025\/10\/GH_UFactory_Xarm5_1.png","type":"image\/png"}],"twitter_card":"summary_large_image","twitter_site":"@Gh0stysky","twitter_misc":{"Dur\u00e9e de lecture estim\u00e9e":"2 minutes"},"schema":{"@context":"https:\/\/schema.org","@graph":[{"@type":"WebPage","@id":"https:\/\/www.ghostysky.com\/product\/ufactory-xarm-5\/","url":"https:\/\/www.ghostysky.com\/product\/ufactory-xarm-5\/","name":"UFACTORY xArm 5 - Ghostysky","isPartOf":{"@id":"https:\/\/www.ghostysky.com\/#website"},"primaryImageOfPage":{"@id":"https:\/\/www.ghostysky.com\/product\/ufactory-xarm-5\/#primaryimage"},"image":{"@id":"https:\/\/www.ghostysky.com\/product\/ufactory-xarm-5\/#primaryimage"},"thumbnailUrl":"https:\/\/www.ghostysky.com\/wp-content\/uploads\/2025\/10\/GH_UFactory_Xarm5_1.png","datePublished":"2025-10-19T14:28:13+00:00","dateModified":"2025-10-21T06:03:59+00:00","description":"L&#039;UFACTORY xArm 5 est un bras robotique collaboratif 5 axes \u00e9conomique et de haute pr\u00e9cision con\u00e7u pour rendre l&#039;automatisation industrielle accessible. 5 axes Charge utile 3 kg Port\u00e9e 700 mm R\u00e9p\u00e9tabilit\u00e9 0,1 mm Vitesse maximale 1\u00a0000 mm\/s","breadcrumb":{"@id":"https:\/\/www.ghostysky.com\/product\/ufactory-xarm-5\/#breadcrumb"},"inLanguage":"fr-FR","potentialAction":[{"@type":"ReadAction","target":["https:\/\/www.ghostysky.com\/product\/ufactory-xarm-5\/"]}]},{"@type":"ImageObject","inLanguage":"fr-FR","@id":"https:\/\/www.ghostysky.com\/product\/ufactory-xarm-5\/#primaryimage","url":"https:\/\/www.ghostysky.com\/wp-content\/uploads\/2025\/10\/GH_UFactory_Xarm5_1.png","contentUrl":"https:\/\/www.ghostysky.com\/wp-content\/uploads\/2025\/10\/GH_UFactory_Xarm5_1.png","width":2084,"height":2084},{"@type":"BreadcrumbList","@id":"https:\/\/www.ghostysky.com\/product\/ufactory-xarm-5\/#breadcrumb","itemListElement":[{"@type":"ListItem","position":1,"name":"Home","item":"https:\/\/www.ghostysky.com\/"},{"@type":"ListItem","position":2,"name":"Shop","item":"https:\/\/www.ghostysky.com\/shop\/"},{"@type":"ListItem","position":3,"name":"UFACTORY xArm 5"}]},{"@type":"WebSite","@id":"https:\/\/www.ghostysky.com\/#website","url":"https:\/\/www.ghostysky.com\/","name":"Ghostysky","description":"Livraison de drones et de services professionnels","publisher":{"@id":"https:\/\/www.ghostysky.com\/#organization"},"potentialAction":[{"@type":"SearchAction","target":{"@type":"EntryPoint","urlTemplate":"https:\/\/www.ghostysky.com\/?s={search_term_string}"},"query-input":{"@type":"PropertyValueSpecification","valueRequired":true,"valueName":"search_term_string"}}],"inLanguage":"fr-FR"},{"@type":"Organization","@id":"https:\/\/www.ghostysky.com\/#organization","name":"Ghostysky","url":"https:\/\/www.ghostysky.com\/","logo":{"@type":"ImageObject","inLanguage":"fr-FR","@id":"https:\/\/www.ghostysky.com\/#\/schema\/logo\/image\/","url":"https:\/\/www.ghostysky.com\/wp-content\/uploads\/2020\/06\/cropped-ghostyskylogo_text_white2.png","contentUrl":"https:\/\/www.ghostysky.com\/wp-content\/uploads\/2020\/06\/cropped-ghostyskylogo_text_white2.png","width":169,"height":56,"caption":"Ghostysky"},"image":{"@id":"https:\/\/www.ghostysky.com\/#\/schema\/logo\/image\/"},"sameAs":["https:\/\/www.facebook.com\/people\/Ghostysky\/100057676170234\/","https:\/\/x.com\/Gh0stysky","https:\/\/www.linkedin.com\/company\/34739653","https:\/\/www.instagram.com\/gh0stysky"]}]}},"_links":{"self":[{"href":"https:\/\/www.ghostysky.com\/fr\/wp-json\/wp\/v2\/product\/22050","targetHints":{"allow":["GET"]}}],"collection":[{"href":"https:\/\/www.ghostysky.com\/fr\/wp-json\/wp\/v2\/product"}],"about":[{"href":"https:\/\/www.ghostysky.com\/fr\/wp-json\/wp\/v2\/types\/product"}],"replies":[{"embeddable":true,"href":"https:\/\/www.ghostysky.com\/fr\/wp-json\/wp\/v2\/comments?post=22050"}],"wp:featuredmedia":[{"embeddable":true,"href":"https:\/\/www.ghostysky.com\/fr\/wp-json\/wp\/v2\/media\/22055"}],"wp:attachment":[{"href":"https:\/\/www.ghostysky.com\/fr\/wp-json\/wp\/v2\/media?parent=22050"}],"wp:term":[{"taxonomy":"product_brand","embeddable":true,"href":"https:\/\/www.ghostysky.com\/fr\/wp-json\/wp\/v2\/product_brand?post=22050"},{"taxonomy":"product_cat","embeddable":true,"href":"https:\/\/www.ghostysky.com\/fr\/wp-json\/wp\/v2\/product_cat?post=22050"},{"taxonomy":"product_tag","embeddable":true,"href":"https:\/\/www.ghostysky.com\/fr\/wp-json\/wp\/v2\/product_tag?post=22050"}],"curies":[{"name":"wp","href":"https:\/\/api.w.org\/{rel}","templated":true}]}}