{"id":22108,"date":"2025-10-20T15:26:35","date_gmt":"2025-10-20T15:26:35","guid":{"rendered":"https:\/\/www.ghostysky.com\/?post_type=product&#038;p=22108"},"modified":"2025-10-20T16:06:17","modified_gmt":"2025-10-20T16:06:17","slug":"ufactory-xarm-6","status":"publish","type":"product","link":"https:\/\/www.ghostysky.com\/fr\/product\/ufactory-xarm-6\/","title":{"rendered":"UFACTORY xArm 6"},"content":{"rendered":"<h4>Caract\u00e9ristiques principales<\/h4>\n<ul>\n<li><b>Performance professionnelle :<\/b><span class=\"citation-1542\"> B\u00e9n\u00e9ficiant d&#039;un <\/span><b><span class=\"citation-1542\">Capacit\u00e9 de charge utile de 5 kg<\/span><\/b><span class=\"citation-1542 citation-end-1542\"> et un impressionnant <sup class=\"superscript\" data-turn-source-index=\"2\">2<\/sup><\/span><b><span class=\"math-inline\" data-math=\"\\pm 0.1 \\text{ mm}\">$\\pm 0,1 \\texte{ mm}$<\/span><span class=\"citation-1541\"> r\u00e9p\u00e9tabilit\u00e9<\/span><\/b><span class=\"citation-1541 citation-end-1541\">, le xArm 6 offre la pr\u00e9cision et la r\u00e9sistance requises pour les t\u00e2ches industrielles exigeantes.<\/span><\/li>\n<li><b><span class=\"citation-1540\">Port\u00e9e et libert\u00e9 \u00e9tendues :<\/span><\/b><span class=\"citation-1540\"> Avec <\/span><b><span class=\"citation-1540\">6 degr\u00e9s de libert\u00e9 (DoF)<\/span><\/b><span class=\"citation-1540\"> et un <\/span><b><span class=\"citation-1540\">port\u00e9e de 700 mm<\/span><\/b><span class=\"citation-1540 citation-end-1540\">, il offre une grande enveloppe de travail et la flexibilit\u00e9 n\u00e9cessaire pour des man\u0153uvres complexes dans l&#039;espace cart\u00e9sien, id\u00e9al pour l&#039;assemblage, l&#039;inspection et la surveillance des machines.<\/span><\/li>\n<li><b><span class=\"citation-1539\">Construction l\u00e9g\u00e8re et durable :<\/span><\/b><span class=\"citation-1539\"> Fabriqu\u00e9 \u00e0 partir de <\/span><b><span class=\"citation-1539\">fibre de carbone et aluminium<\/span><\/b><span class=\"citation-1539 citation-end-1539\">, le bras du robot est l\u00e9ger (environ<sup class=\"superscript\" data-turn-source-index=\"5\">5<\/sup><\/span> <span class=\"math-inline\" data-math=\"12.2 \\text{ kg}\">$12.2 \\texte{ kg}$<\/span><span class=\"citation-1538 citation-end-1538\">), ce qui facilite le d\u00e9ploiement et le red\u00e9ploiement sur diff\u00e9rents postes de travail ou lignes de production.<\/span><\/li>\n<li><b><span class=\"citation-1537\">\u00c9cosyst\u00e8me logiciel intuitif\u00a0:<\/span><\/b><span class=\"citation-1537\"> Le xArm 6 s&#039;int\u00e8gre parfaitement avec <\/span><b><span class=\"citation-1537\">Studio UFACTORY<\/span><\/b><span class=\"citation-1537\">, un enti\u00e8rement <\/span><b><span class=\"citation-1537\">Interface utilisateur graphique (GUI)<\/span><\/b><span class=\"citation-1537 citation-end-1537\"> plateforme qui simplifie consid\u00e9rablement la programmation gr\u00e2ce \u00e0 des fonctionnalit\u00e9s telles que le glisser-d\u00e9poser et le mode d&#039;enseignement manuel.<\/span><\/li>\n<li><b><span class=\"citation-1536\">Fonctionnement \u00e0 grande vitesse :<\/span><\/b><span class=\"citation-1536 citation-end-1536\"> Capable d&#039;une vitesse maximale de <sup class=\"superscript\" data-turn-source-index=\"8\">8<\/sup><\/span><b><span class=\"math-inline\" data-math=\"1 \\text{ m\/s}\">$1 \\texte{ m\/s}$<\/span><\/b><span class=\"citation-1535 citation-end-1535\">, il maintient un d\u00e9bit \u00e9lev\u00e9 pour les op\u00e9rations rapides telles que le pick-and-place.<\/span><\/li>\n<li><b>Flexibilit\u00e9 Open Source :<\/b><span class=\"citation-1534\"> Il prend en charge une int\u00e9gration flexible avec une solution robuste et <\/span><b><span class=\"citation-1534\">SDK open source<\/span><\/b><span class=\"citation-1534\"> compatible avec <\/span><b><span class=\"citation-1534\">Python, C++, ROS et ROS2<\/span><\/b><span class=\"citation-1534 citation-end-1534\">, permettant aux ing\u00e9nieurs et aux chercheurs de d\u00e9velopper des solutions d\u2019automatisation avanc\u00e9es et personnalis\u00e9es.<\/span><\/li>\n<li><b>Large application :<\/b> Con\u00e7u pour la fiabilit\u00e9 et la s\u00e9curit\u00e9, ses principales applications comprennent\u00a0:\n<ul>\n<li><b>Pick-and-Place<\/b> et manutention<\/li>\n<li><b><span class=\"citation-1533\">Assembl\u00e9e<\/span><\/b><span class=\"citation-1533 citation-end-1533\"> et entretien des machines<\/span><\/li>\n<li><b><span class=\"citation-1532\">Num\u00e9risation 3D<\/span><\/b><span class=\"citation-1532 citation-end-1532\"> et contr\u00f4le qualit\u00e9 (avec syst\u00e8mes de vision)<\/span><\/li>\n<li><b><span class=\"citation-1531\">Polissage, \u00e9bavurage, d\u00e9coupe<\/span><\/b><span class=\"citation-1531 citation-end-1531\">, et d\u2019autres proc\u00e9d\u00e9s de fabrication.<\/span><\/li>\n<\/ul>\n<\/li>\n<li><b>S\u00e9curit\u00e9 collaborative :<\/b><span class=\"citation-1530\"> Le xArm 6 comprend <\/span><b><span class=\"citation-1530\">d\u00e9tection de collision<\/span><\/b><span class=\"citation-1530 citation-end-1530\"> et est con\u00e7u pour fonctionner en toute s\u00e9curit\u00e9 aux c\u00f4t\u00e9s des travailleurs humains dans un environnement collaboratif.<\/span><\/li>\n<\/ul>\n<p>L&#039;UFACTORY xArm 6 est la solution parfaite pour les entreprises et les laboratoires de recherche qui cherchent \u00e0 \u00e9tendre leurs efforts d&#039;automatisation avec un bras robotique fiable, pr\u00e9cis et convivial.<\/p>","protected":false},"excerpt":{"rendered":"<p><span class=\"citation-1543\">L&#039;UFACTORY <\/span><b><span class=\"citation-1543\">xArm 6<\/span><\/b><span class=\"citation-1543\"> est un outil polyvalent et performant <\/span><b><span class=\"citation-1543\">Bras robotique collaboratif 6 axes (cobot)<\/span><\/b><span class=\"citation-1543 citation-end-1543\">, con\u00e7u pour apporter des performances d&#039;automatisation industrielle \u00e0 une large gamme d&#039;applications \u00e0 un prix comp\u00e9titif.<\/span><\/p>\n<ul>\n<li>Charge utile 5 kg<\/li>\n<li>Port\u00e9e 700 mm<\/li>\n<li>R\u00e9p\u00e9tabilit\u00e9 0,1 mm<\/li>\n<li>Vitesse maximale 1000 mm\/s<\/li>\n<\/ul>","protected":false},"featured_media":22055,"comment_status":"open","ping_status":"closed","template":"","meta":[],"product_brand":[1148],"product_cat":[1037,1145,1146],"product_tag":[1149,1151,1153],"class_list":{"0":"post-22108","1":"product","2":"type-product","3":"status-publish","4":"has-post-thumbnail","6":"product_brand-ufactory","7":"product_cat-robotics","8":"product_cat-ufactory","9":"product_cat-arms","10":"product_tag-ufactory","11":"product_tag-ufactory-arm","12":"product_tag-ufactory-xarm6","14":"first","15":"onbackorder","16":"taxable","17":"shipping-taxable","18":"purchasable","19":"product-type-simple"},"yoast_head":"<!-- This site is optimized with the Yoast SEO plugin v27.1.1 - https:\/\/yoast.com\/product\/yoast-seo-wordpress\/ -->\n<title>UFACTORY xArm 6 - Ghostysky<\/title>\n<meta name=\"description\" content=\"The UFACTORY xArm 6 is a versatile and high-performance 6-axis collaborative robotic arm (cobot), engineered to bring industrial automation performance to a wide range of applications at a competitive price point.Payload 5 kgReach 700 mmRepeatability 0.1 mmMax Speed 1000 mm\/s\" \/>\n<meta name=\"robots\" content=\"index, follow, max-snippet:-1, max-image-preview:large, max-video-preview:-1\" \/>\n<link rel=\"canonical\" href=\"https:\/\/www.ghostysky.com\/fr\/product\/ufactory-xarm-6\/\" \/>\n<meta property=\"og:locale\" content=\"fr_FR\" \/>\n<meta property=\"og:type\" content=\"article\" \/>\n<meta property=\"og:title\" content=\"UFACTORY xArm 6 - Ghostysky\" \/>\n<meta property=\"og:description\" content=\"The UFACTORY xArm 6 is a versatile and high-performance 6-axis collaborative robotic arm (cobot), engineered to bring industrial automation performance to a wide range of applications at a competitive price point.Payload 5 kgReach 700 mmRepeatability 0.1 mmMax Speed 1000 mm\/s\" \/>\n<meta property=\"og:url\" content=\"https:\/\/www.ghostysky.com\/fr\/product\/ufactory-xarm-6\/\" \/>\n<meta property=\"og:site_name\" content=\"Ghostysky\" \/>\n<meta property=\"article:publisher\" content=\"https:\/\/www.facebook.com\/people\/Ghostysky\/100057676170234\/\" \/>\n<meta property=\"article:modified_time\" content=\"2025-10-20T16:06:17+00:00\" \/>\n<meta property=\"og:image\" content=\"https:\/\/www.ghostysky.com\/wp-content\/uploads\/2025\/10\/GH_UFactory_Xarm5_1.png\" \/>\n\t<meta property=\"og:image:width\" content=\"2084\" \/>\n\t<meta property=\"og:image:height\" content=\"2084\" \/>\n\t<meta property=\"og:image:type\" content=\"image\/png\" \/>\n<meta name=\"twitter:card\" content=\"summary_large_image\" \/>\n<meta name=\"twitter:site\" content=\"@Gh0stysky\" \/>\n<meta name=\"twitter:label1\" content=\"Dur\u00e9e de lecture estim\u00e9e\" \/>\n\t<meta name=\"twitter:data1\" content=\"2 minutes\" \/>\n<script type=\"application\/ld+json\" class=\"yoast-schema-graph\">{\"@context\":\"https:\/\/schema.org\",\"@graph\":[{\"@type\":\"WebPage\",\"@id\":\"https:\/\/www.ghostysky.com\/product\/ufactory-xarm-6\/\",\"url\":\"https:\/\/www.ghostysky.com\/product\/ufactory-xarm-6\/\",\"name\":\"UFACTORY xArm 6 - Ghostysky\",\"isPartOf\":{\"@id\":\"https:\/\/www.ghostysky.com\/#website\"},\"primaryImageOfPage\":{\"@id\":\"https:\/\/www.ghostysky.com\/product\/ufactory-xarm-6\/#primaryimage\"},\"image\":{\"@id\":\"https:\/\/www.ghostysky.com\/product\/ufactory-xarm-6\/#primaryimage\"},\"thumbnailUrl\":\"https:\/\/www.ghostysky.com\/wp-content\/uploads\/2025\/10\/GH_UFactory_Xarm5_1.png\",\"datePublished\":\"2025-10-20T15:26:35+00:00\",\"dateModified\":\"2025-10-20T16:06:17+00:00\",\"description\":\"The UFACTORY xArm 6 is a versatile and high-performance 6-axis collaborative robotic arm (cobot), engineered to bring industrial automation performance to a wide range of applications at a competitive price point.Payload 5 kgReach 700 mmRepeatability 0.1 mmMax Speed 1000 mm\/s\",\"breadcrumb\":{\"@id\":\"https:\/\/www.ghostysky.com\/product\/ufactory-xarm-6\/#breadcrumb\"},\"inLanguage\":\"fr-FR\",\"potentialAction\":[{\"@type\":\"ReadAction\",\"target\":[\"https:\/\/www.ghostysky.com\/product\/ufactory-xarm-6\/\"]}]},{\"@type\":\"ImageObject\",\"inLanguage\":\"fr-FR\",\"@id\":\"https:\/\/www.ghostysky.com\/product\/ufactory-xarm-6\/#primaryimage\",\"url\":\"https:\/\/www.ghostysky.com\/wp-content\/uploads\/2025\/10\/GH_UFactory_Xarm5_1.png\",\"contentUrl\":\"https:\/\/www.ghostysky.com\/wp-content\/uploads\/2025\/10\/GH_UFactory_Xarm5_1.png\",\"width\":2084,\"height\":2084},{\"@type\":\"BreadcrumbList\",\"@id\":\"https:\/\/www.ghostysky.com\/product\/ufactory-xarm-6\/#breadcrumb\",\"itemListElement\":[{\"@type\":\"ListItem\",\"position\":1,\"name\":\"Home\",\"item\":\"https:\/\/www.ghostysky.com\/\"},{\"@type\":\"ListItem\",\"position\":2,\"name\":\"Shop\",\"item\":\"https:\/\/www.ghostysky.com\/shop\/\"},{\"@type\":\"ListItem\",\"position\":3,\"name\":\"UFACTORY xArm 6\"}]},{\"@type\":\"WebSite\",\"@id\":\"https:\/\/www.ghostysky.com\/#website\",\"url\":\"https:\/\/www.ghostysky.com\/\",\"name\":\"Ghostysky\",\"description\":\"Delivering professional drones and services\",\"publisher\":{\"@id\":\"https:\/\/www.ghostysky.com\/#organization\"},\"potentialAction\":[{\"@type\":\"SearchAction\",\"target\":{\"@type\":\"EntryPoint\",\"urlTemplate\":\"https:\/\/www.ghostysky.com\/?s={search_term_string}\"},\"query-input\":{\"@type\":\"PropertyValueSpecification\",\"valueRequired\":true,\"valueName\":\"search_term_string\"}}],\"inLanguage\":\"fr-FR\"},{\"@type\":\"Organization\",\"@id\":\"https:\/\/www.ghostysky.com\/#organization\",\"name\":\"Ghostysky\",\"url\":\"https:\/\/www.ghostysky.com\/\",\"logo\":{\"@type\":\"ImageObject\",\"inLanguage\":\"fr-FR\",\"@id\":\"https:\/\/www.ghostysky.com\/#\/schema\/logo\/image\/\",\"url\":\"https:\/\/www.ghostysky.com\/wp-content\/uploads\/2020\/06\/cropped-ghostyskylogo_text_white2.png\",\"contentUrl\":\"https:\/\/www.ghostysky.com\/wp-content\/uploads\/2020\/06\/cropped-ghostyskylogo_text_white2.png\",\"width\":169,\"height\":56,\"caption\":\"Ghostysky\"},\"image\":{\"@id\":\"https:\/\/www.ghostysky.com\/#\/schema\/logo\/image\/\"},\"sameAs\":[\"https:\/\/www.facebook.com\/people\/Ghostysky\/100057676170234\/\",\"https:\/\/x.com\/Gh0stysky\",\"https:\/\/www.linkedin.com\/company\/34739653\",\"https:\/\/www.instagram.com\/gh0stysky\"]}]}<\/script>\n<!-- \/ Yoast SEO plugin. -->","yoast_head_json":{"title":"UFACTORY xArm 6 - Ghostysky","description":"L&#039;UFACTORY xArm 6 est un bras robotique collaboratif 6 axes (cobot) polyvalent et performant, con\u00e7u pour apporter des performances d&#039;automatisation industrielle \u00e0 une large gamme d&#039;applications \u00e0 un prix comp\u00e9titif.Charge utile 5 kgPort\u00e9e 700 mmR\u00e9p\u00e9tabilit\u00e9 0,1 mmVitesse maximale 1000 mm\/s","robots":{"index":"index","follow":"follow","max-snippet":"max-snippet:-1","max-image-preview":"max-image-preview:large","max-video-preview":"max-video-preview:-1"},"canonical":"https:\/\/www.ghostysky.com\/fr\/product\/ufactory-xarm-6\/","og_locale":"fr_FR","og_type":"article","og_title":"UFACTORY xArm 6 - Ghostysky","og_description":"The UFACTORY xArm 6 is a versatile and high-performance 6-axis collaborative robotic arm (cobot), engineered to bring industrial automation performance to a wide range of applications at a competitive price point.Payload 5 kgReach 700 mmRepeatability 0.1 mmMax Speed 1000 mm\/s","og_url":"https:\/\/www.ghostysky.com\/fr\/product\/ufactory-xarm-6\/","og_site_name":"Ghostysky","article_publisher":"https:\/\/www.facebook.com\/people\/Ghostysky\/100057676170234\/","article_modified_time":"2025-10-20T16:06:17+00:00","og_image":[{"width":2084,"height":2084,"url":"https:\/\/www.ghostysky.com\/wp-content\/uploads\/2025\/10\/GH_UFactory_Xarm5_1.png","type":"image\/png"}],"twitter_card":"summary_large_image","twitter_site":"@Gh0stysky","twitter_misc":{"Dur\u00e9e de lecture estim\u00e9e":"2 minutes"},"schema":{"@context":"https:\/\/schema.org","@graph":[{"@type":"WebPage","@id":"https:\/\/www.ghostysky.com\/product\/ufactory-xarm-6\/","url":"https:\/\/www.ghostysky.com\/product\/ufactory-xarm-6\/","name":"UFACTORY xArm 6 - Ghostysky","isPartOf":{"@id":"https:\/\/www.ghostysky.com\/#website"},"primaryImageOfPage":{"@id":"https:\/\/www.ghostysky.com\/product\/ufactory-xarm-6\/#primaryimage"},"image":{"@id":"https:\/\/www.ghostysky.com\/product\/ufactory-xarm-6\/#primaryimage"},"thumbnailUrl":"https:\/\/www.ghostysky.com\/wp-content\/uploads\/2025\/10\/GH_UFactory_Xarm5_1.png","datePublished":"2025-10-20T15:26:35+00:00","dateModified":"2025-10-20T16:06:17+00:00","description":"L&#039;UFACTORY xArm 6 est un bras robotique collaboratif 6 axes (cobot) polyvalent et performant, con\u00e7u pour apporter des performances d&#039;automatisation industrielle \u00e0 une large gamme d&#039;applications \u00e0 un prix comp\u00e9titif.Charge utile 5 kgPort\u00e9e 700 mmR\u00e9p\u00e9tabilit\u00e9 0,1 mmVitesse maximale 1000 mm\/s","breadcrumb":{"@id":"https:\/\/www.ghostysky.com\/product\/ufactory-xarm-6\/#breadcrumb"},"inLanguage":"fr-FR","potentialAction":[{"@type":"ReadAction","target":["https:\/\/www.ghostysky.com\/product\/ufactory-xarm-6\/"]}]},{"@type":"ImageObject","inLanguage":"fr-FR","@id":"https:\/\/www.ghostysky.com\/product\/ufactory-xarm-6\/#primaryimage","url":"https:\/\/www.ghostysky.com\/wp-content\/uploads\/2025\/10\/GH_UFactory_Xarm5_1.png","contentUrl":"https:\/\/www.ghostysky.com\/wp-content\/uploads\/2025\/10\/GH_UFactory_Xarm5_1.png","width":2084,"height":2084},{"@type":"BreadcrumbList","@id":"https:\/\/www.ghostysky.com\/product\/ufactory-xarm-6\/#breadcrumb","itemListElement":[{"@type":"ListItem","position":1,"name":"Home","item":"https:\/\/www.ghostysky.com\/"},{"@type":"ListItem","position":2,"name":"Shop","item":"https:\/\/www.ghostysky.com\/shop\/"},{"@type":"ListItem","position":3,"name":"UFACTORY xArm 6"}]},{"@type":"WebSite","@id":"https:\/\/www.ghostysky.com\/#website","url":"https:\/\/www.ghostysky.com\/","name":"Ghostysky","description":"Livraison de drones et de services professionnels","publisher":{"@id":"https:\/\/www.ghostysky.com\/#organization"},"potentialAction":[{"@type":"SearchAction","target":{"@type":"EntryPoint","urlTemplate":"https:\/\/www.ghostysky.com\/?s={search_term_string}"},"query-input":{"@type":"PropertyValueSpecification","valueRequired":true,"valueName":"search_term_string"}}],"inLanguage":"fr-FR"},{"@type":"Organization","@id":"https:\/\/www.ghostysky.com\/#organization","name":"Ghostysky","url":"https:\/\/www.ghostysky.com\/","logo":{"@type":"ImageObject","inLanguage":"fr-FR","@id":"https:\/\/www.ghostysky.com\/#\/schema\/logo\/image\/","url":"https:\/\/www.ghostysky.com\/wp-content\/uploads\/2020\/06\/cropped-ghostyskylogo_text_white2.png","contentUrl":"https:\/\/www.ghostysky.com\/wp-content\/uploads\/2020\/06\/cropped-ghostyskylogo_text_white2.png","width":169,"height":56,"caption":"Ghostysky"},"image":{"@id":"https:\/\/www.ghostysky.com\/#\/schema\/logo\/image\/"},"sameAs":["https:\/\/www.facebook.com\/people\/Ghostysky\/100057676170234\/","https:\/\/x.com\/Gh0stysky","https:\/\/www.linkedin.com\/company\/34739653","https:\/\/www.instagram.com\/gh0stysky"]}]}},"_links":{"self":[{"href":"https:\/\/www.ghostysky.com\/fr\/wp-json\/wp\/v2\/product\/22108","targetHints":{"allow":["GET"]}}],"collection":[{"href":"https:\/\/www.ghostysky.com\/fr\/wp-json\/wp\/v2\/product"}],"about":[{"href":"https:\/\/www.ghostysky.com\/fr\/wp-json\/wp\/v2\/types\/product"}],"replies":[{"embeddable":true,"href":"https:\/\/www.ghostysky.com\/fr\/wp-json\/wp\/v2\/comments?post=22108"}],"wp:featuredmedia":[{"embeddable":true,"href":"https:\/\/www.ghostysky.com\/fr\/wp-json\/wp\/v2\/media\/22055"}],"wp:attachment":[{"href":"https:\/\/www.ghostysky.com\/fr\/wp-json\/wp\/v2\/media?parent=22108"}],"wp:term":[{"taxonomy":"product_brand","embeddable":true,"href":"https:\/\/www.ghostysky.com\/fr\/wp-json\/wp\/v2\/product_brand?post=22108"},{"taxonomy":"product_cat","embeddable":true,"href":"https:\/\/www.ghostysky.com\/fr\/wp-json\/wp\/v2\/product_cat?post=22108"},{"taxonomy":"product_tag","embeddable":true,"href":"https:\/\/www.ghostysky.com\/fr\/wp-json\/wp\/v2\/product_tag?post=22108"}],"curies":[{"name":"wp","href":"https:\/\/api.w.org\/{rel}","templated":true}]}}