{"id":22112,"date":"2025-10-20T15:43:47","date_gmt":"2025-10-20T15:43:47","guid":{"rendered":"https:\/\/www.ghostysky.com\/?post_type=product&#038;p=22112"},"modified":"2025-10-20T15:54:35","modified_gmt":"2025-10-20T15:54:35","slug":"ufactory-xarm-7","status":"publish","type":"product","link":"https:\/\/www.ghostysky.com\/fr\/product\/ufactory-xarm-7\/","title":{"rendered":"UFACTORY xArm 7"},"content":{"rendered":"<h4><b>Caract\u00e9ristiques principales<\/b><\/h4>\n<ul>\n<li><b>Flexibilit\u00e9 et port\u00e9e exceptionnelles :<\/b><span class=\"citation-1566 citation-end-1566\"> La conception \u00e0 7 axes, dot\u00e9e d&#039;articulations redondantes, conf\u00e8re au xArm 7 une dext\u00e9rit\u00e9 humaine et une maniabilit\u00e9 accrue, le rendant parfait pour naviguer dans des espaces de travail confin\u00e9s et ex\u00e9cuter des chemins complexes.<sup class=\"superscript\" data-turn-source-index=\"2\">2<\/sup><\/span> <span class=\"citation-1565\">Il offre un <\/span><b><span class=\"citation-1565\">port\u00e9e de 700 mm<\/span><\/b><span class=\"citation-1565 citation-end-1565\">.<\/span><\/li>\n<li><b>Performances de haute pr\u00e9cision :<\/b><span class=\"citation-1564\"> Il dispose d&#039;un <\/span><b><span class=\"citation-1564\">charge utile de 3,5 kg<\/span><\/b><span class=\"citation-1564 citation-end-1564\"> capacit\u00e9 et un espace serr\u00e9 <sup class=\"superscript\" data-turn-source-index=\"4\">4<\/sup><\/span><b><span class=\"math-inline\" data-math=\"\\pm 0.1\">$\\pm 0,1$<\/span><span class=\"citation-1563\"> r\u00e9p\u00e9tabilit\u00e9 mm<\/span><\/b><span class=\"citation-1563 citation-end-1563\">, lui permettant d&#039;effectuer des t\u00e2ches pr\u00e9cises et exigeantes telles que l&#039;assemblage complexe, l&#039;entretien des machines et le contr\u00f4le qualit\u00e9.<\/span><\/li>\n<li><b>Id\u00e9al pour la recherche :<\/b><span class=\"citation-1562\"> Sa flexibilit\u00e9 accrue et sa plateforme ouverte en font un outil pr\u00e9cieux pour les domaines de pointe tels que <\/span><b><span class=\"citation-1562\">Recherche en IA<\/span><\/b><span class=\"citation-1562\"> et <\/span><b><span class=\"citation-1562\">Vision par ordinateur (CV)<\/span><\/b><span class=\"citation-1562 citation-end-1562\"> d\u00e9veloppement.<\/span><\/li>\n<li><b><span class=\"citation-1561\">Programmation conviviale :<\/span><\/b><span class=\"citation-1561\"> La programmation est rendue simple et accessible avec <\/span><b><span class=\"citation-1561\">xArm Studio<\/span><\/b><span class=\"citation-1561 citation-end-1561\">, une plate-forme d&#039;interface utilisateur graphique (GUI) enti\u00e8rement int\u00e9gr\u00e9e.<sup class=\"superscript\" data-turn-source-index=\"7\">7<\/sup><\/span> <span class=\"citation-1560\">Les utilisateurs peuvent programmer sans \u00e9crire de code en utilisant <\/span><b><span class=\"citation-1560\">enseignement manuel<\/span><\/b><span class=\"citation-1560 citation-end-1560\"> (en d\u00e9pla\u00e7ant physiquement le bras) ou en faisant glisser et en d\u00e9posant des blocs pour cr\u00e9er des routines complexes en quelques minutes.<\/span><\/li>\n<li><b><span class=\"citation-1559\">Open-Source et multi-plateforme :<\/span><\/b><span class=\"citation-1559\"> Pour les d\u00e9veloppeurs, le <\/span><b><span class=\"citation-1559\">Kit de d\u00e9veloppement logiciel (SDK) xArm<\/span><\/b><span class=\"citation-1559\"> inclut le support pour <\/span><b><span class=\"citation-1559\">Python, ROS et C++<\/span><\/b><span class=\"citation-1559 citation-end-1559\">, offrant une flexibilit\u00e9 maximale pour l&#039;int\u00e9gration.<sup class=\"superscript\" data-turn-source-index=\"9\">9<\/sup><\/span> <span class=\"citation-1558\">Le xArm Studio est compatible avec plusieurs syst\u00e8mes d\u2019exploitation, notamment <\/span><b><span class=\"citation-1558\">macOS, iOS, Windows et Android<\/span><\/b><span class=\"citation-1558 citation-end-1558\">.<\/span><\/li>\n<li><b>Construction de qualit\u00e9 industrielle :<\/b><span class=\"citation-1557\"> Fabriqu\u00e9 \u00e0 partir de <\/span><b><span class=\"citation-1557\">Fibre de carbone<\/span><\/b><span class=\"citation-1557\"> et dot\u00e9 d&#039;un r\u00e9ducteur d&#039;harmoniques int\u00e9gr\u00e9, d&#039;un servo sans balais et d&#039;un codeur absolu multitours 17 bits, le xArm 7 est con\u00e7u pour la durabilit\u00e9 et des applications fiables et pr\u00e9cises \u00e0 long terme avec une vitesse maximale de <\/span><b><span class=\"citation-1557\">1 m\/s<\/span><\/b><span class=\"citation-1557 citation-end-1557\">.<\/span><\/li>\n<li><b>La s\u00e9curit\u00e9 avant tout :<\/b><span class=\"citation-1556\"> \u00c9quip\u00e9 de <\/span><b><span class=\"citation-1556\">d\u00e9tection de collision<\/span><\/b><span class=\"citation-1556 citation-end-1556\">, le xArm 7 s&#039;arr\u00eatera imm\u00e9diatement en cas de choc accidentel, garantissant ainsi la s\u00e9curit\u00e9 dans les environnements collaboratifs.<\/span><\/li>\n<\/ul>\n<p>Que vous ayez besoin d&#039;une plate-forme polyvalente pour la recherche en robotique acad\u00e9mique ou d&#039;un coll\u00e8gue adroit pour une automatisation industrielle sophistiqu\u00e9e, l&#039;UFACTORY xArm 7 offre des performances professionnelles \u00e0 un prix abordable.<\/p>","protected":false},"excerpt":{"rendered":"<p><span class=\"citation-1567\">L&#039;UFACTORY <\/span><b><span class=\"citation-1567\">xArm 7<\/span><\/b><span class=\"citation-1567 citation-end-1567\"> est un robot collaboratif \u00e0 7 degr\u00e9s de libert\u00e9 (DoF) hautement flexible, de type humain, con\u00e7u pour la recherche avanc\u00e9e, l&#039;automatisation complexe et les applications industrielles complexes.<\/span><\/p>\n<ul>\n<li>6 axes<\/li>\n<li>Charge utile 3,5 kg<\/li>\n<li>Port\u00e9e 700 mm<\/li>\n<li>R\u00e9p\u00e9tabilit\u00e9 0,1 mm<\/li>\n<li>Vitesse maximale 1000 mm\/s<\/li>\n<\/ul>","protected":false},"featured_media":22055,"comment_status":"open","ping_status":"closed","template":"","meta":[],"product_brand":[1148],"product_cat":[1037,1145,1146],"product_tag":[1149,1151,1154],"class_list":{"0":"post-22112","1":"product","2":"type-product","3":"status-publish","4":"has-post-thumbnail","6":"product_brand-ufactory","7":"product_cat-robotics","8":"product_cat-ufactory","9":"product_cat-arms","10":"product_tag-ufactory","11":"product_tag-ufactory-arm","12":"product_tag-ufactory-xarm7","14":"first","15":"onbackorder","16":"taxable","17":"shipping-taxable","18":"purchasable","19":"product-type-simple"},"yoast_head":"<!-- This site is optimized with the Yoast SEO plugin v27.1.1 - https:\/\/yoast.com\/product\/yoast-seo-wordpress\/ -->\n<title>UFACTORY xArm 7 - Ghostysky<\/title>\n<meta name=\"description\" content=\"The UFACTORY xArm 7 is a highly flexible, human-like, 7-Degrees-of-Freedom (DoF) collaborative robot designed for advanced research, intricate automation, and complex industrial applications.6 AxisPayload 3.5 kgReach 700 mmRepeatability 0.1 mmMax Speed 1000 mm\/s\" \/>\n<meta name=\"robots\" content=\"index, follow, max-snippet:-1, max-image-preview:large, max-video-preview:-1\" \/>\n<link rel=\"canonical\" href=\"https:\/\/www.ghostysky.com\/fr\/product\/ufactory-xarm-7\/\" \/>\n<meta property=\"og:locale\" content=\"fr_FR\" \/>\n<meta property=\"og:type\" content=\"article\" \/>\n<meta property=\"og:title\" content=\"UFACTORY xArm 7 - Ghostysky\" \/>\n<meta property=\"og:description\" content=\"The UFACTORY xArm 7 is a highly flexible, human-like, 7-Degrees-of-Freedom (DoF) collaborative robot designed for advanced research, intricate automation, and complex industrial applications.6 AxisPayload 3.5 kgReach 700 mmRepeatability 0.1 mmMax Speed 1000 mm\/s\" \/>\n<meta property=\"og:url\" content=\"https:\/\/www.ghostysky.com\/fr\/product\/ufactory-xarm-7\/\" \/>\n<meta property=\"og:site_name\" content=\"Ghostysky\" \/>\n<meta property=\"article:publisher\" content=\"https:\/\/www.facebook.com\/people\/Ghostysky\/100057676170234\/\" \/>\n<meta property=\"article:modified_time\" content=\"2025-10-20T15:54:35+00:00\" \/>\n<meta property=\"og:image\" content=\"https:\/\/www.ghostysky.com\/wp-content\/uploads\/2025\/10\/GH_UFactory_Xarm5_1.png\" \/>\n\t<meta property=\"og:image:width\" content=\"2084\" \/>\n\t<meta property=\"og:image:height\" content=\"2084\" \/>\n\t<meta property=\"og:image:type\" content=\"image\/png\" \/>\n<meta name=\"twitter:card\" content=\"summary_large_image\" \/>\n<meta name=\"twitter:site\" content=\"@Gh0stysky\" \/>\n<meta name=\"twitter:label1\" content=\"Dur\u00e9e de lecture estim\u00e9e\" \/>\n\t<meta name=\"twitter:data1\" content=\"2 minutes\" \/>\n<script type=\"application\/ld+json\" class=\"yoast-schema-graph\">{\"@context\":\"https:\/\/schema.org\",\"@graph\":[{\"@type\":\"WebPage\",\"@id\":\"https:\/\/www.ghostysky.com\/product\/ufactory-xarm-7\/\",\"url\":\"https:\/\/www.ghostysky.com\/product\/ufactory-xarm-7\/\",\"name\":\"UFACTORY xArm 7 - Ghostysky\",\"isPartOf\":{\"@id\":\"https:\/\/www.ghostysky.com\/#website\"},\"primaryImageOfPage\":{\"@id\":\"https:\/\/www.ghostysky.com\/product\/ufactory-xarm-7\/#primaryimage\"},\"image\":{\"@id\":\"https:\/\/www.ghostysky.com\/product\/ufactory-xarm-7\/#primaryimage\"},\"thumbnailUrl\":\"https:\/\/www.ghostysky.com\/wp-content\/uploads\/2025\/10\/GH_UFactory_Xarm5_1.png\",\"datePublished\":\"2025-10-20T15:43:47+00:00\",\"dateModified\":\"2025-10-20T15:54:35+00:00\",\"description\":\"The UFACTORY xArm 7 is a highly flexible, human-like, 7-Degrees-of-Freedom (DoF) collaborative robot designed for advanced research, intricate automation, and complex industrial applications.6 AxisPayload 3.5 kgReach 700 mmRepeatability 0.1 mmMax Speed 1000 mm\/s\",\"breadcrumb\":{\"@id\":\"https:\/\/www.ghostysky.com\/product\/ufactory-xarm-7\/#breadcrumb\"},\"inLanguage\":\"fr-FR\",\"potentialAction\":[{\"@type\":\"ReadAction\",\"target\":[\"https:\/\/www.ghostysky.com\/product\/ufactory-xarm-7\/\"]}]},{\"@type\":\"ImageObject\",\"inLanguage\":\"fr-FR\",\"@id\":\"https:\/\/www.ghostysky.com\/product\/ufactory-xarm-7\/#primaryimage\",\"url\":\"https:\/\/www.ghostysky.com\/wp-content\/uploads\/2025\/10\/GH_UFactory_Xarm5_1.png\",\"contentUrl\":\"https:\/\/www.ghostysky.com\/wp-content\/uploads\/2025\/10\/GH_UFactory_Xarm5_1.png\",\"width\":2084,\"height\":2084},{\"@type\":\"BreadcrumbList\",\"@id\":\"https:\/\/www.ghostysky.com\/product\/ufactory-xarm-7\/#breadcrumb\",\"itemListElement\":[{\"@type\":\"ListItem\",\"position\":1,\"name\":\"Home\",\"item\":\"https:\/\/www.ghostysky.com\/\"},{\"@type\":\"ListItem\",\"position\":2,\"name\":\"Shop\",\"item\":\"https:\/\/www.ghostysky.com\/shop\/\"},{\"@type\":\"ListItem\",\"position\":3,\"name\":\"UFACTORY xArm 7\"}]},{\"@type\":\"WebSite\",\"@id\":\"https:\/\/www.ghostysky.com\/#website\",\"url\":\"https:\/\/www.ghostysky.com\/\",\"name\":\"Ghostysky\",\"description\":\"Delivering professional drones and services\",\"publisher\":{\"@id\":\"https:\/\/www.ghostysky.com\/#organization\"},\"potentialAction\":[{\"@type\":\"SearchAction\",\"target\":{\"@type\":\"EntryPoint\",\"urlTemplate\":\"https:\/\/www.ghostysky.com\/?s={search_term_string}\"},\"query-input\":{\"@type\":\"PropertyValueSpecification\",\"valueRequired\":true,\"valueName\":\"search_term_string\"}}],\"inLanguage\":\"fr-FR\"},{\"@type\":\"Organization\",\"@id\":\"https:\/\/www.ghostysky.com\/#organization\",\"name\":\"Ghostysky\",\"url\":\"https:\/\/www.ghostysky.com\/\",\"logo\":{\"@type\":\"ImageObject\",\"inLanguage\":\"fr-FR\",\"@id\":\"https:\/\/www.ghostysky.com\/#\/schema\/logo\/image\/\",\"url\":\"https:\/\/www.ghostysky.com\/wp-content\/uploads\/2020\/06\/cropped-ghostyskylogo_text_white2.png\",\"contentUrl\":\"https:\/\/www.ghostysky.com\/wp-content\/uploads\/2020\/06\/cropped-ghostyskylogo_text_white2.png\",\"width\":169,\"height\":56,\"caption\":\"Ghostysky\"},\"image\":{\"@id\":\"https:\/\/www.ghostysky.com\/#\/schema\/logo\/image\/\"},\"sameAs\":[\"https:\/\/www.facebook.com\/people\/Ghostysky\/100057676170234\/\",\"https:\/\/x.com\/Gh0stysky\",\"https:\/\/www.linkedin.com\/company\/34739653\",\"https:\/\/www.instagram.com\/gh0stysky\"]}]}<\/script>\n<!-- \/ Yoast SEO plugin. -->","yoast_head_json":{"title":"UFACTORY xArm 7 - Ghostysky","description":"L&#039;UFACTORY xArm 7 est un robot collaboratif \u00e0 7 degr\u00e9s de libert\u00e9 (DoF) hautement flexible et de type humain, con\u00e7u pour la recherche avanc\u00e9e, l&#039;automatisation complexe et les applications industrielles complexes. 6 axes Charge utile 3,5 kg Port\u00e9e 700 mm R\u00e9p\u00e9tabilit\u00e9 0,1 mm Vitesse maximale 1\u00a0000 mm\/s","robots":{"index":"index","follow":"follow","max-snippet":"max-snippet:-1","max-image-preview":"max-image-preview:large","max-video-preview":"max-video-preview:-1"},"canonical":"https:\/\/www.ghostysky.com\/fr\/product\/ufactory-xarm-7\/","og_locale":"fr_FR","og_type":"article","og_title":"UFACTORY xArm 7 - Ghostysky","og_description":"The UFACTORY xArm 7 is a highly flexible, human-like, 7-Degrees-of-Freedom (DoF) collaborative robot designed for advanced research, intricate automation, and complex industrial applications.6 AxisPayload 3.5 kgReach 700 mmRepeatability 0.1 mmMax Speed 1000 mm\/s","og_url":"https:\/\/www.ghostysky.com\/fr\/product\/ufactory-xarm-7\/","og_site_name":"Ghostysky","article_publisher":"https:\/\/www.facebook.com\/people\/Ghostysky\/100057676170234\/","article_modified_time":"2025-10-20T15:54:35+00:00","og_image":[{"width":2084,"height":2084,"url":"https:\/\/www.ghostysky.com\/wp-content\/uploads\/2025\/10\/GH_UFactory_Xarm5_1.png","type":"image\/png"}],"twitter_card":"summary_large_image","twitter_site":"@Gh0stysky","twitter_misc":{"Dur\u00e9e de lecture estim\u00e9e":"2 minutes"},"schema":{"@context":"https:\/\/schema.org","@graph":[{"@type":"WebPage","@id":"https:\/\/www.ghostysky.com\/product\/ufactory-xarm-7\/","url":"https:\/\/www.ghostysky.com\/product\/ufactory-xarm-7\/","name":"UFACTORY xArm 7 - Ghostysky","isPartOf":{"@id":"https:\/\/www.ghostysky.com\/#website"},"primaryImageOfPage":{"@id":"https:\/\/www.ghostysky.com\/product\/ufactory-xarm-7\/#primaryimage"},"image":{"@id":"https:\/\/www.ghostysky.com\/product\/ufactory-xarm-7\/#primaryimage"},"thumbnailUrl":"https:\/\/www.ghostysky.com\/wp-content\/uploads\/2025\/10\/GH_UFactory_Xarm5_1.png","datePublished":"2025-10-20T15:43:47+00:00","dateModified":"2025-10-20T15:54:35+00:00","description":"L&#039;UFACTORY xArm 7 est un robot collaboratif \u00e0 7 degr\u00e9s de libert\u00e9 (DoF) hautement flexible et de type humain, con\u00e7u pour la recherche avanc\u00e9e, l&#039;automatisation complexe et les applications industrielles complexes. 6 axes Charge utile 3,5 kg Port\u00e9e 700 mm R\u00e9p\u00e9tabilit\u00e9 0,1 mm Vitesse maximale 1\u00a0000 mm\/s","breadcrumb":{"@id":"https:\/\/www.ghostysky.com\/product\/ufactory-xarm-7\/#breadcrumb"},"inLanguage":"fr-FR","potentialAction":[{"@type":"ReadAction","target":["https:\/\/www.ghostysky.com\/product\/ufactory-xarm-7\/"]}]},{"@type":"ImageObject","inLanguage":"fr-FR","@id":"https:\/\/www.ghostysky.com\/product\/ufactory-xarm-7\/#primaryimage","url":"https:\/\/www.ghostysky.com\/wp-content\/uploads\/2025\/10\/GH_UFactory_Xarm5_1.png","contentUrl":"https:\/\/www.ghostysky.com\/wp-content\/uploads\/2025\/10\/GH_UFactory_Xarm5_1.png","width":2084,"height":2084},{"@type":"BreadcrumbList","@id":"https:\/\/www.ghostysky.com\/product\/ufactory-xarm-7\/#breadcrumb","itemListElement":[{"@type":"ListItem","position":1,"name":"Home","item":"https:\/\/www.ghostysky.com\/"},{"@type":"ListItem","position":2,"name":"Shop","item":"https:\/\/www.ghostysky.com\/shop\/"},{"@type":"ListItem","position":3,"name":"UFACTORY xArm 7"}]},{"@type":"WebSite","@id":"https:\/\/www.ghostysky.com\/#website","url":"https:\/\/www.ghostysky.com\/","name":"Ghostysky","description":"Livraison de drones et de services professionnels","publisher":{"@id":"https:\/\/www.ghostysky.com\/#organization"},"potentialAction":[{"@type":"SearchAction","target":{"@type":"EntryPoint","urlTemplate":"https:\/\/www.ghostysky.com\/?s={search_term_string}"},"query-input":{"@type":"PropertyValueSpecification","valueRequired":true,"valueName":"search_term_string"}}],"inLanguage":"fr-FR"},{"@type":"Organization","@id":"https:\/\/www.ghostysky.com\/#organization","name":"Ghostysky","url":"https:\/\/www.ghostysky.com\/","logo":{"@type":"ImageObject","inLanguage":"fr-FR","@id":"https:\/\/www.ghostysky.com\/#\/schema\/logo\/image\/","url":"https:\/\/www.ghostysky.com\/wp-content\/uploads\/2020\/06\/cropped-ghostyskylogo_text_white2.png","contentUrl":"https:\/\/www.ghostysky.com\/wp-content\/uploads\/2020\/06\/cropped-ghostyskylogo_text_white2.png","width":169,"height":56,"caption":"Ghostysky"},"image":{"@id":"https:\/\/www.ghostysky.com\/#\/schema\/logo\/image\/"},"sameAs":["https:\/\/www.facebook.com\/people\/Ghostysky\/100057676170234\/","https:\/\/x.com\/Gh0stysky","https:\/\/www.linkedin.com\/company\/34739653","https:\/\/www.instagram.com\/gh0stysky"]}]}},"_links":{"self":[{"href":"https:\/\/www.ghostysky.com\/fr\/wp-json\/wp\/v2\/product\/22112","targetHints":{"allow":["GET"]}}],"collection":[{"href":"https:\/\/www.ghostysky.com\/fr\/wp-json\/wp\/v2\/product"}],"about":[{"href":"https:\/\/www.ghostysky.com\/fr\/wp-json\/wp\/v2\/types\/product"}],"replies":[{"embeddable":true,"href":"https:\/\/www.ghostysky.com\/fr\/wp-json\/wp\/v2\/comments?post=22112"}],"wp:featuredmedia":[{"embeddable":true,"href":"https:\/\/www.ghostysky.com\/fr\/wp-json\/wp\/v2\/media\/22055"}],"wp:attachment":[{"href":"https:\/\/www.ghostysky.com\/fr\/wp-json\/wp\/v2\/media?parent=22112"}],"wp:term":[{"taxonomy":"product_brand","embeddable":true,"href":"https:\/\/www.ghostysky.com\/fr\/wp-json\/wp\/v2\/product_brand?post=22112"},{"taxonomy":"product_cat","embeddable":true,"href":"https:\/\/www.ghostysky.com\/fr\/wp-json\/wp\/v2\/product_cat?post=22112"},{"taxonomy":"product_tag","embeddable":true,"href":"https:\/\/www.ghostysky.com\/fr\/wp-json\/wp\/v2\/product_tag?post=22112"}],"curies":[{"name":"wp","href":"https:\/\/api.w.org\/{rel}","templated":true}]}}