{"id":22118,"date":"2025-10-20T15:54:32","date_gmt":"2025-10-20T15:54:32","guid":{"rendered":"https:\/\/www.ghostysky.com\/?post_type=product&#038;p=22118"},"modified":"2025-10-20T16:10:45","modified_gmt":"2025-10-20T16:10:45","slug":"ufactory-xarm-6-with-direct-drive-linear-motor","status":"publish","type":"product","link":"https:\/\/www.ghostysky.com\/fr\/product\/ufactory-xarm-6-with-direct-drive-linear-motor\/","title":{"rendered":"UFACTORY xArm 6 avec moteur lin\u00e9aire \u00e0 entra\u00eenement direct"},"content":{"rendered":"<h4>Principales caract\u00e9ristiques et avantages<\/h4>\n<ul>\n<li><b>Plage de fonctionnement \u00e9tendue :<\/b><span class=\"citation-1600\"> Le moteur lin\u00e9aire \u00e0 entra\u00eenement direct int\u00e9gr\u00e9 fournit une <\/span><b><span class=\"citation-1600\">700 mm de d\u00e9battement<\/span><\/b><span class=\"citation-1600\"> (disponible en diff\u00e9rentes longueurs) \u00e0 la port\u00e9e native de 700 mm du xArm 6, efficacement <\/span><b><span class=\"citation-1600\">augmentant l&#039;enveloppe op\u00e9rationnelle globale jusqu&#039;\u00e0 50%<\/span><\/b><span class=\"citation-1600 citation-end-1600\">.<sup class=\"superscript\" data-turn-source-index=\"2\">2<\/sup><\/span> Ceci est essentiel pour les applications n\u00e9cessitant un travail sur une longue cha\u00eene de production, un pick-and-place \u00e0 grande \u00e9chelle ou une surveillance de machines avec des zones d&#039;entr\u00e9e\/sortie largement espac\u00e9es.<\/li>\n<li><b>Haute pr\u00e9cision et r\u00e9p\u00e9tabilit\u00e9 :<\/b><span class=\"citation-1599 citation-end-1599\"> Le xArm 6 maintient ses performances de qualit\u00e9 industrielle avec un <sup class=\"superscript\" data-turn-source-index=\"3\">3<\/sup><\/span><span class=\"math-inline\" data-math=\"\\mathbf{5}\">$\\mathbf{5}$<\/span> <b><span class=\"citation-1598\">kg de charge utile<\/span><\/b><span class=\"citation-1598 citation-end-1598\"> capacit\u00e9 et <sup class=\"superscript\" data-turn-source-index=\"4\">4<\/sup><\/span><b><span class=\"math-inline\" data-math=\"\\mathbf{\\pm0.1}\">$\\mathbf{\\pm0.1}$<\/span><span class=\"citation-1597\"> r\u00e9p\u00e9tabilit\u00e9 mm<\/span><\/b><span class=\"citation-1597 citation-end-1597\">.<sup class=\"superscript\" data-turn-source-index=\"5\">5<\/sup><\/span> Le moteur lin\u00e9aire \u00e0 entra\u00eenement direct lui-m\u00eame offre un mouvement de tr\u00e8s haute pr\u00e9cision avec une r\u00e9p\u00e9tabilit\u00e9 de <b><span class=\"math-inline\" data-math=\"\\mathbf{\\pm5}\">$\\mathbf{\\pm5}$<\/span> $\\mathbf{\\mu}$m<\/b> (microm\u00e8tres), garantissant que le syst\u00e8me combin\u00e9 fournit des r\u00e9sultats pr\u00e9cis et coh\u00e9rents sur toute la plage \u00e9tendue.<\/li>\n<li><b>Technologie \u00e0 entra\u00eenement direct :<\/b><span class=\"citation-1596 citation-end-1596\"> Le moteur lin\u00e9aire utilise un m\u00e9canisme \u00e0 entra\u00eenement direct, contribuant \u00e0 sa pr\u00e9cision et \u00e0 sa vitesse sup\u00e9rieures (jusqu&#039;\u00e0 <sup class=\"superscript\" data-turn-source-index=\"6\">6<\/sup><\/span><b><span class=\"math-inline\" data-math=\"\\mathbf{1}\">$\\mathbf{1}$<\/span><span class=\"citation-1595 citation-end-1595\"> <sup class=\"superscript\" data-turn-source-index=\"7\">7<\/sup><\/span><span class=\"math-inline\" data-math=\"\\mathbf{m\/s}\">$\\mathbf{m\/s}$<\/span><\/b><span class=\"citation-1594 citation-end-1594\">) et la durabilit\u00e9.<sup class=\"superscript\" data-turn-source-index=\"8\">8<\/sup><\/span> Cette technologie offre une excellente r\u00e9ponse et \u00e9limine le jeu associ\u00e9 aux entra\u00eenements \u00e0 vis ou \u00e0 courroie traditionnels.<\/li>\n<li><b><span class=\"citation-1593\">Conception collaborative et s\u00e9curitaire :<\/span><\/b><span class=\"citation-1593\"> Le xArm 6 est construit avec des protocoles de s\u00e9curit\u00e9, y compris un <\/span><b><span class=\"citation-1593\">fonction de d\u00e9tection de collision<\/span><\/b><span class=\"citation-1593 citation-end-1593\">, pour travailler en harmonie avec les op\u00e9rateurs humains, ce qui le rend id\u00e9al pour les environnements de fabrication collaboratifs modernes.<sup class=\"superscript\" data-turn-source-index=\"9\">9<\/sup><\/span> <span class=\"citation-1592\">Le bras du robot est construit \u00e0 partir de <\/span><b><span class=\"citation-1592\">fibre de carbone l\u00e9g\u00e8re et aluminium<\/span><\/b><span class=\"citation-1592 citation-end-1592\">, r\u00e9duisant le poids du syst\u00e8me pour un d\u00e9ploiement plus facile.<\/span><\/li>\n<li><b><span class=\"citation-1591\">Int\u00e9gration et contr\u00f4le transparents\u00a0:<\/span><\/b><span class=\"citation-1591\"> Le moteur lin\u00e9aire est con\u00e7u pour <\/span><b><span class=\"citation-1591\">int\u00e9gration facile<\/span><\/b><span class=\"citation-1591 citation-end-1591\"> avec le xArm 6, g\u00e9r\u00e9 via une solution syst\u00e8me unifi\u00e9e.<sup class=\"superscript\" data-turn-source-index=\"11\">11<\/sup><\/span> <span class=\"citation-1590\">La programmation et le fonctionnement sont simplifi\u00e9s gr\u00e2ce \u00e0 <\/span><b><span class=\"citation-1590\">Studio UFACTORY<\/span><\/b><span class=\"citation-1590\">, un enti\u00e8rement <\/span><b><span class=\"citation-1590\">Interface utilisateur graphique (GUI)<\/span><\/b><span class=\"citation-1590\"> plateforme qui prend en charge <\/span><b><span class=\"citation-1590\">enseignement du drag<\/span><\/b><span class=\"citation-1590 citation-end-1590\"> pour une configuration rapide des t\u00e2ches sans codage complexe.<\/span><\/li>\n<li><b><span class=\"citation-1589\">Flexibilit\u00e9 Open Source :<\/span><\/b><span class=\"citation-1589\"> Pour un d\u00e9veloppement avanc\u00e9, le syst\u00e8me prend en charge les plateformes open source et offre une <\/span><b><span class=\"citation-1589\">Kit de d\u00e9veloppement logiciel (SDK)<\/span><\/b><span class=\"citation-1589\"> avec <\/span><b><span class=\"citation-1589\">Python, ROS et C++<\/span><\/b><span class=\"citation-1589 citation-end-1589\"> compatibilit\u00e9, offrant une flexibilit\u00e9 maximale pour la recherche, la personnalisation et l&#039;int\u00e9gration dans les cadres d&#039;automatisation existants.<\/span><\/li>\n<\/ul>\n<h4>Sp\u00e9cifications techniques (points forts du syst\u00e8me combin\u00e9)<\/h4>\n<table>\n<thead>\n<tr>\n<td><strong>Fonctionnalit\u00e9<\/strong><\/td>\n<td><strong>Sp\u00e9cification<\/strong><\/td>\n<\/tr>\n<\/thead>\n<tbody>\n<tr>\n<td><b>DoF du bras robotis\u00e9<\/b><\/td>\n<td>6 degr\u00e9s de libert\u00e9<\/td>\n<\/tr>\n<tr>\n<td><b>Charge utile<\/b><\/td>\n<td><span class=\"math-inline\" data-math=\"5\\text{ kg}\">$5\\texte{ kg}$<\/span><\/td>\n<\/tr>\n<tr>\n<td><b>Port\u00e9e du bras<\/b><\/td>\n<td><span class=\"math-inline\" data-math=\"700\\text{ mm}\">$700\\texte{ mm}$<\/span> (plus d\u00e9placement du moteur lin\u00e9aire)<\/td>\n<\/tr>\n<tr>\n<td><b>D\u00e9placement du moteur lin\u00e9aire<\/b><\/td>\n<td><span class=\"math-inline\" data-math=\"700\\text{ mm}\">$700\\texte{ mm}$<\/span> (Mod\u00e8le standard)<\/td>\n<\/tr>\n<tr>\n<td><b>R\u00e9p\u00e9tabilit\u00e9 du bras<\/b><\/td>\n<td><span class=\"math-inline\" data-math=\"\\pm0.1\\text{ mm}\">$\\pm0.1\\texte{ mm}$<\/span><\/td>\n<\/tr>\n<tr>\n<td><b>R\u00e9p\u00e9tabilit\u00e9 du moteur lin\u00e9aire<\/b><\/td>\n<td><span class=\"math-inline\" data-math=\"\\pm5\\text{ }\\mu\\text{m}\">$\\pm5\\texte{ }\\mu\\texte{m}$<\/span><\/td>\n<\/tr>\n<tr>\n<td><b>Vitesse maximale<\/b><\/td>\n<td><span class=\"math-inline\" data-math=\"1\\text{ m\/s}\">$1\\texte{ m\/s}$<\/span><\/td>\n<\/tr>\n<tr>\n<td><b>Charge maximale du moteur<\/b><\/td>\n<td><span class=\"math-inline\" data-math=\"200\\text{ kg}\">$200\\texte{ kg}$<\/span> (Puissance du moteur)<\/td>\n<\/tr>\n<tr>\n<td><b>Mat\u00e9riels<\/b><\/td>\n<td>Aluminium, fibre de carbone<\/td>\n<\/tr>\n<\/tbody>\n<\/table>\n<p>&nbsp;<\/p>\n<h4>Applications id\u00e9ales<\/h4>\n<p>Le xArm 6 avec moteur lin\u00e9aire \u00e0 entra\u00eenement direct est parfaitement adapt\u00e9 aux t\u00e2ches complexes et r\u00e9p\u00e9titives sur de grandes surfaces, notamment\u00a0:<\/p>\n<ul>\n<li><b><span class=\"citation-1588 interactive-span-hovered\">Entretien des machines<\/span><\/b><span class=\"citation-1588 citation-end-1588 interactive-span-hovered\"> (chargement\/d\u00e9chargement de plusieurs machines distantes)<\/span><\/li>\n<li><b>Pick-and-Place \u00e0 haut volume<\/b> et l&#039;automatisation de la logistique<\/li>\n<li><b><span class=\"citation-1587\">Assembl\u00e9e<\/span><\/b><span class=\"citation-1587\"> et <\/span><b><span class=\"citation-1587\">Conditionnement<\/span><\/b><span class=\"citation-1587 citation-end-1587\"> sur des lignes de production \u00e9tendues<\/span><\/li>\n<li><b><span class=\"citation-1586\">Inspection<\/span><\/b><span class=\"citation-1586\"> et <\/span><b><span class=\"citation-1586\">Contr\u00f4le de qualit\u00e9<\/span><\/b><span class=\"citation-1586 citation-end-1586\"> utiliser des syst\u00e8mes de vision sur de grands composants<\/span><\/li>\n<li><b><span class=\"citation-1585 interactive-span-hovered\">Recherche et d\u00e9veloppement<\/span><\/b><span class=\"citation-1585 citation-end-1585 interactive-span-hovered\"> n\u00e9cessitant un mouvement lin\u00e9aire de haute pr\u00e9cision.<\/span><\/li>\n<\/ul>","protected":false},"excerpt":{"rendered":"<p><span class=\"citation-1601\">Le <\/span><b><span class=\"citation-1601\">UFACTORY xArm 6 avec moteur lin\u00e9aire \u00e0 entra\u00eenement direct<\/span><\/b><span class=\"citation-1601\"> est un syst\u00e8me robotique collaboratif de haute performance con\u00e7u pour consid\u00e9rablement <\/span><b><span class=\"citation-1601\">\u00e9tendre l&#039;espace de travail et la pr\u00e9cision<\/span><\/b><span class=\"citation-1601 citation-end-1601\"> du manipulateur xArm 6 standard pour les applications industrielles et de recherche avanc\u00e9e.<\/span><\/p>\n<ul>\n<li>Course de 700 mm<\/li>\n<li>R\u00e9p\u00e9tabilit\u00e9 \u00b15 um<\/li>\n<li>Vitesse maximale 1 m\/s<\/li>\n<li>Programmation graphique<\/li>\n<\/ul>","protected":false},"featured_media":22120,"comment_status":"open","ping_status":"closed","template":"","meta":[],"product_brand":[1148],"product_cat":[1037,1145,1146],"product_tag":[1149,1151,1153],"class_list":{"0":"post-22118","1":"product","2":"type-product","3":"status-publish","4":"has-post-thumbnail","6":"product_brand-ufactory","7":"product_cat-robotics","8":"product_cat-ufactory","9":"product_cat-arms","10":"product_tag-ufactory","11":"product_tag-ufactory-arm","12":"product_tag-ufactory-xarm6","14":"first","15":"onbackorder","16":"taxable","17":"shipping-taxable","18":"purchasable","19":"product-type-simple"},"yoast_head":"<!-- This site is optimized with the Yoast SEO plugin v27.1.1 - https:\/\/yoast.com\/product\/yoast-seo-wordpress\/ -->\n<title>UFACTORY xArm 6 With Direct-drive Linear Motor - Ghostysky<\/title>\n<meta name=\"description\" content=\"The UFACTORY xArm 6 With Direct-drive Linear Motor is a high-performance, collaborative robotic system engineered to significantly extend the workspace and precision of the standard xArm 6 manipulator for industrial and advanced research applications.\" \/>\n<meta name=\"robots\" content=\"index, follow, max-snippet:-1, max-image-preview:large, max-video-preview:-1\" \/>\n<link rel=\"canonical\" href=\"https:\/\/www.ghostysky.com\/fr\/product\/ufactory-xarm-6-with-direct-drive-linear-motor\/\" \/>\n<meta property=\"og:locale\" content=\"fr_FR\" \/>\n<meta property=\"og:type\" content=\"article\" \/>\n<meta property=\"og:title\" content=\"UFACTORY xArm 6 With Direct-drive Linear Motor - Ghostysky\" \/>\n<meta property=\"og:description\" content=\"The UFACTORY xArm 6 With Direct-drive Linear Motor is a high-performance, collaborative robotic system engineered to significantly extend the workspace and precision of the standard xArm 6 manipulator for industrial and advanced research applications.\" \/>\n<meta property=\"og:url\" content=\"https:\/\/www.ghostysky.com\/fr\/product\/ufactory-xarm-6-with-direct-drive-linear-motor\/\" \/>\n<meta property=\"og:site_name\" content=\"Ghostysky\" \/>\n<meta property=\"article:publisher\" content=\"https:\/\/www.facebook.com\/people\/Ghostysky\/100057676170234\/\" \/>\n<meta property=\"article:modified_time\" content=\"2025-10-20T16:10:45+00:00\" \/>\n<meta property=\"og:image\" content=\"https:\/\/www.ghostysky.com\/wp-content\/uploads\/2025\/10\/GH_UFACTORY-xArm-6-With-Direct-drive-Linear-Motor_1.png\" \/>\n\t<meta property=\"og:image:width\" content=\"2084\" \/>\n\t<meta property=\"og:image:height\" content=\"2084\" \/>\n\t<meta property=\"og:image:type\" content=\"image\/png\" \/>\n<meta name=\"twitter:card\" content=\"summary_large_image\" \/>\n<meta name=\"twitter:site\" content=\"@Gh0stysky\" \/>\n<meta name=\"twitter:label1\" content=\"Dur\u00e9e de lecture estim\u00e9e\" \/>\n\t<meta name=\"twitter:data1\" content=\"2 minutes\" \/>\n<script type=\"application\/ld+json\" class=\"yoast-schema-graph\">{\"@context\":\"https:\/\/schema.org\",\"@graph\":[{\"@type\":\"WebPage\",\"@id\":\"https:\/\/www.ghostysky.com\/product\/ufactory-xarm-6-with-direct-drive-linear-motor\/\",\"url\":\"https:\/\/www.ghostysky.com\/product\/ufactory-xarm-6-with-direct-drive-linear-motor\/\",\"name\":\"UFACTORY xArm 6 With Direct-drive Linear Motor - Ghostysky\",\"isPartOf\":{\"@id\":\"https:\/\/www.ghostysky.com\/#website\"},\"primaryImageOfPage\":{\"@id\":\"https:\/\/www.ghostysky.com\/product\/ufactory-xarm-6-with-direct-drive-linear-motor\/#primaryimage\"},\"image\":{\"@id\":\"https:\/\/www.ghostysky.com\/product\/ufactory-xarm-6-with-direct-drive-linear-motor\/#primaryimage\"},\"thumbnailUrl\":\"https:\/\/www.ghostysky.com\/wp-content\/uploads\/2025\/10\/GH_UFACTORY-xArm-6-With-Direct-drive-Linear-Motor_1.png\",\"datePublished\":\"2025-10-20T15:54:32+00:00\",\"dateModified\":\"2025-10-20T16:10:45+00:00\",\"description\":\"The UFACTORY xArm 6 With Direct-drive Linear Motor is a high-performance, collaborative robotic system engineered to significantly extend the workspace and precision of the standard xArm 6 manipulator for industrial and advanced research applications.\",\"breadcrumb\":{\"@id\":\"https:\/\/www.ghostysky.com\/product\/ufactory-xarm-6-with-direct-drive-linear-motor\/#breadcrumb\"},\"inLanguage\":\"fr-FR\",\"potentialAction\":[{\"@type\":\"ReadAction\",\"target\":[\"https:\/\/www.ghostysky.com\/product\/ufactory-xarm-6-with-direct-drive-linear-motor\/\"]}]},{\"@type\":\"ImageObject\",\"inLanguage\":\"fr-FR\",\"@id\":\"https:\/\/www.ghostysky.com\/product\/ufactory-xarm-6-with-direct-drive-linear-motor\/#primaryimage\",\"url\":\"https:\/\/www.ghostysky.com\/wp-content\/uploads\/2025\/10\/GH_UFACTORY-xArm-6-With-Direct-drive-Linear-Motor_1.png\",\"contentUrl\":\"https:\/\/www.ghostysky.com\/wp-content\/uploads\/2025\/10\/GH_UFACTORY-xArm-6-With-Direct-drive-Linear-Motor_1.png\",\"width\":2084,\"height\":2084},{\"@type\":\"BreadcrumbList\",\"@id\":\"https:\/\/www.ghostysky.com\/product\/ufactory-xarm-6-with-direct-drive-linear-motor\/#breadcrumb\",\"itemListElement\":[{\"@type\":\"ListItem\",\"position\":1,\"name\":\"Home\",\"item\":\"https:\/\/www.ghostysky.com\/\"},{\"@type\":\"ListItem\",\"position\":2,\"name\":\"Shop\",\"item\":\"https:\/\/www.ghostysky.com\/shop\/\"},{\"@type\":\"ListItem\",\"position\":3,\"name\":\"UFACTORY xArm 6 With Direct-drive Linear Motor\"}]},{\"@type\":\"WebSite\",\"@id\":\"https:\/\/www.ghostysky.com\/#website\",\"url\":\"https:\/\/www.ghostysky.com\/\",\"name\":\"Ghostysky\",\"description\":\"Delivering professional drones and services\",\"publisher\":{\"@id\":\"https:\/\/www.ghostysky.com\/#organization\"},\"potentialAction\":[{\"@type\":\"SearchAction\",\"target\":{\"@type\":\"EntryPoint\",\"urlTemplate\":\"https:\/\/www.ghostysky.com\/?s={search_term_string}\"},\"query-input\":{\"@type\":\"PropertyValueSpecification\",\"valueRequired\":true,\"valueName\":\"search_term_string\"}}],\"inLanguage\":\"fr-FR\"},{\"@type\":\"Organization\",\"@id\":\"https:\/\/www.ghostysky.com\/#organization\",\"name\":\"Ghostysky\",\"url\":\"https:\/\/www.ghostysky.com\/\",\"logo\":{\"@type\":\"ImageObject\",\"inLanguage\":\"fr-FR\",\"@id\":\"https:\/\/www.ghostysky.com\/#\/schema\/logo\/image\/\",\"url\":\"https:\/\/www.ghostysky.com\/wp-content\/uploads\/2020\/06\/cropped-ghostyskylogo_text_white2.png\",\"contentUrl\":\"https:\/\/www.ghostysky.com\/wp-content\/uploads\/2020\/06\/cropped-ghostyskylogo_text_white2.png\",\"width\":169,\"height\":56,\"caption\":\"Ghostysky\"},\"image\":{\"@id\":\"https:\/\/www.ghostysky.com\/#\/schema\/logo\/image\/\"},\"sameAs\":[\"https:\/\/www.facebook.com\/people\/Ghostysky\/100057676170234\/\",\"https:\/\/x.com\/Gh0stysky\",\"https:\/\/www.linkedin.com\/company\/34739653\",\"https:\/\/www.instagram.com\/gh0stysky\"]}]}<\/script>\n<!-- \/ Yoast SEO plugin. -->","yoast_head_json":{"title":"UFACTORY xArm 6 avec moteur lin\u00e9aire \u00e0 entra\u00eenement direct - Ghostysky","description":"L&#039;UFACTORY xArm 6 avec moteur lin\u00e9aire \u00e0 entra\u00eenement direct est un syst\u00e8me robotique collaboratif hautes performances con\u00e7u pour \u00e9tendre consid\u00e9rablement l&#039;espace de travail et la pr\u00e9cision du manipulateur xArm 6 standard pour les applications industrielles et de recherche avanc\u00e9e.","robots":{"index":"index","follow":"follow","max-snippet":"max-snippet:-1","max-image-preview":"max-image-preview:large","max-video-preview":"max-video-preview:-1"},"canonical":"https:\/\/www.ghostysky.com\/fr\/product\/ufactory-xarm-6-with-direct-drive-linear-motor\/","og_locale":"fr_FR","og_type":"article","og_title":"UFACTORY xArm 6 With Direct-drive Linear Motor - Ghostysky","og_description":"The UFACTORY xArm 6 With Direct-drive Linear Motor is a high-performance, collaborative robotic system engineered to significantly extend the workspace and precision of the standard xArm 6 manipulator for industrial and advanced research applications.","og_url":"https:\/\/www.ghostysky.com\/fr\/product\/ufactory-xarm-6-with-direct-drive-linear-motor\/","og_site_name":"Ghostysky","article_publisher":"https:\/\/www.facebook.com\/people\/Ghostysky\/100057676170234\/","article_modified_time":"2025-10-20T16:10:45+00:00","og_image":[{"width":2084,"height":2084,"url":"https:\/\/www.ghostysky.com\/wp-content\/uploads\/2025\/10\/GH_UFACTORY-xArm-6-With-Direct-drive-Linear-Motor_1.png","type":"image\/png"}],"twitter_card":"summary_large_image","twitter_site":"@Gh0stysky","twitter_misc":{"Dur\u00e9e de lecture estim\u00e9e":"2 minutes"},"schema":{"@context":"https:\/\/schema.org","@graph":[{"@type":"WebPage","@id":"https:\/\/www.ghostysky.com\/product\/ufactory-xarm-6-with-direct-drive-linear-motor\/","url":"https:\/\/www.ghostysky.com\/product\/ufactory-xarm-6-with-direct-drive-linear-motor\/","name":"UFACTORY xArm 6 avec moteur lin\u00e9aire \u00e0 entra\u00eenement direct - Ghostysky","isPartOf":{"@id":"https:\/\/www.ghostysky.com\/#website"},"primaryImageOfPage":{"@id":"https:\/\/www.ghostysky.com\/product\/ufactory-xarm-6-with-direct-drive-linear-motor\/#primaryimage"},"image":{"@id":"https:\/\/www.ghostysky.com\/product\/ufactory-xarm-6-with-direct-drive-linear-motor\/#primaryimage"},"thumbnailUrl":"https:\/\/www.ghostysky.com\/wp-content\/uploads\/2025\/10\/GH_UFACTORY-xArm-6-With-Direct-drive-Linear-Motor_1.png","datePublished":"2025-10-20T15:54:32+00:00","dateModified":"2025-10-20T16:10:45+00:00","description":"L&#039;UFACTORY xArm 6 avec moteur lin\u00e9aire \u00e0 entra\u00eenement direct est un syst\u00e8me robotique collaboratif hautes performances con\u00e7u pour \u00e9tendre consid\u00e9rablement l&#039;espace de travail et la pr\u00e9cision du manipulateur xArm 6 standard pour les applications industrielles et de recherche avanc\u00e9e.","breadcrumb":{"@id":"https:\/\/www.ghostysky.com\/product\/ufactory-xarm-6-with-direct-drive-linear-motor\/#breadcrumb"},"inLanguage":"fr-FR","potentialAction":[{"@type":"ReadAction","target":["https:\/\/www.ghostysky.com\/product\/ufactory-xarm-6-with-direct-drive-linear-motor\/"]}]},{"@type":"ImageObject","inLanguage":"fr-FR","@id":"https:\/\/www.ghostysky.com\/product\/ufactory-xarm-6-with-direct-drive-linear-motor\/#primaryimage","url":"https:\/\/www.ghostysky.com\/wp-content\/uploads\/2025\/10\/GH_UFACTORY-xArm-6-With-Direct-drive-Linear-Motor_1.png","contentUrl":"https:\/\/www.ghostysky.com\/wp-content\/uploads\/2025\/10\/GH_UFACTORY-xArm-6-With-Direct-drive-Linear-Motor_1.png","width":2084,"height":2084},{"@type":"BreadcrumbList","@id":"https:\/\/www.ghostysky.com\/product\/ufactory-xarm-6-with-direct-drive-linear-motor\/#breadcrumb","itemListElement":[{"@type":"ListItem","position":1,"name":"Home","item":"https:\/\/www.ghostysky.com\/"},{"@type":"ListItem","position":2,"name":"Shop","item":"https:\/\/www.ghostysky.com\/shop\/"},{"@type":"ListItem","position":3,"name":"UFACTORY xArm 6 With Direct-drive Linear Motor"}]},{"@type":"WebSite","@id":"https:\/\/www.ghostysky.com\/#website","url":"https:\/\/www.ghostysky.com\/","name":"Ghostysky","description":"Livraison de drones et de services professionnels","publisher":{"@id":"https:\/\/www.ghostysky.com\/#organization"},"potentialAction":[{"@type":"SearchAction","target":{"@type":"EntryPoint","urlTemplate":"https:\/\/www.ghostysky.com\/?s={search_term_string}"},"query-input":{"@type":"PropertyValueSpecification","valueRequired":true,"valueName":"search_term_string"}}],"inLanguage":"fr-FR"},{"@type":"Organization","@id":"https:\/\/www.ghostysky.com\/#organization","name":"Ghostysky","url":"https:\/\/www.ghostysky.com\/","logo":{"@type":"ImageObject","inLanguage":"fr-FR","@id":"https:\/\/www.ghostysky.com\/#\/schema\/logo\/image\/","url":"https:\/\/www.ghostysky.com\/wp-content\/uploads\/2020\/06\/cropped-ghostyskylogo_text_white2.png","contentUrl":"https:\/\/www.ghostysky.com\/wp-content\/uploads\/2020\/06\/cropped-ghostyskylogo_text_white2.png","width":169,"height":56,"caption":"Ghostysky"},"image":{"@id":"https:\/\/www.ghostysky.com\/#\/schema\/logo\/image\/"},"sameAs":["https:\/\/www.facebook.com\/people\/Ghostysky\/100057676170234\/","https:\/\/x.com\/Gh0stysky","https:\/\/www.linkedin.com\/company\/34739653","https:\/\/www.instagram.com\/gh0stysky"]}]}},"_links":{"self":[{"href":"https:\/\/www.ghostysky.com\/fr\/wp-json\/wp\/v2\/product\/22118","targetHints":{"allow":["GET"]}}],"collection":[{"href":"https:\/\/www.ghostysky.com\/fr\/wp-json\/wp\/v2\/product"}],"about":[{"href":"https:\/\/www.ghostysky.com\/fr\/wp-json\/wp\/v2\/types\/product"}],"replies":[{"embeddable":true,"href":"https:\/\/www.ghostysky.com\/fr\/wp-json\/wp\/v2\/comments?post=22118"}],"wp:featuredmedia":[{"embeddable":true,"href":"https:\/\/www.ghostysky.com\/fr\/wp-json\/wp\/v2\/media\/22120"}],"wp:attachment":[{"href":"https:\/\/www.ghostysky.com\/fr\/wp-json\/wp\/v2\/media?parent=22118"}],"wp:term":[{"taxonomy":"product_brand","embeddable":true,"href":"https:\/\/www.ghostysky.com\/fr\/wp-json\/wp\/v2\/product_brand?post=22118"},{"taxonomy":"product_cat","embeddable":true,"href":"https:\/\/www.ghostysky.com\/fr\/wp-json\/wp\/v2\/product_cat?post=22118"},{"taxonomy":"product_tag","embeddable":true,"href":"https:\/\/www.ghostysky.com\/fr\/wp-json\/wp\/v2\/product_tag?post=22118"}],"curies":[{"name":"wp","href":"https:\/\/api.w.org\/{rel}","templated":true}]}}