{"id":22127,"date":"2025-10-20T16:34:49","date_gmt":"2025-10-20T16:34:49","guid":{"rendered":"https:\/\/www.ghostysky.com\/?post_type=product&#038;p=22127"},"modified":"2025-10-20T16:47:14","modified_gmt":"2025-10-20T16:47:14","slug":"ufactory-lite-6-kit","status":"publish","type":"product","link":"https:\/\/www.ghostysky.com\/fr\/product\/ufactory-lite-6-kit\/","title":{"rendered":"Kit UFACTORY Lite 6"},"content":{"rendered":"<div id=\"model-response-message-contentr_4e76f402e5aca471\" class=\"markdown markdown-main-panel stronger enable-updated-hr-color\" dir=\"ltr\">\n<h4><b>Caract\u00e9ristiques principales<\/b><\/h4>\n<ul>\n<li><b><span class=\"citation-1644\">Conception compacte \u00e0 6 axes :<\/span><\/b><span class=\"citation-1644 citation-end-1644\"> Il dispose de six degr\u00e9s de libert\u00e9 (DoF) dans un format de bureau, ce qui le rend id\u00e9al pour les espaces restreints dans les laboratoires, les salles de classe ou les petites cellules de fabrication.<\/span><\/li>\n<li><b>Performance:<\/b><span class=\"citation-1643\"> Offre un <\/span><b><span class=\"citation-1643\">Capacit\u00e9 de charge utile de 600 g<\/span><\/b><span class=\"citation-1643\">, un <\/span><b><span class=\"citation-1643\">Port\u00e9e de 440 mm<\/span><\/b><span class=\"citation-1643 citation-end-1643\">, et une r\u00e9p\u00e9tabilit\u00e9 de <sup class=\"superscript\" data-turn-source-index=\"3\">3<\/sup><\/span><b><span class=\"math-inline\" data-math=\"\\pm0.5 \\text{ mm}\">$\\pm0,5 \\texte{mm}$<\/span><\/b><span class=\"citation-1642 citation-end-1642\">.<sup class=\"superscript\" data-turn-source-index=\"4\">4<\/sup><\/span> <span class=\"citation-1641 citation-end-1641\">Il peut atteindre une vitesse maximale de <sup class=\"superscript\" data-turn-source-index=\"5\">5<\/sup><\/span><span class=\"math-inline\" data-math=\"500 \\text{ mm\/s}\">$500 \\texte{ mm\/s}$<\/span><span class=\"citation-1640 citation-end-1640\">.<\/span><\/li>\n<li><b>Durable et \u00e9conomique :<\/b><span class=\"citation-1639 citation-end-1639\"> Construit avec une combinaison d&#039;un moteur \u00e0 entra\u00eenement direct et d&#039;entra\u00eenements harmoniques de qualit\u00e9 industrielle, \u00e9quilibrant la durabilit\u00e9 \u00e0 long terme avec un prix accessible.<\/span><\/li>\n<li><b><span class=\"citation-1638\">Bo\u00eetier de commande int\u00e9gr\u00e9 :<\/span><\/b><span class=\"citation-1638 citation-end-1638\"> Dispose d&#039;un bo\u00eetier de commande int\u00e9gr\u00e9, contribuant \u00e0 sa conception compacte et ergonomique et permettant d&#039;\u00e9conomiser un espace de travail pr\u00e9cieux.<\/span><\/li>\n<li><b>Programmation adapt\u00e9e aux d\u00e9butants\u00a0:<\/b><span class=\"citation-1637\"> Facilement programmable \u00e0 l&#039;aide du logiciel propri\u00e9taire <\/span><b><span class=\"citation-1637\">Studio UFACTORY<\/span><\/b><span class=\"citation-1637 citation-end-1637\"> logiciel qui offre une interface graphique conviviale pour les d\u00e9butants avec une fonctionnalit\u00e9 glisser-d\u00e9poser.<sup class=\"superscript\" data-turn-source-index=\"9\">9<\/sup><\/span> <b><span class=\"citation-1636\">Enseignement manuel<\/span><\/b><span class=\"citation-1636 citation-end-1636\"> (enregistrement manuel des mouvements) est \u00e9galement pris en charge pour une configuration rapide des t\u00e2ches.<\/span><\/li>\n<li><b><span class=\"citation-1635\">Syst\u00e8me Open Source puissant :<\/span><\/b><span class=\"citation-1635\"> Pour les utilisateurs avanc\u00e9s, il prend en charge <\/span><b><span class=\"citation-1635\">ROS\/ROS2<\/span><\/b><span class=\"citation-1635\">, <\/span><b><span class=\"citation-1635\">Python<\/span><\/b><span class=\"citation-1635\">, et <\/span><b><span class=\"citation-1635\">SDK C++<\/span><\/b><span class=\"citation-1635 citation-end-1635\">, permettant l&#039;int\u00e9gration dans les flux de travail d&#039;automatisation industrielle et les syst\u00e8mes de vision industrielle.<\/span><\/li>\n<li><b><span class=\"citation-1634\">Caract\u00e9ristiques de s\u00e9curit\u00e9 :<\/span><\/b><span class=\"citation-1634 citation-end-1634\"> Inclut la d\u00e9tection de collision et les param\u00e8tres de limites de s\u00e9curit\u00e9 pour un environnement d&#039;exploitation plus s\u00fbr.<\/span><\/li>\n<li><b><span class=\"citation-1633\">Contenu du kit Lite 6\u00a0:<\/span><\/b><span class=\"citation-1633\"> Le kit comprend g\u00e9n\u00e9ralement le <\/span><b><span class=\"citation-1633\">Bras robotique Lite 6<\/span><\/b><span class=\"citation-1633\">, le <\/span><b><span class=\"citation-1633\">Bo\u00eetier de commande int\u00e9gr\u00e9<\/span><\/b><span class=\"citation-1633\">, un <\/span><b><span class=\"citation-1633\">C\u00e2ble Ethernet<\/span><\/b><span class=\"citation-1633\">, un <\/span><b><span class=\"citation-1633\">Pince Lite<\/span><\/b><span class=\"citation-1633 citation-end-1633\"> (pince \u00e0 2 doigts avec <sup class=\"superscript\" data-turn-source-index=\"13\">13<\/sup><\/span><span class=\"math-inline\" data-math=\"16 \\text{ mm}\">$16 \\texte{mm}$<\/span><span class=\"citation-1632\"> accident vasculaire c\u00e9r\u00e9bral), et un <\/span><b><span class=\"citation-1632\">Pince \u00e0 vide Lite<\/span><\/b><span class=\"citation-1632 citation-end-1632\"> (<sup class=\"superscript\" data-turn-source-index=\"14\">14<\/sup><\/span><span class=\"math-inline\" data-math=\"-40 \\text{ Kpa}\">$-40 \\texte{ Kpa}$<\/span><span class=\"citation-1631 citation-end-1631\"> niveau de vide).<\/span><\/li>\n<\/ul>\n<h4><b>Applications id\u00e9ales<\/b><\/h4>\n<p>Le Lite 6 est parfait pour des t\u00e2ches telles que :<\/p>\n<ul>\n<li><span class=\"citation-1630 citation-end-1630\">Recherche et prototypage robotiques<\/span><\/li>\n<li><span class=\"citation-1629 citation-end-1629\">\u00c9ducation STEM\/STEAM<\/span><\/li>\n<li><span class=\"citation-1628 citation-end-1628\">Pick and Place de petites pi\u00e8ces<\/span><\/li>\n<li><span class=\"citation-1627 citation-end-1627\">Entretien des machines<\/span><\/li>\n<li><span class=\"citation-1626 citation-end-1626\">Test de l&#039;\u00e9cran tactile ou du clavier<\/span><\/li>\n<li><span class=\"citation-1625 citation-end-1625\">Automatisation l\u00e9g\u00e8re des laboratoires<\/span><\/li>\n<\/ul>\n<p><span class=\"citation-1624 citation-end-1624\">Le kit UFACTORY Lite 6 offre flexibilit\u00e9, rentabilit\u00e9 et une plate-forme ouverte pour ceux qui cherchent \u00e0 explorer ou \u00e0 d\u00e9ployer la robotique collaborative.<\/span><\/p>\n<\/div>","protected":false},"excerpt":{"rendered":"<p>Le kit UFACTORY Lite 6 est un bras robotique 6 axes ultra-abordable et compact con\u00e7u pour l&#039;automatisation peu encombrante, la R&amp;D et les applications \u00e9ducatives o\u00f9 l&#039;ultra-haute pr\u00e9cision n&#039;est pas l&#039;exigence principale.<\/p>\n<ul>\n<li>6 axes<\/li>\n<li>Charge utile 600 g<\/li>\n<li>Port\u00e9e 440 mm<\/li>\n<li>R\u00e9p\u00e9tabilit\u00e9 0,5 mm<\/li>\n<li>Vitesse maximale 500 mm\/s<\/li>\n<\/ul>\n<p>Contenu de la bo\u00eete :<\/p>\n<ul>\n<li>Robot Lite 6*1<\/li>\n<li>Pince Lite*1<\/li>\n<li>Pince \u00e0 vide Lite*1<\/li>\n<li>Bo\u00eetier de commande int\u00e9gr\u00e9<\/li>\n<li>C\u00e2ble Ethernet<\/li>\n<\/ul>","protected":false},"featured_media":22130,"comment_status":"open","ping_status":"closed","template":"","meta":[],"product_brand":[1148],"product_cat":[1037,1145,1146],"product_tag":[1149,1151,1155],"class_list":{"0":"post-22127","1":"product","2":"type-product","3":"status-publish","4":"has-post-thumbnail","6":"product_brand-ufactory","7":"product_cat-robotics","8":"product_cat-ufactory","9":"product_cat-arms","10":"product_tag-ufactory","11":"product_tag-ufactory-arm","12":"product_tag-ufactory-lite-6-kit","14":"first","15":"onbackorder","16":"taxable","17":"shipping-taxable","18":"purchasable","19":"product-type-simple"},"yoast_head":"<!-- This site is optimized with the Yoast SEO plugin v27.1.1 - https:\/\/yoast.com\/product\/yoast-seo-wordpress\/ -->\n<title>UFACTORY Lite 6 Kit - Ghostysky<\/title>\n<meta name=\"description\" content=\"The UFACTORY Lite 6 Kit is an ultra-affordable and compact 6-axis robot arm designed for space-saving automation, R&amp;D, and educational applications where ultra-high accuracy is not the primary requirement.\" \/>\n<meta name=\"robots\" content=\"index, follow, max-snippet:-1, max-image-preview:large, max-video-preview:-1\" \/>\n<link rel=\"canonical\" href=\"https:\/\/www.ghostysky.com\/fr\/product\/ufactory-lite-6-kit\/\" \/>\n<meta property=\"og:locale\" content=\"fr_FR\" \/>\n<meta property=\"og:type\" content=\"article\" \/>\n<meta property=\"og:title\" content=\"UFACTORY Lite 6 Kit - Ghostysky\" \/>\n<meta property=\"og:description\" content=\"The UFACTORY Lite 6 Kit is an ultra-affordable and compact 6-axis robot arm designed for space-saving automation, R&amp;D, and educational applications where ultra-high accuracy is not the primary requirement.\" \/>\n<meta property=\"og:url\" content=\"https:\/\/www.ghostysky.com\/fr\/product\/ufactory-lite-6-kit\/\" \/>\n<meta property=\"og:site_name\" content=\"Ghostysky\" \/>\n<meta property=\"article:publisher\" content=\"https:\/\/www.facebook.com\/people\/Ghostysky\/100057676170234\/\" \/>\n<meta property=\"article:modified_time\" content=\"2025-10-20T16:47:14+00:00\" \/>\n<meta property=\"og:image\" content=\"https:\/\/www.ghostysky.com\/wp-content\/uploads\/2025\/10\/GH_UFACTORY-Lite-6-Kit_1-scaled.png\" \/>\n\t<meta property=\"og:image:width\" content=\"2560\" \/>\n\t<meta property=\"og:image:height\" content=\"2560\" \/>\n\t<meta property=\"og:image:type\" content=\"image\/png\" \/>\n<meta name=\"twitter:card\" content=\"summary_large_image\" \/>\n<meta name=\"twitter:site\" content=\"@Gh0stysky\" \/>\n<meta name=\"twitter:label1\" content=\"Dur\u00e9e de lecture estim\u00e9e\" \/>\n\t<meta name=\"twitter:data1\" content=\"2 minutes\" \/>\n<script type=\"application\/ld+json\" class=\"yoast-schema-graph\">{\"@context\":\"https:\/\/schema.org\",\"@graph\":[{\"@type\":\"WebPage\",\"@id\":\"https:\/\/www.ghostysky.com\/product\/ufactory-lite-6-kit\/\",\"url\":\"https:\/\/www.ghostysky.com\/product\/ufactory-lite-6-kit\/\",\"name\":\"UFACTORY Lite 6 Kit - Ghostysky\",\"isPartOf\":{\"@id\":\"https:\/\/www.ghostysky.com\/#website\"},\"primaryImageOfPage\":{\"@id\":\"https:\/\/www.ghostysky.com\/product\/ufactory-lite-6-kit\/#primaryimage\"},\"image\":{\"@id\":\"https:\/\/www.ghostysky.com\/product\/ufactory-lite-6-kit\/#primaryimage\"},\"thumbnailUrl\":\"https:\/\/www.ghostysky.com\/wp-content\/uploads\/2025\/10\/GH_UFACTORY-Lite-6-Kit_1-scaled.png\",\"datePublished\":\"2025-10-20T16:34:49+00:00\",\"dateModified\":\"2025-10-20T16:47:14+00:00\",\"description\":\"The UFACTORY Lite 6 Kit is an ultra-affordable and compact 6-axis robot arm designed for space-saving automation, R&D, and educational applications where ultra-high accuracy is not the primary requirement.\",\"breadcrumb\":{\"@id\":\"https:\/\/www.ghostysky.com\/product\/ufactory-lite-6-kit\/#breadcrumb\"},\"inLanguage\":\"fr-FR\",\"potentialAction\":[{\"@type\":\"ReadAction\",\"target\":[\"https:\/\/www.ghostysky.com\/product\/ufactory-lite-6-kit\/\"]}]},{\"@type\":\"ImageObject\",\"inLanguage\":\"fr-FR\",\"@id\":\"https:\/\/www.ghostysky.com\/product\/ufactory-lite-6-kit\/#primaryimage\",\"url\":\"https:\/\/www.ghostysky.com\/wp-content\/uploads\/2025\/10\/GH_UFACTORY-Lite-6-Kit_1-scaled.png\",\"contentUrl\":\"https:\/\/www.ghostysky.com\/wp-content\/uploads\/2025\/10\/GH_UFACTORY-Lite-6-Kit_1-scaled.png\",\"width\":2560,\"height\":2560},{\"@type\":\"BreadcrumbList\",\"@id\":\"https:\/\/www.ghostysky.com\/product\/ufactory-lite-6-kit\/#breadcrumb\",\"itemListElement\":[{\"@type\":\"ListItem\",\"position\":1,\"name\":\"Home\",\"item\":\"https:\/\/www.ghostysky.com\/\"},{\"@type\":\"ListItem\",\"position\":2,\"name\":\"Shop\",\"item\":\"https:\/\/www.ghostysky.com\/shop\/\"},{\"@type\":\"ListItem\",\"position\":3,\"name\":\"UFACTORY Lite 6 Kit\"}]},{\"@type\":\"WebSite\",\"@id\":\"https:\/\/www.ghostysky.com\/#website\",\"url\":\"https:\/\/www.ghostysky.com\/\",\"name\":\"Ghostysky\",\"description\":\"Delivering professional drones and services\",\"publisher\":{\"@id\":\"https:\/\/www.ghostysky.com\/#organization\"},\"potentialAction\":[{\"@type\":\"SearchAction\",\"target\":{\"@type\":\"EntryPoint\",\"urlTemplate\":\"https:\/\/www.ghostysky.com\/?s={search_term_string}\"},\"query-input\":{\"@type\":\"PropertyValueSpecification\",\"valueRequired\":true,\"valueName\":\"search_term_string\"}}],\"inLanguage\":\"fr-FR\"},{\"@type\":\"Organization\",\"@id\":\"https:\/\/www.ghostysky.com\/#organization\",\"name\":\"Ghostysky\",\"url\":\"https:\/\/www.ghostysky.com\/\",\"logo\":{\"@type\":\"ImageObject\",\"inLanguage\":\"fr-FR\",\"@id\":\"https:\/\/www.ghostysky.com\/#\/schema\/logo\/image\/\",\"url\":\"https:\/\/www.ghostysky.com\/wp-content\/uploads\/2020\/06\/cropped-ghostyskylogo_text_white2.png\",\"contentUrl\":\"https:\/\/www.ghostysky.com\/wp-content\/uploads\/2020\/06\/cropped-ghostyskylogo_text_white2.png\",\"width\":169,\"height\":56,\"caption\":\"Ghostysky\"},\"image\":{\"@id\":\"https:\/\/www.ghostysky.com\/#\/schema\/logo\/image\/\"},\"sameAs\":[\"https:\/\/www.facebook.com\/people\/Ghostysky\/100057676170234\/\",\"https:\/\/x.com\/Gh0stysky\",\"https:\/\/www.linkedin.com\/company\/34739653\",\"https:\/\/www.instagram.com\/gh0stysky\"]}]}<\/script>\n<!-- \/ Yoast SEO plugin. -->","yoast_head_json":{"title":"Kit UFACTORY Lite 6 - Ghostysky","description":"Le kit UFACTORY Lite 6 est un bras robotique 6 axes ultra-abordable et compact con\u00e7u pour l&#039;automatisation peu encombrante, la R&amp;D et les applications \u00e9ducatives o\u00f9 l&#039;ultra-haute pr\u00e9cision n&#039;est pas l&#039;exigence principale.","robots":{"index":"index","follow":"follow","max-snippet":"max-snippet:-1","max-image-preview":"max-image-preview:large","max-video-preview":"max-video-preview:-1"},"canonical":"https:\/\/www.ghostysky.com\/fr\/product\/ufactory-lite-6-kit\/","og_locale":"fr_FR","og_type":"article","og_title":"UFACTORY Lite 6 Kit - Ghostysky","og_description":"The UFACTORY Lite 6 Kit is an ultra-affordable and compact 6-axis robot arm designed for space-saving automation, R&D, and educational applications where ultra-high accuracy is not the primary requirement.","og_url":"https:\/\/www.ghostysky.com\/fr\/product\/ufactory-lite-6-kit\/","og_site_name":"Ghostysky","article_publisher":"https:\/\/www.facebook.com\/people\/Ghostysky\/100057676170234\/","article_modified_time":"2025-10-20T16:47:14+00:00","og_image":[{"width":2560,"height":2560,"url":"https:\/\/www.ghostysky.com\/wp-content\/uploads\/2025\/10\/GH_UFACTORY-Lite-6-Kit_1-scaled.png","type":"image\/png"}],"twitter_card":"summary_large_image","twitter_site":"@Gh0stysky","twitter_misc":{"Dur\u00e9e de lecture estim\u00e9e":"2 minutes"},"schema":{"@context":"https:\/\/schema.org","@graph":[{"@type":"WebPage","@id":"https:\/\/www.ghostysky.com\/product\/ufactory-lite-6-kit\/","url":"https:\/\/www.ghostysky.com\/product\/ufactory-lite-6-kit\/","name":"Kit UFACTORY Lite 6 - Ghostysky","isPartOf":{"@id":"https:\/\/www.ghostysky.com\/#website"},"primaryImageOfPage":{"@id":"https:\/\/www.ghostysky.com\/product\/ufactory-lite-6-kit\/#primaryimage"},"image":{"@id":"https:\/\/www.ghostysky.com\/product\/ufactory-lite-6-kit\/#primaryimage"},"thumbnailUrl":"https:\/\/www.ghostysky.com\/wp-content\/uploads\/2025\/10\/GH_UFACTORY-Lite-6-Kit_1-scaled.png","datePublished":"2025-10-20T16:34:49+00:00","dateModified":"2025-10-20T16:47:14+00:00","description":"Le kit UFACTORY Lite 6 est un bras robotique 6 axes ultra-abordable et compact con\u00e7u pour l&#039;automatisation peu encombrante, la R&amp;D et les applications \u00e9ducatives o\u00f9 l&#039;ultra-haute pr\u00e9cision n&#039;est pas l&#039;exigence principale.","breadcrumb":{"@id":"https:\/\/www.ghostysky.com\/product\/ufactory-lite-6-kit\/#breadcrumb"},"inLanguage":"fr-FR","potentialAction":[{"@type":"ReadAction","target":["https:\/\/www.ghostysky.com\/product\/ufactory-lite-6-kit\/"]}]},{"@type":"ImageObject","inLanguage":"fr-FR","@id":"https:\/\/www.ghostysky.com\/product\/ufactory-lite-6-kit\/#primaryimage","url":"https:\/\/www.ghostysky.com\/wp-content\/uploads\/2025\/10\/GH_UFACTORY-Lite-6-Kit_1-scaled.png","contentUrl":"https:\/\/www.ghostysky.com\/wp-content\/uploads\/2025\/10\/GH_UFACTORY-Lite-6-Kit_1-scaled.png","width":2560,"height":2560},{"@type":"BreadcrumbList","@id":"https:\/\/www.ghostysky.com\/product\/ufactory-lite-6-kit\/#breadcrumb","itemListElement":[{"@type":"ListItem","position":1,"name":"Home","item":"https:\/\/www.ghostysky.com\/"},{"@type":"ListItem","position":2,"name":"Shop","item":"https:\/\/www.ghostysky.com\/shop\/"},{"@type":"ListItem","position":3,"name":"UFACTORY Lite 6 Kit"}]},{"@type":"WebSite","@id":"https:\/\/www.ghostysky.com\/#website","url":"https:\/\/www.ghostysky.com\/","name":"Ghostysky","description":"Livraison de drones et de services professionnels","publisher":{"@id":"https:\/\/www.ghostysky.com\/#organization"},"potentialAction":[{"@type":"SearchAction","target":{"@type":"EntryPoint","urlTemplate":"https:\/\/www.ghostysky.com\/?s={search_term_string}"},"query-input":{"@type":"PropertyValueSpecification","valueRequired":true,"valueName":"search_term_string"}}],"inLanguage":"fr-FR"},{"@type":"Organization","@id":"https:\/\/www.ghostysky.com\/#organization","name":"Ghostysky","url":"https:\/\/www.ghostysky.com\/","logo":{"@type":"ImageObject","inLanguage":"fr-FR","@id":"https:\/\/www.ghostysky.com\/#\/schema\/logo\/image\/","url":"https:\/\/www.ghostysky.com\/wp-content\/uploads\/2020\/06\/cropped-ghostyskylogo_text_white2.png","contentUrl":"https:\/\/www.ghostysky.com\/wp-content\/uploads\/2020\/06\/cropped-ghostyskylogo_text_white2.png","width":169,"height":56,"caption":"Ghostysky"},"image":{"@id":"https:\/\/www.ghostysky.com\/#\/schema\/logo\/image\/"},"sameAs":["https:\/\/www.facebook.com\/people\/Ghostysky\/100057676170234\/","https:\/\/x.com\/Gh0stysky","https:\/\/www.linkedin.com\/company\/34739653","https:\/\/www.instagram.com\/gh0stysky"]}]}},"_links":{"self":[{"href":"https:\/\/www.ghostysky.com\/fr\/wp-json\/wp\/v2\/product\/22127","targetHints":{"allow":["GET"]}}],"collection":[{"href":"https:\/\/www.ghostysky.com\/fr\/wp-json\/wp\/v2\/product"}],"about":[{"href":"https:\/\/www.ghostysky.com\/fr\/wp-json\/wp\/v2\/types\/product"}],"replies":[{"embeddable":true,"href":"https:\/\/www.ghostysky.com\/fr\/wp-json\/wp\/v2\/comments?post=22127"}],"wp:featuredmedia":[{"embeddable":true,"href":"https:\/\/www.ghostysky.com\/fr\/wp-json\/wp\/v2\/media\/22130"}],"wp:attachment":[{"href":"https:\/\/www.ghostysky.com\/fr\/wp-json\/wp\/v2\/media?parent=22127"}],"wp:term":[{"taxonomy":"product_brand","embeddable":true,"href":"https:\/\/www.ghostysky.com\/fr\/wp-json\/wp\/v2\/product_brand?post=22127"},{"taxonomy":"product_cat","embeddable":true,"href":"https:\/\/www.ghostysky.com\/fr\/wp-json\/wp\/v2\/product_cat?post=22127"},{"taxonomy":"product_tag","embeddable":true,"href":"https:\/\/www.ghostysky.com\/fr\/wp-json\/wp\/v2\/product_tag?post=22127"}],"curies":[{"name":"wp","href":"https:\/\/api.w.org\/{rel}","templated":true}]}}