{"id":22132,"date":"2025-10-20T16:51:38","date_gmt":"2025-10-20T16:51:38","guid":{"rendered":"https:\/\/www.ghostysky.com\/?post_type=product&#038;p=22132"},"modified":"2025-10-20T16:57:23","modified_gmt":"2025-10-20T16:57:23","slug":"ufactory-lite-6","status":"publish","type":"product","link":"https:\/\/www.ghostysky.com\/fr\/product\/ufactory-lite-6\/","title":{"rendered":"UFACTORY Lite 6"},"content":{"rendered":"<div id=\"model-response-message-contentr_4e76f402e5aca471\" class=\"markdown markdown-main-panel stronger enable-updated-hr-color\" dir=\"ltr\">\n<div id=\"model-response-message-contentr_031a45f75ce1ac2f\" class=\"markdown markdown-main-panel stronger enable-updated-hr-color\" dir=\"ltr\">\n<h4><b>Caract\u00e9ristiques principales<\/b><\/h4>\n<ul>\n<li><b><span class=\"citation-1687\">Conception compacte \u00e0 6 axes :<\/span><\/b><span class=\"citation-1687 citation-end-1687\"> Dot\u00e9 de 6 degr\u00e9s de libert\u00e9 (DoF) et d&#039;une structure l\u00e9g\u00e8re, ce qui le rend parfait pour une int\u00e9gration sur des paillasses de laboratoire ou des surfaces de travail sans n\u00e9cessiter d&#039;espace important.<\/span><\/li>\n<li><b><span class=\"citation-1686\">Performances abordables :<\/span><\/b><span class=\"citation-1686 citation-end-1686\"> Con\u00e7u pour \u00eatre l&#039;un des bras robotis\u00e9s de la taille d&#039;une table \u00e0 6 axes les plus accessibles du march\u00e9, combinant des composants de qualit\u00e9 industrielle avec une conception conviviale pour s&#039;adapter aux budgets plus serr\u00e9s.<\/span><\/li>\n<li><b>Caract\u00e9ristiques:<\/b>\n<ul>\n<li><b><span class=\"citation-1685\">Charge utile:<\/span><\/b> <span class=\"math-inline\" data-math=\"600\\text{ g}\"><span class=\"katex\"><span class=\"katex-html\" aria-hidden=\"true\"><span class=\"base\"><span class=\"mord\">600<\/span><span class=\"mord text\"><span class=\"mord\">\u00a0g<\/span><\/span><\/span><\/span><\/span><\/span><span class=\"citation-1684 citation-end-1684\"> (Certaines sources indiquent <\/span><span class=\"math-inline\" data-math=\"1\\text{ kg}\"><span class=\"katex\"><span class=\"katex-html\" aria-hidden=\"true\"><span class=\"base\"><span class=\"mord\">1<\/span><span class=\"mord text\"><span class=\"mord\">\u00a0kg<\/span><\/span><\/span><\/span><\/span><\/span><span class=\"citation-1683 citation-end-1683\">)<\/span><\/li>\n<li><b>Atteindre:<\/b> <span class=\"math-inline\" data-math=\"440\\text{ mm}\"><span class=\"katex\"><span class=\"katex-html\" aria-hidden=\"true\"><span class=\"base\"><span class=\"mord\">440<\/span><span class=\"mord text\"><span class=\"mord\">\u00a0mm<\/span><\/span><\/span><\/span><\/span><\/span><\/li>\n<li><b>R\u00e9p\u00e9tabilit\u00e9 :<\/b> <span class=\"math-inline\" data-math=\"\\pm 0.5\\text{ mm}\"><span class=\"katex\"><span class=\"katex-html\" aria-hidden=\"true\"><span class=\"base\"><span class=\"mord\">\u00b1<\/span><span class=\"mord\">0.5<\/span><span class=\"mord text\"><span class=\"mord\">\u00a0mm<\/span><\/span><\/span><\/span><\/span><\/span><span class=\"citation-1680 citation-end-1680\"> (Certaines sources indiquent <\/span><span class=\"math-inline\" data-math=\"\\pm 0.2\\text{ mm}\"><span class=\"katex\"><span class=\"katex-html\" aria-hidden=\"true\"><span class=\"base\"><span class=\"mord\">\u00b1<\/span><span class=\"mord\">0.2<\/span><span class=\"mord text\"><span class=\"mord\">\u00a0mm<\/span><\/span><\/span><\/span><\/span><\/span><span class=\"citation-1679 citation-end-1679\">)<\/span><\/li>\n<li><b><span class=\"citation-1678\">Vitesse maximale:<\/span><\/b> <span class=\"math-inline\" data-math=\"500\\text{ mm\/s}\"><span class=\"katex\"><span class=\"katex-html\" aria-hidden=\"true\"><span class=\"base\"><span class=\"mord\">500<\/span><span class=\"mord text\"><span class=\"mord\">\u00a0mm\/s<\/span><\/span><\/span><\/span><\/span><\/span><\/li>\n<\/ul>\n<\/li>\n<li><b><span class=\"citation-1677\">Bo\u00eetier de commande int\u00e9gr\u00e9 :<\/span><\/b><span class=\"citation-1677 citation-end-1677\"> L&#039;unit\u00e9 de commande est int\u00e9gr\u00e9e \u00e0 la base du bras du robot, contribuant \u00e0 son encombrement compact et \u00e0 son d\u00e9ploiement facile.<\/span><\/li>\n<li><b>Open Source et convivial pour les d\u00e9veloppeurs\u00a0:<\/b><span class=\"citation-1676\"> Il prend en charge un environnement de d\u00e9veloppement open source puissant, notamment <\/span><b><span class=\"citation-1676\">Python<\/span><\/b><span class=\"citation-1676\">, <\/span><b><span class=\"citation-1676\">C++<\/span><\/b><span class=\"citation-1676\">, <\/span><b><span class=\"citation-1676\">ROS<\/span><\/b><span class=\"citation-1676\">, et <\/span><b><span class=\"citation-1676\">ROS2<\/span><\/b><span class=\"citation-1676 citation-end-1676\"> avec des packages et des SDK facilement disponibles.<\/span> <span class=\"citation-1675\">La programmation est \u00e9galement rendue accessible aux d\u00e9butants gr\u00e2ce \u00e0 la <\/span><b><span class=\"citation-1675\">Studio UFACTORY<\/span><\/b><span class=\"citation-1675 citation-end-1675\"> interface utilisateur graphique, qui prend en charge l&#039;enseignement manuel et l&#039;enregistrement de trajectoire.<\/span><\/li>\n<li><b>Durable et s\u00fbr :<\/b><span class=\"citation-1674 citation-end-1674\"> Construit avec une combinaison de moteurs \u00e0 entra\u00eenement direct et d&#039;entra\u00eenements harmoniques pour plus de durabilit\u00e9 et de rentabilit\u00e9.<\/span> <span class=\"citation-1673 citation-end-1673\">Il comprend des fonctions de s\u00e9curit\u00e9 telles que la d\u00e9tection de collision et est con\u00e7u pour fonctionner 24h\/24 et 7j\/7.<\/span><\/li>\n<li><b>Applications:<\/b> Le Lite 6 est excellent pour les t\u00e2ches qui ne n\u00e9cessitent pas une pr\u00e9cision extr\u00eamement \u00e9lev\u00e9e, telles que\u00a0:\n<ul>\n<li><span class=\"citation-1672 citation-end-1672\">Recherche et d\u00e9veloppement robotiques<\/span><\/li>\n<li><span class=\"citation-1671 citation-end-1671\">Automatisation de laboratoire<\/span><\/li>\n<li><span class=\"citation-1670 citation-end-1670\">Pick-and-Place l\u00e9ger<\/span><\/li>\n<li><span class=\"citation-1669 citation-end-1669\">Formation p\u00e9dagogique en robotique et ROS<\/span><\/li>\n<\/ul>\n<\/li>\n<\/ul>\n<p>L&#039;UFACTORY Lite 6 offre un point d&#039;entr\u00e9e robuste, flexible et \u00e9conomique dans la robotique collaborative pour les petites et moyennes entreprises, les chercheurs et les \u00e9tablissements d&#039;enseignement. <span class=\"citation-1668 citation-end-1668\">(En option : des accessoires tels que le Lite Gripper et le Vacuum Gripper peuvent \u00eatre ajout\u00e9s au kit pour une fonctionnalit\u00e9 am\u00e9lior\u00e9e.)<\/span><\/p>\n<div class=\"source-inline-chip-container ng-star-inserted\"><\/div>\n<\/div>\n<\/div>","protected":false},"excerpt":{"rendered":"<p><span class=\"citation-1689\">Le <\/span><b><span class=\"citation-1689\">UFACTORY Lite 6<\/span><\/b><span class=\"citation-1689 citation-end-1689\"> est un bras robotique collaboratif \u00e0 6 axes hautement polyvalent et \u00e9conomique, sp\u00e9cialement con\u00e7u pour les t\u00e2ches d&#039;automatisation de bureau et peu encombrantes.<\/span> <span class=\"citation-1688 citation-end-1688\">C&#039;est une solution id\u00e9ale pour la manipulation de la lumi\u00e8re, la recherche et les fins \u00e9ducatives o\u00f9 la flexibilit\u00e9 et l&#039;efficacit\u00e9 sont essentielles.<\/span><\/p>\n<ul>\n<li>6 axes<\/li>\n<li>Charge utile 600 g<\/li>\n<li>Port\u00e9e 440 mm<\/li>\n<li>R\u00e9p\u00e9tabilit\u00e9 0,5 mm<\/li>\n<li>Vitesse maximale 500 mm\/s<\/li>\n<\/ul>\n<p>Contenu de la bo\u00eete :<\/p>\n<ul>\n<li>Robot Lite 6*1<\/li>\n<li>Bo\u00eetier de commande int\u00e9gr\u00e9<\/li>\n<li>C\u00e2ble Ethernet<\/li>\n<\/ul>","protected":false},"featured_media":22135,"comment_status":"open","ping_status":"closed","template":"","meta":[],"product_brand":[1148],"product_cat":[1037,1145,1146],"product_tag":[1149,1151,1156],"class_list":{"0":"post-22132","1":"product","2":"type-product","3":"status-publish","4":"has-post-thumbnail","6":"product_brand-ufactory","7":"product_cat-robotics","8":"product_cat-ufactory","9":"product_cat-arms","10":"product_tag-ufactory","11":"product_tag-ufactory-arm","12":"product_tag-ufactory-lite-6","14":"first","15":"onbackorder","16":"taxable","17":"shipping-taxable","18":"purchasable","19":"product-type-simple"},"yoast_head":"<!-- This site is optimized with the Yoast SEO plugin v27.1.1 - https:\/\/yoast.com\/product\/yoast-seo-wordpress\/ -->\n<title>UFACTORY Lite 6 - Ghostysky<\/title>\n<meta name=\"description\" content=\"The UFACTORY Lite 6 is a highly versatile and cost-effective 6-axis collaborative robotic arm, specifically designed for desktop and space-saving automation tasks. It is an ideal solution for light manipulation, research, and educational purposes where flexibility and efficiency are key.\" \/>\n<meta name=\"robots\" content=\"index, follow, max-snippet:-1, max-image-preview:large, max-video-preview:-1\" \/>\n<link rel=\"canonical\" href=\"https:\/\/www.ghostysky.com\/fr\/product\/ufactory-lite-6\/\" \/>\n<meta property=\"og:locale\" content=\"fr_FR\" \/>\n<meta property=\"og:type\" content=\"article\" \/>\n<meta property=\"og:title\" content=\"UFACTORY Lite 6 - Ghostysky\" \/>\n<meta property=\"og:description\" content=\"The UFACTORY Lite 6 is a highly versatile and cost-effective 6-axis collaborative robotic arm, specifically designed for desktop and space-saving automation tasks. It is an ideal solution for light manipulation, research, and educational purposes where flexibility and efficiency are key.\" \/>\n<meta property=\"og:url\" content=\"https:\/\/www.ghostysky.com\/fr\/product\/ufactory-lite-6\/\" \/>\n<meta property=\"og:site_name\" content=\"Ghostysky\" \/>\n<meta property=\"article:publisher\" content=\"https:\/\/www.facebook.com\/people\/Ghostysky\/100057676170234\/\" \/>\n<meta property=\"article:modified_time\" content=\"2025-10-20T16:57:23+00:00\" \/>\n<meta property=\"og:image\" content=\"https:\/\/www.ghostysky.com\/wp-content\/uploads\/2025\/10\/GH_UFACTORY-Lite-6_1.png\" \/>\n\t<meta property=\"og:image:width\" content=\"2560\" \/>\n\t<meta property=\"og:image:height\" content=\"2560\" \/>\n\t<meta property=\"og:image:type\" content=\"image\/png\" \/>\n<meta name=\"twitter:card\" content=\"summary_large_image\" \/>\n<meta name=\"twitter:site\" content=\"@Gh0stysky\" \/>\n<meta name=\"twitter:label1\" content=\"Dur\u00e9e de lecture estim\u00e9e\" \/>\n\t<meta name=\"twitter:data1\" content=\"2 minutes\" \/>\n<script type=\"application\/ld+json\" class=\"yoast-schema-graph\">{\"@context\":\"https:\/\/schema.org\",\"@graph\":[{\"@type\":\"WebPage\",\"@id\":\"https:\/\/www.ghostysky.com\/product\/ufactory-lite-6\/\",\"url\":\"https:\/\/www.ghostysky.com\/product\/ufactory-lite-6\/\",\"name\":\"UFACTORY Lite 6 - Ghostysky\",\"isPartOf\":{\"@id\":\"https:\/\/www.ghostysky.com\/#website\"},\"primaryImageOfPage\":{\"@id\":\"https:\/\/www.ghostysky.com\/product\/ufactory-lite-6\/#primaryimage\"},\"image\":{\"@id\":\"https:\/\/www.ghostysky.com\/product\/ufactory-lite-6\/#primaryimage\"},\"thumbnailUrl\":\"https:\/\/www.ghostysky.com\/wp-content\/uploads\/2025\/10\/GH_UFACTORY-Lite-6_1.png\",\"datePublished\":\"2025-10-20T16:51:38+00:00\",\"dateModified\":\"2025-10-20T16:57:23+00:00\",\"description\":\"The UFACTORY Lite 6 is a highly versatile and cost-effective 6-axis collaborative robotic arm, specifically designed for desktop and space-saving automation tasks. It is an ideal solution for light manipulation, research, and educational purposes where flexibility and efficiency are key.\",\"breadcrumb\":{\"@id\":\"https:\/\/www.ghostysky.com\/product\/ufactory-lite-6\/#breadcrumb\"},\"inLanguage\":\"fr-FR\",\"potentialAction\":[{\"@type\":\"ReadAction\",\"target\":[\"https:\/\/www.ghostysky.com\/product\/ufactory-lite-6\/\"]}]},{\"@type\":\"ImageObject\",\"inLanguage\":\"fr-FR\",\"@id\":\"https:\/\/www.ghostysky.com\/product\/ufactory-lite-6\/#primaryimage\",\"url\":\"https:\/\/www.ghostysky.com\/wp-content\/uploads\/2025\/10\/GH_UFACTORY-Lite-6_1.png\",\"contentUrl\":\"https:\/\/www.ghostysky.com\/wp-content\/uploads\/2025\/10\/GH_UFACTORY-Lite-6_1.png\",\"width\":2560,\"height\":2560},{\"@type\":\"BreadcrumbList\",\"@id\":\"https:\/\/www.ghostysky.com\/product\/ufactory-lite-6\/#breadcrumb\",\"itemListElement\":[{\"@type\":\"ListItem\",\"position\":1,\"name\":\"Home\",\"item\":\"https:\/\/www.ghostysky.com\/\"},{\"@type\":\"ListItem\",\"position\":2,\"name\":\"Shop\",\"item\":\"https:\/\/www.ghostysky.com\/shop\/\"},{\"@type\":\"ListItem\",\"position\":3,\"name\":\"UFACTORY Lite 6\"}]},{\"@type\":\"WebSite\",\"@id\":\"https:\/\/www.ghostysky.com\/#website\",\"url\":\"https:\/\/www.ghostysky.com\/\",\"name\":\"Ghostysky\",\"description\":\"Delivering professional drones and services\",\"publisher\":{\"@id\":\"https:\/\/www.ghostysky.com\/#organization\"},\"potentialAction\":[{\"@type\":\"SearchAction\",\"target\":{\"@type\":\"EntryPoint\",\"urlTemplate\":\"https:\/\/www.ghostysky.com\/?s={search_term_string}\"},\"query-input\":{\"@type\":\"PropertyValueSpecification\",\"valueRequired\":true,\"valueName\":\"search_term_string\"}}],\"inLanguage\":\"fr-FR\"},{\"@type\":\"Organization\",\"@id\":\"https:\/\/www.ghostysky.com\/#organization\",\"name\":\"Ghostysky\",\"url\":\"https:\/\/www.ghostysky.com\/\",\"logo\":{\"@type\":\"ImageObject\",\"inLanguage\":\"fr-FR\",\"@id\":\"https:\/\/www.ghostysky.com\/#\/schema\/logo\/image\/\",\"url\":\"https:\/\/www.ghostysky.com\/wp-content\/uploads\/2020\/06\/cropped-ghostyskylogo_text_white2.png\",\"contentUrl\":\"https:\/\/www.ghostysky.com\/wp-content\/uploads\/2020\/06\/cropped-ghostyskylogo_text_white2.png\",\"width\":169,\"height\":56,\"caption\":\"Ghostysky\"},\"image\":{\"@id\":\"https:\/\/www.ghostysky.com\/#\/schema\/logo\/image\/\"},\"sameAs\":[\"https:\/\/www.facebook.com\/people\/Ghostysky\/100057676170234\/\",\"https:\/\/x.com\/Gh0stysky\",\"https:\/\/www.linkedin.com\/company\/34739653\",\"https:\/\/www.instagram.com\/gh0stysky\"]}]}<\/script>\n<!-- \/ Yoast SEO plugin. -->","yoast_head_json":{"title":"UFACTORY Lite 6 - Ghostysky","description":"L&#039;UFACTORY Lite 6 est un bras robotique collaboratif 6 axes, tr\u00e8s polyvalent et \u00e9conomique, sp\u00e9cialement con\u00e7u pour les t\u00e2ches d&#039;automatisation de bureau et peu encombrantes. C&#039;est la solution id\u00e9ale pour la manipulation l\u00e9g\u00e8re, la recherche et l&#039;enseignement, o\u00f9 flexibilit\u00e9 et efficacit\u00e9 sont essentielles.","robots":{"index":"index","follow":"follow","max-snippet":"max-snippet:-1","max-image-preview":"max-image-preview:large","max-video-preview":"max-video-preview:-1"},"canonical":"https:\/\/www.ghostysky.com\/fr\/product\/ufactory-lite-6\/","og_locale":"fr_FR","og_type":"article","og_title":"UFACTORY Lite 6 - Ghostysky","og_description":"The UFACTORY Lite 6 is a highly versatile and cost-effective 6-axis collaborative robotic arm, specifically designed for desktop and space-saving automation tasks. It is an ideal solution for light manipulation, research, and educational purposes where flexibility and efficiency are key.","og_url":"https:\/\/www.ghostysky.com\/fr\/product\/ufactory-lite-6\/","og_site_name":"Ghostysky","article_publisher":"https:\/\/www.facebook.com\/people\/Ghostysky\/100057676170234\/","article_modified_time":"2025-10-20T16:57:23+00:00","og_image":[{"width":2560,"height":2560,"url":"https:\/\/www.ghostysky.com\/wp-content\/uploads\/2025\/10\/GH_UFACTORY-Lite-6_1.png","type":"image\/png"}],"twitter_card":"summary_large_image","twitter_site":"@Gh0stysky","twitter_misc":{"Dur\u00e9e de lecture estim\u00e9e":"2 minutes"},"schema":{"@context":"https:\/\/schema.org","@graph":[{"@type":"WebPage","@id":"https:\/\/www.ghostysky.com\/product\/ufactory-lite-6\/","url":"https:\/\/www.ghostysky.com\/product\/ufactory-lite-6\/","name":"UFACTORY Lite 6 - Ghostysky","isPartOf":{"@id":"https:\/\/www.ghostysky.com\/#website"},"primaryImageOfPage":{"@id":"https:\/\/www.ghostysky.com\/product\/ufactory-lite-6\/#primaryimage"},"image":{"@id":"https:\/\/www.ghostysky.com\/product\/ufactory-lite-6\/#primaryimage"},"thumbnailUrl":"https:\/\/www.ghostysky.com\/wp-content\/uploads\/2025\/10\/GH_UFACTORY-Lite-6_1.png","datePublished":"2025-10-20T16:51:38+00:00","dateModified":"2025-10-20T16:57:23+00:00","description":"L&#039;UFACTORY Lite 6 est un bras robotique collaboratif 6 axes, tr\u00e8s polyvalent et \u00e9conomique, sp\u00e9cialement con\u00e7u pour les t\u00e2ches d&#039;automatisation de bureau et peu encombrantes. C&#039;est la solution id\u00e9ale pour la manipulation l\u00e9g\u00e8re, la recherche et l&#039;enseignement, o\u00f9 flexibilit\u00e9 et efficacit\u00e9 sont essentielles.","breadcrumb":{"@id":"https:\/\/www.ghostysky.com\/product\/ufactory-lite-6\/#breadcrumb"},"inLanguage":"fr-FR","potentialAction":[{"@type":"ReadAction","target":["https:\/\/www.ghostysky.com\/product\/ufactory-lite-6\/"]}]},{"@type":"ImageObject","inLanguage":"fr-FR","@id":"https:\/\/www.ghostysky.com\/product\/ufactory-lite-6\/#primaryimage","url":"https:\/\/www.ghostysky.com\/wp-content\/uploads\/2025\/10\/GH_UFACTORY-Lite-6_1.png","contentUrl":"https:\/\/www.ghostysky.com\/wp-content\/uploads\/2025\/10\/GH_UFACTORY-Lite-6_1.png","width":2560,"height":2560},{"@type":"BreadcrumbList","@id":"https:\/\/www.ghostysky.com\/product\/ufactory-lite-6\/#breadcrumb","itemListElement":[{"@type":"ListItem","position":1,"name":"Home","item":"https:\/\/www.ghostysky.com\/"},{"@type":"ListItem","position":2,"name":"Shop","item":"https:\/\/www.ghostysky.com\/shop\/"},{"@type":"ListItem","position":3,"name":"UFACTORY Lite 6"}]},{"@type":"WebSite","@id":"https:\/\/www.ghostysky.com\/#website","url":"https:\/\/www.ghostysky.com\/","name":"Ghostysky","description":"Livraison de drones et de services professionnels","publisher":{"@id":"https:\/\/www.ghostysky.com\/#organization"},"potentialAction":[{"@type":"SearchAction","target":{"@type":"EntryPoint","urlTemplate":"https:\/\/www.ghostysky.com\/?s={search_term_string}"},"query-input":{"@type":"PropertyValueSpecification","valueRequired":true,"valueName":"search_term_string"}}],"inLanguage":"fr-FR"},{"@type":"Organization","@id":"https:\/\/www.ghostysky.com\/#organization","name":"Ghostysky","url":"https:\/\/www.ghostysky.com\/","logo":{"@type":"ImageObject","inLanguage":"fr-FR","@id":"https:\/\/www.ghostysky.com\/#\/schema\/logo\/image\/","url":"https:\/\/www.ghostysky.com\/wp-content\/uploads\/2020\/06\/cropped-ghostyskylogo_text_white2.png","contentUrl":"https:\/\/www.ghostysky.com\/wp-content\/uploads\/2020\/06\/cropped-ghostyskylogo_text_white2.png","width":169,"height":56,"caption":"Ghostysky"},"image":{"@id":"https:\/\/www.ghostysky.com\/#\/schema\/logo\/image\/"},"sameAs":["https:\/\/www.facebook.com\/people\/Ghostysky\/100057676170234\/","https:\/\/x.com\/Gh0stysky","https:\/\/www.linkedin.com\/company\/34739653","https:\/\/www.instagram.com\/gh0stysky"]}]}},"_links":{"self":[{"href":"https:\/\/www.ghostysky.com\/fr\/wp-json\/wp\/v2\/product\/22132","targetHints":{"allow":["GET"]}}],"collection":[{"href":"https:\/\/www.ghostysky.com\/fr\/wp-json\/wp\/v2\/product"}],"about":[{"href":"https:\/\/www.ghostysky.com\/fr\/wp-json\/wp\/v2\/types\/product"}],"replies":[{"embeddable":true,"href":"https:\/\/www.ghostysky.com\/fr\/wp-json\/wp\/v2\/comments?post=22132"}],"wp:featuredmedia":[{"embeddable":true,"href":"https:\/\/www.ghostysky.com\/fr\/wp-json\/wp\/v2\/media\/22135"}],"wp:attachment":[{"href":"https:\/\/www.ghostysky.com\/fr\/wp-json\/wp\/v2\/media?parent=22132"}],"wp:term":[{"taxonomy":"product_brand","embeddable":true,"href":"https:\/\/www.ghostysky.com\/fr\/wp-json\/wp\/v2\/product_brand?post=22132"},{"taxonomy":"product_cat","embeddable":true,"href":"https:\/\/www.ghostysky.com\/fr\/wp-json\/wp\/v2\/product_cat?post=22132"},{"taxonomy":"product_tag","embeddable":true,"href":"https:\/\/www.ghostysky.com\/fr\/wp-json\/wp\/v2\/product_tag?post=22132"}],"curies":[{"name":"wp","href":"https:\/\/api.w.org\/{rel}","templated":true}]}}