{"id":22142,"date":"2025-10-20T17:23:31","date_gmt":"2025-10-20T17:23:31","guid":{"rendered":"https:\/\/www.ghostysky.com\/?post_type=product&#038;p=22142"},"modified":"2025-10-20T17:24:22","modified_gmt":"2025-10-20T17:24:22","slug":"ufactory-850-ac-control-box","status":"publish","type":"product","link":"https:\/\/www.ghostysky.com\/fr\/product\/ufactory-850-ac-control-box\/","title":{"rendered":"Bo\u00eetier de commande CA UFACTORY 850"},"content":{"rendered":"<div id=\"model-response-message-contentr_20b013c2d27dc29b\" class=\"markdown markdown-main-panel stronger enable-updated-hr-color\" dir=\"ltr\">\n<h4><b>Principales caract\u00e9ristiques et avantages<\/b><\/h4>\n<ul>\n<li><b><span class=\"citation-1702\">Alimentation int\u00e9gr\u00e9e :<\/span><\/b><span class=\"citation-1702 citation-end-1702\"> Con\u00e7u pour un d\u00e9ploiement rapide et facile, le bo\u00eetier de commande CA contient un adaptateur CA-CC int\u00e9gr\u00e9, lui permettant d&#039;\u00eatre aliment\u00e9 directement \u00e0 partir d&#039;une prise murale standard.<\/span> <span class=\"citation-1701\">Il accepte une large tension d&#039;entr\u00e9e de <\/span><b><span class=\"citation-1701\">100-240 V CA (50\/60 Hz)<\/span><\/b><span class=\"citation-1701\"> et g\u00e9n\u00e8re les donn\u00e9es n\u00e9cessaires <\/span><b><span class=\"citation-1701\">48 V CC<\/span><\/b><span class=\"citation-1701 citation-end-1701\"> alimentation (typiquement 20,8 A) pour le bras robotis\u00e9 UFACTORY 850.<\/span><\/li>\n<li><b>Contr\u00f4le centralis\u00e9 et connectivit\u00e9 :<\/b> Il sert de cerveau et de centre d\u2019interface pour le bras robotique.\n<ul>\n<li><b><span class=\"citation-1700\">Extension d&#039;E\/S\u00a0:<\/span><\/b><span class=\"citation-1700\"> Fournit des ports d&#039;entr\u00e9e\/sortie \u00e9tendus pour l&#039;int\u00e9gration avec des \u00e9quipements externes, y compris <\/span><b><span class=\"citation-1700\">Entr\u00e9es\/sorties num\u00e9riques<\/span><\/b><span class=\"citation-1700\"> (CI\/DI et CO\/DO) et <\/span><b><span class=\"citation-1700\">Entr\u00e9es\/sorties analogiques<\/span><\/b><span class=\"citation-1700 citation-end-1700\"> (IA\/AO).<\/span><\/li>\n<li><b><span class=\"citation-1699\">Communication:<\/span><\/b><span class=\"citation-1699\"> Soutient <\/span><b><span class=\"citation-1699\">Ethernet<\/span><\/b><span class=\"citation-1699\"> et dispose d&#039;un <\/span><b><span class=\"citation-1699\">Ma\u00eetre RS485<\/span><\/b><span class=\"citation-1699 citation-end-1699\"> port pour une communication et un contr\u00f4le robustes.<\/span><\/li>\n<\/ul>\n<\/li>\n<li><b>H\u00f4te du logiciel :<\/b><span class=\"citation-1698\"> Le bo\u00eetier de commande g\u00e8re l&#039;interface conviviale bas\u00e9e sur le Web <\/span><b><span class=\"citation-1698\">Studio UFACTORY<\/span><\/b><span class=\"citation-1698 citation-end-1698\"> logiciel qui permet la programmation graphique et la configuration du bras robotique sans n\u00e9cessiter d&#039;installation de logiciel suppl\u00e9mentaire sur votre PC.<\/span><\/li>\n<li><b><span class=\"citation-1697\">S\u00e9curit\u00e9 et fonctionnement :<\/span><\/b><span class=\"citation-1697\"> Comprend un <\/span><b><span class=\"citation-1697\">Arr\u00eat d&#039;urgence<\/span><\/b><span class=\"citation-1697 citation-end-1697\"> bouton de coupure imm\u00e9diate de courant pour assurer la s\u00e9curit\u00e9 du personnel et du mat\u00e9riel.<\/span> Il facilite la connexion entre les c\u00e2bles d&#039;alimentation et de signal du bras robotique.<\/li>\n<li><b>Solution stationnaire :<\/b> Sp\u00e9cialement optimis\u00e9 pour les environnements d&#039;atelier et de production industrielle o\u00f9 une source d&#039;alimentation CA stable est disponible, offrant une solution compl\u00e8te et plug-and-play pour les t\u00e2ches d&#039;automatisation de haute pr\u00e9cision effectu\u00e9es par l&#039;UFACTORY 850.<\/li>\n<\/ul>\n<p><b>En r\u00e9sum\u00e9, le bo\u00eetier de commande UFACTORY 850 AC est une unit\u00e9 de commande puissante et int\u00e9gr\u00e9e qui simplifie le d\u00e9ploiement et le fonctionnement du bras robotique 850 en fournissant toute la conversion de puissance n\u00e9cessaire, les interfaces de communication et la plate-forme pour son logiciel de contr\u00f4le.<\/b><\/p>\n<\/div>","protected":false},"excerpt":{"rendered":"<p><span class=\"citation-1703\">Le <\/span><b><span class=\"citation-1703\">Bo\u00eetier de commande CA UFACTORY 850<\/span><\/b><span class=\"citation-1703 citation-end-1703\"> est le composant mat\u00e9riel essentiel pour faire fonctionner votre bras robotique UFACTORY 850 dans un environnement stationnaire bas\u00e9 sur un \u00e9tabli.<\/span><\/p>\n<ul>\n<li>Conception compacte<\/li>\n<li>Entr\u00e9e : 100-240 VCA, 50\/60 Hz<\/li>\n<\/ul>","protected":false},"featured_media":22146,"comment_status":"open","ping_status":"closed","template":"","meta":[],"product_brand":[1148],"product_cat":[1041,1037,1145,1147],"product_tag":[1149,1158,1157],"class_list":{"0":"post-22142","1":"product","2":"type-product","3":"status-publish","4":"has-post-thumbnail","6":"product_brand-ufactory","7":"product_cat-arms-grippers","8":"product_cat-robotics","9":"product_cat-ufactory","10":"product_cat-ufactory-accessories","11":"product_tag-ufactory","12":"product_tag-ufactory-850-accessories","13":"product_tag-ufactory-accessories","15":"first","16":"onbackorder","17":"taxable","18":"shipping-taxable","19":"purchasable","20":"product-type-simple"},"yoast_head":"<!-- This site is optimized with the Yoast SEO plugin v27.1.1 - https:\/\/yoast.com\/product\/yoast-seo-wordpress\/ -->\n<title>UFACTORY 850 AC Control Box - Ghostysky<\/title>\n<meta name=\"description\" content=\"The UFACTORY 850 AC Control Box is the essential hardware component for operating your UFACTORY 850 robotic arm in a stationary, workbench-based setting.\" \/>\n<meta name=\"robots\" content=\"index, follow, max-snippet:-1, max-image-preview:large, max-video-preview:-1\" \/>\n<link rel=\"canonical\" href=\"https:\/\/www.ghostysky.com\/fr\/product\/ufactory-850-ac-control-box\/\" \/>\n<meta property=\"og:locale\" content=\"fr_FR\" \/>\n<meta property=\"og:type\" content=\"article\" \/>\n<meta property=\"og:title\" content=\"UFACTORY 850 AC Control Box - Ghostysky\" \/>\n<meta property=\"og:description\" content=\"The UFACTORY 850 AC Control Box is the essential hardware component for operating your UFACTORY 850 robotic arm in a stationary, workbench-based setting.\" \/>\n<meta property=\"og:url\" content=\"https:\/\/www.ghostysky.com\/fr\/product\/ufactory-850-ac-control-box\/\" \/>\n<meta property=\"og:site_name\" content=\"Ghostysky\" \/>\n<meta property=\"article:publisher\" content=\"https:\/\/www.facebook.com\/people\/Ghostysky\/100057676170234\/\" \/>\n<meta property=\"article:modified_time\" content=\"2025-10-20T17:24:22+00:00\" \/>\n<meta property=\"og:image\" content=\"https:\/\/www.ghostysky.com\/wp-content\/uploads\/2025\/10\/GH_UFACTORY-850-AC-Control-Box_1.png\" \/>\n\t<meta property=\"og:image:width\" content=\"2560\" \/>\n\t<meta property=\"og:image:height\" content=\"2560\" \/>\n\t<meta property=\"og:image:type\" content=\"image\/png\" \/>\n<meta name=\"twitter:card\" content=\"summary_large_image\" \/>\n<meta name=\"twitter:site\" content=\"@Gh0stysky\" \/>\n<meta name=\"twitter:label1\" content=\"Dur\u00e9e de lecture estim\u00e9e\" \/>\n\t<meta name=\"twitter:data1\" content=\"2 minutes\" \/>\n<script type=\"application\/ld+json\" class=\"yoast-schema-graph\">{\"@context\":\"https:\/\/schema.org\",\"@graph\":[{\"@type\":\"WebPage\",\"@id\":\"https:\/\/www.ghostysky.com\/product\/ufactory-850-ac-control-box\/\",\"url\":\"https:\/\/www.ghostysky.com\/product\/ufactory-850-ac-control-box\/\",\"name\":\"UFACTORY 850 AC Control Box - Ghostysky\",\"isPartOf\":{\"@id\":\"https:\/\/www.ghostysky.com\/#website\"},\"primaryImageOfPage\":{\"@id\":\"https:\/\/www.ghostysky.com\/product\/ufactory-850-ac-control-box\/#primaryimage\"},\"image\":{\"@id\":\"https:\/\/www.ghostysky.com\/product\/ufactory-850-ac-control-box\/#primaryimage\"},\"thumbnailUrl\":\"https:\/\/www.ghostysky.com\/wp-content\/uploads\/2025\/10\/GH_UFACTORY-850-AC-Control-Box_1.png\",\"datePublished\":\"2025-10-20T17:23:31+00:00\",\"dateModified\":\"2025-10-20T17:24:22+00:00\",\"description\":\"The UFACTORY 850 AC Control Box is the essential hardware component for operating your UFACTORY 850 robotic arm in a stationary, workbench-based setting.\",\"breadcrumb\":{\"@id\":\"https:\/\/www.ghostysky.com\/product\/ufactory-850-ac-control-box\/#breadcrumb\"},\"inLanguage\":\"fr-FR\",\"potentialAction\":[{\"@type\":\"ReadAction\",\"target\":[\"https:\/\/www.ghostysky.com\/product\/ufactory-850-ac-control-box\/\"]}]},{\"@type\":\"ImageObject\",\"inLanguage\":\"fr-FR\",\"@id\":\"https:\/\/www.ghostysky.com\/product\/ufactory-850-ac-control-box\/#primaryimage\",\"url\":\"https:\/\/www.ghostysky.com\/wp-content\/uploads\/2025\/10\/GH_UFACTORY-850-AC-Control-Box_1.png\",\"contentUrl\":\"https:\/\/www.ghostysky.com\/wp-content\/uploads\/2025\/10\/GH_UFACTORY-850-AC-Control-Box_1.png\",\"width\":2560,\"height\":2560},{\"@type\":\"BreadcrumbList\",\"@id\":\"https:\/\/www.ghostysky.com\/product\/ufactory-850-ac-control-box\/#breadcrumb\",\"itemListElement\":[{\"@type\":\"ListItem\",\"position\":1,\"name\":\"Home\",\"item\":\"https:\/\/www.ghostysky.com\/\"},{\"@type\":\"ListItem\",\"position\":2,\"name\":\"Shop\",\"item\":\"https:\/\/www.ghostysky.com\/shop\/\"},{\"@type\":\"ListItem\",\"position\":3,\"name\":\"UFACTORY 850 AC Control Box\"}]},{\"@type\":\"WebSite\",\"@id\":\"https:\/\/www.ghostysky.com\/#website\",\"url\":\"https:\/\/www.ghostysky.com\/\",\"name\":\"Ghostysky\",\"description\":\"Delivering professional drones and services\",\"publisher\":{\"@id\":\"https:\/\/www.ghostysky.com\/#organization\"},\"potentialAction\":[{\"@type\":\"SearchAction\",\"target\":{\"@type\":\"EntryPoint\",\"urlTemplate\":\"https:\/\/www.ghostysky.com\/?s={search_term_string}\"},\"query-input\":{\"@type\":\"PropertyValueSpecification\",\"valueRequired\":true,\"valueName\":\"search_term_string\"}}],\"inLanguage\":\"fr-FR\"},{\"@type\":\"Organization\",\"@id\":\"https:\/\/www.ghostysky.com\/#organization\",\"name\":\"Ghostysky\",\"url\":\"https:\/\/www.ghostysky.com\/\",\"logo\":{\"@type\":\"ImageObject\",\"inLanguage\":\"fr-FR\",\"@id\":\"https:\/\/www.ghostysky.com\/#\/schema\/logo\/image\/\",\"url\":\"https:\/\/www.ghostysky.com\/wp-content\/uploads\/2020\/06\/cropped-ghostyskylogo_text_white2.png\",\"contentUrl\":\"https:\/\/www.ghostysky.com\/wp-content\/uploads\/2020\/06\/cropped-ghostyskylogo_text_white2.png\",\"width\":169,\"height\":56,\"caption\":\"Ghostysky\"},\"image\":{\"@id\":\"https:\/\/www.ghostysky.com\/#\/schema\/logo\/image\/\"},\"sameAs\":[\"https:\/\/www.facebook.com\/people\/Ghostysky\/100057676170234\/\",\"https:\/\/x.com\/Gh0stysky\",\"https:\/\/www.linkedin.com\/company\/34739653\",\"https:\/\/www.instagram.com\/gh0stysky\"]}]}<\/script>\n<!-- \/ Yoast SEO plugin. -->","yoast_head_json":{"title":"Bo\u00eetier de commande CA UFACTORY 850 - Ghostysky","description":"Le bo\u00eetier de commande UFACTORY 850 AC est le composant mat\u00e9riel essentiel pour faire fonctionner votre bras robotique UFACTORY 850 dans un environnement stationnaire bas\u00e9 sur un \u00e9tabli.","robots":{"index":"index","follow":"follow","max-snippet":"max-snippet:-1","max-image-preview":"max-image-preview:large","max-video-preview":"max-video-preview:-1"},"canonical":"https:\/\/www.ghostysky.com\/fr\/product\/ufactory-850-ac-control-box\/","og_locale":"fr_FR","og_type":"article","og_title":"UFACTORY 850 AC Control Box - Ghostysky","og_description":"The UFACTORY 850 AC Control Box is the essential hardware component for operating your UFACTORY 850 robotic arm in a stationary, workbench-based setting.","og_url":"https:\/\/www.ghostysky.com\/fr\/product\/ufactory-850-ac-control-box\/","og_site_name":"Ghostysky","article_publisher":"https:\/\/www.facebook.com\/people\/Ghostysky\/100057676170234\/","article_modified_time":"2025-10-20T17:24:22+00:00","og_image":[{"width":2560,"height":2560,"url":"https:\/\/www.ghostysky.com\/wp-content\/uploads\/2025\/10\/GH_UFACTORY-850-AC-Control-Box_1.png","type":"image\/png"}],"twitter_card":"summary_large_image","twitter_site":"@Gh0stysky","twitter_misc":{"Dur\u00e9e de lecture estim\u00e9e":"2 minutes"},"schema":{"@context":"https:\/\/schema.org","@graph":[{"@type":"WebPage","@id":"https:\/\/www.ghostysky.com\/product\/ufactory-850-ac-control-box\/","url":"https:\/\/www.ghostysky.com\/product\/ufactory-850-ac-control-box\/","name":"Bo\u00eetier de commande CA UFACTORY 850 - Ghostysky","isPartOf":{"@id":"https:\/\/www.ghostysky.com\/#website"},"primaryImageOfPage":{"@id":"https:\/\/www.ghostysky.com\/product\/ufactory-850-ac-control-box\/#primaryimage"},"image":{"@id":"https:\/\/www.ghostysky.com\/product\/ufactory-850-ac-control-box\/#primaryimage"},"thumbnailUrl":"https:\/\/www.ghostysky.com\/wp-content\/uploads\/2025\/10\/GH_UFACTORY-850-AC-Control-Box_1.png","datePublished":"2025-10-20T17:23:31+00:00","dateModified":"2025-10-20T17:24:22+00:00","description":"Le bo\u00eetier de commande UFACTORY 850 AC est le composant mat\u00e9riel essentiel pour faire fonctionner votre bras robotique UFACTORY 850 dans un environnement stationnaire bas\u00e9 sur un \u00e9tabli.","breadcrumb":{"@id":"https:\/\/www.ghostysky.com\/product\/ufactory-850-ac-control-box\/#breadcrumb"},"inLanguage":"fr-FR","potentialAction":[{"@type":"ReadAction","target":["https:\/\/www.ghostysky.com\/product\/ufactory-850-ac-control-box\/"]}]},{"@type":"ImageObject","inLanguage":"fr-FR","@id":"https:\/\/www.ghostysky.com\/product\/ufactory-850-ac-control-box\/#primaryimage","url":"https:\/\/www.ghostysky.com\/wp-content\/uploads\/2025\/10\/GH_UFACTORY-850-AC-Control-Box_1.png","contentUrl":"https:\/\/www.ghostysky.com\/wp-content\/uploads\/2025\/10\/GH_UFACTORY-850-AC-Control-Box_1.png","width":2560,"height":2560},{"@type":"BreadcrumbList","@id":"https:\/\/www.ghostysky.com\/product\/ufactory-850-ac-control-box\/#breadcrumb","itemListElement":[{"@type":"ListItem","position":1,"name":"Home","item":"https:\/\/www.ghostysky.com\/"},{"@type":"ListItem","position":2,"name":"Shop","item":"https:\/\/www.ghostysky.com\/shop\/"},{"@type":"ListItem","position":3,"name":"UFACTORY 850 AC Control Box"}]},{"@type":"WebSite","@id":"https:\/\/www.ghostysky.com\/#website","url":"https:\/\/www.ghostysky.com\/","name":"Ghostysky","description":"Livraison de drones et de services professionnels","publisher":{"@id":"https:\/\/www.ghostysky.com\/#organization"},"potentialAction":[{"@type":"SearchAction","target":{"@type":"EntryPoint","urlTemplate":"https:\/\/www.ghostysky.com\/?s={search_term_string}"},"query-input":{"@type":"PropertyValueSpecification","valueRequired":true,"valueName":"search_term_string"}}],"inLanguage":"fr-FR"},{"@type":"Organization","@id":"https:\/\/www.ghostysky.com\/#organization","name":"Ghostysky","url":"https:\/\/www.ghostysky.com\/","logo":{"@type":"ImageObject","inLanguage":"fr-FR","@id":"https:\/\/www.ghostysky.com\/#\/schema\/logo\/image\/","url":"https:\/\/www.ghostysky.com\/wp-content\/uploads\/2020\/06\/cropped-ghostyskylogo_text_white2.png","contentUrl":"https:\/\/www.ghostysky.com\/wp-content\/uploads\/2020\/06\/cropped-ghostyskylogo_text_white2.png","width":169,"height":56,"caption":"Ghostysky"},"image":{"@id":"https:\/\/www.ghostysky.com\/#\/schema\/logo\/image\/"},"sameAs":["https:\/\/www.facebook.com\/people\/Ghostysky\/100057676170234\/","https:\/\/x.com\/Gh0stysky","https:\/\/www.linkedin.com\/company\/34739653","https:\/\/www.instagram.com\/gh0stysky"]}]}},"_links":{"self":[{"href":"https:\/\/www.ghostysky.com\/fr\/wp-json\/wp\/v2\/product\/22142","targetHints":{"allow":["GET"]}}],"collection":[{"href":"https:\/\/www.ghostysky.com\/fr\/wp-json\/wp\/v2\/product"}],"about":[{"href":"https:\/\/www.ghostysky.com\/fr\/wp-json\/wp\/v2\/types\/product"}],"replies":[{"embeddable":true,"href":"https:\/\/www.ghostysky.com\/fr\/wp-json\/wp\/v2\/comments?post=22142"}],"wp:featuredmedia":[{"embeddable":true,"href":"https:\/\/www.ghostysky.com\/fr\/wp-json\/wp\/v2\/media\/22146"}],"wp:attachment":[{"href":"https:\/\/www.ghostysky.com\/fr\/wp-json\/wp\/v2\/media?parent=22142"}],"wp:term":[{"taxonomy":"product_brand","embeddable":true,"href":"https:\/\/www.ghostysky.com\/fr\/wp-json\/wp\/v2\/product_brand?post=22142"},{"taxonomy":"product_cat","embeddable":true,"href":"https:\/\/www.ghostysky.com\/fr\/wp-json\/wp\/v2\/product_cat?post=22142"},{"taxonomy":"product_tag","embeddable":true,"href":"https:\/\/www.ghostysky.com\/fr\/wp-json\/wp\/v2\/product_tag?post=22142"}],"curies":[{"name":"wp","href":"https:\/\/api.w.org\/{rel}","templated":true}]}}