{"id":22153,"date":"2025-10-20T17:29:00","date_gmt":"2025-10-20T17:29:00","guid":{"rendered":"https:\/\/www.ghostysky.com\/?post_type=product&#038;p=22153"},"modified":"2025-10-20T17:40:22","modified_gmt":"2025-10-20T17:40:22","slug":"ufactory-xarm-ac-control-box","status":"publish","type":"product","link":"https:\/\/www.ghostysky.com\/fr\/product\/ufactory-xarm-ac-control-box\/","title":{"rendered":"Bo\u00eetier de commande AC UFACTORY xArm"},"content":{"rendered":"<div id=\"model-response-message-contentr_20b013c2d27dc29b\" class=\"markdown markdown-main-panel stronger enable-updated-hr-color\" dir=\"ltr\">\n<div id=\"model-response-message-contentr_21cd3f5f85e11e01\" class=\"markdown markdown-main-panel stronger enable-updated-hr-color\" dir=\"ltr\">\n<h4><b>Principales caract\u00e9ristiques et avantages<\/b><\/h4>\n<ul>\n<li><b><span class=\"citation-1715\">Solution d&#039;alimentation standard :<\/span><\/b><span class=\"citation-1715\"> Le bo\u00eetier de commande AC est con\u00e7u pour \u00eatre aliment\u00e9 par une prise murale standard, acceptant <\/span><b><span class=\"citation-1715\">100-240 VCA, 50\/60 Hz<\/span><\/b><span class=\"citation-1715 citation-end-1715\"> entr\u00e9e, ce qui en fait l&#039;unit\u00e9 de contr\u00f4le par d\u00e9faut et la plus courante pour les configurations xArm stationnaires.<\/span><\/li>\n<li><b><span class=\"citation-1714\">Commandement et communication centralis\u00e9s :<\/span><\/b><span class=\"citation-1714 citation-end-1714\"> Il abrite la carte m\u00e8re et sert de hub principal, g\u00e9rant toutes les communications entre le bras du robot et les syst\u00e8mes externes.<\/span> <span class=\"citation-1713\">Il prend en charge <\/span><b><span class=\"citation-1713\">Ethernet<\/span><\/b><span class=\"citation-1713\"> et <\/span><b><span class=\"citation-1713\">RS-485<\/span><\/b><span class=\"citation-1713\"> modes de communication, utilisant g\u00e9n\u00e9ralement <\/span><b><span class=\"citation-1713\">Modbus TCP<\/span><\/b><span class=\"citation-1713\"> et <\/span><b><span class=\"citation-1713\">RS-485 Ma\u00eetre\/Esclave<\/span><\/b><span class=\"citation-1713 citation-end-1713\"> protocoles.<\/span><\/li>\n<li><b>Ports d&#039;E\/S complets\u00a0:<\/b> Le bo\u00eetier de commande offre une connectivit\u00e9 \u00e9tendue pour les p\u00e9riph\u00e9riques, les capteurs et les actionneurs, notamment\u00a0:\n<ul>\n<li><b>Entr\u00e9e num\u00e9rique (CI\/DI) :<\/b> 8+8 (16 au total)<\/li>\n<li><b>Sortie num\u00e9rique (CO\/DO) :<\/b> 8+8 (16 au total)<\/li>\n<li><b>Entr\u00e9e analogique (AI) :<\/b> 2<\/li>\n<li><b>Sortie analogique (AO) :<\/b> 2<\/li>\n<\/ul>\n<\/li>\n<li><b><span class=\"citation-1712\">Conversion de puissance int\u00e9gr\u00e9e :<\/span><\/b><span class=\"citation-1712\"> Il dispose d&#039;une alimentation \u00e0 d\u00e9coupage interne qui convertit l&#039;entr\u00e9e CA en courant n\u00e9cessaire <\/span><b><span class=\"citation-1712\">24 V CC<\/span><\/b><span class=\"citation-1712 citation-end-1712\"> sortie (par exemple, <\/span><span class=\"math-inline\" data-math=\"24VDC \\ 20.8A\"><span class=\"katex\"><span class=\"katex-html\" aria-hidden=\"true\"><span class=\"base\"><span class=\"mord\">24<\/span><span class=\"mord mathnormal\">V<\/span><span class=\"mord mathnormal\">D<\/span><span class=\"mord mathnormal\">C<\/span><span class=\"mspace\">\u00a0<\/span><span class=\"mord\">20.8<\/span><span class=\"mord mathnormal\">UN<\/span><\/span><\/span><\/span><\/span><span class=\"citation-1711 citation-end-1711\"> ou <\/span><span class=\"math-inline\" data-math=\"16.5A\"><span class=\"katex\"><span class=\"katex-html\" aria-hidden=\"true\"><span class=\"base\"><span class=\"mord\">16.5<\/span><span class=\"mord mathnormal\">UN<\/span><\/span><\/span><\/span><\/span><span class=\"citation-1710 citation-end-1710\">) pour alimenter le bras du robot et les composants internes du bo\u00eetier de commande.<\/span><\/li>\n<li><b>Caract\u00e9ristiques de s\u00e9curit\u00e9 :<\/b> Comprend un <b>bouton d&#039;arr\u00eat d&#039;urgence<\/b> pour une coupure imm\u00e9diate de l&#039;alimentation du robot, garantissant ainsi la s\u00e9curit\u00e9 du personnel et des \u00e9quipements.<\/li>\n<li><b>Compatibilit\u00e9:<\/b> Enti\u00e8rement compatible avec toute la s\u00e9rie UFACTORY xArm (par exemple, xArm 5, xArm 6, xArm 7) et ex\u00e9cute le m\u00eame code et le m\u00eame micrologiciel que le bo\u00eetier de commande DC, permettant une int\u00e9gration transparente avec le <b>xArm Studio<\/b> interface utilisateur graphique et SDK (Python, C++, ROS).<\/li>\n<\/ul>\n<p><b>Id\u00e9al pour :<\/b> Applications robotiques fixes ou stationnaires dans la fabrication, l&#039;assemblage, l&#039;inspection, la surveillance des machines et l&#039;automatisation des laboratoires o\u00f9 une source d&#039;alimentation CA standard est facilement disponible.<\/p>\n<\/div>\n<\/div>","protected":false},"excerpt":{"rendered":"<p>Le bo\u00eetier de commande AC UFACTORY xArm est le centre de commande essentiel pour votre bras robotique collaboratif xArm, offrant une gestion de l&#039;alimentation robuste, des interfaces de communication et une extension d&#039;E\/S pour une large gamme d&#039;applications industrielles et de recherche.<\/p>\n<ul>\n<li>Conception compacte<\/li>\n<li>Entr\u00e9e : 100-240 VCA 50\/60 Hz<\/li>\n<\/ul>","protected":false},"featured_media":22146,"comment_status":"open","ping_status":"closed","template":"","meta":[],"product_brand":[1148],"product_cat":[1041,1037,1145,1147],"product_tag":[1149,1157,1159,1160],"class_list":{"0":"post-22153","1":"product","2":"type-product","3":"status-publish","4":"has-post-thumbnail","6":"product_brand-ufactory","7":"product_cat-arms-grippers","8":"product_cat-robotics","9":"product_cat-ufactory","10":"product_cat-ufactory-accessories","11":"product_tag-ufactory","12":"product_tag-ufactory-accessories","13":"product_tag-ufactory-xarm-accessories","14":"product_tag-ufactory-xarm-series-accessories","16":"first","17":"onbackorder","18":"taxable","19":"shipping-taxable","20":"purchasable","21":"product-type-simple"},"yoast_head":"<!-- This site is optimized with the Yoast SEO plugin v27.4 - https:\/\/yoast.com\/product\/yoast-seo-wordpress\/ -->\n<title>UFACTORY xArm AC Control Box - Ghostysky<\/title>\n<meta name=\"description\" content=\"The UFACTORY xArm AC Control Box is the essential command center for your xArm collaborative robotic arm, providing robust power management, communication interfaces, and I\/O expansion for a wide range of industrial and research applications.\" \/>\n<meta name=\"robots\" content=\"index, follow, max-snippet:-1, max-image-preview:large, max-video-preview:-1\" \/>\n<link rel=\"canonical\" href=\"https:\/\/www.ghostysky.com\/fr\/product\/ufactory-xarm-ac-control-box\/\" \/>\n<meta property=\"og:locale\" content=\"fr_FR\" \/>\n<meta property=\"og:type\" content=\"article\" \/>\n<meta property=\"og:title\" content=\"UFACTORY xArm AC Control Box - Ghostysky\" \/>\n<meta property=\"og:description\" content=\"The UFACTORY xArm AC Control Box is the essential command center for your xArm collaborative robotic arm, providing robust power management, communication interfaces, and I\/O expansion for a wide range of industrial and research applications.\" \/>\n<meta property=\"og:url\" content=\"https:\/\/www.ghostysky.com\/fr\/product\/ufactory-xarm-ac-control-box\/\" \/>\n<meta property=\"og:site_name\" content=\"Ghostysky\" \/>\n<meta property=\"article:publisher\" content=\"https:\/\/www.facebook.com\/people\/Ghostysky\/100057676170234\/\" \/>\n<meta property=\"article:modified_time\" content=\"2025-10-20T17:40:22+00:00\" \/>\n<meta property=\"og:image\" content=\"https:\/\/www.ghostysky.com\/wp-content\/uploads\/2025\/10\/GH_UFACTORY-850-AC-Control-Box_1.png\" \/>\n\t<meta property=\"og:image:width\" content=\"2560\" \/>\n\t<meta property=\"og:image:height\" content=\"2560\" \/>\n\t<meta property=\"og:image:type\" content=\"image\/png\" \/>\n<meta name=\"twitter:card\" content=\"summary_large_image\" \/>\n<meta name=\"twitter:site\" content=\"@Gh0stysky\" \/>\n<meta name=\"twitter:label1\" content=\"Dur\u00e9e de lecture estim\u00e9e\" \/>\n\t<meta name=\"twitter:data1\" content=\"2 minutes\" \/>\n<script type=\"application\/ld+json\" class=\"yoast-schema-graph\">{\"@context\":\"https:\\\/\\\/schema.org\",\"@graph\":[{\"@type\":\"WebPage\",\"@id\":\"https:\\\/\\\/www.ghostysky.com\\\/product\\\/ufactory-xarm-ac-control-box\\\/\",\"url\":\"https:\\\/\\\/www.ghostysky.com\\\/product\\\/ufactory-xarm-ac-control-box\\\/\",\"name\":\"UFACTORY xArm AC Control Box - Ghostysky\",\"isPartOf\":{\"@id\":\"https:\\\/\\\/www.ghostysky.com\\\/#website\"},\"primaryImageOfPage\":{\"@id\":\"https:\\\/\\\/www.ghostysky.com\\\/product\\\/ufactory-xarm-ac-control-box\\\/#primaryimage\"},\"image\":{\"@id\":\"https:\\\/\\\/www.ghostysky.com\\\/product\\\/ufactory-xarm-ac-control-box\\\/#primaryimage\"},\"thumbnailUrl\":\"https:\\\/\\\/www.ghostysky.com\\\/wp-content\\\/uploads\\\/2025\\\/10\\\/GH_UFACTORY-850-AC-Control-Box_1.png\",\"datePublished\":\"2025-10-20T17:29:00+00:00\",\"dateModified\":\"2025-10-20T17:40:22+00:00\",\"description\":\"The UFACTORY xArm AC Control Box is the essential command center for your xArm collaborative robotic arm, providing robust power management, communication interfaces, and I\\\/O expansion for a wide range of industrial and research applications.\",\"breadcrumb\":{\"@id\":\"https:\\\/\\\/www.ghostysky.com\\\/product\\\/ufactory-xarm-ac-control-box\\\/#breadcrumb\"},\"inLanguage\":\"fr-FR\",\"potentialAction\":[{\"@type\":\"ReadAction\",\"target\":[\"https:\\\/\\\/www.ghostysky.com\\\/product\\\/ufactory-xarm-ac-control-box\\\/\"]}]},{\"@type\":\"ImageObject\",\"inLanguage\":\"fr-FR\",\"@id\":\"https:\\\/\\\/www.ghostysky.com\\\/product\\\/ufactory-xarm-ac-control-box\\\/#primaryimage\",\"url\":\"https:\\\/\\\/www.ghostysky.com\\\/wp-content\\\/uploads\\\/2025\\\/10\\\/GH_UFACTORY-850-AC-Control-Box_1.png\",\"contentUrl\":\"https:\\\/\\\/www.ghostysky.com\\\/wp-content\\\/uploads\\\/2025\\\/10\\\/GH_UFACTORY-850-AC-Control-Box_1.png\",\"width\":2560,\"height\":2560},{\"@type\":\"BreadcrumbList\",\"@id\":\"https:\\\/\\\/www.ghostysky.com\\\/product\\\/ufactory-xarm-ac-control-box\\\/#breadcrumb\",\"itemListElement\":[{\"@type\":\"ListItem\",\"position\":1,\"name\":\"Home\",\"item\":\"https:\\\/\\\/www.ghostysky.com\\\/\"},{\"@type\":\"ListItem\",\"position\":2,\"name\":\"Shop\",\"item\":\"https:\\\/\\\/www.ghostysky.com\\\/shop\\\/\"},{\"@type\":\"ListItem\",\"position\":3,\"name\":\"UFACTORY xArm AC Control Box\"}]},{\"@type\":\"WebSite\",\"@id\":\"https:\\\/\\\/www.ghostysky.com\\\/#website\",\"url\":\"https:\\\/\\\/www.ghostysky.com\\\/\",\"name\":\"Ghostysky\",\"description\":\"Delivering professional drones and services\",\"publisher\":{\"@id\":\"https:\\\/\\\/www.ghostysky.com\\\/#organization\"},\"potentialAction\":[{\"@type\":\"SearchAction\",\"target\":{\"@type\":\"EntryPoint\",\"urlTemplate\":\"https:\\\/\\\/www.ghostysky.com\\\/?s={search_term_string}\"},\"query-input\":{\"@type\":\"PropertyValueSpecification\",\"valueRequired\":true,\"valueName\":\"search_term_string\"}}],\"inLanguage\":\"fr-FR\"},{\"@type\":\"Organization\",\"@id\":\"https:\\\/\\\/www.ghostysky.com\\\/#organization\",\"name\":\"Ghostysky\",\"url\":\"https:\\\/\\\/www.ghostysky.com\\\/\",\"logo\":{\"@type\":\"ImageObject\",\"inLanguage\":\"fr-FR\",\"@id\":\"https:\\\/\\\/www.ghostysky.com\\\/#\\\/schema\\\/logo\\\/image\\\/\",\"url\":\"https:\\\/\\\/www.ghostysky.com\\\/wp-content\\\/uploads\\\/2020\\\/06\\\/cropped-ghostyskylogo_text_white2.png\",\"contentUrl\":\"https:\\\/\\\/www.ghostysky.com\\\/wp-content\\\/uploads\\\/2020\\\/06\\\/cropped-ghostyskylogo_text_white2.png\",\"width\":169,\"height\":56,\"caption\":\"Ghostysky\"},\"image\":{\"@id\":\"https:\\\/\\\/www.ghostysky.com\\\/#\\\/schema\\\/logo\\\/image\\\/\"},\"sameAs\":[\"https:\\\/\\\/www.facebook.com\\\/people\\\/Ghostysky\\\/100057676170234\\\/\",\"https:\\\/\\\/x.com\\\/Gh0stysky\",\"https:\\\/\\\/www.linkedin.com\\\/company\\\/34739653\",\"https:\\\/\\\/www.instagram.com\\\/gh0stysky\"]}]}<\/script>\n<!-- \/ Yoast SEO plugin. -->","yoast_head_json":{"title":"Bo\u00eetier de commande de climatisation UFACTORY xArm - Ghostysky","description":"Le bo\u00eetier de commande AC UFACTORY xArm est le centre de commande essentiel pour votre bras robotique collaboratif xArm, offrant une gestion de l&#039;alimentation robuste, des interfaces de communication et une extension d&#039;E\/S pour une large gamme d&#039;applications industrielles et de recherche.","robots":{"index":"index","follow":"follow","max-snippet":"max-snippet:-1","max-image-preview":"max-image-preview:large","max-video-preview":"max-video-preview:-1"},"canonical":"https:\/\/www.ghostysky.com\/fr\/product\/ufactory-xarm-ac-control-box\/","og_locale":"fr_FR","og_type":"article","og_title":"UFACTORY xArm AC Control Box - Ghostysky","og_description":"The UFACTORY xArm AC Control Box is the essential command center for your xArm collaborative robotic arm, providing robust power management, communication interfaces, and I\/O expansion for a wide range of industrial and research applications.","og_url":"https:\/\/www.ghostysky.com\/fr\/product\/ufactory-xarm-ac-control-box\/","og_site_name":"Ghostysky","article_publisher":"https:\/\/www.facebook.com\/people\/Ghostysky\/100057676170234\/","article_modified_time":"2025-10-20T17:40:22+00:00","og_image":[{"width":2560,"height":2560,"url":"https:\/\/www.ghostysky.com\/wp-content\/uploads\/2025\/10\/GH_UFACTORY-850-AC-Control-Box_1.png","type":"image\/png"}],"twitter_card":"summary_large_image","twitter_site":"@Gh0stysky","twitter_misc":{"Dur\u00e9e de lecture estim\u00e9e":"2 minutes"},"schema":{"@context":"https:\/\/schema.org","@graph":[{"@type":"WebPage","@id":"https:\/\/www.ghostysky.com\/product\/ufactory-xarm-ac-control-box\/","url":"https:\/\/www.ghostysky.com\/product\/ufactory-xarm-ac-control-box\/","name":"Bo\u00eetier de commande de climatisation UFACTORY xArm - Ghostysky","isPartOf":{"@id":"https:\/\/www.ghostysky.com\/#website"},"primaryImageOfPage":{"@id":"https:\/\/www.ghostysky.com\/product\/ufactory-xarm-ac-control-box\/#primaryimage"},"image":{"@id":"https:\/\/www.ghostysky.com\/product\/ufactory-xarm-ac-control-box\/#primaryimage"},"thumbnailUrl":"https:\/\/www.ghostysky.com\/wp-content\/uploads\/2025\/10\/GH_UFACTORY-850-AC-Control-Box_1.png","datePublished":"2025-10-20T17:29:00+00:00","dateModified":"2025-10-20T17:40:22+00:00","description":"Le bo\u00eetier de commande AC UFACTORY xArm est le centre de commande essentiel pour votre bras robotique collaboratif xArm, offrant une gestion de l&#039;alimentation robuste, des interfaces de communication et une extension d&#039;E\/S pour une large gamme d&#039;applications industrielles et de recherche.","breadcrumb":{"@id":"https:\/\/www.ghostysky.com\/product\/ufactory-xarm-ac-control-box\/#breadcrumb"},"inLanguage":"fr-FR","potentialAction":[{"@type":"ReadAction","target":["https:\/\/www.ghostysky.com\/product\/ufactory-xarm-ac-control-box\/"]}]},{"@type":"ImageObject","inLanguage":"fr-FR","@id":"https:\/\/www.ghostysky.com\/product\/ufactory-xarm-ac-control-box\/#primaryimage","url":"https:\/\/www.ghostysky.com\/wp-content\/uploads\/2025\/10\/GH_UFACTORY-850-AC-Control-Box_1.png","contentUrl":"https:\/\/www.ghostysky.com\/wp-content\/uploads\/2025\/10\/GH_UFACTORY-850-AC-Control-Box_1.png","width":2560,"height":2560},{"@type":"BreadcrumbList","@id":"https:\/\/www.ghostysky.com\/product\/ufactory-xarm-ac-control-box\/#breadcrumb","itemListElement":[{"@type":"ListItem","position":1,"name":"Home","item":"https:\/\/www.ghostysky.com\/"},{"@type":"ListItem","position":2,"name":"Shop","item":"https:\/\/www.ghostysky.com\/shop\/"},{"@type":"ListItem","position":3,"name":"UFACTORY xArm AC Control Box"}]},{"@type":"WebSite","@id":"https:\/\/www.ghostysky.com\/#website","url":"https:\/\/www.ghostysky.com\/","name":"Ghostysky","description":"Livraison de drones et de services professionnels","publisher":{"@id":"https:\/\/www.ghostysky.com\/#organization"},"potentialAction":[{"@type":"SearchAction","target":{"@type":"EntryPoint","urlTemplate":"https:\/\/www.ghostysky.com\/?s={search_term_string}"},"query-input":{"@type":"PropertyValueSpecification","valueRequired":true,"valueName":"search_term_string"}}],"inLanguage":"fr-FR"},{"@type":"Organization","@id":"https:\/\/www.ghostysky.com\/#organization","name":"Ghostysky","url":"https:\/\/www.ghostysky.com\/","logo":{"@type":"ImageObject","inLanguage":"fr-FR","@id":"https:\/\/www.ghostysky.com\/#\/schema\/logo\/image\/","url":"https:\/\/www.ghostysky.com\/wp-content\/uploads\/2020\/06\/cropped-ghostyskylogo_text_white2.png","contentUrl":"https:\/\/www.ghostysky.com\/wp-content\/uploads\/2020\/06\/cropped-ghostyskylogo_text_white2.png","width":169,"height":56,"caption":"Ghostysky"},"image":{"@id":"https:\/\/www.ghostysky.com\/#\/schema\/logo\/image\/"},"sameAs":["https:\/\/www.facebook.com\/people\/Ghostysky\/100057676170234\/","https:\/\/x.com\/Gh0stysky","https:\/\/www.linkedin.com\/company\/34739653","https:\/\/www.instagram.com\/gh0stysky"]}]}},"_links":{"self":[{"href":"https:\/\/www.ghostysky.com\/fr\/wp-json\/wp\/v2\/product\/22153","targetHints":{"allow":["GET"]}}],"collection":[{"href":"https:\/\/www.ghostysky.com\/fr\/wp-json\/wp\/v2\/product"}],"about":[{"href":"https:\/\/www.ghostysky.com\/fr\/wp-json\/wp\/v2\/types\/product"}],"replies":[{"embeddable":true,"href":"https:\/\/www.ghostysky.com\/fr\/wp-json\/wp\/v2\/comments?post=22153"}],"version-history":[{"count":0,"href":"https:\/\/www.ghostysky.com\/fr\/wp-json\/wp\/v2\/product\/22153\/revisions"}],"wp:featuredmedia":[{"embeddable":true,"href":"https:\/\/www.ghostysky.com\/fr\/wp-json\/wp\/v2\/media\/22146"}],"wp:attachment":[{"href":"https:\/\/www.ghostysky.com\/fr\/wp-json\/wp\/v2\/media?parent=22153"}],"wp:term":[{"taxonomy":"product_brand","embeddable":true,"href":"https:\/\/www.ghostysky.com\/fr\/wp-json\/wp\/v2\/product_brand?post=22153"},{"taxonomy":"product_cat","embeddable":true,"href":"https:\/\/www.ghostysky.com\/fr\/wp-json\/wp\/v2\/product_cat?post=22153"},{"taxonomy":"product_tag","embeddable":true,"href":"https:\/\/www.ghostysky.com\/fr\/wp-json\/wp\/v2\/product_tag?post=22153"}],"curies":[{"name":"wp","href":"https:\/\/api.w.org\/{rel}","templated":true}]}}