{"id":22215,"date":"2025-10-22T14:19:31","date_gmt":"2025-10-22T14:19:31","guid":{"rendered":"https:\/\/www.ghostysky.com\/?post_type=product&#038;p=22215"},"modified":"2025-10-22T14:24:44","modified_gmt":"2025-10-22T14:24:44","slug":"k1-charger","status":"publish","type":"product","link":"https:\/\/www.ghostysky.com\/fr\/product\/k1-charger\/","title":{"rendered":"Chargeur K1"},"content":{"rendered":"<h4><b>Principales caract\u00e9ristiques li\u00e9es au syst\u00e8me de charge et \u00e0 l&#039;autonomie du robot<\/b><\/h4>\n<ul>\n<li><b>Charge rapide :<\/b><span class=\"citation-1846\"> Le robot Booster K1 a un rapport <\/span><b><span class=\"citation-1846 citation-end-1846\">temps de charge de <sup class=\"superscript\" data-turn-source-index=\"2\">2<\/sup><\/span><span class=\"math-inline\" data-math=\"\\le 1\">$\\le 1$<\/span><span class=\"citation-1845\"> heure<\/span><\/b><span class=\"citation-1845 citation-end-1845\"> pour recharger compl\u00e8tement sa batterie.<\/span><\/li>\n<li><b>Performances optimales :<\/b><span class=\"citation-1844\"> Il est con\u00e7u pour fonctionner avec la batterie int\u00e9gr\u00e9e du K1 (g\u00e9n\u00e9ralement <\/span><b><span class=\"citation-1844\">48 V \/ 2 Ah<\/span><\/b><span class=\"citation-1844 citation-end-1844\">) pour maintenir la marche active et la mobilit\u00e9 du robot jusqu&#039;\u00e0 <sup class=\"superscript\" data-turn-source-index=\"4\">4<\/sup><\/span><span class=\"math-inline\" data-math=\"\\mathbf{40-50}\">$\\mathbf{40-50}$<\/span> <b><span class=\"citation-1843\">minutes<\/span><\/b><span class=\"citation-1843 citation-end-1843\"> par charge.<\/span><\/li>\n<li><b>Accessoire essentiel :<\/b> Le chargeur est un accessoire standard inclus avec le robot humano\u00efde Booster K1, garantissant la puissance <span class=\"math-inline\" data-math=\"\\mathbf{22}\">$\\mathbf{22}$<\/span> <b>DoF<\/b> (Degr\u00e9s de libert\u00e9) et <b>NVIDIA Jetson Orin NX<\/b> La plateforme d&#039;IA optimis\u00e9e reste op\u00e9rationnelle pour une utilisation prolong\u00e9e des projets et des comp\u00e9titions.<\/li>\n<\/ul>","protected":false},"excerpt":{"rendered":"<p><span class=\"citation-1847\">Le chargeur Booster Robotics K1 est l&#039;accessoire de charge d\u00e9di\u00e9 pour le <\/span><b><span class=\"citation-1847\">Robot humano\u00efde Booster K1<\/span><\/b><span class=\"citation-1847 citation-end-1847\">.<\/span><\/p>\n<p>Bien que les d\u00e9tails concernant le chargeur lui-m\u00eame soient minimes, sa fonction principale est de recharger rapidement et de mani\u00e8re fiable la batterie principale du robot, garantissant ainsi un temps d&#039;arr\u00eat minimal pour la recherche, l&#039;\u00e9ducation et la comp\u00e9tition.<\/p>","protected":false},"featured_media":22208,"comment_status":"open","ping_status":"closed","template":"","meta":[],"product_brand":[1165],"product_cat":[1162,1164,1038,1037],"product_tag":[1166,1169,1168],"class_list":{"0":"post-22215","1":"product","2":"type-product","3":"status-publish","4":"has-post-thumbnail","6":"product_brand-booster-robotics","7":"product_cat-booster-robotics","8":"product_cat-booster-robotics-accessories","9":"product_cat-humanoid","10":"product_cat-robotics","11":"product_tag-booster-robotics","12":"product_tag-booster-robotics-accessories","13":"product_tag-booster-robotics-k1","15":"first","16":"outofstock","17":"taxable","18":"shipping-taxable","19":"product-type-simple"},"yoast_head":"<!-- This site is optimized with the Yoast SEO plugin v27.4 - https:\/\/yoast.com\/product\/yoast-seo-wordpress\/ -->\n<title>K1 Charger - Ghostysky<\/title>\n<meta name=\"description\" content=\"The Booster Robotics K1 Charger is the dedicated charging accessory for the Booster K1 Humanoid Robot.While details for the charger itself are minimal, its primary function is to quickly and reliably recharge the robot&#039;s main battery, ensuring minimal downtime for research, education, and competition.\" \/>\n<meta name=\"robots\" content=\"index, follow, max-snippet:-1, max-image-preview:large, max-video-preview:-1\" \/>\n<link rel=\"canonical\" href=\"https:\/\/www.ghostysky.com\/fr\/product\/k1-charger\/\" \/>\n<meta property=\"og:locale\" content=\"fr_FR\" \/>\n<meta property=\"og:type\" content=\"article\" \/>\n<meta property=\"og:title\" content=\"K1 Charger - Ghostysky\" \/>\n<meta property=\"og:description\" content=\"The Booster Robotics K1 Charger is the dedicated charging accessory for the Booster K1 Humanoid Robot.While details for the charger itself are minimal, its primary function is to quickly and reliably recharge the robot&#039;s main battery, ensuring minimal downtime for research, education, and competition.\" \/>\n<meta property=\"og:url\" content=\"https:\/\/www.ghostysky.com\/fr\/product\/k1-charger\/\" \/>\n<meta property=\"og:site_name\" content=\"Ghostysky\" \/>\n<meta property=\"article:publisher\" content=\"https:\/\/www.facebook.com\/people\/Ghostysky\/100057676170234\/\" \/>\n<meta property=\"article:modified_time\" content=\"2025-10-22T14:24:44+00:00\" \/>\n<meta property=\"og:image\" content=\"https:\/\/www.ghostysky.com\/wp-content\/uploads\/2025\/10\/GH_booster_robotics_Logo.png\" \/>\n\t<meta property=\"og:image:width\" content=\"600\" \/>\n\t<meta property=\"og:image:height\" content=\"300\" \/>\n\t<meta property=\"og:image:type\" content=\"image\/png\" \/>\n<meta name=\"twitter:card\" content=\"summary_large_image\" \/>\n<meta name=\"twitter:site\" content=\"@Gh0stysky\" \/>\n<meta name=\"twitter:label1\" content=\"Dur\u00e9e de lecture estim\u00e9e\" \/>\n\t<meta name=\"twitter:data1\" content=\"1 minute\" \/>\n<script type=\"application\/ld+json\" class=\"yoast-schema-graph\">{\"@context\":\"https:\\\/\\\/schema.org\",\"@graph\":[{\"@type\":\"WebPage\",\"@id\":\"https:\\\/\\\/www.ghostysky.com\\\/product\\\/k1-charger\\\/\",\"url\":\"https:\\\/\\\/www.ghostysky.com\\\/product\\\/k1-charger\\\/\",\"name\":\"K1 Charger - Ghostysky\",\"isPartOf\":{\"@id\":\"https:\\\/\\\/www.ghostysky.com\\\/#website\"},\"primaryImageOfPage\":{\"@id\":\"https:\\\/\\\/www.ghostysky.com\\\/product\\\/k1-charger\\\/#primaryimage\"},\"image\":{\"@id\":\"https:\\\/\\\/www.ghostysky.com\\\/product\\\/k1-charger\\\/#primaryimage\"},\"thumbnailUrl\":\"https:\\\/\\\/www.ghostysky.com\\\/wp-content\\\/uploads\\\/2025\\\/10\\\/GH_booster_robotics_Logo.png\",\"datePublished\":\"2025-10-22T14:19:31+00:00\",\"dateModified\":\"2025-10-22T14:24:44+00:00\",\"description\":\"The Booster Robotics K1 Charger is the dedicated charging accessory for the Booster K1 Humanoid Robot.While details for the charger itself are minimal, its primary function is to quickly and reliably recharge the robot's main battery, ensuring minimal downtime for research, education, and competition.\",\"breadcrumb\":{\"@id\":\"https:\\\/\\\/www.ghostysky.com\\\/product\\\/k1-charger\\\/#breadcrumb\"},\"inLanguage\":\"fr-FR\",\"potentialAction\":[{\"@type\":\"ReadAction\",\"target\":[\"https:\\\/\\\/www.ghostysky.com\\\/product\\\/k1-charger\\\/\"]}]},{\"@type\":\"ImageObject\",\"inLanguage\":\"fr-FR\",\"@id\":\"https:\\\/\\\/www.ghostysky.com\\\/product\\\/k1-charger\\\/#primaryimage\",\"url\":\"https:\\\/\\\/www.ghostysky.com\\\/wp-content\\\/uploads\\\/2025\\\/10\\\/GH_booster_robotics_Logo.png\",\"contentUrl\":\"https:\\\/\\\/www.ghostysky.com\\\/wp-content\\\/uploads\\\/2025\\\/10\\\/GH_booster_robotics_Logo.png\",\"width\":600,\"height\":300},{\"@type\":\"BreadcrumbList\",\"@id\":\"https:\\\/\\\/www.ghostysky.com\\\/product\\\/k1-charger\\\/#breadcrumb\",\"itemListElement\":[{\"@type\":\"ListItem\",\"position\":1,\"name\":\"Home\",\"item\":\"https:\\\/\\\/www.ghostysky.com\\\/\"},{\"@type\":\"ListItem\",\"position\":2,\"name\":\"Shop\",\"item\":\"https:\\\/\\\/www.ghostysky.com\\\/shop\\\/\"},{\"@type\":\"ListItem\",\"position\":3,\"name\":\"K1 Charger\"}]},{\"@type\":\"WebSite\",\"@id\":\"https:\\\/\\\/www.ghostysky.com\\\/#website\",\"url\":\"https:\\\/\\\/www.ghostysky.com\\\/\",\"name\":\"Ghostysky\",\"description\":\"Delivering professional drones and services\",\"publisher\":{\"@id\":\"https:\\\/\\\/www.ghostysky.com\\\/#organization\"},\"potentialAction\":[{\"@type\":\"SearchAction\",\"target\":{\"@type\":\"EntryPoint\",\"urlTemplate\":\"https:\\\/\\\/www.ghostysky.com\\\/?s={search_term_string}\"},\"query-input\":{\"@type\":\"PropertyValueSpecification\",\"valueRequired\":true,\"valueName\":\"search_term_string\"}}],\"inLanguage\":\"fr-FR\"},{\"@type\":\"Organization\",\"@id\":\"https:\\\/\\\/www.ghostysky.com\\\/#organization\",\"name\":\"Ghostysky\",\"url\":\"https:\\\/\\\/www.ghostysky.com\\\/\",\"logo\":{\"@type\":\"ImageObject\",\"inLanguage\":\"fr-FR\",\"@id\":\"https:\\\/\\\/www.ghostysky.com\\\/#\\\/schema\\\/logo\\\/image\\\/\",\"url\":\"https:\\\/\\\/www.ghostysky.com\\\/wp-content\\\/uploads\\\/2020\\\/06\\\/cropped-ghostyskylogo_text_white2.png\",\"contentUrl\":\"https:\\\/\\\/www.ghostysky.com\\\/wp-content\\\/uploads\\\/2020\\\/06\\\/cropped-ghostyskylogo_text_white2.png\",\"width\":169,\"height\":56,\"caption\":\"Ghostysky\"},\"image\":{\"@id\":\"https:\\\/\\\/www.ghostysky.com\\\/#\\\/schema\\\/logo\\\/image\\\/\"},\"sameAs\":[\"https:\\\/\\\/www.facebook.com\\\/people\\\/Ghostysky\\\/100057676170234\\\/\",\"https:\\\/\\\/x.com\\\/Gh0stysky\",\"https:\\\/\\\/www.linkedin.com\\\/company\\\/34739653\",\"https:\\\/\\\/www.instagram.com\\\/gh0stysky\"]}]}<\/script>\n<!-- \/ Yoast SEO plugin. -->","yoast_head_json":{"title":"Chargeur K1 - Ghostysky","description":"Le chargeur Booster Robotics K1 est l&#039;accessoire de charge d\u00e9di\u00e9 au robot humano\u00efde Booster K1. Bien que les d\u00e9tails du chargeur lui-m\u00eame soient minimes, sa fonction principale est de recharger rapidement et de mani\u00e8re fiable la batterie principale du robot, garantissant ainsi un temps d&#039;arr\u00eat minimal pour la recherche, l&#039;\u00e9ducation et la comp\u00e9tition.","robots":{"index":"index","follow":"follow","max-snippet":"max-snippet:-1","max-image-preview":"max-image-preview:large","max-video-preview":"max-video-preview:-1"},"canonical":"https:\/\/www.ghostysky.com\/fr\/product\/k1-charger\/","og_locale":"fr_FR","og_type":"article","og_title":"K1 Charger - Ghostysky","og_description":"The Booster Robotics K1 Charger is the dedicated charging accessory for the Booster K1 Humanoid Robot.While details for the charger itself are minimal, its primary function is to quickly and reliably recharge the robot's main battery, ensuring minimal downtime for research, education, and competition.","og_url":"https:\/\/www.ghostysky.com\/fr\/product\/k1-charger\/","og_site_name":"Ghostysky","article_publisher":"https:\/\/www.facebook.com\/people\/Ghostysky\/100057676170234\/","article_modified_time":"2025-10-22T14:24:44+00:00","og_image":[{"width":600,"height":300,"url":"https:\/\/www.ghostysky.com\/wp-content\/uploads\/2025\/10\/GH_booster_robotics_Logo.png","type":"image\/png"}],"twitter_card":"summary_large_image","twitter_site":"@Gh0stysky","twitter_misc":{"Dur\u00e9e de lecture estim\u00e9e":"1 minute"},"schema":{"@context":"https:\/\/schema.org","@graph":[{"@type":"WebPage","@id":"https:\/\/www.ghostysky.com\/product\/k1-charger\/","url":"https:\/\/www.ghostysky.com\/product\/k1-charger\/","name":"Chargeur K1 - Ghostysky","isPartOf":{"@id":"https:\/\/www.ghostysky.com\/#website"},"primaryImageOfPage":{"@id":"https:\/\/www.ghostysky.com\/product\/k1-charger\/#primaryimage"},"image":{"@id":"https:\/\/www.ghostysky.com\/product\/k1-charger\/#primaryimage"},"thumbnailUrl":"https:\/\/www.ghostysky.com\/wp-content\/uploads\/2025\/10\/GH_booster_robotics_Logo.png","datePublished":"2025-10-22T14:19:31+00:00","dateModified":"2025-10-22T14:24:44+00:00","description":"Le chargeur Booster Robotics K1 est l&#039;accessoire de charge d\u00e9di\u00e9 au robot humano\u00efde Booster K1. Bien que les d\u00e9tails du chargeur lui-m\u00eame soient minimes, sa fonction principale est de recharger rapidement et de mani\u00e8re fiable la batterie principale du robot, garantissant ainsi un temps d&#039;arr\u00eat minimal pour la recherche, l&#039;\u00e9ducation et la comp\u00e9tition.","breadcrumb":{"@id":"https:\/\/www.ghostysky.com\/product\/k1-charger\/#breadcrumb"},"inLanguage":"fr-FR","potentialAction":[{"@type":"ReadAction","target":["https:\/\/www.ghostysky.com\/product\/k1-charger\/"]}]},{"@type":"ImageObject","inLanguage":"fr-FR","@id":"https:\/\/www.ghostysky.com\/product\/k1-charger\/#primaryimage","url":"https:\/\/www.ghostysky.com\/wp-content\/uploads\/2025\/10\/GH_booster_robotics_Logo.png","contentUrl":"https:\/\/www.ghostysky.com\/wp-content\/uploads\/2025\/10\/GH_booster_robotics_Logo.png","width":600,"height":300},{"@type":"BreadcrumbList","@id":"https:\/\/www.ghostysky.com\/product\/k1-charger\/#breadcrumb","itemListElement":[{"@type":"ListItem","position":1,"name":"Home","item":"https:\/\/www.ghostysky.com\/"},{"@type":"ListItem","position":2,"name":"Shop","item":"https:\/\/www.ghostysky.com\/shop\/"},{"@type":"ListItem","position":3,"name":"K1 Charger"}]},{"@type":"WebSite","@id":"https:\/\/www.ghostysky.com\/#website","url":"https:\/\/www.ghostysky.com\/","name":"Ghostysky","description":"Livraison de drones et de services professionnels","publisher":{"@id":"https:\/\/www.ghostysky.com\/#organization"},"potentialAction":[{"@type":"SearchAction","target":{"@type":"EntryPoint","urlTemplate":"https:\/\/www.ghostysky.com\/?s={search_term_string}"},"query-input":{"@type":"PropertyValueSpecification","valueRequired":true,"valueName":"search_term_string"}}],"inLanguage":"fr-FR"},{"@type":"Organization","@id":"https:\/\/www.ghostysky.com\/#organization","name":"Ghostysky","url":"https:\/\/www.ghostysky.com\/","logo":{"@type":"ImageObject","inLanguage":"fr-FR","@id":"https:\/\/www.ghostysky.com\/#\/schema\/logo\/image\/","url":"https:\/\/www.ghostysky.com\/wp-content\/uploads\/2020\/06\/cropped-ghostyskylogo_text_white2.png","contentUrl":"https:\/\/www.ghostysky.com\/wp-content\/uploads\/2020\/06\/cropped-ghostyskylogo_text_white2.png","width":169,"height":56,"caption":"Ghostysky"},"image":{"@id":"https:\/\/www.ghostysky.com\/#\/schema\/logo\/image\/"},"sameAs":["https:\/\/www.facebook.com\/people\/Ghostysky\/100057676170234\/","https:\/\/x.com\/Gh0stysky","https:\/\/www.linkedin.com\/company\/34739653","https:\/\/www.instagram.com\/gh0stysky"]}]}},"_links":{"self":[{"href":"https:\/\/www.ghostysky.com\/fr\/wp-json\/wp\/v2\/product\/22215","targetHints":{"allow":["GET"]}}],"collection":[{"href":"https:\/\/www.ghostysky.com\/fr\/wp-json\/wp\/v2\/product"}],"about":[{"href":"https:\/\/www.ghostysky.com\/fr\/wp-json\/wp\/v2\/types\/product"}],"replies":[{"embeddable":true,"href":"https:\/\/www.ghostysky.com\/fr\/wp-json\/wp\/v2\/comments?post=22215"}],"version-history":[{"count":0,"href":"https:\/\/www.ghostysky.com\/fr\/wp-json\/wp\/v2\/product\/22215\/revisions"}],"wp:featuredmedia":[{"embeddable":true,"href":"https:\/\/www.ghostysky.com\/fr\/wp-json\/wp\/v2\/media\/22208"}],"wp:attachment":[{"href":"https:\/\/www.ghostysky.com\/fr\/wp-json\/wp\/v2\/media?parent=22215"}],"wp:term":[{"taxonomy":"product_brand","embeddable":true,"href":"https:\/\/www.ghostysky.com\/fr\/wp-json\/wp\/v2\/product_brand?post=22215"},{"taxonomy":"product_cat","embeddable":true,"href":"https:\/\/www.ghostysky.com\/fr\/wp-json\/wp\/v2\/product_cat?post=22215"},{"taxonomy":"product_tag","embeddable":true,"href":"https:\/\/www.ghostysky.com\/fr\/wp-json\/wp\/v2\/product_tag?post=22215"}],"curies":[{"name":"wp","href":"https:\/\/api.w.org\/{rel}","templated":true}]}}