{"id":22221,"date":"2025-10-22T15:00:17","date_gmt":"2025-10-22T15:00:17","guid":{"rendered":"https:\/\/www.ghostysky.com\/?post_type=product&#038;p=22221"},"modified":"2025-10-22T15:00:56","modified_gmt":"2025-10-22T15:00:56","slug":"dji-mavic-4-pro-512gb-creator-combo-dji-rc-pro-2","status":"publish","type":"product","link":"https:\/\/www.ghostysky.com\/fr\/product\/dji-mavic-4-pro-512gb-creator-combo-dji-rc-pro-2\/","title":{"rendered":"Pack Cr\u00e9ateur DJI Mavic 4 Pro 512 Go (DJI RC Pro 2)"},"content":{"rendered":"<h4>Puissance d\u2019imagerie sans pr\u00e9c\u00e9dent :<\/h4>\n<p>Au c\u0153ur du Mavic 4 Pro se trouve un syst\u00e8me polyvalent \u00e0 triple cam\u00e9ra con\u00e7u pour des r\u00e9sultats de qualit\u00e9 professionnelle\u00a0:2<\/p>\n<ul>\n<li><b><span class=\"citation-49\">Appareil photo principal Hasselblad 100\u00a0MP (CMOS 4\/3)\u00a0:<\/span><\/b><span class=\"citation-49\"> Capturez de superbes photos de 100 MP et une qualit\u00e9 cin\u00e9ma <\/span><b><span class=\"citation-49\">Vid\u00e9o HDR 6K\/60 ips<\/span><\/b><span class=\"citation-49 citation-end-49\"> avec jusqu&#039;\u00e0 16 arr\u00eats de plage dynamique.<sup class=\"superscript\" data-turn-source-index=\"3\">3<\/sup><\/span> <span class=\"citation-48 citation-end-48\">La solution Hasselblad Natural Color Solution (HNCS) garantit une fid\u00e9lit\u00e9 des couleurs exceptionnelle, tandis que l&#039;ouverture r\u00e9glable (<sup class=\"superscript\" data-turn-source-index=\"4\">4<\/sup><\/span><span class=\"math-inline\" data-math=\"f\/2.0-f\/11\">$f\/2.0-f\/11$<\/span><span class=\"citation-47 citation-end-47\">) offre un contr\u00f4le cr\u00e9atif dans diff\u00e9rents \u00e9clairages.<\/span><\/li>\n<li><b>Appareil photo t\u00e9l\u00e9objectif moyen 48\u00a0MP (CMOS 1\/1,3\u2033)\u00a0:<\/b> Fournit un <span class=\"math-inline\" data-math=\"70 \\text{mm}\">$70 \\texte{mm}$<\/span> distance focale \u00e9quivalente pour les perspectives compress\u00e9es et <span class=\"math-inline\" data-math=\"4\\text{K}\/120\\text{fps}\">$4\\texte{K}\/120\\texte{fps}$<\/span> ralenti.<\/li>\n<li><b><span class=\"citation-46\">Appareil photo t\u00e9l\u00e9objectif 50 Mpx (CMOS 1\/1,5\u2033) :<\/span><\/b><span class=\"citation-46 citation-end-46\"> Offre un <sup class=\"superscript\" data-turn-source-index=\"6\">6<\/sup><\/span><span class=\"math-inline\" data-math=\"168 \\text{mm}\">$168 \\texte{mm}$<\/span><span class=\"citation-45 citation-end-45\"> distance focale \u00e9quivalente pour des prises de vue d\u00e9taill\u00e9es \u00e0 longue distance et <sup class=\"superscript\" data-turn-source-index=\"7\">7<\/sup><\/span><span class=\"math-inline\" data-math=\"4\\text{K}\/100\\text{fps}\">$4\\texte{K}\/100\\texte{fps}$<\/span><span class=\"citation-44 citation-end-44\"> vid\u00e9o.<\/span><\/li>\n<\/ul>\n<p><span class=\"citation-43\">Les trois cam\u00e9ras prennent en charge <\/span><b><span class=\"citation-43\">D-Log 10 bits, D-Log M et HLG<\/span><\/b><span class=\"citation-43 citation-end-43\"> profils de couleurs, garantissant une reproduction coh\u00e9rente des couleurs et une flexibilit\u00e9 maximale en post-production.<\/span><\/p>\n<p>Am\u00e9liorations ax\u00e9es sur le cr\u00e9ateur\u00a0:<\/p>\n<p>Ce Creator Combo est optimis\u00e9 pour le flux de travail professionnel\u00a0:<\/p>\n<ul>\n<li><b><span class=\"citation-42\">Stockage haute vitesse int\u00e9gr\u00e9 de 512 Go (SSD)\u00a0:<\/span><\/b><span class=\"citation-42\"> Offre un espace suffisant et prend en charge les sp\u00e9cifications \u00e9lev\u00e9es <\/span><b><span class=\"citation-42\">Tout-I 4:2:2 10 bits<\/span><\/b><span class=\"citation-42 citation-end-42\"> encodage vid\u00e9o pour une profondeur de couleur et un montage sup\u00e9rieurs.<\/span><\/li>\n<li><b>DJI RC Pro 2 :<\/b><span class=\"citation-41\"> La t\u00e9l\u00e9commande haute performance incluse est dot\u00e9e d&#039;un nouveau r\u00e9tro\u00e9clairage lumineux <\/span><b><span class=\"citation-41\">\u00c9cran Mini-LED de 7 pouces<\/span><\/b><span class=\"citation-41 citation-end-41\"> (jusqu&#039;\u00e0 2000 nits), un \u00e9cran rotatif pour la prise de vue verticale et des antennes \u00e0 gain \u00e9lev\u00e9 int\u00e9gr\u00e9es pour une stabilit\u00e9 de transmission am\u00e9lior\u00e9e.<\/span><\/li>\n<\/ul>\n<p><b>Cardan r\u00e9volutionnaire et s\u00e9curit\u00e9 de vol :<\/b><\/p>\n<ul>\n<li><b><span class=\"citation-40\">Cardan Infinity :<\/span><\/b><span class=\"citation-40\"> Une conception r\u00e9volutionnaire permet <\/span><b><span class=\"citation-40\">rotation compl\u00e8te \u00e0 360\u00b0<\/span><\/b><span class=\"citation-40\"> et jusqu&#039;\u00e0 <\/span><b><span class=\"citation-40\">Prise de vue vers le haut \u00e0 70\u00b0<\/span><\/b><span class=\"citation-40 citation-end-40\">, permettant des mouvements de cam\u00e9ra dynamiques d\u00e9fiant la gravit\u00e9 et des angles hollandais cr\u00e9atifs jamais possibles auparavant sur un Mavic.<\/span><\/li>\n<li><b><span class=\"citation-39\">Dur\u00e9e maximale du vol : 51 minutes<\/span><\/b><span class=\"citation-39 citation-end-39\"> Une dur\u00e9e de vie prolong\u00e9e de la batterie vous permet de capturer davantage avec moins d&#039;interruptions.<\/span><\/li>\n<li><b>D\u00e9tection d&#039;obstacles omnidirectionnelle Nightscape 0,1 lux :<\/b><span class=\"citation-38\"> Un syst\u00e8me avanc\u00e9, compl\u00e9t\u00e9 par <\/span><b><span class=\"citation-38\">LiDAR orient\u00e9 vers l&#039;avant<\/span><\/b><span class=\"citation-38 citation-end-38\">, offre une \u00e9vitement complet des obstacles m\u00eame dans des conditions de tr\u00e8s faible luminosit\u00e9, garantissant des vols plus s\u00fbrs de jour comme de nuit.<\/span><\/li>\n<li><b>ActiveTrack 360\u00b0 :<\/b><span class=\"citation-37 citation-end-37\"> Le suivi de sujet de nouvelle g\u00e9n\u00e9ration offre un suivi automatique cin\u00e9matographique avec une grande pr\u00e9cision, m\u00eame lorsque le sujet est partiellement obscurci.<\/span><\/li>\n<li><b><span class=\"citation-36\">Transmission vid\u00e9o DJI O4+\u00a0:<\/span><\/b><span class=\"citation-36\"> Offre une port\u00e9e ultra longue <\/span><b><span class=\"citation-36 citation-end-36\">Transmission vid\u00e9o HDR 10 bits jusqu&#039;\u00e0 <sup class=\"superscript\" data-turn-source-index=\"16\">16<\/sup><\/span><span class=\"math-inline\" data-math=\"30 \\text{km}\">$30 \\texte{km}$<\/span><\/b><span class=\"citation-35 citation-end-35\"> (FCC), garantissant une vue fiable et cristalline pour les prises de vue complexes et lointaines.<\/span><\/li>\n<\/ul>\n<h4>Ce qui est inclus dans le Creator Combo\u00a0:<\/h4>\n<p>Le kit ultime pour les cr\u00e9ateurs a\u00e9riens, comprenant tout ce dont vous avez besoin pour des prises de vue professionnelles prolong\u00e9es\u00a0:<\/p>\n<ul>\n<li>1x DJI Mavic 4 Pro 512 Go<\/li>\n<li>1x DJI RC Pro 2<\/li>\n<li>3x Batterie de vol intelligente Mavic 4 Pro<\/li>\n<li>4 h\u00e9lices de rechange pour DJI Mavic 4 Pro (paire)<\/li>\n<li>1x \u00e9tui de rangement pour DJI Mavic 4 Pro<\/li>\n<li>1x c\u00e2ble de donn\u00e9es haute vitesse USB-C vers USB-C<\/li>\n<li>1x Adaptateur secteur DJI Mavic 4 Series 240 W<\/li>\n<li>1x sac \u00e0 bandouli\u00e8re DJI Mavic<\/li>\n<li>1x Centre de charge parall\u00e8le DJI Mavic 4 Pro<\/li>\n<\/ul>","protected":false},"excerpt":{"rendered":"<p><span class=\"citation-51\">Lib\u00e9rez votre potentiel cr\u00e9atif avec le <\/span><b><span class=\"citation-51\">Combo cr\u00e9ateur DJI Mavic 4 Pro 512 Go<\/span><\/b><span class=\"citation-51 citation-end-51\">, le drone phare ultime con\u00e7u pour les professionnels de l&#039;audiovisuel exigeants et les cr\u00e9ateurs de contenu.<\/span> Ce package haut de gamme combine une technologie de cam\u00e9ra r\u00e9volutionnaire, une dynamique de vol r\u00e9volutionnaire et des fonctionnalit\u00e9s avanc\u00e9es <b>DJI RC Pro 2<\/b> contr\u00f4leur, ce qui en fait l&#039;outil incontournable pour la narration a\u00e9rienne.<\/p>","protected":false},"featured_media":22222,"comment_status":"open","ping_status":"closed","template":"","meta":[],"product_brand":[1031],"product_cat":[37,29,1171,1172],"product_tag":[1175,1174,1176],"class_list":{"0":"post-22221","1":"product","2":"type-product","3":"status-publish","4":"has-post-thumbnail","6":"product_brand-dji","7":"product_cat-dji","8":"product_cat-drones","9":"product_cat-mavic-4-pro","10":"product_cat-mavic-4-pro-drones","11":"product_tag-dji-consumer-drones","12":"product_tag-dji-drones","13":"product_tag-dji-mavic-4-pro-drones","15":"first","16":"instock","17":"taxable","18":"shipping-taxable","19":"purchasable","20":"product-type-simple"},"yoast_head":"<!-- This site is optimized with the Yoast SEO plugin v27.4 - https:\/\/yoast.com\/product\/yoast-seo-wordpress\/ -->\n<title>DJI Mavic 4 Pro 512GB Creator Combo (DJI RC Pro 2) - Ghostysky<\/title>\n<meta name=\"description\" content=\"Unleash your creative potential with the DJI Mavic 4 Pro 512GB Creator Combo, the ultimate flagship drone built for demanding audiovisual professionals and content creators. This top-tier package combines groundbreaking camera technology, revolutionary flight dynamics, and the advanced DJI RC Pro 2 controller, making it the definitive tool for aerial storytelling.\" \/>\n<meta name=\"robots\" content=\"index, follow, max-snippet:-1, max-image-preview:large, max-video-preview:-1\" \/>\n<link rel=\"canonical\" href=\"https:\/\/www.ghostysky.com\/fr\/product\/dji-mavic-4-pro-512gb-creator-combo-dji-rc-pro-2\/\" \/>\n<meta property=\"og:locale\" content=\"fr_FR\" \/>\n<meta property=\"og:type\" content=\"article\" \/>\n<meta property=\"og:title\" content=\"DJI Mavic 4 Pro 512GB Creator Combo (DJI RC Pro 2) - Ghostysky\" \/>\n<meta property=\"og:description\" content=\"Unleash your creative potential with the DJI Mavic 4 Pro 512GB Creator Combo, the ultimate flagship drone built for demanding audiovisual professionals and content creators. This top-tier package combines groundbreaking camera technology, revolutionary flight dynamics, and the advanced DJI RC Pro 2 controller, making it the definitive tool for aerial storytelling.\" \/>\n<meta property=\"og:url\" content=\"https:\/\/www.ghostysky.com\/fr\/product\/dji-mavic-4-pro-512gb-creator-combo-dji-rc-pro-2\/\" \/>\n<meta property=\"og:site_name\" content=\"Ghostysky\" \/>\n<meta property=\"article:publisher\" content=\"https:\/\/www.facebook.com\/people\/Ghostysky\/100057676170234\/\" \/>\n<meta property=\"article:modified_time\" content=\"2025-10-22T15:00:56+00:00\" \/>\n<meta property=\"og:image\" content=\"https:\/\/www.ghostysky.com\/wp-content\/uploads\/2025\/10\/GH_DJI-Mavic-4-Pro-512GB-Creator-Combo-DJI-RC-Pro-2_1.jpg\" \/>\n\t<meta property=\"og:image:width\" content=\"800\" \/>\n\t<meta property=\"og:image:height\" content=\"800\" \/>\n\t<meta property=\"og:image:type\" content=\"image\/jpeg\" \/>\n<meta name=\"twitter:card\" content=\"summary_large_image\" \/>\n<meta name=\"twitter:site\" content=\"@Gh0stysky\" \/>\n<meta name=\"twitter:label1\" content=\"Dur\u00e9e de lecture estim\u00e9e\" \/>\n\t<meta name=\"twitter:data1\" content=\"2 minutes\" \/>\n<script type=\"application\/ld+json\" class=\"yoast-schema-graph\">{\"@context\":\"https:\\\/\\\/schema.org\",\"@graph\":[{\"@type\":\"WebPage\",\"@id\":\"https:\\\/\\\/www.ghostysky.com\\\/product\\\/dji-mavic-4-pro-512gb-creator-combo-dji-rc-pro-2\\\/\",\"url\":\"https:\\\/\\\/www.ghostysky.com\\\/product\\\/dji-mavic-4-pro-512gb-creator-combo-dji-rc-pro-2\\\/\",\"name\":\"DJI Mavic 4 Pro 512GB Creator Combo (DJI RC Pro 2) - Ghostysky\",\"isPartOf\":{\"@id\":\"https:\\\/\\\/www.ghostysky.com\\\/#website\"},\"primaryImageOfPage\":{\"@id\":\"https:\\\/\\\/www.ghostysky.com\\\/product\\\/dji-mavic-4-pro-512gb-creator-combo-dji-rc-pro-2\\\/#primaryimage\"},\"image\":{\"@id\":\"https:\\\/\\\/www.ghostysky.com\\\/product\\\/dji-mavic-4-pro-512gb-creator-combo-dji-rc-pro-2\\\/#primaryimage\"},\"thumbnailUrl\":\"https:\\\/\\\/www.ghostysky.com\\\/wp-content\\\/uploads\\\/2025\\\/10\\\/GH_DJI-Mavic-4-Pro-512GB-Creator-Combo-DJI-RC-Pro-2_1.jpg\",\"datePublished\":\"2025-10-22T15:00:17+00:00\",\"dateModified\":\"2025-10-22T15:00:56+00:00\",\"description\":\"Unleash your creative potential with the DJI Mavic 4 Pro 512GB Creator Combo, the ultimate flagship drone built for demanding audiovisual professionals and content creators. This top-tier package combines groundbreaking camera technology, revolutionary flight dynamics, and the advanced DJI RC Pro 2 controller, making it the definitive tool for aerial storytelling.\",\"breadcrumb\":{\"@id\":\"https:\\\/\\\/www.ghostysky.com\\\/product\\\/dji-mavic-4-pro-512gb-creator-combo-dji-rc-pro-2\\\/#breadcrumb\"},\"inLanguage\":\"fr-FR\",\"potentialAction\":[{\"@type\":\"ReadAction\",\"target\":[\"https:\\\/\\\/www.ghostysky.com\\\/product\\\/dji-mavic-4-pro-512gb-creator-combo-dji-rc-pro-2\\\/\"]}]},{\"@type\":\"ImageObject\",\"inLanguage\":\"fr-FR\",\"@id\":\"https:\\\/\\\/www.ghostysky.com\\\/product\\\/dji-mavic-4-pro-512gb-creator-combo-dji-rc-pro-2\\\/#primaryimage\",\"url\":\"https:\\\/\\\/www.ghostysky.com\\\/wp-content\\\/uploads\\\/2025\\\/10\\\/GH_DJI-Mavic-4-Pro-512GB-Creator-Combo-DJI-RC-Pro-2_1.jpg\",\"contentUrl\":\"https:\\\/\\\/www.ghostysky.com\\\/wp-content\\\/uploads\\\/2025\\\/10\\\/GH_DJI-Mavic-4-Pro-512GB-Creator-Combo-DJI-RC-Pro-2_1.jpg\",\"width\":800,\"height\":800},{\"@type\":\"BreadcrumbList\",\"@id\":\"https:\\\/\\\/www.ghostysky.com\\\/product\\\/dji-mavic-4-pro-512gb-creator-combo-dji-rc-pro-2\\\/#breadcrumb\",\"itemListElement\":[{\"@type\":\"ListItem\",\"position\":1,\"name\":\"Home\",\"item\":\"https:\\\/\\\/www.ghostysky.com\\\/\"},{\"@type\":\"ListItem\",\"position\":2,\"name\":\"Shop\",\"item\":\"https:\\\/\\\/www.ghostysky.com\\\/shop\\\/\"},{\"@type\":\"ListItem\",\"position\":3,\"name\":\"DJI Mavic 4 Pro 512GB Creator Combo (DJI RC Pro 2)\"}]},{\"@type\":\"WebSite\",\"@id\":\"https:\\\/\\\/www.ghostysky.com\\\/#website\",\"url\":\"https:\\\/\\\/www.ghostysky.com\\\/\",\"name\":\"Ghostysky\",\"description\":\"Delivering professional drones and services\",\"publisher\":{\"@id\":\"https:\\\/\\\/www.ghostysky.com\\\/#organization\"},\"potentialAction\":[{\"@type\":\"SearchAction\",\"target\":{\"@type\":\"EntryPoint\",\"urlTemplate\":\"https:\\\/\\\/www.ghostysky.com\\\/?s={search_term_string}\"},\"query-input\":{\"@type\":\"PropertyValueSpecification\",\"valueRequired\":true,\"valueName\":\"search_term_string\"}}],\"inLanguage\":\"fr-FR\"},{\"@type\":\"Organization\",\"@id\":\"https:\\\/\\\/www.ghostysky.com\\\/#organization\",\"name\":\"Ghostysky\",\"url\":\"https:\\\/\\\/www.ghostysky.com\\\/\",\"logo\":{\"@type\":\"ImageObject\",\"inLanguage\":\"fr-FR\",\"@id\":\"https:\\\/\\\/www.ghostysky.com\\\/#\\\/schema\\\/logo\\\/image\\\/\",\"url\":\"https:\\\/\\\/www.ghostysky.com\\\/wp-content\\\/uploads\\\/2020\\\/06\\\/cropped-ghostyskylogo_text_white2.png\",\"contentUrl\":\"https:\\\/\\\/www.ghostysky.com\\\/wp-content\\\/uploads\\\/2020\\\/06\\\/cropped-ghostyskylogo_text_white2.png\",\"width\":169,\"height\":56,\"caption\":\"Ghostysky\"},\"image\":{\"@id\":\"https:\\\/\\\/www.ghostysky.com\\\/#\\\/schema\\\/logo\\\/image\\\/\"},\"sameAs\":[\"https:\\\/\\\/www.facebook.com\\\/people\\\/Ghostysky\\\/100057676170234\\\/\",\"https:\\\/\\\/x.com\\\/Gh0stysky\",\"https:\\\/\\\/www.linkedin.com\\\/company\\\/34739653\",\"https:\\\/\\\/www.instagram.com\\\/gh0stysky\"]}]}<\/script>\n<!-- \/ Yoast SEO plugin. -->","yoast_head_json":{"title":"Pack Cr\u00e9ateur DJI Mavic 4 Pro 512 Go (DJI RC Pro 2) - Ghostysky","description":"Lib\u00e9rez votre potentiel cr\u00e9atif avec le DJI Mavic 4 Pro Creator Combo 512 Go, le drone phare ultime con\u00e7u pour les professionnels de l&#039;audiovisuel et les cr\u00e9ateurs de contenu exigeants. Ce pack haut de gamme associe une technologie de cam\u00e9ra r\u00e9volutionnaire, une dynamique de vol r\u00e9volutionnaire et la t\u00e9l\u00e9commande avanc\u00e9e DJI RC Pro 2, ce qui en fait l&#039;outil id\u00e9al pour la narration a\u00e9rienne.","robots":{"index":"index","follow":"follow","max-snippet":"max-snippet:-1","max-image-preview":"max-image-preview:large","max-video-preview":"max-video-preview:-1"},"canonical":"https:\/\/www.ghostysky.com\/fr\/product\/dji-mavic-4-pro-512gb-creator-combo-dji-rc-pro-2\/","og_locale":"fr_FR","og_type":"article","og_title":"DJI Mavic 4 Pro 512GB Creator Combo (DJI RC Pro 2) - Ghostysky","og_description":"Unleash your creative potential with the DJI Mavic 4 Pro 512GB Creator Combo, the ultimate flagship drone built for demanding audiovisual professionals and content creators. This top-tier package combines groundbreaking camera technology, revolutionary flight dynamics, and the advanced DJI RC Pro 2 controller, making it the definitive tool for aerial storytelling.","og_url":"https:\/\/www.ghostysky.com\/fr\/product\/dji-mavic-4-pro-512gb-creator-combo-dji-rc-pro-2\/","og_site_name":"Ghostysky","article_publisher":"https:\/\/www.facebook.com\/people\/Ghostysky\/100057676170234\/","article_modified_time":"2025-10-22T15:00:56+00:00","og_image":[{"width":800,"height":800,"url":"https:\/\/www.ghostysky.com\/wp-content\/uploads\/2025\/10\/GH_DJI-Mavic-4-Pro-512GB-Creator-Combo-DJI-RC-Pro-2_1.jpg","type":"image\/jpeg"}],"twitter_card":"summary_large_image","twitter_site":"@Gh0stysky","twitter_misc":{"Dur\u00e9e de lecture estim\u00e9e":"2 minutes"},"schema":{"@context":"https:\/\/schema.org","@graph":[{"@type":"WebPage","@id":"https:\/\/www.ghostysky.com\/product\/dji-mavic-4-pro-512gb-creator-combo-dji-rc-pro-2\/","url":"https:\/\/www.ghostysky.com\/product\/dji-mavic-4-pro-512gb-creator-combo-dji-rc-pro-2\/","name":"Pack Cr\u00e9ateur DJI Mavic 4 Pro 512 Go (DJI RC Pro 2) - Ghostysky","isPartOf":{"@id":"https:\/\/www.ghostysky.com\/#website"},"primaryImageOfPage":{"@id":"https:\/\/www.ghostysky.com\/product\/dji-mavic-4-pro-512gb-creator-combo-dji-rc-pro-2\/#primaryimage"},"image":{"@id":"https:\/\/www.ghostysky.com\/product\/dji-mavic-4-pro-512gb-creator-combo-dji-rc-pro-2\/#primaryimage"},"thumbnailUrl":"https:\/\/www.ghostysky.com\/wp-content\/uploads\/2025\/10\/GH_DJI-Mavic-4-Pro-512GB-Creator-Combo-DJI-RC-Pro-2_1.jpg","datePublished":"2025-10-22T15:00:17+00:00","dateModified":"2025-10-22T15:00:56+00:00","description":"Lib\u00e9rez votre potentiel cr\u00e9atif avec le DJI Mavic 4 Pro Creator Combo 512 Go, le drone phare ultime con\u00e7u pour les professionnels de l&#039;audiovisuel et les cr\u00e9ateurs de contenu exigeants. Ce pack haut de gamme associe une technologie de cam\u00e9ra r\u00e9volutionnaire, une dynamique de vol r\u00e9volutionnaire et la t\u00e9l\u00e9commande avanc\u00e9e DJI RC Pro 2, ce qui en fait l&#039;outil id\u00e9al pour la narration a\u00e9rienne.","breadcrumb":{"@id":"https:\/\/www.ghostysky.com\/product\/dji-mavic-4-pro-512gb-creator-combo-dji-rc-pro-2\/#breadcrumb"},"inLanguage":"fr-FR","potentialAction":[{"@type":"ReadAction","target":["https:\/\/www.ghostysky.com\/product\/dji-mavic-4-pro-512gb-creator-combo-dji-rc-pro-2\/"]}]},{"@type":"ImageObject","inLanguage":"fr-FR","@id":"https:\/\/www.ghostysky.com\/product\/dji-mavic-4-pro-512gb-creator-combo-dji-rc-pro-2\/#primaryimage","url":"https:\/\/www.ghostysky.com\/wp-content\/uploads\/2025\/10\/GH_DJI-Mavic-4-Pro-512GB-Creator-Combo-DJI-RC-Pro-2_1.jpg","contentUrl":"https:\/\/www.ghostysky.com\/wp-content\/uploads\/2025\/10\/GH_DJI-Mavic-4-Pro-512GB-Creator-Combo-DJI-RC-Pro-2_1.jpg","width":800,"height":800},{"@type":"BreadcrumbList","@id":"https:\/\/www.ghostysky.com\/product\/dji-mavic-4-pro-512gb-creator-combo-dji-rc-pro-2\/#breadcrumb","itemListElement":[{"@type":"ListItem","position":1,"name":"Home","item":"https:\/\/www.ghostysky.com\/"},{"@type":"ListItem","position":2,"name":"Shop","item":"https:\/\/www.ghostysky.com\/shop\/"},{"@type":"ListItem","position":3,"name":"DJI Mavic 4 Pro 512GB Creator Combo (DJI RC Pro 2)"}]},{"@type":"WebSite","@id":"https:\/\/www.ghostysky.com\/#website","url":"https:\/\/www.ghostysky.com\/","name":"Ghostysky","description":"Livraison de drones et de services professionnels","publisher":{"@id":"https:\/\/www.ghostysky.com\/#organization"},"potentialAction":[{"@type":"SearchAction","target":{"@type":"EntryPoint","urlTemplate":"https:\/\/www.ghostysky.com\/?s={search_term_string}"},"query-input":{"@type":"PropertyValueSpecification","valueRequired":true,"valueName":"search_term_string"}}],"inLanguage":"fr-FR"},{"@type":"Organization","@id":"https:\/\/www.ghostysky.com\/#organization","name":"Ghostysky","url":"https:\/\/www.ghostysky.com\/","logo":{"@type":"ImageObject","inLanguage":"fr-FR","@id":"https:\/\/www.ghostysky.com\/#\/schema\/logo\/image\/","url":"https:\/\/www.ghostysky.com\/wp-content\/uploads\/2020\/06\/cropped-ghostyskylogo_text_white2.png","contentUrl":"https:\/\/www.ghostysky.com\/wp-content\/uploads\/2020\/06\/cropped-ghostyskylogo_text_white2.png","width":169,"height":56,"caption":"Ghostysky"},"image":{"@id":"https:\/\/www.ghostysky.com\/#\/schema\/logo\/image\/"},"sameAs":["https:\/\/www.facebook.com\/people\/Ghostysky\/100057676170234\/","https:\/\/x.com\/Gh0stysky","https:\/\/www.linkedin.com\/company\/34739653","https:\/\/www.instagram.com\/gh0stysky"]}]}},"_links":{"self":[{"href":"https:\/\/www.ghostysky.com\/fr\/wp-json\/wp\/v2\/product\/22221","targetHints":{"allow":["GET"]}}],"collection":[{"href":"https:\/\/www.ghostysky.com\/fr\/wp-json\/wp\/v2\/product"}],"about":[{"href":"https:\/\/www.ghostysky.com\/fr\/wp-json\/wp\/v2\/types\/product"}],"replies":[{"embeddable":true,"href":"https:\/\/www.ghostysky.com\/fr\/wp-json\/wp\/v2\/comments?post=22221"}],"version-history":[{"count":0,"href":"https:\/\/www.ghostysky.com\/fr\/wp-json\/wp\/v2\/product\/22221\/revisions"}],"wp:featuredmedia":[{"embeddable":true,"href":"https:\/\/www.ghostysky.com\/fr\/wp-json\/wp\/v2\/media\/22222"}],"wp:attachment":[{"href":"https:\/\/www.ghostysky.com\/fr\/wp-json\/wp\/v2\/media?parent=22221"}],"wp:term":[{"taxonomy":"product_brand","embeddable":true,"href":"https:\/\/www.ghostysky.com\/fr\/wp-json\/wp\/v2\/product_brand?post=22221"},{"taxonomy":"product_cat","embeddable":true,"href":"https:\/\/www.ghostysky.com\/fr\/wp-json\/wp\/v2\/product_cat?post=22221"},{"taxonomy":"product_tag","embeddable":true,"href":"https:\/\/www.ghostysky.com\/fr\/wp-json\/wp\/v2\/product_tag?post=22221"}],"curies":[{"name":"wp","href":"https:\/\/api.w.org\/{rel}","templated":true}]}}