{"id":22226,"date":"2025-10-22T15:06:12","date_gmt":"2025-10-22T15:06:12","guid":{"rendered":"https:\/\/www.ghostysky.com\/?post_type=product&#038;p=22226"},"modified":"2025-10-22T15:14:00","modified_gmt":"2025-10-22T15:14:00","slug":"dji-mavic-4-pro-fly-more-combo-dji-rc-2","status":"publish","type":"product","link":"https:\/\/www.ghostysky.com\/fr\/product\/dji-mavic-4-pro-fly-more-combo-dji-rc-2\/","title":{"rendered":"Ensemble DJI Mavic 4 Pro Fly More (DJI RC 2)"},"content":{"rendered":"<h4><b>Syst\u00e8me d&#039;imagerie in\u00e9gal\u00e9<\/b><\/h4>\n<ul>\n<li><b>Excellence des trois cam\u00e9ras :<\/b> Ma\u00eetrisez chaque angle avec un syst\u00e8me polyvalent \u00e0 triple objectif\u00a0:\n<ul>\n<li><b><span class=\"citation-100\">Appareil photo Hasselblad 100 Mpx (CMOS 4\/3) :<\/span><\/b><span class=\"citation-100\"> Capturez des images \u00e9piques et riches en d\u00e9tails avec des photos de 100 MP et des images \u00e9poustouflantes <\/span><b><span class=\"citation-100\">Vid\u00e9o HDR 6K\/60 ips<\/span><\/b><span class=\"citation-100 citation-end-100\">.<sup class=\"superscript\" data-turn-source-index=\"4\">4<\/sup><\/span> <span class=\"citation-99 citation-end-99\">Dispose d&#039;une ouverture r\u00e9glable de <sup class=\"superscript\" data-turn-source-index=\"5\">5<\/sup><\/span><span class=\"math-inline\" data-math=\"f\/2.0\">$f\/2.0$<\/span><span class=\"citation-98 citation-end-98\"> \u00e0 <sup class=\"superscript\" data-turn-source-index=\"6\">6<\/sup><\/span><span class=\"math-inline\" data-math=\"f\/11\">$f\/11$<\/span><span class=\"citation-97 citation-end-97\"> et jusqu&#039;\u00e0 15,5 arr\u00eats de plage dynamique.<\/span><\/li>\n<li><b><span class=\"citation-96\">Cam\u00e9ra t\u00e9l\u00e9objectif moyenne (CMOS 1\/1,3\u2033, \u00e9quiv. 70 mm) :<\/span><\/b><span class=\"citation-96\"> Id\u00e9al pour les portraits et les perspectives compress\u00e9es, capturant <\/span><b><span class=\"citation-96\">48MP<\/span><\/b><span class=\"citation-96 citation-end-96\"> photos et <sup class=\"superscript\" data-turn-source-index=\"8\">8<\/sup><\/span><span class=\"math-inline\" data-math=\"4\\text{K}\/60\\text{fps}\">$4\\texte{K}\/60\\texte{fps}$<\/span><span class=\"citation-95 citation-end-95\"> Vid\u00e9o HDR.<\/span><\/li>\n<li><b><span class=\"citation-94 citation-end-94\">Cam\u00e9ra longue port\u00e9e (CMOS 1\/1,5\u2033, \u00e9quivalent 168 mm) :<sup class=\"superscript\" data-turn-source-index=\"10\">10<\/sup><\/span><\/b><span class=\"citation-93\"> Une mise \u00e0 niveau significative pour des prises de vue zoom de haute qualit\u00e9, capturant <\/span><b><span class=\"citation-93\">50MP<\/span><\/b><span class=\"citation-93 citation-end-93\"> photos et <sup class=\"superscript\" data-turn-source-index=\"11\">11<\/sup><\/span><span class=\"math-inline\" data-math=\"4\\text{K}\/60\\text{fps}\">$4\\texte{K}\/60\\texte{fps}$<\/span><span class=\"citation-92 citation-end-92\"> Vid\u00e9o HDR, avec une clart\u00e9 et une stabilit\u00e9 remarquables.<\/span><\/li>\n<\/ul>\n<\/li>\n<li><b>Cardan Infinity :<\/b><span class=\"citation-91\"> Brisez les barri\u00e8res cr\u00e9atives avec un cardan innovant qui permet <\/span><b><span class=\"citation-91 citation-end-91\">complet <sup class=\"superscript\" data-turn-source-index=\"13\">13<\/sup><\/span><span class=\"math-inline\" data-math=\"360^{\\circ}\">$360^{\\circ}$<\/span><span class=\"citation-90\"> rotation<\/span><\/b><span class=\"citation-90 citation-end-90\"> et sans effort <sup class=\"superscript\" data-turn-source-index=\"14\">14<\/sup><\/span><b><span class=\"math-inline\" data-math=\"70^{\\circ}\">$70^{\\circ}$<\/span><span class=\"citation-89\"> tir vers le haut<\/span><\/b><span class=\"citation-89 citation-end-89\"> capacit\u00e9 de mouvements de cam\u00e9ra dynamiques d\u00e9fiant la gravit\u00e9.<\/span><\/li>\n<li><b><span class=\"citation-88\">Vid\u00e9o de qualit\u00e9 professionnelle\u00a0:<\/span><\/b><span class=\"citation-88 citation-end-88\"> Toutes les cam\u00e9ras prennent en charge les profils de couleurs D-Log, D-Log M et HLG 10 bits pour des couleurs homog\u00e8nes et une flexibilit\u00e9 de post-production maximale, avec des options de ralenti jusqu&#039;\u00e0 <sup class=\"superscript\" data-turn-source-index=\"16\">16<\/sup><\/span><span class=\"math-inline\" data-math=\"4\\text{K}\/120\\text{fps}\">$4\\texte{K}\/120\\texte{fps}$<\/span><span class=\"citation-87 citation-end-87\">.<\/span><\/li>\n<\/ul>\n<p><b>Vol prolong\u00e9 et transmission :<\/b><\/p>\n<ul>\n<li><b>Dur\u00e9e maximale du vol : 51 minutes<\/b><span class=\"citation-86\"> La conception a\u00e9rodynamique efficace et la batterie puissante offrent une autonomie de vol exceptionnelle allant jusqu&#039;\u00e0 <\/span><b><span class=\"citation-86\">51 minutes<\/span><\/b><span class=\"citation-86 citation-end-86\">, vous donnant plus de temps pour rep\u00e9rer et capturer.<\/span><\/li>\n<li><b><span class=\"citation-85\">Transmission vid\u00e9o HD DJI O4+\u00a0:<\/span><\/b><span class=\"citation-85\"> B\u00e9n\u00e9ficiez d&#039;une transmission ultra-longue port\u00e9e et tr\u00e8s stable <\/span><b><span class=\"citation-85\">Vid\u00e9o HDR 10 bits<\/span><\/b><span class=\"citation-85\"> jusqu&#039;\u00e0 <\/span><b><span class=\"citation-85\">30 km (FCC)<\/span><\/b><span class=\"citation-85 citation-end-85\">, garantissant une connexion fiable et une qualit\u00e9 d&#039;image sup\u00e9rieure m\u00eame dans des environnements complexes.<\/span><\/li>\n<\/ul>\n<p><b>S\u00e9curit\u00e9 et intelligence avanc\u00e9es :<\/b><\/p>\n<ul>\n<li><b>D\u00e9tection d&#039;obstacles omnidirectionnelle Nightscape 0,1 lux :<\/b> Volez en toute confiance de jour comme de nuit. <span class=\"citation-84\">Le drone dispose d&#039;un syst\u00e8me de vision omnidirectionnel avanc\u00e9 avec <\/span><b><span class=\"citation-84\">LiDAR orient\u00e9 vers l&#039;avant<\/span><\/b><span class=\"citation-84 citation-end-84\"> qui offre une \u00e9vitement robuste des obstacles, fonctionnant m\u00eame dans des conditions de tr\u00e8s faible luminosit\u00e9 (jusqu&#039;\u00e0 0,1 lux).<\/span><\/li>\n<li><b>ActiveTrack <span class=\"math-inline\" data-math=\"360^{\\circ}\">$360^{\\circ}$<\/span>:<\/b><span class=\"citation-83 citation-end-83\"> Le syst\u00e8me de suivi consid\u00e9rablement am\u00e9lior\u00e9 offre un suivi du sujet stable et cin\u00e9matographique, m\u00eame dans des conditions de faible luminosit\u00e9 et lorsque le sujet est partiellement obscurci.<\/span><\/li>\n<\/ul>\n<p>Fly More Combo pour une cr\u00e9ation compl\u00e8te :<\/p>\n<p>Le Fly More Combo est le package essentiel pour maximiser votre temps d&#039;antenne et l&#039;efficacit\u00e9 de votre flux de travail, comprenant\u00a0:<\/p>\n<ul>\n<li><span class=\"citation-82\">Le <\/span><b><span class=\"citation-82\">Avion DJI Mavic 4 Pro<\/span><\/b><span class=\"citation-82 citation-end-82\"> (avec 64 Go de stockage interne).<\/span><\/li>\n<li><span class=\"citation-81\">Le <\/span><b><span class=\"citation-81\">DJI RC 2<\/span><\/b><span class=\"citation-81 citation-end-81\"> t\u00e9l\u00e9commande avec \u00e9cran haute luminosit\u00e9 FHD int\u00e9gr\u00e9 de 5,5 pouces.<\/span><\/li>\n<li><b><span class=\"citation-80\">Trois<\/span><\/b><span class=\"citation-80 citation-end-80\"> Batteries de vol intelligentes totales pour des sessions prolong\u00e9es.<\/span><\/li>\n<li><span class=\"citation-79\">UN <\/span><b><span class=\"citation-79\">Station de charge parall\u00e8le<\/span><\/b><span class=\"citation-79 citation-end-79\"> pour charger efficacement plusieurs batteries.<\/span><\/li>\n<li><span class=\"citation-78\">H\u00e9lices de rechange, un couvercle de rangement, un adaptateur secteur USB-C DJI 100 W et un <\/span><b><span class=\"citation-78\">Sac \u00e0 bandouli\u00e8re DJI Mavic<\/span><\/b><span class=\"citation-78 citation-end-78\"> pour transporter tout votre \u00e9quipement.<\/span><\/li>\n<\/ul>\n<p>Le DJI Mavic 4 Pro Fly More Combo (DJI RC 2) est la plate-forme d&#039;imagerie a\u00e9rienne ultime, combinant une technologie de cam\u00e9ra r\u00e9volutionnaire, un mouvement de qualit\u00e9 professionnelle et une endurance de vol in\u00e9gal\u00e9e.<\/p>\n<h4>Dans la bo\u00eete<\/h4>\n<ul>\n<li>1x DJI Mavic 4 Pro<\/li>\n<li>1x DJI RC 2<\/li>\n<li>3x Batterie de vol intelligente DJI Mavic 4 Pro<\/li>\n<li>4 h\u00e9lices de rechange pour DJI Mavic 4 Pro (paire)<\/li>\n<li>1x \u00e9tui de rangement pour DJI Mavic 4 Pro<\/li>\n<li>2x c\u00e2bles de donn\u00e9es USB-C vers USB-C<\/li>\n<li>1x Adaptateur secteur DJI 100 W USB-C<\/li>\n<li>1x Sac \u00e0 bandouli\u00e8re DJI Mavic 4 Series<\/li>\n<li>1x station de charge parall\u00e8le DJI Mavic 4 Pro<\/li>\n<\/ul>","protected":false},"excerpt":{"rendered":"<p><b><span class=\"citation-103 citation-end-103\">DJI Mavic 4 Pro Fly More Combo (DJI RC 2)\u00a0: le drone phare \u00e0 triple objectif<\/span><\/b><\/p>\n<p><span class=\"citation-102\">\u00c9levez votre cin\u00e9matographie a\u00e9rienne \u00e0 un niveau sans pr\u00e9c\u00e9dent avec le <\/span><b><span class=\"citation-102\">Combo DJI Mavic 4 Pro Fly More<\/span><\/b><span class=\"citation-102\">, associ\u00e9 \u00e0 l&#039;\u00e9cran lumineux int\u00e9gr\u00e9 <\/span><b><span class=\"citation-102\">DJI RC 2<\/span><\/b><span class=\"citation-102 citation-end-102\"> contr\u00f4leur.<\/span> <span class=\"citation-101 citation-end-101\">Ce drone phare \u00e0 triple cam\u00e9ra est con\u00e7u pour les professionnels et les cr\u00e9ateurs de contenu qui exigent une imagerie sup\u00e9rieure, des performances de vol prolong\u00e9es et des fonctionnalit\u00e9s de s\u00e9curit\u00e9 de pointe.<\/span><\/p>","protected":false},"featured_media":22222,"comment_status":"open","ping_status":"closed","template":"","meta":[],"product_brand":[1031],"product_cat":[37,29,1171,1172],"product_tag":[1175,1174,1176],"class_list":{"0":"post-22226","1":"product","2":"type-product","3":"status-publish","4":"has-post-thumbnail","6":"product_brand-dji","7":"product_cat-dji","8":"product_cat-drones","9":"product_cat-mavic-4-pro","10":"product_cat-mavic-4-pro-drones","11":"product_tag-dji-consumer-drones","12":"product_tag-dji-drones","13":"product_tag-dji-mavic-4-pro-drones","15":"first","16":"instock","17":"taxable","18":"shipping-taxable","19":"purchasable","20":"product-type-simple"},"yoast_head":"<!-- This site is optimized with the Yoast SEO plugin v27.4 - https:\/\/yoast.com\/product\/yoast-seo-wordpress\/ -->\n<title>DJI Mavic 4 Pro Fly More Combo (DJI RC 2) - Ghostysky<\/title>\n<meta name=\"description\" content=\"DJI Mavic 4 Pro Fly More Combo (DJI RC 2): The Triple-Lens Flagship DroneElevate your aerial cinematography to an unprecedented level with the DJI Mavic 4 Pro Fly More Combo, paired with the bright, integrated-screen DJI RC 2 controller. This triple-camera flagship drone is engineered for professionals and content creators who demand superior imaging, extended flight performance, and cutting-edge safety features.\" \/>\n<meta name=\"robots\" content=\"index, follow, max-snippet:-1, max-image-preview:large, max-video-preview:-1\" \/>\n<link rel=\"canonical\" href=\"https:\/\/www.ghostysky.com\/fr\/product\/dji-mavic-4-pro-fly-more-combo-dji-rc-2\/\" \/>\n<meta property=\"og:locale\" content=\"fr_FR\" \/>\n<meta property=\"og:type\" content=\"article\" \/>\n<meta property=\"og:title\" content=\"DJI Mavic 4 Pro Fly More Combo (DJI RC 2) - Ghostysky\" \/>\n<meta property=\"og:description\" content=\"DJI Mavic 4 Pro Fly More Combo (DJI RC 2): The Triple-Lens Flagship DroneElevate your aerial cinematography to an unprecedented level with the DJI Mavic 4 Pro Fly More Combo, paired with the bright, integrated-screen DJI RC 2 controller. This triple-camera flagship drone is engineered for professionals and content creators who demand superior imaging, extended flight performance, and cutting-edge safety features.\" \/>\n<meta property=\"og:url\" content=\"https:\/\/www.ghostysky.com\/fr\/product\/dji-mavic-4-pro-fly-more-combo-dji-rc-2\/\" \/>\n<meta property=\"og:site_name\" content=\"Ghostysky\" \/>\n<meta property=\"article:publisher\" content=\"https:\/\/www.facebook.com\/people\/Ghostysky\/100057676170234\/\" \/>\n<meta property=\"article:modified_time\" content=\"2025-10-22T15:14:00+00:00\" \/>\n<meta property=\"og:image\" content=\"https:\/\/www.ghostysky.com\/wp-content\/uploads\/2025\/10\/GH_DJI-Mavic-4-Pro-512GB-Creator-Combo-DJI-RC-Pro-2_1.jpg\" \/>\n\t<meta property=\"og:image:width\" content=\"800\" \/>\n\t<meta property=\"og:image:height\" content=\"800\" \/>\n\t<meta property=\"og:image:type\" content=\"image\/jpeg\" \/>\n<meta name=\"twitter:card\" content=\"summary_large_image\" \/>\n<meta name=\"twitter:site\" content=\"@Gh0stysky\" \/>\n<meta name=\"twitter:label1\" content=\"Dur\u00e9e de lecture estim\u00e9e\" \/>\n\t<meta name=\"twitter:data1\" content=\"3 minutes\" \/>\n<script type=\"application\/ld+json\" class=\"yoast-schema-graph\">{\"@context\":\"https:\\\/\\\/schema.org\",\"@graph\":[{\"@type\":\"WebPage\",\"@id\":\"https:\\\/\\\/www.ghostysky.com\\\/product\\\/dji-mavic-4-pro-fly-more-combo-dji-rc-2\\\/\",\"url\":\"https:\\\/\\\/www.ghostysky.com\\\/product\\\/dji-mavic-4-pro-fly-more-combo-dji-rc-2\\\/\",\"name\":\"DJI Mavic 4 Pro Fly More Combo (DJI RC 2) - Ghostysky\",\"isPartOf\":{\"@id\":\"https:\\\/\\\/www.ghostysky.com\\\/#website\"},\"primaryImageOfPage\":{\"@id\":\"https:\\\/\\\/www.ghostysky.com\\\/product\\\/dji-mavic-4-pro-fly-more-combo-dji-rc-2\\\/#primaryimage\"},\"image\":{\"@id\":\"https:\\\/\\\/www.ghostysky.com\\\/product\\\/dji-mavic-4-pro-fly-more-combo-dji-rc-2\\\/#primaryimage\"},\"thumbnailUrl\":\"https:\\\/\\\/www.ghostysky.com\\\/wp-content\\\/uploads\\\/2025\\\/10\\\/GH_DJI-Mavic-4-Pro-512GB-Creator-Combo-DJI-RC-Pro-2_1.jpg\",\"datePublished\":\"2025-10-22T15:06:12+00:00\",\"dateModified\":\"2025-10-22T15:14:00+00:00\",\"description\":\"DJI Mavic 4 Pro Fly More Combo (DJI RC 2): The Triple-Lens Flagship DroneElevate your aerial cinematography to an unprecedented level with the DJI Mavic 4 Pro Fly More Combo, paired with the bright, integrated-screen DJI RC 2 controller. This triple-camera flagship drone is engineered for professionals and content creators who demand superior imaging, extended flight performance, and cutting-edge safety features.\",\"breadcrumb\":{\"@id\":\"https:\\\/\\\/www.ghostysky.com\\\/product\\\/dji-mavic-4-pro-fly-more-combo-dji-rc-2\\\/#breadcrumb\"},\"inLanguage\":\"fr-FR\",\"potentialAction\":[{\"@type\":\"ReadAction\",\"target\":[\"https:\\\/\\\/www.ghostysky.com\\\/product\\\/dji-mavic-4-pro-fly-more-combo-dji-rc-2\\\/\"]}]},{\"@type\":\"ImageObject\",\"inLanguage\":\"fr-FR\",\"@id\":\"https:\\\/\\\/www.ghostysky.com\\\/product\\\/dji-mavic-4-pro-fly-more-combo-dji-rc-2\\\/#primaryimage\",\"url\":\"https:\\\/\\\/www.ghostysky.com\\\/wp-content\\\/uploads\\\/2025\\\/10\\\/GH_DJI-Mavic-4-Pro-512GB-Creator-Combo-DJI-RC-Pro-2_1.jpg\",\"contentUrl\":\"https:\\\/\\\/www.ghostysky.com\\\/wp-content\\\/uploads\\\/2025\\\/10\\\/GH_DJI-Mavic-4-Pro-512GB-Creator-Combo-DJI-RC-Pro-2_1.jpg\",\"width\":800,\"height\":800},{\"@type\":\"BreadcrumbList\",\"@id\":\"https:\\\/\\\/www.ghostysky.com\\\/product\\\/dji-mavic-4-pro-fly-more-combo-dji-rc-2\\\/#breadcrumb\",\"itemListElement\":[{\"@type\":\"ListItem\",\"position\":1,\"name\":\"Home\",\"item\":\"https:\\\/\\\/www.ghostysky.com\\\/\"},{\"@type\":\"ListItem\",\"position\":2,\"name\":\"Shop\",\"item\":\"https:\\\/\\\/www.ghostysky.com\\\/shop\\\/\"},{\"@type\":\"ListItem\",\"position\":3,\"name\":\"DJI Mavic 4 Pro Fly More Combo (DJI RC 2)\"}]},{\"@type\":\"WebSite\",\"@id\":\"https:\\\/\\\/www.ghostysky.com\\\/#website\",\"url\":\"https:\\\/\\\/www.ghostysky.com\\\/\",\"name\":\"Ghostysky\",\"description\":\"Delivering professional drones and services\",\"publisher\":{\"@id\":\"https:\\\/\\\/www.ghostysky.com\\\/#organization\"},\"potentialAction\":[{\"@type\":\"SearchAction\",\"target\":{\"@type\":\"EntryPoint\",\"urlTemplate\":\"https:\\\/\\\/www.ghostysky.com\\\/?s={search_term_string}\"},\"query-input\":{\"@type\":\"PropertyValueSpecification\",\"valueRequired\":true,\"valueName\":\"search_term_string\"}}],\"inLanguage\":\"fr-FR\"},{\"@type\":\"Organization\",\"@id\":\"https:\\\/\\\/www.ghostysky.com\\\/#organization\",\"name\":\"Ghostysky\",\"url\":\"https:\\\/\\\/www.ghostysky.com\\\/\",\"logo\":{\"@type\":\"ImageObject\",\"inLanguage\":\"fr-FR\",\"@id\":\"https:\\\/\\\/www.ghostysky.com\\\/#\\\/schema\\\/logo\\\/image\\\/\",\"url\":\"https:\\\/\\\/www.ghostysky.com\\\/wp-content\\\/uploads\\\/2020\\\/06\\\/cropped-ghostyskylogo_text_white2.png\",\"contentUrl\":\"https:\\\/\\\/www.ghostysky.com\\\/wp-content\\\/uploads\\\/2020\\\/06\\\/cropped-ghostyskylogo_text_white2.png\",\"width\":169,\"height\":56,\"caption\":\"Ghostysky\"},\"image\":{\"@id\":\"https:\\\/\\\/www.ghostysky.com\\\/#\\\/schema\\\/logo\\\/image\\\/\"},\"sameAs\":[\"https:\\\/\\\/www.facebook.com\\\/people\\\/Ghostysky\\\/100057676170234\\\/\",\"https:\\\/\\\/x.com\\\/Gh0stysky\",\"https:\\\/\\\/www.linkedin.com\\\/company\\\/34739653\",\"https:\\\/\\\/www.instagram.com\\\/gh0stysky\"]}]}<\/script>\n<!-- \/ Yoast SEO plugin. -->","yoast_head_json":{"title":"DJI Mavic 4 Pro Fly More Combo (DJI RC 2) - Ghostysky","description":"DJI Mavic 4 Pro Fly More Combo (DJI RC 2) : Le drone phare \u00e0 triple objectif. \u00c9levez vos prises de vue a\u00e9riennes \u00e0 un niveau in\u00e9gal\u00e9 gr\u00e2ce au DJI Mavic 4 Pro Fly More Combo, associ\u00e9 \u00e0 la t\u00e9l\u00e9commande DJI RC 2 \u00e0 \u00e9cran lumineux et int\u00e9gr\u00e9. Ce drone phare \u00e0 triple cam\u00e9ra est con\u00e7u pour les professionnels et les cr\u00e9ateurs de contenu qui exigent une qualit\u00e9 d&#039;image sup\u00e9rieure, des performances de vol prolong\u00e9es et des fonctionnalit\u00e9s de s\u00e9curit\u00e9 de pointe.","robots":{"index":"index","follow":"follow","max-snippet":"max-snippet:-1","max-image-preview":"max-image-preview:large","max-video-preview":"max-video-preview:-1"},"canonical":"https:\/\/www.ghostysky.com\/fr\/product\/dji-mavic-4-pro-fly-more-combo-dji-rc-2\/","og_locale":"fr_FR","og_type":"article","og_title":"DJI Mavic 4 Pro Fly More Combo (DJI RC 2) - Ghostysky","og_description":"DJI Mavic 4 Pro Fly More Combo (DJI RC 2): The Triple-Lens Flagship DroneElevate your aerial cinematography to an unprecedented level with the DJI Mavic 4 Pro Fly More Combo, paired with the bright, integrated-screen DJI RC 2 controller. This triple-camera flagship drone is engineered for professionals and content creators who demand superior imaging, extended flight performance, and cutting-edge safety features.","og_url":"https:\/\/www.ghostysky.com\/fr\/product\/dji-mavic-4-pro-fly-more-combo-dji-rc-2\/","og_site_name":"Ghostysky","article_publisher":"https:\/\/www.facebook.com\/people\/Ghostysky\/100057676170234\/","article_modified_time":"2025-10-22T15:14:00+00:00","og_image":[{"width":800,"height":800,"url":"https:\/\/www.ghostysky.com\/wp-content\/uploads\/2025\/10\/GH_DJI-Mavic-4-Pro-512GB-Creator-Combo-DJI-RC-Pro-2_1.jpg","type":"image\/jpeg"}],"twitter_card":"summary_large_image","twitter_site":"@Gh0stysky","twitter_misc":{"Dur\u00e9e de lecture estim\u00e9e":"3 minutes"},"schema":{"@context":"https:\/\/schema.org","@graph":[{"@type":"WebPage","@id":"https:\/\/www.ghostysky.com\/product\/dji-mavic-4-pro-fly-more-combo-dji-rc-2\/","url":"https:\/\/www.ghostysky.com\/product\/dji-mavic-4-pro-fly-more-combo-dji-rc-2\/","name":"DJI Mavic 4 Pro Fly More Combo (DJI RC 2) - Ghostysky","isPartOf":{"@id":"https:\/\/www.ghostysky.com\/#website"},"primaryImageOfPage":{"@id":"https:\/\/www.ghostysky.com\/product\/dji-mavic-4-pro-fly-more-combo-dji-rc-2\/#primaryimage"},"image":{"@id":"https:\/\/www.ghostysky.com\/product\/dji-mavic-4-pro-fly-more-combo-dji-rc-2\/#primaryimage"},"thumbnailUrl":"https:\/\/www.ghostysky.com\/wp-content\/uploads\/2025\/10\/GH_DJI-Mavic-4-Pro-512GB-Creator-Combo-DJI-RC-Pro-2_1.jpg","datePublished":"2025-10-22T15:06:12+00:00","dateModified":"2025-10-22T15:14:00+00:00","description":"DJI Mavic 4 Pro Fly More Combo (DJI RC 2) : Le drone phare \u00e0 triple objectif. \u00c9levez vos prises de vue a\u00e9riennes \u00e0 un niveau in\u00e9gal\u00e9 gr\u00e2ce au DJI Mavic 4 Pro Fly More Combo, associ\u00e9 \u00e0 la t\u00e9l\u00e9commande DJI RC 2 \u00e0 \u00e9cran lumineux et int\u00e9gr\u00e9. Ce drone phare \u00e0 triple cam\u00e9ra est con\u00e7u pour les professionnels et les cr\u00e9ateurs de contenu qui exigent une qualit\u00e9 d&#039;image sup\u00e9rieure, des performances de vol prolong\u00e9es et des fonctionnalit\u00e9s de s\u00e9curit\u00e9 de pointe.","breadcrumb":{"@id":"https:\/\/www.ghostysky.com\/product\/dji-mavic-4-pro-fly-more-combo-dji-rc-2\/#breadcrumb"},"inLanguage":"fr-FR","potentialAction":[{"@type":"ReadAction","target":["https:\/\/www.ghostysky.com\/product\/dji-mavic-4-pro-fly-more-combo-dji-rc-2\/"]}]},{"@type":"ImageObject","inLanguage":"fr-FR","@id":"https:\/\/www.ghostysky.com\/product\/dji-mavic-4-pro-fly-more-combo-dji-rc-2\/#primaryimage","url":"https:\/\/www.ghostysky.com\/wp-content\/uploads\/2025\/10\/GH_DJI-Mavic-4-Pro-512GB-Creator-Combo-DJI-RC-Pro-2_1.jpg","contentUrl":"https:\/\/www.ghostysky.com\/wp-content\/uploads\/2025\/10\/GH_DJI-Mavic-4-Pro-512GB-Creator-Combo-DJI-RC-Pro-2_1.jpg","width":800,"height":800},{"@type":"BreadcrumbList","@id":"https:\/\/www.ghostysky.com\/product\/dji-mavic-4-pro-fly-more-combo-dji-rc-2\/#breadcrumb","itemListElement":[{"@type":"ListItem","position":1,"name":"Home","item":"https:\/\/www.ghostysky.com\/"},{"@type":"ListItem","position":2,"name":"Shop","item":"https:\/\/www.ghostysky.com\/shop\/"},{"@type":"ListItem","position":3,"name":"DJI Mavic 4 Pro Fly More Combo (DJI RC 2)"}]},{"@type":"WebSite","@id":"https:\/\/www.ghostysky.com\/#website","url":"https:\/\/www.ghostysky.com\/","name":"Ghostysky","description":"Livraison de drones et de services professionnels","publisher":{"@id":"https:\/\/www.ghostysky.com\/#organization"},"potentialAction":[{"@type":"SearchAction","target":{"@type":"EntryPoint","urlTemplate":"https:\/\/www.ghostysky.com\/?s={search_term_string}"},"query-input":{"@type":"PropertyValueSpecification","valueRequired":true,"valueName":"search_term_string"}}],"inLanguage":"fr-FR"},{"@type":"Organization","@id":"https:\/\/www.ghostysky.com\/#organization","name":"Ghostysky","url":"https:\/\/www.ghostysky.com\/","logo":{"@type":"ImageObject","inLanguage":"fr-FR","@id":"https:\/\/www.ghostysky.com\/#\/schema\/logo\/image\/","url":"https:\/\/www.ghostysky.com\/wp-content\/uploads\/2020\/06\/cropped-ghostyskylogo_text_white2.png","contentUrl":"https:\/\/www.ghostysky.com\/wp-content\/uploads\/2020\/06\/cropped-ghostyskylogo_text_white2.png","width":169,"height":56,"caption":"Ghostysky"},"image":{"@id":"https:\/\/www.ghostysky.com\/#\/schema\/logo\/image\/"},"sameAs":["https:\/\/www.facebook.com\/people\/Ghostysky\/100057676170234\/","https:\/\/x.com\/Gh0stysky","https:\/\/www.linkedin.com\/company\/34739653","https:\/\/www.instagram.com\/gh0stysky"]}]}},"_links":{"self":[{"href":"https:\/\/www.ghostysky.com\/fr\/wp-json\/wp\/v2\/product\/22226","targetHints":{"allow":["GET"]}}],"collection":[{"href":"https:\/\/www.ghostysky.com\/fr\/wp-json\/wp\/v2\/product"}],"about":[{"href":"https:\/\/www.ghostysky.com\/fr\/wp-json\/wp\/v2\/types\/product"}],"replies":[{"embeddable":true,"href":"https:\/\/www.ghostysky.com\/fr\/wp-json\/wp\/v2\/comments?post=22226"}],"version-history":[{"count":0,"href":"https:\/\/www.ghostysky.com\/fr\/wp-json\/wp\/v2\/product\/22226\/revisions"}],"wp:featuredmedia":[{"embeddable":true,"href":"https:\/\/www.ghostysky.com\/fr\/wp-json\/wp\/v2\/media\/22222"}],"wp:attachment":[{"href":"https:\/\/www.ghostysky.com\/fr\/wp-json\/wp\/v2\/media?parent=22226"}],"wp:term":[{"taxonomy":"product_brand","embeddable":true,"href":"https:\/\/www.ghostysky.com\/fr\/wp-json\/wp\/v2\/product_brand?post=22226"},{"taxonomy":"product_cat","embeddable":true,"href":"https:\/\/www.ghostysky.com\/fr\/wp-json\/wp\/v2\/product_cat?post=22226"},{"taxonomy":"product_tag","embeddable":true,"href":"https:\/\/www.ghostysky.com\/fr\/wp-json\/wp\/v2\/product_tag?post=22226"}],"curies":[{"name":"wp","href":"https:\/\/api.w.org\/{rel}","templated":true}]}}