{"id":22243,"date":"2025-10-22T15:37:16","date_gmt":"2025-10-22T15:37:16","guid":{"rendered":"https:\/\/www.ghostysky.com\/?post_type=product&#038;p=22243"},"modified":"2025-10-22T15:39:26","modified_gmt":"2025-10-22T15:39:26","slug":"dji-rc-pro-2-2","status":"publish","type":"product","link":"https:\/\/www.ghostysky.com\/fr\/product\/dji-rc-pro-2-2\/","title":{"rendered":"DJI RC Pro 2"},"content":{"rendered":"<p><b>Visuels et affichage in\u00e9gal\u00e9s\u00a0:<\/b> <span class=\"citation-174\">Au c\u0153ur du RC Pro 2 se trouve un puissant <\/span><b><span class=\"citation-174\">\u00c9cran Mini-LED haute luminosit\u00e9 de 7 pouces<\/span><\/b><span class=\"citation-174\">, offrant une ultra-haute <\/span><b><span class=\"citation-174\">Luminosit\u00e9 maximale de 2\u00a0000\u00a0nits<\/span><\/b><span class=\"citation-174\"> et <\/span><b><span class=\"citation-174\">Rapport de contraste de 1 000 000:1<\/span><\/b><span class=\"citation-174 citation-end-174\">.<\/span> <span class=\"citation-173 citation-end-173\">Avec une profondeur de couleur de 10 bits et une couverture de gamme de couleurs DCI-P3 98%, il offre des visuels \u00e9poustouflants et pr\u00e9cis en termes de couleurs, vous assurant un contr\u00f4le pr\u00e9cis sur vos s\u00e9quences m\u00eame en plein soleil.<\/span><\/p>\n<p><b>Conception intuitive et fonctionnement instantan\u00e9 :<\/b> <span class=\"citation-172\">Le contr\u00f4leur dispose d&#039;un <\/span><b><span class=\"citation-172\">conception pliable intelligente<\/span><\/b><span class=\"citation-172 citation-end-172\"> pour une efficacit\u00e9 ultime.<\/span> <span class=\"citation-171\">Simplement <\/span><b><span class=\"citation-171\">\u00e9tendre l&#039;\u00e9cran pour allumer<\/span><\/b><span class=\"citation-171 citation-end-171\"> l&#039;unit\u00e9 et d\u00e9ploie automatiquement les manches de commande, sans aucun assemblage requis.<\/span> <span class=\"citation-170 citation-end-170\">Une fois termin\u00e9, la r\u00e9duction de l&#039;\u00e9cran met automatiquement l&#039;appareil en veille.<\/span> <span class=\"citation-169 citation-end-169\">Les b\u00e2tons sont con\u00e7us pour s&#039;\u00e9lever de mani\u00e8re transparente avec l&#039;\u00e9cran, offrant un fonctionnement rapide et fluide.<\/span><\/p>\n<p><b>Ma\u00eetrisez la prise de vue verticale :<\/b> <span class=\"citation-168\">Une fonctionnalit\u00e9 r\u00e9volutionnaire pour les cr\u00e9ateurs de contenu sur les r\u00e9seaux sociaux, l&#039;\u00e9cran est <\/span><b><span class=\"citation-168\">rotatif<\/span><\/b><span class=\"citation-168\"> pour permettre <\/span><b><span class=\"citation-168\">prise de vue verticale instantan\u00e9e<\/span><\/b><span class=\"citation-168 citation-end-168\">.<\/span> <span class=\"citation-167 citation-end-167\">Cela se synchronise instantan\u00e9ment avec le cardan du drone pour passer en mode portrait, offrant une zone d&#039;affichage de contenu vertical jusqu&#039;\u00e0 5,5 fois celle du DJI RC 2, vous permettant de visualiser des d\u00e9tails am\u00e9lior\u00e9s et de perfectionner votre cadrage pour les plates-formes verticales.<\/span><\/p>\n<p><b>Fonctionnalit\u00e9s professionnelles et connectivit\u00e9 :<\/b><\/p>\n<ul>\n<li><b><span class=\"citation-166\">Transmission de qualit\u00e9 professionnelle\u00a0:<\/span><\/b><span class=\"citation-166 citation-end-166\"> Equip\u00e9 d&#039;antennes multifaisceaux \u00e0 gain \u00e9lev\u00e9, le RC Pro 2 offre une transmission vid\u00e9o robuste et ultra fiable (jusqu&#039;\u00e0 O4+ avec des drones compatibles comme le Mavic 4 Pro).<\/span><\/li>\n<li><b>Audio am\u00e9lior\u00e9\u00a0:<\/b><span class=\"citation-165\"> Capturez un son de haute qualit\u00e9 avec le <\/span><b><span class=\"citation-165\">microphone int\u00e9gr\u00e9<\/span><\/b><span class=\"citation-165\"> ou connectez-vous directement au <\/span><b><span class=\"citation-165\">S\u00e9rie DJI Mic<\/span><\/b><span class=\"citation-165 citation-end-165\"> pour un son de qualit\u00e9 professionnelle dans vos diffusions en direct ou vos commentaires.<\/span><\/li>\n<li><b><span class=\"citation-164\">Puissance longue dur\u00e9e :<\/span><\/b><span class=\"citation-164\"> UN <\/span><b><span class=\"citation-164\">Autonomie de la batterie de 4 heures<\/span><\/b><span class=\"citation-164 citation-end-164\"> est suffisant pour plusieurs vols de drones.<\/span><\/li>\n<li><b>Grand espace de rangement :<\/b><span class=\"citation-163\"> Caract\u00e9ristiques <\/span><b><span class=\"citation-163\">128 Go de stockage int\u00e9gr\u00e9<\/span><\/b><span class=\"citation-163 citation-end-163\"> avec prise en charge d&#039;une extension suppl\u00e9mentaire via une carte microSD.<\/span><\/li>\n<li><b><span class=\"citation-162\">Contr\u00f4le personnalis\u00e9\u00a0:<\/span><\/b><span class=\"citation-162\"> UN <\/span><b><span class=\"citation-162\">nouveau bouton de num\u00e9rotation<\/span><\/b><span class=\"citation-162 citation-end-162\"> permet des r\u00e9glages rapides des param\u00e8tres en mode Pro ou une navigation rapide dans l&#039;album.<\/span><\/li>\n<\/ul>\n<p><span class=\"citation-161 citation-end-161\">De son \u00e9cran phare \u00e0 ses fonctionnalit\u00e9s professionnelles, le DJI RC Pro 2 est le compagnon ultime des cr\u00e9ateurs s\u00e9rieux et des pilotes professionnels utilisant des drones de cam\u00e9ra DJI compatibles (tels que le Mavic 4 Pro, le Mini 4 Pro, l&#039;Air 3S et l&#039;Air 3).<\/span><\/p>\n<p>&nbsp;<\/p>","protected":false},"excerpt":{"rendered":"<p><span class=\"citation-175\">Le DJI RC Pro 2 est le <\/span><b><span class=\"citation-175\">t\u00e9l\u00e9commande phare<\/span><\/b><span class=\"citation-175 citation-end-175\"> con\u00e7u pour am\u00e9liorer l&#039;exp\u00e9rience professionnelle de r\u00e9alisation de films a\u00e9riens.<\/span><\/p>","protected":false},"featured_media":22247,"comment_status":"open","ping_status":"closed","template":"","meta":[],"product_brand":[1031],"product_cat":[37,29,1171,1173],"product_tag":[42,1178,1179],"class_list":{"0":"post-22243","1":"product","2":"type-product","3":"status-publish","4":"has-post-thumbnail","6":"product_brand-dji","7":"product_cat-dji","8":"product_cat-drones","9":"product_cat-mavic-4-pro","10":"product_cat-mavic-4-pro-accessories","11":"product_tag-dji","12":"product_tag-dji-mavic-4-pro","13":"product_tag-dji-mavic-4-pro-accessories","15":"first","16":"onbackorder","17":"taxable","18":"shipping-taxable","19":"purchasable","20":"product-type-simple"},"yoast_head":"<!-- This site is optimized with the Yoast SEO plugin v27.1.1 - https:\/\/yoast.com\/product\/yoast-seo-wordpress\/ -->\n<title>DJI RC Pro 2 - Ghostysky<\/title>\n<meta name=\"description\" content=\"The DJI RC Pro 2 is the flagship remote controller designed to elevate the professional aerial filmmaking experience.\" \/>\n<meta name=\"robots\" content=\"index, follow, max-snippet:-1, max-image-preview:large, max-video-preview:-1\" \/>\n<link rel=\"canonical\" href=\"https:\/\/www.ghostysky.com\/fr\/product\/dji-rc-pro-2-2\/\" \/>\n<meta property=\"og:locale\" content=\"fr_FR\" \/>\n<meta property=\"og:type\" content=\"article\" \/>\n<meta property=\"og:title\" content=\"DJI RC Pro 2 - Ghostysky\" \/>\n<meta property=\"og:description\" content=\"The DJI RC Pro 2 is the flagship remote controller designed to elevate the professional aerial filmmaking experience.\" \/>\n<meta property=\"og:url\" content=\"https:\/\/www.ghostysky.com\/fr\/product\/dji-rc-pro-2-2\/\" \/>\n<meta property=\"og:site_name\" content=\"Ghostysky\" \/>\n<meta property=\"article:publisher\" content=\"https:\/\/www.facebook.com\/people\/Ghostysky\/100057676170234\/\" \/>\n<meta property=\"article:modified_time\" content=\"2025-10-22T15:39:26+00:00\" \/>\n<meta property=\"og:image\" content=\"https:\/\/www.ghostysky.com\/wp-content\/uploads\/2025\/10\/GH_DJI-RC-Pro-2_1.jpg\" \/>\n\t<meta property=\"og:image:width\" content=\"800\" \/>\n\t<meta property=\"og:image:height\" content=\"800\" \/>\n\t<meta property=\"og:image:type\" content=\"image\/jpeg\" \/>\n<meta name=\"twitter:card\" content=\"summary_large_image\" \/>\n<meta name=\"twitter:site\" content=\"@Gh0stysky\" \/>\n<meta name=\"twitter:label1\" content=\"Dur\u00e9e de lecture estim\u00e9e\" \/>\n\t<meta name=\"twitter:data1\" content=\"2 minutes\" \/>\n<script type=\"application\/ld+json\" class=\"yoast-schema-graph\">{\"@context\":\"https:\/\/schema.org\",\"@graph\":[{\"@type\":\"WebPage\",\"@id\":\"https:\/\/www.ghostysky.com\/product\/dji-rc-pro-2-2\/\",\"url\":\"https:\/\/www.ghostysky.com\/product\/dji-rc-pro-2-2\/\",\"name\":\"DJI RC Pro 2 - Ghostysky\",\"isPartOf\":{\"@id\":\"https:\/\/www.ghostysky.com\/#website\"},\"primaryImageOfPage\":{\"@id\":\"https:\/\/www.ghostysky.com\/product\/dji-rc-pro-2-2\/#primaryimage\"},\"image\":{\"@id\":\"https:\/\/www.ghostysky.com\/product\/dji-rc-pro-2-2\/#primaryimage\"},\"thumbnailUrl\":\"https:\/\/www.ghostysky.com\/wp-content\/uploads\/2025\/10\/GH_DJI-RC-Pro-2_1.jpg\",\"datePublished\":\"2025-10-22T15:37:16+00:00\",\"dateModified\":\"2025-10-22T15:39:26+00:00\",\"description\":\"The DJI RC Pro 2 is the flagship remote controller designed to elevate the professional aerial filmmaking experience.\",\"breadcrumb\":{\"@id\":\"https:\/\/www.ghostysky.com\/product\/dji-rc-pro-2-2\/#breadcrumb\"},\"inLanguage\":\"fr-FR\",\"potentialAction\":[{\"@type\":\"ReadAction\",\"target\":[\"https:\/\/www.ghostysky.com\/product\/dji-rc-pro-2-2\/\"]}]},{\"@type\":\"ImageObject\",\"inLanguage\":\"fr-FR\",\"@id\":\"https:\/\/www.ghostysky.com\/product\/dji-rc-pro-2-2\/#primaryimage\",\"url\":\"https:\/\/www.ghostysky.com\/wp-content\/uploads\/2025\/10\/GH_DJI-RC-Pro-2_1.jpg\",\"contentUrl\":\"https:\/\/www.ghostysky.com\/wp-content\/uploads\/2025\/10\/GH_DJI-RC-Pro-2_1.jpg\",\"width\":800,\"height\":800},{\"@type\":\"BreadcrumbList\",\"@id\":\"https:\/\/www.ghostysky.com\/product\/dji-rc-pro-2-2\/#breadcrumb\",\"itemListElement\":[{\"@type\":\"ListItem\",\"position\":1,\"name\":\"Home\",\"item\":\"https:\/\/www.ghostysky.com\/\"},{\"@type\":\"ListItem\",\"position\":2,\"name\":\"Shop\",\"item\":\"https:\/\/www.ghostysky.com\/shop\/\"},{\"@type\":\"ListItem\",\"position\":3,\"name\":\"DJI RC Pro 2\"}]},{\"@type\":\"WebSite\",\"@id\":\"https:\/\/www.ghostysky.com\/#website\",\"url\":\"https:\/\/www.ghostysky.com\/\",\"name\":\"Ghostysky\",\"description\":\"Delivering professional drones and services\",\"publisher\":{\"@id\":\"https:\/\/www.ghostysky.com\/#organization\"},\"potentialAction\":[{\"@type\":\"SearchAction\",\"target\":{\"@type\":\"EntryPoint\",\"urlTemplate\":\"https:\/\/www.ghostysky.com\/?s={search_term_string}\"},\"query-input\":{\"@type\":\"PropertyValueSpecification\",\"valueRequired\":true,\"valueName\":\"search_term_string\"}}],\"inLanguage\":\"fr-FR\"},{\"@type\":\"Organization\",\"@id\":\"https:\/\/www.ghostysky.com\/#organization\",\"name\":\"Ghostysky\",\"url\":\"https:\/\/www.ghostysky.com\/\",\"logo\":{\"@type\":\"ImageObject\",\"inLanguage\":\"fr-FR\",\"@id\":\"https:\/\/www.ghostysky.com\/#\/schema\/logo\/image\/\",\"url\":\"https:\/\/www.ghostysky.com\/wp-content\/uploads\/2020\/06\/cropped-ghostyskylogo_text_white2.png\",\"contentUrl\":\"https:\/\/www.ghostysky.com\/wp-content\/uploads\/2020\/06\/cropped-ghostyskylogo_text_white2.png\",\"width\":169,\"height\":56,\"caption\":\"Ghostysky\"},\"image\":{\"@id\":\"https:\/\/www.ghostysky.com\/#\/schema\/logo\/image\/\"},\"sameAs\":[\"https:\/\/www.facebook.com\/people\/Ghostysky\/100057676170234\/\",\"https:\/\/x.com\/Gh0stysky\",\"https:\/\/www.linkedin.com\/company\/34739653\",\"https:\/\/www.instagram.com\/gh0stysky\"]}]}<\/script>\n<!-- \/ Yoast SEO plugin. -->","yoast_head_json":{"title":"DJI RC Pro 2 - Ghostysky","description":"La DJI RC Pro 2 est la t\u00e9l\u00e9commande phare con\u00e7ue pour am\u00e9liorer l&#039;exp\u00e9rience de r\u00e9alisation de films a\u00e9riens professionnels.","robots":{"index":"index","follow":"follow","max-snippet":"max-snippet:-1","max-image-preview":"max-image-preview:large","max-video-preview":"max-video-preview:-1"},"canonical":"https:\/\/www.ghostysky.com\/fr\/product\/dji-rc-pro-2-2\/","og_locale":"fr_FR","og_type":"article","og_title":"DJI RC Pro 2 - Ghostysky","og_description":"The DJI RC Pro 2 is the flagship remote controller designed to elevate the professional aerial filmmaking experience.","og_url":"https:\/\/www.ghostysky.com\/fr\/product\/dji-rc-pro-2-2\/","og_site_name":"Ghostysky","article_publisher":"https:\/\/www.facebook.com\/people\/Ghostysky\/100057676170234\/","article_modified_time":"2025-10-22T15:39:26+00:00","og_image":[{"width":800,"height":800,"url":"https:\/\/www.ghostysky.com\/wp-content\/uploads\/2025\/10\/GH_DJI-RC-Pro-2_1.jpg","type":"image\/jpeg"}],"twitter_card":"summary_large_image","twitter_site":"@Gh0stysky","twitter_misc":{"Dur\u00e9e de lecture estim\u00e9e":"2 minutes"},"schema":{"@context":"https:\/\/schema.org","@graph":[{"@type":"WebPage","@id":"https:\/\/www.ghostysky.com\/product\/dji-rc-pro-2-2\/","url":"https:\/\/www.ghostysky.com\/product\/dji-rc-pro-2-2\/","name":"DJI RC Pro 2 - Ghostysky","isPartOf":{"@id":"https:\/\/www.ghostysky.com\/#website"},"primaryImageOfPage":{"@id":"https:\/\/www.ghostysky.com\/product\/dji-rc-pro-2-2\/#primaryimage"},"image":{"@id":"https:\/\/www.ghostysky.com\/product\/dji-rc-pro-2-2\/#primaryimage"},"thumbnailUrl":"https:\/\/www.ghostysky.com\/wp-content\/uploads\/2025\/10\/GH_DJI-RC-Pro-2_1.jpg","datePublished":"2025-10-22T15:37:16+00:00","dateModified":"2025-10-22T15:39:26+00:00","description":"La DJI RC Pro 2 est la t\u00e9l\u00e9commande phare con\u00e7ue pour am\u00e9liorer l&#039;exp\u00e9rience de r\u00e9alisation de films a\u00e9riens professionnels.","breadcrumb":{"@id":"https:\/\/www.ghostysky.com\/product\/dji-rc-pro-2-2\/#breadcrumb"},"inLanguage":"fr-FR","potentialAction":[{"@type":"ReadAction","target":["https:\/\/www.ghostysky.com\/product\/dji-rc-pro-2-2\/"]}]},{"@type":"ImageObject","inLanguage":"fr-FR","@id":"https:\/\/www.ghostysky.com\/product\/dji-rc-pro-2-2\/#primaryimage","url":"https:\/\/www.ghostysky.com\/wp-content\/uploads\/2025\/10\/GH_DJI-RC-Pro-2_1.jpg","contentUrl":"https:\/\/www.ghostysky.com\/wp-content\/uploads\/2025\/10\/GH_DJI-RC-Pro-2_1.jpg","width":800,"height":800},{"@type":"BreadcrumbList","@id":"https:\/\/www.ghostysky.com\/product\/dji-rc-pro-2-2\/#breadcrumb","itemListElement":[{"@type":"ListItem","position":1,"name":"Home","item":"https:\/\/www.ghostysky.com\/"},{"@type":"ListItem","position":2,"name":"Shop","item":"https:\/\/www.ghostysky.com\/shop\/"},{"@type":"ListItem","position":3,"name":"DJI RC Pro 2"}]},{"@type":"WebSite","@id":"https:\/\/www.ghostysky.com\/#website","url":"https:\/\/www.ghostysky.com\/","name":"Ghostysky","description":"Livraison de drones et de services professionnels","publisher":{"@id":"https:\/\/www.ghostysky.com\/#organization"},"potentialAction":[{"@type":"SearchAction","target":{"@type":"EntryPoint","urlTemplate":"https:\/\/www.ghostysky.com\/?s={search_term_string}"},"query-input":{"@type":"PropertyValueSpecification","valueRequired":true,"valueName":"search_term_string"}}],"inLanguage":"fr-FR"},{"@type":"Organization","@id":"https:\/\/www.ghostysky.com\/#organization","name":"Ghostysky","url":"https:\/\/www.ghostysky.com\/","logo":{"@type":"ImageObject","inLanguage":"fr-FR","@id":"https:\/\/www.ghostysky.com\/#\/schema\/logo\/image\/","url":"https:\/\/www.ghostysky.com\/wp-content\/uploads\/2020\/06\/cropped-ghostyskylogo_text_white2.png","contentUrl":"https:\/\/www.ghostysky.com\/wp-content\/uploads\/2020\/06\/cropped-ghostyskylogo_text_white2.png","width":169,"height":56,"caption":"Ghostysky"},"image":{"@id":"https:\/\/www.ghostysky.com\/#\/schema\/logo\/image\/"},"sameAs":["https:\/\/www.facebook.com\/people\/Ghostysky\/100057676170234\/","https:\/\/x.com\/Gh0stysky","https:\/\/www.linkedin.com\/company\/34739653","https:\/\/www.instagram.com\/gh0stysky"]}]}},"_links":{"self":[{"href":"https:\/\/www.ghostysky.com\/fr\/wp-json\/wp\/v2\/product\/22243","targetHints":{"allow":["GET"]}}],"collection":[{"href":"https:\/\/www.ghostysky.com\/fr\/wp-json\/wp\/v2\/product"}],"about":[{"href":"https:\/\/www.ghostysky.com\/fr\/wp-json\/wp\/v2\/types\/product"}],"replies":[{"embeddable":true,"href":"https:\/\/www.ghostysky.com\/fr\/wp-json\/wp\/v2\/comments?post=22243"}],"wp:featuredmedia":[{"embeddable":true,"href":"https:\/\/www.ghostysky.com\/fr\/wp-json\/wp\/v2\/media\/22247"}],"wp:attachment":[{"href":"https:\/\/www.ghostysky.com\/fr\/wp-json\/wp\/v2\/media?parent=22243"}],"wp:term":[{"taxonomy":"product_brand","embeddable":true,"href":"https:\/\/www.ghostysky.com\/fr\/wp-json\/wp\/v2\/product_brand?post=22243"},{"taxonomy":"product_cat","embeddable":true,"href":"https:\/\/www.ghostysky.com\/fr\/wp-json\/wp\/v2\/product_cat?post=22243"},{"taxonomy":"product_tag","embeddable":true,"href":"https:\/\/www.ghostysky.com\/fr\/wp-json\/wp\/v2\/product_tag?post=22243"}],"curies":[{"name":"wp","href":"https:\/\/api.w.org\/{rel}","templated":true}]}}