{"id":22261,"date":"2025-10-22T16:40:36","date_gmt":"2025-10-22T16:40:36","guid":{"rendered":"https:\/\/www.ghostysky.com\/?post_type=product&#038;p=22261"},"modified":"2025-10-22T17:02:28","modified_gmt":"2025-10-22T17:02:28","slug":"dji-mavic-4-pro-intelligent-flight-battery","status":"publish","type":"product","link":"https:\/\/www.ghostysky.com\/fr\/product\/dji-mavic-4-pro-intelligent-flight-battery\/","title":{"rendered":"Batterie de vol intelligente DJI Mavic 4 Pro"},"content":{"rendered":"<p><b>Caract\u00e9ristiques principales :<\/b><\/p>\n<ul>\n<li><b><span class=\"citation-249\">Temps de vol exceptionnel :<\/span><\/b><span class=\"citation-249\"> Offre un temps de vol maximal de <\/span><b><span class=\"citation-249\">jusqu&#039;\u00e0 51 minutes<\/span><\/b><span class=\"citation-249 citation-end-249\">* sur une seule charge, vous permettant d&#039;explorer davantage votre environnement et de capturer des s\u00e9quences compl\u00e8tes et ininterrompues.<\/span><\/li>\n<li><b>Puissance haute capacit\u00e9 :<\/b><span class=\"citation-248\"> Dispose d&#039;une capacit\u00e9 robuste de <\/span><b><span class=\"citation-248\">6654 mAh (95,3 Wh)<\/span><\/b><span class=\"citation-248 citation-end-248\">, assurant une alimentation \u00e9nerg\u00e9tique stable et puissante pour les syst\u00e8mes avanc\u00e9s du drone, notamment la cam\u00e9ra \u00e0 triple objectif et la d\u00e9tection d&#039;obstacles \u00e0 360\u00b0.<\/span><\/li>\n<li><b>Gestion intelligente de la batterie :<\/b><span class=\"citation-247 citation-end-247\"> Le syst\u00e8me de surveillance intelligent int\u00e9gr\u00e9 suit l&#039;\u00e9tat de la batterie en temps r\u00e9el, y compris la tension, le courant, la temp\u00e9rature et l&#039;\u00e9quilibre des cellules, offrant une s\u00e9curit\u00e9 accrue et des performances optimales tout au long de votre vol.<\/span><\/li>\n<li><b><span class=\"citation-246\">Prise en charge de la charge rapide\u00a0:<\/span><\/b><span class=\"citation-246 citation-end-246\"> Compatible avec l&#039;\u00e9cosyst\u00e8me DJI pour une recharge rapide :<\/span>\n<ul>\n<li><b><span class=\"math-inline\" data-math=\"\\approx 51\">$\\environ 51$<\/span><span class=\"citation-245\"> minutes<\/span><\/b><span class=\"citation-245 citation-end-245\"> \u00e0 <sup class=\"superscript\" data-turn-source-index=\"7\">7<\/sup><\/span><span class=\"math-inline\" data-math=\"100\\%\">$100\\%$<\/span><span class=\"citation-244 citation-end-244\"> avec l&#039;adaptateur secteur DJI Mavic 240 W.<\/span><\/li>\n<li><b><span class=\"math-inline\" data-math=\"\\approx 80\">$\\environ 80$<\/span><span class=\"citation-243\"> minutes<\/span><\/b><span class=\"citation-243 citation-end-243\"> \u00e0 <sup class=\"superscript\" data-turn-source-index=\"9\">9<\/sup><\/span><span class=\"math-inline\" data-math=\"100\\%\">$100\\%$<\/span><span class=\"citation-242 citation-end-242\"> avec l&#039;adaptateur secteur USB-C DJI 100 W.<\/span><\/li>\n<\/ul>\n<\/li>\n<li><b>Optimis\u00e9 pour Mavic 4 Pro\u00a0:<\/b><span class=\"citation-241 citation-end-241\"> S&#039;int\u00e8gre parfaitement \u00e0 la structure et aux syst\u00e8mes du drone, garantissant s\u00e9curit\u00e9, stabilit\u00e9 et alimentation \u00e9lectrique fiable.<\/span><\/li>\n<li><b><span class=\"citation-240\">Configuration Li-ion 4S :<\/span><\/b><span class=\"citation-240 citation-end-240\"> Utilise des cellules Li-ion (lithium nickel mangan\u00e8se cobalt oxyde) hautes performances pour une dur\u00e9e de vie longue dur\u00e9e et une sortie fiable.<\/span><\/li>\n<\/ul>\n<p>Que vous recherchiez une batterie de rechange pour des prises de vue prolong\u00e9es ou un remplacement fiable, la batterie de vol intelligente DJI Mavic 4 Pro est con\u00e7ue pour garder votre drone en l&#039;air plus longtemps, vous offrant la tranquillit\u00e9 d&#039;esprit n\u00e9cessaire pour vous concentrer sur la cr\u00e9ation de contenu a\u00e9rien \u00e0 couper le souffle.<\/p>","protected":false},"excerpt":{"rendered":"<p><span class=\"citation-251\">Am\u00e9liorez votre exp\u00e9rience a\u00e9rienne et maximisez votre temps de vol avec le <\/span><b><span class=\"citation-251\">Batterie de vol intelligente DJI Mavic 4 Pro<\/span><\/b><span class=\"citation-251 citation-end-251\">.<\/span> <span class=\"citation-250 citation-end-250\">Con\u00e7ue sp\u00e9cifiquement pour le DJI Mavic 4 Pro, cette batterie intelligente haute capacit\u00e9 est la source d&#039;alimentation essentielle pour les professionnels et les passionn\u00e9s qui exigent endurance, fiabilit\u00e9 et performances de pointe.<\/span><\/p>","protected":false},"featured_media":22264,"comment_status":"open","ping_status":"closed","template":"","meta":[],"product_brand":[1031],"product_cat":[37,29,1171,1173],"product_tag":[42,1178,1179],"class_list":{"0":"post-22261","1":"product","2":"type-product","3":"status-publish","4":"has-post-thumbnail","6":"product_brand-dji","7":"product_cat-dji","8":"product_cat-drones","9":"product_cat-mavic-4-pro","10":"product_cat-mavic-4-pro-accessories","11":"product_tag-dji","12":"product_tag-dji-mavic-4-pro","13":"product_tag-dji-mavic-4-pro-accessories","15":"first","16":"onbackorder","17":"taxable","18":"shipping-taxable","19":"purchasable","20":"product-type-simple"},"yoast_head":"<!-- This site is optimized with the Yoast SEO plugin v27.1.1 - https:\/\/yoast.com\/product\/yoast-seo-wordpress\/ -->\n<title>DJI Mavic 4 Pro Intelligent Flight Battery - Ghostysky<\/title>\n<meta name=\"description\" content=\"Elevate your aerial experience and maximize your flight time with the official DJI Mavic 4 Pro Intelligent Flight Battery. Engineered specifically for the DJI Mavic 4 Pro, this high-capacity, smart battery is the essential power source for professionals and enthusiasts who demand endurance, reliability, and peak performance.\" \/>\n<meta name=\"robots\" content=\"index, follow, max-snippet:-1, max-image-preview:large, max-video-preview:-1\" \/>\n<link rel=\"canonical\" href=\"https:\/\/www.ghostysky.com\/fr\/product\/dji-mavic-4-pro-intelligent-flight-battery\/\" \/>\n<meta property=\"og:locale\" content=\"fr_FR\" \/>\n<meta property=\"og:type\" content=\"article\" \/>\n<meta property=\"og:title\" content=\"DJI Mavic 4 Pro Intelligent Flight Battery - Ghostysky\" \/>\n<meta property=\"og:description\" content=\"Elevate your aerial experience and maximize your flight time with the official DJI Mavic 4 Pro Intelligent Flight Battery. Engineered specifically for the DJI Mavic 4 Pro, this high-capacity, smart battery is the essential power source for professionals and enthusiasts who demand endurance, reliability, and peak performance.\" \/>\n<meta property=\"og:url\" content=\"https:\/\/www.ghostysky.com\/fr\/product\/dji-mavic-4-pro-intelligent-flight-battery\/\" \/>\n<meta property=\"og:site_name\" content=\"Ghostysky\" \/>\n<meta property=\"article:publisher\" content=\"https:\/\/www.facebook.com\/people\/Ghostysky\/100057676170234\/\" \/>\n<meta property=\"article:modified_time\" content=\"2025-10-22T17:02:28+00:00\" \/>\n<meta property=\"og:image\" content=\"https:\/\/www.ghostysky.com\/wp-content\/uploads\/2025\/10\/GH_DJI-Mavic-4-Pro-Intelligent-Flight-Battery_1.jpg\" \/>\n\t<meta property=\"og:image:width\" content=\"800\" \/>\n\t<meta property=\"og:image:height\" content=\"800\" \/>\n\t<meta property=\"og:image:type\" content=\"image\/jpeg\" \/>\n<meta name=\"twitter:card\" content=\"summary_large_image\" \/>\n<meta name=\"twitter:site\" content=\"@Gh0stysky\" \/>\n<meta name=\"twitter:label1\" content=\"Dur\u00e9e de lecture estim\u00e9e\" \/>\n\t<meta name=\"twitter:data1\" content=\"2 minutes\" \/>\n<script type=\"application\/ld+json\" class=\"yoast-schema-graph\">{\"@context\":\"https:\/\/schema.org\",\"@graph\":[{\"@type\":\"WebPage\",\"@id\":\"https:\/\/www.ghostysky.com\/product\/dji-mavic-4-pro-intelligent-flight-battery\/\",\"url\":\"https:\/\/www.ghostysky.com\/product\/dji-mavic-4-pro-intelligent-flight-battery\/\",\"name\":\"DJI Mavic 4 Pro Intelligent Flight Battery - Ghostysky\",\"isPartOf\":{\"@id\":\"https:\/\/www.ghostysky.com\/#website\"},\"primaryImageOfPage\":{\"@id\":\"https:\/\/www.ghostysky.com\/product\/dji-mavic-4-pro-intelligent-flight-battery\/#primaryimage\"},\"image\":{\"@id\":\"https:\/\/www.ghostysky.com\/product\/dji-mavic-4-pro-intelligent-flight-battery\/#primaryimage\"},\"thumbnailUrl\":\"https:\/\/www.ghostysky.com\/wp-content\/uploads\/2025\/10\/GH_DJI-Mavic-4-Pro-Intelligent-Flight-Battery_1.jpg\",\"datePublished\":\"2025-10-22T16:40:36+00:00\",\"dateModified\":\"2025-10-22T17:02:28+00:00\",\"description\":\"Elevate your aerial experience and maximize your flight time with the official DJI Mavic 4 Pro Intelligent Flight Battery. Engineered specifically for the DJI Mavic 4 Pro, this high-capacity, smart battery is the essential power source for professionals and enthusiasts who demand endurance, reliability, and peak performance.\",\"breadcrumb\":{\"@id\":\"https:\/\/www.ghostysky.com\/product\/dji-mavic-4-pro-intelligent-flight-battery\/#breadcrumb\"},\"inLanguage\":\"fr-FR\",\"potentialAction\":[{\"@type\":\"ReadAction\",\"target\":[\"https:\/\/www.ghostysky.com\/product\/dji-mavic-4-pro-intelligent-flight-battery\/\"]}]},{\"@type\":\"ImageObject\",\"inLanguage\":\"fr-FR\",\"@id\":\"https:\/\/www.ghostysky.com\/product\/dji-mavic-4-pro-intelligent-flight-battery\/#primaryimage\",\"url\":\"https:\/\/www.ghostysky.com\/wp-content\/uploads\/2025\/10\/GH_DJI-Mavic-4-Pro-Intelligent-Flight-Battery_1.jpg\",\"contentUrl\":\"https:\/\/www.ghostysky.com\/wp-content\/uploads\/2025\/10\/GH_DJI-Mavic-4-Pro-Intelligent-Flight-Battery_1.jpg\",\"width\":800,\"height\":800},{\"@type\":\"BreadcrumbList\",\"@id\":\"https:\/\/www.ghostysky.com\/product\/dji-mavic-4-pro-intelligent-flight-battery\/#breadcrumb\",\"itemListElement\":[{\"@type\":\"ListItem\",\"position\":1,\"name\":\"Home\",\"item\":\"https:\/\/www.ghostysky.com\/\"},{\"@type\":\"ListItem\",\"position\":2,\"name\":\"Shop\",\"item\":\"https:\/\/www.ghostysky.com\/shop\/\"},{\"@type\":\"ListItem\",\"position\":3,\"name\":\"DJI Mavic 4 Pro Intelligent Flight Battery\"}]},{\"@type\":\"WebSite\",\"@id\":\"https:\/\/www.ghostysky.com\/#website\",\"url\":\"https:\/\/www.ghostysky.com\/\",\"name\":\"Ghostysky\",\"description\":\"Delivering professional drones and services\",\"publisher\":{\"@id\":\"https:\/\/www.ghostysky.com\/#organization\"},\"potentialAction\":[{\"@type\":\"SearchAction\",\"target\":{\"@type\":\"EntryPoint\",\"urlTemplate\":\"https:\/\/www.ghostysky.com\/?s={search_term_string}\"},\"query-input\":{\"@type\":\"PropertyValueSpecification\",\"valueRequired\":true,\"valueName\":\"search_term_string\"}}],\"inLanguage\":\"fr-FR\"},{\"@type\":\"Organization\",\"@id\":\"https:\/\/www.ghostysky.com\/#organization\",\"name\":\"Ghostysky\",\"url\":\"https:\/\/www.ghostysky.com\/\",\"logo\":{\"@type\":\"ImageObject\",\"inLanguage\":\"fr-FR\",\"@id\":\"https:\/\/www.ghostysky.com\/#\/schema\/logo\/image\/\",\"url\":\"https:\/\/www.ghostysky.com\/wp-content\/uploads\/2020\/06\/cropped-ghostyskylogo_text_white2.png\",\"contentUrl\":\"https:\/\/www.ghostysky.com\/wp-content\/uploads\/2020\/06\/cropped-ghostyskylogo_text_white2.png\",\"width\":169,\"height\":56,\"caption\":\"Ghostysky\"},\"image\":{\"@id\":\"https:\/\/www.ghostysky.com\/#\/schema\/logo\/image\/\"},\"sameAs\":[\"https:\/\/www.facebook.com\/people\/Ghostysky\/100057676170234\/\",\"https:\/\/x.com\/Gh0stysky\",\"https:\/\/www.linkedin.com\/company\/34739653\",\"https:\/\/www.instagram.com\/gh0stysky\"]}]}<\/script>\n<!-- \/ Yoast SEO plugin. -->","yoast_head_json":{"title":"Batterie de vol intelligente pour DJI Mavic 4 Pro - Ghostysky","description":"Am\u00e9liorez votre exp\u00e9rience a\u00e9rienne et optimisez votre temps de vol gr\u00e2ce \u00e0 la batterie de vol intelligente officielle pour DJI Mavic 4 Pro. Con\u00e7ue sp\u00e9cifiquement pour le DJI Mavic 4 Pro, cette batterie intelligente haute capacit\u00e9 est la source d&#039;\u00e9nergie essentielle pour les professionnels et les passionn\u00e9s qui exigent endurance, fiabilit\u00e9 et performances optimales.","robots":{"index":"index","follow":"follow","max-snippet":"max-snippet:-1","max-image-preview":"max-image-preview:large","max-video-preview":"max-video-preview:-1"},"canonical":"https:\/\/www.ghostysky.com\/fr\/product\/dji-mavic-4-pro-intelligent-flight-battery\/","og_locale":"fr_FR","og_type":"article","og_title":"DJI Mavic 4 Pro Intelligent Flight Battery - Ghostysky","og_description":"Elevate your aerial experience and maximize your flight time with the official DJI Mavic 4 Pro Intelligent Flight Battery. Engineered specifically for the DJI Mavic 4 Pro, this high-capacity, smart battery is the essential power source for professionals and enthusiasts who demand endurance, reliability, and peak performance.","og_url":"https:\/\/www.ghostysky.com\/fr\/product\/dji-mavic-4-pro-intelligent-flight-battery\/","og_site_name":"Ghostysky","article_publisher":"https:\/\/www.facebook.com\/people\/Ghostysky\/100057676170234\/","article_modified_time":"2025-10-22T17:02:28+00:00","og_image":[{"width":800,"height":800,"url":"https:\/\/www.ghostysky.com\/wp-content\/uploads\/2025\/10\/GH_DJI-Mavic-4-Pro-Intelligent-Flight-Battery_1.jpg","type":"image\/jpeg"}],"twitter_card":"summary_large_image","twitter_site":"@Gh0stysky","twitter_misc":{"Dur\u00e9e de lecture estim\u00e9e":"2 minutes"},"schema":{"@context":"https:\/\/schema.org","@graph":[{"@type":"WebPage","@id":"https:\/\/www.ghostysky.com\/product\/dji-mavic-4-pro-intelligent-flight-battery\/","url":"https:\/\/www.ghostysky.com\/product\/dji-mavic-4-pro-intelligent-flight-battery\/","name":"Batterie de vol intelligente pour DJI Mavic 4 Pro - Ghostysky","isPartOf":{"@id":"https:\/\/www.ghostysky.com\/#website"},"primaryImageOfPage":{"@id":"https:\/\/www.ghostysky.com\/product\/dji-mavic-4-pro-intelligent-flight-battery\/#primaryimage"},"image":{"@id":"https:\/\/www.ghostysky.com\/product\/dji-mavic-4-pro-intelligent-flight-battery\/#primaryimage"},"thumbnailUrl":"https:\/\/www.ghostysky.com\/wp-content\/uploads\/2025\/10\/GH_DJI-Mavic-4-Pro-Intelligent-Flight-Battery_1.jpg","datePublished":"2025-10-22T16:40:36+00:00","dateModified":"2025-10-22T17:02:28+00:00","description":"Am\u00e9liorez votre exp\u00e9rience a\u00e9rienne et optimisez votre temps de vol gr\u00e2ce \u00e0 la batterie de vol intelligente officielle pour DJI Mavic 4 Pro. Con\u00e7ue sp\u00e9cifiquement pour le DJI Mavic 4 Pro, cette batterie intelligente haute capacit\u00e9 est la source d&#039;\u00e9nergie essentielle pour les professionnels et les passionn\u00e9s qui exigent endurance, fiabilit\u00e9 et performances optimales.","breadcrumb":{"@id":"https:\/\/www.ghostysky.com\/product\/dji-mavic-4-pro-intelligent-flight-battery\/#breadcrumb"},"inLanguage":"fr-FR","potentialAction":[{"@type":"ReadAction","target":["https:\/\/www.ghostysky.com\/product\/dji-mavic-4-pro-intelligent-flight-battery\/"]}]},{"@type":"ImageObject","inLanguage":"fr-FR","@id":"https:\/\/www.ghostysky.com\/product\/dji-mavic-4-pro-intelligent-flight-battery\/#primaryimage","url":"https:\/\/www.ghostysky.com\/wp-content\/uploads\/2025\/10\/GH_DJI-Mavic-4-Pro-Intelligent-Flight-Battery_1.jpg","contentUrl":"https:\/\/www.ghostysky.com\/wp-content\/uploads\/2025\/10\/GH_DJI-Mavic-4-Pro-Intelligent-Flight-Battery_1.jpg","width":800,"height":800},{"@type":"BreadcrumbList","@id":"https:\/\/www.ghostysky.com\/product\/dji-mavic-4-pro-intelligent-flight-battery\/#breadcrumb","itemListElement":[{"@type":"ListItem","position":1,"name":"Home","item":"https:\/\/www.ghostysky.com\/"},{"@type":"ListItem","position":2,"name":"Shop","item":"https:\/\/www.ghostysky.com\/shop\/"},{"@type":"ListItem","position":3,"name":"DJI Mavic 4 Pro Intelligent Flight Battery"}]},{"@type":"WebSite","@id":"https:\/\/www.ghostysky.com\/#website","url":"https:\/\/www.ghostysky.com\/","name":"Ghostysky","description":"Livraison de drones et de services professionnels","publisher":{"@id":"https:\/\/www.ghostysky.com\/#organization"},"potentialAction":[{"@type":"SearchAction","target":{"@type":"EntryPoint","urlTemplate":"https:\/\/www.ghostysky.com\/?s={search_term_string}"},"query-input":{"@type":"PropertyValueSpecification","valueRequired":true,"valueName":"search_term_string"}}],"inLanguage":"fr-FR"},{"@type":"Organization","@id":"https:\/\/www.ghostysky.com\/#organization","name":"Ghostysky","url":"https:\/\/www.ghostysky.com\/","logo":{"@type":"ImageObject","inLanguage":"fr-FR","@id":"https:\/\/www.ghostysky.com\/#\/schema\/logo\/image\/","url":"https:\/\/www.ghostysky.com\/wp-content\/uploads\/2020\/06\/cropped-ghostyskylogo_text_white2.png","contentUrl":"https:\/\/www.ghostysky.com\/wp-content\/uploads\/2020\/06\/cropped-ghostyskylogo_text_white2.png","width":169,"height":56,"caption":"Ghostysky"},"image":{"@id":"https:\/\/www.ghostysky.com\/#\/schema\/logo\/image\/"},"sameAs":["https:\/\/www.facebook.com\/people\/Ghostysky\/100057676170234\/","https:\/\/x.com\/Gh0stysky","https:\/\/www.linkedin.com\/company\/34739653","https:\/\/www.instagram.com\/gh0stysky"]}]}},"_links":{"self":[{"href":"https:\/\/www.ghostysky.com\/fr\/wp-json\/wp\/v2\/product\/22261","targetHints":{"allow":["GET"]}}],"collection":[{"href":"https:\/\/www.ghostysky.com\/fr\/wp-json\/wp\/v2\/product"}],"about":[{"href":"https:\/\/www.ghostysky.com\/fr\/wp-json\/wp\/v2\/types\/product"}],"replies":[{"embeddable":true,"href":"https:\/\/www.ghostysky.com\/fr\/wp-json\/wp\/v2\/comments?post=22261"}],"wp:featuredmedia":[{"embeddable":true,"href":"https:\/\/www.ghostysky.com\/fr\/wp-json\/wp\/v2\/media\/22264"}],"wp:attachment":[{"href":"https:\/\/www.ghostysky.com\/fr\/wp-json\/wp\/v2\/media?parent=22261"}],"wp:term":[{"taxonomy":"product_brand","embeddable":true,"href":"https:\/\/www.ghostysky.com\/fr\/wp-json\/wp\/v2\/product_brand?post=22261"},{"taxonomy":"product_cat","embeddable":true,"href":"https:\/\/www.ghostysky.com\/fr\/wp-json\/wp\/v2\/product_cat?post=22261"},{"taxonomy":"product_tag","embeddable":true,"href":"https:\/\/www.ghostysky.com\/fr\/wp-json\/wp\/v2\/product_tag?post=22261"}],"curies":[{"name":"wp","href":"https:\/\/api.w.org\/{rel}","templated":true}]}}