{"id":22265,"date":"2025-10-22T16:43:37","date_gmt":"2025-10-22T16:43:37","guid":{"rendered":"https:\/\/www.ghostysky.com\/?post_type=product&#038;p=22265"},"modified":"2025-10-22T16:52:19","modified_gmt":"2025-10-22T16:52:19","slug":"dji-240w-power-adapter-mavic-4-pro","status":"publish","type":"product","link":"https:\/\/www.ghostysky.com\/fr\/product\/dji-240w-power-adapter-mavic-4-pro\/","title":{"rendered":"Adaptateur secteur DJI 240 W (Mavic 4 Pro)"},"content":{"rendered":"<h4>Principales caract\u00e9ristiques et sp\u00e9cifications<\/h4>\n<ul>\n<li><b>Charge rapide :<\/b><span class=\"citation-273\"> Prend en charge une puissance totale allant jusqu&#039;\u00e0 240 W pour r\u00e9duire consid\u00e9rablement les temps d&#039;arr\u00eat, vous permettant de recharger une seule batterie Mavic 4 Pro en environ <\/span><b><span class=\"citation-273\">51 minutes<\/span><\/b><span class=\"citation-273 citation-end-273\">.<\/span><\/li>\n<li><b>Ports de charge doubles\u00a0:<\/b>\n<ul>\n<li><b>Port Mini SDC :<\/b><span class=\"citation-272\"> Dispose d&#039;un mini c\u00e2ble de charge SDC int\u00e9gr\u00e9 pour une compatibilit\u00e9 directe avec le <\/span><b><span class=\"citation-272\">Station de charge parall\u00e8le DJI Mavic 4 Pro<\/span><\/b><span class=\"citation-272 citation-end-272\"> (n\u00e9cessaire pour charger les batteries de vol).<\/span> <span class=\"citation-271 citation-end-271\">Cela garantit \u00e9galement la compatibilit\u00e9 avec l&#039;\u00e9cosyst\u00e8me DJI Power Series.<\/span><\/li>\n<li><b><span class=\"citation-270\">Port USB-C\u00a0:<\/span><\/b><span class=\"citation-270 citation-end-270\"> Fournit un deuxi\u00e8me port de sortie pour charger la t\u00e9l\u00e9commande ou d&#039;autres appareils mobiles prenant en charge le protocole Power Delivery (PD).<\/span> <span class=\"citation-269\">Le port USB-C peut fournir jusqu&#039;\u00e0 <\/span><b><span class=\"citation-269\">65 W<\/span><\/b><span class=\"citation-269 citation-end-269\"> seul (limit\u00e9 \u00e0 45 W lorsque les deux ports sont utilis\u00e9s).<\/span><\/li>\n<\/ul>\n<\/li>\n<li><b>Performances de charge (avec concentrateur de charge parall\u00e8le)\u00a0:<\/b>\n<ul>\n<li><span class=\"citation-268\">Chargement d&#039;une batterie : environ <\/span><b><span class=\"citation-268\">51 minutes<\/span><\/b><span class=\"citation-268 citation-end-268\">.<\/span><\/li>\n<li><span class=\"citation-267\">Chargement de 3 batteries : environ <\/span><b><span class=\"citation-267\">90 minutes<\/span><\/b><span class=\"citation-267\"> (avec entr\u00e9e 200V \u00e0 240V) ou <\/span><b><span class=\"citation-267\">110 minutes<\/span><\/b><span class=\"citation-267 citation-end-267\"> (avec entr\u00e9e 100V \u00e0 127V).<\/span>\n<div class=\"source-inline-chip-container ng-star-inserted\"><\/div>\n<\/li>\n<\/ul>\n<\/li>\n<li><b>Compatibilit\u00e9 mondiale :<\/b><span class=\"citation-266\"> Prend en charge une plage de tension d&#039;entr\u00e9e de <\/span><b><span class=\"citation-266\">100-240 V CA<\/span><\/b><span class=\"citation-266 citation-end-266\">, 50-60 Hz, ce qui le rend adapt\u00e9 aux voyages internationaux (les sp\u00e9cifications de la prise peuvent varier selon la r\u00e9gion).<\/span><\/li>\n<li><b><span class=\"citation-265\">Conception:<\/span><\/b><span class=\"citation-265 citation-end-265\"> Pr\u00e9sente une conception compacte pour une portabilit\u00e9 facile, r\u00e9duisant la charge globale de l&#039;\u00e9quipement pour les utilisateurs de drones.<\/span><\/li>\n<\/ul>\n<p><span class=\"citation-264 citation-end-264\">Cet adaptateur est g\u00e9n\u00e9ralement inclus avec le DJI Mavic 4 Pro Creator Combo, mais peut \u00eatre achet\u00e9 s\u00e9par\u00e9ment.<\/span><\/p>","protected":false},"excerpt":{"rendered":"<p><span class=\"citation-275\">Le <\/span><b><span class=\"citation-275\">Adaptateur secteur DJI 240 W (Mavic 4 Pro)<\/span><\/b><span class=\"citation-275 citation-end-275\"> est une solution de charge haute vitesse con\u00e7ue pour l&#039;\u00e9cosyst\u00e8me DJI Mavic 4 Pro.<\/span> <span class=\"citation-274\">Cet adaptateur compact et polyvalent prend en charge une puissance de sortie totale allant jusqu&#039;\u00e0 <\/span><b><span class=\"citation-274\">240 W<\/span><\/b><span class=\"citation-274\">, vous permettant de charger rapidement la batterie de votre drone <\/span><b><span class=\"citation-274\">Batterie de vol intelligente<\/span><\/b><span class=\"citation-274\"> et <\/span><b><span class=\"citation-274\">t\u00e9l\u00e9commande simultan\u00e9ment<\/span><\/b><span class=\"citation-274 citation-end-274\">.<\/span><\/p>\n<div class=\"source-inline-chip-container ng-star-inserted\"><\/div>\n<div class=\"source-inline-chip-container ng-star-inserted\"><\/div>","protected":false},"featured_media":22267,"comment_status":"open","ping_status":"closed","template":"","meta":[],"product_brand":[1031],"product_cat":[37,29,1171,1173],"product_tag":[42,1178,1179],"class_list":{"0":"post-22265","1":"product","2":"type-product","3":"status-publish","4":"has-post-thumbnail","6":"product_brand-dji","7":"product_cat-dji","8":"product_cat-drones","9":"product_cat-mavic-4-pro","10":"product_cat-mavic-4-pro-accessories","11":"product_tag-dji","12":"product_tag-dji-mavic-4-pro","13":"product_tag-dji-mavic-4-pro-accessories","15":"first","16":"onbackorder","17":"taxable","18":"shipping-taxable","19":"purchasable","20":"product-type-simple"},"yoast_head":"<!-- This site is optimized with the Yoast SEO plugin v27.1.1 - https:\/\/yoast.com\/product\/yoast-seo-wordpress\/ -->\n<title>DJI 240W Power Adapter (Mavic 4 Pro) - Ghostysky<\/title>\n<meta name=\"description\" content=\"The DJI 240W Power Adapter (Mavic 4 Pro) is a high-speed charging solution designed for the DJI Mavic 4 Pro ecosystem. This compact and versatile adapter supports a total power output of up to 240W, enabling you to fast charge your drone&#039;s Intelligent Flight Battery and remote controller simultaneously.\" \/>\n<meta name=\"robots\" content=\"index, follow, max-snippet:-1, max-image-preview:large, max-video-preview:-1\" \/>\n<link rel=\"canonical\" href=\"https:\/\/www.ghostysky.com\/fr\/product\/dji-240w-power-adapter-mavic-4-pro\/\" \/>\n<meta property=\"og:locale\" content=\"fr_FR\" \/>\n<meta property=\"og:type\" content=\"article\" \/>\n<meta property=\"og:title\" content=\"DJI 240W Power Adapter (Mavic 4 Pro) - Ghostysky\" \/>\n<meta property=\"og:description\" content=\"The DJI 240W Power Adapter (Mavic 4 Pro) is a high-speed charging solution designed for the DJI Mavic 4 Pro ecosystem. This compact and versatile adapter supports a total power output of up to 240W, enabling you to fast charge your drone&#039;s Intelligent Flight Battery and remote controller simultaneously.\" \/>\n<meta property=\"og:url\" content=\"https:\/\/www.ghostysky.com\/fr\/product\/dji-240w-power-adapter-mavic-4-pro\/\" \/>\n<meta property=\"og:site_name\" content=\"Ghostysky\" \/>\n<meta property=\"article:publisher\" content=\"https:\/\/www.facebook.com\/people\/Ghostysky\/100057676170234\/\" \/>\n<meta property=\"article:modified_time\" content=\"2025-10-22T16:52:19+00:00\" \/>\n<meta property=\"og:image\" content=\"https:\/\/www.ghostysky.com\/wp-content\/uploads\/2025\/10\/GH_DJI-240W-Power-Adapter-Mavic-4-Pro_1.jpg\" \/>\n\t<meta property=\"og:image:width\" content=\"800\" \/>\n\t<meta property=\"og:image:height\" content=\"800\" \/>\n\t<meta property=\"og:image:type\" content=\"image\/jpeg\" \/>\n<meta name=\"twitter:card\" content=\"summary_large_image\" \/>\n<meta name=\"twitter:site\" content=\"@Gh0stysky\" \/>\n<meta name=\"twitter:label1\" content=\"Dur\u00e9e de lecture estim\u00e9e\" \/>\n\t<meta name=\"twitter:data1\" content=\"2 minutes\" \/>\n<script type=\"application\/ld+json\" class=\"yoast-schema-graph\">{\"@context\":\"https:\/\/schema.org\",\"@graph\":[{\"@type\":\"WebPage\",\"@id\":\"https:\/\/www.ghostysky.com\/product\/dji-240w-power-adapter-mavic-4-pro\/\",\"url\":\"https:\/\/www.ghostysky.com\/product\/dji-240w-power-adapter-mavic-4-pro\/\",\"name\":\"DJI 240W Power Adapter (Mavic 4 Pro) - Ghostysky\",\"isPartOf\":{\"@id\":\"https:\/\/www.ghostysky.com\/#website\"},\"primaryImageOfPage\":{\"@id\":\"https:\/\/www.ghostysky.com\/product\/dji-240w-power-adapter-mavic-4-pro\/#primaryimage\"},\"image\":{\"@id\":\"https:\/\/www.ghostysky.com\/product\/dji-240w-power-adapter-mavic-4-pro\/#primaryimage\"},\"thumbnailUrl\":\"https:\/\/www.ghostysky.com\/wp-content\/uploads\/2025\/10\/GH_DJI-240W-Power-Adapter-Mavic-4-Pro_1.jpg\",\"datePublished\":\"2025-10-22T16:43:37+00:00\",\"dateModified\":\"2025-10-22T16:52:19+00:00\",\"description\":\"The DJI 240W Power Adapter (Mavic 4 Pro) is a high-speed charging solution designed for the DJI Mavic 4 Pro ecosystem. This compact and versatile adapter supports a total power output of up to 240W, enabling you to fast charge your drone's Intelligent Flight Battery and remote controller simultaneously.\",\"breadcrumb\":{\"@id\":\"https:\/\/www.ghostysky.com\/product\/dji-240w-power-adapter-mavic-4-pro\/#breadcrumb\"},\"inLanguage\":\"fr-FR\",\"potentialAction\":[{\"@type\":\"ReadAction\",\"target\":[\"https:\/\/www.ghostysky.com\/product\/dji-240w-power-adapter-mavic-4-pro\/\"]}]},{\"@type\":\"ImageObject\",\"inLanguage\":\"fr-FR\",\"@id\":\"https:\/\/www.ghostysky.com\/product\/dji-240w-power-adapter-mavic-4-pro\/#primaryimage\",\"url\":\"https:\/\/www.ghostysky.com\/wp-content\/uploads\/2025\/10\/GH_DJI-240W-Power-Adapter-Mavic-4-Pro_1.jpg\",\"contentUrl\":\"https:\/\/www.ghostysky.com\/wp-content\/uploads\/2025\/10\/GH_DJI-240W-Power-Adapter-Mavic-4-Pro_1.jpg\",\"width\":800,\"height\":800},{\"@type\":\"BreadcrumbList\",\"@id\":\"https:\/\/www.ghostysky.com\/product\/dji-240w-power-adapter-mavic-4-pro\/#breadcrumb\",\"itemListElement\":[{\"@type\":\"ListItem\",\"position\":1,\"name\":\"Home\",\"item\":\"https:\/\/www.ghostysky.com\/\"},{\"@type\":\"ListItem\",\"position\":2,\"name\":\"Shop\",\"item\":\"https:\/\/www.ghostysky.com\/shop\/\"},{\"@type\":\"ListItem\",\"position\":3,\"name\":\"DJI 240W Power Adapter (Mavic 4 Pro)\"}]},{\"@type\":\"WebSite\",\"@id\":\"https:\/\/www.ghostysky.com\/#website\",\"url\":\"https:\/\/www.ghostysky.com\/\",\"name\":\"Ghostysky\",\"description\":\"Delivering professional drones and services\",\"publisher\":{\"@id\":\"https:\/\/www.ghostysky.com\/#organization\"},\"potentialAction\":[{\"@type\":\"SearchAction\",\"target\":{\"@type\":\"EntryPoint\",\"urlTemplate\":\"https:\/\/www.ghostysky.com\/?s={search_term_string}\"},\"query-input\":{\"@type\":\"PropertyValueSpecification\",\"valueRequired\":true,\"valueName\":\"search_term_string\"}}],\"inLanguage\":\"fr-FR\"},{\"@type\":\"Organization\",\"@id\":\"https:\/\/www.ghostysky.com\/#organization\",\"name\":\"Ghostysky\",\"url\":\"https:\/\/www.ghostysky.com\/\",\"logo\":{\"@type\":\"ImageObject\",\"inLanguage\":\"fr-FR\",\"@id\":\"https:\/\/www.ghostysky.com\/#\/schema\/logo\/image\/\",\"url\":\"https:\/\/www.ghostysky.com\/wp-content\/uploads\/2020\/06\/cropped-ghostyskylogo_text_white2.png\",\"contentUrl\":\"https:\/\/www.ghostysky.com\/wp-content\/uploads\/2020\/06\/cropped-ghostyskylogo_text_white2.png\",\"width\":169,\"height\":56,\"caption\":\"Ghostysky\"},\"image\":{\"@id\":\"https:\/\/www.ghostysky.com\/#\/schema\/logo\/image\/\"},\"sameAs\":[\"https:\/\/www.facebook.com\/people\/Ghostysky\/100057676170234\/\",\"https:\/\/x.com\/Gh0stysky\",\"https:\/\/www.linkedin.com\/company\/34739653\",\"https:\/\/www.instagram.com\/gh0stysky\"]}]}<\/script>\n<!-- \/ Yoast SEO plugin. -->","yoast_head_json":{"title":"Adaptateur secteur DJI 240 W (Mavic 4 Pro) - Ghostysky","description":"L&#039;adaptateur secteur DJI 240 W (Mavic 4 Pro) est une solution de charge ultra-rapide con\u00e7ue pour l&#039;\u00e9cosyst\u00e8me DJI Mavic 4 Pro. Compact et polyvalent, il offre une puissance totale allant jusqu&#039;\u00e0 240 W, vous permettant de recharger rapidement et simultan\u00e9ment la batterie de vol intelligente et la radiocommande de votre drone.","robots":{"index":"index","follow":"follow","max-snippet":"max-snippet:-1","max-image-preview":"max-image-preview:large","max-video-preview":"max-video-preview:-1"},"canonical":"https:\/\/www.ghostysky.com\/fr\/product\/dji-240w-power-adapter-mavic-4-pro\/","og_locale":"fr_FR","og_type":"article","og_title":"DJI 240W Power Adapter (Mavic 4 Pro) - Ghostysky","og_description":"The DJI 240W Power Adapter (Mavic 4 Pro) is a high-speed charging solution designed for the DJI Mavic 4 Pro ecosystem. This compact and versatile adapter supports a total power output of up to 240W, enabling you to fast charge your drone's Intelligent Flight Battery and remote controller simultaneously.","og_url":"https:\/\/www.ghostysky.com\/fr\/product\/dji-240w-power-adapter-mavic-4-pro\/","og_site_name":"Ghostysky","article_publisher":"https:\/\/www.facebook.com\/people\/Ghostysky\/100057676170234\/","article_modified_time":"2025-10-22T16:52:19+00:00","og_image":[{"width":800,"height":800,"url":"https:\/\/www.ghostysky.com\/wp-content\/uploads\/2025\/10\/GH_DJI-240W-Power-Adapter-Mavic-4-Pro_1.jpg","type":"image\/jpeg"}],"twitter_card":"summary_large_image","twitter_site":"@Gh0stysky","twitter_misc":{"Dur\u00e9e de lecture estim\u00e9e":"2 minutes"},"schema":{"@context":"https:\/\/schema.org","@graph":[{"@type":"WebPage","@id":"https:\/\/www.ghostysky.com\/product\/dji-240w-power-adapter-mavic-4-pro\/","url":"https:\/\/www.ghostysky.com\/product\/dji-240w-power-adapter-mavic-4-pro\/","name":"Adaptateur secteur DJI 240 W (Mavic 4 Pro) - Ghostysky","isPartOf":{"@id":"https:\/\/www.ghostysky.com\/#website"},"primaryImageOfPage":{"@id":"https:\/\/www.ghostysky.com\/product\/dji-240w-power-adapter-mavic-4-pro\/#primaryimage"},"image":{"@id":"https:\/\/www.ghostysky.com\/product\/dji-240w-power-adapter-mavic-4-pro\/#primaryimage"},"thumbnailUrl":"https:\/\/www.ghostysky.com\/wp-content\/uploads\/2025\/10\/GH_DJI-240W-Power-Adapter-Mavic-4-Pro_1.jpg","datePublished":"2025-10-22T16:43:37+00:00","dateModified":"2025-10-22T16:52:19+00:00","description":"L&#039;adaptateur secteur DJI 240 W (Mavic 4 Pro) est une solution de charge ultra-rapide con\u00e7ue pour l&#039;\u00e9cosyst\u00e8me DJI Mavic 4 Pro. Compact et polyvalent, il offre une puissance totale allant jusqu&#039;\u00e0 240 W, vous permettant de recharger rapidement et simultan\u00e9ment la batterie de vol intelligente et la radiocommande de votre drone.","breadcrumb":{"@id":"https:\/\/www.ghostysky.com\/product\/dji-240w-power-adapter-mavic-4-pro\/#breadcrumb"},"inLanguage":"fr-FR","potentialAction":[{"@type":"ReadAction","target":["https:\/\/www.ghostysky.com\/product\/dji-240w-power-adapter-mavic-4-pro\/"]}]},{"@type":"ImageObject","inLanguage":"fr-FR","@id":"https:\/\/www.ghostysky.com\/product\/dji-240w-power-adapter-mavic-4-pro\/#primaryimage","url":"https:\/\/www.ghostysky.com\/wp-content\/uploads\/2025\/10\/GH_DJI-240W-Power-Adapter-Mavic-4-Pro_1.jpg","contentUrl":"https:\/\/www.ghostysky.com\/wp-content\/uploads\/2025\/10\/GH_DJI-240W-Power-Adapter-Mavic-4-Pro_1.jpg","width":800,"height":800},{"@type":"BreadcrumbList","@id":"https:\/\/www.ghostysky.com\/product\/dji-240w-power-adapter-mavic-4-pro\/#breadcrumb","itemListElement":[{"@type":"ListItem","position":1,"name":"Home","item":"https:\/\/www.ghostysky.com\/"},{"@type":"ListItem","position":2,"name":"Shop","item":"https:\/\/www.ghostysky.com\/shop\/"},{"@type":"ListItem","position":3,"name":"DJI 240W Power Adapter (Mavic 4 Pro)"}]},{"@type":"WebSite","@id":"https:\/\/www.ghostysky.com\/#website","url":"https:\/\/www.ghostysky.com\/","name":"Ghostysky","description":"Livraison de drones et de services professionnels","publisher":{"@id":"https:\/\/www.ghostysky.com\/#organization"},"potentialAction":[{"@type":"SearchAction","target":{"@type":"EntryPoint","urlTemplate":"https:\/\/www.ghostysky.com\/?s={search_term_string}"},"query-input":{"@type":"PropertyValueSpecification","valueRequired":true,"valueName":"search_term_string"}}],"inLanguage":"fr-FR"},{"@type":"Organization","@id":"https:\/\/www.ghostysky.com\/#organization","name":"Ghostysky","url":"https:\/\/www.ghostysky.com\/","logo":{"@type":"ImageObject","inLanguage":"fr-FR","@id":"https:\/\/www.ghostysky.com\/#\/schema\/logo\/image\/","url":"https:\/\/www.ghostysky.com\/wp-content\/uploads\/2020\/06\/cropped-ghostyskylogo_text_white2.png","contentUrl":"https:\/\/www.ghostysky.com\/wp-content\/uploads\/2020\/06\/cropped-ghostyskylogo_text_white2.png","width":169,"height":56,"caption":"Ghostysky"},"image":{"@id":"https:\/\/www.ghostysky.com\/#\/schema\/logo\/image\/"},"sameAs":["https:\/\/www.facebook.com\/people\/Ghostysky\/100057676170234\/","https:\/\/x.com\/Gh0stysky","https:\/\/www.linkedin.com\/company\/34739653","https:\/\/www.instagram.com\/gh0stysky"]}]}},"_links":{"self":[{"href":"https:\/\/www.ghostysky.com\/fr\/wp-json\/wp\/v2\/product\/22265","targetHints":{"allow":["GET"]}}],"collection":[{"href":"https:\/\/www.ghostysky.com\/fr\/wp-json\/wp\/v2\/product"}],"about":[{"href":"https:\/\/www.ghostysky.com\/fr\/wp-json\/wp\/v2\/types\/product"}],"replies":[{"embeddable":true,"href":"https:\/\/www.ghostysky.com\/fr\/wp-json\/wp\/v2\/comments?post=22265"}],"wp:featuredmedia":[{"embeddable":true,"href":"https:\/\/www.ghostysky.com\/fr\/wp-json\/wp\/v2\/media\/22267"}],"wp:attachment":[{"href":"https:\/\/www.ghostysky.com\/fr\/wp-json\/wp\/v2\/media?parent=22265"}],"wp:term":[{"taxonomy":"product_brand","embeddable":true,"href":"https:\/\/www.ghostysky.com\/fr\/wp-json\/wp\/v2\/product_brand?post=22265"},{"taxonomy":"product_cat","embeddable":true,"href":"https:\/\/www.ghostysky.com\/fr\/wp-json\/wp\/v2\/product_cat?post=22265"},{"taxonomy":"product_tag","embeddable":true,"href":"https:\/\/www.ghostysky.com\/fr\/wp-json\/wp\/v2\/product_tag?post=22265"}],"curies":[{"name":"wp","href":"https:\/\/api.w.org\/{rel}","templated":true}]}}