{"id":22268,"date":"2025-10-22T17:01:31","date_gmt":"2025-10-22T17:01:31","guid":{"rendered":"https:\/\/www.ghostysky.com\/?post_type=product&#038;p=22268"},"modified":"2025-10-22T17:06:53","modified_gmt":"2025-10-22T17:06:53","slug":"dji-mavic-4-pro-parallel-charging-hub","status":"publish","type":"product","link":"https:\/\/www.ghostysky.com\/fr\/product\/dji-mavic-4-pro-parallel-charging-hub\/","title":{"rendered":"Station de charge parall\u00e8le DJI Mavic 4 Pro"},"content":{"rendered":"<h3>Principales caract\u00e9ristiques et fonctionnalit\u00e9s<\/h3>\n<h4>Chargement efficace de la batterie<\/h4>\n<ul>\n<li><b><span class=\"citation-292\">Plusieurs emplacements pour batterie\u00a0:<\/span><\/b><span class=\"citation-292\"> Le hub prend en charge la charge jusqu&#039;\u00e0 <\/span><b><span class=\"citation-292\">trois<\/span><\/b><span class=\"citation-292 citation-end-292\"> Batteries de vol intelligentes.<\/span><\/li>\n<li><b><span class=\"citation-291\">Charge rapide :<\/span><\/b><span class=\"citation-291\"> Lorsqu&#039;il est associ\u00e9 \u00e0 l&#039;option <\/span><b><span class=\"citation-291\">Adaptateur secteur DJI 240 W<\/span><\/b><span class=\"citation-291 citation-end-291\"> (vendu s\u00e9par\u00e9ment) :<\/span>\n<ul>\n<li><span class=\"citation-290\">Il peut charger compl\u00e8tement une seule batterie en environ <\/span><b><span class=\"citation-290\">51 minutes<\/span><\/b><span class=\"citation-290 citation-end-290\">.<\/span><\/li>\n<li><span class=\"citation-289\">Il peut charger trois batteries <\/span><b><span class=\"citation-289\">simultan\u00e9ment<\/span><\/b><span class=\"citation-289\"> dans \u00e0 peu pr\u00e8s <\/span><b><span class=\"citation-289\">90 minutes<\/span><\/b><span class=\"citation-289 citation-end-289\"> en utilisant le port Mini SDC d\u00e9di\u00e9 (jusqu&#039;\u00e0 240 W en entr\u00e9e).<\/span><\/li>\n<\/ul>\n<\/li>\n<li><b>Modes de charge intelligents\u00a0:<\/b>\n<ul>\n<li><span class=\"citation-288 citation-end-288\">Gr\u00e2ce \u00e0 l&#039;adaptateur 240 W, il donne la priorit\u00e9 \u00e0 amener toutes les batteries au m\u00eame niveau de charge, puis les charge en parall\u00e8le.<\/span><\/li>\n<li><span class=\"citation-287 citation-end-287\">Lorsque vous utilisez un chargeur de faible puissance, tel que l&#039;adaptateur secteur USB-C DJI 100 W (via le port USB-C, jusqu&#039;\u00e0 100 W d&#039;entr\u00e9e), il charge les batteries de mani\u00e8re s\u00e9quentielle, en commen\u00e7ant par celle avec le niveau de puissance le plus \u00e9lev\u00e9.<\/span>\n<div class=\"source-inline-chip-container ng-star-inserted\"><\/div>\n<\/li>\n<\/ul>\n<\/li>\n<\/ul>\n<h4>Accumulation d&#039;\u00e9nergie et banque d&#039;alimentation<\/h4>\n<ul>\n<li><b><span class=\"citation-286\">Accumulation d&#039;\u00e9nergie :<\/span><\/b><span class=\"citation-286 citation-end-286\"> Une fonction unique vous permet de transf\u00e9rer la puissance restante de plusieurs batteries \u00e0 faible consommation vers la batterie ayant la puissance restante la plus \u00e9lev\u00e9e, consolidant ainsi efficacement l&#039;\u00e9nergie pour un long vol.<\/span><\/li>\n<li><b><span class=\"citation-285\">Banque d&#039;alimentation 100 W :<\/span><\/b><span class=\"citation-285\"> En exploitant la puissance stock\u00e9e des batteries de vol ins\u00e9r\u00e9es, le hub se transforme en un puissant <\/span><b><span class=\"citation-285\">Banque d&#039;alimentation USB-C 100 W<\/span><\/b><span class=\"citation-285 citation-end-285\">, vous permettant de charger rapidement des appareils externes tels que des smartphones, des tablettes et des ordinateurs portables sur place.<\/span><\/li>\n<\/ul>\n<p>L&#039;inclusion de la capacit\u00e9 de charge parall\u00e8le r\u00e9duit consid\u00e9rablement les temps d&#039;arr\u00eat, tandis que les fonctions de banque d&#039;alimentation et d&#039;accumulation d&#039;\u00e9nergie ajoutent de la polyvalence pour les pilotes ayant besoin d&#039;une efficacit\u00e9 et d&#039;une portabilit\u00e9 maximales dans leurs op\u00e9rations.<\/p>","protected":false},"excerpt":{"rendered":"<p><span class=\"citation-293\">Le <\/span><b><span class=\"citation-293\">Station de charge parall\u00e8le DJI Mavic 4 Pro<\/span><\/b><span class=\"citation-293 citation-end-293\"> est un accessoire multifonctionnel con\u00e7u pour rationaliser la charge de vos batteries de vol intelligentes DJI Mavic 4 Pro et servir de banque d&#039;alimentation portable.<\/span><\/p>","protected":false},"featured_media":22270,"comment_status":"open","ping_status":"closed","template":"","meta":[],"product_brand":[1031],"product_cat":[37,29,1171,1173],"product_tag":[42,1178,1179],"class_list":{"0":"post-22268","1":"product","2":"type-product","3":"status-publish","4":"has-post-thumbnail","6":"product_brand-dji","7":"product_cat-dji","8":"product_cat-drones","9":"product_cat-mavic-4-pro","10":"product_cat-mavic-4-pro-accessories","11":"product_tag-dji","12":"product_tag-dji-mavic-4-pro","13":"product_tag-dji-mavic-4-pro-accessories","15":"first","16":"onbackorder","17":"taxable","18":"shipping-taxable","19":"purchasable","20":"product-type-simple"},"yoast_head":"<!-- This site is optimized with the Yoast SEO plugin v27.1.1 - https:\/\/yoast.com\/product\/yoast-seo-wordpress\/ -->\n<title>DJI Mavic 4 Pro Parallel Charging Hub - Ghostysky<\/title>\n<meta name=\"description\" content=\"The DJI Mavic 4 Pro Parallel Charging Hub is a multi-functional accessory designed to streamline the charging of your DJI Mavic 4 Pro Intelligent Flight Batteries and serve as a portable power bank.\" \/>\n<meta name=\"robots\" content=\"index, follow, max-snippet:-1, max-image-preview:large, max-video-preview:-1\" \/>\n<link rel=\"canonical\" href=\"https:\/\/www.ghostysky.com\/fr\/product\/dji-mavic-4-pro-parallel-charging-hub\/\" \/>\n<meta property=\"og:locale\" content=\"fr_FR\" \/>\n<meta property=\"og:type\" content=\"article\" \/>\n<meta property=\"og:title\" content=\"DJI Mavic 4 Pro Parallel Charging Hub - Ghostysky\" \/>\n<meta property=\"og:description\" content=\"The DJI Mavic 4 Pro Parallel Charging Hub is a multi-functional accessory designed to streamline the charging of your DJI Mavic 4 Pro Intelligent Flight Batteries and serve as a portable power bank.\" \/>\n<meta property=\"og:url\" content=\"https:\/\/www.ghostysky.com\/fr\/product\/dji-mavic-4-pro-parallel-charging-hub\/\" \/>\n<meta property=\"og:site_name\" content=\"Ghostysky\" \/>\n<meta property=\"article:publisher\" content=\"https:\/\/www.facebook.com\/people\/Ghostysky\/100057676170234\/\" \/>\n<meta property=\"article:modified_time\" content=\"2025-10-22T17:06:53+00:00\" \/>\n<meta property=\"og:image\" content=\"https:\/\/www.ghostysky.com\/wp-content\/uploads\/2025\/10\/GH_DJI-Mavic-4-Pro-Parallel-Charging-Hub_1.jpg\" \/>\n\t<meta property=\"og:image:width\" content=\"800\" \/>\n\t<meta property=\"og:image:height\" content=\"800\" \/>\n\t<meta property=\"og:image:type\" content=\"image\/jpeg\" \/>\n<meta name=\"twitter:card\" content=\"summary_large_image\" \/>\n<meta name=\"twitter:site\" content=\"@Gh0stysky\" \/>\n<meta name=\"twitter:label1\" content=\"Dur\u00e9e de lecture estim\u00e9e\" \/>\n\t<meta name=\"twitter:data1\" content=\"2 minutes\" \/>\n<script type=\"application\/ld+json\" class=\"yoast-schema-graph\">{\"@context\":\"https:\/\/schema.org\",\"@graph\":[{\"@type\":\"WebPage\",\"@id\":\"https:\/\/www.ghostysky.com\/product\/dji-mavic-4-pro-parallel-charging-hub\/\",\"url\":\"https:\/\/www.ghostysky.com\/product\/dji-mavic-4-pro-parallel-charging-hub\/\",\"name\":\"DJI Mavic 4 Pro Parallel Charging Hub - Ghostysky\",\"isPartOf\":{\"@id\":\"https:\/\/www.ghostysky.com\/#website\"},\"primaryImageOfPage\":{\"@id\":\"https:\/\/www.ghostysky.com\/product\/dji-mavic-4-pro-parallel-charging-hub\/#primaryimage\"},\"image\":{\"@id\":\"https:\/\/www.ghostysky.com\/product\/dji-mavic-4-pro-parallel-charging-hub\/#primaryimage\"},\"thumbnailUrl\":\"https:\/\/www.ghostysky.com\/wp-content\/uploads\/2025\/10\/GH_DJI-Mavic-4-Pro-Parallel-Charging-Hub_1.jpg\",\"datePublished\":\"2025-10-22T17:01:31+00:00\",\"dateModified\":\"2025-10-22T17:06:53+00:00\",\"description\":\"The DJI Mavic 4 Pro Parallel Charging Hub is a multi-functional accessory designed to streamline the charging of your DJI Mavic 4 Pro Intelligent Flight Batteries and serve as a portable power bank.\",\"breadcrumb\":{\"@id\":\"https:\/\/www.ghostysky.com\/product\/dji-mavic-4-pro-parallel-charging-hub\/#breadcrumb\"},\"inLanguage\":\"fr-FR\",\"potentialAction\":[{\"@type\":\"ReadAction\",\"target\":[\"https:\/\/www.ghostysky.com\/product\/dji-mavic-4-pro-parallel-charging-hub\/\"]}]},{\"@type\":\"ImageObject\",\"inLanguage\":\"fr-FR\",\"@id\":\"https:\/\/www.ghostysky.com\/product\/dji-mavic-4-pro-parallel-charging-hub\/#primaryimage\",\"url\":\"https:\/\/www.ghostysky.com\/wp-content\/uploads\/2025\/10\/GH_DJI-Mavic-4-Pro-Parallel-Charging-Hub_1.jpg\",\"contentUrl\":\"https:\/\/www.ghostysky.com\/wp-content\/uploads\/2025\/10\/GH_DJI-Mavic-4-Pro-Parallel-Charging-Hub_1.jpg\",\"width\":800,\"height\":800},{\"@type\":\"BreadcrumbList\",\"@id\":\"https:\/\/www.ghostysky.com\/product\/dji-mavic-4-pro-parallel-charging-hub\/#breadcrumb\",\"itemListElement\":[{\"@type\":\"ListItem\",\"position\":1,\"name\":\"Home\",\"item\":\"https:\/\/www.ghostysky.com\/\"},{\"@type\":\"ListItem\",\"position\":2,\"name\":\"Shop\",\"item\":\"https:\/\/www.ghostysky.com\/shop\/\"},{\"@type\":\"ListItem\",\"position\":3,\"name\":\"DJI Mavic 4 Pro Parallel Charging Hub\"}]},{\"@type\":\"WebSite\",\"@id\":\"https:\/\/www.ghostysky.com\/#website\",\"url\":\"https:\/\/www.ghostysky.com\/\",\"name\":\"Ghostysky\",\"description\":\"Delivering professional drones and services\",\"publisher\":{\"@id\":\"https:\/\/www.ghostysky.com\/#organization\"},\"potentialAction\":[{\"@type\":\"SearchAction\",\"target\":{\"@type\":\"EntryPoint\",\"urlTemplate\":\"https:\/\/www.ghostysky.com\/?s={search_term_string}\"},\"query-input\":{\"@type\":\"PropertyValueSpecification\",\"valueRequired\":true,\"valueName\":\"search_term_string\"}}],\"inLanguage\":\"fr-FR\"},{\"@type\":\"Organization\",\"@id\":\"https:\/\/www.ghostysky.com\/#organization\",\"name\":\"Ghostysky\",\"url\":\"https:\/\/www.ghostysky.com\/\",\"logo\":{\"@type\":\"ImageObject\",\"inLanguage\":\"fr-FR\",\"@id\":\"https:\/\/www.ghostysky.com\/#\/schema\/logo\/image\/\",\"url\":\"https:\/\/www.ghostysky.com\/wp-content\/uploads\/2020\/06\/cropped-ghostyskylogo_text_white2.png\",\"contentUrl\":\"https:\/\/www.ghostysky.com\/wp-content\/uploads\/2020\/06\/cropped-ghostyskylogo_text_white2.png\",\"width\":169,\"height\":56,\"caption\":\"Ghostysky\"},\"image\":{\"@id\":\"https:\/\/www.ghostysky.com\/#\/schema\/logo\/image\/\"},\"sameAs\":[\"https:\/\/www.facebook.com\/people\/Ghostysky\/100057676170234\/\",\"https:\/\/x.com\/Gh0stysky\",\"https:\/\/www.linkedin.com\/company\/34739653\",\"https:\/\/www.instagram.com\/gh0stysky\"]}]}<\/script>\n<!-- \/ Yoast SEO plugin. -->","yoast_head_json":{"title":"Station de charge parall\u00e8le pour DJI Mavic 4 Pro - Ghostysky","description":"Le hub de charge parall\u00e8le DJI Mavic 4 Pro est un accessoire multifonctionnel con\u00e7u pour rationaliser la charge de vos batteries de vol intelligentes DJI Mavic 4 Pro et servir de banque d&#039;alimentation portable.","robots":{"index":"index","follow":"follow","max-snippet":"max-snippet:-1","max-image-preview":"max-image-preview:large","max-video-preview":"max-video-preview:-1"},"canonical":"https:\/\/www.ghostysky.com\/fr\/product\/dji-mavic-4-pro-parallel-charging-hub\/","og_locale":"fr_FR","og_type":"article","og_title":"DJI Mavic 4 Pro Parallel Charging Hub - Ghostysky","og_description":"The DJI Mavic 4 Pro Parallel Charging Hub is a multi-functional accessory designed to streamline the charging of your DJI Mavic 4 Pro Intelligent Flight Batteries and serve as a portable power bank.","og_url":"https:\/\/www.ghostysky.com\/fr\/product\/dji-mavic-4-pro-parallel-charging-hub\/","og_site_name":"Ghostysky","article_publisher":"https:\/\/www.facebook.com\/people\/Ghostysky\/100057676170234\/","article_modified_time":"2025-10-22T17:06:53+00:00","og_image":[{"width":800,"height":800,"url":"https:\/\/www.ghostysky.com\/wp-content\/uploads\/2025\/10\/GH_DJI-Mavic-4-Pro-Parallel-Charging-Hub_1.jpg","type":"image\/jpeg"}],"twitter_card":"summary_large_image","twitter_site":"@Gh0stysky","twitter_misc":{"Dur\u00e9e de lecture estim\u00e9e":"2 minutes"},"schema":{"@context":"https:\/\/schema.org","@graph":[{"@type":"WebPage","@id":"https:\/\/www.ghostysky.com\/product\/dji-mavic-4-pro-parallel-charging-hub\/","url":"https:\/\/www.ghostysky.com\/product\/dji-mavic-4-pro-parallel-charging-hub\/","name":"Station de charge parall\u00e8le pour DJI Mavic 4 Pro - Ghostysky","isPartOf":{"@id":"https:\/\/www.ghostysky.com\/#website"},"primaryImageOfPage":{"@id":"https:\/\/www.ghostysky.com\/product\/dji-mavic-4-pro-parallel-charging-hub\/#primaryimage"},"image":{"@id":"https:\/\/www.ghostysky.com\/product\/dji-mavic-4-pro-parallel-charging-hub\/#primaryimage"},"thumbnailUrl":"https:\/\/www.ghostysky.com\/wp-content\/uploads\/2025\/10\/GH_DJI-Mavic-4-Pro-Parallel-Charging-Hub_1.jpg","datePublished":"2025-10-22T17:01:31+00:00","dateModified":"2025-10-22T17:06:53+00:00","description":"Le hub de charge parall\u00e8le DJI Mavic 4 Pro est un accessoire multifonctionnel con\u00e7u pour rationaliser la charge de vos batteries de vol intelligentes DJI Mavic 4 Pro et servir de banque d&#039;alimentation portable.","breadcrumb":{"@id":"https:\/\/www.ghostysky.com\/product\/dji-mavic-4-pro-parallel-charging-hub\/#breadcrumb"},"inLanguage":"fr-FR","potentialAction":[{"@type":"ReadAction","target":["https:\/\/www.ghostysky.com\/product\/dji-mavic-4-pro-parallel-charging-hub\/"]}]},{"@type":"ImageObject","inLanguage":"fr-FR","@id":"https:\/\/www.ghostysky.com\/product\/dji-mavic-4-pro-parallel-charging-hub\/#primaryimage","url":"https:\/\/www.ghostysky.com\/wp-content\/uploads\/2025\/10\/GH_DJI-Mavic-4-Pro-Parallel-Charging-Hub_1.jpg","contentUrl":"https:\/\/www.ghostysky.com\/wp-content\/uploads\/2025\/10\/GH_DJI-Mavic-4-Pro-Parallel-Charging-Hub_1.jpg","width":800,"height":800},{"@type":"BreadcrumbList","@id":"https:\/\/www.ghostysky.com\/product\/dji-mavic-4-pro-parallel-charging-hub\/#breadcrumb","itemListElement":[{"@type":"ListItem","position":1,"name":"Home","item":"https:\/\/www.ghostysky.com\/"},{"@type":"ListItem","position":2,"name":"Shop","item":"https:\/\/www.ghostysky.com\/shop\/"},{"@type":"ListItem","position":3,"name":"DJI Mavic 4 Pro Parallel Charging Hub"}]},{"@type":"WebSite","@id":"https:\/\/www.ghostysky.com\/#website","url":"https:\/\/www.ghostysky.com\/","name":"Ghostysky","description":"Livraison de drones et de services professionnels","publisher":{"@id":"https:\/\/www.ghostysky.com\/#organization"},"potentialAction":[{"@type":"SearchAction","target":{"@type":"EntryPoint","urlTemplate":"https:\/\/www.ghostysky.com\/?s={search_term_string}"},"query-input":{"@type":"PropertyValueSpecification","valueRequired":true,"valueName":"search_term_string"}}],"inLanguage":"fr-FR"},{"@type":"Organization","@id":"https:\/\/www.ghostysky.com\/#organization","name":"Ghostysky","url":"https:\/\/www.ghostysky.com\/","logo":{"@type":"ImageObject","inLanguage":"fr-FR","@id":"https:\/\/www.ghostysky.com\/#\/schema\/logo\/image\/","url":"https:\/\/www.ghostysky.com\/wp-content\/uploads\/2020\/06\/cropped-ghostyskylogo_text_white2.png","contentUrl":"https:\/\/www.ghostysky.com\/wp-content\/uploads\/2020\/06\/cropped-ghostyskylogo_text_white2.png","width":169,"height":56,"caption":"Ghostysky"},"image":{"@id":"https:\/\/www.ghostysky.com\/#\/schema\/logo\/image\/"},"sameAs":["https:\/\/www.facebook.com\/people\/Ghostysky\/100057676170234\/","https:\/\/x.com\/Gh0stysky","https:\/\/www.linkedin.com\/company\/34739653","https:\/\/www.instagram.com\/gh0stysky"]}]}},"_links":{"self":[{"href":"https:\/\/www.ghostysky.com\/fr\/wp-json\/wp\/v2\/product\/22268","targetHints":{"allow":["GET"]}}],"collection":[{"href":"https:\/\/www.ghostysky.com\/fr\/wp-json\/wp\/v2\/product"}],"about":[{"href":"https:\/\/www.ghostysky.com\/fr\/wp-json\/wp\/v2\/types\/product"}],"replies":[{"embeddable":true,"href":"https:\/\/www.ghostysky.com\/fr\/wp-json\/wp\/v2\/comments?post=22268"}],"wp:featuredmedia":[{"embeddable":true,"href":"https:\/\/www.ghostysky.com\/fr\/wp-json\/wp\/v2\/media\/22270"}],"wp:attachment":[{"href":"https:\/\/www.ghostysky.com\/fr\/wp-json\/wp\/v2\/media?parent=22268"}],"wp:term":[{"taxonomy":"product_brand","embeddable":true,"href":"https:\/\/www.ghostysky.com\/fr\/wp-json\/wp\/v2\/product_brand?post=22268"},{"taxonomy":"product_cat","embeddable":true,"href":"https:\/\/www.ghostysky.com\/fr\/wp-json\/wp\/v2\/product_cat?post=22268"},{"taxonomy":"product_tag","embeddable":true,"href":"https:\/\/www.ghostysky.com\/fr\/wp-json\/wp\/v2\/product_tag?post=22268"}],"curies":[{"name":"wp","href":"https:\/\/api.w.org\/{rel}","templated":true}]}}