{"id":22271,"date":"2025-10-22T17:11:04","date_gmt":"2025-10-22T17:11:04","guid":{"rendered":"https:\/\/www.ghostysky.com\/?post_type=product&#038;p=22271"},"modified":"2025-10-22T17:20:02","modified_gmt":"2025-10-22T17:20:02","slug":"dji-mavic-4-pro-propellers","status":"publish","type":"product","link":"https:\/\/www.ghostysky.com\/fr\/product\/dji-mavic-4-pro-propellers\/","title":{"rendered":"H\u00e9lices DJI Mavic 4 Pro"},"content":{"rendered":"<h3><b>Caract\u00e9ristiques principales<\/b><\/h3>\n<ul>\n<li><b>Efficacit\u00e9 a\u00e9rodynamique optimis\u00e9e :<\/b><span class=\"citation-314 citation-end-314\"> Chaque pale d&#039;h\u00e9lice est soumise \u00e0 des tests d&#039;\u00e9quilibrage dynamique pr\u00e9cis pour maximiser l&#039;efficacit\u00e9, contribuant ainsi \u00e0 des temps de vol plus longs.<\/span><\/li>\n<li><b>Niveau de bruit r\u00e9duit :<\/b><span class=\"citation-313 citation-end-313\"> La conception est con\u00e7ue pour minimiser le bruit, permettant des vols plus silencieux et moins perturbateurs, parfaits pour les environnements sensibles.<\/span><\/li>\n<li><b><span class=\"citation-312\">Conception \u00e0 d\u00e9gagement rapide :<\/span><\/b><span class=\"citation-312 citation-end-312\"> Dispose du m\u00e9canisme classique de d\u00e9gagement rapide pour une fixation et un d\u00e9tachement rapides, s\u00fbrs et faciles, simplifiant les \u00e9changes d&#039;h\u00e9lices sur le terrain.<\/span><\/li>\n<li><b><span class=\"citation-311\">Vol stable et fiable :<\/span><\/b><span class=\"citation-311 citation-end-311\"> Un calibrage m\u00e9ticuleux garantit un vol \u00e9quilibr\u00e9, ce qui minimise les vibrations pour un fonctionnement plus fluide et une qualit\u00e9 de prise de vue a\u00e9rienne am\u00e9lior\u00e9e.<\/span><\/li>\n<li><b><span class=\"citation-310\">Construction durable :<\/span><\/b><span class=\"citation-310 citation-end-310\"> Fabriqu\u00e9 \u00e0 partir de mat\u00e9riaux robustes (souvent en composite de nylon am\u00e9lior\u00e9) pour fournir la pouss\u00e9e et la durabilit\u00e9 n\u00e9cessaires \u00e0 un vol stable, m\u00eame dans des conditions difficiles.<\/span>\n<div class=\"source-inline-chip-container ng-star-inserted\"><\/div>\n<\/li>\n<\/ul>\n<p><b>Sp\u00e9cifications (paire typique) :<\/b><\/p>\n<ul>\n<li><b><span class=\"citation-309\">Compatibilit\u00e9:<\/span><\/b><span class=\"citation-309 citation-end-309\"> DJI Mavic 4 Pro<\/span><\/li>\n<li><b><span class=\"citation-308\">Diam\u00e8tre \u00d7 Pas :<\/span><\/b><span class=\"citation-308 citation-end-308\"> 10,5 pouces \u00d7 5,8 pouces (26,7 cm \u00d7 14,7 cm)<\/span><\/li>\n<li><b>Poids (h\u00e9lice simple) :<\/b><span class=\"citation-307 citation-end-307\"> Environ <sup class=\"superscript\" data-turn-source-index=\"9\">9<\/sup><\/span><span class=\"math-inline\" data-math=\"11.8 \\text{ g}\">$11.8 \\texte{ g}$<\/span><\/li>\n<li><b><span class=\"citation-306\">Comprend :<\/span><\/b><span class=\"citation-306 citation-end-306\"> H\u00e9lices (paire) <sup class=\"superscript\" data-turn-source-index=\"10\">10<\/sup><\/span><span class=\"math-inline\" data-math=\"\\times 1\">$\\fois 1$<\/span><span class=\"citation-305 citation-end-305\"> (Un dans le sens des aiguilles d&#039;une montre (CW) et un dans le sens inverse des aiguilles d&#039;une montre (CCW))<\/span><\/li>\n<\/ul>\n<p>Gardez votre Mavic 4 Pro en vol fluide et silencieux en rempla\u00e7ant toujours les h\u00e9lices endommag\u00e9es par des accessoires DJI d&#039;origine.<\/p>\n<p>&nbsp;<\/p>\n<h4>Dans la bo\u00eete<\/h4>\n<p>1x H\u00e9lices DJI Mavic 4 Pro (paire)<\/p>","protected":false},"excerpt":{"rendered":"<p>Am\u00e9liorez votre exp\u00e9rience de vol et assurez des performances optimales avec le <b>H\u00e9lices DJI Mavic 4 Pro<\/b>.<\/p>\n<p><span class=\"citation-315 citation-end-315\">Ces h\u00e9lices de remplacement ou de rechange d&#039;origine sont sp\u00e9cialement con\u00e7ues pour le drone DJI Mavic 4 Pro, offrant une qualit\u00e9 sup\u00e9rieure et une ing\u00e9nierie de pr\u00e9cision.<\/span><\/p>","protected":false},"featured_media":22274,"comment_status":"open","ping_status":"closed","template":"","meta":[],"product_brand":[1031],"product_cat":[37,29,1171,1173],"product_tag":[42,1178,1179],"class_list":{"0":"post-22271","1":"product","2":"type-product","3":"status-publish","4":"has-post-thumbnail","6":"product_brand-dji","7":"product_cat-dji","8":"product_cat-drones","9":"product_cat-mavic-4-pro","10":"product_cat-mavic-4-pro-accessories","11":"product_tag-dji","12":"product_tag-dji-mavic-4-pro","13":"product_tag-dji-mavic-4-pro-accessories","15":"first","16":"onbackorder","17":"taxable","18":"shipping-taxable","19":"purchasable","20":"product-type-simple"},"yoast_head":"<!-- This site is optimized with the Yoast SEO plugin v27.1.1 - https:\/\/yoast.com\/product\/yoast-seo-wordpress\/ -->\n<title>DJI Mavic 4 Pro Propellers - Ghostysky<\/title>\n<meta name=\"description\" content=\"Enhance your flight experience and ensure optimal performance with the DJI Mavic 4 Pro Propellers.These genuine replacement or spare propellers are specifically designed for the DJI Mavic 4 Pro drone, offering superior quality and precision engineering.\" \/>\n<meta name=\"robots\" content=\"index, follow, max-snippet:-1, max-image-preview:large, max-video-preview:-1\" \/>\n<link rel=\"canonical\" href=\"https:\/\/www.ghostysky.com\/fr\/product\/dji-mavic-4-pro-propellers\/\" \/>\n<meta property=\"og:locale\" content=\"fr_FR\" \/>\n<meta property=\"og:type\" content=\"article\" \/>\n<meta property=\"og:title\" content=\"DJI Mavic 4 Pro Propellers - Ghostysky\" \/>\n<meta property=\"og:description\" content=\"Enhance your flight experience and ensure optimal performance with the DJI Mavic 4 Pro Propellers.These genuine replacement or spare propellers are specifically designed for the DJI Mavic 4 Pro drone, offering superior quality and precision engineering.\" \/>\n<meta property=\"og:url\" content=\"https:\/\/www.ghostysky.com\/fr\/product\/dji-mavic-4-pro-propellers\/\" \/>\n<meta property=\"og:site_name\" content=\"Ghostysky\" \/>\n<meta property=\"article:publisher\" content=\"https:\/\/www.facebook.com\/people\/Ghostysky\/100057676170234\/\" \/>\n<meta property=\"article:modified_time\" content=\"2025-10-22T17:20:02+00:00\" \/>\n<meta property=\"og:image\" content=\"https:\/\/www.ghostysky.com\/wp-content\/uploads\/2025\/10\/GH_DJI-Mavic-4-Pro-Propellers_1.jpg\" \/>\n\t<meta property=\"og:image:width\" content=\"800\" \/>\n\t<meta property=\"og:image:height\" content=\"800\" \/>\n\t<meta property=\"og:image:type\" content=\"image\/jpeg\" \/>\n<meta name=\"twitter:card\" content=\"summary_large_image\" \/>\n<meta name=\"twitter:site\" content=\"@Gh0stysky\" \/>\n<meta name=\"twitter:label1\" content=\"Dur\u00e9e de lecture estim\u00e9e\" \/>\n\t<meta name=\"twitter:data1\" content=\"1 minute\" \/>\n<script type=\"application\/ld+json\" class=\"yoast-schema-graph\">{\"@context\":\"https:\/\/schema.org\",\"@graph\":[{\"@type\":\"WebPage\",\"@id\":\"https:\/\/www.ghostysky.com\/product\/dji-mavic-4-pro-propellers\/\",\"url\":\"https:\/\/www.ghostysky.com\/product\/dji-mavic-4-pro-propellers\/\",\"name\":\"DJI Mavic 4 Pro Propellers - Ghostysky\",\"isPartOf\":{\"@id\":\"https:\/\/www.ghostysky.com\/#website\"},\"primaryImageOfPage\":{\"@id\":\"https:\/\/www.ghostysky.com\/product\/dji-mavic-4-pro-propellers\/#primaryimage\"},\"image\":{\"@id\":\"https:\/\/www.ghostysky.com\/product\/dji-mavic-4-pro-propellers\/#primaryimage\"},\"thumbnailUrl\":\"https:\/\/www.ghostysky.com\/wp-content\/uploads\/2025\/10\/GH_DJI-Mavic-4-Pro-Propellers_1.jpg\",\"datePublished\":\"2025-10-22T17:11:04+00:00\",\"dateModified\":\"2025-10-22T17:20:02+00:00\",\"description\":\"Enhance your flight experience and ensure optimal performance with the DJI Mavic 4 Pro Propellers.These genuine replacement or spare propellers are specifically designed for the DJI Mavic 4 Pro drone, offering superior quality and precision engineering.\",\"breadcrumb\":{\"@id\":\"https:\/\/www.ghostysky.com\/product\/dji-mavic-4-pro-propellers\/#breadcrumb\"},\"inLanguage\":\"fr-FR\",\"potentialAction\":[{\"@type\":\"ReadAction\",\"target\":[\"https:\/\/www.ghostysky.com\/product\/dji-mavic-4-pro-propellers\/\"]}]},{\"@type\":\"ImageObject\",\"inLanguage\":\"fr-FR\",\"@id\":\"https:\/\/www.ghostysky.com\/product\/dji-mavic-4-pro-propellers\/#primaryimage\",\"url\":\"https:\/\/www.ghostysky.com\/wp-content\/uploads\/2025\/10\/GH_DJI-Mavic-4-Pro-Propellers_1.jpg\",\"contentUrl\":\"https:\/\/www.ghostysky.com\/wp-content\/uploads\/2025\/10\/GH_DJI-Mavic-4-Pro-Propellers_1.jpg\",\"width\":800,\"height\":800},{\"@type\":\"BreadcrumbList\",\"@id\":\"https:\/\/www.ghostysky.com\/product\/dji-mavic-4-pro-propellers\/#breadcrumb\",\"itemListElement\":[{\"@type\":\"ListItem\",\"position\":1,\"name\":\"Home\",\"item\":\"https:\/\/www.ghostysky.com\/\"},{\"@type\":\"ListItem\",\"position\":2,\"name\":\"Shop\",\"item\":\"https:\/\/www.ghostysky.com\/shop\/\"},{\"@type\":\"ListItem\",\"position\":3,\"name\":\"DJI Mavic 4 Pro Propellers\"}]},{\"@type\":\"WebSite\",\"@id\":\"https:\/\/www.ghostysky.com\/#website\",\"url\":\"https:\/\/www.ghostysky.com\/\",\"name\":\"Ghostysky\",\"description\":\"Delivering professional drones and services\",\"publisher\":{\"@id\":\"https:\/\/www.ghostysky.com\/#organization\"},\"potentialAction\":[{\"@type\":\"SearchAction\",\"target\":{\"@type\":\"EntryPoint\",\"urlTemplate\":\"https:\/\/www.ghostysky.com\/?s={search_term_string}\"},\"query-input\":{\"@type\":\"PropertyValueSpecification\",\"valueRequired\":true,\"valueName\":\"search_term_string\"}}],\"inLanguage\":\"fr-FR\"},{\"@type\":\"Organization\",\"@id\":\"https:\/\/www.ghostysky.com\/#organization\",\"name\":\"Ghostysky\",\"url\":\"https:\/\/www.ghostysky.com\/\",\"logo\":{\"@type\":\"ImageObject\",\"inLanguage\":\"fr-FR\",\"@id\":\"https:\/\/www.ghostysky.com\/#\/schema\/logo\/image\/\",\"url\":\"https:\/\/www.ghostysky.com\/wp-content\/uploads\/2020\/06\/cropped-ghostyskylogo_text_white2.png\",\"contentUrl\":\"https:\/\/www.ghostysky.com\/wp-content\/uploads\/2020\/06\/cropped-ghostyskylogo_text_white2.png\",\"width\":169,\"height\":56,\"caption\":\"Ghostysky\"},\"image\":{\"@id\":\"https:\/\/www.ghostysky.com\/#\/schema\/logo\/image\/\"},\"sameAs\":[\"https:\/\/www.facebook.com\/people\/Ghostysky\/100057676170234\/\",\"https:\/\/x.com\/Gh0stysky\",\"https:\/\/www.linkedin.com\/company\/34739653\",\"https:\/\/www.instagram.com\/gh0stysky\"]}]}<\/script>\n<!-- \/ Yoast SEO plugin. -->","yoast_head_json":{"title":"H\u00e9lices DJI Mavic 4 Pro - Ghostysky","description":"Am\u00e9liorez votre exp\u00e9rience de vol et assurez des performances optimales avec les h\u00e9lices DJI Mavic 4 Pro. Ces h\u00e9lices de remplacement ou de rechange d&#039;origine sont sp\u00e9cialement con\u00e7ues pour le drone DJI Mavic 4 Pro, offrant une qualit\u00e9 sup\u00e9rieure et une ing\u00e9nierie de pr\u00e9cision.","robots":{"index":"index","follow":"follow","max-snippet":"max-snippet:-1","max-image-preview":"max-image-preview:large","max-video-preview":"max-video-preview:-1"},"canonical":"https:\/\/www.ghostysky.com\/fr\/product\/dji-mavic-4-pro-propellers\/","og_locale":"fr_FR","og_type":"article","og_title":"DJI Mavic 4 Pro Propellers - Ghostysky","og_description":"Enhance your flight experience and ensure optimal performance with the DJI Mavic 4 Pro Propellers.These genuine replacement or spare propellers are specifically designed for the DJI Mavic 4 Pro drone, offering superior quality and precision engineering.","og_url":"https:\/\/www.ghostysky.com\/fr\/product\/dji-mavic-4-pro-propellers\/","og_site_name":"Ghostysky","article_publisher":"https:\/\/www.facebook.com\/people\/Ghostysky\/100057676170234\/","article_modified_time":"2025-10-22T17:20:02+00:00","og_image":[{"width":800,"height":800,"url":"https:\/\/www.ghostysky.com\/wp-content\/uploads\/2025\/10\/GH_DJI-Mavic-4-Pro-Propellers_1.jpg","type":"image\/jpeg"}],"twitter_card":"summary_large_image","twitter_site":"@Gh0stysky","twitter_misc":{"Dur\u00e9e de lecture estim\u00e9e":"1 minute"},"schema":{"@context":"https:\/\/schema.org","@graph":[{"@type":"WebPage","@id":"https:\/\/www.ghostysky.com\/product\/dji-mavic-4-pro-propellers\/","url":"https:\/\/www.ghostysky.com\/product\/dji-mavic-4-pro-propellers\/","name":"H\u00e9lices DJI Mavic 4 Pro - Ghostysky","isPartOf":{"@id":"https:\/\/www.ghostysky.com\/#website"},"primaryImageOfPage":{"@id":"https:\/\/www.ghostysky.com\/product\/dji-mavic-4-pro-propellers\/#primaryimage"},"image":{"@id":"https:\/\/www.ghostysky.com\/product\/dji-mavic-4-pro-propellers\/#primaryimage"},"thumbnailUrl":"https:\/\/www.ghostysky.com\/wp-content\/uploads\/2025\/10\/GH_DJI-Mavic-4-Pro-Propellers_1.jpg","datePublished":"2025-10-22T17:11:04+00:00","dateModified":"2025-10-22T17:20:02+00:00","description":"Am\u00e9liorez votre exp\u00e9rience de vol et assurez des performances optimales avec les h\u00e9lices DJI Mavic 4 Pro. Ces h\u00e9lices de remplacement ou de rechange d&#039;origine sont sp\u00e9cialement con\u00e7ues pour le drone DJI Mavic 4 Pro, offrant une qualit\u00e9 sup\u00e9rieure et une ing\u00e9nierie de pr\u00e9cision.","breadcrumb":{"@id":"https:\/\/www.ghostysky.com\/product\/dji-mavic-4-pro-propellers\/#breadcrumb"},"inLanguage":"fr-FR","potentialAction":[{"@type":"ReadAction","target":["https:\/\/www.ghostysky.com\/product\/dji-mavic-4-pro-propellers\/"]}]},{"@type":"ImageObject","inLanguage":"fr-FR","@id":"https:\/\/www.ghostysky.com\/product\/dji-mavic-4-pro-propellers\/#primaryimage","url":"https:\/\/www.ghostysky.com\/wp-content\/uploads\/2025\/10\/GH_DJI-Mavic-4-Pro-Propellers_1.jpg","contentUrl":"https:\/\/www.ghostysky.com\/wp-content\/uploads\/2025\/10\/GH_DJI-Mavic-4-Pro-Propellers_1.jpg","width":800,"height":800},{"@type":"BreadcrumbList","@id":"https:\/\/www.ghostysky.com\/product\/dji-mavic-4-pro-propellers\/#breadcrumb","itemListElement":[{"@type":"ListItem","position":1,"name":"Home","item":"https:\/\/www.ghostysky.com\/"},{"@type":"ListItem","position":2,"name":"Shop","item":"https:\/\/www.ghostysky.com\/shop\/"},{"@type":"ListItem","position":3,"name":"DJI Mavic 4 Pro Propellers"}]},{"@type":"WebSite","@id":"https:\/\/www.ghostysky.com\/#website","url":"https:\/\/www.ghostysky.com\/","name":"Ghostysky","description":"Livraison de drones et de services professionnels","publisher":{"@id":"https:\/\/www.ghostysky.com\/#organization"},"potentialAction":[{"@type":"SearchAction","target":{"@type":"EntryPoint","urlTemplate":"https:\/\/www.ghostysky.com\/?s={search_term_string}"},"query-input":{"@type":"PropertyValueSpecification","valueRequired":true,"valueName":"search_term_string"}}],"inLanguage":"fr-FR"},{"@type":"Organization","@id":"https:\/\/www.ghostysky.com\/#organization","name":"Ghostysky","url":"https:\/\/www.ghostysky.com\/","logo":{"@type":"ImageObject","inLanguage":"fr-FR","@id":"https:\/\/www.ghostysky.com\/#\/schema\/logo\/image\/","url":"https:\/\/www.ghostysky.com\/wp-content\/uploads\/2020\/06\/cropped-ghostyskylogo_text_white2.png","contentUrl":"https:\/\/www.ghostysky.com\/wp-content\/uploads\/2020\/06\/cropped-ghostyskylogo_text_white2.png","width":169,"height":56,"caption":"Ghostysky"},"image":{"@id":"https:\/\/www.ghostysky.com\/#\/schema\/logo\/image\/"},"sameAs":["https:\/\/www.facebook.com\/people\/Ghostysky\/100057676170234\/","https:\/\/x.com\/Gh0stysky","https:\/\/www.linkedin.com\/company\/34739653","https:\/\/www.instagram.com\/gh0stysky"]}]}},"_links":{"self":[{"href":"https:\/\/www.ghostysky.com\/fr\/wp-json\/wp\/v2\/product\/22271","targetHints":{"allow":["GET"]}}],"collection":[{"href":"https:\/\/www.ghostysky.com\/fr\/wp-json\/wp\/v2\/product"}],"about":[{"href":"https:\/\/www.ghostysky.com\/fr\/wp-json\/wp\/v2\/types\/product"}],"replies":[{"embeddable":true,"href":"https:\/\/www.ghostysky.com\/fr\/wp-json\/wp\/v2\/comments?post=22271"}],"wp:featuredmedia":[{"embeddable":true,"href":"https:\/\/www.ghostysky.com\/fr\/wp-json\/wp\/v2\/media\/22274"}],"wp:attachment":[{"href":"https:\/\/www.ghostysky.com\/fr\/wp-json\/wp\/v2\/media?parent=22271"}],"wp:term":[{"taxonomy":"product_brand","embeddable":true,"href":"https:\/\/www.ghostysky.com\/fr\/wp-json\/wp\/v2\/product_brand?post=22271"},{"taxonomy":"product_cat","embeddable":true,"href":"https:\/\/www.ghostysky.com\/fr\/wp-json\/wp\/v2\/product_cat?post=22271"},{"taxonomy":"product_tag","embeddable":true,"href":"https:\/\/www.ghostysky.com\/fr\/wp-json\/wp\/v2\/product_tag?post=22271"}],"curies":[{"name":"wp","href":"https:\/\/api.w.org\/{rel}","templated":true}]}}