{"id":22275,"date":"2025-10-22T17:22:43","date_gmt":"2025-10-22T17:22:43","guid":{"rendered":"https:\/\/www.ghostysky.com\/?post_type=product&#038;p=22275"},"modified":"2026-03-04T17:14:09","modified_gmt":"2026-03-04T17:14:09","slug":"dji-mavic-4-pro-nd-filters-set-nd8-16-32-64","status":"publish","type":"product","link":"https:\/\/www.ghostysky.com\/fr\/product\/dji-mavic-4-pro-nd-filters-set-nd8-16-32-64\/","title":{"rendered":"Ensemble de filtres ND pour DJI Mavic 4 Pro (ND8\/16\/32\/64)"},"content":{"rendered":"<h4>Caract\u00e9ristiques principales<\/h4>\n<ul>\n<li><b><span class=\"citation-353\">Contr\u00f4le pr\u00e9cis de la vitesse d&#039;obturation :<\/span><\/b><span class=\"citation-353\"> La fonction principale est de r\u00e9duire la quantit\u00e9 de lumi\u00e8re p\u00e9n\u00e9trant dans l&#039;objectif de l&#039;appareil photo, vous permettant ainsi d&#039;utiliser <\/span><b><span class=\"citation-353\">vitesses d&#039;obturation inf\u00e9rieures<\/span><\/b><span class=\"citation-353 citation-end-353\"> dans des environnements lumineux.<sup class=\"superscript\" data-turn-source-index=\"3\">3<\/sup><\/span> <span class=\"citation-352 citation-end-352\">Ceci est essentiel pour obtenir l\u2019aspect cin\u00e9matographique souhait\u00e9 (souvent appel\u00e9 \u00ab r\u00e8gle de l\u2019obturateur \u00e0 180 degr\u00e9s \u00bb) en introduisant un flou de mouvement naturel sur les objets en mouvement.<\/span><\/li>\n<li><b><span class=\"citation-351\">Optimal pour les conditions lumineuses :<\/span><\/b><span class=\"citation-351 citation-end-351\"> L&#039;ensemble comprend quatre filtres avec diff\u00e9rentes capacit\u00e9s de r\u00e9duction de la lumi\u00e8re\u00a0:<\/span>\n<ul>\n<li><b><span class=\"citation-350\">ND8<\/span><\/b><span class=\"citation-350 citation-end-350\"> (r\u00e9duction de 3 niveaux)<\/span><\/li>\n<li><b><span class=\"citation-349\">ND16<\/span><\/b><span class=\"citation-349 citation-end-349\"> (r\u00e9duction de 4 niveaux)<\/span><\/li>\n<li><b><span class=\"citation-348\">ND32<\/span><\/b><span class=\"citation-348 citation-end-348\"> (r\u00e9duction de 5 arr\u00eats)<\/span><\/li>\n<li>ND64 (r\u00e9duction de 6 diaphragmes) Ces variations r\u00e9pondent aux besoins de prise de vue allant de la lumi\u00e8re du jour normale \u00e0 tr\u00e8s vive, et sont parfaites pour les prises de vue \u00e0 longue exposition et les vid\u00e9os en acc\u00e9l\u00e9r\u00e9.<\/li>\n<\/ul>\n<\/li>\n<li><b><span class=\"citation-345\">Optimisation du syst\u00e8me \u00e0 trois cam\u00e9ras\u00a0:<\/span><\/b><span class=\"citation-345 citation-end-345\"> Les filtres sont sp\u00e9cialement optimis\u00e9s pour le syst\u00e8me d&#039;imagerie \u00e0 trois cam\u00e9ras du Mavic 4 Pro.<\/span>\u00a0<span class=\"citation-344\">Ils mettent en \u0153uvre une <\/span><b><span class=\"citation-344\">r\u00e9duction de la luminosit\u00e9 inf\u00e9rieure pour la cam\u00e9ra t\u00e9l\u00e9<\/span><\/b><span class=\"citation-344 citation-end-344\"> pour \u00e9viter qu&#039;il ne soit sous-expos\u00e9 lorsque les appareils photo grand angle et t\u00e9l\u00e9objectif moyen sont correctement expos\u00e9s.<\/span><\/li>\n<li><b>Images de haute qualit\u00e9 :<\/b><span class=\"citation-343 citation-end-343\"> L&#039;utilisation flexible de ces filtres garantit des s\u00e9quences nettes et professionnelles, m\u00eame en maintenant un r\u00e9glage ISO faible.<\/span><\/li>\n<li><b><span class=\"citation-342\">Conception l\u00e9g\u00e8re :<\/span><\/b><span class=\"citation-342 citation-end-342\"> Chaque filtre est l\u00e9ger, pesant environ 5,1 g, ce qui garantit qu&#039;ils n&#039;ont pas d&#039;impact n\u00e9gatif sur le cardan ou les performances de vol du drone.<\/span><\/li>\n<\/ul>\n<p>&nbsp;<\/p>\n<h4>Dans la bo\u00eete<\/h4>\n<p>L&#039;ensemble comprend :<\/p>\n<ul>\n<li>Filtre ND8 <span class=\"math-inline\" data-math=\"\\times\">x<\/span> 1<\/li>\n<li><span class=\"citation-341 citation-end-341\">Filtre ND16 x 1<\/span><\/li>\n<li><span class=\"citation-339 citation-end-339\">Filtre ND32 <span style=\"font-size: 13.3333px;\">x <\/span><\/span><span class=\"citation-338 citation-end-338\">1<\/span><\/li>\n<li><span class=\"citation-337 citation-end-337\">Filtre ND64 <span style=\"font-size: 13.3333px;\">x <span class=\"citation-338 citation-end-338\">1<\/span><\/span><\/span><\/li>\n<\/ul>","protected":false},"excerpt":{"rendered":"<p><span class=\"citation-355\">Le <\/span><b><span class=\"citation-355\">Ensemble de filtres ND pour DJI Mavic 4 Pro (ND8\/16\/32\/64)<\/span><\/b><span class=\"citation-355 citation-end-355\"> est un accessoire essentiel con\u00e7u pour les photographes et vid\u00e9astes a\u00e9riens professionnels et passionn\u00e9s utilisant le drone DJI Mavic 4 Pro.<\/span> <span class=\"citation-354\">Cet ensemble de filtres \u00e0 densit\u00e9 neutre (ND) permet <\/span><b><span class=\"citation-354\">contr\u00f4le pr\u00e9cis de l&#039;exposition de l&#039;appareil photo<\/span><\/b><span class=\"citation-354 citation-end-354\"> dans diverses conditions d&#039;\u00e9clairage intense.<\/span><\/p>","protected":false},"featured_media":22278,"comment_status":"open","ping_status":"closed","template":"","meta":[],"product_brand":[1031],"product_cat":[37,29,1171,1173],"product_tag":[42,1178,1179],"class_list":{"0":"post-22275","1":"product","2":"type-product","3":"status-publish","4":"has-post-thumbnail","6":"product_brand-dji","7":"product_cat-dji","8":"product_cat-drones","9":"product_cat-mavic-4-pro","10":"product_cat-mavic-4-pro-accessories","11":"product_tag-dji","12":"product_tag-dji-mavic-4-pro","13":"product_tag-dji-mavic-4-pro-accessories","15":"first","16":"onbackorder","17":"taxable","18":"shipping-taxable","19":"purchasable","20":"product-type-simple"},"yoast_head":"<!-- This site is optimized with the Yoast SEO plugin v27.1.1 - https:\/\/yoast.com\/product\/yoast-seo-wordpress\/ -->\n<title>DJI Mavic 4 Pro ND Filters Set (ND8\/16\/32\/64) - Ghostysky<\/title>\n<meta name=\"description\" content=\"The DJI Mavic 4 Pro ND Filters Set (ND8\/16\/32\/64) is a crucial accessory designed for professional and enthusiast aerial photographers and videographers using the DJI Mavic 4 Pro drone. This set of neutral density (ND) filters allows for precise control over the camera&#039;s exposure in various bright lighting conditions.\" \/>\n<meta name=\"robots\" content=\"index, follow, max-snippet:-1, max-image-preview:large, max-video-preview:-1\" \/>\n<link rel=\"canonical\" href=\"https:\/\/www.ghostysky.com\/fr\/product\/dji-mavic-4-pro-nd-filters-set-nd8-16-32-64\/\" \/>\n<meta property=\"og:locale\" content=\"fr_FR\" \/>\n<meta property=\"og:type\" content=\"article\" \/>\n<meta property=\"og:title\" content=\"DJI Mavic 4 Pro ND Filters Set (ND8\/16\/32\/64) - Ghostysky\" \/>\n<meta property=\"og:description\" content=\"The DJI Mavic 4 Pro ND Filters Set (ND8\/16\/32\/64) is a crucial accessory designed for professional and enthusiast aerial photographers and videographers using the DJI Mavic 4 Pro drone. This set of neutral density (ND) filters allows for precise control over the camera&#039;s exposure in various bright lighting conditions.\" \/>\n<meta property=\"og:url\" content=\"https:\/\/www.ghostysky.com\/fr\/product\/dji-mavic-4-pro-nd-filters-set-nd8-16-32-64\/\" \/>\n<meta property=\"og:site_name\" content=\"Ghostysky\" \/>\n<meta property=\"article:publisher\" content=\"https:\/\/www.facebook.com\/people\/Ghostysky\/100057676170234\/\" \/>\n<meta property=\"article:modified_time\" content=\"2026-03-04T17:14:09+00:00\" \/>\n<meta property=\"og:image\" content=\"https:\/\/www.ghostysky.com\/wp-content\/uploads\/2025\/10\/GH_DJI-Mavic-4-Pro-ND-Filters-Set-ND8-16-32-64_3.jpg\" \/>\n\t<meta property=\"og:image:width\" content=\"800\" \/>\n\t<meta property=\"og:image:height\" content=\"800\" \/>\n\t<meta property=\"og:image:type\" content=\"image\/jpeg\" \/>\n<meta name=\"twitter:card\" content=\"summary_large_image\" \/>\n<meta name=\"twitter:site\" content=\"@Gh0stysky\" \/>\n<meta name=\"twitter:label1\" content=\"Dur\u00e9e de lecture estim\u00e9e\" \/>\n\t<meta name=\"twitter:data1\" content=\"2 minutes\" \/>\n<script type=\"application\/ld+json\" class=\"yoast-schema-graph\">{\"@context\":\"https:\/\/schema.org\",\"@graph\":[{\"@type\":\"WebPage\",\"@id\":\"https:\/\/www.ghostysky.com\/product\/dji-mavic-4-pro-nd-filters-set-nd8-16-32-64\/\",\"url\":\"https:\/\/www.ghostysky.com\/product\/dji-mavic-4-pro-nd-filters-set-nd8-16-32-64\/\",\"name\":\"DJI Mavic 4 Pro ND Filters Set (ND8\/16\/32\/64) - Ghostysky\",\"isPartOf\":{\"@id\":\"https:\/\/www.ghostysky.com\/#website\"},\"primaryImageOfPage\":{\"@id\":\"https:\/\/www.ghostysky.com\/product\/dji-mavic-4-pro-nd-filters-set-nd8-16-32-64\/#primaryimage\"},\"image\":{\"@id\":\"https:\/\/www.ghostysky.com\/product\/dji-mavic-4-pro-nd-filters-set-nd8-16-32-64\/#primaryimage\"},\"thumbnailUrl\":\"https:\/\/www.ghostysky.com\/wp-content\/uploads\/2025\/10\/GH_DJI-Mavic-4-Pro-ND-Filters-Set-ND8-16-32-64_3.jpg\",\"datePublished\":\"2025-10-22T17:22:43+00:00\",\"dateModified\":\"2026-03-04T17:14:09+00:00\",\"description\":\"The DJI Mavic 4 Pro ND Filters Set (ND8\/16\/32\/64) is a crucial accessory designed for professional and enthusiast aerial photographers and videographers using the DJI Mavic 4 Pro drone. This set of neutral density (ND) filters allows for precise control over the camera's exposure in various bright lighting conditions.\",\"breadcrumb\":{\"@id\":\"https:\/\/www.ghostysky.com\/product\/dji-mavic-4-pro-nd-filters-set-nd8-16-32-64\/#breadcrumb\"},\"inLanguage\":\"fr-FR\",\"potentialAction\":[{\"@type\":\"ReadAction\",\"target\":[\"https:\/\/www.ghostysky.com\/product\/dji-mavic-4-pro-nd-filters-set-nd8-16-32-64\/\"]}]},{\"@type\":\"ImageObject\",\"inLanguage\":\"fr-FR\",\"@id\":\"https:\/\/www.ghostysky.com\/product\/dji-mavic-4-pro-nd-filters-set-nd8-16-32-64\/#primaryimage\",\"url\":\"https:\/\/www.ghostysky.com\/wp-content\/uploads\/2025\/10\/GH_DJI-Mavic-4-Pro-ND-Filters-Set-ND8-16-32-64_3.jpg\",\"contentUrl\":\"https:\/\/www.ghostysky.com\/wp-content\/uploads\/2025\/10\/GH_DJI-Mavic-4-Pro-ND-Filters-Set-ND8-16-32-64_3.jpg\",\"width\":800,\"height\":800},{\"@type\":\"BreadcrumbList\",\"@id\":\"https:\/\/www.ghostysky.com\/product\/dji-mavic-4-pro-nd-filters-set-nd8-16-32-64\/#breadcrumb\",\"itemListElement\":[{\"@type\":\"ListItem\",\"position\":1,\"name\":\"Home\",\"item\":\"https:\/\/www.ghostysky.com\/\"},{\"@type\":\"ListItem\",\"position\":2,\"name\":\"Shop\",\"item\":\"https:\/\/www.ghostysky.com\/shop\/\"},{\"@type\":\"ListItem\",\"position\":3,\"name\":\"DJI Mavic 4 Pro ND Filters Set (ND8\/16\/32\/64)\"}]},{\"@type\":\"WebSite\",\"@id\":\"https:\/\/www.ghostysky.com\/#website\",\"url\":\"https:\/\/www.ghostysky.com\/\",\"name\":\"Ghostysky\",\"description\":\"Delivering professional drones and services\",\"publisher\":{\"@id\":\"https:\/\/www.ghostysky.com\/#organization\"},\"potentialAction\":[{\"@type\":\"SearchAction\",\"target\":{\"@type\":\"EntryPoint\",\"urlTemplate\":\"https:\/\/www.ghostysky.com\/?s={search_term_string}\"},\"query-input\":{\"@type\":\"PropertyValueSpecification\",\"valueRequired\":true,\"valueName\":\"search_term_string\"}}],\"inLanguage\":\"fr-FR\"},{\"@type\":\"Organization\",\"@id\":\"https:\/\/www.ghostysky.com\/#organization\",\"name\":\"Ghostysky\",\"url\":\"https:\/\/www.ghostysky.com\/\",\"logo\":{\"@type\":\"ImageObject\",\"inLanguage\":\"fr-FR\",\"@id\":\"https:\/\/www.ghostysky.com\/#\/schema\/logo\/image\/\",\"url\":\"https:\/\/www.ghostysky.com\/wp-content\/uploads\/2020\/06\/cropped-ghostyskylogo_text_white2.png\",\"contentUrl\":\"https:\/\/www.ghostysky.com\/wp-content\/uploads\/2020\/06\/cropped-ghostyskylogo_text_white2.png\",\"width\":169,\"height\":56,\"caption\":\"Ghostysky\"},\"image\":{\"@id\":\"https:\/\/www.ghostysky.com\/#\/schema\/logo\/image\/\"},\"sameAs\":[\"https:\/\/www.facebook.com\/people\/Ghostysky\/100057676170234\/\",\"https:\/\/x.com\/Gh0stysky\",\"https:\/\/www.linkedin.com\/company\/34739653\",\"https:\/\/www.instagram.com\/gh0stysky\"]}]}<\/script>\n<!-- \/ Yoast SEO plugin. -->","yoast_head_json":{"title":"Ensemble de filtres ND pour DJI Mavic 4 Pro (ND8\/16\/32\/64) - Ghostysky","description":"Le kit de filtres ND pour DJI Mavic 4 Pro (ND8\/16\/32\/64) est un accessoire indispensable pour les photographes et vid\u00e9astes a\u00e9riens professionnels et amateurs utilisant le drone DJI Mavic 4 Pro. Ce kit de filtres \u00e0 densit\u00e9 neutre (ND) permet un contr\u00f4le pr\u00e9cis de l&#039;exposition de la cam\u00e9ra dans diverses conditions de forte luminosit\u00e9.","robots":{"index":"index","follow":"follow","max-snippet":"max-snippet:-1","max-image-preview":"max-image-preview:large","max-video-preview":"max-video-preview:-1"},"canonical":"https:\/\/www.ghostysky.com\/fr\/product\/dji-mavic-4-pro-nd-filters-set-nd8-16-32-64\/","og_locale":"fr_FR","og_type":"article","og_title":"DJI Mavic 4 Pro ND Filters Set (ND8\/16\/32\/64) - Ghostysky","og_description":"The DJI Mavic 4 Pro ND Filters Set (ND8\/16\/32\/64) is a crucial accessory designed for professional and enthusiast aerial photographers and videographers using the DJI Mavic 4 Pro drone. This set of neutral density (ND) filters allows for precise control over the camera's exposure in various bright lighting conditions.","og_url":"https:\/\/www.ghostysky.com\/fr\/product\/dji-mavic-4-pro-nd-filters-set-nd8-16-32-64\/","og_site_name":"Ghostysky","article_publisher":"https:\/\/www.facebook.com\/people\/Ghostysky\/100057676170234\/","article_modified_time":"2026-03-04T17:14:09+00:00","og_image":[{"width":800,"height":800,"url":"https:\/\/www.ghostysky.com\/wp-content\/uploads\/2025\/10\/GH_DJI-Mavic-4-Pro-ND-Filters-Set-ND8-16-32-64_3.jpg","type":"image\/jpeg"}],"twitter_card":"summary_large_image","twitter_site":"@Gh0stysky","twitter_misc":{"Dur\u00e9e de lecture estim\u00e9e":"2 minutes"},"schema":{"@context":"https:\/\/schema.org","@graph":[{"@type":"WebPage","@id":"https:\/\/www.ghostysky.com\/product\/dji-mavic-4-pro-nd-filters-set-nd8-16-32-64\/","url":"https:\/\/www.ghostysky.com\/product\/dji-mavic-4-pro-nd-filters-set-nd8-16-32-64\/","name":"Ensemble de filtres ND pour DJI Mavic 4 Pro (ND8\/16\/32\/64) - Ghostysky","isPartOf":{"@id":"https:\/\/www.ghostysky.com\/#website"},"primaryImageOfPage":{"@id":"https:\/\/www.ghostysky.com\/product\/dji-mavic-4-pro-nd-filters-set-nd8-16-32-64\/#primaryimage"},"image":{"@id":"https:\/\/www.ghostysky.com\/product\/dji-mavic-4-pro-nd-filters-set-nd8-16-32-64\/#primaryimage"},"thumbnailUrl":"https:\/\/www.ghostysky.com\/wp-content\/uploads\/2025\/10\/GH_DJI-Mavic-4-Pro-ND-Filters-Set-ND8-16-32-64_3.jpg","datePublished":"2025-10-22T17:22:43+00:00","dateModified":"2026-03-04T17:14:09+00:00","description":"Le kit de filtres ND pour DJI Mavic 4 Pro (ND8\/16\/32\/64) est un accessoire indispensable pour les photographes et vid\u00e9astes a\u00e9riens professionnels et amateurs utilisant le drone DJI Mavic 4 Pro. Ce kit de filtres \u00e0 densit\u00e9 neutre (ND) permet un contr\u00f4le pr\u00e9cis de l&#039;exposition de la cam\u00e9ra dans diverses conditions de forte luminosit\u00e9.","breadcrumb":{"@id":"https:\/\/www.ghostysky.com\/product\/dji-mavic-4-pro-nd-filters-set-nd8-16-32-64\/#breadcrumb"},"inLanguage":"fr-FR","potentialAction":[{"@type":"ReadAction","target":["https:\/\/www.ghostysky.com\/product\/dji-mavic-4-pro-nd-filters-set-nd8-16-32-64\/"]}]},{"@type":"ImageObject","inLanguage":"fr-FR","@id":"https:\/\/www.ghostysky.com\/product\/dji-mavic-4-pro-nd-filters-set-nd8-16-32-64\/#primaryimage","url":"https:\/\/www.ghostysky.com\/wp-content\/uploads\/2025\/10\/GH_DJI-Mavic-4-Pro-ND-Filters-Set-ND8-16-32-64_3.jpg","contentUrl":"https:\/\/www.ghostysky.com\/wp-content\/uploads\/2025\/10\/GH_DJI-Mavic-4-Pro-ND-Filters-Set-ND8-16-32-64_3.jpg","width":800,"height":800},{"@type":"BreadcrumbList","@id":"https:\/\/www.ghostysky.com\/product\/dji-mavic-4-pro-nd-filters-set-nd8-16-32-64\/#breadcrumb","itemListElement":[{"@type":"ListItem","position":1,"name":"Home","item":"https:\/\/www.ghostysky.com\/"},{"@type":"ListItem","position":2,"name":"Shop","item":"https:\/\/www.ghostysky.com\/shop\/"},{"@type":"ListItem","position":3,"name":"DJI Mavic 4 Pro ND Filters Set (ND8\/16\/32\/64)"}]},{"@type":"WebSite","@id":"https:\/\/www.ghostysky.com\/#website","url":"https:\/\/www.ghostysky.com\/","name":"Ghostysky","description":"Livraison de drones et de services professionnels","publisher":{"@id":"https:\/\/www.ghostysky.com\/#organization"},"potentialAction":[{"@type":"SearchAction","target":{"@type":"EntryPoint","urlTemplate":"https:\/\/www.ghostysky.com\/?s={search_term_string}"},"query-input":{"@type":"PropertyValueSpecification","valueRequired":true,"valueName":"search_term_string"}}],"inLanguage":"fr-FR"},{"@type":"Organization","@id":"https:\/\/www.ghostysky.com\/#organization","name":"Ghostysky","url":"https:\/\/www.ghostysky.com\/","logo":{"@type":"ImageObject","inLanguage":"fr-FR","@id":"https:\/\/www.ghostysky.com\/#\/schema\/logo\/image\/","url":"https:\/\/www.ghostysky.com\/wp-content\/uploads\/2020\/06\/cropped-ghostyskylogo_text_white2.png","contentUrl":"https:\/\/www.ghostysky.com\/wp-content\/uploads\/2020\/06\/cropped-ghostyskylogo_text_white2.png","width":169,"height":56,"caption":"Ghostysky"},"image":{"@id":"https:\/\/www.ghostysky.com\/#\/schema\/logo\/image\/"},"sameAs":["https:\/\/www.facebook.com\/people\/Ghostysky\/100057676170234\/","https:\/\/x.com\/Gh0stysky","https:\/\/www.linkedin.com\/company\/34739653","https:\/\/www.instagram.com\/gh0stysky"]}]}},"_links":{"self":[{"href":"https:\/\/www.ghostysky.com\/fr\/wp-json\/wp\/v2\/product\/22275","targetHints":{"allow":["GET"]}}],"collection":[{"href":"https:\/\/www.ghostysky.com\/fr\/wp-json\/wp\/v2\/product"}],"about":[{"href":"https:\/\/www.ghostysky.com\/fr\/wp-json\/wp\/v2\/types\/product"}],"replies":[{"embeddable":true,"href":"https:\/\/www.ghostysky.com\/fr\/wp-json\/wp\/v2\/comments?post=22275"}],"wp:featuredmedia":[{"embeddable":true,"href":"https:\/\/www.ghostysky.com\/fr\/wp-json\/wp\/v2\/media\/22278"}],"wp:attachment":[{"href":"https:\/\/www.ghostysky.com\/fr\/wp-json\/wp\/v2\/media?parent=22275"}],"wp:term":[{"taxonomy":"product_brand","embeddable":true,"href":"https:\/\/www.ghostysky.com\/fr\/wp-json\/wp\/v2\/product_brand?post=22275"},{"taxonomy":"product_cat","embeddable":true,"href":"https:\/\/www.ghostysky.com\/fr\/wp-json\/wp\/v2\/product_cat?post=22275"},{"taxonomy":"product_tag","embeddable":true,"href":"https:\/\/www.ghostysky.com\/fr\/wp-json\/wp\/v2\/product_tag?post=22275"}],"curies":[{"name":"wp","href":"https:\/\/api.w.org\/{rel}","templated":true}]}}