{"id":22448,"date":"2025-10-24T14:32:48","date_gmt":"2025-10-24T14:32:48","guid":{"rendered":"https:\/\/www.ghostysky.com\/?post_type=product&#038;p=22448"},"modified":"2025-10-24T14:50:35","modified_gmt":"2025-10-24T14:50:35","slug":"hexmove-york","status":"publish","type":"product","link":"https:\/\/www.ghostysky.com\/fr\/product\/hexmove-york\/","title":{"rendered":"Hexmove YORK"},"content":{"rendered":"<div id=\"model-response-message-contentr_50b42b9610f4820b\" class=\"markdown markdown-main-panel stronger enable-updated-hr-color\" dir=\"ltr\">\n<h4><b>Principales caract\u00e9ristiques du produit<\/b><\/h4>\n<ul>\n<li><b><span class=\"citation-198\">Ch\u00e2ssis polyvalent :<\/span><\/b><span class=\"citation-198\"> Adaptable avec des options pour <\/span><b><span class=\"citation-198\">Mecanum, Ackermann ou direction diff\u00e9rentielle \u00e0 4 roues<\/span><\/b><span class=\"citation-198 citation-end-198\">, permettant divers besoins de mobilit\u00e9 et de man\u0153uvrabilit\u00e9.<\/span><\/li>\n<li><b>Utilisation cibl\u00e9e :<\/b> Id\u00e9al comme module mobile standard de classe avanc\u00e9e pour <b>enseignement, recherche scientifique et d\u00e9veloppement initial de robots.<\/b><\/li>\n<li><b><span class=\"citation-197\">Conception adaptable :<\/span><\/b><span class=\"citation-197 citation-end-197\"> Le ch\u00e2ssis est con\u00e7u pour \u00eatre adaptable \u00e0 une large gamme d&#039;environnements, aussi bien \u00e0 l&#039;int\u00e9rieur qu&#039;\u00e0 l&#039;ext\u00e9rieur.<\/span><\/li>\n<li><b>Portabilit\u00e9:<\/b><span class=\"citation-196 citation-end-196\"> Sa taille compacte et sa poign\u00e9e int\u00e9gr\u00e9e le rendent facile \u00e0 transporter et \u00e0 d\u00e9placer.<\/span><\/li>\n<li><b>Interface:<\/b><span class=\"citation-195\"> Utilise un <\/span><b><span class=\"citation-195\">bus CAN<\/span><\/b><span class=\"citation-195 citation-end-195\"> interface.<\/span>\n<div class=\"source-inline-chip-container ng-star-inserted\"><a href=\"https:\/\/www.ghostysky.com\/wp-content\/uploads\/2025\/10\/GH_YORK_99_3.png\"><img fetchpriority=\"high\" decoding=\"async\" class=\"alignnone size-medium wp-image-22451 lazyload\" src=\"data:image\/gif;base64,R0lGODlhAQABAAAAACH5BAEKAAEALAAAAAABAAEAAAICTAEAOw==\" alt=\"\" width=\"300\" height=\"192\" sizes=\"(max-width: 300px) 100vw, 300px\" data-src=\"data:image\/gif;base64,R0lGODlhAQABAAAAACH5BAEKAAEALAAAAAABAAEAAAICTAEAOw==\" data-srcset=\"\" srcset=\"\"><\/a> <a href=\"https:\/\/www.ghostysky.com\/wp-content\/uploads\/2025\/10\/GH_YORK_99_2.png\"><img decoding=\"async\" class=\"alignnone size-medium wp-image-22452 lazyload\" src=\"data:image\/gif;base64,R0lGODlhAQABAAAAACH5BAEKAAEALAAAAAABAAEAAAICTAEAOw==\" alt=\"\" width=\"300\" height=\"182\" sizes=\"(max-width: 300px) 100vw, 300px\" data-src=\"data:image\/gif;base64,R0lGODlhAQABAAAAACH5BAEKAAEALAAAAAABAAEAAAICTAEAOw==\" data-srcset=\"\" srcset=\"\"><\/a> <a href=\"https:\/\/www.ghostysky.com\/wp-content\/uploads\/2025\/10\/GH_YORK_99_1.png\"><img decoding=\"async\" class=\"alignnone size-medium wp-image-22453 lazyload\" src=\"data:image\/gif;base64,R0lGODlhAQABAAAAACH5BAEKAAEALAAAAAABAAEAAAICTAEAOw==\" alt=\"\" width=\"300\" height=\"257\" sizes=\"(max-width: 300px) 100vw, 300px\" data-src=\"data:image\/gif;base64,R0lGODlhAQABAAAAACH5BAEKAAEALAAAAAABAAEAAAICTAEAOw==\" data-srcset=\"\" srcset=\"\"><\/a><\/div>\n<\/li>\n<\/ul>\n<p>&nbsp;<\/p>\n<\/div>","protected":false},"excerpt":{"rendered":"<p><span class=\"citation-199\">Le <\/span><b><span class=\"citation-199\">Hexmove YORK<\/span><\/b><span class=\"citation-199 citation-end-199\"> est un ch\u00e2ssis de robot mobile polyvalent et compact con\u00e7u pour une large gamme d&#039;environnements int\u00e9rieurs et ext\u00e9rieurs, particuli\u00e8rement adapt\u00e9 \u00e0 l&#039;\u00e9ducation et au d\u00e9veloppement initial des robots.<\/span><\/p>","protected":false},"featured_media":22397,"comment_status":"open","ping_status":"closed","template":"","meta":[],"product_brand":[1193],"product_cat":[1042,1190,1191,1037],"product_tag":[1194,1196,1202],"class_list":{"0":"post-22448","1":"product","2":"type-product","3":"status-publish","4":"has-post-thumbnail","6":"product_brand-hexmove","7":"product_cat-chassis","8":"product_cat-hexmove","9":"product_cat-hexmove-chassis","10":"product_cat-robotics","11":"product_tag-hexmove","12":"product_tag-hexmove-chassis","13":"product_tag-hexmove-neos","15":"first","16":"onbackorder","17":"taxable","18":"shipping-taxable","19":"product-type-simple"},"yoast_head":"<!-- This site is optimized with the Yoast SEO plugin v27.4 - https:\/\/yoast.com\/product\/yoast-seo-wordpress\/ -->\n<title>Hexmove YORK - Ghostysky<\/title>\n<meta name=\"description\" content=\"The Hexmove YORK is a versatile and compact mobile robot chassis designed for a wide range of indoor and outdoor environments, particularly suited for education and initial robot development.\" \/>\n<meta name=\"robots\" content=\"index, follow, max-snippet:-1, max-image-preview:large, max-video-preview:-1\" \/>\n<link rel=\"canonical\" href=\"https:\/\/www.ghostysky.com\/fr\/product\/hexmove-york\/\" \/>\n<meta property=\"og:locale\" content=\"fr_FR\" \/>\n<meta property=\"og:type\" content=\"article\" \/>\n<meta property=\"og:title\" content=\"Hexmove YORK - Ghostysky\" \/>\n<meta property=\"og:description\" content=\"The Hexmove YORK is a versatile and compact mobile robot chassis designed for a wide range of indoor and outdoor environments, particularly suited for education and initial robot development.\" \/>\n<meta property=\"og:url\" content=\"https:\/\/www.ghostysky.com\/fr\/product\/hexmove-york\/\" \/>\n<meta property=\"og:site_name\" content=\"Ghostysky\" \/>\n<meta property=\"article:publisher\" content=\"https:\/\/www.facebook.com\/people\/Ghostysky\/100057676170234\/\" \/>\n<meta property=\"article:modified_time\" content=\"2025-10-24T14:50:35+00:00\" \/>\n<meta property=\"og:image\" content=\"https:\/\/www.ghostysky.com\/wp-content\/uploads\/2025\/10\/GH_YORK-MCNM_1.png\" \/>\n\t<meta property=\"og:image:width\" content=\"800\" \/>\n\t<meta property=\"og:image:height\" content=\"800\" \/>\n\t<meta property=\"og:image:type\" content=\"image\/png\" \/>\n<meta name=\"twitter:card\" content=\"summary_large_image\" \/>\n<meta name=\"twitter:site\" content=\"@Gh0stysky\" \/>\n<meta name=\"twitter:label1\" content=\"Dur\u00e9e de lecture estim\u00e9e\" \/>\n\t<meta name=\"twitter:data1\" content=\"2 minutes\" \/>\n<script type=\"application\/ld+json\" class=\"yoast-schema-graph\">{\"@context\":\"https:\\\/\\\/schema.org\",\"@graph\":[{\"@type\":\"WebPage\",\"@id\":\"https:\\\/\\\/www.ghostysky.com\\\/product\\\/hexmove-york\\\/\",\"url\":\"https:\\\/\\\/www.ghostysky.com\\\/product\\\/hexmove-york\\\/\",\"name\":\"Hexmove YORK - Ghostysky\",\"isPartOf\":{\"@id\":\"https:\\\/\\\/www.ghostysky.com\\\/#website\"},\"primaryImageOfPage\":{\"@id\":\"https:\\\/\\\/www.ghostysky.com\\\/product\\\/hexmove-york\\\/#primaryimage\"},\"image\":{\"@id\":\"https:\\\/\\\/www.ghostysky.com\\\/product\\\/hexmove-york\\\/#primaryimage\"},\"thumbnailUrl\":\"https:\\\/\\\/www.ghostysky.com\\\/wp-content\\\/uploads\\\/2025\\\/10\\\/GH_YORK-MCNM_1.png\",\"datePublished\":\"2025-10-24T14:32:48+00:00\",\"dateModified\":\"2025-10-24T14:50:35+00:00\",\"description\":\"The Hexmove YORK is a versatile and compact mobile robot chassis designed for a wide range of indoor and outdoor environments, particularly suited for education and initial robot development.\",\"breadcrumb\":{\"@id\":\"https:\\\/\\\/www.ghostysky.com\\\/product\\\/hexmove-york\\\/#breadcrumb\"},\"inLanguage\":\"fr-FR\",\"potentialAction\":[{\"@type\":\"ReadAction\",\"target\":[\"https:\\\/\\\/www.ghostysky.com\\\/product\\\/hexmove-york\\\/\"]}]},{\"@type\":\"ImageObject\",\"inLanguage\":\"fr-FR\",\"@id\":\"https:\\\/\\\/www.ghostysky.com\\\/product\\\/hexmove-york\\\/#primaryimage\",\"url\":\"https:\\\/\\\/www.ghostysky.com\\\/wp-content\\\/uploads\\\/2025\\\/10\\\/GH_YORK-MCNM_1.png\",\"contentUrl\":\"https:\\\/\\\/www.ghostysky.com\\\/wp-content\\\/uploads\\\/2025\\\/10\\\/GH_YORK-MCNM_1.png\",\"width\":800,\"height\":800},{\"@type\":\"BreadcrumbList\",\"@id\":\"https:\\\/\\\/www.ghostysky.com\\\/product\\\/hexmove-york\\\/#breadcrumb\",\"itemListElement\":[{\"@type\":\"ListItem\",\"position\":1,\"name\":\"Home\",\"item\":\"https:\\\/\\\/www.ghostysky.com\\\/\"},{\"@type\":\"ListItem\",\"position\":2,\"name\":\"Shop\",\"item\":\"https:\\\/\\\/www.ghostysky.com\\\/shop\\\/\"},{\"@type\":\"ListItem\",\"position\":3,\"name\":\"Hexmove YORK\"}]},{\"@type\":\"WebSite\",\"@id\":\"https:\\\/\\\/www.ghostysky.com\\\/#website\",\"url\":\"https:\\\/\\\/www.ghostysky.com\\\/\",\"name\":\"Ghostysky\",\"description\":\"Delivering professional drones and services\",\"publisher\":{\"@id\":\"https:\\\/\\\/www.ghostysky.com\\\/#organization\"},\"potentialAction\":[{\"@type\":\"SearchAction\",\"target\":{\"@type\":\"EntryPoint\",\"urlTemplate\":\"https:\\\/\\\/www.ghostysky.com\\\/?s={search_term_string}\"},\"query-input\":{\"@type\":\"PropertyValueSpecification\",\"valueRequired\":true,\"valueName\":\"search_term_string\"}}],\"inLanguage\":\"fr-FR\"},{\"@type\":\"Organization\",\"@id\":\"https:\\\/\\\/www.ghostysky.com\\\/#organization\",\"name\":\"Ghostysky\",\"url\":\"https:\\\/\\\/www.ghostysky.com\\\/\",\"logo\":{\"@type\":\"ImageObject\",\"inLanguage\":\"fr-FR\",\"@id\":\"https:\\\/\\\/www.ghostysky.com\\\/#\\\/schema\\\/logo\\\/image\\\/\",\"url\":\"https:\\\/\\\/www.ghostysky.com\\\/wp-content\\\/uploads\\\/2020\\\/06\\\/cropped-ghostyskylogo_text_white2.png\",\"contentUrl\":\"https:\\\/\\\/www.ghostysky.com\\\/wp-content\\\/uploads\\\/2020\\\/06\\\/cropped-ghostyskylogo_text_white2.png\",\"width\":169,\"height\":56,\"caption\":\"Ghostysky\"},\"image\":{\"@id\":\"https:\\\/\\\/www.ghostysky.com\\\/#\\\/schema\\\/logo\\\/image\\\/\"},\"sameAs\":[\"https:\\\/\\\/www.facebook.com\\\/people\\\/Ghostysky\\\/100057676170234\\\/\",\"https:\\\/\\\/x.com\\\/Gh0stysky\",\"https:\\\/\\\/www.linkedin.com\\\/company\\\/34739653\",\"https:\\\/\\\/www.instagram.com\\\/gh0stysky\"]}]}<\/script>\n<!-- \/ Yoast SEO plugin. -->","yoast_head_json":{"title":"Hexmove YORK - Ghostysky","description":"Le Hexmove YORK est un ch\u00e2ssis de robot mobile polyvalent et compact con\u00e7u pour une large gamme d&#039;environnements int\u00e9rieurs et ext\u00e9rieurs, particuli\u00e8rement adapt\u00e9 \u00e0 l&#039;\u00e9ducation et au d\u00e9veloppement initial de robots.","robots":{"index":"index","follow":"follow","max-snippet":"max-snippet:-1","max-image-preview":"max-image-preview:large","max-video-preview":"max-video-preview:-1"},"canonical":"https:\/\/www.ghostysky.com\/fr\/product\/hexmove-york\/","og_locale":"fr_FR","og_type":"article","og_title":"Hexmove YORK - Ghostysky","og_description":"The Hexmove YORK is a versatile and compact mobile robot chassis designed for a wide range of indoor and outdoor environments, particularly suited for education and initial robot development.","og_url":"https:\/\/www.ghostysky.com\/fr\/product\/hexmove-york\/","og_site_name":"Ghostysky","article_publisher":"https:\/\/www.facebook.com\/people\/Ghostysky\/100057676170234\/","article_modified_time":"2025-10-24T14:50:35+00:00","og_image":[{"width":800,"height":800,"url":"https:\/\/www.ghostysky.com\/wp-content\/uploads\/2025\/10\/GH_YORK-MCNM_1.png","type":"image\/png"}],"twitter_card":"summary_large_image","twitter_site":"@Gh0stysky","twitter_misc":{"Dur\u00e9e de lecture estim\u00e9e":"2 minutes"},"schema":{"@context":"https:\/\/schema.org","@graph":[{"@type":"WebPage","@id":"https:\/\/www.ghostysky.com\/product\/hexmove-york\/","url":"https:\/\/www.ghostysky.com\/product\/hexmove-york\/","name":"Hexmove YORK - Ghostysky","isPartOf":{"@id":"https:\/\/www.ghostysky.com\/#website"},"primaryImageOfPage":{"@id":"https:\/\/www.ghostysky.com\/product\/hexmove-york\/#primaryimage"},"image":{"@id":"https:\/\/www.ghostysky.com\/product\/hexmove-york\/#primaryimage"},"thumbnailUrl":"https:\/\/www.ghostysky.com\/wp-content\/uploads\/2025\/10\/GH_YORK-MCNM_1.png","datePublished":"2025-10-24T14:32:48+00:00","dateModified":"2025-10-24T14:50:35+00:00","description":"Le Hexmove YORK est un ch\u00e2ssis de robot mobile polyvalent et compact con\u00e7u pour une large gamme d&#039;environnements int\u00e9rieurs et ext\u00e9rieurs, particuli\u00e8rement adapt\u00e9 \u00e0 l&#039;\u00e9ducation et au d\u00e9veloppement initial de robots.","breadcrumb":{"@id":"https:\/\/www.ghostysky.com\/product\/hexmove-york\/#breadcrumb"},"inLanguage":"fr-FR","potentialAction":[{"@type":"ReadAction","target":["https:\/\/www.ghostysky.com\/product\/hexmove-york\/"]}]},{"@type":"ImageObject","inLanguage":"fr-FR","@id":"https:\/\/www.ghostysky.com\/product\/hexmove-york\/#primaryimage","url":"https:\/\/www.ghostysky.com\/wp-content\/uploads\/2025\/10\/GH_YORK-MCNM_1.png","contentUrl":"https:\/\/www.ghostysky.com\/wp-content\/uploads\/2025\/10\/GH_YORK-MCNM_1.png","width":800,"height":800},{"@type":"BreadcrumbList","@id":"https:\/\/www.ghostysky.com\/product\/hexmove-york\/#breadcrumb","itemListElement":[{"@type":"ListItem","position":1,"name":"Home","item":"https:\/\/www.ghostysky.com\/"},{"@type":"ListItem","position":2,"name":"Shop","item":"https:\/\/www.ghostysky.com\/shop\/"},{"@type":"ListItem","position":3,"name":"Hexmove YORK"}]},{"@type":"WebSite","@id":"https:\/\/www.ghostysky.com\/#website","url":"https:\/\/www.ghostysky.com\/","name":"Ghostysky","description":"Livraison de drones et de services professionnels","publisher":{"@id":"https:\/\/www.ghostysky.com\/#organization"},"potentialAction":[{"@type":"SearchAction","target":{"@type":"EntryPoint","urlTemplate":"https:\/\/www.ghostysky.com\/?s={search_term_string}"},"query-input":{"@type":"PropertyValueSpecification","valueRequired":true,"valueName":"search_term_string"}}],"inLanguage":"fr-FR"},{"@type":"Organization","@id":"https:\/\/www.ghostysky.com\/#organization","name":"Ghostysky","url":"https:\/\/www.ghostysky.com\/","logo":{"@type":"ImageObject","inLanguage":"fr-FR","@id":"https:\/\/www.ghostysky.com\/#\/schema\/logo\/image\/","url":"https:\/\/www.ghostysky.com\/wp-content\/uploads\/2020\/06\/cropped-ghostyskylogo_text_white2.png","contentUrl":"https:\/\/www.ghostysky.com\/wp-content\/uploads\/2020\/06\/cropped-ghostyskylogo_text_white2.png","width":169,"height":56,"caption":"Ghostysky"},"image":{"@id":"https:\/\/www.ghostysky.com\/#\/schema\/logo\/image\/"},"sameAs":["https:\/\/www.facebook.com\/people\/Ghostysky\/100057676170234\/","https:\/\/x.com\/Gh0stysky","https:\/\/www.linkedin.com\/company\/34739653","https:\/\/www.instagram.com\/gh0stysky"]}]}},"_links":{"self":[{"href":"https:\/\/www.ghostysky.com\/fr\/wp-json\/wp\/v2\/product\/22448","targetHints":{"allow":["GET"]}}],"collection":[{"href":"https:\/\/www.ghostysky.com\/fr\/wp-json\/wp\/v2\/product"}],"about":[{"href":"https:\/\/www.ghostysky.com\/fr\/wp-json\/wp\/v2\/types\/product"}],"replies":[{"embeddable":true,"href":"https:\/\/www.ghostysky.com\/fr\/wp-json\/wp\/v2\/comments?post=22448"}],"version-history":[{"count":0,"href":"https:\/\/www.ghostysky.com\/fr\/wp-json\/wp\/v2\/product\/22448\/revisions"}],"wp:featuredmedia":[{"embeddable":true,"href":"https:\/\/www.ghostysky.com\/fr\/wp-json\/wp\/v2\/media\/22397"}],"wp:attachment":[{"href":"https:\/\/www.ghostysky.com\/fr\/wp-json\/wp\/v2\/media?parent=22448"}],"wp:term":[{"taxonomy":"product_brand","embeddable":true,"href":"https:\/\/www.ghostysky.com\/fr\/wp-json\/wp\/v2\/product_brand?post=22448"},{"taxonomy":"product_cat","embeddable":true,"href":"https:\/\/www.ghostysky.com\/fr\/wp-json\/wp\/v2\/product_cat?post=22448"},{"taxonomy":"product_tag","embeddable":true,"href":"https:\/\/www.ghostysky.com\/fr\/wp-json\/wp\/v2\/product_tag?post=22448"}],"curies":[{"name":"wp","href":"https:\/\/api.w.org\/{rel}","templated":true}]}}