{"id":22455,"date":"2025-10-24T15:14:05","date_gmt":"2025-10-24T15:14:05","guid":{"rendered":"https:\/\/www.ghostysky.com\/?post_type=product&#038;p=22455"},"modified":"2026-03-04T16:00:14","modified_gmt":"2026-03-04T16:00:14","slug":"hexmove-auto-charger-echo-series","status":"publish","type":"product","link":"https:\/\/www.ghostysky.com\/fr\/product\/hexmove-auto-charger-echo-series\/","title":{"rendered":"Chargeur automatique Hexmove (s\u00e9rie ECHO)"},"content":{"rendered":"<h4><strong>CARACT\u00c9RISTIQUES<\/strong><\/h4>\n<table border=\"0\">\n<tbody>\n<tr>\n<td><strong>Mod\u00e8le<\/strong><\/td>\n<td><strong>Chargeur automatique<\/strong><\/td>\n<\/tr>\n<tr>\n<td>Tension d&#039;entr\u00e9e maximale<\/td>\n<td>33 V<\/td>\n<\/tr>\n<tr>\n<td>Courant d&#039;entr\u00e9e maximal<\/td>\n<td>5A<\/td>\n<\/tr>\n<tr>\n<td>Consommation d&#039;\u00e9nergie<\/td>\n<td>1,2 W<\/td>\n<\/tr>\n<tr>\n<td>Distance compressible avant et apr\u00e8s<\/td>\n<td>15 mm<\/td>\n<\/tr>\n<tr>\n<td>Distance de d\u00e9viation gauche et droite<\/td>\n<td>\u00b150 mm<\/td>\n<\/tr>\n<tr>\n<td>Mode de fonctionnement<\/td>\n<td>manuel \/ automatique<\/td>\n<\/tr>\n<tr>\n<td>M\u00e9thode de communication<\/td>\n<td>bus CAN<\/td>\n<\/tr>\n<tr>\n<td>Mesures de s\u00e9curit\u00e9<\/td>\n<td>base : d\u00e9tection de distance de compression de contact<br \/>\nborne du v\u00e9hicule : d\u00e9tection de tension de choc \u00e9lectrique<\/td>\n<\/tr>\n<tr>\n<td>Temp\u00e9rature de fonctionnement<\/td>\n<td>-20~60\u2103<\/td>\n<\/tr>\n<tr>\n<td>Indice de protection IP<\/td>\n<td>IP22<\/td>\n<\/tr>\n<\/tbody>\n<\/table>\n<p>&nbsp;<\/p>\n<p><a href=\"https:\/\/www.ghostysky.com\/wp-content\/uploads\/2025\/10\/GH_AutoCHG_ECHO_99_4.png\"><img decoding=\"async\" class=\"alignnone size-medium wp-image-22458 lazyload\" src=\"data:image\/gif;base64,R0lGODlhAQABAAAAACH5BAEKAAEALAAAAAABAAEAAAICTAEAOw==\" alt=\"\" width=\"300\" height=\"128\" sizes=\"(max-width: 300px) 100vw, 300px\" data-src=\"data:image\/gif;base64,R0lGODlhAQABAAAAACH5BAEKAAEALAAAAAABAAEAAAICTAEAOw==\" data-srcset=\"\" srcset=\"\"><\/a> <a href=\"https:\/\/www.ghostysky.com\/wp-content\/uploads\/2025\/10\/GH_AutoCHG_ECHO_99_3.png\"><img fetchpriority=\"high\" decoding=\"async\" class=\"alignnone size-medium wp-image-22459 lazyload\" src=\"data:image\/gif;base64,R0lGODlhAQABAAAAACH5BAEKAAEALAAAAAABAAEAAAICTAEAOw==\" alt=\"\" width=\"300\" height=\"293\" sizes=\"(max-width: 300px) 100vw, 300px\" data-src=\"data:image\/gif;base64,R0lGODlhAQABAAAAACH5BAEKAAEALAAAAAABAAEAAAICTAEAOw==\" data-srcset=\"\" srcset=\"\"><\/a> <a href=\"https:\/\/www.ghostysky.com\/wp-content\/uploads\/2025\/10\/GH_AutoCHG_ECHO_99_2.png\"><img decoding=\"async\" class=\"alignnone size-medium wp-image-22460 lazyload\" src=\"data:image\/gif;base64,R0lGODlhAQABAAAAACH5BAEKAAEALAAAAAABAAEAAAICTAEAOw==\" alt=\"\" width=\"234\" height=\"300\" sizes=\"(max-width: 234px) 100vw, 234px\" data-src=\"data:image\/gif;base64,R0lGODlhAQABAAAAACH5BAEKAAEALAAAAAABAAEAAAICTAEAOw==\" data-srcset=\"\" srcset=\"\"><\/a> <a href=\"https:\/\/www.ghostysky.com\/wp-content\/uploads\/2025\/10\/GH_AutoCHG_ECHO_99_1.png\"><img loading=\"lazy\" decoding=\"async\" class=\"alignnone size-medium wp-image-22461 lazyload\" src=\"data:image\/gif;base64,R0lGODlhAQABAAAAACH5BAEKAAEALAAAAAABAAEAAAICTAEAOw==\" alt=\"\" width=\"300\" height=\"197\" sizes=\"(max-width: 300px) 100vw, 300px\" data-src=\"data:image\/gif;base64,R0lGODlhAQABAAAAACH5BAEKAAEALAAAAAABAAEAAAICTAEAOw==\" data-srcset=\"\" srcset=\"\"><\/a><\/p>","protected":false},"excerpt":{"rendered":"<p>Auto-charge est un syst\u00e8me de charge automatique modulaire, rapidement d\u00e9tachable et contr\u00f4lable.<\/p>","protected":false},"featured_media":22457,"comment_status":"open","ping_status":"closed","template":"","meta":[],"product_brand":[1193],"product_cat":[1042,1190,1192,1037],"product_tag":[1194,1206,1205],"class_list":{"0":"post-22455","1":"product","2":"type-product","3":"status-publish","4":"has-post-thumbnail","6":"product_brand-hexmove","7":"product_cat-chassis","8":"product_cat-hexmove","9":"product_cat-hexmove-accessories","10":"product_cat-robotics","11":"product_tag-hexmove","12":"product_tag-hexmove-accessories","13":"product_tag-hexmove-auto-charger","15":"first","16":"onbackorder","17":"taxable","18":"shipping-taxable","19":"product-type-simple"},"yoast_head":"<!-- This site is optimized with the Yoast SEO plugin v27.4 - https:\/\/yoast.com\/product\/yoast-seo-wordpress\/ -->\n<title>Hexmove AUTO CHARGER (ECHO Series) - Ghostysky<\/title>\n<meta name=\"description\" content=\"Auto-charge is a modular, quick-detachable, and controllable automatic charging system.\" \/>\n<meta name=\"robots\" content=\"index, follow, max-snippet:-1, max-image-preview:large, max-video-preview:-1\" \/>\n<link rel=\"canonical\" href=\"https:\/\/www.ghostysky.com\/fr\/product\/hexmove-auto-charger-echo-series\/\" \/>\n<meta property=\"og:locale\" content=\"fr_FR\" \/>\n<meta property=\"og:type\" content=\"article\" \/>\n<meta property=\"og:title\" content=\"Hexmove AUTO CHARGER (ECHO Series) - Ghostysky\" \/>\n<meta property=\"og:description\" content=\"Auto-charge is a modular, quick-detachable, and controllable automatic charging system.\" \/>\n<meta property=\"og:url\" content=\"https:\/\/www.ghostysky.com\/fr\/product\/hexmove-auto-charger-echo-series\/\" \/>\n<meta property=\"og:site_name\" content=\"Ghostysky\" \/>\n<meta property=\"article:publisher\" content=\"https:\/\/www.facebook.com\/people\/Ghostysky\/100057676170234\/\" \/>\n<meta property=\"article:modified_time\" content=\"2026-03-04T16:00:14+00:00\" \/>\n<meta property=\"og:image\" content=\"https:\/\/www.ghostysky.com\/wp-content\/uploads\/2025\/10\/GH_AutoCharging_ECHO_1.png\" \/>\n\t<meta property=\"og:image:width\" content=\"400\" \/>\n\t<meta property=\"og:image:height\" content=\"240\" \/>\n\t<meta property=\"og:image:type\" content=\"image\/png\" \/>\n<meta name=\"twitter:card\" content=\"summary_large_image\" \/>\n<meta name=\"twitter:site\" content=\"@Gh0stysky\" \/>\n<meta name=\"twitter:label1\" content=\"Dur\u00e9e de lecture estim\u00e9e\" \/>\n\t<meta name=\"twitter:data1\" content=\"2 minutes\" \/>\n<script type=\"application\/ld+json\" class=\"yoast-schema-graph\">{\"@context\":\"https:\\\/\\\/schema.org\",\"@graph\":[{\"@type\":\"WebPage\",\"@id\":\"https:\\\/\\\/www.ghostysky.com\\\/product\\\/hexmove-auto-charger-echo-series\\\/\",\"url\":\"https:\\\/\\\/www.ghostysky.com\\\/product\\\/hexmove-auto-charger-echo-series\\\/\",\"name\":\"Hexmove AUTO CHARGER (ECHO Series) - Ghostysky\",\"isPartOf\":{\"@id\":\"https:\\\/\\\/www.ghostysky.com\\\/#website\"},\"primaryImageOfPage\":{\"@id\":\"https:\\\/\\\/www.ghostysky.com\\\/product\\\/hexmove-auto-charger-echo-series\\\/#primaryimage\"},\"image\":{\"@id\":\"https:\\\/\\\/www.ghostysky.com\\\/product\\\/hexmove-auto-charger-echo-series\\\/#primaryimage\"},\"thumbnailUrl\":\"https:\\\/\\\/www.ghostysky.com\\\/wp-content\\\/uploads\\\/2025\\\/10\\\/GH_AutoCharging_ECHO_1.png\",\"datePublished\":\"2025-10-24T15:14:05+00:00\",\"dateModified\":\"2026-03-04T16:00:14+00:00\",\"description\":\"Auto-charge is a modular, quick-detachable, and controllable automatic charging system.\",\"breadcrumb\":{\"@id\":\"https:\\\/\\\/www.ghostysky.com\\\/product\\\/hexmove-auto-charger-echo-series\\\/#breadcrumb\"},\"inLanguage\":\"fr-FR\",\"potentialAction\":[{\"@type\":\"ReadAction\",\"target\":[\"https:\\\/\\\/www.ghostysky.com\\\/product\\\/hexmove-auto-charger-echo-series\\\/\"]}]},{\"@type\":\"ImageObject\",\"inLanguage\":\"fr-FR\",\"@id\":\"https:\\\/\\\/www.ghostysky.com\\\/product\\\/hexmove-auto-charger-echo-series\\\/#primaryimage\",\"url\":\"https:\\\/\\\/www.ghostysky.com\\\/wp-content\\\/uploads\\\/2025\\\/10\\\/GH_AutoCharging_ECHO_1.png\",\"contentUrl\":\"https:\\\/\\\/www.ghostysky.com\\\/wp-content\\\/uploads\\\/2025\\\/10\\\/GH_AutoCharging_ECHO_1.png\",\"width\":400,\"height\":240},{\"@type\":\"BreadcrumbList\",\"@id\":\"https:\\\/\\\/www.ghostysky.com\\\/product\\\/hexmove-auto-charger-echo-series\\\/#breadcrumb\",\"itemListElement\":[{\"@type\":\"ListItem\",\"position\":1,\"name\":\"Home\",\"item\":\"https:\\\/\\\/www.ghostysky.com\\\/\"},{\"@type\":\"ListItem\",\"position\":2,\"name\":\"Shop\",\"item\":\"https:\\\/\\\/www.ghostysky.com\\\/shop\\\/\"},{\"@type\":\"ListItem\",\"position\":3,\"name\":\"Hexmove AUTO CHARGER (ECHO Series)\"}]},{\"@type\":\"WebSite\",\"@id\":\"https:\\\/\\\/www.ghostysky.com\\\/#website\",\"url\":\"https:\\\/\\\/www.ghostysky.com\\\/\",\"name\":\"Ghostysky\",\"description\":\"Delivering professional drones and services\",\"publisher\":{\"@id\":\"https:\\\/\\\/www.ghostysky.com\\\/#organization\"},\"potentialAction\":[{\"@type\":\"SearchAction\",\"target\":{\"@type\":\"EntryPoint\",\"urlTemplate\":\"https:\\\/\\\/www.ghostysky.com\\\/?s={search_term_string}\"},\"query-input\":{\"@type\":\"PropertyValueSpecification\",\"valueRequired\":true,\"valueName\":\"search_term_string\"}}],\"inLanguage\":\"fr-FR\"},{\"@type\":\"Organization\",\"@id\":\"https:\\\/\\\/www.ghostysky.com\\\/#organization\",\"name\":\"Ghostysky\",\"url\":\"https:\\\/\\\/www.ghostysky.com\\\/\",\"logo\":{\"@type\":\"ImageObject\",\"inLanguage\":\"fr-FR\",\"@id\":\"https:\\\/\\\/www.ghostysky.com\\\/#\\\/schema\\\/logo\\\/image\\\/\",\"url\":\"https:\\\/\\\/www.ghostysky.com\\\/wp-content\\\/uploads\\\/2020\\\/06\\\/cropped-ghostyskylogo_text_white2.png\",\"contentUrl\":\"https:\\\/\\\/www.ghostysky.com\\\/wp-content\\\/uploads\\\/2020\\\/06\\\/cropped-ghostyskylogo_text_white2.png\",\"width\":169,\"height\":56,\"caption\":\"Ghostysky\"},\"image\":{\"@id\":\"https:\\\/\\\/www.ghostysky.com\\\/#\\\/schema\\\/logo\\\/image\\\/\"},\"sameAs\":[\"https:\\\/\\\/www.facebook.com\\\/people\\\/Ghostysky\\\/100057676170234\\\/\",\"https:\\\/\\\/x.com\\\/Gh0stysky\",\"https:\\\/\\\/www.linkedin.com\\\/company\\\/34739653\",\"https:\\\/\\\/www.instagram.com\\\/gh0stysky\"]}]}<\/script>\n<!-- \/ Yoast SEO plugin. -->","yoast_head_json":{"title":"Chargeur automatique Hexmove (s\u00e9rie ECHO) - Ghostysky","description":"Auto-charge est un syst\u00e8me de charge automatique modulaire, rapidement d\u00e9tachable et contr\u00f4lable.","robots":{"index":"index","follow":"follow","max-snippet":"max-snippet:-1","max-image-preview":"max-image-preview:large","max-video-preview":"max-video-preview:-1"},"canonical":"https:\/\/www.ghostysky.com\/fr\/product\/hexmove-auto-charger-echo-series\/","og_locale":"fr_FR","og_type":"article","og_title":"Hexmove AUTO CHARGER (ECHO Series) - Ghostysky","og_description":"Auto-charge is a modular, quick-detachable, and controllable automatic charging system.","og_url":"https:\/\/www.ghostysky.com\/fr\/product\/hexmove-auto-charger-echo-series\/","og_site_name":"Ghostysky","article_publisher":"https:\/\/www.facebook.com\/people\/Ghostysky\/100057676170234\/","article_modified_time":"2026-03-04T16:00:14+00:00","og_image":[{"width":400,"height":240,"url":"https:\/\/www.ghostysky.com\/wp-content\/uploads\/2025\/10\/GH_AutoCharging_ECHO_1.png","type":"image\/png"}],"twitter_card":"summary_large_image","twitter_site":"@Gh0stysky","twitter_misc":{"Dur\u00e9e de lecture estim\u00e9e":"2 minutes"},"schema":{"@context":"https:\/\/schema.org","@graph":[{"@type":"WebPage","@id":"https:\/\/www.ghostysky.com\/product\/hexmove-auto-charger-echo-series\/","url":"https:\/\/www.ghostysky.com\/product\/hexmove-auto-charger-echo-series\/","name":"Chargeur automatique Hexmove (s\u00e9rie ECHO) - Ghostysky","isPartOf":{"@id":"https:\/\/www.ghostysky.com\/#website"},"primaryImageOfPage":{"@id":"https:\/\/www.ghostysky.com\/product\/hexmove-auto-charger-echo-series\/#primaryimage"},"image":{"@id":"https:\/\/www.ghostysky.com\/product\/hexmove-auto-charger-echo-series\/#primaryimage"},"thumbnailUrl":"https:\/\/www.ghostysky.com\/wp-content\/uploads\/2025\/10\/GH_AutoCharging_ECHO_1.png","datePublished":"2025-10-24T15:14:05+00:00","dateModified":"2026-03-04T16:00:14+00:00","description":"Auto-charge est un syst\u00e8me de charge automatique modulaire, rapidement d\u00e9tachable et contr\u00f4lable.","breadcrumb":{"@id":"https:\/\/www.ghostysky.com\/product\/hexmove-auto-charger-echo-series\/#breadcrumb"},"inLanguage":"fr-FR","potentialAction":[{"@type":"ReadAction","target":["https:\/\/www.ghostysky.com\/product\/hexmove-auto-charger-echo-series\/"]}]},{"@type":"ImageObject","inLanguage":"fr-FR","@id":"https:\/\/www.ghostysky.com\/product\/hexmove-auto-charger-echo-series\/#primaryimage","url":"https:\/\/www.ghostysky.com\/wp-content\/uploads\/2025\/10\/GH_AutoCharging_ECHO_1.png","contentUrl":"https:\/\/www.ghostysky.com\/wp-content\/uploads\/2025\/10\/GH_AutoCharging_ECHO_1.png","width":400,"height":240},{"@type":"BreadcrumbList","@id":"https:\/\/www.ghostysky.com\/product\/hexmove-auto-charger-echo-series\/#breadcrumb","itemListElement":[{"@type":"ListItem","position":1,"name":"Home","item":"https:\/\/www.ghostysky.com\/"},{"@type":"ListItem","position":2,"name":"Shop","item":"https:\/\/www.ghostysky.com\/shop\/"},{"@type":"ListItem","position":3,"name":"Hexmove AUTO CHARGER (ECHO Series)"}]},{"@type":"WebSite","@id":"https:\/\/www.ghostysky.com\/#website","url":"https:\/\/www.ghostysky.com\/","name":"Ghostysky","description":"Livraison de drones et de services professionnels","publisher":{"@id":"https:\/\/www.ghostysky.com\/#organization"},"potentialAction":[{"@type":"SearchAction","target":{"@type":"EntryPoint","urlTemplate":"https:\/\/www.ghostysky.com\/?s={search_term_string}"},"query-input":{"@type":"PropertyValueSpecification","valueRequired":true,"valueName":"search_term_string"}}],"inLanguage":"fr-FR"},{"@type":"Organization","@id":"https:\/\/www.ghostysky.com\/#organization","name":"Ghostysky","url":"https:\/\/www.ghostysky.com\/","logo":{"@type":"ImageObject","inLanguage":"fr-FR","@id":"https:\/\/www.ghostysky.com\/#\/schema\/logo\/image\/","url":"https:\/\/www.ghostysky.com\/wp-content\/uploads\/2020\/06\/cropped-ghostyskylogo_text_white2.png","contentUrl":"https:\/\/www.ghostysky.com\/wp-content\/uploads\/2020\/06\/cropped-ghostyskylogo_text_white2.png","width":169,"height":56,"caption":"Ghostysky"},"image":{"@id":"https:\/\/www.ghostysky.com\/#\/schema\/logo\/image\/"},"sameAs":["https:\/\/www.facebook.com\/people\/Ghostysky\/100057676170234\/","https:\/\/x.com\/Gh0stysky","https:\/\/www.linkedin.com\/company\/34739653","https:\/\/www.instagram.com\/gh0stysky"]}]}},"_links":{"self":[{"href":"https:\/\/www.ghostysky.com\/fr\/wp-json\/wp\/v2\/product\/22455","targetHints":{"allow":["GET"]}}],"collection":[{"href":"https:\/\/www.ghostysky.com\/fr\/wp-json\/wp\/v2\/product"}],"about":[{"href":"https:\/\/www.ghostysky.com\/fr\/wp-json\/wp\/v2\/types\/product"}],"replies":[{"embeddable":true,"href":"https:\/\/www.ghostysky.com\/fr\/wp-json\/wp\/v2\/comments?post=22455"}],"version-history":[{"count":0,"href":"https:\/\/www.ghostysky.com\/fr\/wp-json\/wp\/v2\/product\/22455\/revisions"}],"wp:featuredmedia":[{"embeddable":true,"href":"https:\/\/www.ghostysky.com\/fr\/wp-json\/wp\/v2\/media\/22457"}],"wp:attachment":[{"href":"https:\/\/www.ghostysky.com\/fr\/wp-json\/wp\/v2\/media?parent=22455"}],"wp:term":[{"taxonomy":"product_brand","embeddable":true,"href":"https:\/\/www.ghostysky.com\/fr\/wp-json\/wp\/v2\/product_brand?post=22455"},{"taxonomy":"product_cat","embeddable":true,"href":"https:\/\/www.ghostysky.com\/fr\/wp-json\/wp\/v2\/product_cat?post=22455"},{"taxonomy":"product_tag","embeddable":true,"href":"https:\/\/www.ghostysky.com\/fr\/wp-json\/wp\/v2\/product_tag?post=22455"}],"curies":[{"name":"wp","href":"https:\/\/api.w.org\/{rel}","templated":true}]}}