{"id":22528,"date":"2025-10-25T07:40:24","date_gmt":"2025-10-25T07:40:24","guid":{"rendered":"https:\/\/www.ghostysky.com\/?post_type=product&#038;p=22528"},"modified":"2025-10-25T07:53:06","modified_gmt":"2025-10-25T07:53:06","slug":"aplitop-tcpmdt-professional","status":"publish","type":"product","link":"https:\/\/www.ghostysky.com\/fr\/product\/aplitop-tcpmdt-professional\/","title":{"rendered":"Aplitop tcpMDT Professionnel"},"content":{"rendered":"<h4>Principales fonctionnalit\u00e9s et applications<\/h4>\n<ul>\n<li><b>Conception des infrastructures :<\/b><span class=\"citation-22\"> Inclut des outils de conception <\/span><b><span class=\"citation-22\">alignements horizontaux et verticaux<\/span><\/b><span class=\"citation-22 citation-end-22\"> pour les routes et autres infrastructures.<\/span><\/li>\n<li><b>Mod\u00e9lisation num\u00e9rique du terrain (MNT) :<\/b><span class=\"citation-21\"> Fonctions avanc\u00e9es pour la cr\u00e9ation, l&#039;\u00e9dition et l&#039;analyse <\/span><b><span class=\"citation-21\">mod\u00e8les num\u00e9riques de terrain<\/span><\/b><span class=\"citation-21\">, g\u00e9n\u00e9rant <\/span><b><span class=\"citation-21\">courbes de niveau<\/span><\/b><span class=\"citation-21\">, et travailler avec des surfaces, y compris des outils pour <\/span><b><span class=\"citation-21\">sous-couches<\/span><\/b><span class=\"citation-21 citation-end-21\"> et analyse des pentes.<\/span><\/li>\n<li><b><span class=\"citation-20\">Terrassements et calcul de volume :<\/span><\/b><span class=\"citation-20\"> Fonctionnalit\u00e9s pour d\u00e9finir <\/span><b><span class=\"citation-20\">coupes transversales du projet<\/span><\/b><span class=\"citation-20\"> (plates-formes, foss\u00e9s, pentes, couches de chauss\u00e9e), calcul <\/span><b><span class=\"citation-20\">volumes de d\u00e9blais et de remblais<\/span><\/b><span class=\"citation-20\">, et g\u00e9n\u00e9rer des donn\u00e9es d\u00e9taill\u00e9es <\/span><b><span class=\"citation-20\">rapports de superficie et de volume<\/span><\/b><span class=\"citation-20 citation-end-20\">.<\/span><\/li>\n<li><b><span class=\"citation-19\">Conception du r\u00e9seau :<\/span><\/b><span class=\"citation-19\"> Outils de dessin et de conception <\/span><b><span class=\"citation-19\">r\u00e9seaux d&#039;eau, d&#039;assainissement et d&#039;eaux pluviales<\/span><\/b><span class=\"citation-19 citation-end-19\">, y compris la repr\u00e9sentation en vue de dessus, de profil et en coupes transversales.<\/span><\/li>\n<li><b><span class=\"citation-18\">Implantation :<\/span><\/b><span class=\"citation-18\"> Des outils complets pour <\/span><b><span class=\"citation-18\">mise en place<\/span><\/b><span class=\"citation-18 citation-end-18\"> routes et points isol\u00e9s, g\u00e9n\u00e9rant des listes de sommets de plates-formes, de pentes, etc.<\/span><\/li>\n<li><b><span class=\"citation-17\">Int\u00e9gration BIM et SIG :<\/span><\/b><span class=\"citation-17\"> Prend en charge l&#039;int\u00e9gration dans <\/span><b><span class=\"citation-17\">Flux de travail OpenBIM<\/span><\/b><span class=\"citation-17\"> gr\u00e2ce \u00e0 l&#039;\u00e9change de fichiers standard de l&#039;industrie tels que <\/span><b><span class=\"citation-17\">SFI<\/span><\/b><span class=\"citation-17\"> et <\/span><b><span class=\"citation-17\">LandXML<\/span><\/b><span class=\"citation-17 citation-end-17\">.<\/span> <span class=\"citation-16\">Il permet \u00e9galement l&#039;importation et l&#039;exportation <\/span><b><span class=\"citation-16\">donn\u00e9es SIG<\/span><\/b><span class=\"citation-16 citation-end-16\"> et des services de cartographie Web.<\/span><\/li>\n<li><b>Visualisation et reporting :<\/b><span class=\"citation-15\"> Les fonctionnalit\u00e9s incluent un <\/span><b><span class=\"citation-15\">visite virtuelle<\/span><\/b><span class=\"citation-15 citation-end-15\"> avec exportation vers vid\u00e9o et g\u00e9n\u00e9ration de rapports de mesure d\u00e9taill\u00e9s, de relev\u00e9s de quantit\u00e9s et de budgets.<\/span><\/li>\n<li><b><span class=\"citation-14\">Int\u00e9gration CAO :<\/span><\/b><span class=\"citation-14 citation-end-14\"> Ses fonctionnalit\u00e9s sont parfaitement int\u00e9gr\u00e9es dans l\u2019environnement CAO choisi par l\u2019utilisateur.<\/span><\/li>\n<\/ul>\n<p><span class=\"citation-13\">Le logiciel convient \u00e0 un large \u00e9ventail de projets, tels que <\/span><b><span class=\"citation-13\">routes, am\u00e9nagements urbains, carri\u00e8res, mines et projets environnementaux<\/span><\/b><span class=\"citation-13 citation-end-13\">.<\/span><\/p>","protected":false},"excerpt":{"rendered":"<p><span class=\"citation-25\">Le <\/span><b><span class=\"citation-25\">Aplitop tcpMDT Professionnel<\/span><\/b><span class=\"citation-25\"> le logiciel est un <\/span><b><span class=\"citation-25\">solution compl\u00e8te pour les projets d&#039;arpentage et de g\u00e9nie civil<\/span><\/b><span class=\"citation-25 citation-end-25\">.<\/span> <span class=\"citation-24\">Il fonctionne comme un plugin pour diverses plates-formes de CAO, notamment <\/span><b><span class=\"citation-24\">AutoCAD<\/span><\/b><span class=\"citation-24\">, <\/span><b><span class=\"citation-24\">BricsCAD<\/span><\/b><span class=\"citation-24\">, <\/span><b><span class=\"citation-24\">GstarCAD<\/span><\/b><span class=\"citation-24\">, et <\/span><b><span class=\"citation-24\">ZWCAD<\/span><\/b><span class=\"citation-24 citation-end-24\">, offrant un ensemble d&#039;outils modulaire et polyvalent.<\/span><\/p>\n<p><span class=\"citation-23\">Cette version professionnelle est con\u00e7ue pour accompagner l&#039;utilisateur \u00e0 travers <\/span><b><span class=\"citation-23\">toutes les \u00e9tapes d&#039;un projet de topographie et de g\u00e9nie civil<\/span><\/b><span class=\"citation-23 citation-end-23\">, englobant toutes les fonctionnalit\u00e9s de la version standard ainsi que des capacit\u00e9s avanc\u00e9es.<\/span><\/p>","protected":false},"featured_media":22523,"comment_status":"open","ping_status":"closed","template":"","meta":[],"product_brand":[1208],"product_cat":[1207,31],"product_tag":[1209,1213],"class_list":{"0":"post-22528","1":"product","2":"type-product","3":"status-publish","4":"has-post-thumbnail","6":"product_brand-aplitop","7":"product_cat-aplitop","8":"product_cat-software","9":"product_tag-aplitop","10":"product_tag-aplitop-tcpmdt-professional","12":"first","13":"instock","14":"taxable","15":"shipping-taxable","16":"purchasable","17":"product-type-simple"},"yoast_head":"<!-- This site is optimized with the Yoast SEO plugin v27.4 - https:\/\/yoast.com\/product\/yoast-seo-wordpress\/ -->\n<title>Aplitop tcpMDT Professional - Ghostysky<\/title>\n<meta name=\"description\" content=\"The Aplitop tcpMDT Professional software is a comprehensive solution for Land Surveying and Civil Engineering projects. It operates as a plugin for various CAD platforms, including AutoCAD, BricsCAD, GstarCAD, and ZWCAD, offering a modular and versatile set of tools.This professional version is designed to support the user through all stages of a Topography and Civil Engineering project, encompassing all functionalities of the Standard Version plus advanced capabilities.\" \/>\n<meta name=\"robots\" content=\"index, follow, max-snippet:-1, max-image-preview:large, max-video-preview:-1\" \/>\n<link rel=\"canonical\" href=\"https:\/\/www.ghostysky.com\/fr\/product\/aplitop-tcpmdt-professional\/\" \/>\n<meta property=\"og:locale\" content=\"fr_FR\" \/>\n<meta property=\"og:type\" content=\"article\" \/>\n<meta property=\"og:title\" content=\"Aplitop tcpMDT Professional - Ghostysky\" \/>\n<meta property=\"og:description\" content=\"The Aplitop tcpMDT Professional software is a comprehensive solution for Land Surveying and Civil Engineering projects. It operates as a plugin for various CAD platforms, including AutoCAD, BricsCAD, GstarCAD, and ZWCAD, offering a modular and versatile set of tools.This professional version is designed to support the user through all stages of a Topography and Civil Engineering project, encompassing all functionalities of the Standard Version plus advanced capabilities.\" \/>\n<meta property=\"og:url\" content=\"https:\/\/www.ghostysky.com\/fr\/product\/aplitop-tcpmdt-professional\/\" \/>\n<meta property=\"og:site_name\" content=\"Ghostysky\" \/>\n<meta property=\"article:publisher\" content=\"https:\/\/www.facebook.com\/people\/Ghostysky\/100057676170234\/\" \/>\n<meta property=\"article:modified_time\" content=\"2025-10-25T07:53:06+00:00\" \/>\n<meta property=\"og:image\" content=\"https:\/\/www.ghostysky.com\/wp-content\/uploads\/2025\/10\/GH_tcpMDT_1.jpg\" \/>\n\t<meta property=\"og:image:width\" content=\"500\" \/>\n\t<meta property=\"og:image:height\" content=\"500\" \/>\n\t<meta property=\"og:image:type\" content=\"image\/jpeg\" \/>\n<meta name=\"twitter:card\" content=\"summary_large_image\" \/>\n<meta name=\"twitter:site\" content=\"@Gh0stysky\" \/>\n<meta name=\"twitter:label1\" content=\"Dur\u00e9e de lecture estim\u00e9e\" \/>\n\t<meta name=\"twitter:data1\" content=\"2 minutes\" \/>\n<script type=\"application\/ld+json\" class=\"yoast-schema-graph\">{\"@context\":\"https:\\\/\\\/schema.org\",\"@graph\":[{\"@type\":\"WebPage\",\"@id\":\"https:\\\/\\\/www.ghostysky.com\\\/product\\\/aplitop-tcpmdt-professional\\\/\",\"url\":\"https:\\\/\\\/www.ghostysky.com\\\/product\\\/aplitop-tcpmdt-professional\\\/\",\"name\":\"Aplitop tcpMDT Professional - Ghostysky\",\"isPartOf\":{\"@id\":\"https:\\\/\\\/www.ghostysky.com\\\/#website\"},\"primaryImageOfPage\":{\"@id\":\"https:\\\/\\\/www.ghostysky.com\\\/product\\\/aplitop-tcpmdt-professional\\\/#primaryimage\"},\"image\":{\"@id\":\"https:\\\/\\\/www.ghostysky.com\\\/product\\\/aplitop-tcpmdt-professional\\\/#primaryimage\"},\"thumbnailUrl\":\"https:\\\/\\\/www.ghostysky.com\\\/wp-content\\\/uploads\\\/2025\\\/10\\\/GH_tcpMDT_1.jpg\",\"datePublished\":\"2025-10-25T07:40:24+00:00\",\"dateModified\":\"2025-10-25T07:53:06+00:00\",\"description\":\"The Aplitop tcpMDT Professional software is a comprehensive solution for Land Surveying and Civil Engineering projects. It operates as a plugin for various CAD platforms, including AutoCAD, BricsCAD, GstarCAD, and ZWCAD, offering a modular and versatile set of tools.This professional version is designed to support the user through all stages of a Topography and Civil Engineering project, encompassing all functionalities of the Standard Version plus advanced capabilities.\",\"breadcrumb\":{\"@id\":\"https:\\\/\\\/www.ghostysky.com\\\/product\\\/aplitop-tcpmdt-professional\\\/#breadcrumb\"},\"inLanguage\":\"fr-FR\",\"potentialAction\":[{\"@type\":\"ReadAction\",\"target\":[\"https:\\\/\\\/www.ghostysky.com\\\/product\\\/aplitop-tcpmdt-professional\\\/\"]}]},{\"@type\":\"ImageObject\",\"inLanguage\":\"fr-FR\",\"@id\":\"https:\\\/\\\/www.ghostysky.com\\\/product\\\/aplitop-tcpmdt-professional\\\/#primaryimage\",\"url\":\"https:\\\/\\\/www.ghostysky.com\\\/wp-content\\\/uploads\\\/2025\\\/10\\\/GH_tcpMDT_1.jpg\",\"contentUrl\":\"https:\\\/\\\/www.ghostysky.com\\\/wp-content\\\/uploads\\\/2025\\\/10\\\/GH_tcpMDT_1.jpg\",\"width\":500,\"height\":500},{\"@type\":\"BreadcrumbList\",\"@id\":\"https:\\\/\\\/www.ghostysky.com\\\/product\\\/aplitop-tcpmdt-professional\\\/#breadcrumb\",\"itemListElement\":[{\"@type\":\"ListItem\",\"position\":1,\"name\":\"Home\",\"item\":\"https:\\\/\\\/www.ghostysky.com\\\/\"},{\"@type\":\"ListItem\",\"position\":2,\"name\":\"Shop\",\"item\":\"https:\\\/\\\/www.ghostysky.com\\\/shop\\\/\"},{\"@type\":\"ListItem\",\"position\":3,\"name\":\"Aplitop tcpMDT Professional\"}]},{\"@type\":\"WebSite\",\"@id\":\"https:\\\/\\\/www.ghostysky.com\\\/#website\",\"url\":\"https:\\\/\\\/www.ghostysky.com\\\/\",\"name\":\"Ghostysky\",\"description\":\"Delivering professional drones and robotics solutions\",\"publisher\":{\"@id\":\"https:\\\/\\\/www.ghostysky.com\\\/#organization\"},\"potentialAction\":[{\"@type\":\"SearchAction\",\"target\":{\"@type\":\"EntryPoint\",\"urlTemplate\":\"https:\\\/\\\/www.ghostysky.com\\\/?s={search_term_string}\"},\"query-input\":{\"@type\":\"PropertyValueSpecification\",\"valueRequired\":true,\"valueName\":\"search_term_string\"}}],\"inLanguage\":\"fr-FR\"},{\"@type\":\"Organization\",\"@id\":\"https:\\\/\\\/www.ghostysky.com\\\/#organization\",\"name\":\"Ghostysky\",\"url\":\"https:\\\/\\\/www.ghostysky.com\\\/\",\"logo\":{\"@type\":\"ImageObject\",\"inLanguage\":\"fr-FR\",\"@id\":\"https:\\\/\\\/www.ghostysky.com\\\/#\\\/schema\\\/logo\\\/image\\\/\",\"url\":\"https:\\\/\\\/www.ghostysky.com\\\/wp-content\\\/uploads\\\/2020\\\/06\\\/cropped-ghostyskylogo_text_white2.png\",\"contentUrl\":\"https:\\\/\\\/www.ghostysky.com\\\/wp-content\\\/uploads\\\/2020\\\/06\\\/cropped-ghostyskylogo_text_white2.png\",\"width\":169,\"height\":56,\"caption\":\"Ghostysky\"},\"image\":{\"@id\":\"https:\\\/\\\/www.ghostysky.com\\\/#\\\/schema\\\/logo\\\/image\\\/\"},\"sameAs\":[\"https:\\\/\\\/www.facebook.com\\\/people\\\/Ghostysky\\\/100057676170234\\\/\",\"https:\\\/\\\/x.com\\\/Gh0stysky\",\"https:\\\/\\\/www.linkedin.com\\\/company\\\/34739653\",\"https:\\\/\\\/www.instagram.com\\\/gh0stysky\"]}]}<\/script>\n<!-- \/ Yoast SEO plugin. -->","yoast_head_json":{"title":"Aplitop tcpMDT Professionnel - Ghostysky","description":"Le logiciel Aplitop tcpMDT Professional est une solution compl\u00e8te pour les projets de topographie et de g\u00e9nie civil. Il fonctionne comme un plug-in pour diverses plateformes de CAO, dont AutoCAD, BricsCAD, GstarCAD et ZWCAD, offrant un ensemble d&#039;outils modulaire et polyvalent. Cette version professionnelle est con\u00e7ue pour accompagner l&#039;utilisateur \u00e0 toutes les \u00e9tapes d&#039;un projet de topographie et de g\u00e9nie civil, int\u00e9grant toutes les fonctionnalit\u00e9s de la version Standard, ainsi que des fonctionnalit\u00e9s avanc\u00e9es.","robots":{"index":"index","follow":"follow","max-snippet":"max-snippet:-1","max-image-preview":"max-image-preview:large","max-video-preview":"max-video-preview:-1"},"canonical":"https:\/\/www.ghostysky.com\/fr\/product\/aplitop-tcpmdt-professional\/","og_locale":"fr_FR","og_type":"article","og_title":"Aplitop tcpMDT Professional - Ghostysky","og_description":"The Aplitop tcpMDT Professional software is a comprehensive solution for Land Surveying and Civil Engineering projects. It operates as a plugin for various CAD platforms, including AutoCAD, BricsCAD, GstarCAD, and ZWCAD, offering a modular and versatile set of tools.This professional version is designed to support the user through all stages of a Topography and Civil Engineering project, encompassing all functionalities of the Standard Version plus advanced capabilities.","og_url":"https:\/\/www.ghostysky.com\/fr\/product\/aplitop-tcpmdt-professional\/","og_site_name":"Ghostysky","article_publisher":"https:\/\/www.facebook.com\/people\/Ghostysky\/100057676170234\/","article_modified_time":"2025-10-25T07:53:06+00:00","og_image":[{"width":500,"height":500,"url":"https:\/\/www.ghostysky.com\/wp-content\/uploads\/2025\/10\/GH_tcpMDT_1.jpg","type":"image\/jpeg"}],"twitter_card":"summary_large_image","twitter_site":"@Gh0stysky","twitter_misc":{"Dur\u00e9e de lecture estim\u00e9e":"2 minutes"},"schema":{"@context":"https:\/\/schema.org","@graph":[{"@type":"WebPage","@id":"https:\/\/www.ghostysky.com\/product\/aplitop-tcpmdt-professional\/","url":"https:\/\/www.ghostysky.com\/product\/aplitop-tcpmdt-professional\/","name":"Aplitop tcpMDT Professionnel - Ghostysky","isPartOf":{"@id":"https:\/\/www.ghostysky.com\/#website"},"primaryImageOfPage":{"@id":"https:\/\/www.ghostysky.com\/product\/aplitop-tcpmdt-professional\/#primaryimage"},"image":{"@id":"https:\/\/www.ghostysky.com\/product\/aplitop-tcpmdt-professional\/#primaryimage"},"thumbnailUrl":"https:\/\/www.ghostysky.com\/wp-content\/uploads\/2025\/10\/GH_tcpMDT_1.jpg","datePublished":"2025-10-25T07:40:24+00:00","dateModified":"2025-10-25T07:53:06+00:00","description":"Le logiciel Aplitop tcpMDT Professional est une solution compl\u00e8te pour les projets de topographie et de g\u00e9nie civil. Il fonctionne comme un plug-in pour diverses plateformes de CAO, dont AutoCAD, BricsCAD, GstarCAD et ZWCAD, offrant un ensemble d&#039;outils modulaire et polyvalent. Cette version professionnelle est con\u00e7ue pour accompagner l&#039;utilisateur \u00e0 toutes les \u00e9tapes d&#039;un projet de topographie et de g\u00e9nie civil, int\u00e9grant toutes les fonctionnalit\u00e9s de la version Standard, ainsi que des fonctionnalit\u00e9s avanc\u00e9es.","breadcrumb":{"@id":"https:\/\/www.ghostysky.com\/product\/aplitop-tcpmdt-professional\/#breadcrumb"},"inLanguage":"fr-FR","potentialAction":[{"@type":"ReadAction","target":["https:\/\/www.ghostysky.com\/product\/aplitop-tcpmdt-professional\/"]}]},{"@type":"ImageObject","inLanguage":"fr-FR","@id":"https:\/\/www.ghostysky.com\/product\/aplitop-tcpmdt-professional\/#primaryimage","url":"https:\/\/www.ghostysky.com\/wp-content\/uploads\/2025\/10\/GH_tcpMDT_1.jpg","contentUrl":"https:\/\/www.ghostysky.com\/wp-content\/uploads\/2025\/10\/GH_tcpMDT_1.jpg","width":500,"height":500},{"@type":"BreadcrumbList","@id":"https:\/\/www.ghostysky.com\/product\/aplitop-tcpmdt-professional\/#breadcrumb","itemListElement":[{"@type":"ListItem","position":1,"name":"Home","item":"https:\/\/www.ghostysky.com\/"},{"@type":"ListItem","position":2,"name":"Shop","item":"https:\/\/www.ghostysky.com\/shop\/"},{"@type":"ListItem","position":3,"name":"Aplitop tcpMDT Professional"}]},{"@type":"WebSite","@id":"https:\/\/www.ghostysky.com\/#website","url":"https:\/\/www.ghostysky.com\/","name":"Ghostysky","description":"Fourniture de solutions professionnelles en mati\u00e8re de drones et de robotique","publisher":{"@id":"https:\/\/www.ghostysky.com\/#organization"},"potentialAction":[{"@type":"SearchAction","target":{"@type":"EntryPoint","urlTemplate":"https:\/\/www.ghostysky.com\/?s={search_term_string}"},"query-input":{"@type":"PropertyValueSpecification","valueRequired":true,"valueName":"search_term_string"}}],"inLanguage":"fr-FR"},{"@type":"Organization","@id":"https:\/\/www.ghostysky.com\/#organization","name":"Ghostysky","url":"https:\/\/www.ghostysky.com\/","logo":{"@type":"ImageObject","inLanguage":"fr-FR","@id":"https:\/\/www.ghostysky.com\/#\/schema\/logo\/image\/","url":"https:\/\/www.ghostysky.com\/wp-content\/uploads\/2020\/06\/cropped-ghostyskylogo_text_white2.png","contentUrl":"https:\/\/www.ghostysky.com\/wp-content\/uploads\/2020\/06\/cropped-ghostyskylogo_text_white2.png","width":169,"height":56,"caption":"Ghostysky"},"image":{"@id":"https:\/\/www.ghostysky.com\/#\/schema\/logo\/image\/"},"sameAs":["https:\/\/www.facebook.com\/people\/Ghostysky\/100057676170234\/","https:\/\/x.com\/Gh0stysky","https:\/\/www.linkedin.com\/company\/34739653","https:\/\/www.instagram.com\/gh0stysky"]}]}},"_links":{"self":[{"href":"https:\/\/www.ghostysky.com\/fr\/wp-json\/wp\/v2\/product\/22528","targetHints":{"allow":["GET"]}}],"collection":[{"href":"https:\/\/www.ghostysky.com\/fr\/wp-json\/wp\/v2\/product"}],"about":[{"href":"https:\/\/www.ghostysky.com\/fr\/wp-json\/wp\/v2\/types\/product"}],"replies":[{"embeddable":true,"href":"https:\/\/www.ghostysky.com\/fr\/wp-json\/wp\/v2\/comments?post=22528"}],"version-history":[{"count":0,"href":"https:\/\/www.ghostysky.com\/fr\/wp-json\/wp\/v2\/product\/22528\/revisions"}],"wp:featuredmedia":[{"embeddable":true,"href":"https:\/\/www.ghostysky.com\/fr\/wp-json\/wp\/v2\/media\/22523"}],"wp:attachment":[{"href":"https:\/\/www.ghostysky.com\/fr\/wp-json\/wp\/v2\/media?parent=22528"}],"wp:term":[{"taxonomy":"product_brand","embeddable":true,"href":"https:\/\/www.ghostysky.com\/fr\/wp-json\/wp\/v2\/product_brand?post=22528"},{"taxonomy":"product_cat","embeddable":true,"href":"https:\/\/www.ghostysky.com\/fr\/wp-json\/wp\/v2\/product_cat?post=22528"},{"taxonomy":"product_tag","embeddable":true,"href":"https:\/\/www.ghostysky.com\/fr\/wp-json\/wp\/v2\/product_tag?post=22528"}],"curies":[{"name":"wp","href":"https:\/\/api.w.org\/{rel}","templated":true}]}}