{"id":22574,"date":"2025-10-28T06:40:00","date_gmt":"2025-10-28T06:40:00","guid":{"rendered":"https:\/\/www.ghostysky.com\/?post_type=product&#038;p=22574"},"modified":"2025-10-28T06:48:58","modified_gmt":"2025-10-28T06:48:58","slug":"tcpmdt-professional-surveying","status":"publish","type":"product","link":"https:\/\/www.ghostysky.com\/fr\/product\/tcpmdt-professional-surveying\/","title":{"rendered":"tcpMDT Professionnel + Arpentage"},"content":{"rendered":"<h3>Principales caract\u00e9ristiques et fonctionnalit\u00e9s<\/h3>\n<h4>1. Arpentage et traitement des donn\u00e9es<\/h4>\n<p><span class=\"citation-71\">Le <\/span><b><span class=\"citation-71\">Module d&#039;arpentage<\/span><\/b><span class=\"citation-71 citation-end-71\"> fournit des outils essentiels pour le traitement initial des donn\u00e9es :<\/span><\/p>\n<ul>\n<li><b><span class=\"citation-70\">Station totale et donn\u00e9es GNSS :<\/span><\/b><span class=\"citation-70 citation-end-70\"> Importe et traite les observations des stations totales et des r\u00e9cepteurs GNSS (GPS\/GLONASS).<\/span><\/li>\n<li><b><span class=\"citation-69\">Transformations de coordonn\u00e9es\u00a0:<\/span><\/b><span class=\"citation-69 citation-end-69\"> Effectue des transformations de coordonn\u00e9es globales et locales, y compris la base de donn\u00e9es EPSG des syst\u00e8mes de r\u00e9f\u00e9rence organis\u00e9s par pays.<\/span><\/li>\n<li><b><span class=\"citation-68\">Calculs g\u00e9od\u00e9siques :<\/span><\/b><span class=\"citation-68 citation-end-68\"> Calcule les coordonn\u00e9es des points et ajuste les parcours et les r\u00e9seaux pour un positionnement spatial pr\u00e9cis.<\/span><\/li>\n<\/ul>\n<p>&nbsp;<\/p>\n<h4>2. <span class=\"citation-67 citation-end-67\">Mod\u00e9lisation num\u00e9rique du terrain (MNT) et terrassements<\/span><\/h4>\n<ul>\n<li><b>Mod\u00e9lisation du terrain :<\/b><span class=\"citation-66 citation-end-66\"> Cr\u00e9e, modifie et analyse des mod\u00e8les num\u00e9riques de terrain (MNT) \u00e0 partir de points mesur\u00e9s ou de nuages de points.<\/span><\/li>\n<li><b>Visualisation et analyse :<\/b><span class=\"citation-65\"> G\u00e9n\u00e8re <\/span><b><span class=\"citation-65\">courbes de niveau<\/span><\/b><span class=\"citation-65 citation-end-65\">, cartes des pentes, cartes des ombres, cartes d&#039;\u00e9l\u00e9vation et cartes de visibilit\u00e9.<\/span> <span class=\"citation-64\">Inclut un r\u00e9aliste <\/span><b><span class=\"citation-64\">rendu 3D<\/span><\/b><span class=\"citation-64 citation-end-64\"> et spectateur de r\u00e9alit\u00e9 virtuelle.<\/span><\/li>\n<li><b><span class=\"citation-63\">Calcul du volume :<\/span><\/b><span class=\"citation-63\"> Ex\u00e9cute <\/span><b><span class=\"citation-63\">calculs de volume de d\u00e9blais et de remblais<\/span><\/b><span class=\"citation-63 citation-end-63\"> entre les surfaces, y compris les calculs pour les stocks.<\/span><\/li>\n<li><b><span class=\"citation-62\">Terrassements avanc\u00e9s :<\/span><\/b><span class=\"citation-62 citation-end-62\"> Fonctionnalit\u00e9s permettant de d\u00e9finir des sections transversales de projets (plates-formes, foss\u00e9s, talus, couches de chauss\u00e9e) pour des nivellements complexes et des esplanades.<\/span><\/li>\n<\/ul>\n<p>&nbsp;<\/p>\n<h4>3. Conception de g\u00e9nie civil<\/h4>\n<ul>\n<li><b><span class=\"citation-61\">Conception de l&#039;alignement :<\/span><\/b><span class=\"citation-61\"> Outils pour concevoir \u00e0 la fois <\/span><b><span class=\"citation-61\">alignements horizontaux et verticaux<\/span><\/b><span class=\"citation-61 citation-end-61\"> pour les routes, les chemins de fer et autres infrastructures lin\u00e9aires.<\/span><\/li>\n<li><b>Coupes transversales et mod\u00e8les :<\/b><span class=\"citation-60 citation-end-60\"> D\u00e9finit et dessine les coupes transversales\/mod\u00e8les du projet et leurs composants.<\/span><\/li>\n<li><b><span class=\"citation-59\">Conception du r\u00e9seau :<\/span><\/b><span class=\"citation-59\"> Outils pour dessiner et concevoir des r\u00e9seaux de services publics, y compris <\/span><b><span class=\"citation-59\">r\u00e9seaux d&#039;eau, d&#039;assainissement et d&#039;eaux pluviales<\/span><\/b><span class=\"citation-59 citation-end-59\">, avec repr\u00e9sentation en vue de dessus, de profil et en coupes transversales.<\/span><\/li>\n<\/ul>\n<p>&nbsp;<\/p>\n<h4>4. Rapports, implantation et int\u00e9gration<\/h4>\n<ul>\n<li><b>Rapports :<\/b><span class=\"citation-58 citation-end-58\"> G\u00e9n\u00e8re des rapports d\u00e9taill\u00e9s sur les mesures de surface et de volume, les budgets, les d\u00e9collages de quantit\u00e9s, etc.<\/span><\/li>\n<li><b><span class=\"citation-57\">Surveillance:<\/span><\/b><span class=\"citation-57\"> Des outils complets pour g\u00e9n\u00e9rer <\/span><b><span class=\"citation-57\">listes de surveillance<\/span><\/b><span class=\"citation-57 citation-end-57\"> pour les points isol\u00e9s et les projets lin\u00e9aires.<\/span><\/li>\n<li><b><span class=\"citation-56\">Int\u00e9gration BIM et SIG :<\/span><\/b><span class=\"citation-56\"> Facilite l\u2019int\u00e9gration dans <\/span><b><span class=\"citation-56\">Flux de travail OpenBIM<\/span><\/b><span class=\"citation-56\"> gr\u00e2ce \u00e0 l&#039;\u00e9change de fichiers standard de l&#039;industrie tels que <\/span><b><span class=\"citation-56\">SFI<\/span><\/b><span class=\"citation-56\"> et <\/span><b><span class=\"citation-56\">LandXML<\/span><\/b><span class=\"citation-56 citation-end-56\">.<\/span> <span class=\"citation-55\">Il prend \u00e9galement en charge l&#039;importation et l&#039;exportation <\/span><b><span class=\"citation-55\">donn\u00e9es SIG<\/span><\/b><span class=\"citation-55 citation-end-55\"> et acc\u00e9der aux services de cartographie Web.<\/span><\/li>\n<li><b>Visite virtuelle:<\/b><span class=\"citation-54 citation-end-54\"> Inclut une fonction de visite virtuelle avec exportation vers vid\u00e9o.<\/span>\n<div class=\"source-inline-chip-container ng-star-inserted\"><\/div>\n<\/li>\n<\/ul>\n<p><span class=\"citation-53 citation-end-53 interactive-span-hovered\">Ce logiciel convient \u00e0 une large gamme de projets, notamment les routes, les d\u00e9veloppements urbains, les carri\u00e8res, les mines, les \u00e9valuations environnementales et les infrastructures de services publics.<\/span><\/p>","protected":false},"excerpt":{"rendered":"<p class=\"first-token\"><span class=\"\">Le <\/span><b class=\"\">tcpMDT Professionnel + Arpentage<\/b><span class=\"\">est une solution logicielle compl\u00e8te con\u00e7ue pour <\/span><b class=\"\">Arpentage<\/b><span class=\"\"> et <\/span><b class=\"\">G\u00e9nie civil<\/b><span class=\"\"> projets.<\/span><span class=\"\"> Il fonctionne comme une application ou un plug-in dans diverses plates-formes de conception assist\u00e9e par ordinateur (CAO) comme AutoCAD,<\/span><span class=\"\"> BricsCAD,<\/span><span class=\"\"> GstarCAD,<\/span><span class=\"\"> et ZWCAD,<\/span><span class=\"\"> tirer parti d\u2019un environnement familier pour les professionnels.<\/span><\/p>\n<p><span class=\"\">Cette version combine toutes les capacit\u00e9s de <\/span><b class=\"\">tcpMDT Professionnel<\/b><span class=\"\"> avec le sp\u00e9cialis\u00e9 <\/span><b class=\"\">Module d&#039;arpentage<\/b><span class=\"\">,<\/span><span class=\"\"> ce qui en fait un outil tout-en-un pour la gestion de projet, de l&#039;acquisition de donn\u00e9es sur le terrain \u00e0 la conception finale et au reporting.<\/span><\/p>","protected":false},"featured_media":22523,"comment_status":"open","ping_status":"closed","template":"","meta":[],"product_brand":[1208],"product_cat":[1207,31],"product_tag":[1209,1215],"class_list":{"0":"post-22574","1":"product","2":"type-product","3":"status-publish","4":"has-post-thumbnail","6":"product_brand-aplitop","7":"product_cat-aplitop","8":"product_cat-software","9":"product_tag-aplitop","10":"product_tag-tcpmdt-professional-surveying","12":"first","13":"instock","14":"taxable","15":"shipping-taxable","16":"purchasable","17":"product-type-simple"},"yoast_head":"<!-- This site is optimized with the Yoast SEO plugin v27.4 - https:\/\/yoast.com\/product\/yoast-seo-wordpress\/ -->\n<title>tcpMDT Professional + Surveying - Ghostysky<\/title>\n<meta name=\"description\" content=\"The tcpMDT Professional + Surveying is a comprehensive software solution designed for Surveying and Civil Engineering projects. It runs as an application or plug-in within various Computer-Aided Design (CAD) platforms like AutoCAD, BricsCAD, GstarCAD, and ZWCAD, leveraging a familiar environment for professionals.This version combines the full capabilities of tcpMDT Professional with the specialized Surveying Module, making it an all-in-one tool for project management from field data acquisition to final design and reporting.\" \/>\n<meta name=\"robots\" content=\"index, follow, max-snippet:-1, max-image-preview:large, max-video-preview:-1\" \/>\n<link rel=\"canonical\" href=\"https:\/\/www.ghostysky.com\/fr\/product\/tcpmdt-professional-surveying\/\" \/>\n<meta property=\"og:locale\" content=\"fr_FR\" \/>\n<meta property=\"og:type\" content=\"article\" \/>\n<meta property=\"og:title\" content=\"tcpMDT Professional + Surveying - Ghostysky\" \/>\n<meta property=\"og:description\" content=\"The tcpMDT Professional + Surveying is a comprehensive software solution designed for Surveying and Civil Engineering projects. It runs as an application or plug-in within various Computer-Aided Design (CAD) platforms like AutoCAD, BricsCAD, GstarCAD, and ZWCAD, leveraging a familiar environment for professionals.This version combines the full capabilities of tcpMDT Professional with the specialized Surveying Module, making it an all-in-one tool for project management from field data acquisition to final design and reporting.\" \/>\n<meta property=\"og:url\" content=\"https:\/\/www.ghostysky.com\/fr\/product\/tcpmdt-professional-surveying\/\" \/>\n<meta property=\"og:site_name\" content=\"Ghostysky\" \/>\n<meta property=\"article:publisher\" content=\"https:\/\/www.facebook.com\/people\/Ghostysky\/100057676170234\/\" \/>\n<meta property=\"article:modified_time\" content=\"2025-10-28T06:48:58+00:00\" \/>\n<meta property=\"og:image\" content=\"https:\/\/www.ghostysky.com\/wp-content\/uploads\/2025\/10\/GH_tcpMDT_1.jpg\" \/>\n\t<meta property=\"og:image:width\" content=\"500\" \/>\n\t<meta property=\"og:image:height\" content=\"500\" \/>\n\t<meta property=\"og:image:type\" content=\"image\/jpeg\" \/>\n<meta name=\"twitter:card\" content=\"summary_large_image\" \/>\n<meta name=\"twitter:site\" content=\"@Gh0stysky\" \/>\n<meta name=\"twitter:label1\" content=\"Dur\u00e9e de lecture estim\u00e9e\" \/>\n\t<meta name=\"twitter:data1\" content=\"2 minutes\" \/>\n<script type=\"application\/ld+json\" class=\"yoast-schema-graph\">{\"@context\":\"https:\\\/\\\/schema.org\",\"@graph\":[{\"@type\":\"WebPage\",\"@id\":\"https:\\\/\\\/www.ghostysky.com\\\/product\\\/tcpmdt-professional-surveying\\\/\",\"url\":\"https:\\\/\\\/www.ghostysky.com\\\/product\\\/tcpmdt-professional-surveying\\\/\",\"name\":\"tcpMDT Professional + Surveying - Ghostysky\",\"isPartOf\":{\"@id\":\"https:\\\/\\\/www.ghostysky.com\\\/#website\"},\"primaryImageOfPage\":{\"@id\":\"https:\\\/\\\/www.ghostysky.com\\\/product\\\/tcpmdt-professional-surveying\\\/#primaryimage\"},\"image\":{\"@id\":\"https:\\\/\\\/www.ghostysky.com\\\/product\\\/tcpmdt-professional-surveying\\\/#primaryimage\"},\"thumbnailUrl\":\"https:\\\/\\\/www.ghostysky.com\\\/wp-content\\\/uploads\\\/2025\\\/10\\\/GH_tcpMDT_1.jpg\",\"datePublished\":\"2025-10-28T06:40:00+00:00\",\"dateModified\":\"2025-10-28T06:48:58+00:00\",\"description\":\"The tcpMDT Professional + Surveying is a comprehensive software solution designed for Surveying and Civil Engineering projects. It runs as an application or plug-in within various Computer-Aided Design (CAD) platforms like AutoCAD, BricsCAD, GstarCAD, and ZWCAD, leveraging a familiar environment for professionals.This version combines the full capabilities of tcpMDT Professional with the specialized Surveying Module, making it an all-in-one tool for project management from field data acquisition to final design and reporting.\",\"breadcrumb\":{\"@id\":\"https:\\\/\\\/www.ghostysky.com\\\/product\\\/tcpmdt-professional-surveying\\\/#breadcrumb\"},\"inLanguage\":\"fr-FR\",\"potentialAction\":[{\"@type\":\"ReadAction\",\"target\":[\"https:\\\/\\\/www.ghostysky.com\\\/product\\\/tcpmdt-professional-surveying\\\/\"]}]},{\"@type\":\"ImageObject\",\"inLanguage\":\"fr-FR\",\"@id\":\"https:\\\/\\\/www.ghostysky.com\\\/product\\\/tcpmdt-professional-surveying\\\/#primaryimage\",\"url\":\"https:\\\/\\\/www.ghostysky.com\\\/wp-content\\\/uploads\\\/2025\\\/10\\\/GH_tcpMDT_1.jpg\",\"contentUrl\":\"https:\\\/\\\/www.ghostysky.com\\\/wp-content\\\/uploads\\\/2025\\\/10\\\/GH_tcpMDT_1.jpg\",\"width\":500,\"height\":500},{\"@type\":\"BreadcrumbList\",\"@id\":\"https:\\\/\\\/www.ghostysky.com\\\/product\\\/tcpmdt-professional-surveying\\\/#breadcrumb\",\"itemListElement\":[{\"@type\":\"ListItem\",\"position\":1,\"name\":\"Home\",\"item\":\"https:\\\/\\\/www.ghostysky.com\\\/\"},{\"@type\":\"ListItem\",\"position\":2,\"name\":\"Shop\",\"item\":\"https:\\\/\\\/www.ghostysky.com\\\/shop\\\/\"},{\"@type\":\"ListItem\",\"position\":3,\"name\":\"tcpMDT Professional + Surveying\"}]},{\"@type\":\"WebSite\",\"@id\":\"https:\\\/\\\/www.ghostysky.com\\\/#website\",\"url\":\"https:\\\/\\\/www.ghostysky.com\\\/\",\"name\":\"Ghostysky\",\"description\":\"Delivering professional drones and robotics solutions\",\"publisher\":{\"@id\":\"https:\\\/\\\/www.ghostysky.com\\\/#organization\"},\"potentialAction\":[{\"@type\":\"SearchAction\",\"target\":{\"@type\":\"EntryPoint\",\"urlTemplate\":\"https:\\\/\\\/www.ghostysky.com\\\/?s={search_term_string}\"},\"query-input\":{\"@type\":\"PropertyValueSpecification\",\"valueRequired\":true,\"valueName\":\"search_term_string\"}}],\"inLanguage\":\"fr-FR\"},{\"@type\":\"Organization\",\"@id\":\"https:\\\/\\\/www.ghostysky.com\\\/#organization\",\"name\":\"Ghostysky\",\"url\":\"https:\\\/\\\/www.ghostysky.com\\\/\",\"logo\":{\"@type\":\"ImageObject\",\"inLanguage\":\"fr-FR\",\"@id\":\"https:\\\/\\\/www.ghostysky.com\\\/#\\\/schema\\\/logo\\\/image\\\/\",\"url\":\"https:\\\/\\\/www.ghostysky.com\\\/wp-content\\\/uploads\\\/2020\\\/06\\\/cropped-ghostyskylogo_text_white2.png\",\"contentUrl\":\"https:\\\/\\\/www.ghostysky.com\\\/wp-content\\\/uploads\\\/2020\\\/06\\\/cropped-ghostyskylogo_text_white2.png\",\"width\":169,\"height\":56,\"caption\":\"Ghostysky\"},\"image\":{\"@id\":\"https:\\\/\\\/www.ghostysky.com\\\/#\\\/schema\\\/logo\\\/image\\\/\"},\"sameAs\":[\"https:\\\/\\\/www.facebook.com\\\/people\\\/Ghostysky\\\/100057676170234\\\/\",\"https:\\\/\\\/x.com\\\/Gh0stysky\",\"https:\\\/\\\/www.linkedin.com\\\/company\\\/34739653\",\"https:\\\/\\\/www.instagram.com\\\/gh0stysky\"]}]}<\/script>\n<!-- \/ Yoast SEO plugin. -->","yoast_head_json":{"title":"tcpMDT Professionnel + Topographie - Ghostysky","description":"tcpMDT Professional + Surveying est une solution logicielle compl\u00e8te con\u00e7ue pour les projets de topographie et de g\u00e9nie civil. Elle fonctionne sous forme d&#039;application ou de plug-in sur diverses plateformes de conception assist\u00e9e par ordinateur (CAO) telles qu&#039;AutoCAD, BricsCAD, GstarCAD et ZWCAD, exploitant un environnement familier pour les professionnels. Cette version combine toutes les fonctionnalit\u00e9s de tcpMDT Professional avec le module sp\u00e9cialis\u00e9 Topographie, ce qui en fait un outil tout-en-un pour la gestion de projet, de l&#039;acquisition des donn\u00e9es de terrain \u00e0 la conception finale et \u00e0 la cr\u00e9ation de rapports.","robots":{"index":"index","follow":"follow","max-snippet":"max-snippet:-1","max-image-preview":"max-image-preview:large","max-video-preview":"max-video-preview:-1"},"canonical":"https:\/\/www.ghostysky.com\/fr\/product\/tcpmdt-professional-surveying\/","og_locale":"fr_FR","og_type":"article","og_title":"tcpMDT Professional + Surveying - Ghostysky","og_description":"The tcpMDT Professional + Surveying is a comprehensive software solution designed for Surveying and Civil Engineering projects. It runs as an application or plug-in within various Computer-Aided Design (CAD) platforms like AutoCAD, BricsCAD, GstarCAD, and ZWCAD, leveraging a familiar environment for professionals.This version combines the full capabilities of tcpMDT Professional with the specialized Surveying Module, making it an all-in-one tool for project management from field data acquisition to final design and reporting.","og_url":"https:\/\/www.ghostysky.com\/fr\/product\/tcpmdt-professional-surveying\/","og_site_name":"Ghostysky","article_publisher":"https:\/\/www.facebook.com\/people\/Ghostysky\/100057676170234\/","article_modified_time":"2025-10-28T06:48:58+00:00","og_image":[{"width":500,"height":500,"url":"https:\/\/www.ghostysky.com\/wp-content\/uploads\/2025\/10\/GH_tcpMDT_1.jpg","type":"image\/jpeg"}],"twitter_card":"summary_large_image","twitter_site":"@Gh0stysky","twitter_misc":{"Dur\u00e9e de lecture estim\u00e9e":"2 minutes"},"schema":{"@context":"https:\/\/schema.org","@graph":[{"@type":"WebPage","@id":"https:\/\/www.ghostysky.com\/product\/tcpmdt-professional-surveying\/","url":"https:\/\/www.ghostysky.com\/product\/tcpmdt-professional-surveying\/","name":"tcpMDT Professionnel + Topographie - Ghostysky","isPartOf":{"@id":"https:\/\/www.ghostysky.com\/#website"},"primaryImageOfPage":{"@id":"https:\/\/www.ghostysky.com\/product\/tcpmdt-professional-surveying\/#primaryimage"},"image":{"@id":"https:\/\/www.ghostysky.com\/product\/tcpmdt-professional-surveying\/#primaryimage"},"thumbnailUrl":"https:\/\/www.ghostysky.com\/wp-content\/uploads\/2025\/10\/GH_tcpMDT_1.jpg","datePublished":"2025-10-28T06:40:00+00:00","dateModified":"2025-10-28T06:48:58+00:00","description":"tcpMDT Professional + Surveying est une solution logicielle compl\u00e8te con\u00e7ue pour les projets de topographie et de g\u00e9nie civil. Elle fonctionne sous forme d&#039;application ou de plug-in sur diverses plateformes de conception assist\u00e9e par ordinateur (CAO) telles qu&#039;AutoCAD, BricsCAD, GstarCAD et ZWCAD, exploitant un environnement familier pour les professionnels. Cette version combine toutes les fonctionnalit\u00e9s de tcpMDT Professional avec le module sp\u00e9cialis\u00e9 Topographie, ce qui en fait un outil tout-en-un pour la gestion de projet, de l&#039;acquisition des donn\u00e9es de terrain \u00e0 la conception finale et \u00e0 la cr\u00e9ation de rapports.","breadcrumb":{"@id":"https:\/\/www.ghostysky.com\/product\/tcpmdt-professional-surveying\/#breadcrumb"},"inLanguage":"fr-FR","potentialAction":[{"@type":"ReadAction","target":["https:\/\/www.ghostysky.com\/product\/tcpmdt-professional-surveying\/"]}]},{"@type":"ImageObject","inLanguage":"fr-FR","@id":"https:\/\/www.ghostysky.com\/product\/tcpmdt-professional-surveying\/#primaryimage","url":"https:\/\/www.ghostysky.com\/wp-content\/uploads\/2025\/10\/GH_tcpMDT_1.jpg","contentUrl":"https:\/\/www.ghostysky.com\/wp-content\/uploads\/2025\/10\/GH_tcpMDT_1.jpg","width":500,"height":500},{"@type":"BreadcrumbList","@id":"https:\/\/www.ghostysky.com\/product\/tcpmdt-professional-surveying\/#breadcrumb","itemListElement":[{"@type":"ListItem","position":1,"name":"Home","item":"https:\/\/www.ghostysky.com\/"},{"@type":"ListItem","position":2,"name":"Shop","item":"https:\/\/www.ghostysky.com\/shop\/"},{"@type":"ListItem","position":3,"name":"tcpMDT Professional + Surveying"}]},{"@type":"WebSite","@id":"https:\/\/www.ghostysky.com\/#website","url":"https:\/\/www.ghostysky.com\/","name":"Ghostysky","description":"Fourniture de solutions professionnelles en mati\u00e8re de drones et de robotique","publisher":{"@id":"https:\/\/www.ghostysky.com\/#organization"},"potentialAction":[{"@type":"SearchAction","target":{"@type":"EntryPoint","urlTemplate":"https:\/\/www.ghostysky.com\/?s={search_term_string}"},"query-input":{"@type":"PropertyValueSpecification","valueRequired":true,"valueName":"search_term_string"}}],"inLanguage":"fr-FR"},{"@type":"Organization","@id":"https:\/\/www.ghostysky.com\/#organization","name":"Ghostysky","url":"https:\/\/www.ghostysky.com\/","logo":{"@type":"ImageObject","inLanguage":"fr-FR","@id":"https:\/\/www.ghostysky.com\/#\/schema\/logo\/image\/","url":"https:\/\/www.ghostysky.com\/wp-content\/uploads\/2020\/06\/cropped-ghostyskylogo_text_white2.png","contentUrl":"https:\/\/www.ghostysky.com\/wp-content\/uploads\/2020\/06\/cropped-ghostyskylogo_text_white2.png","width":169,"height":56,"caption":"Ghostysky"},"image":{"@id":"https:\/\/www.ghostysky.com\/#\/schema\/logo\/image\/"},"sameAs":["https:\/\/www.facebook.com\/people\/Ghostysky\/100057676170234\/","https:\/\/x.com\/Gh0stysky","https:\/\/www.linkedin.com\/company\/34739653","https:\/\/www.instagram.com\/gh0stysky"]}]}},"_links":{"self":[{"href":"https:\/\/www.ghostysky.com\/fr\/wp-json\/wp\/v2\/product\/22574","targetHints":{"allow":["GET"]}}],"collection":[{"href":"https:\/\/www.ghostysky.com\/fr\/wp-json\/wp\/v2\/product"}],"about":[{"href":"https:\/\/www.ghostysky.com\/fr\/wp-json\/wp\/v2\/types\/product"}],"replies":[{"embeddable":true,"href":"https:\/\/www.ghostysky.com\/fr\/wp-json\/wp\/v2\/comments?post=22574"}],"version-history":[{"count":0,"href":"https:\/\/www.ghostysky.com\/fr\/wp-json\/wp\/v2\/product\/22574\/revisions"}],"wp:featuredmedia":[{"embeddable":true,"href":"https:\/\/www.ghostysky.com\/fr\/wp-json\/wp\/v2\/media\/22523"}],"wp:attachment":[{"href":"https:\/\/www.ghostysky.com\/fr\/wp-json\/wp\/v2\/media?parent=22574"}],"wp:term":[{"taxonomy":"product_brand","embeddable":true,"href":"https:\/\/www.ghostysky.com\/fr\/wp-json\/wp\/v2\/product_brand?post=22574"},{"taxonomy":"product_cat","embeddable":true,"href":"https:\/\/www.ghostysky.com\/fr\/wp-json\/wp\/v2\/product_cat?post=22574"},{"taxonomy":"product_tag","embeddable":true,"href":"https:\/\/www.ghostysky.com\/fr\/wp-json\/wp\/v2\/product_tag?post=22574"}],"curies":[{"name":"wp","href":"https:\/\/api.w.org\/{rel}","templated":true}]}}