{"id":22576,"date":"2025-10-28T06:58:13","date_gmt":"2025-10-28T06:58:13","guid":{"rendered":"https:\/\/www.ghostysky.com\/?post_type=product&#038;p=22576"},"modified":"2025-10-28T07:11:15","modified_gmt":"2025-10-28T07:11:15","slug":"aplitop-tcpmdt-surveying","status":"publish","type":"product","link":"https:\/\/www.ghostysky.com\/fr\/product\/aplitop-tcpmdt-surveying\/","title":{"rendered":"Arpentage Aplitop tcpMDT"},"content":{"rendered":"<h3><b>Principales fonctionnalit\u00e9s et applications<\/b><\/h3>\n<ul>\n<li><b><span class=\"citation-117\">Mod\u00e9lisation num\u00e9rique du terrain (MNT) :<\/span><\/b><span class=\"citation-117 citation-end-117\"> Cr\u00e9ez et analysez des MNT \u00e0 l&#039;aide de points mesur\u00e9s par des stations totales, des r\u00e9cepteurs GNSS, des fichiers import\u00e9s ou des services Web.<\/span><\/li>\n<li><b>Analyse topographique :<\/b><span class=\"citation-116 citation-end-116\"> G\u00e9n\u00e9rez des courbes de niveau, dessinez des profils longitudinaux et transversaux, visualisez le terrain en 3D et cr\u00e9ez des cartes de pente.<\/span><\/li>\n<li><b><span class=\"citation-115\">Calcul du volume :<\/span><\/b><span class=\"citation-115 citation-end-115\"> Calculer les volumes de d\u00e9blais et de remblais (excavations et remblais) pour divers projets tels que les routes, les carri\u00e8res et les urbanisations.<\/span><\/li>\n<li><b>Informatique:<\/b><span class=\"citation-114 citation-end-114\"> Importez et traitez des donn\u00e9es provenant d\u2019une large gamme d\u2019instruments d\u2019arpentage.<\/span> <span class=\"citation-113\">Le sp\u00e9cialis\u00e9 <\/span><b><span class=\"citation-113\">Arpentage TcpMDT<\/span><\/b><span class=\"citation-113 citation-end-113\"> le module comprend des outils pour les transformations de coordonn\u00e9es et le traitement des observations de la station totale.<\/span><\/li>\n<li><b>Conception en g\u00e9nie civil (version professionnelle) :<\/b> Inclut des outils avanc\u00e9s pour\u00a0:\n<ul>\n<li><span class=\"citation-112 citation-end-112\">Conception d&#039;alignements horizontaux et verticaux (routes, canaux, etc.).<\/span><\/li>\n<li><span class=\"citation-111 citation-end-111\">Mod\u00e8les de projets de dessin et coupes transversales.<\/span><\/li>\n<li><span class=\"citation-110 citation-end-110\">G\u00e9n\u00e9ration de rapports de superficie et de volume.<\/span><\/li>\n<li>Rapports d&#039;implantation et de piquetage.<\/li>\n<li>Conception de r\u00e9seaux d&#039;eau, d&#039;assainissement et d&#039;eaux pluviales.<\/li>\n<\/ul>\n<\/li>\n<li><b><span class=\"citation-109\">Int\u00e9gration SIG :<\/span><\/b><span class=\"citation-109 citation-end-109\"> Importez et exportez des fichiers SIG pour un contexte de projet am\u00e9lior\u00e9.<\/span><\/li>\n<li><b>Flux de travail OpenBIM\u00a0:<\/b><span class=\"citation-108 citation-end-108\"> S&#039;int\u00e8gre facilement aux flux de travail OpenBIM gr\u00e2ce \u00e0 l&#039;\u00e9change de fichiers standard de l&#039;industrie tels que IFC et LandXML.<\/span><\/li>\n<\/ul>\n<p><b>Avantages:<\/b><\/p>\n<ul>\n<li><b>Productivit\u00e9 accrue :<\/b> Rationalisez les flux de travail, des donn\u00e9es de terrain \u00e0 la conception finale et au reporting.<\/li>\n<li><b><span class=\"citation-107\">Flexibilit\u00e9:<\/span><\/b><span class=\"citation-107 citation-end-107\"> La structure modulaire permet aux utilisateurs de choisir les options n\u00e9cessaires \u00e0 leur travail sp\u00e9cifique.<\/span><\/li>\n<li><b><span class=\"citation-106\">Compatibilit\u00e9:<\/span><\/b><span class=\"citation-106 citation-end-106\"> Fonctionne comme un plug-in robuste sur les principales plates-formes de CAO.<\/span><\/li>\n<li><b>Versatilit\u00e9:<\/b><span class=\"citation-105 citation-end-105\"> Convient \u00e0 tous les types de projets d\u2019arpentage, y compris les routes, les am\u00e9nagements urbains et les op\u00e9rations mini\u00e8res\/carri\u00e8res.<\/span><\/li>\n<\/ul>\n<p><span class=\"citation-104\">En substance, <\/span><b><span class=\"citation-104\">Arpentage Aplitop tcpMDT<\/span><\/b><span class=\"citation-104 citation-end-104\"> offre aux g\u00e9om\u00e8tres et aux ing\u00e9nieurs civils les fonctionnalit\u00e9s avanc\u00e9es n\u00e9cessaires pour mod\u00e9liser avec pr\u00e9cision le terrain, concevoir des infrastructures et g\u00e9rer les donn\u00e9es de projet dans un environnement CAO familier.<\/span><\/p>","protected":false},"excerpt":{"rendered":"<p class=\"first-token\"><b class=\"\">Arpentage Aplitop tcpMDT<\/b><span class=\"\"> est un puissant,<\/span><span class=\"\"> logiciel de CAO modulaire con\u00e7u comme une solution tout-en-un pour <\/span><b class=\"\">projets d&#039;arpentage et de g\u00e9nie civil<\/b><span class=\"\">.<\/span><span class=\"\"> Fonctionnant comme un module compl\u00e9mentaire pour les plates-formes de CAO populaires (telles qu&#039;AutoCAD,<\/span><span class=\"\"> BricsCAD,<\/span><span class=\"\"> GStarCAD,<\/span><span class=\"\"> ou ZWCAD),<\/span><span class=\"\"> il fournit une suite compl\u00e8te d&#039;outils faciles \u00e0 utiliser pour le traitement des donn\u00e9es spatiales,<\/span><span class=\"\"> mod\u00e9lisation du terrain,<\/span><span class=\"\"> et la conception des infrastructures.<\/span><\/p>","protected":false},"featured_media":22523,"comment_status":"open","ping_status":"closed","template":"","meta":[],"product_brand":[1208],"product_cat":[1207,31],"product_tag":[1209,1216],"class_list":{"0":"post-22576","1":"product","2":"type-product","3":"status-publish","4":"has-post-thumbnail","6":"product_brand-aplitop","7":"product_cat-aplitop","8":"product_cat-software","9":"product_tag-aplitop","10":"product_tag-tcpmdt-surveying","12":"first","13":"instock","14":"taxable","15":"shipping-taxable","16":"purchasable","17":"product-type-simple"},"yoast_head":"<!-- This site is optimized with the Yoast SEO plugin v27.4 - https:\/\/yoast.com\/product\/yoast-seo-wordpress\/ -->\n<title>Aplitop tcpMDT Surveying - Ghostysky<\/title>\n<meta name=\"description\" content=\"Aplitop tcpMDT Surveying is a powerful, modular CAD software designed as an all-in-one solution for surveying and civil engineering projects. Running as an add-on for popular CAD platforms (such as AutoCAD, BricsCAD, GStarCAD, or ZWCAD), it provides a comprehensive suite of easy-to-use tools for processing spatial data, terrain modeling, and infrastructure design.\" \/>\n<meta name=\"robots\" content=\"index, follow, max-snippet:-1, max-image-preview:large, max-video-preview:-1\" \/>\n<link rel=\"canonical\" href=\"https:\/\/www.ghostysky.com\/fr\/product\/aplitop-tcpmdt-surveying\/\" \/>\n<meta property=\"og:locale\" content=\"fr_FR\" \/>\n<meta property=\"og:type\" content=\"article\" \/>\n<meta property=\"og:title\" content=\"Aplitop tcpMDT Surveying - Ghostysky\" \/>\n<meta property=\"og:description\" content=\"Aplitop tcpMDT Surveying is a powerful, modular CAD software designed as an all-in-one solution for surveying and civil engineering projects. Running as an add-on for popular CAD platforms (such as AutoCAD, BricsCAD, GStarCAD, or ZWCAD), it provides a comprehensive suite of easy-to-use tools for processing spatial data, terrain modeling, and infrastructure design.\" \/>\n<meta property=\"og:url\" content=\"https:\/\/www.ghostysky.com\/fr\/product\/aplitop-tcpmdt-surveying\/\" \/>\n<meta property=\"og:site_name\" content=\"Ghostysky\" \/>\n<meta property=\"article:publisher\" content=\"https:\/\/www.facebook.com\/people\/Ghostysky\/100057676170234\/\" \/>\n<meta property=\"article:modified_time\" content=\"2025-10-28T07:11:15+00:00\" \/>\n<meta property=\"og:image\" content=\"https:\/\/www.ghostysky.com\/wp-content\/uploads\/2025\/10\/GH_tcpMDT_1.jpg\" \/>\n\t<meta property=\"og:image:width\" content=\"500\" \/>\n\t<meta property=\"og:image:height\" content=\"500\" \/>\n\t<meta property=\"og:image:type\" content=\"image\/jpeg\" \/>\n<meta name=\"twitter:card\" content=\"summary_large_image\" \/>\n<meta name=\"twitter:site\" content=\"@Gh0stysky\" \/>\n<meta name=\"twitter:label1\" content=\"Dur\u00e9e de lecture estim\u00e9e\" \/>\n\t<meta name=\"twitter:data1\" content=\"2 minutes\" \/>\n<script type=\"application\/ld+json\" class=\"yoast-schema-graph\">{\"@context\":\"https:\\\/\\\/schema.org\",\"@graph\":[{\"@type\":\"WebPage\",\"@id\":\"https:\\\/\\\/www.ghostysky.com\\\/product\\\/aplitop-tcpmdt-surveying\\\/\",\"url\":\"https:\\\/\\\/www.ghostysky.com\\\/product\\\/aplitop-tcpmdt-surveying\\\/\",\"name\":\"Aplitop tcpMDT Surveying - Ghostysky\",\"isPartOf\":{\"@id\":\"https:\\\/\\\/www.ghostysky.com\\\/#website\"},\"primaryImageOfPage\":{\"@id\":\"https:\\\/\\\/www.ghostysky.com\\\/product\\\/aplitop-tcpmdt-surveying\\\/#primaryimage\"},\"image\":{\"@id\":\"https:\\\/\\\/www.ghostysky.com\\\/product\\\/aplitop-tcpmdt-surveying\\\/#primaryimage\"},\"thumbnailUrl\":\"https:\\\/\\\/www.ghostysky.com\\\/wp-content\\\/uploads\\\/2025\\\/10\\\/GH_tcpMDT_1.jpg\",\"datePublished\":\"2025-10-28T06:58:13+00:00\",\"dateModified\":\"2025-10-28T07:11:15+00:00\",\"description\":\"Aplitop tcpMDT Surveying is a powerful, modular CAD software designed as an all-in-one solution for surveying and civil engineering projects. Running as an add-on for popular CAD platforms (such as AutoCAD, BricsCAD, GStarCAD, or ZWCAD), it provides a comprehensive suite of easy-to-use tools for processing spatial data, terrain modeling, and infrastructure design.\",\"breadcrumb\":{\"@id\":\"https:\\\/\\\/www.ghostysky.com\\\/product\\\/aplitop-tcpmdt-surveying\\\/#breadcrumb\"},\"inLanguage\":\"fr-FR\",\"potentialAction\":[{\"@type\":\"ReadAction\",\"target\":[\"https:\\\/\\\/www.ghostysky.com\\\/product\\\/aplitop-tcpmdt-surveying\\\/\"]}]},{\"@type\":\"ImageObject\",\"inLanguage\":\"fr-FR\",\"@id\":\"https:\\\/\\\/www.ghostysky.com\\\/product\\\/aplitop-tcpmdt-surveying\\\/#primaryimage\",\"url\":\"https:\\\/\\\/www.ghostysky.com\\\/wp-content\\\/uploads\\\/2025\\\/10\\\/GH_tcpMDT_1.jpg\",\"contentUrl\":\"https:\\\/\\\/www.ghostysky.com\\\/wp-content\\\/uploads\\\/2025\\\/10\\\/GH_tcpMDT_1.jpg\",\"width\":500,\"height\":500},{\"@type\":\"BreadcrumbList\",\"@id\":\"https:\\\/\\\/www.ghostysky.com\\\/product\\\/aplitop-tcpmdt-surveying\\\/#breadcrumb\",\"itemListElement\":[{\"@type\":\"ListItem\",\"position\":1,\"name\":\"Home\",\"item\":\"https:\\\/\\\/www.ghostysky.com\\\/\"},{\"@type\":\"ListItem\",\"position\":2,\"name\":\"Shop\",\"item\":\"https:\\\/\\\/www.ghostysky.com\\\/shop\\\/\"},{\"@type\":\"ListItem\",\"position\":3,\"name\":\"Aplitop tcpMDT Surveying\"}]},{\"@type\":\"WebSite\",\"@id\":\"https:\\\/\\\/www.ghostysky.com\\\/#website\",\"url\":\"https:\\\/\\\/www.ghostysky.com\\\/\",\"name\":\"Ghostysky\",\"description\":\"Delivering professional drones and robotics solutions\",\"publisher\":{\"@id\":\"https:\\\/\\\/www.ghostysky.com\\\/#organization\"},\"potentialAction\":[{\"@type\":\"SearchAction\",\"target\":{\"@type\":\"EntryPoint\",\"urlTemplate\":\"https:\\\/\\\/www.ghostysky.com\\\/?s={search_term_string}\"},\"query-input\":{\"@type\":\"PropertyValueSpecification\",\"valueRequired\":true,\"valueName\":\"search_term_string\"}}],\"inLanguage\":\"fr-FR\"},{\"@type\":\"Organization\",\"@id\":\"https:\\\/\\\/www.ghostysky.com\\\/#organization\",\"name\":\"Ghostysky\",\"url\":\"https:\\\/\\\/www.ghostysky.com\\\/\",\"logo\":{\"@type\":\"ImageObject\",\"inLanguage\":\"fr-FR\",\"@id\":\"https:\\\/\\\/www.ghostysky.com\\\/#\\\/schema\\\/logo\\\/image\\\/\",\"url\":\"https:\\\/\\\/www.ghostysky.com\\\/wp-content\\\/uploads\\\/2020\\\/06\\\/cropped-ghostyskylogo_text_white2.png\",\"contentUrl\":\"https:\\\/\\\/www.ghostysky.com\\\/wp-content\\\/uploads\\\/2020\\\/06\\\/cropped-ghostyskylogo_text_white2.png\",\"width\":169,\"height\":56,\"caption\":\"Ghostysky\"},\"image\":{\"@id\":\"https:\\\/\\\/www.ghostysky.com\\\/#\\\/schema\\\/logo\\\/image\\\/\"},\"sameAs\":[\"https:\\\/\\\/www.facebook.com\\\/people\\\/Ghostysky\\\/100057676170234\\\/\",\"https:\\\/\\\/x.com\\\/Gh0stysky\",\"https:\\\/\\\/www.linkedin.com\\\/company\\\/34739653\",\"https:\\\/\\\/www.instagram.com\\\/gh0stysky\"]}]}<\/script>\n<!-- \/ Yoast SEO plugin. -->","yoast_head_json":{"title":"Lev\u00e9 Aplitop tcpMDT - Ghostysky","description":"Aplitop tcpMDT Surveying est un logiciel de CAO puissant et modulaire, con\u00e7u comme une solution tout-en-un pour les projets de topographie et de g\u00e9nie civil. Fonctionnant comme module compl\u00e9mentaire pour les plateformes de CAO les plus r\u00e9pandues (telles qu&#039;AutoCAD, BricsCAD, GStarCAD ou ZWCAD), il offre une suite compl\u00e8te d&#039;outils conviviaux pour le traitement des donn\u00e9es spatiales, la mod\u00e9lisation de terrain et la conception d&#039;infrastructures.","robots":{"index":"index","follow":"follow","max-snippet":"max-snippet:-1","max-image-preview":"max-image-preview:large","max-video-preview":"max-video-preview:-1"},"canonical":"https:\/\/www.ghostysky.com\/fr\/product\/aplitop-tcpmdt-surveying\/","og_locale":"fr_FR","og_type":"article","og_title":"Aplitop tcpMDT Surveying - Ghostysky","og_description":"Aplitop tcpMDT Surveying is a powerful, modular CAD software designed as an all-in-one solution for surveying and civil engineering projects. Running as an add-on for popular CAD platforms (such as AutoCAD, BricsCAD, GStarCAD, or ZWCAD), it provides a comprehensive suite of easy-to-use tools for processing spatial data, terrain modeling, and infrastructure design.","og_url":"https:\/\/www.ghostysky.com\/fr\/product\/aplitop-tcpmdt-surveying\/","og_site_name":"Ghostysky","article_publisher":"https:\/\/www.facebook.com\/people\/Ghostysky\/100057676170234\/","article_modified_time":"2025-10-28T07:11:15+00:00","og_image":[{"width":500,"height":500,"url":"https:\/\/www.ghostysky.com\/wp-content\/uploads\/2025\/10\/GH_tcpMDT_1.jpg","type":"image\/jpeg"}],"twitter_card":"summary_large_image","twitter_site":"@Gh0stysky","twitter_misc":{"Dur\u00e9e de lecture estim\u00e9e":"2 minutes"},"schema":{"@context":"https:\/\/schema.org","@graph":[{"@type":"WebPage","@id":"https:\/\/www.ghostysky.com\/product\/aplitop-tcpmdt-surveying\/","url":"https:\/\/www.ghostysky.com\/product\/aplitop-tcpmdt-surveying\/","name":"Lev\u00e9 Aplitop tcpMDT - Ghostysky","isPartOf":{"@id":"https:\/\/www.ghostysky.com\/#website"},"primaryImageOfPage":{"@id":"https:\/\/www.ghostysky.com\/product\/aplitop-tcpmdt-surveying\/#primaryimage"},"image":{"@id":"https:\/\/www.ghostysky.com\/product\/aplitop-tcpmdt-surveying\/#primaryimage"},"thumbnailUrl":"https:\/\/www.ghostysky.com\/wp-content\/uploads\/2025\/10\/GH_tcpMDT_1.jpg","datePublished":"2025-10-28T06:58:13+00:00","dateModified":"2025-10-28T07:11:15+00:00","description":"Aplitop tcpMDT Surveying est un logiciel de CAO puissant et modulaire, con\u00e7u comme une solution tout-en-un pour les projets de topographie et de g\u00e9nie civil. Fonctionnant comme module compl\u00e9mentaire pour les plateformes de CAO les plus r\u00e9pandues (telles qu&#039;AutoCAD, BricsCAD, GStarCAD ou ZWCAD), il offre une suite compl\u00e8te d&#039;outils conviviaux pour le traitement des donn\u00e9es spatiales, la mod\u00e9lisation de terrain et la conception d&#039;infrastructures.","breadcrumb":{"@id":"https:\/\/www.ghostysky.com\/product\/aplitop-tcpmdt-surveying\/#breadcrumb"},"inLanguage":"fr-FR","potentialAction":[{"@type":"ReadAction","target":["https:\/\/www.ghostysky.com\/product\/aplitop-tcpmdt-surveying\/"]}]},{"@type":"ImageObject","inLanguage":"fr-FR","@id":"https:\/\/www.ghostysky.com\/product\/aplitop-tcpmdt-surveying\/#primaryimage","url":"https:\/\/www.ghostysky.com\/wp-content\/uploads\/2025\/10\/GH_tcpMDT_1.jpg","contentUrl":"https:\/\/www.ghostysky.com\/wp-content\/uploads\/2025\/10\/GH_tcpMDT_1.jpg","width":500,"height":500},{"@type":"BreadcrumbList","@id":"https:\/\/www.ghostysky.com\/product\/aplitop-tcpmdt-surveying\/#breadcrumb","itemListElement":[{"@type":"ListItem","position":1,"name":"Home","item":"https:\/\/www.ghostysky.com\/"},{"@type":"ListItem","position":2,"name":"Shop","item":"https:\/\/www.ghostysky.com\/shop\/"},{"@type":"ListItem","position":3,"name":"Aplitop tcpMDT Surveying"}]},{"@type":"WebSite","@id":"https:\/\/www.ghostysky.com\/#website","url":"https:\/\/www.ghostysky.com\/","name":"Ghostysky","description":"Fourniture de solutions professionnelles en mati\u00e8re de drones et de robotique","publisher":{"@id":"https:\/\/www.ghostysky.com\/#organization"},"potentialAction":[{"@type":"SearchAction","target":{"@type":"EntryPoint","urlTemplate":"https:\/\/www.ghostysky.com\/?s={search_term_string}"},"query-input":{"@type":"PropertyValueSpecification","valueRequired":true,"valueName":"search_term_string"}}],"inLanguage":"fr-FR"},{"@type":"Organization","@id":"https:\/\/www.ghostysky.com\/#organization","name":"Ghostysky","url":"https:\/\/www.ghostysky.com\/","logo":{"@type":"ImageObject","inLanguage":"fr-FR","@id":"https:\/\/www.ghostysky.com\/#\/schema\/logo\/image\/","url":"https:\/\/www.ghostysky.com\/wp-content\/uploads\/2020\/06\/cropped-ghostyskylogo_text_white2.png","contentUrl":"https:\/\/www.ghostysky.com\/wp-content\/uploads\/2020\/06\/cropped-ghostyskylogo_text_white2.png","width":169,"height":56,"caption":"Ghostysky"},"image":{"@id":"https:\/\/www.ghostysky.com\/#\/schema\/logo\/image\/"},"sameAs":["https:\/\/www.facebook.com\/people\/Ghostysky\/100057676170234\/","https:\/\/x.com\/Gh0stysky","https:\/\/www.linkedin.com\/company\/34739653","https:\/\/www.instagram.com\/gh0stysky"]}]}},"_links":{"self":[{"href":"https:\/\/www.ghostysky.com\/fr\/wp-json\/wp\/v2\/product\/22576","targetHints":{"allow":["GET"]}}],"collection":[{"href":"https:\/\/www.ghostysky.com\/fr\/wp-json\/wp\/v2\/product"}],"about":[{"href":"https:\/\/www.ghostysky.com\/fr\/wp-json\/wp\/v2\/types\/product"}],"replies":[{"embeddable":true,"href":"https:\/\/www.ghostysky.com\/fr\/wp-json\/wp\/v2\/comments?post=22576"}],"version-history":[{"count":0,"href":"https:\/\/www.ghostysky.com\/fr\/wp-json\/wp\/v2\/product\/22576\/revisions"}],"wp:featuredmedia":[{"embeddable":true,"href":"https:\/\/www.ghostysky.com\/fr\/wp-json\/wp\/v2\/media\/22523"}],"wp:attachment":[{"href":"https:\/\/www.ghostysky.com\/fr\/wp-json\/wp\/v2\/media?parent=22576"}],"wp:term":[{"taxonomy":"product_brand","embeddable":true,"href":"https:\/\/www.ghostysky.com\/fr\/wp-json\/wp\/v2\/product_brand?post=22576"},{"taxonomy":"product_cat","embeddable":true,"href":"https:\/\/www.ghostysky.com\/fr\/wp-json\/wp\/v2\/product_cat?post=22576"},{"taxonomy":"product_tag","embeddable":true,"href":"https:\/\/www.ghostysky.com\/fr\/wp-json\/wp\/v2\/product_tag?post=22576"}],"curies":[{"name":"wp","href":"https:\/\/api.w.org\/{rel}","templated":true}]}}