{"id":22577,"date":"2025-10-28T07:10:18","date_gmt":"2025-10-28T07:10:18","guid":{"rendered":"https:\/\/www.ghostysky.com\/?post_type=product&#038;p=22577"},"modified":"2025-10-28T07:17:57","modified_gmt":"2025-10-28T07:17:57","slug":"aplitop-tcpmdt-photovoltaic","status":"publish","type":"product","link":"https:\/\/www.ghostysky.com\/fr\/product\/aplitop-tcpmdt-photovoltaic\/","title":{"rendered":"Photovolta\u00efque Aplitop tcpMDT"},"content":{"rendered":"<h4><b>Principales caract\u00e9ristiques et avantages<\/b><\/h4>\n<ul>\n<li><b><span class=\"citation-23\">Optimisation des terrassements :<\/span><\/b><span class=\"citation-23 citation-end-23\"> Maximise l&#039;efficacit\u00e9 des op\u00e9rations de coupe et de remblayage en g\u00e9n\u00e9rant un mod\u00e8le de sol final qui s&#039;adapte aux crit\u00e8res du projet, ce qui entra\u00eene des \u00e9conomies importantes de co\u00fbts et de ressources.<\/span><\/li>\n<li><b><span class=\"citation-22\">Analyse du terrain :<\/span><\/b><span class=\"citation-22 citation-end-22\"> Effectuer une analyse d\u00e9taill\u00e9e du terrain existant, en divisant le projet en zones g\u00e9rables.<\/span> <span class=\"citation-21 citation-end-21\">Visualisez et analysez les pentes Nord-Sud ou Est-Ouest \u00e0 l&#039;aide de palettes de couleurs personnalisables.<\/span><\/li>\n<li><b>Conception et mise en page intelligentes du site\u00a0:<\/b>\n<ul>\n<li><span class=\"citation-20 citation-end-20\">D\u00e9finissez et configurez diff\u00e9rents types de trackers solaires (y compris les structures fixes et les trackers adaptatifs), en sp\u00e9cifiant la marque, le mod\u00e8le, les dimensions physiques et les d\u00e9tails du poteau de support.<\/span><\/li>\n<li><span class=\"citation-19\">Utiliser <\/span><b><span class=\"citation-19\">outils de mise en page automatique et assist\u00e9e<\/span><\/b><span class=\"citation-19 citation-end-19\"> pour placer pr\u00e9cis\u00e9ment les trackers dans des zones d\u00e9finies.<\/span><\/li>\n<li>Num\u00e9rotez automatiquement les trackers et les poteaux solaires, qui peuvent \u00eatre li\u00e9s \u00e0 des r\u00e9f\u00e9rences externes.<\/li>\n<\/ul>\n<\/li>\n<li><b>Calcul et conformit\u00e9 :<\/b>\n<ul>\n<li><span class=\"citation-18 citation-end-18\">Calculez les pentes longitudinales et transversales pour chaque suiveur solaire.<\/span><\/li>\n<li><b><span class=\"citation-17\">Optimisation automatis\u00e9e<\/span><\/b><span class=\"citation-17 citation-end-17\"> ajuste la meilleure pente pour chaque tracker afin de garantir la conformit\u00e9 avec les param\u00e8tres critiques du projet, tels que les pentes maximales, la pente et les diff\u00e9rences d&#039;\u00e9l\u00e9vation entre les trackers.<\/span><\/li>\n<li><span class=\"citation-16 citation-end-16\">Des outils interactifs aident \u00e0 r\u00e9soudre les erreurs li\u00e9es aux pentes, aux sauts et \u00e0 d\u2019autres probl\u00e8mes de conformit\u00e9.<\/span>\n<div class=\"source-inline-chip-container ng-star-inserted\"><\/div>\n<\/li>\n<\/ul>\n<\/li>\n<li><b>Livrables complets du projet :<\/b>\n<ul>\n<li><span class=\"citation-15\">G\u00e9n\u00e9rer un <\/span><b><span class=\"citation-15\">Mod\u00e8le 3D<\/span><\/b><span class=\"citation-15 citation-end-15\"> de l&#039;ensemble de l&#039;installation, offrant une repr\u00e9sentation r\u00e9aliste du terrain final.<\/span><\/li>\n<li><span class=\"citation-14\">Exporter le mod\u00e8le 3D vers <\/span><b><span class=\"citation-14\">Format IFC<\/span><\/b><span class=\"citation-14 citation-end-14\"> pour une int\u00e9gration transparente dans les flux de travail OpenBIM.<\/span><\/li>\n<li>Produisez des rapports d\u00e9taill\u00e9s et r\u00e9sum\u00e9s sur les zones, les trackers solaires et les p\u00f4les, qui peuvent \u00eatre export\u00e9s vers Excel et d&#039;autres formats.<\/li>\n<li><span class=\"citation-13\">G\u00e9n\u00e9rer <\/span><b><span class=\"citation-13\">d\u00e9collages de quantit\u00e9s<\/span><\/b><span class=\"citation-13 citation-end-13\"> (mesures) et rapports de implantation pr\u00eats \u00e0 \u00eatre utilis\u00e9s avec un \u00e9quipement de terrain GNSS ou de station totale.<\/span>\n<div class=\"source-inline-chip-container ng-star-inserted\"><\/div>\n<\/li>\n<\/ul>\n<\/li>\n<\/ul>\n<p>Aplitop tcpMDT Photovoltaic est la solution d\u00e9finitive pour r\u00e9duire le temps de conception, minimiser les co\u00fbts de pr\u00e9paration du site et garantir la pr\u00e9cision technique de vos projets d&#039;installation photovolta\u00efque.<\/p>","protected":false},"excerpt":{"rendered":"<p class=\"first-token\"><span class=\"\">Aplitop tcpMDT Photovoltaic est un module logiciel sp\u00e9cialis\u00e9 d\u00e9velopp\u00e9 en collaboration avec SOLTEC,<\/span><span class=\"\"> sp\u00e9cialement con\u00e7u pour rationaliser et optimiser la <\/span><b class=\"\">travaux topographiques et terrassements pour projets de centrales photovolta\u00efques (fermes solaires)<\/b><span class=\"\">.<\/span><span class=\"\"> Courir comme un compl\u00e9ment essentiel \u00e0 <\/span><b class=\"\">tcpMDT Professionnel<\/b><span class=\"\">,<\/span><span class=\"\"> Cet outil puissant fournit aux ing\u00e9nieurs civils et aux g\u00e9om\u00e8tres la pr\u00e9cision et l&#039;efficacit\u00e9 n\u00e9cessaires aux installations solaires \u00e0 grande \u00e9chelle.<\/span><\/p>","protected":false},"featured_media":22523,"comment_status":"open","ping_status":"closed","template":"","meta":[],"product_brand":[1208],"product_cat":[1207,31],"product_tag":[1209,1217],"class_list":{"0":"post-22577","1":"product","2":"type-product","3":"status-publish","4":"has-post-thumbnail","6":"product_brand-aplitop","7":"product_cat-aplitop","8":"product_cat-software","9":"product_tag-aplitop","10":"product_tag-tcpmdt-photovoltaic","12":"first","13":"instock","14":"taxable","15":"shipping-taxable","16":"purchasable","17":"product-type-simple"},"yoast_head":"<!-- This site is optimized with the Yoast SEO plugin v27.1.1 - https:\/\/yoast.com\/product\/yoast-seo-wordpress\/ -->\n<title>Aplitop tcpMDT Photovoltaic - Ghostysky<\/title>\n<meta name=\"description\" content=\"Aplitop tcpMDT Photovoltaic is a specialized software module developed in collaboration with SOLTEC, specifically engineered to streamline and optimize the topographic work and earthworks for photovoltaic (solar farm) plant projects. Running as an essential add-on to tcpMDT Professional, this powerful tool provides civil engineers and surveyors with the precision and efficiency needed for large-scale solar installations.\" \/>\n<meta name=\"robots\" content=\"index, follow, max-snippet:-1, max-image-preview:large, max-video-preview:-1\" \/>\n<link rel=\"canonical\" href=\"https:\/\/www.ghostysky.com\/fr\/product\/aplitop-tcpmdt-photovoltaic\/\" \/>\n<meta property=\"og:locale\" content=\"fr_FR\" \/>\n<meta property=\"og:type\" content=\"article\" \/>\n<meta property=\"og:title\" content=\"Aplitop tcpMDT Photovoltaic - Ghostysky\" \/>\n<meta property=\"og:description\" content=\"Aplitop tcpMDT Photovoltaic is a specialized software module developed in collaboration with SOLTEC, specifically engineered to streamline and optimize the topographic work and earthworks for photovoltaic (solar farm) plant projects. Running as an essential add-on to tcpMDT Professional, this powerful tool provides civil engineers and surveyors with the precision and efficiency needed for large-scale solar installations.\" \/>\n<meta property=\"og:url\" content=\"https:\/\/www.ghostysky.com\/fr\/product\/aplitop-tcpmdt-photovoltaic\/\" \/>\n<meta property=\"og:site_name\" content=\"Ghostysky\" \/>\n<meta property=\"article:publisher\" content=\"https:\/\/www.facebook.com\/people\/Ghostysky\/100057676170234\/\" \/>\n<meta property=\"article:modified_time\" content=\"2025-10-28T07:17:57+00:00\" \/>\n<meta property=\"og:image\" content=\"https:\/\/www.ghostysky.com\/wp-content\/uploads\/2025\/10\/GH_tcpMDT_1.jpg\" \/>\n\t<meta property=\"og:image:width\" content=\"500\" \/>\n\t<meta property=\"og:image:height\" content=\"500\" \/>\n\t<meta property=\"og:image:type\" content=\"image\/jpeg\" \/>\n<meta name=\"twitter:card\" content=\"summary_large_image\" \/>\n<meta name=\"twitter:site\" content=\"@Gh0stysky\" \/>\n<meta name=\"twitter:label1\" content=\"Dur\u00e9e de lecture estim\u00e9e\" \/>\n\t<meta name=\"twitter:data1\" content=\"2 minutes\" \/>\n<script type=\"application\/ld+json\" class=\"yoast-schema-graph\">{\"@context\":\"https:\/\/schema.org\",\"@graph\":[{\"@type\":\"WebPage\",\"@id\":\"https:\/\/www.ghostysky.com\/product\/aplitop-tcpmdt-photovoltaic\/\",\"url\":\"https:\/\/www.ghostysky.com\/product\/aplitop-tcpmdt-photovoltaic\/\",\"name\":\"Aplitop tcpMDT Photovoltaic - Ghostysky\",\"isPartOf\":{\"@id\":\"https:\/\/www.ghostysky.com\/#website\"},\"primaryImageOfPage\":{\"@id\":\"https:\/\/www.ghostysky.com\/product\/aplitop-tcpmdt-photovoltaic\/#primaryimage\"},\"image\":{\"@id\":\"https:\/\/www.ghostysky.com\/product\/aplitop-tcpmdt-photovoltaic\/#primaryimage\"},\"thumbnailUrl\":\"https:\/\/www.ghostysky.com\/wp-content\/uploads\/2025\/10\/GH_tcpMDT_1.jpg\",\"datePublished\":\"2025-10-28T07:10:18+00:00\",\"dateModified\":\"2025-10-28T07:17:57+00:00\",\"description\":\"Aplitop tcpMDT Photovoltaic is a specialized software module developed in collaboration with SOLTEC, specifically engineered to streamline and optimize the topographic work and earthworks for photovoltaic (solar farm) plant projects. Running as an essential add-on to tcpMDT Professional, this powerful tool provides civil engineers and surveyors with the precision and efficiency needed for large-scale solar installations.\",\"breadcrumb\":{\"@id\":\"https:\/\/www.ghostysky.com\/product\/aplitop-tcpmdt-photovoltaic\/#breadcrumb\"},\"inLanguage\":\"fr-FR\",\"potentialAction\":[{\"@type\":\"ReadAction\",\"target\":[\"https:\/\/www.ghostysky.com\/product\/aplitop-tcpmdt-photovoltaic\/\"]}]},{\"@type\":\"ImageObject\",\"inLanguage\":\"fr-FR\",\"@id\":\"https:\/\/www.ghostysky.com\/product\/aplitop-tcpmdt-photovoltaic\/#primaryimage\",\"url\":\"https:\/\/www.ghostysky.com\/wp-content\/uploads\/2025\/10\/GH_tcpMDT_1.jpg\",\"contentUrl\":\"https:\/\/www.ghostysky.com\/wp-content\/uploads\/2025\/10\/GH_tcpMDT_1.jpg\",\"width\":500,\"height\":500},{\"@type\":\"BreadcrumbList\",\"@id\":\"https:\/\/www.ghostysky.com\/product\/aplitop-tcpmdt-photovoltaic\/#breadcrumb\",\"itemListElement\":[{\"@type\":\"ListItem\",\"position\":1,\"name\":\"Home\",\"item\":\"https:\/\/www.ghostysky.com\/\"},{\"@type\":\"ListItem\",\"position\":2,\"name\":\"Shop\",\"item\":\"https:\/\/www.ghostysky.com\/shop\/\"},{\"@type\":\"ListItem\",\"position\":3,\"name\":\"Aplitop tcpMDT Photovoltaic\"}]},{\"@type\":\"WebSite\",\"@id\":\"https:\/\/www.ghostysky.com\/#website\",\"url\":\"https:\/\/www.ghostysky.com\/\",\"name\":\"Ghostysky\",\"description\":\"Delivering professional drones and services\",\"publisher\":{\"@id\":\"https:\/\/www.ghostysky.com\/#organization\"},\"potentialAction\":[{\"@type\":\"SearchAction\",\"target\":{\"@type\":\"EntryPoint\",\"urlTemplate\":\"https:\/\/www.ghostysky.com\/?s={search_term_string}\"},\"query-input\":{\"@type\":\"PropertyValueSpecification\",\"valueRequired\":true,\"valueName\":\"search_term_string\"}}],\"inLanguage\":\"fr-FR\"},{\"@type\":\"Organization\",\"@id\":\"https:\/\/www.ghostysky.com\/#organization\",\"name\":\"Ghostysky\",\"url\":\"https:\/\/www.ghostysky.com\/\",\"logo\":{\"@type\":\"ImageObject\",\"inLanguage\":\"fr-FR\",\"@id\":\"https:\/\/www.ghostysky.com\/#\/schema\/logo\/image\/\",\"url\":\"https:\/\/www.ghostysky.com\/wp-content\/uploads\/2020\/06\/cropped-ghostyskylogo_text_white2.png\",\"contentUrl\":\"https:\/\/www.ghostysky.com\/wp-content\/uploads\/2020\/06\/cropped-ghostyskylogo_text_white2.png\",\"width\":169,\"height\":56,\"caption\":\"Ghostysky\"},\"image\":{\"@id\":\"https:\/\/www.ghostysky.com\/#\/schema\/logo\/image\/\"},\"sameAs\":[\"https:\/\/www.facebook.com\/people\/Ghostysky\/100057676170234\/\",\"https:\/\/x.com\/Gh0stysky\",\"https:\/\/www.linkedin.com\/company\/34739653\",\"https:\/\/www.instagram.com\/gh0stysky\"]}]}<\/script>\n<!-- \/ Yoast SEO plugin. -->","yoast_head_json":{"title":"Photovolta\u00efque Aplitop tcpMDT - Ghostysky","description":"Aplitop tcpMDT Photovoltaic est un module logiciel sp\u00e9cialis\u00e9, d\u00e9velopp\u00e9 en collaboration avec SOLTEC, sp\u00e9cialement con\u00e7u pour rationaliser et optimiser les travaux topographiques et de terrassement des projets de centrales photovolta\u00efques (parcs solaires). Compl\u00e9ment essentiel de tcpMDT Professional, ce puissant outil offre aux ing\u00e9nieurs civils et aux g\u00e9om\u00e8tres la pr\u00e9cision et l&#039;efficacit\u00e9 n\u00e9cessaires aux installations solaires de grande envergure.","robots":{"index":"index","follow":"follow","max-snippet":"max-snippet:-1","max-image-preview":"max-image-preview:large","max-video-preview":"max-video-preview:-1"},"canonical":"https:\/\/www.ghostysky.com\/fr\/product\/aplitop-tcpmdt-photovoltaic\/","og_locale":"fr_FR","og_type":"article","og_title":"Aplitop tcpMDT Photovoltaic - Ghostysky","og_description":"Aplitop tcpMDT Photovoltaic is a specialized software module developed in collaboration with SOLTEC, specifically engineered to streamline and optimize the topographic work and earthworks for photovoltaic (solar farm) plant projects. Running as an essential add-on to tcpMDT Professional, this powerful tool provides civil engineers and surveyors with the precision and efficiency needed for large-scale solar installations.","og_url":"https:\/\/www.ghostysky.com\/fr\/product\/aplitop-tcpmdt-photovoltaic\/","og_site_name":"Ghostysky","article_publisher":"https:\/\/www.facebook.com\/people\/Ghostysky\/100057676170234\/","article_modified_time":"2025-10-28T07:17:57+00:00","og_image":[{"width":500,"height":500,"url":"https:\/\/www.ghostysky.com\/wp-content\/uploads\/2025\/10\/GH_tcpMDT_1.jpg","type":"image\/jpeg"}],"twitter_card":"summary_large_image","twitter_site":"@Gh0stysky","twitter_misc":{"Dur\u00e9e de lecture estim\u00e9e":"2 minutes"},"schema":{"@context":"https:\/\/schema.org","@graph":[{"@type":"WebPage","@id":"https:\/\/www.ghostysky.com\/product\/aplitop-tcpmdt-photovoltaic\/","url":"https:\/\/www.ghostysky.com\/product\/aplitop-tcpmdt-photovoltaic\/","name":"Photovolta\u00efque Aplitop tcpMDT - Ghostysky","isPartOf":{"@id":"https:\/\/www.ghostysky.com\/#website"},"primaryImageOfPage":{"@id":"https:\/\/www.ghostysky.com\/product\/aplitop-tcpmdt-photovoltaic\/#primaryimage"},"image":{"@id":"https:\/\/www.ghostysky.com\/product\/aplitop-tcpmdt-photovoltaic\/#primaryimage"},"thumbnailUrl":"https:\/\/www.ghostysky.com\/wp-content\/uploads\/2025\/10\/GH_tcpMDT_1.jpg","datePublished":"2025-10-28T07:10:18+00:00","dateModified":"2025-10-28T07:17:57+00:00","description":"Aplitop tcpMDT Photovoltaic est un module logiciel sp\u00e9cialis\u00e9, d\u00e9velopp\u00e9 en collaboration avec SOLTEC, sp\u00e9cialement con\u00e7u pour rationaliser et optimiser les travaux topographiques et de terrassement des projets de centrales photovolta\u00efques (parcs solaires). Compl\u00e9ment essentiel de tcpMDT Professional, ce puissant outil offre aux ing\u00e9nieurs civils et aux g\u00e9om\u00e8tres la pr\u00e9cision et l&#039;efficacit\u00e9 n\u00e9cessaires aux installations solaires de grande envergure.","breadcrumb":{"@id":"https:\/\/www.ghostysky.com\/product\/aplitop-tcpmdt-photovoltaic\/#breadcrumb"},"inLanguage":"fr-FR","potentialAction":[{"@type":"ReadAction","target":["https:\/\/www.ghostysky.com\/product\/aplitop-tcpmdt-photovoltaic\/"]}]},{"@type":"ImageObject","inLanguage":"fr-FR","@id":"https:\/\/www.ghostysky.com\/product\/aplitop-tcpmdt-photovoltaic\/#primaryimage","url":"https:\/\/www.ghostysky.com\/wp-content\/uploads\/2025\/10\/GH_tcpMDT_1.jpg","contentUrl":"https:\/\/www.ghostysky.com\/wp-content\/uploads\/2025\/10\/GH_tcpMDT_1.jpg","width":500,"height":500},{"@type":"BreadcrumbList","@id":"https:\/\/www.ghostysky.com\/product\/aplitop-tcpmdt-photovoltaic\/#breadcrumb","itemListElement":[{"@type":"ListItem","position":1,"name":"Home","item":"https:\/\/www.ghostysky.com\/"},{"@type":"ListItem","position":2,"name":"Shop","item":"https:\/\/www.ghostysky.com\/shop\/"},{"@type":"ListItem","position":3,"name":"Aplitop tcpMDT Photovoltaic"}]},{"@type":"WebSite","@id":"https:\/\/www.ghostysky.com\/#website","url":"https:\/\/www.ghostysky.com\/","name":"Ghostysky","description":"Livraison de drones et de services professionnels","publisher":{"@id":"https:\/\/www.ghostysky.com\/#organization"},"potentialAction":[{"@type":"SearchAction","target":{"@type":"EntryPoint","urlTemplate":"https:\/\/www.ghostysky.com\/?s={search_term_string}"},"query-input":{"@type":"PropertyValueSpecification","valueRequired":true,"valueName":"search_term_string"}}],"inLanguage":"fr-FR"},{"@type":"Organization","@id":"https:\/\/www.ghostysky.com\/#organization","name":"Ghostysky","url":"https:\/\/www.ghostysky.com\/","logo":{"@type":"ImageObject","inLanguage":"fr-FR","@id":"https:\/\/www.ghostysky.com\/#\/schema\/logo\/image\/","url":"https:\/\/www.ghostysky.com\/wp-content\/uploads\/2020\/06\/cropped-ghostyskylogo_text_white2.png","contentUrl":"https:\/\/www.ghostysky.com\/wp-content\/uploads\/2020\/06\/cropped-ghostyskylogo_text_white2.png","width":169,"height":56,"caption":"Ghostysky"},"image":{"@id":"https:\/\/www.ghostysky.com\/#\/schema\/logo\/image\/"},"sameAs":["https:\/\/www.facebook.com\/people\/Ghostysky\/100057676170234\/","https:\/\/x.com\/Gh0stysky","https:\/\/www.linkedin.com\/company\/34739653","https:\/\/www.instagram.com\/gh0stysky"]}]}},"_links":{"self":[{"href":"https:\/\/www.ghostysky.com\/fr\/wp-json\/wp\/v2\/product\/22577","targetHints":{"allow":["GET"]}}],"collection":[{"href":"https:\/\/www.ghostysky.com\/fr\/wp-json\/wp\/v2\/product"}],"about":[{"href":"https:\/\/www.ghostysky.com\/fr\/wp-json\/wp\/v2\/types\/product"}],"replies":[{"embeddable":true,"href":"https:\/\/www.ghostysky.com\/fr\/wp-json\/wp\/v2\/comments?post=22577"}],"wp:featuredmedia":[{"embeddable":true,"href":"https:\/\/www.ghostysky.com\/fr\/wp-json\/wp\/v2\/media\/22523"}],"wp:attachment":[{"href":"https:\/\/www.ghostysky.com\/fr\/wp-json\/wp\/v2\/media?parent=22577"}],"wp:term":[{"taxonomy":"product_brand","embeddable":true,"href":"https:\/\/www.ghostysky.com\/fr\/wp-json\/wp\/v2\/product_brand?post=22577"},{"taxonomy":"product_cat","embeddable":true,"href":"https:\/\/www.ghostysky.com\/fr\/wp-json\/wp\/v2\/product_cat?post=22577"},{"taxonomy":"product_tag","embeddable":true,"href":"https:\/\/www.ghostysky.com\/fr\/wp-json\/wp\/v2\/product_tag?post=22577"}],"curies":[{"name":"wp","href":"https:\/\/api.w.org\/{rel}","templated":true}]}}