{"id":22586,"date":"2025-10-28T07:51:23","date_gmt":"2025-10-28T07:51:23","guid":{"rendered":"https:\/\/www.ghostysky.com\/?post_type=product&#038;p=22586"},"modified":"2025-10-28T07:55:54","modified_gmt":"2025-10-28T07:55:54","slug":"aplitop-tcpmdt-professional-surveying-network","status":"publish","type":"product","link":"https:\/\/www.ghostysky.com\/fr\/product\/aplitop-tcpmdt-professional-surveying-network\/","title":{"rendered":"Aplitop tcpMDT Professionnel + R\u00e9seau d&#039;arpentage"},"content":{"rendered":"<h4><b>Principales fonctionnalit\u00e9s et capacit\u00e9s<\/b><\/h4>\n<ul>\n<li><b><span class=\"citation-126\">Licences r\u00e9seau (NETWORK) :<\/span><\/b><span class=\"citation-126 citation-end-126\"> Cette version comprend une licence r\u00e9seau flottante, g\u00e9r\u00e9e via un serveur de licences, ce qui en fait la solution id\u00e9ale pour les \u00e9quipes et les organisations qui ont besoin de partager des ressources et de maximiser l&#039;utilisation des logiciels sur plusieurs postes de travail.<\/span><\/li>\n<li><b><span class=\"citation-125\">Module d&#039;arpentage complet (Arpentage) :<\/span><\/b><span class=\"citation-125 citation-end-125\"> Traitez les observations brutes de la station totale, effectuez des calculs de coordonn\u00e9es ponctuelles, compensez les travers\u00e9es et les r\u00e9seaux et ex\u00e9cutez des transformations de coordonn\u00e9es globales et locales avec acc\u00e8s \u00e0 la base de donn\u00e9es mondiale EPSG des syst\u00e8mes de r\u00e9f\u00e9rence.<\/span><\/li>\n<li><b><span class=\"citation-124\">Mod\u00e9lisation num\u00e9rique avanc\u00e9e du terrain (MNT) :<\/span><\/b><span class=\"citation-124 citation-end-124\"> Cr\u00e9ez, modifiez et analysez des mod\u00e8les num\u00e9riques de terrain, g\u00e9n\u00e9rez des courbes de niveau pr\u00e9cises, des profils (longitudinaux et transversaux) et des rapports de volume pour l&#039;analyse des coupes\/remblais et les travaux de terrassement.<\/span><\/li>\n<li><b><span class=\"citation-123\">Conception civile compl\u00e8te :<\/span><\/b><span class=\"citation-123 citation-end-123\"> Concevez et g\u00e9rez des alignements horizontaux et verticaux pour les routes, les voies ferr\u00e9es et les infrastructures.<\/span> <span class=\"citation-122 citation-end-122\">D\u00e9finissez des mod\u00e8les de projet, des sections standard (plates-formes, foss\u00e9s, pentes, couches de chauss\u00e9e) et g\u00e9n\u00e9rez des rapports de implantation d\u00e9taill\u00e9s.<\/span><\/li>\n<li><b><span class=\"citation-121\">Conception du r\u00e9seau d&#039;infrastructure :<\/span><\/b><span class=\"citation-121 citation-end-121\"> Outils sp\u00e9cialis\u00e9s pour le dessin et la conception de r\u00e9seaux d&#039;eau, d&#039;assainissement et d&#039;eaux pluviales, y compris la repr\u00e9sentation en vue en plan, en profil et en coupes transversales.<\/span><\/li>\n<li><b><span class=\"citation-120\">Int\u00e9gration OpenBIM et SIG :<\/span><\/b><span class=\"citation-120\"> Int\u00e9grez-vous de mani\u00e8re transparente aux flux de travail OpenBIM avec une prise en charge compl\u00e8te de l&#039;importation et de l&#039;exportation de formats standard de l&#039;industrie tels que <\/span><b><span class=\"citation-120\">SFI<\/span><\/b><span class=\"citation-120\"> et <\/span><b><span class=\"citation-120\">LandXML<\/span><\/b><span class=\"citation-120 citation-end-120\">, parall\u00e8lement \u00e0 l&#039;importation\/exportation de donn\u00e9es SIG.<\/span><\/li>\n<li><b>Visualisation et reporting :<\/b><span class=\"citation-119 citation-end-119\"> Exploitez une fonctionnalit\u00e9 de visite virtuelle avec exportation vid\u00e9o et g\u00e9n\u00e9rez des rapports d\u00e9taill\u00e9s et personnalisables sur les zones, les volumes, les mesures et les budgets.<\/span><\/li>\n<li><b>Flexibilit\u00e9 de la plateforme CAO :<\/b><span class=\"citation-118\"> S&#039;int\u00e8gre directement dans les principaux environnements de CAO, notamment <\/span><b><span class=\"citation-118\">AutoCAD, BricsCAD, GstarCAD et ZWCAD<\/span><\/b><span class=\"citation-118 citation-end-118\">, permettant \u00e0 votre \u00e9quipe de travailler dans une interface famili\u00e8re.<\/span>\n<div class=\"source-inline-chip-container ng-star-inserted\"><\/div>\n<\/li>\n<\/ul>\n<p>tcpMDT Professional + Surveying NETWORK offre la puissance, la pr\u00e9cision et la flexibilit\u00e9 n\u00e9cessaires aux projets collaboratifs \u00e0 grande \u00e9chelle, des d\u00e9veloppements urbains et des carri\u00e8res \u00e0 la conception de routes et \u00e0 la planification des infrastructures.<\/p>","protected":false},"excerpt":{"rendered":"<p><b>La solution r\u00e9seau tout-en-un pour l&#039;arpentage avanc\u00e9 et le g\u00e9nie civil<\/b><\/p>\n<p><span class=\"citation-128 citation-end-128\">APLITOP tcpMDT Professional + Surveying NETWORK est une suite logicielle compl\u00e8te et modulaire con\u00e7ue pour rationaliser chaque \u00e9tape des projets complexes de topographie et de g\u00e9nie civil.<\/span> <span class=\"citation-127 citation-end-127\">Fonctionnant comme un plug-in robuste pour votre plate-forme de CAO pr\u00e9f\u00e9r\u00e9e (AutoCAD, BricsCAD, GstarCAD ou ZWCAD), ce package avanc\u00e9 fournit un ensemble d&#039;outils in\u00e9gal\u00e9 pour les professionnels, notamment les ing\u00e9nieurs civils, les g\u00e9om\u00e8tres et les gestionnaires d&#039;infrastructures.<\/span><\/p>","protected":false},"featured_media":22523,"comment_status":"open","ping_status":"closed","template":"","meta":[],"product_brand":[1208],"product_cat":[1207,31],"product_tag":[1209,1221],"class_list":{"0":"post-22586","1":"product","2":"type-product","3":"status-publish","4":"has-post-thumbnail","6":"product_brand-aplitop","7":"product_cat-aplitop","8":"product_cat-software","9":"product_tag-aplitop","10":"product_tag-tcpmdt-professional-surveying-network","12":"first","13":"instock","14":"taxable","15":"shipping-taxable","16":"product-type-simple"},"yoast_head":"<!-- This site is optimized with the Yoast SEO plugin v27.1.1 - https:\/\/yoast.com\/product\/yoast-seo-wordpress\/ -->\n<title>Aplitop tcpMDT Professional + Surveying NETWORK - Ghostysky<\/title>\n<meta name=\"description\" content=\"The All-in-One Network Solution for Advanced Land Surveying and Civil EngineeringAPLITOP tcpMDT Professional + Surveying NETWORK is a comprehensive, modular software suite built to streamline every stage of complex topography and civil engineering projects. Operating as a robust plug-in for your preferred CAD platform (AutoCAD, BricsCAD, GstarCAD, or ZWCAD), this advanced package provides an unrivaled toolset for professionals, including civil engineers, land surveyors, and infrastructure managers.\" \/>\n<meta name=\"robots\" content=\"index, follow, max-snippet:-1, max-image-preview:large, max-video-preview:-1\" \/>\n<link rel=\"canonical\" href=\"https:\/\/www.ghostysky.com\/fr\/product\/aplitop-tcpmdt-professional-surveying-network\/\" \/>\n<meta property=\"og:locale\" content=\"fr_FR\" \/>\n<meta property=\"og:type\" content=\"article\" \/>\n<meta property=\"og:title\" content=\"Aplitop tcpMDT Professional + Surveying NETWORK - Ghostysky\" \/>\n<meta property=\"og:description\" content=\"The All-in-One Network Solution for Advanced Land Surveying and Civil EngineeringAPLITOP tcpMDT Professional + Surveying NETWORK is a comprehensive, modular software suite built to streamline every stage of complex topography and civil engineering projects. Operating as a robust plug-in for your preferred CAD platform (AutoCAD, BricsCAD, GstarCAD, or ZWCAD), this advanced package provides an unrivaled toolset for professionals, including civil engineers, land surveyors, and infrastructure managers.\" \/>\n<meta property=\"og:url\" content=\"https:\/\/www.ghostysky.com\/fr\/product\/aplitop-tcpmdt-professional-surveying-network\/\" \/>\n<meta property=\"og:site_name\" content=\"Ghostysky\" \/>\n<meta property=\"article:publisher\" content=\"https:\/\/www.facebook.com\/people\/Ghostysky\/100057676170234\/\" \/>\n<meta property=\"article:modified_time\" content=\"2025-10-28T07:55:54+00:00\" \/>\n<meta property=\"og:image\" content=\"https:\/\/www.ghostysky.com\/wp-content\/uploads\/2025\/10\/GH_tcpMDT_1.jpg\" \/>\n\t<meta property=\"og:image:width\" content=\"500\" \/>\n\t<meta property=\"og:image:height\" content=\"500\" \/>\n\t<meta property=\"og:image:type\" content=\"image\/jpeg\" \/>\n<meta name=\"twitter:card\" content=\"summary_large_image\" \/>\n<meta name=\"twitter:site\" content=\"@Gh0stysky\" \/>\n<meta name=\"twitter:label1\" content=\"Dur\u00e9e de lecture estim\u00e9e\" \/>\n\t<meta name=\"twitter:data1\" content=\"2 minutes\" \/>\n<script type=\"application\/ld+json\" class=\"yoast-schema-graph\">{\"@context\":\"https:\/\/schema.org\",\"@graph\":[{\"@type\":\"WebPage\",\"@id\":\"https:\/\/www.ghostysky.com\/product\/aplitop-tcpmdt-professional-surveying-network\/\",\"url\":\"https:\/\/www.ghostysky.com\/product\/aplitop-tcpmdt-professional-surveying-network\/\",\"name\":\"Aplitop tcpMDT Professional + Surveying NETWORK - Ghostysky\",\"isPartOf\":{\"@id\":\"https:\/\/www.ghostysky.com\/#website\"},\"primaryImageOfPage\":{\"@id\":\"https:\/\/www.ghostysky.com\/product\/aplitop-tcpmdt-professional-surveying-network\/#primaryimage\"},\"image\":{\"@id\":\"https:\/\/www.ghostysky.com\/product\/aplitop-tcpmdt-professional-surveying-network\/#primaryimage\"},\"thumbnailUrl\":\"https:\/\/www.ghostysky.com\/wp-content\/uploads\/2025\/10\/GH_tcpMDT_1.jpg\",\"datePublished\":\"2025-10-28T07:51:23+00:00\",\"dateModified\":\"2025-10-28T07:55:54+00:00\",\"description\":\"The All-in-One Network Solution for Advanced Land Surveying and Civil EngineeringAPLITOP tcpMDT Professional + Surveying NETWORK is a comprehensive, modular software suite built to streamline every stage of complex topography and civil engineering projects. Operating as a robust plug-in for your preferred CAD platform (AutoCAD, BricsCAD, GstarCAD, or ZWCAD), this advanced package provides an unrivaled toolset for professionals, including civil engineers, land surveyors, and infrastructure managers.\",\"breadcrumb\":{\"@id\":\"https:\/\/www.ghostysky.com\/product\/aplitop-tcpmdt-professional-surveying-network\/#breadcrumb\"},\"inLanguage\":\"fr-FR\",\"potentialAction\":[{\"@type\":\"ReadAction\",\"target\":[\"https:\/\/www.ghostysky.com\/product\/aplitop-tcpmdt-professional-surveying-network\/\"]}]},{\"@type\":\"ImageObject\",\"inLanguage\":\"fr-FR\",\"@id\":\"https:\/\/www.ghostysky.com\/product\/aplitop-tcpmdt-professional-surveying-network\/#primaryimage\",\"url\":\"https:\/\/www.ghostysky.com\/wp-content\/uploads\/2025\/10\/GH_tcpMDT_1.jpg\",\"contentUrl\":\"https:\/\/www.ghostysky.com\/wp-content\/uploads\/2025\/10\/GH_tcpMDT_1.jpg\",\"width\":500,\"height\":500},{\"@type\":\"BreadcrumbList\",\"@id\":\"https:\/\/www.ghostysky.com\/product\/aplitop-tcpmdt-professional-surveying-network\/#breadcrumb\",\"itemListElement\":[{\"@type\":\"ListItem\",\"position\":1,\"name\":\"Home\",\"item\":\"https:\/\/www.ghostysky.com\/\"},{\"@type\":\"ListItem\",\"position\":2,\"name\":\"Shop\",\"item\":\"https:\/\/www.ghostysky.com\/shop\/\"},{\"@type\":\"ListItem\",\"position\":3,\"name\":\"Aplitop tcpMDT Professional + Surveying NETWORK\"}]},{\"@type\":\"WebSite\",\"@id\":\"https:\/\/www.ghostysky.com\/#website\",\"url\":\"https:\/\/www.ghostysky.com\/\",\"name\":\"Ghostysky\",\"description\":\"Delivering professional drones and services\",\"publisher\":{\"@id\":\"https:\/\/www.ghostysky.com\/#organization\"},\"potentialAction\":[{\"@type\":\"SearchAction\",\"target\":{\"@type\":\"EntryPoint\",\"urlTemplate\":\"https:\/\/www.ghostysky.com\/?s={search_term_string}\"},\"query-input\":{\"@type\":\"PropertyValueSpecification\",\"valueRequired\":true,\"valueName\":\"search_term_string\"}}],\"inLanguage\":\"fr-FR\"},{\"@type\":\"Organization\",\"@id\":\"https:\/\/www.ghostysky.com\/#organization\",\"name\":\"Ghostysky\",\"url\":\"https:\/\/www.ghostysky.com\/\",\"logo\":{\"@type\":\"ImageObject\",\"inLanguage\":\"fr-FR\",\"@id\":\"https:\/\/www.ghostysky.com\/#\/schema\/logo\/image\/\",\"url\":\"https:\/\/www.ghostysky.com\/wp-content\/uploads\/2020\/06\/cropped-ghostyskylogo_text_white2.png\",\"contentUrl\":\"https:\/\/www.ghostysky.com\/wp-content\/uploads\/2020\/06\/cropped-ghostyskylogo_text_white2.png\",\"width\":169,\"height\":56,\"caption\":\"Ghostysky\"},\"image\":{\"@id\":\"https:\/\/www.ghostysky.com\/#\/schema\/logo\/image\/\"},\"sameAs\":[\"https:\/\/www.facebook.com\/people\/Ghostysky\/100057676170234\/\",\"https:\/\/x.com\/Gh0stysky\",\"https:\/\/www.linkedin.com\/company\/34739653\",\"https:\/\/www.instagram.com\/gh0stysky\"]}]}<\/script>\n<!-- \/ Yoast SEO plugin. -->","yoast_head_json":{"title":"Aplitop tcpMDT Professionnel + R\u00e9seau d&#039;arpentage - Ghostysky","description":"La solution r\u00e9seau tout-en-un pour la topographie et le g\u00e9nie civil avanc\u00e9s. APLITOP tcpMDT Professional + Surveying NETWORK est une suite logicielle compl\u00e8te et modulaire con\u00e7ue pour optimiser chaque \u00e9tape des projets complexes de topographie et de g\u00e9nie civil. Fonctionnant comme un plug-in robuste pour votre plateforme de CAO pr\u00e9f\u00e9r\u00e9e (AutoCAD, BricsCAD, GstarCAD ou ZWCAD), ce package avanc\u00e9 offre un ensemble d&#039;outils in\u00e9gal\u00e9 aux professionnels, notamment aux ing\u00e9nieurs civils, aux g\u00e9om\u00e8tres-experts et aux gestionnaires d&#039;infrastructures.","robots":{"index":"index","follow":"follow","max-snippet":"max-snippet:-1","max-image-preview":"max-image-preview:large","max-video-preview":"max-video-preview:-1"},"canonical":"https:\/\/www.ghostysky.com\/fr\/product\/aplitop-tcpmdt-professional-surveying-network\/","og_locale":"fr_FR","og_type":"article","og_title":"Aplitop tcpMDT Professional + Surveying NETWORK - Ghostysky","og_description":"The All-in-One Network Solution for Advanced Land Surveying and Civil EngineeringAPLITOP tcpMDT Professional + Surveying NETWORK is a comprehensive, modular software suite built to streamline every stage of complex topography and civil engineering projects. Operating as a robust plug-in for your preferred CAD platform (AutoCAD, BricsCAD, GstarCAD, or ZWCAD), this advanced package provides an unrivaled toolset for professionals, including civil engineers, land surveyors, and infrastructure managers.","og_url":"https:\/\/www.ghostysky.com\/fr\/product\/aplitop-tcpmdt-professional-surveying-network\/","og_site_name":"Ghostysky","article_publisher":"https:\/\/www.facebook.com\/people\/Ghostysky\/100057676170234\/","article_modified_time":"2025-10-28T07:55:54+00:00","og_image":[{"width":500,"height":500,"url":"https:\/\/www.ghostysky.com\/wp-content\/uploads\/2025\/10\/GH_tcpMDT_1.jpg","type":"image\/jpeg"}],"twitter_card":"summary_large_image","twitter_site":"@Gh0stysky","twitter_misc":{"Dur\u00e9e de lecture estim\u00e9e":"2 minutes"},"schema":{"@context":"https:\/\/schema.org","@graph":[{"@type":"WebPage","@id":"https:\/\/www.ghostysky.com\/product\/aplitop-tcpmdt-professional-surveying-network\/","url":"https:\/\/www.ghostysky.com\/product\/aplitop-tcpmdt-professional-surveying-network\/","name":"Aplitop tcpMDT Professionnel + R\u00e9seau d&#039;arpentage - Ghostysky","isPartOf":{"@id":"https:\/\/www.ghostysky.com\/#website"},"primaryImageOfPage":{"@id":"https:\/\/www.ghostysky.com\/product\/aplitop-tcpmdt-professional-surveying-network\/#primaryimage"},"image":{"@id":"https:\/\/www.ghostysky.com\/product\/aplitop-tcpmdt-professional-surveying-network\/#primaryimage"},"thumbnailUrl":"https:\/\/www.ghostysky.com\/wp-content\/uploads\/2025\/10\/GH_tcpMDT_1.jpg","datePublished":"2025-10-28T07:51:23+00:00","dateModified":"2025-10-28T07:55:54+00:00","description":"La solution r\u00e9seau tout-en-un pour la topographie et le g\u00e9nie civil avanc\u00e9s. APLITOP tcpMDT Professional + Surveying NETWORK est une suite logicielle compl\u00e8te et modulaire con\u00e7ue pour optimiser chaque \u00e9tape des projets complexes de topographie et de g\u00e9nie civil. Fonctionnant comme un plug-in robuste pour votre plateforme de CAO pr\u00e9f\u00e9r\u00e9e (AutoCAD, BricsCAD, GstarCAD ou ZWCAD), ce package avanc\u00e9 offre un ensemble d&#039;outils in\u00e9gal\u00e9 aux professionnels, notamment aux ing\u00e9nieurs civils, aux g\u00e9om\u00e8tres-experts et aux gestionnaires d&#039;infrastructures.","breadcrumb":{"@id":"https:\/\/www.ghostysky.com\/product\/aplitop-tcpmdt-professional-surveying-network\/#breadcrumb"},"inLanguage":"fr-FR","potentialAction":[{"@type":"ReadAction","target":["https:\/\/www.ghostysky.com\/product\/aplitop-tcpmdt-professional-surveying-network\/"]}]},{"@type":"ImageObject","inLanguage":"fr-FR","@id":"https:\/\/www.ghostysky.com\/product\/aplitop-tcpmdt-professional-surveying-network\/#primaryimage","url":"https:\/\/www.ghostysky.com\/wp-content\/uploads\/2025\/10\/GH_tcpMDT_1.jpg","contentUrl":"https:\/\/www.ghostysky.com\/wp-content\/uploads\/2025\/10\/GH_tcpMDT_1.jpg","width":500,"height":500},{"@type":"BreadcrumbList","@id":"https:\/\/www.ghostysky.com\/product\/aplitop-tcpmdt-professional-surveying-network\/#breadcrumb","itemListElement":[{"@type":"ListItem","position":1,"name":"Home","item":"https:\/\/www.ghostysky.com\/"},{"@type":"ListItem","position":2,"name":"Shop","item":"https:\/\/www.ghostysky.com\/shop\/"},{"@type":"ListItem","position":3,"name":"Aplitop tcpMDT Professional + Surveying NETWORK"}]},{"@type":"WebSite","@id":"https:\/\/www.ghostysky.com\/#website","url":"https:\/\/www.ghostysky.com\/","name":"Ghostysky","description":"Livraison de drones et de services professionnels","publisher":{"@id":"https:\/\/www.ghostysky.com\/#organization"},"potentialAction":[{"@type":"SearchAction","target":{"@type":"EntryPoint","urlTemplate":"https:\/\/www.ghostysky.com\/?s={search_term_string}"},"query-input":{"@type":"PropertyValueSpecification","valueRequired":true,"valueName":"search_term_string"}}],"inLanguage":"fr-FR"},{"@type":"Organization","@id":"https:\/\/www.ghostysky.com\/#organization","name":"Ghostysky","url":"https:\/\/www.ghostysky.com\/","logo":{"@type":"ImageObject","inLanguage":"fr-FR","@id":"https:\/\/www.ghostysky.com\/#\/schema\/logo\/image\/","url":"https:\/\/www.ghostysky.com\/wp-content\/uploads\/2020\/06\/cropped-ghostyskylogo_text_white2.png","contentUrl":"https:\/\/www.ghostysky.com\/wp-content\/uploads\/2020\/06\/cropped-ghostyskylogo_text_white2.png","width":169,"height":56,"caption":"Ghostysky"},"image":{"@id":"https:\/\/www.ghostysky.com\/#\/schema\/logo\/image\/"},"sameAs":["https:\/\/www.facebook.com\/people\/Ghostysky\/100057676170234\/","https:\/\/x.com\/Gh0stysky","https:\/\/www.linkedin.com\/company\/34739653","https:\/\/www.instagram.com\/gh0stysky"]}]}},"_links":{"self":[{"href":"https:\/\/www.ghostysky.com\/fr\/wp-json\/wp\/v2\/product\/22586","targetHints":{"allow":["GET"]}}],"collection":[{"href":"https:\/\/www.ghostysky.com\/fr\/wp-json\/wp\/v2\/product"}],"about":[{"href":"https:\/\/www.ghostysky.com\/fr\/wp-json\/wp\/v2\/types\/product"}],"replies":[{"embeddable":true,"href":"https:\/\/www.ghostysky.com\/fr\/wp-json\/wp\/v2\/comments?post=22586"}],"wp:featuredmedia":[{"embeddable":true,"href":"https:\/\/www.ghostysky.com\/fr\/wp-json\/wp\/v2\/media\/22523"}],"wp:attachment":[{"href":"https:\/\/www.ghostysky.com\/fr\/wp-json\/wp\/v2\/media?parent=22586"}],"wp:term":[{"taxonomy":"product_brand","embeddable":true,"href":"https:\/\/www.ghostysky.com\/fr\/wp-json\/wp\/v2\/product_brand?post=22586"},{"taxonomy":"product_cat","embeddable":true,"href":"https:\/\/www.ghostysky.com\/fr\/wp-json\/wp\/v2\/product_cat?post=22586"},{"taxonomy":"product_tag","embeddable":true,"href":"https:\/\/www.ghostysky.com\/fr\/wp-json\/wp\/v2\/product_tag?post=22586"}],"curies":[{"name":"wp","href":"https:\/\/api.w.org\/{rel}","templated":true}]}}