{"id":22593,"date":"2025-10-28T08:12:51","date_gmt":"2025-10-28T08:12:51","guid":{"rendered":"https:\/\/www.ghostysky.com\/?post_type=product&#038;p=22593"},"modified":"2025-10-28T08:17:26","modified_gmt":"2025-10-28T08:17:26","slug":"aplitop-tcpmdt-photovoltaic-network","status":"publish","type":"product","link":"https:\/\/www.ghostysky.com\/fr\/product\/aplitop-tcpmdt-photovoltaic-network\/","title":{"rendered":"R\u00c9SEAU PHOTOVOLTA\u00cfQUE Aplitop tcpMDT"},"content":{"rendered":"<h4><b>Principales caract\u00e9ristiques et avantages<\/b><\/h4>\n<ul>\n<li><b><span class=\"citation-169\">Minimisation et optimisation des travaux de terrassement :<\/span><\/b><span class=\"citation-169 citation-end-169\"> Analysez le terrain existant pour d\u00e9finir des zones de projet avec des crit\u00e8res personnalisables, notamment les pentes maximales, la pente et les diff\u00e9rences d&#039;\u00e9l\u00e9vation.<\/span> Le logiciel calcule et optimise automatiquement le nivellement pour s&#039;adapter aux contraintes du tracker solaire et de l&#039;usine, r\u00e9duisant ainsi consid\u00e9rablement le besoin de terrassements co\u00fbteux.<\/li>\n<li><b><span class=\"citation-168\">Conception de site de pr\u00e9cision :<\/span><\/b><span class=\"citation-168 citation-end-168\"> D\u00e9finissez et placez facilement diff\u00e9rents types de trackers solaires, y compris les mod\u00e8les \u00e0 axe unique et adaptatifs au terrain, en sp\u00e9cifiant toutes les propri\u00e9t\u00e9s telles que les dimensions physiques, le nombre de panneaux, les poteaux de support et les puissances nominales.<\/span> Les trackers et les poteaux sont automatiquement num\u00e9rot\u00e9s et plac\u00e9s \u00e0 l&#039;aide d&#039;outils de mise en page assist\u00e9e.<\/li>\n<li><b><span class=\"citation-167\">Analyse compl\u00e8te du terrain :<\/span><\/b><span class=\"citation-167 citation-end-167\"> Visualisez et analysez le terrain avec des mod\u00e8les 3D et des cartes de pente.<\/span> <span class=\"citation-166 citation-end-166\">Le logiciel fournit des outils interactifs pour examiner et r\u00e9soudre les incidents de conception tels que les erreurs de pente ou les sauts entre les trackers, garantissant une conception finale robuste et conforme.<\/span><\/li>\n<li><b>R\u00e9sultats et rapports pr\u00e9cis :<\/b><span class=\"citation-165 citation-end-165\"> G\u00e9n\u00e9rez des rapports d\u00e9taill\u00e9s et r\u00e9sum\u00e9s sur les zones, les trackers solaires, les poteaux et les volumes de terrassement.<\/span> <span class=\"citation-164 citation-end-164\">Exportez les donn\u00e9es vers des formats standard comme Excel pour le calcul des quantit\u00e9s et envoyez des rapports d&#039;implantation directement aux r\u00e9cepteurs GNSS ou aux stations totales pour un travail sur le terrain efficace.<\/span><\/li>\n<li><b><span class=\"citation-163\">Int\u00e9gration OpenBIM :<\/span><\/b><span class=\"citation-163\"> Produire un mod\u00e8le 3D r\u00e9aliste de l&#039;ensemble de l&#039;installation, qui peut \u00eatre export\u00e9 en <\/span><b><span class=\"citation-163\">Format IFC<\/span><\/b><span class=\"citation-163 citation-end-163\"> avec toutes les propri\u00e9t\u00e9s associ\u00e9es pour une int\u00e9gration transparente dans les flux de travail OpenBIM et la gestion de projet avanc\u00e9e.<\/span><\/li>\n<\/ul>\n<p><b>Photovolta\u00efque Aplitop tcpMDT<\/b> transforme les d\u00e9fis complexes de conception PV en solutions efficaces, pr\u00e9cises et rentables, garantissant que votre projet solaire maximise la production d&#039;\u00e9nergie tout en minimisant l&#039;impact et les co\u00fbts de construction.<\/p>","protected":false},"excerpt":{"rendered":"<p><b>Logiciel avanc\u00e9 d&#039;optimisation et de conception topographiques pour centrales solaires<\/b><\/p>\n<p><b><span class=\"citation-171\">Photovolta\u00efque Aplitop tcpMDT<\/span><\/b><span class=\"citation-171 citation-end-171\"> est l&#039;application de CAO sp\u00e9cialis\u00e9e d\u00e9velopp\u00e9e pour l&#039;arpentage de pr\u00e9cision, la conception et l&#039;optimisation des installations photovolta\u00efques (PV) \u00e0 grande \u00e9chelle.<\/span> <span class=\"citation-170 citation-end-170\">Con\u00e7u pour les ing\u00e9nieurs et les entreprises EPC, cet outil essentiel s&#039;int\u00e8gre parfaitement \u00e0 votre environnement CAO pour minimiser les travaux de terrassement, rationaliser le placement des suiveurs solaires et g\u00e9n\u00e9rer des d\u00e9collages de quantit\u00e9s pr\u00e9cis.<\/span><\/p>","protected":false},"featured_media":22523,"comment_status":"open","ping_status":"closed","template":"","meta":[],"product_brand":[1208],"product_cat":[1207,31],"product_tag":[1209,1223],"class_list":{"0":"post-22593","1":"product","2":"type-product","3":"status-publish","4":"has-post-thumbnail","6":"product_brand-aplitop","7":"product_cat-aplitop","8":"product_cat-software","9":"product_tag-aplitop","10":"product_tag-tcpmdt-photovoltaic-network","12":"first","13":"instock","14":"taxable","15":"shipping-taxable","16":"product-type-simple"},"yoast_head":"<!-- This site is optimized with the Yoast SEO plugin v27.1.1 - https:\/\/yoast.com\/product\/yoast-seo-wordpress\/ -->\n<title>Aplitop tcpMDT Photovoltaic NETWORK - Ghostysky<\/title>\n<meta name=\"description\" content=\"Advanced Topographic Optimization and Design Software for Solar PlantsAplitop tcpMDT Photovoltaic is the specialized CAD application developed for precision surveying, design, and optimization of large-scale photovoltaic (PV) installations. Designed for engineers and EPC companies, this essential tool integrates seamlessly with your CAD environment to minimize earthworks, streamline solar tracker placement, and generate accurate quantity take-offs.\" \/>\n<meta name=\"robots\" content=\"index, follow, max-snippet:-1, max-image-preview:large, max-video-preview:-1\" \/>\n<link rel=\"canonical\" href=\"https:\/\/www.ghostysky.com\/fr\/product\/aplitop-tcpmdt-photovoltaic-network\/\" \/>\n<meta property=\"og:locale\" content=\"fr_FR\" \/>\n<meta property=\"og:type\" content=\"article\" \/>\n<meta property=\"og:title\" content=\"Aplitop tcpMDT Photovoltaic NETWORK - Ghostysky\" \/>\n<meta property=\"og:description\" content=\"Advanced Topographic Optimization and Design Software for Solar PlantsAplitop tcpMDT Photovoltaic is the specialized CAD application developed for precision surveying, design, and optimization of large-scale photovoltaic (PV) installations. Designed for engineers and EPC companies, this essential tool integrates seamlessly with your CAD environment to minimize earthworks, streamline solar tracker placement, and generate accurate quantity take-offs.\" \/>\n<meta property=\"og:url\" content=\"https:\/\/www.ghostysky.com\/fr\/product\/aplitop-tcpmdt-photovoltaic-network\/\" \/>\n<meta property=\"og:site_name\" content=\"Ghostysky\" \/>\n<meta property=\"article:publisher\" content=\"https:\/\/www.facebook.com\/people\/Ghostysky\/100057676170234\/\" \/>\n<meta property=\"article:modified_time\" content=\"2025-10-28T08:17:26+00:00\" \/>\n<meta property=\"og:image\" content=\"https:\/\/www.ghostysky.com\/wp-content\/uploads\/2025\/10\/GH_tcpMDT_1.jpg\" \/>\n\t<meta property=\"og:image:width\" content=\"500\" \/>\n\t<meta property=\"og:image:height\" content=\"500\" \/>\n\t<meta property=\"og:image:type\" content=\"image\/jpeg\" \/>\n<meta name=\"twitter:card\" content=\"summary_large_image\" \/>\n<meta name=\"twitter:site\" content=\"@Gh0stysky\" \/>\n<meta name=\"twitter:label1\" content=\"Dur\u00e9e de lecture estim\u00e9e\" \/>\n\t<meta name=\"twitter:data1\" content=\"2 minutes\" \/>\n<script type=\"application\/ld+json\" class=\"yoast-schema-graph\">{\"@context\":\"https:\/\/schema.org\",\"@graph\":[{\"@type\":\"WebPage\",\"@id\":\"https:\/\/www.ghostysky.com\/product\/aplitop-tcpmdt-photovoltaic-network\/\",\"url\":\"https:\/\/www.ghostysky.com\/product\/aplitop-tcpmdt-photovoltaic-network\/\",\"name\":\"Aplitop tcpMDT Photovoltaic NETWORK - Ghostysky\",\"isPartOf\":{\"@id\":\"https:\/\/www.ghostysky.com\/#website\"},\"primaryImageOfPage\":{\"@id\":\"https:\/\/www.ghostysky.com\/product\/aplitop-tcpmdt-photovoltaic-network\/#primaryimage\"},\"image\":{\"@id\":\"https:\/\/www.ghostysky.com\/product\/aplitop-tcpmdt-photovoltaic-network\/#primaryimage\"},\"thumbnailUrl\":\"https:\/\/www.ghostysky.com\/wp-content\/uploads\/2025\/10\/GH_tcpMDT_1.jpg\",\"datePublished\":\"2025-10-28T08:12:51+00:00\",\"dateModified\":\"2025-10-28T08:17:26+00:00\",\"description\":\"Advanced Topographic Optimization and Design Software for Solar PlantsAplitop tcpMDT Photovoltaic is the specialized CAD application developed for precision surveying, design, and optimization of large-scale photovoltaic (PV) installations. Designed for engineers and EPC companies, this essential tool integrates seamlessly with your CAD environment to minimize earthworks, streamline solar tracker placement, and generate accurate quantity take-offs.\",\"breadcrumb\":{\"@id\":\"https:\/\/www.ghostysky.com\/product\/aplitop-tcpmdt-photovoltaic-network\/#breadcrumb\"},\"inLanguage\":\"fr-FR\",\"potentialAction\":[{\"@type\":\"ReadAction\",\"target\":[\"https:\/\/www.ghostysky.com\/product\/aplitop-tcpmdt-photovoltaic-network\/\"]}]},{\"@type\":\"ImageObject\",\"inLanguage\":\"fr-FR\",\"@id\":\"https:\/\/www.ghostysky.com\/product\/aplitop-tcpmdt-photovoltaic-network\/#primaryimage\",\"url\":\"https:\/\/www.ghostysky.com\/wp-content\/uploads\/2025\/10\/GH_tcpMDT_1.jpg\",\"contentUrl\":\"https:\/\/www.ghostysky.com\/wp-content\/uploads\/2025\/10\/GH_tcpMDT_1.jpg\",\"width\":500,\"height\":500},{\"@type\":\"BreadcrumbList\",\"@id\":\"https:\/\/www.ghostysky.com\/product\/aplitop-tcpmdt-photovoltaic-network\/#breadcrumb\",\"itemListElement\":[{\"@type\":\"ListItem\",\"position\":1,\"name\":\"Home\",\"item\":\"https:\/\/www.ghostysky.com\/\"},{\"@type\":\"ListItem\",\"position\":2,\"name\":\"Shop\",\"item\":\"https:\/\/www.ghostysky.com\/shop\/\"},{\"@type\":\"ListItem\",\"position\":3,\"name\":\"Aplitop tcpMDT Photovoltaic NETWORK\"}]},{\"@type\":\"WebSite\",\"@id\":\"https:\/\/www.ghostysky.com\/#website\",\"url\":\"https:\/\/www.ghostysky.com\/\",\"name\":\"Ghostysky\",\"description\":\"Delivering professional drones and services\",\"publisher\":{\"@id\":\"https:\/\/www.ghostysky.com\/#organization\"},\"potentialAction\":[{\"@type\":\"SearchAction\",\"target\":{\"@type\":\"EntryPoint\",\"urlTemplate\":\"https:\/\/www.ghostysky.com\/?s={search_term_string}\"},\"query-input\":{\"@type\":\"PropertyValueSpecification\",\"valueRequired\":true,\"valueName\":\"search_term_string\"}}],\"inLanguage\":\"fr-FR\"},{\"@type\":\"Organization\",\"@id\":\"https:\/\/www.ghostysky.com\/#organization\",\"name\":\"Ghostysky\",\"url\":\"https:\/\/www.ghostysky.com\/\",\"logo\":{\"@type\":\"ImageObject\",\"inLanguage\":\"fr-FR\",\"@id\":\"https:\/\/www.ghostysky.com\/#\/schema\/logo\/image\/\",\"url\":\"https:\/\/www.ghostysky.com\/wp-content\/uploads\/2020\/06\/cropped-ghostyskylogo_text_white2.png\",\"contentUrl\":\"https:\/\/www.ghostysky.com\/wp-content\/uploads\/2020\/06\/cropped-ghostyskylogo_text_white2.png\",\"width\":169,\"height\":56,\"caption\":\"Ghostysky\"},\"image\":{\"@id\":\"https:\/\/www.ghostysky.com\/#\/schema\/logo\/image\/\"},\"sameAs\":[\"https:\/\/www.facebook.com\/people\/Ghostysky\/100057676170234\/\",\"https:\/\/x.com\/Gh0stysky\",\"https:\/\/www.linkedin.com\/company\/34739653\",\"https:\/\/www.instagram.com\/gh0stysky\"]}]}<\/script>\n<!-- \/ Yoast SEO plugin. -->","yoast_head_json":{"title":"R\u00e9seau photovolta\u00efque Aplitop tcpMDT - Ghostysky","description":"Logiciel avanc\u00e9 d&#039;optimisation et de conception topographiques pour centrales solaires. Aplitop tcpMDT Photovoltaic est une application de CAO sp\u00e9cialis\u00e9e, d\u00e9velopp\u00e9e pour la topographie, la conception et l&#039;optimisation de pr\u00e9cision des installations photovolta\u00efques (PV) de grande envergure. Con\u00e7u pour les ing\u00e9nieurs et les entreprises EPC, cet outil essentiel s&#039;int\u00e8gre parfaitement \u00e0 votre environnement de CAO pour minimiser les travaux de terrassement, optimiser le placement des suiveurs solaires et g\u00e9n\u00e9rer des m\u00e9tr\u00e9s pr\u00e9cis.","robots":{"index":"index","follow":"follow","max-snippet":"max-snippet:-1","max-image-preview":"max-image-preview:large","max-video-preview":"max-video-preview:-1"},"canonical":"https:\/\/www.ghostysky.com\/fr\/product\/aplitop-tcpmdt-photovoltaic-network\/","og_locale":"fr_FR","og_type":"article","og_title":"Aplitop tcpMDT Photovoltaic NETWORK - Ghostysky","og_description":"Advanced Topographic Optimization and Design Software for Solar PlantsAplitop tcpMDT Photovoltaic is the specialized CAD application developed for precision surveying, design, and optimization of large-scale photovoltaic (PV) installations. Designed for engineers and EPC companies, this essential tool integrates seamlessly with your CAD environment to minimize earthworks, streamline solar tracker placement, and generate accurate quantity take-offs.","og_url":"https:\/\/www.ghostysky.com\/fr\/product\/aplitop-tcpmdt-photovoltaic-network\/","og_site_name":"Ghostysky","article_publisher":"https:\/\/www.facebook.com\/people\/Ghostysky\/100057676170234\/","article_modified_time":"2025-10-28T08:17:26+00:00","og_image":[{"width":500,"height":500,"url":"https:\/\/www.ghostysky.com\/wp-content\/uploads\/2025\/10\/GH_tcpMDT_1.jpg","type":"image\/jpeg"}],"twitter_card":"summary_large_image","twitter_site":"@Gh0stysky","twitter_misc":{"Dur\u00e9e de lecture estim\u00e9e":"2 minutes"},"schema":{"@context":"https:\/\/schema.org","@graph":[{"@type":"WebPage","@id":"https:\/\/www.ghostysky.com\/product\/aplitop-tcpmdt-photovoltaic-network\/","url":"https:\/\/www.ghostysky.com\/product\/aplitop-tcpmdt-photovoltaic-network\/","name":"R\u00e9seau photovolta\u00efque Aplitop tcpMDT - Ghostysky","isPartOf":{"@id":"https:\/\/www.ghostysky.com\/#website"},"primaryImageOfPage":{"@id":"https:\/\/www.ghostysky.com\/product\/aplitop-tcpmdt-photovoltaic-network\/#primaryimage"},"image":{"@id":"https:\/\/www.ghostysky.com\/product\/aplitop-tcpmdt-photovoltaic-network\/#primaryimage"},"thumbnailUrl":"https:\/\/www.ghostysky.com\/wp-content\/uploads\/2025\/10\/GH_tcpMDT_1.jpg","datePublished":"2025-10-28T08:12:51+00:00","dateModified":"2025-10-28T08:17:26+00:00","description":"Logiciel avanc\u00e9 d&#039;optimisation et de conception topographiques pour centrales solaires. Aplitop tcpMDT Photovoltaic est une application de CAO sp\u00e9cialis\u00e9e, d\u00e9velopp\u00e9e pour la topographie, la conception et l&#039;optimisation de pr\u00e9cision des installations photovolta\u00efques (PV) de grande envergure. Con\u00e7u pour les ing\u00e9nieurs et les entreprises EPC, cet outil essentiel s&#039;int\u00e8gre parfaitement \u00e0 votre environnement de CAO pour minimiser les travaux de terrassement, optimiser le placement des suiveurs solaires et g\u00e9n\u00e9rer des m\u00e9tr\u00e9s pr\u00e9cis.","breadcrumb":{"@id":"https:\/\/www.ghostysky.com\/product\/aplitop-tcpmdt-photovoltaic-network\/#breadcrumb"},"inLanguage":"fr-FR","potentialAction":[{"@type":"ReadAction","target":["https:\/\/www.ghostysky.com\/product\/aplitop-tcpmdt-photovoltaic-network\/"]}]},{"@type":"ImageObject","inLanguage":"fr-FR","@id":"https:\/\/www.ghostysky.com\/product\/aplitop-tcpmdt-photovoltaic-network\/#primaryimage","url":"https:\/\/www.ghostysky.com\/wp-content\/uploads\/2025\/10\/GH_tcpMDT_1.jpg","contentUrl":"https:\/\/www.ghostysky.com\/wp-content\/uploads\/2025\/10\/GH_tcpMDT_1.jpg","width":500,"height":500},{"@type":"BreadcrumbList","@id":"https:\/\/www.ghostysky.com\/product\/aplitop-tcpmdt-photovoltaic-network\/#breadcrumb","itemListElement":[{"@type":"ListItem","position":1,"name":"Home","item":"https:\/\/www.ghostysky.com\/"},{"@type":"ListItem","position":2,"name":"Shop","item":"https:\/\/www.ghostysky.com\/shop\/"},{"@type":"ListItem","position":3,"name":"Aplitop tcpMDT Photovoltaic NETWORK"}]},{"@type":"WebSite","@id":"https:\/\/www.ghostysky.com\/#website","url":"https:\/\/www.ghostysky.com\/","name":"Ghostysky","description":"Livraison de drones et de services professionnels","publisher":{"@id":"https:\/\/www.ghostysky.com\/#organization"},"potentialAction":[{"@type":"SearchAction","target":{"@type":"EntryPoint","urlTemplate":"https:\/\/www.ghostysky.com\/?s={search_term_string}"},"query-input":{"@type":"PropertyValueSpecification","valueRequired":true,"valueName":"search_term_string"}}],"inLanguage":"fr-FR"},{"@type":"Organization","@id":"https:\/\/www.ghostysky.com\/#organization","name":"Ghostysky","url":"https:\/\/www.ghostysky.com\/","logo":{"@type":"ImageObject","inLanguage":"fr-FR","@id":"https:\/\/www.ghostysky.com\/#\/schema\/logo\/image\/","url":"https:\/\/www.ghostysky.com\/wp-content\/uploads\/2020\/06\/cropped-ghostyskylogo_text_white2.png","contentUrl":"https:\/\/www.ghostysky.com\/wp-content\/uploads\/2020\/06\/cropped-ghostyskylogo_text_white2.png","width":169,"height":56,"caption":"Ghostysky"},"image":{"@id":"https:\/\/www.ghostysky.com\/#\/schema\/logo\/image\/"},"sameAs":["https:\/\/www.facebook.com\/people\/Ghostysky\/100057676170234\/","https:\/\/x.com\/Gh0stysky","https:\/\/www.linkedin.com\/company\/34739653","https:\/\/www.instagram.com\/gh0stysky"]}]}},"_links":{"self":[{"href":"https:\/\/www.ghostysky.com\/fr\/wp-json\/wp\/v2\/product\/22593","targetHints":{"allow":["GET"]}}],"collection":[{"href":"https:\/\/www.ghostysky.com\/fr\/wp-json\/wp\/v2\/product"}],"about":[{"href":"https:\/\/www.ghostysky.com\/fr\/wp-json\/wp\/v2\/types\/product"}],"replies":[{"embeddable":true,"href":"https:\/\/www.ghostysky.com\/fr\/wp-json\/wp\/v2\/comments?post=22593"}],"wp:featuredmedia":[{"embeddable":true,"href":"https:\/\/www.ghostysky.com\/fr\/wp-json\/wp\/v2\/media\/22523"}],"wp:attachment":[{"href":"https:\/\/www.ghostysky.com\/fr\/wp-json\/wp\/v2\/media?parent=22593"}],"wp:term":[{"taxonomy":"product_brand","embeddable":true,"href":"https:\/\/www.ghostysky.com\/fr\/wp-json\/wp\/v2\/product_brand?post=22593"},{"taxonomy":"product_cat","embeddable":true,"href":"https:\/\/www.ghostysky.com\/fr\/wp-json\/wp\/v2\/product_cat?post=22593"},{"taxonomy":"product_tag","embeddable":true,"href":"https:\/\/www.ghostysky.com\/fr\/wp-json\/wp\/v2\/product_tag?post=22593"}],"curies":[{"name":"wp","href":"https:\/\/api.w.org\/{rel}","templated":true}]}}