{"id":22657,"date":"2025-10-31T08:20:57","date_gmt":"2025-10-31T08:20:57","guid":{"rendered":"https:\/\/www.ghostysky.com\/?post_type=product&#038;p=22657"},"modified":"2025-10-31T08:50:52","modified_gmt":"2025-10-31T08:50:52","slug":"emlid-rs4-rs4-pro-base-rover-kit","status":"publish","type":"product","link":"https:\/\/www.ghostysky.com\/fr\/product\/emlid-rs4-rs4-pro-base-rover-kit\/","title":{"rendered":"Kit de base et Rover Emlid RS4 + RS4 Pro"},"content":{"rendered":"<p>Le kit comprend g\u00e9n\u00e9ralement\u00a0:<\/p>\n<ul>\n<li><b>Reach RS4 Pro<\/b> (Vagabond)<\/li>\n<li><b>Reach RS4<\/b> (Station de base)<\/li>\n<li>Tous les accessoires du kit<\/li>\n<\/ul>\n<p>Voici les principales caract\u00e9ristiques et fonctionnalit\u00e9s de ce kit de qualit\u00e9 professionnelle\u00a0:<\/p>\n<h3>\ud83c\udf1f <b>Caract\u00e9ristiques principales<\/b><\/h3>\n<ul>\n<li><b>Haute pr\u00e9cision :<\/b> Offres <b>pr\u00e9cision au centim\u00e8tre pr\u00e8s<\/b> (RTK\u00a0: <span class=\"math-inline\" data-math=\"7\\text{ mm} + 1\\text{ ppm}\">$7 mm + 1 ppm $<\/span>).<\/li>\n<li><b>GNSS multibande\u00a0:<\/b> Prend en charge toutes les principales constellations et fr\u00e9quences de signal, y compris <b>GPS (L1, L2, L5), GLONASS (L1, L2), Galileo, BeiDou, QZSS et NavIC<\/b>Cela garantit une r\u00e9paration rapide, une fiabilit\u00e9 \u00e9lev\u00e9e et de meilleures performances dans des environnements difficiles.<\/li>\n<li><b>Compensation d&#039;inclinaison :<\/b> Les RS4 Pro et RS4 sont toutes deux dot\u00e9es de fonctionnalit\u00e9s avanc\u00e9es. <b>compensation d&#039;inclinaison<\/b>, ce qui vous permet de mesurer des points sans avoir \u00e0 tenir la perche parfaitement verticale.<\/li>\n<li><b>Syst\u00e8me \u00e0 double cam\u00e9ra (RS4 Pro Rover)\u00a0:<\/b> La RS4 Pro se distingue par ses caract\u00e9ristiques exceptionnelles. <b>deux cam\u00e9ras Full HD<\/b> pour:\n<ul>\n<li><b>Guidage visuel\/RA\u00a0:<\/b> Superposer vos plans directement sur le monde r\u00e9el pour un rep\u00e9rage facile.<\/li>\n<li><b>Mesures \u00e0 partir des images\u00a0:<\/b> Mesure de points inaccessibles (par exemple, de l&#039;autre c\u00f4t\u00e9 d&#039;une route tr\u00e8s fr\u00e9quent\u00e9e ou derri\u00e8re une cl\u00f4ture) \u00e0 partir d&#039;images captur\u00e9es.<\/li>\n<\/ul>\n<\/li>\n<\/ul>\n<p>&nbsp;<\/p>\n<h3>\ud83d\udce1 <b>Fonctionnalit\u00e9s de base et de rover<\/b><\/h3>\n<ul>\n<li><b>Base (Reach RS4) :<\/b> Utilis\u00e9e comme station fixe pour calculer et transmettre des donn\u00e9es de correction.\n<ul>\n<li>Il peut transmettre des corrections via <b>NTRIP<\/b> par Internet ou via <b>Radio LoRa\/UHF<\/b>.<\/li>\n<\/ul>\n<\/li>\n<li><b>Rover (Reach RS4 Pro) :<\/b> Utilis\u00e9 pour la collecte de donn\u00e9es sur le terrain, la r\u00e9ception de corrections de la base ou d&#039;un r\u00e9seau CORS pour obtenir un positionnement cin\u00e9matique en temps r\u00e9el (RTK) de haute pr\u00e9cision.<\/li>\n<\/ul>\n<p>&nbsp;<\/p>\n<h3>\ud83d\udcaa <b>Durabilit\u00e9 et puissance<\/b><\/h3>\n<p>&nbsp;<\/p>\n<ul>\n<li><b>Conception robuste :<\/b> Dot\u00e9 d&#039;un design l\u00e9ger mais durable <b>corps en alliage de magn\u00e9sium<\/b> avec un <b>Indice de protection IP68<\/b> (\u00e0 l&#039;abri de la poussi\u00e8re et de l&#039;eau).<\/li>\n<li><b>Dur\u00e9e de vie prolong\u00e9e de la batterie :<\/b> Fournit jusqu&#039;\u00e0 <b>16 heures d&#039;autonomie<\/b> sur une seule charge.<\/li>\n<li><b>Large plage de temp\u00e9ratures de fonctionnement :<\/b> Con\u00e7u pour fonctionner parfaitement d\u00e8s le d\u00e9part <span class=\"math-inline\" data-math=\"-40^\\circ\\text{C}\">$-40^\\circ\\texte{C}$<\/span> \u00e0 <span class=\"math-inline\" data-math=\"+65^\\circ\\text{C}\">$+65^\\circ\\texte{C}$<\/span>.<\/li>\n<\/ul>\n<p>&nbsp;<\/p>\n<h3>\ud83d\udcf1 <b>Logiciel<\/b><\/h3>\n<ul>\n<li>Le syst\u00e8me est aliment\u00e9 par <b>Flux d&#039;Emlid<\/b>, une solution compl\u00e8te sur le terrain et dans le cloud pour iOS et Android, qui g\u00e8re l&#039;int\u00e9gralit\u00e9 de votre flux de travail, la synchronisation de vos projets et le partage de donn\u00e9es.<\/li>\n<\/ul>\n<p>Ce kit est une solution id\u00e9ale pour les professionnels de <b>lev\u00e9s topographiques, construction, agriculture de pr\u00e9cision et cartographie par drone<\/b> qui ont besoin d&#039;une configuration RTK haute pr\u00e9cision puissante, riche en fonctionnalit\u00e9s et relativement \u00e9conomique.<\/p>","protected":false},"excerpt":{"rendered":"<p>Le kit Emlid RS4 + RS4 Pro Base &amp; Rover est un <b>syst\u00e8me de r\u00e9ception GNSS RTK multibande de nouvelle g\u00e9n\u00e9ration<\/b> con\u00e7u pour les lev\u00e9s topographiques, la cartographie et les travaux de terrain de haute pr\u00e9cision.<\/p>\n<h4>Le forfait comprend<\/h4>\n<ul>\n<li><span class=\"discussion-id-273498ed-188c-80b9-bd9e-001c06245666 notion-enable-hover\" data-token-index=\"1\">1x Reach RS4 Pro<\/span><\/li>\n<li><span class=\"discussion-id-273498ed-188c-80b9-bd9e-001c06245666 notion-enable-hover\" data-token-index=\"1\">1x Reach RS4<\/span><\/li>\n<li><span class=\"discussion-id-273498ed-188c-80b9-bd9e-001c06245666 notion-enable-hover\" data-token-index=\"1\">2 \u00e9tuis de transport<\/span><\/li>\n<li><span class=\"discussion-id-273498ed-188c-80b9-bd9e-001c06245666 notion-enable-hover\" data-token-index=\"1\">2 c\u00e2bles USB Type-C<\/span><\/li>\n<li>2 antennes LoRa 860-930 MHz<\/li>\n<li>2 antennes UHF 410-470 MHz<\/li>\n<li>2 adaptateurs \u00e0 d\u00e9gagement rapide<\/li>\n<li>1 pare-chocs Reach RS4<\/li>\n<li>1x pare-chocs Reach RS4 Pro<\/li>\n<li>1x Kit d&#039;accessoires Base et Rover<\/li>\n<\/ul>\n<p>&nbsp;<\/p>","protected":false},"featured_media":22658,"comment_status":"open","ping_status":"closed","template":"","meta":[],"product_brand":[1025],"product_cat":[89,1189,30],"product_tag":[58,1225,1187],"class_list":{"0":"post-22657","1":"product","2":"type-product","3":"status-publish","4":"has-post-thumbnail","6":"product_brand-emlid","7":"product_cat-emlid","8":"product_cat-kir-rs4_rs4pro_rs3","9":"product_cat-mobile-station","10":"product_tag-emlid","11":"product_tag-emlid-rs4-kit","12":"product_tag-emlid-rs4-pro-kit","14":"first","15":"onbackorder","16":"taxable","17":"shipping-taxable","18":"purchasable","19":"product-type-woosb"},"yoast_head":"<!-- This site is optimized with the Yoast SEO plugin v27.1.1 - https:\/\/yoast.com\/product\/yoast-seo-wordpress\/ -->\n<title>Emlid RS4 + RS4 Pro Base &amp; Rover Kit - Ghostysky<\/title>\n<meta name=\"description\" content=\"The Emlid RS4 + RS4 Pro Base &amp; Rover Kit is a next-generation, multi-band RTK GNSS receiver system designed for high-precision surveying, mapping, and fieldwork.Package includes1x Reach RS4 Pro1x Reach RS42x Carrying case2x USB Type-C cable2x LoRa Antenna 860-930 MHz2x UHF Antenna 410-470 MHz2x Quick release adapter1x Reach RS4 Bumper1x Reach RS4 Pro Bumper1x Base and Rover accessories kit\" \/>\n<meta name=\"robots\" content=\"index, follow, max-snippet:-1, max-image-preview:large, max-video-preview:-1\" \/>\n<link rel=\"canonical\" href=\"https:\/\/www.ghostysky.com\/fr\/product\/emlid-rs4-rs4-pro-base-rover-kit\/\" \/>\n<meta property=\"og:locale\" content=\"fr_FR\" \/>\n<meta property=\"og:type\" content=\"article\" \/>\n<meta property=\"og:title\" content=\"Emlid RS4 + RS4 Pro Base &amp; Rover Kit - Ghostysky\" \/>\n<meta property=\"og:description\" content=\"The Emlid RS4 + RS4 Pro Base &amp; Rover Kit is a next-generation, multi-band RTK GNSS receiver system designed for high-precision surveying, mapping, and fieldwork.Package includes1x Reach RS4 Pro1x Reach RS42x Carrying case2x USB Type-C cable2x LoRa Antenna 860-930 MHz2x UHF Antenna 410-470 MHz2x Quick release adapter1x Reach RS4 Bumper1x Reach RS4 Pro Bumper1x Base and Rover accessories kit\" \/>\n<meta property=\"og:url\" content=\"https:\/\/www.ghostysky.com\/fr\/product\/emlid-rs4-rs4-pro-base-rover-kit\/\" \/>\n<meta property=\"og:site_name\" content=\"Ghostysky\" \/>\n<meta property=\"article:publisher\" content=\"https:\/\/www.facebook.com\/people\/Ghostysky\/100057676170234\/\" \/>\n<meta property=\"article:modified_time\" content=\"2025-10-31T08:50:52+00:00\" \/>\n<meta property=\"og:image\" content=\"https:\/\/www.ghostysky.com\/wp-content\/uploads\/2025\/10\/GH_Emlid_RS4_RS4Pro_BaseRover_1-scaled.webp\" \/>\n\t<meta property=\"og:image:width\" content=\"2560\" \/>\n\t<meta property=\"og:image:height\" content=\"1625\" \/>\n\t<meta property=\"og:image:type\" content=\"image\/webp\" \/>\n<meta name=\"twitter:card\" content=\"summary_large_image\" \/>\n<meta name=\"twitter:site\" content=\"@Gh0stysky\" \/>\n<meta name=\"twitter:label1\" content=\"Dur\u00e9e de lecture estim\u00e9e\" \/>\n\t<meta name=\"twitter:data1\" content=\"2 minutes\" \/>\n<script type=\"application\/ld+json\" class=\"yoast-schema-graph\">{\"@context\":\"https:\/\/schema.org\",\"@graph\":[{\"@type\":\"WebPage\",\"@id\":\"https:\/\/www.ghostysky.com\/product\/emlid-rs4-rs4-pro-base-rover-kit\/\",\"url\":\"https:\/\/www.ghostysky.com\/product\/emlid-rs4-rs4-pro-base-rover-kit\/\",\"name\":\"Emlid RS4 + RS4 Pro Base & Rover Kit - Ghostysky\",\"isPartOf\":{\"@id\":\"https:\/\/www.ghostysky.com\/#website\"},\"primaryImageOfPage\":{\"@id\":\"https:\/\/www.ghostysky.com\/product\/emlid-rs4-rs4-pro-base-rover-kit\/#primaryimage\"},\"image\":{\"@id\":\"https:\/\/www.ghostysky.com\/product\/emlid-rs4-rs4-pro-base-rover-kit\/#primaryimage\"},\"thumbnailUrl\":\"https:\/\/www.ghostysky.com\/wp-content\/uploads\/2025\/10\/GH_Emlid_RS4_RS4Pro_BaseRover_1-scaled.webp\",\"datePublished\":\"2025-10-31T08:20:57+00:00\",\"dateModified\":\"2025-10-31T08:50:52+00:00\",\"description\":\"The Emlid RS4 + RS4 Pro Base & Rover Kit is a next-generation, multi-band RTK GNSS receiver system designed for high-precision surveying, mapping, and fieldwork.Package includes1x Reach RS4 Pro1x Reach RS42x Carrying case2x USB Type-C cable2x LoRa Antenna 860-930 MHz2x UHF Antenna 410-470 MHz2x Quick release adapter1x Reach RS4 Bumper1x Reach RS4 Pro Bumper1x Base and Rover accessories kit\",\"breadcrumb\":{\"@id\":\"https:\/\/www.ghostysky.com\/product\/emlid-rs4-rs4-pro-base-rover-kit\/#breadcrumb\"},\"inLanguage\":\"fr-FR\",\"potentialAction\":[{\"@type\":\"ReadAction\",\"target\":[\"https:\/\/www.ghostysky.com\/product\/emlid-rs4-rs4-pro-base-rover-kit\/\"]}]},{\"@type\":\"ImageObject\",\"inLanguage\":\"fr-FR\",\"@id\":\"https:\/\/www.ghostysky.com\/product\/emlid-rs4-rs4-pro-base-rover-kit\/#primaryimage\",\"url\":\"https:\/\/www.ghostysky.com\/wp-content\/uploads\/2025\/10\/GH_Emlid_RS4_RS4Pro_BaseRover_1-scaled.webp\",\"contentUrl\":\"https:\/\/www.ghostysky.com\/wp-content\/uploads\/2025\/10\/GH_Emlid_RS4_RS4Pro_BaseRover_1-scaled.webp\",\"width\":2560,\"height\":1625},{\"@type\":\"BreadcrumbList\",\"@id\":\"https:\/\/www.ghostysky.com\/product\/emlid-rs4-rs4-pro-base-rover-kit\/#breadcrumb\",\"itemListElement\":[{\"@type\":\"ListItem\",\"position\":1,\"name\":\"Home\",\"item\":\"https:\/\/www.ghostysky.com\/\"},{\"@type\":\"ListItem\",\"position\":2,\"name\":\"Shop\",\"item\":\"https:\/\/www.ghostysky.com\/shop\/\"},{\"@type\":\"ListItem\",\"position\":3,\"name\":\"Emlid RS4 + RS4 Pro Base &#038; Rover Kit\"}]},{\"@type\":\"WebSite\",\"@id\":\"https:\/\/www.ghostysky.com\/#website\",\"url\":\"https:\/\/www.ghostysky.com\/\",\"name\":\"Ghostysky\",\"description\":\"Delivering professional drones and services\",\"publisher\":{\"@id\":\"https:\/\/www.ghostysky.com\/#organization\"},\"potentialAction\":[{\"@type\":\"SearchAction\",\"target\":{\"@type\":\"EntryPoint\",\"urlTemplate\":\"https:\/\/www.ghostysky.com\/?s={search_term_string}\"},\"query-input\":{\"@type\":\"PropertyValueSpecification\",\"valueRequired\":true,\"valueName\":\"search_term_string\"}}],\"inLanguage\":\"fr-FR\"},{\"@type\":\"Organization\",\"@id\":\"https:\/\/www.ghostysky.com\/#organization\",\"name\":\"Ghostysky\",\"url\":\"https:\/\/www.ghostysky.com\/\",\"logo\":{\"@type\":\"ImageObject\",\"inLanguage\":\"fr-FR\",\"@id\":\"https:\/\/www.ghostysky.com\/#\/schema\/logo\/image\/\",\"url\":\"https:\/\/www.ghostysky.com\/wp-content\/uploads\/2020\/06\/cropped-ghostyskylogo_text_white2.png\",\"contentUrl\":\"https:\/\/www.ghostysky.com\/wp-content\/uploads\/2020\/06\/cropped-ghostyskylogo_text_white2.png\",\"width\":169,\"height\":56,\"caption\":\"Ghostysky\"},\"image\":{\"@id\":\"https:\/\/www.ghostysky.com\/#\/schema\/logo\/image\/\"},\"sameAs\":[\"https:\/\/www.facebook.com\/people\/Ghostysky\/100057676170234\/\",\"https:\/\/x.com\/Gh0stysky\",\"https:\/\/www.linkedin.com\/company\/34739653\",\"https:\/\/www.instagram.com\/gh0stysky\"]}]}<\/script>\n<!-- \/ Yoast SEO plugin. -->","yoast_head_json":{"title":"Kit Emlid RS4 + RS4 Pro Base &amp; Rover - Ghostysky","description":"Le kit Emlid RS4 + RS4 Pro Base &amp; Rover est un syst\u00e8me r\u00e9cepteur GNSS RTK multibande de nouvelle g\u00e9n\u00e9ration, con\u00e7u pour les lev\u00e9s topographiques, la cartographie et les travaux de terrain de haute pr\u00e9cision. Le kit comprend\u00a0: 1\u00a0Reach RS4 Pro, 1\u00a0Reach RS4, 2\u00a0\u00e9tuis de transport, 2\u00a0c\u00e2bles USB Type-C, 2\u00a0antennes LoRa 860-930\u00a0MHz, 2\u00a0antennes UHF 410-470\u00a0MHz, 2\u00a0adaptateurs \u00e0 d\u00e9gagement rapide, 1\u00a0pare-chocs pour Reach RS4, 1\u00a0pare-chocs pour Reach RS4 Pro et 1\u00a0kit d\u2019accessoires pour la base et le rover.","robots":{"index":"index","follow":"follow","max-snippet":"max-snippet:-1","max-image-preview":"max-image-preview:large","max-video-preview":"max-video-preview:-1"},"canonical":"https:\/\/www.ghostysky.com\/fr\/product\/emlid-rs4-rs4-pro-base-rover-kit\/","og_locale":"fr_FR","og_type":"article","og_title":"Emlid RS4 + RS4 Pro Base & Rover Kit - Ghostysky","og_description":"The Emlid RS4 + RS4 Pro Base & Rover Kit is a next-generation, multi-band RTK GNSS receiver system designed for high-precision surveying, mapping, and fieldwork.Package includes1x Reach RS4 Pro1x Reach RS42x Carrying case2x USB Type-C cable2x LoRa Antenna 860-930 MHz2x UHF Antenna 410-470 MHz2x Quick release adapter1x Reach RS4 Bumper1x Reach RS4 Pro Bumper1x Base and Rover accessories kit","og_url":"https:\/\/www.ghostysky.com\/fr\/product\/emlid-rs4-rs4-pro-base-rover-kit\/","og_site_name":"Ghostysky","article_publisher":"https:\/\/www.facebook.com\/people\/Ghostysky\/100057676170234\/","article_modified_time":"2025-10-31T08:50:52+00:00","og_image":[{"width":2560,"height":1625,"url":"https:\/\/www.ghostysky.com\/wp-content\/uploads\/2025\/10\/GH_Emlid_RS4_RS4Pro_BaseRover_1-scaled.webp","type":"image\/webp"}],"twitter_card":"summary_large_image","twitter_site":"@Gh0stysky","twitter_misc":{"Dur\u00e9e de lecture estim\u00e9e":"2 minutes"},"schema":{"@context":"https:\/\/schema.org","@graph":[{"@type":"WebPage","@id":"https:\/\/www.ghostysky.com\/product\/emlid-rs4-rs4-pro-base-rover-kit\/","url":"https:\/\/www.ghostysky.com\/product\/emlid-rs4-rs4-pro-base-rover-kit\/","name":"Kit Emlid RS4 + RS4 Pro Base &amp; Rover - Ghostysky","isPartOf":{"@id":"https:\/\/www.ghostysky.com\/#website"},"primaryImageOfPage":{"@id":"https:\/\/www.ghostysky.com\/product\/emlid-rs4-rs4-pro-base-rover-kit\/#primaryimage"},"image":{"@id":"https:\/\/www.ghostysky.com\/product\/emlid-rs4-rs4-pro-base-rover-kit\/#primaryimage"},"thumbnailUrl":"https:\/\/www.ghostysky.com\/wp-content\/uploads\/2025\/10\/GH_Emlid_RS4_RS4Pro_BaseRover_1-scaled.webp","datePublished":"2025-10-31T08:20:57+00:00","dateModified":"2025-10-31T08:50:52+00:00","description":"Le kit Emlid RS4 + RS4 Pro Base &amp; Rover est un syst\u00e8me r\u00e9cepteur GNSS RTK multibande de nouvelle g\u00e9n\u00e9ration, con\u00e7u pour les lev\u00e9s topographiques, la cartographie et les travaux de terrain de haute pr\u00e9cision. Le kit comprend\u00a0: 1\u00a0Reach RS4 Pro, 1\u00a0Reach RS4, 2\u00a0\u00e9tuis de transport, 2\u00a0c\u00e2bles USB Type-C, 2\u00a0antennes LoRa 860-930\u00a0MHz, 2\u00a0antennes UHF 410-470\u00a0MHz, 2\u00a0adaptateurs \u00e0 d\u00e9gagement rapide, 1\u00a0pare-chocs pour Reach RS4, 1\u00a0pare-chocs pour Reach RS4 Pro et 1\u00a0kit d\u2019accessoires pour la base et le rover.","breadcrumb":{"@id":"https:\/\/www.ghostysky.com\/product\/emlid-rs4-rs4-pro-base-rover-kit\/#breadcrumb"},"inLanguage":"fr-FR","potentialAction":[{"@type":"ReadAction","target":["https:\/\/www.ghostysky.com\/product\/emlid-rs4-rs4-pro-base-rover-kit\/"]}]},{"@type":"ImageObject","inLanguage":"fr-FR","@id":"https:\/\/www.ghostysky.com\/product\/emlid-rs4-rs4-pro-base-rover-kit\/#primaryimage","url":"https:\/\/www.ghostysky.com\/wp-content\/uploads\/2025\/10\/GH_Emlid_RS4_RS4Pro_BaseRover_1-scaled.webp","contentUrl":"https:\/\/www.ghostysky.com\/wp-content\/uploads\/2025\/10\/GH_Emlid_RS4_RS4Pro_BaseRover_1-scaled.webp","width":2560,"height":1625},{"@type":"BreadcrumbList","@id":"https:\/\/www.ghostysky.com\/product\/emlid-rs4-rs4-pro-base-rover-kit\/#breadcrumb","itemListElement":[{"@type":"ListItem","position":1,"name":"Home","item":"https:\/\/www.ghostysky.com\/"},{"@type":"ListItem","position":2,"name":"Shop","item":"https:\/\/www.ghostysky.com\/shop\/"},{"@type":"ListItem","position":3,"name":"Emlid RS4 + RS4 Pro Base &#038; Rover Kit"}]},{"@type":"WebSite","@id":"https:\/\/www.ghostysky.com\/#website","url":"https:\/\/www.ghostysky.com\/","name":"Ghostysky","description":"Livraison de drones et de services professionnels","publisher":{"@id":"https:\/\/www.ghostysky.com\/#organization"},"potentialAction":[{"@type":"SearchAction","target":{"@type":"EntryPoint","urlTemplate":"https:\/\/www.ghostysky.com\/?s={search_term_string}"},"query-input":{"@type":"PropertyValueSpecification","valueRequired":true,"valueName":"search_term_string"}}],"inLanguage":"fr-FR"},{"@type":"Organization","@id":"https:\/\/www.ghostysky.com\/#organization","name":"Ghostysky","url":"https:\/\/www.ghostysky.com\/","logo":{"@type":"ImageObject","inLanguage":"fr-FR","@id":"https:\/\/www.ghostysky.com\/#\/schema\/logo\/image\/","url":"https:\/\/www.ghostysky.com\/wp-content\/uploads\/2020\/06\/cropped-ghostyskylogo_text_white2.png","contentUrl":"https:\/\/www.ghostysky.com\/wp-content\/uploads\/2020\/06\/cropped-ghostyskylogo_text_white2.png","width":169,"height":56,"caption":"Ghostysky"},"image":{"@id":"https:\/\/www.ghostysky.com\/#\/schema\/logo\/image\/"},"sameAs":["https:\/\/www.facebook.com\/people\/Ghostysky\/100057676170234\/","https:\/\/x.com\/Gh0stysky","https:\/\/www.linkedin.com\/company\/34739653","https:\/\/www.instagram.com\/gh0stysky"]}]}},"_links":{"self":[{"href":"https:\/\/www.ghostysky.com\/fr\/wp-json\/wp\/v2\/product\/22657","targetHints":{"allow":["GET"]}}],"collection":[{"href":"https:\/\/www.ghostysky.com\/fr\/wp-json\/wp\/v2\/product"}],"about":[{"href":"https:\/\/www.ghostysky.com\/fr\/wp-json\/wp\/v2\/types\/product"}],"replies":[{"embeddable":true,"href":"https:\/\/www.ghostysky.com\/fr\/wp-json\/wp\/v2\/comments?post=22657"}],"wp:featuredmedia":[{"embeddable":true,"href":"https:\/\/www.ghostysky.com\/fr\/wp-json\/wp\/v2\/media\/22658"}],"wp:attachment":[{"href":"https:\/\/www.ghostysky.com\/fr\/wp-json\/wp\/v2\/media?parent=22657"}],"wp:term":[{"taxonomy":"product_brand","embeddable":true,"href":"https:\/\/www.ghostysky.com\/fr\/wp-json\/wp\/v2\/product_brand?post=22657"},{"taxonomy":"product_cat","embeddable":true,"href":"https:\/\/www.ghostysky.com\/fr\/wp-json\/wp\/v2\/product_cat?post=22657"},{"taxonomy":"product_tag","embeddable":true,"href":"https:\/\/www.ghostysky.com\/fr\/wp-json\/wp\/v2\/product_tag?post=22657"}],"curies":[{"name":"wp","href":"https:\/\/api.w.org\/{rel}","templated":true}]}}