{"id":22661,"date":"2025-10-31T08:50:25","date_gmt":"2025-10-31T08:50:25","guid":{"rendered":"https:\/\/www.ghostysky.com\/?post_type=product&#038;p=22661"},"modified":"2025-11-09T08:54:07","modified_gmt":"2025-11-09T08:54:07","slug":"dji-matrice-4e-emlid-rs4-base-kit","status":"publish","type":"product","link":"https:\/\/www.ghostysky.com\/fr\/product\/dji-matrice-4e-emlid-rs4-base-kit\/","title":{"rendered":"Kit topographique DJI Matrice 4E"},"content":{"rendered":"<h3>\ud83d\ude81 <b>DJI Matrice 4E (M4E)<\/b><\/h3>\n<p>Le DJI Matrice 4E est un drone industriel multisensoriel avanc\u00e9, principalement con\u00e7u pour <b>lev\u00e9s topographiques et cartographie \u00e0 haute efficacit\u00e9<\/b>.<\/p>\n<table>\n<thead>\n<tr>\n<td><strong>Fonctionnalit\u00e9<\/strong><\/td>\n<td><strong>D\u00e9tail<\/strong><\/td>\n<td><strong>Avantages de la cartographie<\/strong><\/td>\n<\/tr>\n<\/thead>\n<tbody>\n<tr>\n<td><b>Module RTK int\u00e9gr\u00e9<\/b><\/td>\n<td>Module GNSS\/RTK haute pr\u00e9cision int\u00e9gr\u00e9.<\/td>\n<td>Fournit un positionnement en temps r\u00e9el, au centim\u00e8tre pr\u00e8s, pour le drone.<\/td>\n<\/tr>\n<tr>\n<td><b>Syst\u00e8me de cam\u00e9ra<\/b><\/td>\n<td>Cam\u00e9ra grand angle (avec un <b>obturateur m\u00e9canique<\/b>), un t\u00e9l\u00e9objectif moyen, un t\u00e9l\u00e9objectif et un t\u00e9l\u00e9m\u00e8tre laser.<\/td>\n<td>L&#039;obturateur m\u00e9canique \u00e9limine la distorsion due \u00e0 l&#039;obturateur roulant, ce qui est essentiel pour obtenir des mod\u00e8les photogramm\u00e9triques pr\u00e9cis.<\/td>\n<\/tr>\n<tr>\n<td><b>Fusion GNSS+Vision<\/b><\/td>\n<td>Syst\u00e8me de positionnement avanc\u00e9.<\/td>\n<td>Assure un vol stable et s\u00fbr, m\u00eame lorsque les signaux GNSS sont faibles (par exemple, dans les zones urbaines denses).<\/td>\n<\/tr>\n<tr>\n<td><b>Haute efficacit\u00e9<\/b><\/td>\n<td>Prend en charge la prise de vue \u00e0 intervalles rapides (jusqu&#039;\u00e0 0,5 s) et les modes de vol intelligents.<\/td>\n<td>Couvre rapidement de grandes surfaces tout en maintenant un chevauchement d&#039;images \u00e9lev\u00e9 pour une pr\u00e9cision optimale du mod\u00e8le 3D.<\/td>\n<\/tr>\n<tr>\n<td><b>Flux de donn\u00e9es<\/b><\/td>\n<td>Enregistre des images avec des donn\u00e9es de position corrig\u00e9es et tr\u00e8s pr\u00e9cises (donn\u00e9es PPK\/RTK).<\/td>\n<td>Utilis\u00e9 pour traiter des images a\u00e9riennes et obtenir des orthomosa\u00efques et des mod\u00e8les 3D pr\u00e9cis.<\/td>\n<\/tr>\n<\/tbody>\n<\/table>\n<hr \/>\n<p>&nbsp;<\/p>\n<h3>\ud83d\udef0\ufe0f <b>Kit de base Emlid Reach RS4<\/b><\/h3>\n<p>L&#039;Emlid Reach RS4 est un <b>r\u00e9cepteur GNSS multibande<\/b> destin\u00e9 \u00e0 servir de <b>station de base de r\u00e9f\u00e9rence fixe<\/b> pour un flux de travail RTK ou PPK.<\/p>\n<table>\n<thead>\n<tr>\n<td><strong>Fonctionnalit\u00e9<\/strong><\/td>\n<td><strong>D\u00e9tail<\/strong><\/td>\n<td><strong>Avantages de la cartographie<\/strong><\/td>\n<\/tr>\n<\/thead>\n<tbody>\n<tr>\n<td><b>Fonction de base<\/b><\/td>\n<td>Reste \u00e0 un point connu ou facilement mesurable sur le terrain.<\/td>\n<td>\u00c9tablit un emplacement statique et tr\u00e8s pr\u00e9cis servant de r\u00e9f\u00e9rence au drone.<\/td>\n<\/tr>\n<tr>\n<td><b>GNSS multibande<\/b><\/td>\n<td>Permet de suivre toutes les principales constellations de satellites (GPS, GLONASS, Galileo, BeiDou, etc.) sur plusieurs fr\u00e9quences.<\/td>\n<td>Optimise la fiabilit\u00e9 et la pr\u00e9cision des donn\u00e9es de correction.<\/td>\n<\/tr>\n<tr>\n<td><b>Donn\u00e9es de correction<\/b><\/td>\n<td>Enregistre les donn\u00e9es GNSS brutes pour le post-traitement cin\u00e9matique (PPK) et\/ou transmet les corrections cin\u00e9matiques en temps r\u00e9el (RTK).<\/td>\n<td>Fournit les informations pr\u00e9cises n\u00e9cessaires pour corriger les donn\u00e9es GNSS de faible pr\u00e9cision du drone et les ramener \u00e0 une pr\u00e9cision centim\u00e9trique.<\/td>\n<\/tr>\n<tr>\n<td><b>Conception robuste<\/b><\/td>\n<td>Indice de protection IP68, bo\u00eetier robuste en alliage de magn\u00e9sium.<\/td>\n<td>Adapt\u00e9 \u00e0 un d\u00e9ploiement prolong\u00e9 sur les chantiers.<\/td>\n<\/tr>\n<\/tbody>\n<\/table>\n<hr \/>\n<p>&nbsp;<\/p>\n<h3>\ud83c\udf10 <b>Le flux de travail synergique<\/b><\/h3>\n<p>Le Matrice 4E et le kit de base Emlid RS4 fonctionnent ensemble pour r\u00e9aliser une cartographie par drone de haute pr\u00e9cision de deux mani\u00e8res principales\u00a0:<\/p>\n<ol start=\"1\">\n<li><b>Flux de travail RTK (temps r\u00e9el)\u00a0:<\/b>\n<ul>\n<li>Le <b>Base Emlid RS4<\/b> est configur\u00e9 et transmet des donn\u00e9es de correction en temps r\u00e9el (via NTRIP sur Internet ou par radio UHF\/LoRa).<\/li>\n<li>Le <b>DJI M4E<\/b> Il re\u00e7oit ces corrections en plein vol, ce qui permet au drone d&#039;\u00e9tiqueter chaque image avec des coordonn\u00e9es pr\u00e9cises au centim\u00e8tre pr\u00e8s en temps r\u00e9el.<\/li>\n<\/ul>\n<\/li>\n<li><b>Flux de travail PPK (post-traitement)\u00a0:<\/b>\n<ul>\n<li>Le <b>Base Emlid RS4<\/b> enregistre ses donn\u00e9es GNSS brutes tandis que <b>DJI M4E<\/b> enregistre \u00e9galement ses propres donn\u00e9es brutes (ou au moins des journaux de position de haute qualit\u00e9).<\/li>\n<li>Apr\u00e8s le vol, les positions des images du drone sont corrig\u00e9es \u00e0 l&#039;aide des donn\u00e9es brutes fixes et de haute pr\u00e9cision de la station de base Emlid RS4. Cette m\u00e9thode est souvent privil\u00e9gi\u00e9e pour la cartographie car elle est g\u00e9n\u00e9ralement plus robuste et moins sensible aux br\u00e8ves interruptions de signal.<\/li>\n<\/ul>\n<\/li>\n<\/ol>\n<p>Cette combinaison constitue une solution professionnelle tr\u00e8s efficace pour les projets exigeant une pr\u00e9cision topographique dans les livrables finaux, tels que les calculs volum\u00e9triques, les mod\u00e8les d&#039;ing\u00e9nierie d\u00e9taill\u00e9s et les lev\u00e9s cadastraux.<\/p>","protected":false},"excerpt":{"rendered":"<p>Il s&#039;agit d&#039;une combinaison performante d&#039;une plateforme de cartographie a\u00e9rienne professionnelle et d&#039;une station de r\u00e9f\u00e9rence au sol de haute pr\u00e9cision. Cette configuration est couramment utilis\u00e9e par les g\u00e9om\u00e8tres et les cartographes pour r\u00e9aliser <b>donn\u00e9es a\u00e9riennes pr\u00e9cises au centim\u00e8tre pr\u00e8s<\/b>.<\/p>\n<p>Le forfait comprend:<\/p>\n<ul>\n<li>1x DJI Matrice 4E Worry-Free Plus Combo<\/li>\n<li>2x batterie DJI Matrice s\u00e9rie 4<\/li>\n<li>1x Emlid RS4<\/li>\n<li>1x Pare-chocs Emlid Reach RS4<\/li>\n<li>1 adaptateur \u00e0 d\u00e9gagement rapide Emlid<\/li>\n<li>1x kit d&#039;accessoires pour base Emlid<\/li>\n<\/ul>","protected":false},"featured_media":23078,"comment_status":"open","ping_status":"closed","template":"","meta":[],"product_brand":[1031,1025],"product_cat":[37,1118,29,89,1189,1117,30,22],"product_tag":[1226,1227,1026,1225],"class_list":{"0":"post-22661","1":"product","2":"type-product","3":"status-publish","4":"has-post-thumbnail","6":"product_brand-dji","7":"product_brand-emlid","8":"product_cat-dji","9":"product_cat-dji-matrice-4-drones","10":"product_cat-drones","11":"product_cat-emlid","12":"product_cat-kir-rs4_rs4pro_rs3","13":"product_cat-matrice-4","14":"product_cat-mobile-station","15":"product_cat-other","16":"product_tag-dji-emlid-kit","17":"product_tag-dji-matrice-4e","18":"product_tag-emlid-rs4","19":"product_tag-emlid-rs4-kit","21":"first","22":"onbackorder","23":"taxable","24":"shipping-taxable","25":"purchasable","26":"product-type-woosb"},"yoast_head":"<!-- This site is optimized with the Yoast SEO plugin v27.4 - https:\/\/yoast.com\/product\/yoast-seo-wordpress\/ -->\n<title>DJI Matrice 4E Topography Kit - Ghostysky<\/title>\n<meta name=\"description\" content=\"This is a powerful combination of a professional aerial mapping platform and a high-precision ground reference station. This setup is commonly used by surveyors and mappers to achieve centimeter-level accurate aerial data.Package includes:1x DJI Matrice 4E Worry-Free Plus Combo2x DJI Matrice 4 Series Battery1x Emlid RS41x Emlid Reach RS4 Bumber1x Emlid Quick release adapter1x Emlid Base accessories kit\" \/>\n<meta name=\"robots\" content=\"index, follow, max-snippet:-1, max-image-preview:large, max-video-preview:-1\" \/>\n<link rel=\"canonical\" href=\"https:\/\/www.ghostysky.com\/fr\/product\/dji-matrice-4e-emlid-rs4-base-kit\/\" \/>\n<meta property=\"og:locale\" content=\"fr_FR\" \/>\n<meta property=\"og:type\" content=\"article\" \/>\n<meta property=\"og:title\" content=\"DJI Matrice 4E Topography Kit - Ghostysky\" \/>\n<meta property=\"og:description\" content=\"This is a powerful combination of a professional aerial mapping platform and a high-precision ground reference station. This setup is commonly used by surveyors and mappers to achieve centimeter-level accurate aerial data.Package includes:1x DJI Matrice 4E Worry-Free Plus Combo2x DJI Matrice 4 Series Battery1x Emlid RS41x Emlid Reach RS4 Bumber1x Emlid Quick release adapter1x Emlid Base accessories kit\" \/>\n<meta property=\"og:url\" content=\"https:\/\/www.ghostysky.com\/fr\/product\/dji-matrice-4e-emlid-rs4-base-kit\/\" \/>\n<meta property=\"og:site_name\" content=\"Ghostysky\" \/>\n<meta property=\"article:publisher\" content=\"https:\/\/www.facebook.com\/people\/Ghostysky\/100057676170234\/\" \/>\n<meta property=\"article:modified_time\" content=\"2025-11-09T08:54:07+00:00\" \/>\n<meta property=\"og:image\" content=\"https:\/\/www.ghostysky.com\/wp-content\/uploads\/2025\/10\/GH_DJI_Matrice_4E_Emlid_RS4.jpg\" \/>\n\t<meta property=\"og:image:width\" content=\"800\" \/>\n\t<meta property=\"og:image:height\" content=\"600\" \/>\n\t<meta property=\"og:image:type\" content=\"image\/jpeg\" \/>\n<meta name=\"twitter:card\" content=\"summary_large_image\" \/>\n<meta name=\"twitter:site\" content=\"@Gh0stysky\" \/>\n<meta name=\"twitter:label1\" content=\"Dur\u00e9e de lecture estim\u00e9e\" \/>\n\t<meta name=\"twitter:data1\" content=\"3 minutes\" \/>\n<script type=\"application\/ld+json\" class=\"yoast-schema-graph\">{\"@context\":\"https:\\\/\\\/schema.org\",\"@graph\":[{\"@type\":\"WebPage\",\"@id\":\"https:\\\/\\\/www.ghostysky.com\\\/product\\\/dji-matrice-4e-emlid-rs4-base-kit\\\/\",\"url\":\"https:\\\/\\\/www.ghostysky.com\\\/product\\\/dji-matrice-4e-emlid-rs4-base-kit\\\/\",\"name\":\"DJI Matrice 4E Topography Kit - Ghostysky\",\"isPartOf\":{\"@id\":\"https:\\\/\\\/www.ghostysky.com\\\/#website\"},\"primaryImageOfPage\":{\"@id\":\"https:\\\/\\\/www.ghostysky.com\\\/product\\\/dji-matrice-4e-emlid-rs4-base-kit\\\/#primaryimage\"},\"image\":{\"@id\":\"https:\\\/\\\/www.ghostysky.com\\\/product\\\/dji-matrice-4e-emlid-rs4-base-kit\\\/#primaryimage\"},\"thumbnailUrl\":\"https:\\\/\\\/www.ghostysky.com\\\/wp-content\\\/uploads\\\/2025\\\/10\\\/GH_DJI_Matrice_4E_Emlid_RS4.jpg\",\"datePublished\":\"2025-10-31T08:50:25+00:00\",\"dateModified\":\"2025-11-09T08:54:07+00:00\",\"description\":\"This is a powerful combination of a professional aerial mapping platform and a high-precision ground reference station. This setup is commonly used by surveyors and mappers to achieve centimeter-level accurate aerial data.Package includes:1x DJI Matrice 4E Worry-Free Plus Combo2x DJI Matrice 4 Series Battery1x Emlid RS41x Emlid Reach RS4 Bumber1x Emlid Quick release adapter1x Emlid Base accessories kit\",\"breadcrumb\":{\"@id\":\"https:\\\/\\\/www.ghostysky.com\\\/product\\\/dji-matrice-4e-emlid-rs4-base-kit\\\/#breadcrumb\"},\"inLanguage\":\"fr-FR\",\"potentialAction\":[{\"@type\":\"ReadAction\",\"target\":[\"https:\\\/\\\/www.ghostysky.com\\\/product\\\/dji-matrice-4e-emlid-rs4-base-kit\\\/\"]}]},{\"@type\":\"ImageObject\",\"inLanguage\":\"fr-FR\",\"@id\":\"https:\\\/\\\/www.ghostysky.com\\\/product\\\/dji-matrice-4e-emlid-rs4-base-kit\\\/#primaryimage\",\"url\":\"https:\\\/\\\/www.ghostysky.com\\\/wp-content\\\/uploads\\\/2025\\\/10\\\/GH_DJI_Matrice_4E_Emlid_RS4.jpg\",\"contentUrl\":\"https:\\\/\\\/www.ghostysky.com\\\/wp-content\\\/uploads\\\/2025\\\/10\\\/GH_DJI_Matrice_4E_Emlid_RS4.jpg\",\"width\":800,\"height\":600},{\"@type\":\"BreadcrumbList\",\"@id\":\"https:\\\/\\\/www.ghostysky.com\\\/product\\\/dji-matrice-4e-emlid-rs4-base-kit\\\/#breadcrumb\",\"itemListElement\":[{\"@type\":\"ListItem\",\"position\":1,\"name\":\"Home\",\"item\":\"https:\\\/\\\/www.ghostysky.com\\\/\"},{\"@type\":\"ListItem\",\"position\":2,\"name\":\"Shop\",\"item\":\"https:\\\/\\\/www.ghostysky.com\\\/shop\\\/\"},{\"@type\":\"ListItem\",\"position\":3,\"name\":\"DJI Matrice 4E Topography Kit\"}]},{\"@type\":\"WebSite\",\"@id\":\"https:\\\/\\\/www.ghostysky.com\\\/#website\",\"url\":\"https:\\\/\\\/www.ghostysky.com\\\/\",\"name\":\"Ghostysky\",\"description\":\"Delivering professional drones and robotics solutions\",\"publisher\":{\"@id\":\"https:\\\/\\\/www.ghostysky.com\\\/#organization\"},\"potentialAction\":[{\"@type\":\"SearchAction\",\"target\":{\"@type\":\"EntryPoint\",\"urlTemplate\":\"https:\\\/\\\/www.ghostysky.com\\\/?s={search_term_string}\"},\"query-input\":{\"@type\":\"PropertyValueSpecification\",\"valueRequired\":true,\"valueName\":\"search_term_string\"}}],\"inLanguage\":\"fr-FR\"},{\"@type\":\"Organization\",\"@id\":\"https:\\\/\\\/www.ghostysky.com\\\/#organization\",\"name\":\"Ghostysky\",\"url\":\"https:\\\/\\\/www.ghostysky.com\\\/\",\"logo\":{\"@type\":\"ImageObject\",\"inLanguage\":\"fr-FR\",\"@id\":\"https:\\\/\\\/www.ghostysky.com\\\/#\\\/schema\\\/logo\\\/image\\\/\",\"url\":\"https:\\\/\\\/www.ghostysky.com\\\/wp-content\\\/uploads\\\/2020\\\/06\\\/cropped-ghostyskylogo_text_white2.png\",\"contentUrl\":\"https:\\\/\\\/www.ghostysky.com\\\/wp-content\\\/uploads\\\/2020\\\/06\\\/cropped-ghostyskylogo_text_white2.png\",\"width\":169,\"height\":56,\"caption\":\"Ghostysky\"},\"image\":{\"@id\":\"https:\\\/\\\/www.ghostysky.com\\\/#\\\/schema\\\/logo\\\/image\\\/\"},\"sameAs\":[\"https:\\\/\\\/www.facebook.com\\\/people\\\/Ghostysky\\\/100057676170234\\\/\",\"https:\\\/\\\/x.com\\\/Gh0stysky\",\"https:\\\/\\\/www.linkedin.com\\\/company\\\/34739653\",\"https:\\\/\\\/www.instagram.com\\\/gh0stysky\"]}]}<\/script>\n<!-- \/ Yoast SEO plugin. -->","yoast_head_json":{"title":"Kit topographique DJI Matrice 4E - Ghostysky","description":"Il s&#039;agit d&#039;une combinaison performante d&#039;une plateforme de cartographie a\u00e9rienne professionnelle et d&#039;une station de r\u00e9f\u00e9rence au sol de haute pr\u00e9cision. Cette configuration est couramment utilis\u00e9e par les g\u00e9om\u00e8tres et les cartographes pour obtenir des donn\u00e9es a\u00e9riennes pr\u00e9cises au centim\u00e8tre pr\u00e8s. Le pack comprend\u00a0: 1\u00a0x DJI Matrice 4E Worry-Free Plus Combo, 2\u00a0x batteries DJI Matrice s\u00e9rie\u00a04, 1\u00a0x Emlid RS4, 1\u00a0x pare-chocs Emlid Reach RS4, 1\u00a0x adaptateur de fixation rapide Emlid, 1\u00a0x kit d&#039;accessoires de base Emlid.","robots":{"index":"index","follow":"follow","max-snippet":"max-snippet:-1","max-image-preview":"max-image-preview:large","max-video-preview":"max-video-preview:-1"},"canonical":"https:\/\/www.ghostysky.com\/fr\/product\/dji-matrice-4e-emlid-rs4-base-kit\/","og_locale":"fr_FR","og_type":"article","og_title":"DJI Matrice 4E Topography Kit - Ghostysky","og_description":"This is a powerful combination of a professional aerial mapping platform and a high-precision ground reference station. This setup is commonly used by surveyors and mappers to achieve centimeter-level accurate aerial data.Package includes:1x DJI Matrice 4E Worry-Free Plus Combo2x DJI Matrice 4 Series Battery1x Emlid RS41x Emlid Reach RS4 Bumber1x Emlid Quick release adapter1x Emlid Base accessories kit","og_url":"https:\/\/www.ghostysky.com\/fr\/product\/dji-matrice-4e-emlid-rs4-base-kit\/","og_site_name":"Ghostysky","article_publisher":"https:\/\/www.facebook.com\/people\/Ghostysky\/100057676170234\/","article_modified_time":"2025-11-09T08:54:07+00:00","og_image":[{"width":800,"height":600,"url":"https:\/\/www.ghostysky.com\/wp-content\/uploads\/2025\/10\/GH_DJI_Matrice_4E_Emlid_RS4.jpg","type":"image\/jpeg"}],"twitter_card":"summary_large_image","twitter_site":"@Gh0stysky","twitter_misc":{"Dur\u00e9e de lecture estim\u00e9e":"3 minutes"},"schema":{"@context":"https:\/\/schema.org","@graph":[{"@type":"WebPage","@id":"https:\/\/www.ghostysky.com\/product\/dji-matrice-4e-emlid-rs4-base-kit\/","url":"https:\/\/www.ghostysky.com\/product\/dji-matrice-4e-emlid-rs4-base-kit\/","name":"Kit topographique DJI Matrice 4E - Ghostysky","isPartOf":{"@id":"https:\/\/www.ghostysky.com\/#website"},"primaryImageOfPage":{"@id":"https:\/\/www.ghostysky.com\/product\/dji-matrice-4e-emlid-rs4-base-kit\/#primaryimage"},"image":{"@id":"https:\/\/www.ghostysky.com\/product\/dji-matrice-4e-emlid-rs4-base-kit\/#primaryimage"},"thumbnailUrl":"https:\/\/www.ghostysky.com\/wp-content\/uploads\/2025\/10\/GH_DJI_Matrice_4E_Emlid_RS4.jpg","datePublished":"2025-10-31T08:50:25+00:00","dateModified":"2025-11-09T08:54:07+00:00","description":"Il s&#039;agit d&#039;une combinaison performante d&#039;une plateforme de cartographie a\u00e9rienne professionnelle et d&#039;une station de r\u00e9f\u00e9rence au sol de haute pr\u00e9cision. Cette configuration est couramment utilis\u00e9e par les g\u00e9om\u00e8tres et les cartographes pour obtenir des donn\u00e9es a\u00e9riennes pr\u00e9cises au centim\u00e8tre pr\u00e8s. Le pack comprend\u00a0: 1\u00a0x DJI Matrice 4E Worry-Free Plus Combo, 2\u00a0x batteries DJI Matrice s\u00e9rie\u00a04, 1\u00a0x Emlid RS4, 1\u00a0x pare-chocs Emlid Reach RS4, 1\u00a0x adaptateur de fixation rapide Emlid, 1\u00a0x kit d&#039;accessoires de base Emlid.","breadcrumb":{"@id":"https:\/\/www.ghostysky.com\/product\/dji-matrice-4e-emlid-rs4-base-kit\/#breadcrumb"},"inLanguage":"fr-FR","potentialAction":[{"@type":"ReadAction","target":["https:\/\/www.ghostysky.com\/product\/dji-matrice-4e-emlid-rs4-base-kit\/"]}]},{"@type":"ImageObject","inLanguage":"fr-FR","@id":"https:\/\/www.ghostysky.com\/product\/dji-matrice-4e-emlid-rs4-base-kit\/#primaryimage","url":"https:\/\/www.ghostysky.com\/wp-content\/uploads\/2025\/10\/GH_DJI_Matrice_4E_Emlid_RS4.jpg","contentUrl":"https:\/\/www.ghostysky.com\/wp-content\/uploads\/2025\/10\/GH_DJI_Matrice_4E_Emlid_RS4.jpg","width":800,"height":600},{"@type":"BreadcrumbList","@id":"https:\/\/www.ghostysky.com\/product\/dji-matrice-4e-emlid-rs4-base-kit\/#breadcrumb","itemListElement":[{"@type":"ListItem","position":1,"name":"Home","item":"https:\/\/www.ghostysky.com\/"},{"@type":"ListItem","position":2,"name":"Shop","item":"https:\/\/www.ghostysky.com\/shop\/"},{"@type":"ListItem","position":3,"name":"DJI Matrice 4E Topography Kit"}]},{"@type":"WebSite","@id":"https:\/\/www.ghostysky.com\/#website","url":"https:\/\/www.ghostysky.com\/","name":"Ghostysky","description":"Fourniture de solutions professionnelles en mati\u00e8re de drones et de robotique","publisher":{"@id":"https:\/\/www.ghostysky.com\/#organization"},"potentialAction":[{"@type":"SearchAction","target":{"@type":"EntryPoint","urlTemplate":"https:\/\/www.ghostysky.com\/?s={search_term_string}"},"query-input":{"@type":"PropertyValueSpecification","valueRequired":true,"valueName":"search_term_string"}}],"inLanguage":"fr-FR"},{"@type":"Organization","@id":"https:\/\/www.ghostysky.com\/#organization","name":"Ghostysky","url":"https:\/\/www.ghostysky.com\/","logo":{"@type":"ImageObject","inLanguage":"fr-FR","@id":"https:\/\/www.ghostysky.com\/#\/schema\/logo\/image\/","url":"https:\/\/www.ghostysky.com\/wp-content\/uploads\/2020\/06\/cropped-ghostyskylogo_text_white2.png","contentUrl":"https:\/\/www.ghostysky.com\/wp-content\/uploads\/2020\/06\/cropped-ghostyskylogo_text_white2.png","width":169,"height":56,"caption":"Ghostysky"},"image":{"@id":"https:\/\/www.ghostysky.com\/#\/schema\/logo\/image\/"},"sameAs":["https:\/\/www.facebook.com\/people\/Ghostysky\/100057676170234\/","https:\/\/x.com\/Gh0stysky","https:\/\/www.linkedin.com\/company\/34739653","https:\/\/www.instagram.com\/gh0stysky"]}]}},"_links":{"self":[{"href":"https:\/\/www.ghostysky.com\/fr\/wp-json\/wp\/v2\/product\/22661","targetHints":{"allow":["GET"]}}],"collection":[{"href":"https:\/\/www.ghostysky.com\/fr\/wp-json\/wp\/v2\/product"}],"about":[{"href":"https:\/\/www.ghostysky.com\/fr\/wp-json\/wp\/v2\/types\/product"}],"replies":[{"embeddable":true,"href":"https:\/\/www.ghostysky.com\/fr\/wp-json\/wp\/v2\/comments?post=22661"}],"version-history":[{"count":0,"href":"https:\/\/www.ghostysky.com\/fr\/wp-json\/wp\/v2\/product\/22661\/revisions"}],"wp:featuredmedia":[{"embeddable":true,"href":"https:\/\/www.ghostysky.com\/fr\/wp-json\/wp\/v2\/media\/23078"}],"wp:attachment":[{"href":"https:\/\/www.ghostysky.com\/fr\/wp-json\/wp\/v2\/media?parent=22661"}],"wp:term":[{"taxonomy":"product_brand","embeddable":true,"href":"https:\/\/www.ghostysky.com\/fr\/wp-json\/wp\/v2\/product_brand?post=22661"},{"taxonomy":"product_cat","embeddable":true,"href":"https:\/\/www.ghostysky.com\/fr\/wp-json\/wp\/v2\/product_cat?post=22661"},{"taxonomy":"product_tag","embeddable":true,"href":"https:\/\/www.ghostysky.com\/fr\/wp-json\/wp\/v2\/product_tag?post=22661"}],"curies":[{"name":"wp","href":"https:\/\/api.w.org\/{rel}","templated":true}]}}