{"id":22692,"date":"2025-11-02T07:48:21","date_gmt":"2025-11-02T07:48:21","guid":{"rendered":"https:\/\/www.ghostysky.com\/?post_type=product&#038;p=22692"},"modified":"2026-01-25T10:55:08","modified_gmt":"2026-01-25T10:55:08","slug":"elephant-robotics-mycobot-280-m5stack-2023-6-dof-collaborative-robot-dual-screen-version","status":"publish","type":"product","link":"https:\/\/www.ghostysky.com\/fr\/product\/elephant-robotics-mycobot-280-m5stack-2023-6-dof-collaborative-robot-dual-screen-version\/","title":{"rendered":"Elephant Robotics myCobot 280 M5Stack 2023 \u2013 Robot collaboratif \u00e0 6 degr\u00e9s de libert\u00e9 (version \u00e0 double \u00e9cran)"},"content":{"rendered":"<h4><b>Caract\u00e9ristiques principales<\/b><\/h4>\n<ul>\n<li><b>Compact et l\u00e9ger :<\/b><span class=\"citation-26\"> Le robot est tr\u00e8s portable et ne p\u00e8se que <\/span><b><span class=\"citation-26\">850 g<\/span><\/b><span class=\"citation-26 citation-end-26\">.<\/span><\/li>\n<li><b><span class=\"citation-25 citation-end-25\">6 degr\u00e9s de libert\u00e9 (DOF) :<\/span><\/b><span class=\"citation-24 citation-end-24\"> Permet des mouvements polyvalents et complexes.<\/span><\/li>\n<li><b><span class=\"citation-23\">Charge utile et port\u00e9e\u00a0:<\/span><\/b><span class=\"citation-23\"> Offre une charge utile maximale de <\/span><b><span class=\"citation-23\">250 g<\/span><\/b><span class=\"citation-23\"> et un rayon d&#039;action de <\/span><b><span class=\"citation-23\">280 mm<\/span><\/b><span class=\"citation-23 citation-end-23\">.<\/span><\/li>\n<li><b><span class=\"citation-22\">Double \u00e9cran :<\/span><\/b><span class=\"citation-22\"> \u00c9quip\u00e9 de <\/span><b><span class=\"citation-22\">deux \u00e9crans d&#039;affichage<\/span><\/b><span class=\"citation-22 citation-end-22\"> pour une visualisation ais\u00e9e des sc\u00e8nes d&#039;application \u00e9tendues et des donn\u00e9es en temps r\u00e9el.<\/span><\/li>\n<li><b><span class=\"citation-21\">\u00c9cosyst\u00e8me M5Stack\u00a0:<\/span><\/b><span class=\"citation-21\"> Bas\u00e9e sur la plateforme M5Stack, elle offre un vaste \u00e9cosyst\u00e8me de ressources et de fonctionnalit\u00e9s. <\/span><b><span class=\"citation-21\">connecteurs LEGO<\/span><\/b><span class=\"citation-21 citation-end-21\"> \u00e0 la base et \u00e0 l&#039;extr\u00e9mit\u00e9 pour une int\u00e9gration facile de divers dispositifs micro-int\u00e9gr\u00e9s.<\/span><\/li>\n<li><b>Programmation:<\/b><span class=\"citation-20\"> Prend en charge plusieurs m\u00e9thodes de programmation, notamment <\/span><b><span class=\"citation-20\">myBlockly<\/span><\/b><span class=\"citation-20\"> (programmation visuelle par blocs), <\/span><b><span class=\"citation-20\">Flux d&#039;interface utilisateur<\/span><\/b><span class=\"citation-20\">, et des API pour les utilisateurs avanc\u00e9s dans <\/span><b><span class=\"citation-20\">Python, C++, C#<\/span><\/b><span class=\"citation-20\">, et <\/span><b><span class=\"citation-20\">ROS<\/span><\/b><span class=\"citation-20 citation-end-20\"> (Syst\u00e8me d&#039;exploitation du robot).<\/span><\/li>\n<li><b>M\u00e9thode d&#039;enseignement :<\/b><span class=\"citation-19\"> Comprend un <\/span><b><span class=\"citation-19\">\u00ab Drag &amp; Teach \u00bb<\/span><\/b><span class=\"citation-19 citation-end-19\"> une fonction qui permet aux d\u00e9butants de d\u00e9placer physiquement le bras pour enregistrer et sauvegarder des trajectoires de mouvement sans programmation complexe.<\/span><\/li>\n<\/ul>","protected":false},"excerpt":{"rendered":"<p>Le <b>Elephant Robotics myCobot 280 M5Stack 2023 (Version double \u00e9cran)<\/b> Il s&#039;agit du bras robotique collaboratif \u00e0 6 axes le plus petit et le plus l\u00e9ger au monde, id\u00e9al pour l&#039;enseignement des sciences, des technologies, de l&#039;ing\u00e9nierie et des math\u00e9matiques (STEM), la recherche en robotique et les projets cr\u00e9atifs de bricolage, dot\u00e9 d&#039;une conception modulaire int\u00e9gr\u00e9e, d&#039;une charge utile de 250 g, d&#039;un rayon de travail de 280 mm et de deux \u00e9crans pour une interaction am\u00e9lior\u00e9e avec l&#039;application.<\/p>","protected":false},"featured_media":22704,"comment_status":"open","ping_status":"closed","template":"","meta":[],"product_brand":[1231],"product_cat":[1041,1228,1229,1037],"product_tag":[1234,1232,1233],"class_list":{"0":"post-22692","1":"product","2":"type-product","3":"status-publish","4":"has-post-thumbnail","6":"product_brand-elephant-robotics","7":"product_cat-arms-grippers","8":"product_cat-elephant-robotics","9":"product_cat-mycobot-280-arms","10":"product_cat-robotics","11":"product_tag-6dof","12":"product_tag-elephant-robotics","13":"product_tag-mycobot-280-m5stack-2023","15":"first","16":"onbackorder","17":"taxable","18":"shipping-taxable","19":"purchasable","20":"product-type-simple"},"yoast_head":"<!-- This site is optimized with the Yoast SEO plugin v27.4 - https:\/\/yoast.com\/product\/yoast-seo-wordpress\/ -->\n<title>Elephant Robotics myCobot 280 M5Stack 2023 - 6 DOF Collaborative Robot ( Dual Screen Version) - Ghostysky<\/title>\n<meta name=\"description\" content=\"The Elephant Robotics myCobot 280 M5Stack 2023 (Dual Screen Version) is the world&#039;s smallest and lightest 6-axis collaborative robotic arm, ideal for STEM education, robotics research, and creative DIY projects, featuring an integrated modular design, a 250g payload, a 280mm working radius, and dual display screens for enhanced application interaction.\" \/>\n<meta name=\"robots\" content=\"index, follow, max-snippet:-1, max-image-preview:large, max-video-preview:-1\" \/>\n<link rel=\"canonical\" href=\"https:\/\/www.ghostysky.com\/fr\/product\/elephant-robotics-mycobot-280-m5stack-2023-6-dof-collaborative-robot-dual-screen-version\/\" \/>\n<meta property=\"og:locale\" content=\"fr_FR\" \/>\n<meta property=\"og:type\" content=\"article\" \/>\n<meta property=\"og:title\" content=\"Elephant Robotics myCobot 280 M5Stack 2023 - 6 DOF Collaborative Robot ( Dual Screen Version) - Ghostysky\" \/>\n<meta property=\"og:description\" content=\"The Elephant Robotics myCobot 280 M5Stack 2023 (Dual Screen Version) is the world&#039;s smallest and lightest 6-axis collaborative robotic arm, ideal for STEM education, robotics research, and creative DIY projects, featuring an integrated modular design, a 250g payload, a 280mm working radius, and dual display screens for enhanced application interaction.\" \/>\n<meta property=\"og:url\" content=\"https:\/\/www.ghostysky.com\/fr\/product\/elephant-robotics-mycobot-280-m5stack-2023-6-dof-collaborative-robot-dual-screen-version\/\" \/>\n<meta property=\"og:site_name\" content=\"Ghostysky\" \/>\n<meta property=\"article:publisher\" content=\"https:\/\/www.facebook.com\/people\/Ghostysky\/100057676170234\/\" \/>\n<meta property=\"article:modified_time\" content=\"2026-01-25T10:55:08+00:00\" \/>\n<meta property=\"og:image\" content=\"https:\/\/www.ghostysky.com\/wp-content\/uploads\/2025\/11\/GH_Mycobot_280_M5stack_2023_1.webp\" \/>\n\t<meta property=\"og:image:width\" content=\"800\" \/>\n\t<meta property=\"og:image:height\" content=\"800\" \/>\n\t<meta property=\"og:image:type\" content=\"image\/webp\" \/>\n<meta name=\"twitter:card\" content=\"summary_large_image\" \/>\n<meta name=\"twitter:site\" content=\"@Gh0stysky\" \/>\n<meta name=\"twitter:label1\" content=\"Dur\u00e9e de lecture estim\u00e9e\" \/>\n\t<meta name=\"twitter:data1\" content=\"1 minute\" \/>\n<script type=\"application\/ld+json\" class=\"yoast-schema-graph\">{\"@context\":\"https:\\\/\\\/schema.org\",\"@graph\":[{\"@type\":\"WebPage\",\"@id\":\"https:\\\/\\\/www.ghostysky.com\\\/product\\\/elephant-robotics-mycobot-280-m5stack-2023-6-dof-collaborative-robot-dual-screen-version\\\/\",\"url\":\"https:\\\/\\\/www.ghostysky.com\\\/product\\\/elephant-robotics-mycobot-280-m5stack-2023-6-dof-collaborative-robot-dual-screen-version\\\/\",\"name\":\"Elephant Robotics myCobot 280 M5Stack 2023 - 6 DOF Collaborative Robot ( Dual Screen Version) - Ghostysky\",\"isPartOf\":{\"@id\":\"https:\\\/\\\/www.ghostysky.com\\\/#website\"},\"primaryImageOfPage\":{\"@id\":\"https:\\\/\\\/www.ghostysky.com\\\/product\\\/elephant-robotics-mycobot-280-m5stack-2023-6-dof-collaborative-robot-dual-screen-version\\\/#primaryimage\"},\"image\":{\"@id\":\"https:\\\/\\\/www.ghostysky.com\\\/product\\\/elephant-robotics-mycobot-280-m5stack-2023-6-dof-collaborative-robot-dual-screen-version\\\/#primaryimage\"},\"thumbnailUrl\":\"https:\\\/\\\/www.ghostysky.com\\\/wp-content\\\/uploads\\\/2025\\\/11\\\/GH_Mycobot_280_M5stack_2023_1.webp\",\"datePublished\":\"2025-11-02T07:48:21+00:00\",\"dateModified\":\"2026-01-25T10:55:08+00:00\",\"description\":\"The Elephant Robotics myCobot 280 M5Stack 2023 (Dual Screen Version) is the world's smallest and lightest 6-axis collaborative robotic arm, ideal for STEM education, robotics research, and creative DIY projects, featuring an integrated modular design, a 250g payload, a 280mm working radius, and dual display screens for enhanced application interaction.\",\"breadcrumb\":{\"@id\":\"https:\\\/\\\/www.ghostysky.com\\\/product\\\/elephant-robotics-mycobot-280-m5stack-2023-6-dof-collaborative-robot-dual-screen-version\\\/#breadcrumb\"},\"inLanguage\":\"fr-FR\",\"potentialAction\":[{\"@type\":\"ReadAction\",\"target\":[\"https:\\\/\\\/www.ghostysky.com\\\/product\\\/elephant-robotics-mycobot-280-m5stack-2023-6-dof-collaborative-robot-dual-screen-version\\\/\"]}]},{\"@type\":\"ImageObject\",\"inLanguage\":\"fr-FR\",\"@id\":\"https:\\\/\\\/www.ghostysky.com\\\/product\\\/elephant-robotics-mycobot-280-m5stack-2023-6-dof-collaborative-robot-dual-screen-version\\\/#primaryimage\",\"url\":\"https:\\\/\\\/www.ghostysky.com\\\/wp-content\\\/uploads\\\/2025\\\/11\\\/GH_Mycobot_280_M5stack_2023_1.webp\",\"contentUrl\":\"https:\\\/\\\/www.ghostysky.com\\\/wp-content\\\/uploads\\\/2025\\\/11\\\/GH_Mycobot_280_M5stack_2023_1.webp\",\"width\":800,\"height\":800},{\"@type\":\"BreadcrumbList\",\"@id\":\"https:\\\/\\\/www.ghostysky.com\\\/product\\\/elephant-robotics-mycobot-280-m5stack-2023-6-dof-collaborative-robot-dual-screen-version\\\/#breadcrumb\",\"itemListElement\":[{\"@type\":\"ListItem\",\"position\":1,\"name\":\"Home\",\"item\":\"https:\\\/\\\/www.ghostysky.com\\\/\"},{\"@type\":\"ListItem\",\"position\":2,\"name\":\"Shop\",\"item\":\"https:\\\/\\\/www.ghostysky.com\\\/shop\\\/\"},{\"@type\":\"ListItem\",\"position\":3,\"name\":\"Elephant Robotics myCobot 280 M5Stack 2023 &#8211; 6 DOF Collaborative Robot ( Dual Screen Version)\"}]},{\"@type\":\"WebSite\",\"@id\":\"https:\\\/\\\/www.ghostysky.com\\\/#website\",\"url\":\"https:\\\/\\\/www.ghostysky.com\\\/\",\"name\":\"Ghostysky\",\"description\":\"Delivering professional drones and services\",\"publisher\":{\"@id\":\"https:\\\/\\\/www.ghostysky.com\\\/#organization\"},\"potentialAction\":[{\"@type\":\"SearchAction\",\"target\":{\"@type\":\"EntryPoint\",\"urlTemplate\":\"https:\\\/\\\/www.ghostysky.com\\\/?s={search_term_string}\"},\"query-input\":{\"@type\":\"PropertyValueSpecification\",\"valueRequired\":true,\"valueName\":\"search_term_string\"}}],\"inLanguage\":\"fr-FR\"},{\"@type\":\"Organization\",\"@id\":\"https:\\\/\\\/www.ghostysky.com\\\/#organization\",\"name\":\"Ghostysky\",\"url\":\"https:\\\/\\\/www.ghostysky.com\\\/\",\"logo\":{\"@type\":\"ImageObject\",\"inLanguage\":\"fr-FR\",\"@id\":\"https:\\\/\\\/www.ghostysky.com\\\/#\\\/schema\\\/logo\\\/image\\\/\",\"url\":\"https:\\\/\\\/www.ghostysky.com\\\/wp-content\\\/uploads\\\/2020\\\/06\\\/cropped-ghostyskylogo_text_white2.png\",\"contentUrl\":\"https:\\\/\\\/www.ghostysky.com\\\/wp-content\\\/uploads\\\/2020\\\/06\\\/cropped-ghostyskylogo_text_white2.png\",\"width\":169,\"height\":56,\"caption\":\"Ghostysky\"},\"image\":{\"@id\":\"https:\\\/\\\/www.ghostysky.com\\\/#\\\/schema\\\/logo\\\/image\\\/\"},\"sameAs\":[\"https:\\\/\\\/www.facebook.com\\\/people\\\/Ghostysky\\\/100057676170234\\\/\",\"https:\\\/\\\/x.com\\\/Gh0stysky\",\"https:\\\/\\\/www.linkedin.com\\\/company\\\/34739653\",\"https:\\\/\\\/www.instagram.com\\\/gh0stysky\"]}]}<\/script>\n<!-- \/ Yoast SEO plugin. -->","yoast_head_json":{"title":"Elephant Robotics myCobot 280 M5Stack 2023 - Robot collaboratif 6 degr\u00e9s de libert\u00e9 (version double \u00e9cran) - Ghostysky","description":"Le myCobot 280 M5Stack 2023 d&#039;Elephant Robotics (version \u00e0 double \u00e9cran) est le bras robotique collaboratif \u00e0 6 axes le plus petit et le plus l\u00e9ger au monde, id\u00e9al pour l&#039;enseignement des sciences, de la technologie, de l&#039;ing\u00e9nierie et des math\u00e9matiques (STEM), la recherche en robotique et les projets cr\u00e9atifs de bricolage. Il est dot\u00e9 d&#039;une conception modulaire int\u00e9gr\u00e9e, d&#039;une charge utile de 250 g, d&#039;un rayon de travail de 280 mm et de deux \u00e9crans pour une interaction am\u00e9lior\u00e9e avec l&#039;application.","robots":{"index":"index","follow":"follow","max-snippet":"max-snippet:-1","max-image-preview":"max-image-preview:large","max-video-preview":"max-video-preview:-1"},"canonical":"https:\/\/www.ghostysky.com\/fr\/product\/elephant-robotics-mycobot-280-m5stack-2023-6-dof-collaborative-robot-dual-screen-version\/","og_locale":"fr_FR","og_type":"article","og_title":"Elephant Robotics myCobot 280 M5Stack 2023 - 6 DOF Collaborative Robot ( Dual Screen Version) - Ghostysky","og_description":"The Elephant Robotics myCobot 280 M5Stack 2023 (Dual Screen Version) is the world's smallest and lightest 6-axis collaborative robotic arm, ideal for STEM education, robotics research, and creative DIY projects, featuring an integrated modular design, a 250g payload, a 280mm working radius, and dual display screens for enhanced application interaction.","og_url":"https:\/\/www.ghostysky.com\/fr\/product\/elephant-robotics-mycobot-280-m5stack-2023-6-dof-collaborative-robot-dual-screen-version\/","og_site_name":"Ghostysky","article_publisher":"https:\/\/www.facebook.com\/people\/Ghostysky\/100057676170234\/","article_modified_time":"2026-01-25T10:55:08+00:00","og_image":[{"width":800,"height":800,"url":"https:\/\/www.ghostysky.com\/wp-content\/uploads\/2025\/11\/GH_Mycobot_280_M5stack_2023_1.webp","type":"image\/webp"}],"twitter_card":"summary_large_image","twitter_site":"@Gh0stysky","twitter_misc":{"Dur\u00e9e de lecture estim\u00e9e":"1 minute"},"schema":{"@context":"https:\/\/schema.org","@graph":[{"@type":"WebPage","@id":"https:\/\/www.ghostysky.com\/product\/elephant-robotics-mycobot-280-m5stack-2023-6-dof-collaborative-robot-dual-screen-version\/","url":"https:\/\/www.ghostysky.com\/product\/elephant-robotics-mycobot-280-m5stack-2023-6-dof-collaborative-robot-dual-screen-version\/","name":"Elephant Robotics myCobot 280 M5Stack 2023 - Robot collaboratif 6 degr\u00e9s de libert\u00e9 (version double \u00e9cran) - Ghostysky","isPartOf":{"@id":"https:\/\/www.ghostysky.com\/#website"},"primaryImageOfPage":{"@id":"https:\/\/www.ghostysky.com\/product\/elephant-robotics-mycobot-280-m5stack-2023-6-dof-collaborative-robot-dual-screen-version\/#primaryimage"},"image":{"@id":"https:\/\/www.ghostysky.com\/product\/elephant-robotics-mycobot-280-m5stack-2023-6-dof-collaborative-robot-dual-screen-version\/#primaryimage"},"thumbnailUrl":"https:\/\/www.ghostysky.com\/wp-content\/uploads\/2025\/11\/GH_Mycobot_280_M5stack_2023_1.webp","datePublished":"2025-11-02T07:48:21+00:00","dateModified":"2026-01-25T10:55:08+00:00","description":"Le myCobot 280 M5Stack 2023 d&#039;Elephant Robotics (version \u00e0 double \u00e9cran) est le bras robotique collaboratif \u00e0 6 axes le plus petit et le plus l\u00e9ger au monde, id\u00e9al pour l&#039;enseignement des sciences, de la technologie, de l&#039;ing\u00e9nierie et des math\u00e9matiques (STEM), la recherche en robotique et les projets cr\u00e9atifs de bricolage. Il est dot\u00e9 d&#039;une conception modulaire int\u00e9gr\u00e9e, d&#039;une charge utile de 250 g, d&#039;un rayon de travail de 280 mm et de deux \u00e9crans pour une interaction am\u00e9lior\u00e9e avec l&#039;application.","breadcrumb":{"@id":"https:\/\/www.ghostysky.com\/product\/elephant-robotics-mycobot-280-m5stack-2023-6-dof-collaborative-robot-dual-screen-version\/#breadcrumb"},"inLanguage":"fr-FR","potentialAction":[{"@type":"ReadAction","target":["https:\/\/www.ghostysky.com\/product\/elephant-robotics-mycobot-280-m5stack-2023-6-dof-collaborative-robot-dual-screen-version\/"]}]},{"@type":"ImageObject","inLanguage":"fr-FR","@id":"https:\/\/www.ghostysky.com\/product\/elephant-robotics-mycobot-280-m5stack-2023-6-dof-collaborative-robot-dual-screen-version\/#primaryimage","url":"https:\/\/www.ghostysky.com\/wp-content\/uploads\/2025\/11\/GH_Mycobot_280_M5stack_2023_1.webp","contentUrl":"https:\/\/www.ghostysky.com\/wp-content\/uploads\/2025\/11\/GH_Mycobot_280_M5stack_2023_1.webp","width":800,"height":800},{"@type":"BreadcrumbList","@id":"https:\/\/www.ghostysky.com\/product\/elephant-robotics-mycobot-280-m5stack-2023-6-dof-collaborative-robot-dual-screen-version\/#breadcrumb","itemListElement":[{"@type":"ListItem","position":1,"name":"Home","item":"https:\/\/www.ghostysky.com\/"},{"@type":"ListItem","position":2,"name":"Shop","item":"https:\/\/www.ghostysky.com\/shop\/"},{"@type":"ListItem","position":3,"name":"Elephant Robotics myCobot 280 M5Stack 2023 &#8211; 6 DOF Collaborative Robot ( Dual Screen Version)"}]},{"@type":"WebSite","@id":"https:\/\/www.ghostysky.com\/#website","url":"https:\/\/www.ghostysky.com\/","name":"Ghostysky","description":"Livraison de drones et de services professionnels","publisher":{"@id":"https:\/\/www.ghostysky.com\/#organization"},"potentialAction":[{"@type":"SearchAction","target":{"@type":"EntryPoint","urlTemplate":"https:\/\/www.ghostysky.com\/?s={search_term_string}"},"query-input":{"@type":"PropertyValueSpecification","valueRequired":true,"valueName":"search_term_string"}}],"inLanguage":"fr-FR"},{"@type":"Organization","@id":"https:\/\/www.ghostysky.com\/#organization","name":"Ghostysky","url":"https:\/\/www.ghostysky.com\/","logo":{"@type":"ImageObject","inLanguage":"fr-FR","@id":"https:\/\/www.ghostysky.com\/#\/schema\/logo\/image\/","url":"https:\/\/www.ghostysky.com\/wp-content\/uploads\/2020\/06\/cropped-ghostyskylogo_text_white2.png","contentUrl":"https:\/\/www.ghostysky.com\/wp-content\/uploads\/2020\/06\/cropped-ghostyskylogo_text_white2.png","width":169,"height":56,"caption":"Ghostysky"},"image":{"@id":"https:\/\/www.ghostysky.com\/#\/schema\/logo\/image\/"},"sameAs":["https:\/\/www.facebook.com\/people\/Ghostysky\/100057676170234\/","https:\/\/x.com\/Gh0stysky","https:\/\/www.linkedin.com\/company\/34739653","https:\/\/www.instagram.com\/gh0stysky"]}]}},"_links":{"self":[{"href":"https:\/\/www.ghostysky.com\/fr\/wp-json\/wp\/v2\/product\/22692","targetHints":{"allow":["GET"]}}],"collection":[{"href":"https:\/\/www.ghostysky.com\/fr\/wp-json\/wp\/v2\/product"}],"about":[{"href":"https:\/\/www.ghostysky.com\/fr\/wp-json\/wp\/v2\/types\/product"}],"replies":[{"embeddable":true,"href":"https:\/\/www.ghostysky.com\/fr\/wp-json\/wp\/v2\/comments?post=22692"}],"version-history":[{"count":0,"href":"https:\/\/www.ghostysky.com\/fr\/wp-json\/wp\/v2\/product\/22692\/revisions"}],"wp:featuredmedia":[{"embeddable":true,"href":"https:\/\/www.ghostysky.com\/fr\/wp-json\/wp\/v2\/media\/22704"}],"wp:attachment":[{"href":"https:\/\/www.ghostysky.com\/fr\/wp-json\/wp\/v2\/media?parent=22692"}],"wp:term":[{"taxonomy":"product_brand","embeddable":true,"href":"https:\/\/www.ghostysky.com\/fr\/wp-json\/wp\/v2\/product_brand?post=22692"},{"taxonomy":"product_cat","embeddable":true,"href":"https:\/\/www.ghostysky.com\/fr\/wp-json\/wp\/v2\/product_cat?post=22692"},{"taxonomy":"product_tag","embeddable":true,"href":"https:\/\/www.ghostysky.com\/fr\/wp-json\/wp\/v2\/product_tag?post=22692"}],"curies":[{"name":"wp","href":"https:\/\/api.w.org\/{rel}","templated":true}]}}