{"id":22723,"date":"2025-11-02T08:42:08","date_gmt":"2025-11-02T08:42:08","guid":{"rendered":"https:\/\/www.ghostysky.com\/?post_type=product&#038;p=22723"},"modified":"2026-01-25T10:55:34","modified_gmt":"2026-01-25T10:55:34","slug":"elephant-robotics-mycobot-280-raspberry-pi-2023-6-dof-collaborative-robotic-arm-raspberry-pi-version","status":"publish","type":"product","link":"https:\/\/www.ghostysky.com\/fr\/product\/elephant-robotics-mycobot-280-raspberry-pi-2023-6-dof-collaborative-robotic-arm-raspberry-pi-version\/","title":{"rendered":"Elephant Robotics myCobot 280 Raspberry Pi 2023 \u2013 Bras robotique collaboratif \u00e0 6 degr\u00e9s de libert\u00e9 (version Raspberry Pi)"},"content":{"rendered":"<ul>\n<li><b><span class=\"citation-54\">Syst\u00e8me central :<\/span><\/b><span class=\"citation-54 citation-end-54\"> Il est pilot\u00e9 par un microprocesseur Raspberry Pi 4B int\u00e9gr\u00e9 fonctionnant sous un syst\u00e8me d&#039;exploitation Debian\/Ubuntu, ce qui lui permet de fonctionner de mani\u00e8re ind\u00e9pendante sans PC externe (il suffit de connecter un moniteur, un clavier et une souris).<\/span><\/li>\n<li><b><span class=\"citation-53\">Caract\u00e9ristiques principales :<\/span><\/b><span class=\"citation-53\"> Il comporte un <\/span><b><span class=\"citation-53\">rayon de travail de 280 mm<\/span><\/b><span class=\"citation-53\">, un <\/span><b><span class=\"citation-53\">charge utile de 250 g<\/span><\/b><span class=\"citation-53\">et se targue d&#039;une conception l\u00e9g\u00e8re et modulaire avec un poids d&#039;environ <\/span><b><span class=\"citation-53\">850 g<\/span><\/b><span class=\"citation-53 citation-end-53\">.<\/span><\/li>\n<li><b><span class=\"citation-52\">Programmation et contr\u00f4le\u00a0:<\/span><\/b><span class=\"citation-52\"> Le bras est tr\u00e8s convivial pour les d\u00e9veloppeurs, offrant <\/span><b><span class=\"citation-52\">Prise en charge int\u00e9gr\u00e9e de ROS et Python<\/span><\/b><span class=\"citation-52\">, avec <\/span><b><span class=\"citation-52\">programmation visuelle par glisser-d\u00e9poser myBlockly<\/span><\/b><span class=\"citation-52 citation-end-52\"> Pour les d\u00e9butants, c&#039;est un excellent outil pour apprendre la robotique, l&#039;IA et le d\u00e9veloppement de la logique de contr\u00f4le.<\/span><\/li>\n<li><b><span class=\"citation-51\">Expansion:<\/span><\/b><span class=\"citation-51\"> La base et l&#039;effecteur terminal comprennent <\/span><b><span class=\"citation-51\">Ports compatibles Lego<\/span><\/b><span class=\"citation-51 citation-end-51\"> et une vari\u00e9t\u00e9 d&#039;interfaces (USB, micro HDMI, GPIO) pour une int\u00e9gration facile avec des cam\u00e9ras, des pinces, des capteurs et d&#039;autres p\u00e9riph\u00e9riques, ouvrant la voie \u00e0 diverses applications dans le domaine de la vision par IA et de l&#039;automatisation.<\/span><\/li>\n<\/ul>","protected":false},"excerpt":{"rendered":"<p><span class=\"citation-55\">Le <\/span><b><span class=\"citation-55\">Elephant Robotics myCobot 280 Raspberry Pi 2023<\/span><\/b><span class=\"citation-55\"> est compact, <\/span><b><span class=\"citation-55\">6 degr\u00e9s de libert\u00e9 (DOF)<\/span><\/b><span class=\"citation-55\"> bras robotique collaboratif qui exploite la puissance et la polyvalence du <\/span><b><span class=\"citation-55\">Raspberry Pi 4B<\/span><\/b><span class=\"citation-55 citation-end-55\"> servir de plateforme \u00e9ducative et de d\u00e9veloppement tout-en-un.<\/span><\/p>","protected":false},"featured_media":22729,"comment_status":"open","ping_status":"closed","template":"","meta":[],"product_brand":[1231],"product_cat":[1041,1228,1229,1037],"product_tag":[1239,1232,1238,1240],"class_list":{"0":"post-22723","1":"product","2":"type-product","3":"status-publish","4":"has-post-thumbnail","6":"product_brand-elephant-robotics","7":"product_cat-arms-grippers","8":"product_cat-elephant-robotics","9":"product_cat-mycobot-280-arms","10":"product_cat-robotics","11":"product_tag-6-dof-collaborative-robotic-arm","12":"product_tag-elephant-robotics","13":"product_tag-mycobot-280-raspberry-pi-2023","14":"product_tag-raspberry-pi-version","16":"first","17":"onbackorder","18":"taxable","19":"shipping-taxable","20":"purchasable","21":"product-type-simple"},"yoast_head":"<!-- This site is optimized with the Yoast SEO plugin v27.4 - https:\/\/yoast.com\/product\/yoast-seo-wordpress\/ -->\n<title>Elephant Robotics myCobot 280 Raspberry Pi 2023 - 6 DOF Collaborative Robotic Arm ( Raspberry Pi Version) - Ghostysky<\/title>\n<meta name=\"description\" content=\"The Elephant Robotics myCobot 280 Raspberry Pi 2023 is a compact, 6-Degrees-of-Freedom (DOF) collaborative robotic arm that leverages the power and versatility of the Raspberry Pi 4B to serve as an all-in-one educational and development platform.\" \/>\n<meta name=\"robots\" content=\"index, follow, max-snippet:-1, max-image-preview:large, max-video-preview:-1\" \/>\n<link rel=\"canonical\" href=\"https:\/\/www.ghostysky.com\/fr\/product\/elephant-robotics-mycobot-280-raspberry-pi-2023-6-dof-collaborative-robotic-arm-raspberry-pi-version\/\" \/>\n<meta property=\"og:locale\" content=\"fr_FR\" \/>\n<meta property=\"og:type\" content=\"article\" \/>\n<meta property=\"og:title\" content=\"Elephant Robotics myCobot 280 Raspberry Pi 2023 - 6 DOF Collaborative Robotic Arm ( Raspberry Pi Version) - Ghostysky\" \/>\n<meta property=\"og:description\" content=\"The Elephant Robotics myCobot 280 Raspberry Pi 2023 is a compact, 6-Degrees-of-Freedom (DOF) collaborative robotic arm that leverages the power and versatility of the Raspberry Pi 4B to serve as an all-in-one educational and development platform.\" \/>\n<meta property=\"og:url\" content=\"https:\/\/www.ghostysky.com\/fr\/product\/elephant-robotics-mycobot-280-raspberry-pi-2023-6-dof-collaborative-robotic-arm-raspberry-pi-version\/\" \/>\n<meta property=\"og:site_name\" content=\"Ghostysky\" \/>\n<meta property=\"article:publisher\" content=\"https:\/\/www.facebook.com\/people\/Ghostysky\/100057676170234\/\" \/>\n<meta property=\"article:modified_time\" content=\"2026-01-25T10:55:34+00:00\" \/>\n<meta property=\"og:image\" content=\"https:\/\/www.ghostysky.com\/wp-content\/uploads\/2025\/11\/GH_Elephant-Robotics-myCobot-280-Raspberry-Pi-2023-6-DOF-Collaborative-Robotic-Arm_1.webp\" \/>\n\t<meta property=\"og:image:width\" content=\"800\" \/>\n\t<meta property=\"og:image:height\" content=\"800\" \/>\n\t<meta property=\"og:image:type\" content=\"image\/webp\" \/>\n<meta name=\"twitter:card\" content=\"summary_large_image\" \/>\n<meta name=\"twitter:site\" content=\"@Gh0stysky\" \/>\n<meta name=\"twitter:label1\" content=\"Dur\u00e9e de lecture estim\u00e9e\" \/>\n\t<meta name=\"twitter:data1\" content=\"1 minute\" \/>\n<script type=\"application\/ld+json\" class=\"yoast-schema-graph\">{\"@context\":\"https:\\\/\\\/schema.org\",\"@graph\":[{\"@type\":\"WebPage\",\"@id\":\"https:\\\/\\\/www.ghostysky.com\\\/product\\\/elephant-robotics-mycobot-280-raspberry-pi-2023-6-dof-collaborative-robotic-arm-raspberry-pi-version\\\/\",\"url\":\"https:\\\/\\\/www.ghostysky.com\\\/product\\\/elephant-robotics-mycobot-280-raspberry-pi-2023-6-dof-collaborative-robotic-arm-raspberry-pi-version\\\/\",\"name\":\"Elephant Robotics myCobot 280 Raspberry Pi 2023 - 6 DOF Collaborative Robotic Arm ( Raspberry Pi Version) - Ghostysky\",\"isPartOf\":{\"@id\":\"https:\\\/\\\/www.ghostysky.com\\\/#website\"},\"primaryImageOfPage\":{\"@id\":\"https:\\\/\\\/www.ghostysky.com\\\/product\\\/elephant-robotics-mycobot-280-raspberry-pi-2023-6-dof-collaborative-robotic-arm-raspberry-pi-version\\\/#primaryimage\"},\"image\":{\"@id\":\"https:\\\/\\\/www.ghostysky.com\\\/product\\\/elephant-robotics-mycobot-280-raspberry-pi-2023-6-dof-collaborative-robotic-arm-raspberry-pi-version\\\/#primaryimage\"},\"thumbnailUrl\":\"https:\\\/\\\/www.ghostysky.com\\\/wp-content\\\/uploads\\\/2025\\\/11\\\/GH_Elephant-Robotics-myCobot-280-Raspberry-Pi-2023-6-DOF-Collaborative-Robotic-Arm_1.webp\",\"datePublished\":\"2025-11-02T08:42:08+00:00\",\"dateModified\":\"2026-01-25T10:55:34+00:00\",\"description\":\"The Elephant Robotics myCobot 280 Raspberry Pi 2023 is a compact, 6-Degrees-of-Freedom (DOF) collaborative robotic arm that leverages the power and versatility of the Raspberry Pi 4B to serve as an all-in-one educational and development platform.\",\"breadcrumb\":{\"@id\":\"https:\\\/\\\/www.ghostysky.com\\\/product\\\/elephant-robotics-mycobot-280-raspberry-pi-2023-6-dof-collaborative-robotic-arm-raspberry-pi-version\\\/#breadcrumb\"},\"inLanguage\":\"fr-FR\",\"potentialAction\":[{\"@type\":\"ReadAction\",\"target\":[\"https:\\\/\\\/www.ghostysky.com\\\/product\\\/elephant-robotics-mycobot-280-raspberry-pi-2023-6-dof-collaborative-robotic-arm-raspberry-pi-version\\\/\"]}]},{\"@type\":\"ImageObject\",\"inLanguage\":\"fr-FR\",\"@id\":\"https:\\\/\\\/www.ghostysky.com\\\/product\\\/elephant-robotics-mycobot-280-raspberry-pi-2023-6-dof-collaborative-robotic-arm-raspberry-pi-version\\\/#primaryimage\",\"url\":\"https:\\\/\\\/www.ghostysky.com\\\/wp-content\\\/uploads\\\/2025\\\/11\\\/GH_Elephant-Robotics-myCobot-280-Raspberry-Pi-2023-6-DOF-Collaborative-Robotic-Arm_1.webp\",\"contentUrl\":\"https:\\\/\\\/www.ghostysky.com\\\/wp-content\\\/uploads\\\/2025\\\/11\\\/GH_Elephant-Robotics-myCobot-280-Raspberry-Pi-2023-6-DOF-Collaborative-Robotic-Arm_1.webp\",\"width\":800,\"height\":800},{\"@type\":\"BreadcrumbList\",\"@id\":\"https:\\\/\\\/www.ghostysky.com\\\/product\\\/elephant-robotics-mycobot-280-raspberry-pi-2023-6-dof-collaborative-robotic-arm-raspberry-pi-version\\\/#breadcrumb\",\"itemListElement\":[{\"@type\":\"ListItem\",\"position\":1,\"name\":\"Home\",\"item\":\"https:\\\/\\\/www.ghostysky.com\\\/\"},{\"@type\":\"ListItem\",\"position\":2,\"name\":\"Shop\",\"item\":\"https:\\\/\\\/www.ghostysky.com\\\/shop\\\/\"},{\"@type\":\"ListItem\",\"position\":3,\"name\":\"Elephant Robotics myCobot 280 Raspberry Pi 2023 &#8211; 6 DOF Collaborative Robotic Arm ( Raspberry Pi Version)\"}]},{\"@type\":\"WebSite\",\"@id\":\"https:\\\/\\\/www.ghostysky.com\\\/#website\",\"url\":\"https:\\\/\\\/www.ghostysky.com\\\/\",\"name\":\"Ghostysky\",\"description\":\"Delivering professional drones and services\",\"publisher\":{\"@id\":\"https:\\\/\\\/www.ghostysky.com\\\/#organization\"},\"potentialAction\":[{\"@type\":\"SearchAction\",\"target\":{\"@type\":\"EntryPoint\",\"urlTemplate\":\"https:\\\/\\\/www.ghostysky.com\\\/?s={search_term_string}\"},\"query-input\":{\"@type\":\"PropertyValueSpecification\",\"valueRequired\":true,\"valueName\":\"search_term_string\"}}],\"inLanguage\":\"fr-FR\"},{\"@type\":\"Organization\",\"@id\":\"https:\\\/\\\/www.ghostysky.com\\\/#organization\",\"name\":\"Ghostysky\",\"url\":\"https:\\\/\\\/www.ghostysky.com\\\/\",\"logo\":{\"@type\":\"ImageObject\",\"inLanguage\":\"fr-FR\",\"@id\":\"https:\\\/\\\/www.ghostysky.com\\\/#\\\/schema\\\/logo\\\/image\\\/\",\"url\":\"https:\\\/\\\/www.ghostysky.com\\\/wp-content\\\/uploads\\\/2020\\\/06\\\/cropped-ghostyskylogo_text_white2.png\",\"contentUrl\":\"https:\\\/\\\/www.ghostysky.com\\\/wp-content\\\/uploads\\\/2020\\\/06\\\/cropped-ghostyskylogo_text_white2.png\",\"width\":169,\"height\":56,\"caption\":\"Ghostysky\"},\"image\":{\"@id\":\"https:\\\/\\\/www.ghostysky.com\\\/#\\\/schema\\\/logo\\\/image\\\/\"},\"sameAs\":[\"https:\\\/\\\/www.facebook.com\\\/people\\\/Ghostysky\\\/100057676170234\\\/\",\"https:\\\/\\\/x.com\\\/Gh0stysky\",\"https:\\\/\\\/www.linkedin.com\\\/company\\\/34739653\",\"https:\\\/\\\/www.instagram.com\\\/gh0stysky\"]}]}<\/script>\n<!-- \/ Yoast SEO plugin. -->","yoast_head_json":{"title":"Elephant Robotics myCobot 280 Raspberry Pi 2023 - Bras robotique collaboratif 6 degr\u00e9s de libert\u00e9 (version Raspberry Pi) - Ghostysky","description":"Le myCobot 280 Raspberry Pi 2023 d&#039;Elephant Robotics est un bras robotique collaboratif compact \u00e0 6 degr\u00e9s de libert\u00e9 (DOF) qui exploite la puissance et la polyvalence du Raspberry Pi 4B pour servir de plateforme \u00e9ducative et de d\u00e9veloppement tout-en-un.","robots":{"index":"index","follow":"follow","max-snippet":"max-snippet:-1","max-image-preview":"max-image-preview:large","max-video-preview":"max-video-preview:-1"},"canonical":"https:\/\/www.ghostysky.com\/fr\/product\/elephant-robotics-mycobot-280-raspberry-pi-2023-6-dof-collaborative-robotic-arm-raspberry-pi-version\/","og_locale":"fr_FR","og_type":"article","og_title":"Elephant Robotics myCobot 280 Raspberry Pi 2023 - 6 DOF Collaborative Robotic Arm ( Raspberry Pi Version) - Ghostysky","og_description":"The Elephant Robotics myCobot 280 Raspberry Pi 2023 is a compact, 6-Degrees-of-Freedom (DOF) collaborative robotic arm that leverages the power and versatility of the Raspberry Pi 4B to serve as an all-in-one educational and development platform.","og_url":"https:\/\/www.ghostysky.com\/fr\/product\/elephant-robotics-mycobot-280-raspberry-pi-2023-6-dof-collaborative-robotic-arm-raspberry-pi-version\/","og_site_name":"Ghostysky","article_publisher":"https:\/\/www.facebook.com\/people\/Ghostysky\/100057676170234\/","article_modified_time":"2026-01-25T10:55:34+00:00","og_image":[{"width":800,"height":800,"url":"https:\/\/www.ghostysky.com\/wp-content\/uploads\/2025\/11\/GH_Elephant-Robotics-myCobot-280-Raspberry-Pi-2023-6-DOF-Collaborative-Robotic-Arm_1.webp","type":"image\/webp"}],"twitter_card":"summary_large_image","twitter_site":"@Gh0stysky","twitter_misc":{"Dur\u00e9e de lecture estim\u00e9e":"1 minute"},"schema":{"@context":"https:\/\/schema.org","@graph":[{"@type":"WebPage","@id":"https:\/\/www.ghostysky.com\/product\/elephant-robotics-mycobot-280-raspberry-pi-2023-6-dof-collaborative-robotic-arm-raspberry-pi-version\/","url":"https:\/\/www.ghostysky.com\/product\/elephant-robotics-mycobot-280-raspberry-pi-2023-6-dof-collaborative-robotic-arm-raspberry-pi-version\/","name":"Elephant Robotics myCobot 280 Raspberry Pi 2023 - Bras robotique collaboratif 6 degr\u00e9s de libert\u00e9 (version Raspberry Pi) - Ghostysky","isPartOf":{"@id":"https:\/\/www.ghostysky.com\/#website"},"primaryImageOfPage":{"@id":"https:\/\/www.ghostysky.com\/product\/elephant-robotics-mycobot-280-raspberry-pi-2023-6-dof-collaborative-robotic-arm-raspberry-pi-version\/#primaryimage"},"image":{"@id":"https:\/\/www.ghostysky.com\/product\/elephant-robotics-mycobot-280-raspberry-pi-2023-6-dof-collaborative-robotic-arm-raspberry-pi-version\/#primaryimage"},"thumbnailUrl":"https:\/\/www.ghostysky.com\/wp-content\/uploads\/2025\/11\/GH_Elephant-Robotics-myCobot-280-Raspberry-Pi-2023-6-DOF-Collaborative-Robotic-Arm_1.webp","datePublished":"2025-11-02T08:42:08+00:00","dateModified":"2026-01-25T10:55:34+00:00","description":"Le myCobot 280 Raspberry Pi 2023 d&#039;Elephant Robotics est un bras robotique collaboratif compact \u00e0 6 degr\u00e9s de libert\u00e9 (DOF) qui exploite la puissance et la polyvalence du Raspberry Pi 4B pour servir de plateforme \u00e9ducative et de d\u00e9veloppement tout-en-un.","breadcrumb":{"@id":"https:\/\/www.ghostysky.com\/product\/elephant-robotics-mycobot-280-raspberry-pi-2023-6-dof-collaborative-robotic-arm-raspberry-pi-version\/#breadcrumb"},"inLanguage":"fr-FR","potentialAction":[{"@type":"ReadAction","target":["https:\/\/www.ghostysky.com\/product\/elephant-robotics-mycobot-280-raspberry-pi-2023-6-dof-collaborative-robotic-arm-raspberry-pi-version\/"]}]},{"@type":"ImageObject","inLanguage":"fr-FR","@id":"https:\/\/www.ghostysky.com\/product\/elephant-robotics-mycobot-280-raspberry-pi-2023-6-dof-collaborative-robotic-arm-raspberry-pi-version\/#primaryimage","url":"https:\/\/www.ghostysky.com\/wp-content\/uploads\/2025\/11\/GH_Elephant-Robotics-myCobot-280-Raspberry-Pi-2023-6-DOF-Collaborative-Robotic-Arm_1.webp","contentUrl":"https:\/\/www.ghostysky.com\/wp-content\/uploads\/2025\/11\/GH_Elephant-Robotics-myCobot-280-Raspberry-Pi-2023-6-DOF-Collaborative-Robotic-Arm_1.webp","width":800,"height":800},{"@type":"BreadcrumbList","@id":"https:\/\/www.ghostysky.com\/product\/elephant-robotics-mycobot-280-raspberry-pi-2023-6-dof-collaborative-robotic-arm-raspberry-pi-version\/#breadcrumb","itemListElement":[{"@type":"ListItem","position":1,"name":"Home","item":"https:\/\/www.ghostysky.com\/"},{"@type":"ListItem","position":2,"name":"Shop","item":"https:\/\/www.ghostysky.com\/shop\/"},{"@type":"ListItem","position":3,"name":"Elephant Robotics myCobot 280 Raspberry Pi 2023 &#8211; 6 DOF Collaborative Robotic Arm ( Raspberry Pi Version)"}]},{"@type":"WebSite","@id":"https:\/\/www.ghostysky.com\/#website","url":"https:\/\/www.ghostysky.com\/","name":"Ghostysky","description":"Livraison de drones et de services professionnels","publisher":{"@id":"https:\/\/www.ghostysky.com\/#organization"},"potentialAction":[{"@type":"SearchAction","target":{"@type":"EntryPoint","urlTemplate":"https:\/\/www.ghostysky.com\/?s={search_term_string}"},"query-input":{"@type":"PropertyValueSpecification","valueRequired":true,"valueName":"search_term_string"}}],"inLanguage":"fr-FR"},{"@type":"Organization","@id":"https:\/\/www.ghostysky.com\/#organization","name":"Ghostysky","url":"https:\/\/www.ghostysky.com\/","logo":{"@type":"ImageObject","inLanguage":"fr-FR","@id":"https:\/\/www.ghostysky.com\/#\/schema\/logo\/image\/","url":"https:\/\/www.ghostysky.com\/wp-content\/uploads\/2020\/06\/cropped-ghostyskylogo_text_white2.png","contentUrl":"https:\/\/www.ghostysky.com\/wp-content\/uploads\/2020\/06\/cropped-ghostyskylogo_text_white2.png","width":169,"height":56,"caption":"Ghostysky"},"image":{"@id":"https:\/\/www.ghostysky.com\/#\/schema\/logo\/image\/"},"sameAs":["https:\/\/www.facebook.com\/people\/Ghostysky\/100057676170234\/","https:\/\/x.com\/Gh0stysky","https:\/\/www.linkedin.com\/company\/34739653","https:\/\/www.instagram.com\/gh0stysky"]}]}},"_links":{"self":[{"href":"https:\/\/www.ghostysky.com\/fr\/wp-json\/wp\/v2\/product\/22723","targetHints":{"allow":["GET"]}}],"collection":[{"href":"https:\/\/www.ghostysky.com\/fr\/wp-json\/wp\/v2\/product"}],"about":[{"href":"https:\/\/www.ghostysky.com\/fr\/wp-json\/wp\/v2\/types\/product"}],"replies":[{"embeddable":true,"href":"https:\/\/www.ghostysky.com\/fr\/wp-json\/wp\/v2\/comments?post=22723"}],"version-history":[{"count":0,"href":"https:\/\/www.ghostysky.com\/fr\/wp-json\/wp\/v2\/product\/22723\/revisions"}],"wp:featuredmedia":[{"embeddable":true,"href":"https:\/\/www.ghostysky.com\/fr\/wp-json\/wp\/v2\/media\/22729"}],"wp:attachment":[{"href":"https:\/\/www.ghostysky.com\/fr\/wp-json\/wp\/v2\/media?parent=22723"}],"wp:term":[{"taxonomy":"product_brand","embeddable":true,"href":"https:\/\/www.ghostysky.com\/fr\/wp-json\/wp\/v2\/product_brand?post=22723"},{"taxonomy":"product_cat","embeddable":true,"href":"https:\/\/www.ghostysky.com\/fr\/wp-json\/wp\/v2\/product_cat?post=22723"},{"taxonomy":"product_tag","embeddable":true,"href":"https:\/\/www.ghostysky.com\/fr\/wp-json\/wp\/v2\/product_tag?post=22723"}],"curies":[{"name":"wp","href":"https:\/\/api.w.org\/{rel}","templated":true}]}}