{"id":22735,"date":"2025-11-02T09:12:49","date_gmt":"2025-11-02T09:12:49","guid":{"rendered":"https:\/\/www.ghostysky.com\/?post_type=product&#038;p=22735"},"modified":"2025-11-02T09:19:30","modified_gmt":"2025-11-02T09:19:30","slug":"tita-wheeled-bipedal-robot","status":"publish","type":"product","link":"https:\/\/www.ghostysky.com\/fr\/product\/tita-wheeled-bipedal-robot\/","title":{"rendered":"Robot bip\u00e8de \u00e0 roues TITA"},"content":{"rendered":"<h4>\ud83e\uddbe TITA par Direct Drive Tech : Plateforme robotique bip\u00e8de \u00e0 roues<\/h4>\n<p><span class=\"citation-80\">Le <\/span><b><span class=\"citation-80\">TITA<\/span><\/b><span class=\"citation-80\"> Ce robot est r\u00e9volutionnaire. <\/span><b><span class=\"citation-80\">plateforme robotique bip\u00e8de \u00e0 roues<\/span><\/b><span class=\"citation-80\"> qui int\u00e8gre parfaitement le <\/span><b><span class=\"citation-80\">la vitesse et l&#039;agilit\u00e9 d&#039;un robot \u00e0 roues, combin\u00e9es \u00e0 l&#039;adaptabilit\u00e9 sup\u00e9rieure d&#039;un robot \u00e0 pattes.<\/span><\/b><span class=\"citation-80 citation-end-80\">.<sup class=\"superscript\" data-turn-source-index=\"2\">2<\/sup><\/span> <span class=\"citation-79\">Tirant parti de la technologie exclusive de Direct Drive Tech <\/span><b><span class=\"citation-79\">modules d&#039;articulation \u00e0 entra\u00eenement quasi direct<\/span><\/b><span class=\"citation-79 citation-end-79\">TITA est con\u00e7u pour une mobilit\u00e9 haute performance et un fonctionnement autonome dans des environnements complexes et accident\u00e9s.<\/span><\/p>\n<h4><b>Caract\u00e9ristiques principales et innovation<\/b><\/h4>\n<ul>\n<li><b><span class=\"citation-78 citation-end-78\">Double locomotion (8 degr\u00e9s de libert\u00e9)\u00a0:<sup class=\"superscript\" data-turn-source-index=\"4\">4<\/sup><\/span><\/b><span class=\"citation-77\"> Avec <\/span><b><span class=\"citation-77\">8 degr\u00e9s de libert\u00e9 (DOF)<\/span><\/b><span class=\"citation-77\"> aliment\u00e9 par des articulations \u00e0 entra\u00eenement quasi direct haute performance (jusqu&#039;\u00e0 <\/span><b><span class=\"citation-77\">Couple maximal de 120 Nm<\/span><\/b><span class=\"citation-77\">), TITA est capable \u00e0 la fois de rapidit\u00e9 <\/span><b><span class=\"citation-77\">roues<\/span><\/b><span class=\"citation-77\"> et stable <\/span><b><span class=\"citation-77\">marche<\/span><\/b><span class=\"citation-77 citation-end-77\"> pour une adaptabilit\u00e9 sup\u00e9rieure au terrain.<\/span><\/li>\n<li><b><span class=\"citation-76\">Intelligence autonome :<\/span><\/b><span class=\"citation-76\"> Equip\u00e9 d&#039;un <\/span><b><span class=\"citation-76\">NVIDIA Jetson Orin NX 16 Go<\/span><\/b><span class=\"citation-76\"> puce, TITA livre <\/span><b><span class=\"citation-76\">100 TOPS de puissance de calcul IA<\/span><\/b><span class=\"citation-76 citation-end-76\">.<sup class=\"superscript\" data-turn-source-index=\"6\">6<\/sup><\/span> <span class=\"citation-75\">Cela permet une robustesse <\/span><b><span class=\"citation-75\">Syst\u00e8me de prise de d\u00e9cision autonome<\/span><\/b><span class=\"citation-75 citation-end-75\"> avec fusion multisensorielle pour une perception pr\u00e9cise, une navigation autonome et un \u00e9vitement actif des obstacles.<\/span><\/li>\n<li><b><span class=\"citation-74\">Sensibilisation au terrain TITA\u00a0:<\/span><\/b><span class=\"citation-74\"> Le syst\u00e8me utilise un <\/span><b><span class=\"citation-74\">sch\u00e9ma de structure binoculaire<\/span><\/b><span class=\"citation-74\">des capteurs ultrasoniques et un SPAD TOF pour collecter des donn\u00e9es 3D en temps r\u00e9el, permettant ainsi d&#039;obtenir <\/span><b><span class=\"citation-74\">pr\u00e9cision au millim\u00e8tre pr\u00e8s<\/span><\/b><span class=\"citation-74 citation-end-74\"> pour la reconnaissance de terrain et la d\u00e9tection d&#039;objets de haute pr\u00e9cision.<\/span><\/li>\n<li><b><span class=\"citation-73\">Conception robuste et modulaire :<\/span><\/b><span class=\"citation-73\"> Le fuselage est construit en mat\u00e9riaux durables <\/span><b><span class=\"citation-73\">alliage de magn\u00e9sium<\/span><\/b><span class=\"citation-73 citation-end-73\">, assurant une grande stabilit\u00e9 et une r\u00e9sistance aux chutes.<\/span> <span class=\"citation-72\">Il comporte <\/span><b><span class=\"citation-72\">batteries rempla\u00e7ables \u00e0 chaud<\/span><\/b><span class=\"citation-72 citation-end-72\"> pour une protection contre les mouvements et une endurance pratiquement illimit\u00e9e.<\/span><\/li>\n<li><b>Pr\u00eat pour le d\u00e9veloppement :<\/b><span class=\"citation-71\"> TITA prend en charge le d\u00e9veloppement secondaire complet avec un programme complet <\/span><b><span class=\"citation-71\">ROS 2<\/span><\/b><span class=\"citation-71 citation-end-71\"> Interface API (syst\u00e8me d&#039;exploitation robotique), noyau Linux ouvert et contr\u00f4le de la vitesse de r\u00e9ponse \u00e0 la microseconde, ce qui le rend id\u00e9al pour la recherche avanc\u00e9e.<\/span><\/li>\n<li><b><span class=\"citation-70\">Pont TITA :<\/span><\/b><span class=\"citation-70 citation-end-70\"> Un syst\u00e8me de fixation universel (rails sur la partie sup\u00e9rieure du corps) permet une installation rapide et facile de divers accessoires externes, tels que des modules de vision, des h\u00f4tes IA et des capteurs.<\/span><\/li>\n<\/ul>\n<h4><b>Caract\u00e9ristiques principales<\/b><\/h4>\n<table>\n<thead>\n<tr>\n<td><strong>Param\u00e8tre<\/strong><\/td>\n<td><strong>Sp\u00e9cifications (TITA)<\/strong><\/td>\n<\/tr>\n<\/thead>\n<tbody>\n<tr>\n<td><b>Taper<\/b><\/td>\n<td>Robot bip\u00e8de \u00e0 roues<\/td>\n<\/tr>\n<tr>\n<td><b>Degr\u00e9s de libert\u00e9 (DOF)<\/b><\/td>\n<td>8<\/td>\n<\/tr>\n<tr>\n<td><b>Processeur<\/b><\/td>\n<td>NVIDIA Jetson Orin NX 16 Go<\/td>\n<\/tr>\n<tr>\n<td><b>Performances de l&#039;IA<\/b><\/td>\n<td>100 TOPS<\/td>\n<\/tr>\n<tr>\n<td><b>Vitesse maximale<\/b><\/td>\n<td>Jusqu&#039;\u00e0 3 m\/s<\/td>\n<\/tr>\n<tr>\n<td><b>Charge utile maximale<\/b><\/td>\n<td>10 kg (en mouvement)<\/td>\n<\/tr>\n<tr>\n<td><b>Hauteur de saut maximale<\/b><\/td>\n<td>20 cm<\/td>\n<\/tr>\n<tr>\n<td><b>Contr\u00f4le\/API<\/b><\/td>\n<td>ROS 2, API Full Link, interface moteur<\/td>\n<\/tr>\n<tr>\n<td><b>Pouvoir<\/b><\/td>\n<td>Batteries rempla\u00e7ables \u00e0 chaud (2 unit\u00e9s)<\/td>\n<\/tr>\n<tr>\n<td><b>Construction<\/b><\/td>\n<td>alliage de magn\u00e9sium<\/td>\n<\/tr>\n<\/tbody>\n<\/table>\n<p><span class=\"citation-69 citation-end-69\">TITA est une plateforme fiable et puissante, un excellent choix pour les applications d&#039;exploration, de recherche, d&#039;automatisation intelligente et pour tout sc\u00e9nario exigeant une mobilit\u00e9 \u00e9lev\u00e9e et une prise de d\u00e9cision autonome dans des environnements difficiles.<\/span><\/p>","protected":false},"excerpt":{"rendered":"<p><span class=\"citation-80\">Le <\/span><b><span class=\"citation-80\">TITA<\/span><\/b><span class=\"citation-80\"> Ce robot est r\u00e9volutionnaire. <\/span><b><span class=\"citation-80\">plateforme robotique bip\u00e8de \u00e0 roues<\/span><\/b><span class=\"citation-80\"> qui int\u00e8gre parfaitement le <\/span><b><span class=\"citation-80\">la vitesse et l&#039;agilit\u00e9 d&#039;un robot \u00e0 roues, combin\u00e9es \u00e0 l&#039;adaptabilit\u00e9 sup\u00e9rieure d&#039;un robot \u00e0 pattes.<\/span><\/b><span class=\"citation-80 citation-end-80\">.<\/span> <span class=\"citation-79\">Tirant parti de la technologie exclusive de Direct Drive Tech <\/span><b><span class=\"citation-79\">modules d&#039;articulation \u00e0 entra\u00eenement quasi direct<\/span><\/b><span class=\"citation-79 citation-end-79\">TITA est con\u00e7u pour une mobilit\u00e9 haute performance et un fonctionnement autonome dans des environnements complexes et accident\u00e9s.<\/span><\/p>","protected":false},"featured_media":22742,"comment_status":"open","ping_status":"closed","template":"","meta":[],"product_brand":[1245],"product_cat":[1241,1242,1243,1037],"product_tag":[1246,1247,1248],"class_list":{"0":"post-22735","1":"product","2":"type-product","3":"status-publish","4":"has-post-thumbnail","6":"product_brand-direct-drive-tech","7":"product_cat-bipedal","8":"product_cat-direct-drive-tech","9":"product_cat-direct-drive-tech-robots","10":"product_cat-robotics","11":"product_tag-direct-drive-tech","12":"product_tag-tita","13":"product_tag-wheeled-bipedal-robot","15":"first","16":"onbackorder","17":"taxable","18":"shipping-taxable","19":"product-type-simple"},"yoast_head":"<!-- This site is optimized with the Yoast SEO plugin v27.4 - https:\/\/yoast.com\/product\/yoast-seo-wordpress\/ -->\n<title>TITA Wheeled Bipedal Robot - Ghostysky<\/title>\n<meta name=\"description\" content=\"The TITA robot is a groundbreaking wheeled bipedal robotic platform that seamlessly integrates the speed and agility of a wheeled robot with the superior adaptability of a legged robot. Leveraging Direct Drive Tech&#039;s proprietary quasi-direct drive joint modules, TITA is engineered for high-performance mobility and autonomous operation in complex and uneven environments.\" \/>\n<meta name=\"robots\" content=\"index, follow, max-snippet:-1, max-image-preview:large, max-video-preview:-1\" \/>\n<link rel=\"canonical\" href=\"https:\/\/www.ghostysky.com\/fr\/product\/tita-wheeled-bipedal-robot\/\" \/>\n<meta property=\"og:locale\" content=\"fr_FR\" \/>\n<meta property=\"og:type\" content=\"article\" \/>\n<meta property=\"og:title\" content=\"TITA Wheeled Bipedal Robot - Ghostysky\" \/>\n<meta property=\"og:description\" content=\"The TITA robot is a groundbreaking wheeled bipedal robotic platform that seamlessly integrates the speed and agility of a wheeled robot with the superior adaptability of a legged robot. Leveraging Direct Drive Tech&#039;s proprietary quasi-direct drive joint modules, TITA is engineered for high-performance mobility and autonomous operation in complex and uneven environments.\" \/>\n<meta property=\"og:url\" content=\"https:\/\/www.ghostysky.com\/fr\/product\/tita-wheeled-bipedal-robot\/\" \/>\n<meta property=\"og:site_name\" content=\"Ghostysky\" \/>\n<meta property=\"article:publisher\" content=\"https:\/\/www.facebook.com\/people\/Ghostysky\/100057676170234\/\" \/>\n<meta property=\"article:modified_time\" content=\"2025-11-02T09:19:30+00:00\" \/>\n<meta property=\"og:image\" content=\"https:\/\/www.ghostysky.com\/wp-content\/uploads\/2025\/11\/GH_DDT_Tita_1.webp\" \/>\n\t<meta property=\"og:image:width\" content=\"800\" \/>\n\t<meta property=\"og:image:height\" content=\"800\" \/>\n\t<meta property=\"og:image:type\" content=\"image\/webp\" \/>\n<meta name=\"twitter:card\" content=\"summary_large_image\" \/>\n<meta name=\"twitter:site\" content=\"@Gh0stysky\" \/>\n<meta name=\"twitter:label1\" content=\"Dur\u00e9e de lecture estim\u00e9e\" \/>\n\t<meta name=\"twitter:data1\" content=\"2 minutes\" \/>\n<script type=\"application\/ld+json\" class=\"yoast-schema-graph\">{\"@context\":\"https:\\\/\\\/schema.org\",\"@graph\":[{\"@type\":\"WebPage\",\"@id\":\"https:\\\/\\\/www.ghostysky.com\\\/product\\\/tita-wheeled-bipedal-robot\\\/\",\"url\":\"https:\\\/\\\/www.ghostysky.com\\\/product\\\/tita-wheeled-bipedal-robot\\\/\",\"name\":\"TITA Wheeled Bipedal Robot - Ghostysky\",\"isPartOf\":{\"@id\":\"https:\\\/\\\/www.ghostysky.com\\\/#website\"},\"primaryImageOfPage\":{\"@id\":\"https:\\\/\\\/www.ghostysky.com\\\/product\\\/tita-wheeled-bipedal-robot\\\/#primaryimage\"},\"image\":{\"@id\":\"https:\\\/\\\/www.ghostysky.com\\\/product\\\/tita-wheeled-bipedal-robot\\\/#primaryimage\"},\"thumbnailUrl\":\"https:\\\/\\\/www.ghostysky.com\\\/wp-content\\\/uploads\\\/2025\\\/11\\\/GH_DDT_Tita_1.webp\",\"datePublished\":\"2025-11-02T09:12:49+00:00\",\"dateModified\":\"2025-11-02T09:19:30+00:00\",\"description\":\"The TITA robot is a groundbreaking wheeled bipedal robotic platform that seamlessly integrates the speed and agility of a wheeled robot with the superior adaptability of a legged robot. Leveraging Direct Drive Tech's proprietary quasi-direct drive joint modules, TITA is engineered for high-performance mobility and autonomous operation in complex and uneven environments.\",\"breadcrumb\":{\"@id\":\"https:\\\/\\\/www.ghostysky.com\\\/product\\\/tita-wheeled-bipedal-robot\\\/#breadcrumb\"},\"inLanguage\":\"fr-FR\",\"potentialAction\":[{\"@type\":\"ReadAction\",\"target\":[\"https:\\\/\\\/www.ghostysky.com\\\/product\\\/tita-wheeled-bipedal-robot\\\/\"]}]},{\"@type\":\"ImageObject\",\"inLanguage\":\"fr-FR\",\"@id\":\"https:\\\/\\\/www.ghostysky.com\\\/product\\\/tita-wheeled-bipedal-robot\\\/#primaryimage\",\"url\":\"https:\\\/\\\/www.ghostysky.com\\\/wp-content\\\/uploads\\\/2025\\\/11\\\/GH_DDT_Tita_1.webp\",\"contentUrl\":\"https:\\\/\\\/www.ghostysky.com\\\/wp-content\\\/uploads\\\/2025\\\/11\\\/GH_DDT_Tita_1.webp\",\"width\":800,\"height\":800},{\"@type\":\"BreadcrumbList\",\"@id\":\"https:\\\/\\\/www.ghostysky.com\\\/product\\\/tita-wheeled-bipedal-robot\\\/#breadcrumb\",\"itemListElement\":[{\"@type\":\"ListItem\",\"position\":1,\"name\":\"Home\",\"item\":\"https:\\\/\\\/www.ghostysky.com\\\/\"},{\"@type\":\"ListItem\",\"position\":2,\"name\":\"Shop\",\"item\":\"https:\\\/\\\/www.ghostysky.com\\\/shop\\\/\"},{\"@type\":\"ListItem\",\"position\":3,\"name\":\"TITA Wheeled Bipedal Robot\"}]},{\"@type\":\"WebSite\",\"@id\":\"https:\\\/\\\/www.ghostysky.com\\\/#website\",\"url\":\"https:\\\/\\\/www.ghostysky.com\\\/\",\"name\":\"Ghostysky\",\"description\":\"Delivering professional drones and robotics solutions\",\"publisher\":{\"@id\":\"https:\\\/\\\/www.ghostysky.com\\\/#organization\"},\"potentialAction\":[{\"@type\":\"SearchAction\",\"target\":{\"@type\":\"EntryPoint\",\"urlTemplate\":\"https:\\\/\\\/www.ghostysky.com\\\/?s={search_term_string}\"},\"query-input\":{\"@type\":\"PropertyValueSpecification\",\"valueRequired\":true,\"valueName\":\"search_term_string\"}}],\"inLanguage\":\"fr-FR\"},{\"@type\":\"Organization\",\"@id\":\"https:\\\/\\\/www.ghostysky.com\\\/#organization\",\"name\":\"Ghostysky\",\"url\":\"https:\\\/\\\/www.ghostysky.com\\\/\",\"logo\":{\"@type\":\"ImageObject\",\"inLanguage\":\"fr-FR\",\"@id\":\"https:\\\/\\\/www.ghostysky.com\\\/#\\\/schema\\\/logo\\\/image\\\/\",\"url\":\"https:\\\/\\\/www.ghostysky.com\\\/wp-content\\\/uploads\\\/2020\\\/06\\\/cropped-ghostyskylogo_text_white2.png\",\"contentUrl\":\"https:\\\/\\\/www.ghostysky.com\\\/wp-content\\\/uploads\\\/2020\\\/06\\\/cropped-ghostyskylogo_text_white2.png\",\"width\":169,\"height\":56,\"caption\":\"Ghostysky\"},\"image\":{\"@id\":\"https:\\\/\\\/www.ghostysky.com\\\/#\\\/schema\\\/logo\\\/image\\\/\"},\"sameAs\":[\"https:\\\/\\\/www.facebook.com\\\/people\\\/Ghostysky\\\/100057676170234\\\/\",\"https:\\\/\\\/x.com\\\/Gh0stysky\",\"https:\\\/\\\/www.linkedin.com\\\/company\\\/34739653\",\"https:\\\/\\\/www.instagram.com\\\/gh0stysky\"]}]}<\/script>\n<!-- \/ Yoast SEO plugin. -->","yoast_head_json":{"title":"Robot bip\u00e8de \u00e0 roues TITA - Ghostysky","description":"Le robot TITA est une plateforme robotique bip\u00e8de \u00e0 roues r\u00e9volutionnaire qui combine harmonieusement la vitesse et l&#039;agilit\u00e9 d&#039;un robot \u00e0 roues avec l&#039;adaptabilit\u00e9 sup\u00e9rieure d&#039;un robot \u00e0 pattes. Gr\u00e2ce aux modules d&#039;articulation quasi-directs exclusifs de Direct Drive Tech, TITA est con\u00e7u pour une mobilit\u00e9 haute performance et un fonctionnement autonome dans des environnements complexes et accident\u00e9s.","robots":{"index":"index","follow":"follow","max-snippet":"max-snippet:-1","max-image-preview":"max-image-preview:large","max-video-preview":"max-video-preview:-1"},"canonical":"https:\/\/www.ghostysky.com\/fr\/product\/tita-wheeled-bipedal-robot\/","og_locale":"fr_FR","og_type":"article","og_title":"TITA Wheeled Bipedal Robot - Ghostysky","og_description":"The TITA robot is a groundbreaking wheeled bipedal robotic platform that seamlessly integrates the speed and agility of a wheeled robot with the superior adaptability of a legged robot. Leveraging Direct Drive Tech's proprietary quasi-direct drive joint modules, TITA is engineered for high-performance mobility and autonomous operation in complex and uneven environments.","og_url":"https:\/\/www.ghostysky.com\/fr\/product\/tita-wheeled-bipedal-robot\/","og_site_name":"Ghostysky","article_publisher":"https:\/\/www.facebook.com\/people\/Ghostysky\/100057676170234\/","article_modified_time":"2025-11-02T09:19:30+00:00","og_image":[{"width":800,"height":800,"url":"https:\/\/www.ghostysky.com\/wp-content\/uploads\/2025\/11\/GH_DDT_Tita_1.webp","type":"image\/webp"}],"twitter_card":"summary_large_image","twitter_site":"@Gh0stysky","twitter_misc":{"Dur\u00e9e de lecture estim\u00e9e":"2 minutes"},"schema":{"@context":"https:\/\/schema.org","@graph":[{"@type":"WebPage","@id":"https:\/\/www.ghostysky.com\/product\/tita-wheeled-bipedal-robot\/","url":"https:\/\/www.ghostysky.com\/product\/tita-wheeled-bipedal-robot\/","name":"Robot bip\u00e8de \u00e0 roues TITA - Ghostysky","isPartOf":{"@id":"https:\/\/www.ghostysky.com\/#website"},"primaryImageOfPage":{"@id":"https:\/\/www.ghostysky.com\/product\/tita-wheeled-bipedal-robot\/#primaryimage"},"image":{"@id":"https:\/\/www.ghostysky.com\/product\/tita-wheeled-bipedal-robot\/#primaryimage"},"thumbnailUrl":"https:\/\/www.ghostysky.com\/wp-content\/uploads\/2025\/11\/GH_DDT_Tita_1.webp","datePublished":"2025-11-02T09:12:49+00:00","dateModified":"2025-11-02T09:19:30+00:00","description":"Le robot TITA est une plateforme robotique bip\u00e8de \u00e0 roues r\u00e9volutionnaire qui combine harmonieusement la vitesse et l&#039;agilit\u00e9 d&#039;un robot \u00e0 roues avec l&#039;adaptabilit\u00e9 sup\u00e9rieure d&#039;un robot \u00e0 pattes. Gr\u00e2ce aux modules d&#039;articulation quasi-directs exclusifs de Direct Drive Tech, TITA est con\u00e7u pour une mobilit\u00e9 haute performance et un fonctionnement autonome dans des environnements complexes et accident\u00e9s.","breadcrumb":{"@id":"https:\/\/www.ghostysky.com\/product\/tita-wheeled-bipedal-robot\/#breadcrumb"},"inLanguage":"fr-FR","potentialAction":[{"@type":"ReadAction","target":["https:\/\/www.ghostysky.com\/product\/tita-wheeled-bipedal-robot\/"]}]},{"@type":"ImageObject","inLanguage":"fr-FR","@id":"https:\/\/www.ghostysky.com\/product\/tita-wheeled-bipedal-robot\/#primaryimage","url":"https:\/\/www.ghostysky.com\/wp-content\/uploads\/2025\/11\/GH_DDT_Tita_1.webp","contentUrl":"https:\/\/www.ghostysky.com\/wp-content\/uploads\/2025\/11\/GH_DDT_Tita_1.webp","width":800,"height":800},{"@type":"BreadcrumbList","@id":"https:\/\/www.ghostysky.com\/product\/tita-wheeled-bipedal-robot\/#breadcrumb","itemListElement":[{"@type":"ListItem","position":1,"name":"Home","item":"https:\/\/www.ghostysky.com\/"},{"@type":"ListItem","position":2,"name":"Shop","item":"https:\/\/www.ghostysky.com\/shop\/"},{"@type":"ListItem","position":3,"name":"TITA Wheeled Bipedal Robot"}]},{"@type":"WebSite","@id":"https:\/\/www.ghostysky.com\/#website","url":"https:\/\/www.ghostysky.com\/","name":"Ghostysky","description":"Fourniture de solutions professionnelles en mati\u00e8re de drones et de robotique","publisher":{"@id":"https:\/\/www.ghostysky.com\/#organization"},"potentialAction":[{"@type":"SearchAction","target":{"@type":"EntryPoint","urlTemplate":"https:\/\/www.ghostysky.com\/?s={search_term_string}"},"query-input":{"@type":"PropertyValueSpecification","valueRequired":true,"valueName":"search_term_string"}}],"inLanguage":"fr-FR"},{"@type":"Organization","@id":"https:\/\/www.ghostysky.com\/#organization","name":"Ghostysky","url":"https:\/\/www.ghostysky.com\/","logo":{"@type":"ImageObject","inLanguage":"fr-FR","@id":"https:\/\/www.ghostysky.com\/#\/schema\/logo\/image\/","url":"https:\/\/www.ghostysky.com\/wp-content\/uploads\/2020\/06\/cropped-ghostyskylogo_text_white2.png","contentUrl":"https:\/\/www.ghostysky.com\/wp-content\/uploads\/2020\/06\/cropped-ghostyskylogo_text_white2.png","width":169,"height":56,"caption":"Ghostysky"},"image":{"@id":"https:\/\/www.ghostysky.com\/#\/schema\/logo\/image\/"},"sameAs":["https:\/\/www.facebook.com\/people\/Ghostysky\/100057676170234\/","https:\/\/x.com\/Gh0stysky","https:\/\/www.linkedin.com\/company\/34739653","https:\/\/www.instagram.com\/gh0stysky"]}]}},"_links":{"self":[{"href":"https:\/\/www.ghostysky.com\/fr\/wp-json\/wp\/v2\/product\/22735","targetHints":{"allow":["GET"]}}],"collection":[{"href":"https:\/\/www.ghostysky.com\/fr\/wp-json\/wp\/v2\/product"}],"about":[{"href":"https:\/\/www.ghostysky.com\/fr\/wp-json\/wp\/v2\/types\/product"}],"replies":[{"embeddable":true,"href":"https:\/\/www.ghostysky.com\/fr\/wp-json\/wp\/v2\/comments?post=22735"}],"version-history":[{"count":0,"href":"https:\/\/www.ghostysky.com\/fr\/wp-json\/wp\/v2\/product\/22735\/revisions"}],"wp:featuredmedia":[{"embeddable":true,"href":"https:\/\/www.ghostysky.com\/fr\/wp-json\/wp\/v2\/media\/22742"}],"wp:attachment":[{"href":"https:\/\/www.ghostysky.com\/fr\/wp-json\/wp\/v2\/media?parent=22735"}],"wp:term":[{"taxonomy":"product_brand","embeddable":true,"href":"https:\/\/www.ghostysky.com\/fr\/wp-json\/wp\/v2\/product_brand?post=22735"},{"taxonomy":"product_cat","embeddable":true,"href":"https:\/\/www.ghostysky.com\/fr\/wp-json\/wp\/v2\/product_cat?post=22735"},{"taxonomy":"product_tag","embeddable":true,"href":"https:\/\/www.ghostysky.com\/fr\/wp-json\/wp\/v2\/product_tag?post=22735"}],"curies":[{"name":"wp","href":"https:\/\/api.w.org\/{rel}","templated":true}]}}