{"id":22769,"date":"2025-11-02T09:38:45","date_gmt":"2025-11-02T09:38:45","guid":{"rendered":"https:\/\/www.ghostysky.com\/?post_type=product&#038;p=22769"},"modified":"2025-11-02T09:39:15","modified_gmt":"2025-11-02T09:39:15","slug":"leopard-imaging-li-ar0234cs-stereo-gmsl2-30","status":"publish","type":"product","link":"https:\/\/www.ghostysky.com\/fr\/product\/leopard-imaging-li-ar0234cs-stereo-gmsl2-30\/","title":{"rendered":"Leopard Imaging LI-AR0234CS-STEREO-GMSL2-30"},"content":{"rendered":"<h4>\ud83c\udf1f Caract\u00e9ristiques et technologies cl\u00e9s<\/h4>\n<ul>\n<li><b>D\u00e9tection de profondeur st\u00e9r\u00e9o :<\/b> Ce module est \u00e9quip\u00e9 de <b>deux<\/b> des cam\u00e9ras synchronis\u00e9es pour capturer des images st\u00e9r\u00e9oscopiques, permettant une perception de la profondeur 3D de haute pr\u00e9cision gr\u00e2ce \u00e0 la technologie de d\u00e9tection de profondeur st\u00e9r\u00e9o neuronale.<\/li>\n<li><b>Capteur haute performance\u00a0:<\/b><span class=\"citation-121\"> Il utilise <\/span><b><span class=\"citation-121\">deux capteurs d&#039;image num\u00e9riques CMOS 2,3 MP ON Semiconductor (AR0234CS)<\/span><\/b><span class=\"citation-121 citation-end-121\">, chacune offrant une r\u00e9solution de 1920 x 1200 pixels.\u00a0 <span style=\"font-size: 13.3333px;\">\u00a0<\/span><\/span><\/li>\n<li><b>Obturateur global :<\/b> Caract\u00e9ristiques <b>Obturateur global<\/b> Cette technologie permet de capturer l&#039;int\u00e9gralit\u00e9 de l&#039;image simultan\u00e9ment. Elle est essentielle pour \u00e9liminer le flou de mouvement et la distorsion lors de la prise de vue d&#039;objets en mouvement rapide, garantissant ainsi une grande pr\u00e9cision pour les t\u00e2ches de perception.<\/li>\n<li><b>Interface GMSL2\u00a0:<\/b><span class=\"citation-119\"> Il utilise le <\/span><b><span class=\"citation-119\">Maxim GMSL2 (Gigabit Multimedia Serial Link 2)<\/span><\/b><span class=\"citation-119\"> s\u00e9rialiseur, qui permet <\/span><b><span class=\"citation-119\">vid\u00e9o haute vitesse, donn\u00e9es de contr\u00f4le et alimentation par c\u00e2ble (PoC)<\/span><\/b><span class=\"citation-119 citation-end-119\"> transmission sur un seul c\u00e2ble coaxial longue distance (jusqu&#039;\u00e0 12 m\u00e8tres est courant).<\/span><\/li>\n<li><b><span class=\"citation-118\">IMU int\u00e9gr\u00e9 :<\/span><\/b><span class=\"citation-118\"> UN <\/span><b><span class=\"citation-118\">Centrale inertielle (IMU) \u00e0 6 axes<\/span><\/b><span class=\"citation-118 citation-end-118\"> est int\u00e9gr\u00e9 (BMI088), offrant une conscience spatiale et positionnelle am\u00e9lior\u00e9e essentielle pour la robotique et la navigation autonome (SLAM).<\/span>\n<div class=\"source-inline-chip-container ng-star-inserted\"><\/div>\n<p>&nbsp;<\/li>\n<\/ul>\n<hr \/>\n<p>&nbsp;<\/p>\n<h4>\ud83d\udcd0 Sp\u00e9cifications principales<\/h4>\n<p>&nbsp;<\/p>\n<table>\n<thead>\n<tr>\n<td><strong>Sp\u00e9cification<\/strong><\/td>\n<td><strong>Valeur<\/strong><\/td>\n<\/tr>\n<\/thead>\n<tbody>\n<tr>\n<td><b>Capteur (Qt\u00e9)<\/b><\/td>\n<td>2 x ON Semiconductor AR0234CS<\/td>\n<\/tr>\n<tr>\n<td><b>R\u00e9solution (par capteur)<\/b><\/td>\n<td><span class=\"math-inline\" data-math=\"1920 \\times 1200\">1920 x 1200 <\/span>(Pixels actifs)<\/td>\n<\/tr>\n<tr>\n<td><b>Type d&#039;obturateur<\/b><\/td>\n<td>Obturateur global<\/td>\n<\/tr>\n<tr>\n<td><b>Fr\u00e9quence d&#039;images<\/b><\/td>\n<td>60 images\/seconde \u00e0 <span class=\"math-inline\" data-math=\"1920 \\times 1200\">1920 x 1200<\/span>(Sortie RAW c\u00f4te \u00e0 c\u00f4te)<\/td>\n<\/tr>\n<tr>\n<td><b>Champ de vision (FOV)<\/b><\/td>\n<td><span class=\"math-inline\" data-math=\"121.5^{\\circ}\">$121,5\u00ba<\/span> (Horizontal) \/ <span class=\"math-inline\" data-math=\"147.5^{\\circ}\">147,5\u00ba <\/span>(Diagonale)<\/td>\n<\/tr>\n<tr>\n<td><b>Ligne de base<\/b><\/td>\n<td>150 mm<\/td>\n<\/tr>\n<tr>\n<td><b>Plage de profondeur recommand\u00e9e<\/b><\/td>\n<td><span class=\"math-inline\" data-math=\"1.0 \\text{ m} \\sim 8.0 \\text{ m}\">$1,0 m ~ 8,0 m <\/span>(jusqu&#039;\u00e0 <span class=\"math-inline\" data-math=\"20 \\text{ m}\">20 m<\/span>\u00a0(avec une pr\u00e9cision r\u00e9duite)<\/td>\n<\/tr>\n<tr>\n<td><b>R\u00e9p\u00e9tabilit\u00e9 (pr\u00e9cision Z)<\/b><\/td>\n<td><span class=\"math-inline\" data-math=\"\\pm 2\\%\">+- 2%<\/span> \u00e0 <span class=\"math-inline\" data-math=\"6 \\text{ m}\">6 m <\/span>distance<\/td>\n<\/tr>\n<tr>\n<td><b>Indice de protection (IP)<\/b><\/td>\n<td>IP65 (R\u00e9sistance \u00e0 l&#039;eau, \u00e0 la poussi\u00e8re et \u00e0 l&#039;humidit\u00e9)<\/td>\n<\/tr>\n<\/tbody>\n<\/table>\n<hr \/>\n<p>&nbsp;<\/p>\n<h4>\ud83d\udca1 Applications id\u00e9ales<\/h4>\n<p>Cette cam\u00e9ra est une solution robuste pour les projets de pointe n\u00e9cessitant une perception 3D haute vitesse et haute pr\u00e9cision dans des environnements difficiles\u00a0:<\/p>\n<ul>\n<li><b><span class=\"citation-117\">Syst\u00e8mes autonomes\u00a0:<\/span><\/b><span class=\"citation-117 citation-end-117\"> ADAS, robots mobiles autonomes (AMR) et v\u00e9hicules \u00e0 guidage automatique (AGV).<\/span><\/li>\n<li><b><span class=\"citation-116\">Industriel:<\/span><\/b><span class=\"citation-116 citation-end-116\"> Vision industrielle, num\u00e9risation 3D et suivi de position.<\/span><\/li>\n<li><b>R\u00e9alit\u00e9 \u00e9tendue (XR)\u00a0:<\/b><span class=\"citation-115 citation-end-115\"> Applications de r\u00e9alit\u00e9 augment\u00e9e (RA) et de r\u00e9alit\u00e9 virtuelle (RV).<\/span><\/li>\n<\/ul>\n<p><span class=\"citation-114\">Le LI-AR0234CS-STEREO-GMSL2-30 est un outil puissant compatible avec les plateformes embarqu\u00e9es telles que <\/span><b><span class=\"citation-114\">NVIDIA Jetson AGX Xavier\/Orin<\/span><\/b><span class=\"citation-114 citation-end-114\">, offrant une solution compl\u00e8te pour le d\u00e9veloppement avanc\u00e9 de la vision par ordinateur.<\/span><\/p>","protected":false},"excerpt":{"rendered":"<p>Le <b>Leopard Imaging LI-AR0234CS-STEREO-GMSL2-30<\/b>, \u00e9galement connu sous le nom de <b>FAUCON<\/b>, est un produit professionnel haute performance <b>module de cam\u00e9ra de profondeur st\u00e9r\u00e9o 3D<\/b> Con\u00e7u pour les applications de vision par ordinateur exigeantes dans les secteurs de l&#039;automobile, de la robotique et de l&#039;automatisation industrielle.<\/p>","protected":false},"featured_media":22772,"comment_status":"open","ping_status":"closed","template":"","meta":[],"product_brand":[1245],"product_cat":[1241,1244,1037],"product_tag":[1249,1246,1250,1251,1247],"class_list":{"0":"post-22769","1":"product","2":"type-product","3":"status-publish","4":"has-post-thumbnail","6":"product_brand-direct-drive-tech","7":"product_cat-bipedal","8":"product_cat-direct-drive-tech-accessories","9":"product_cat-robotics","10":"product_tag-diablo","11":"product_tag-direct-drive-tech","12":"product_tag-leopard-imaging","13":"product_tag-li-ar0234cs-stereo-gmsl2-30","14":"product_tag-tita","16":"first","17":"onbackorder","18":"taxable","19":"shipping-taxable","20":"product-type-simple"},"yoast_head":"<!-- This site is optimized with the Yoast SEO plugin v27.1.1 - https:\/\/yoast.com\/product\/yoast-seo-wordpress\/ -->\n<title>Leopard Imaging LI-AR0234CS-STEREO-GMSL2-30 - Ghostysky<\/title>\n<meta name=\"description\" content=\"The Leopard Imaging LI-AR0234CS-STEREO-GMSL2-30, also known as HAWK, is a professional-grade, high-performance 3D stereo depth camera module designed for demanding computer vision applications in automotive, robotics, and industrial automation.\" \/>\n<meta name=\"robots\" content=\"index, follow, max-snippet:-1, max-image-preview:large, max-video-preview:-1\" \/>\n<link rel=\"canonical\" href=\"https:\/\/www.ghostysky.com\/fr\/product\/leopard-imaging-li-ar0234cs-stereo-gmsl2-30\/\" \/>\n<meta property=\"og:locale\" content=\"fr_FR\" \/>\n<meta property=\"og:type\" content=\"article\" \/>\n<meta property=\"og:title\" content=\"Leopard Imaging LI-AR0234CS-STEREO-GMSL2-30 - Ghostysky\" \/>\n<meta property=\"og:description\" content=\"The Leopard Imaging LI-AR0234CS-STEREO-GMSL2-30, also known as HAWK, is a professional-grade, high-performance 3D stereo depth camera module designed for demanding computer vision applications in automotive, robotics, and industrial automation.\" \/>\n<meta property=\"og:url\" content=\"https:\/\/www.ghostysky.com\/fr\/product\/leopard-imaging-li-ar0234cs-stereo-gmsl2-30\/\" \/>\n<meta property=\"og:site_name\" content=\"Ghostysky\" \/>\n<meta property=\"article:publisher\" content=\"https:\/\/www.facebook.com\/people\/Ghostysky\/100057676170234\/\" \/>\n<meta property=\"article:modified_time\" content=\"2025-11-02T09:39:15+00:00\" \/>\n<meta property=\"og:image\" content=\"https:\/\/www.ghostysky.com\/wp-content\/uploads\/2025\/11\/GH_DDT_Leopard_imaging_1.webp\" \/>\n\t<meta property=\"og:image:width\" content=\"800\" \/>\n\t<meta property=\"og:image:height\" content=\"449\" \/>\n\t<meta property=\"og:image:type\" content=\"image\/webp\" \/>\n<meta name=\"twitter:card\" content=\"summary_large_image\" \/>\n<meta name=\"twitter:site\" content=\"@Gh0stysky\" \/>\n<meta name=\"twitter:label1\" content=\"Dur\u00e9e de lecture estim\u00e9e\" \/>\n\t<meta name=\"twitter:data1\" content=\"2 minutes\" \/>\n<script type=\"application\/ld+json\" class=\"yoast-schema-graph\">{\"@context\":\"https:\/\/schema.org\",\"@graph\":[{\"@type\":\"WebPage\",\"@id\":\"https:\/\/www.ghostysky.com\/product\/leopard-imaging-li-ar0234cs-stereo-gmsl2-30\/\",\"url\":\"https:\/\/www.ghostysky.com\/product\/leopard-imaging-li-ar0234cs-stereo-gmsl2-30\/\",\"name\":\"Leopard Imaging LI-AR0234CS-STEREO-GMSL2-30 - Ghostysky\",\"isPartOf\":{\"@id\":\"https:\/\/www.ghostysky.com\/#website\"},\"primaryImageOfPage\":{\"@id\":\"https:\/\/www.ghostysky.com\/product\/leopard-imaging-li-ar0234cs-stereo-gmsl2-30\/#primaryimage\"},\"image\":{\"@id\":\"https:\/\/www.ghostysky.com\/product\/leopard-imaging-li-ar0234cs-stereo-gmsl2-30\/#primaryimage\"},\"thumbnailUrl\":\"https:\/\/www.ghostysky.com\/wp-content\/uploads\/2025\/11\/GH_DDT_Leopard_imaging_1.webp\",\"datePublished\":\"2025-11-02T09:38:45+00:00\",\"dateModified\":\"2025-11-02T09:39:15+00:00\",\"description\":\"The Leopard Imaging LI-AR0234CS-STEREO-GMSL2-30, also known as HAWK, is a professional-grade, high-performance 3D stereo depth camera module designed for demanding computer vision applications in automotive, robotics, and industrial automation.\",\"breadcrumb\":{\"@id\":\"https:\/\/www.ghostysky.com\/product\/leopard-imaging-li-ar0234cs-stereo-gmsl2-30\/#breadcrumb\"},\"inLanguage\":\"fr-FR\",\"potentialAction\":[{\"@type\":\"ReadAction\",\"target\":[\"https:\/\/www.ghostysky.com\/product\/leopard-imaging-li-ar0234cs-stereo-gmsl2-30\/\"]}]},{\"@type\":\"ImageObject\",\"inLanguage\":\"fr-FR\",\"@id\":\"https:\/\/www.ghostysky.com\/product\/leopard-imaging-li-ar0234cs-stereo-gmsl2-30\/#primaryimage\",\"url\":\"https:\/\/www.ghostysky.com\/wp-content\/uploads\/2025\/11\/GH_DDT_Leopard_imaging_1.webp\",\"contentUrl\":\"https:\/\/www.ghostysky.com\/wp-content\/uploads\/2025\/11\/GH_DDT_Leopard_imaging_1.webp\",\"width\":800,\"height\":449},{\"@type\":\"BreadcrumbList\",\"@id\":\"https:\/\/www.ghostysky.com\/product\/leopard-imaging-li-ar0234cs-stereo-gmsl2-30\/#breadcrumb\",\"itemListElement\":[{\"@type\":\"ListItem\",\"position\":1,\"name\":\"Home\",\"item\":\"https:\/\/www.ghostysky.com\/\"},{\"@type\":\"ListItem\",\"position\":2,\"name\":\"Shop\",\"item\":\"https:\/\/www.ghostysky.com\/shop\/\"},{\"@type\":\"ListItem\",\"position\":3,\"name\":\"Leopard Imaging LI-AR0234CS-STEREO-GMSL2-30\"}]},{\"@type\":\"WebSite\",\"@id\":\"https:\/\/www.ghostysky.com\/#website\",\"url\":\"https:\/\/www.ghostysky.com\/\",\"name\":\"Ghostysky\",\"description\":\"Delivering professional drones and services\",\"publisher\":{\"@id\":\"https:\/\/www.ghostysky.com\/#organization\"},\"potentialAction\":[{\"@type\":\"SearchAction\",\"target\":{\"@type\":\"EntryPoint\",\"urlTemplate\":\"https:\/\/www.ghostysky.com\/?s={search_term_string}\"},\"query-input\":{\"@type\":\"PropertyValueSpecification\",\"valueRequired\":true,\"valueName\":\"search_term_string\"}}],\"inLanguage\":\"fr-FR\"},{\"@type\":\"Organization\",\"@id\":\"https:\/\/www.ghostysky.com\/#organization\",\"name\":\"Ghostysky\",\"url\":\"https:\/\/www.ghostysky.com\/\",\"logo\":{\"@type\":\"ImageObject\",\"inLanguage\":\"fr-FR\",\"@id\":\"https:\/\/www.ghostysky.com\/#\/schema\/logo\/image\/\",\"url\":\"https:\/\/www.ghostysky.com\/wp-content\/uploads\/2020\/06\/cropped-ghostyskylogo_text_white2.png\",\"contentUrl\":\"https:\/\/www.ghostysky.com\/wp-content\/uploads\/2020\/06\/cropped-ghostyskylogo_text_white2.png\",\"width\":169,\"height\":56,\"caption\":\"Ghostysky\"},\"image\":{\"@id\":\"https:\/\/www.ghostysky.com\/#\/schema\/logo\/image\/\"},\"sameAs\":[\"https:\/\/www.facebook.com\/people\/Ghostysky\/100057676170234\/\",\"https:\/\/x.com\/Gh0stysky\",\"https:\/\/www.linkedin.com\/company\/34739653\",\"https:\/\/www.instagram.com\/gh0stysky\"]}]}<\/script>\n<!-- \/ Yoast SEO plugin. -->","yoast_head_json":{"title":"Leopard Imaging LI-AR0234CS-STEREO-GMSL2-30 - Ghostysky","description":"Le Leopard Imaging LI-AR0234CS-STEREO-GMSL2-30, \u00e9galement connu sous le nom de HAWK, est un module de cam\u00e9ra de profondeur st\u00e9r\u00e9o 3D de qualit\u00e9 professionnelle et haute performance con\u00e7u pour les applications de vision par ordinateur exigeantes dans les secteurs de l&#039;automobile, de la robotique et de l&#039;automatisation industrielle.","robots":{"index":"index","follow":"follow","max-snippet":"max-snippet:-1","max-image-preview":"max-image-preview:large","max-video-preview":"max-video-preview:-1"},"canonical":"https:\/\/www.ghostysky.com\/fr\/product\/leopard-imaging-li-ar0234cs-stereo-gmsl2-30\/","og_locale":"fr_FR","og_type":"article","og_title":"Leopard Imaging LI-AR0234CS-STEREO-GMSL2-30 - Ghostysky","og_description":"The Leopard Imaging LI-AR0234CS-STEREO-GMSL2-30, also known as HAWK, is a professional-grade, high-performance 3D stereo depth camera module designed for demanding computer vision applications in automotive, robotics, and industrial automation.","og_url":"https:\/\/www.ghostysky.com\/fr\/product\/leopard-imaging-li-ar0234cs-stereo-gmsl2-30\/","og_site_name":"Ghostysky","article_publisher":"https:\/\/www.facebook.com\/people\/Ghostysky\/100057676170234\/","article_modified_time":"2025-11-02T09:39:15+00:00","og_image":[{"width":800,"height":449,"url":"https:\/\/www.ghostysky.com\/wp-content\/uploads\/2025\/11\/GH_DDT_Leopard_imaging_1.webp","type":"image\/webp"}],"twitter_card":"summary_large_image","twitter_site":"@Gh0stysky","twitter_misc":{"Dur\u00e9e de lecture estim\u00e9e":"2 minutes"},"schema":{"@context":"https:\/\/schema.org","@graph":[{"@type":"WebPage","@id":"https:\/\/www.ghostysky.com\/product\/leopard-imaging-li-ar0234cs-stereo-gmsl2-30\/","url":"https:\/\/www.ghostysky.com\/product\/leopard-imaging-li-ar0234cs-stereo-gmsl2-30\/","name":"Leopard Imaging LI-AR0234CS-STEREO-GMSL2-30 - Ghostysky","isPartOf":{"@id":"https:\/\/www.ghostysky.com\/#website"},"primaryImageOfPage":{"@id":"https:\/\/www.ghostysky.com\/product\/leopard-imaging-li-ar0234cs-stereo-gmsl2-30\/#primaryimage"},"image":{"@id":"https:\/\/www.ghostysky.com\/product\/leopard-imaging-li-ar0234cs-stereo-gmsl2-30\/#primaryimage"},"thumbnailUrl":"https:\/\/www.ghostysky.com\/wp-content\/uploads\/2025\/11\/GH_DDT_Leopard_imaging_1.webp","datePublished":"2025-11-02T09:38:45+00:00","dateModified":"2025-11-02T09:39:15+00:00","description":"Le Leopard Imaging LI-AR0234CS-STEREO-GMSL2-30, \u00e9galement connu sous le nom de HAWK, est un module de cam\u00e9ra de profondeur st\u00e9r\u00e9o 3D de qualit\u00e9 professionnelle et haute performance con\u00e7u pour les applications de vision par ordinateur exigeantes dans les secteurs de l&#039;automobile, de la robotique et de l&#039;automatisation industrielle.","breadcrumb":{"@id":"https:\/\/www.ghostysky.com\/product\/leopard-imaging-li-ar0234cs-stereo-gmsl2-30\/#breadcrumb"},"inLanguage":"fr-FR","potentialAction":[{"@type":"ReadAction","target":["https:\/\/www.ghostysky.com\/product\/leopard-imaging-li-ar0234cs-stereo-gmsl2-30\/"]}]},{"@type":"ImageObject","inLanguage":"fr-FR","@id":"https:\/\/www.ghostysky.com\/product\/leopard-imaging-li-ar0234cs-stereo-gmsl2-30\/#primaryimage","url":"https:\/\/www.ghostysky.com\/wp-content\/uploads\/2025\/11\/GH_DDT_Leopard_imaging_1.webp","contentUrl":"https:\/\/www.ghostysky.com\/wp-content\/uploads\/2025\/11\/GH_DDT_Leopard_imaging_1.webp","width":800,"height":449},{"@type":"BreadcrumbList","@id":"https:\/\/www.ghostysky.com\/product\/leopard-imaging-li-ar0234cs-stereo-gmsl2-30\/#breadcrumb","itemListElement":[{"@type":"ListItem","position":1,"name":"Home","item":"https:\/\/www.ghostysky.com\/"},{"@type":"ListItem","position":2,"name":"Shop","item":"https:\/\/www.ghostysky.com\/shop\/"},{"@type":"ListItem","position":3,"name":"Leopard Imaging LI-AR0234CS-STEREO-GMSL2-30"}]},{"@type":"WebSite","@id":"https:\/\/www.ghostysky.com\/#website","url":"https:\/\/www.ghostysky.com\/","name":"Ghostysky","description":"Livraison de drones et de services professionnels","publisher":{"@id":"https:\/\/www.ghostysky.com\/#organization"},"potentialAction":[{"@type":"SearchAction","target":{"@type":"EntryPoint","urlTemplate":"https:\/\/www.ghostysky.com\/?s={search_term_string}"},"query-input":{"@type":"PropertyValueSpecification","valueRequired":true,"valueName":"search_term_string"}}],"inLanguage":"fr-FR"},{"@type":"Organization","@id":"https:\/\/www.ghostysky.com\/#organization","name":"Ghostysky","url":"https:\/\/www.ghostysky.com\/","logo":{"@type":"ImageObject","inLanguage":"fr-FR","@id":"https:\/\/www.ghostysky.com\/#\/schema\/logo\/image\/","url":"https:\/\/www.ghostysky.com\/wp-content\/uploads\/2020\/06\/cropped-ghostyskylogo_text_white2.png","contentUrl":"https:\/\/www.ghostysky.com\/wp-content\/uploads\/2020\/06\/cropped-ghostyskylogo_text_white2.png","width":169,"height":56,"caption":"Ghostysky"},"image":{"@id":"https:\/\/www.ghostysky.com\/#\/schema\/logo\/image\/"},"sameAs":["https:\/\/www.facebook.com\/people\/Ghostysky\/100057676170234\/","https:\/\/x.com\/Gh0stysky","https:\/\/www.linkedin.com\/company\/34739653","https:\/\/www.instagram.com\/gh0stysky"]}]}},"_links":{"self":[{"href":"https:\/\/www.ghostysky.com\/fr\/wp-json\/wp\/v2\/product\/22769","targetHints":{"allow":["GET"]}}],"collection":[{"href":"https:\/\/www.ghostysky.com\/fr\/wp-json\/wp\/v2\/product"}],"about":[{"href":"https:\/\/www.ghostysky.com\/fr\/wp-json\/wp\/v2\/types\/product"}],"replies":[{"embeddable":true,"href":"https:\/\/www.ghostysky.com\/fr\/wp-json\/wp\/v2\/comments?post=22769"}],"wp:featuredmedia":[{"embeddable":true,"href":"https:\/\/www.ghostysky.com\/fr\/wp-json\/wp\/v2\/media\/22772"}],"wp:attachment":[{"href":"https:\/\/www.ghostysky.com\/fr\/wp-json\/wp\/v2\/media?parent=22769"}],"wp:term":[{"taxonomy":"product_brand","embeddable":true,"href":"https:\/\/www.ghostysky.com\/fr\/wp-json\/wp\/v2\/product_brand?post=22769"},{"taxonomy":"product_cat","embeddable":true,"href":"https:\/\/www.ghostysky.com\/fr\/wp-json\/wp\/v2\/product_cat?post=22769"},{"taxonomy":"product_tag","embeddable":true,"href":"https:\/\/www.ghostysky.com\/fr\/wp-json\/wp\/v2\/product_tag?post=22769"}],"curies":[{"name":"wp","href":"https:\/\/api.w.org\/{rel}","templated":true}]}}