{"id":22829,"date":"2025-11-05T16:41:54","date_gmt":"2025-11-05T16:41:54","guid":{"rendered":"https:\/\/www.ghostysky.com\/?post_type=product&#038;p=22829"},"modified":"2025-11-05T16:42:34","modified_gmt":"2025-11-05T16:42:34","slug":"robotera-l7","status":"publish","type":"product","link":"https:\/\/www.ghostysky.com\/fr\/product\/robotera-l7\/","title":{"rendered":"Robotera L7"},"content":{"rendered":"<h4>\u26a1 <b>Performances dynamiques record<\/b><\/h4>\n<p>D\u00e9couvrez un robot con\u00e7u pour une vitesse explosive et des mouvements complexes\u00a0:<\/p>\n<ul>\n<li><b>Vitesse maximale :<\/b><span class=\"citation-30\"> Capable de courir jusqu&#039;\u00e0 <\/span><b><span class=\"citation-30\">4 m\/s (14,4 km\/h)<\/span><\/b><span class=\"citation-30 citation-end-30\">ce qui en fait l&#039;un des humano\u00efdes grandeur nature les plus rapides au monde.<\/span><\/li>\n<li><b>Puissance de cr\u00eate :<\/b><span class=\"citation-29\"> Comporte des modules d&#039;articulation haute performance d\u00e9livrant un couple maximal de <\/span><b><span class=\"citation-29\">400 N\u00b7m<\/span><\/b><span class=\"citation-29\"> et une vitesse articulaire maximale de <\/span><b><span class=\"citation-29\">25 rad\/s<\/span><\/b><span class=\"citation-29 citation-end-29\">, permettant des ajustements posturaux rapides et des mouvements puissants.<\/span><\/li>\n<li><b>Agilit\u00e9 avanc\u00e9e :<\/b><span class=\"citation-28\"> Son syst\u00e8me de contr\u00f4le int\u00e9gral du corps permet des man\u0153uvres tr\u00e8s dynamiques, notamment la marche stable, la course, le saut et des prouesses impressionnantes comme <\/span><b><span class=\"citation-28\">sauts rotationnels \u00e0 360\u00b0<\/span><\/b><span class=\"citation-28 citation-end-28\"> et le breakdance.<\/span><\/li>\n<\/ul>\n<p>&nbsp;<\/p>\n<h4>\ud83d\udd90\ufe0f <b>Manipulation de pr\u00e9cision et dext\u00e9rit\u00e9<\/b><\/h4>\n<p><span class=\"citation-27 citation-end-27\">Le L7 n&#039;est pas seulement rapide, il est incroyablement performant pour les t\u00e2ches complexes du monde r\u00e9el\u00a0:<\/span><\/p>\n<ul>\n<li><b>Bras bioniques \u00e0 7 degr\u00e9s de libert\u00e9\u00a0:<\/b><span class=\"citation-26\"> Des bras de haute pr\u00e9cision d\u00e9velopp\u00e9s en interne qui reproduisent les capacit\u00e9s de manipulation humaine, offrant une large gamme <\/span><b><span class=\"citation-26\">Espace de travail de 2,1 m<\/span><\/b><span class=\"citation-26 citation-end-26\">.<\/span><\/li>\n<li><b>Mains agiles \u00e0 12 degr\u00e9s de libert\u00e9 (XHAND1)\u00a0:<\/b><span class=\"citation-25 citation-end-25\"> Dot\u00e9e de doigts \u00e0 entra\u00eenement direct enti\u00e8rement actifs, elle permet d&#039;effectuer des t\u00e2ches de haute pr\u00e9cision, allant de la pr\u00e9hension de composants industriels et de l&#039;utilisation d&#039;outils de couple \u00e0 la manipulation de mat\u00e9riaux d\u00e9licats comme le papier ou les textiles.<\/span><\/li>\n<li><b>Charge utile lourde :<\/b><span class=\"citation-24\"> Capable de soulever et de transporter une charge utile combin\u00e9e \u00e0 deux bras allant jusqu&#039;\u00e0 <\/span><b><span class=\"citation-24\">20 kg<\/span><\/b><span class=\"citation-24 citation-end-24\">.<\/span><\/li>\n<\/ul>\n<p>&nbsp;<\/p>\n<h4>\ud83e\udde0 <b>Fonctionnement plus intelligent et autonome<\/b><\/h4>\n<p>Au c\u0153ur du L7 se trouve une architecture d&#039;IA sophistiqu\u00e9e pour une autonomie en temps r\u00e9el\u00a0:<\/p>\n<ul>\n<li><b><span class=\"citation-23\">IA embarqu\u00e9e incarn\u00e9e\u00a0:<\/span><\/b><span class=\"citation-23\"> Aliment\u00e9 par la technologie exclusive de ROBOTERA <\/span><b><span class=\"citation-23\">Mod\u00e8le Vision-Langage-Action (VLA) ERA-42<\/span><\/b><span class=\"citation-23 citation-end-23\">, lui permettant de comprendre et d&#039;ex\u00e9cuter des t\u00e2ches complexes en plusieurs \u00e9tapes sans d\u00e9pendre de ressources de calcul externes.<\/span><\/li>\n<li><b><span class=\"citation-22\">Perception spatiale \u00e0 360\u00b0 :<\/span><\/b><span class=\"citation-22\"> Un syst\u00e8me de fusion multi-capteurs robuste int\u00e8gre <\/span><b><span class=\"citation-22\">Vision panoramique, d\u00e9tection de profondeur et LiDAR 3D<\/span><\/b><span class=\"citation-22 citation-end-22\"> pour une perception spatiale compl\u00e8te et en temps r\u00e9el et l&#039;\u00e9vitement des obstacles dans des environnements complexes.<\/span><\/li>\n<\/ul>\n<p>&nbsp;<\/p>\n<h4>\ud83c\udfed <b>Polyvalent et personnalisable pour l&#039;industrie<\/b><\/h4>\n<p><span class=\"citation-21 citation-end-21\">Le L7 est con\u00e7u pour une viabilit\u00e9 et une flexibilit\u00e9 commerciales concr\u00e8tes\u00a0:<\/span><\/p>\n<ul>\n<li><b><span class=\"citation-20\">Applications diverses :<\/span><\/b><span class=\"citation-20\"> Id\u00e9al pour les t\u00e2ches dans <\/span><b><span class=\"citation-20\">logistique, entreposage, fabrication et R&amp;D<\/span><\/b><span class=\"citation-20 citation-end-20\">, notamment le tri intelligent, l&#039;assemblage, la t\u00e9l\u00e9op\u00e9ration \u00e0 distance et la collecte de donn\u00e9es.<\/span><\/li>\n<li><b><span class=\"citation-19\">Conception modulaire :<\/span><\/b><span class=\"citation-19\"> Supporte un interchangeable <\/span><b><span class=\"citation-19\">corps entier<\/span><\/b><span class=\"citation-19\"> ou <\/span><b><span class=\"citation-19\">partie sup\u00e9rieure du corps uniquement (variante M7)<\/span><\/b><span class=\"citation-19 citation-end-19\"> configuration adapt\u00e9e aux diff\u00e9rents besoins commerciaux, comme la r\u00e9duction de l&#039;espace sur les cha\u00eenes de montage en usine ou la r\u00e9alisation de t\u00e2ches de service mobiles.<\/span><\/li>\n<\/ul>\n<p><span class=\"citation-18\">Le <\/span><b><span class=\"citation-18\">ROBOTERA L7<\/span><\/b><span class=\"citation-18 citation-end-18\"> repr\u00e9sente la convergence d&#039;un athl\u00e9tisme hautement dynamique et d&#039;une manipulation fine et intelligente, pr\u00eat \u00e0 devenir un partenaire agile et perspicace dans la prochaine g\u00e9n\u00e9ration de collaboration homme-robot.<\/span><\/p>","protected":false},"excerpt":{"rendered":"<p><span class=\"citation-32\">Le <\/span><b><span class=\"citation-32\">ROBOTERA L7<\/span><\/b><span class=\"citation-32 citation-end-32\"> est le robot humano\u00efde haute performance phare de ROBOTERA, alliant harmonieusement une agilit\u00e9 athl\u00e9tique sans pr\u00e9c\u00e9dent \u00e0 une dext\u00e9rit\u00e9 de manipulation avanc\u00e9e.<\/span> <span class=\"citation-31\">Debout \u00e0 <\/span><b><span class=\"citation-31\">171 cm<\/span><\/b><span class=\"citation-31\"> et se vanter <\/span><b><span class=\"citation-31\">55 degr\u00e9s de libert\u00e9 (DoF)<\/span><\/b><span class=\"citation-31 citation-end-31\">Le L7 est con\u00e7u pour red\u00e9finir le potentiel de la robotique humano\u00efde dans les applications industrielles, logistiques et de recherche.<\/span><\/p>","protected":false},"featured_media":22833,"comment_status":"open","ping_status":"closed","template":"","meta":[],"product_brand":[1259],"product_cat":[1038,1256,1257,1037],"product_tag":[1261,1260,1262],"class_list":{"0":"post-22829","1":"product","2":"type-product","3":"status-publish","4":"has-post-thumbnail","6":"product_brand-robotera","7":"product_cat-humanoid","8":"product_cat-robotera","9":"product_cat-robotera-robots","10":"product_cat-robotics","11":"product_tag-l7","12":"product_tag-robotera","13":"product_tag-robotera-humanoid","15":"first","16":"onbackorder","17":"taxable","18":"shipping-taxable","19":"product-type-simple"},"yoast_head":"<!-- This site is optimized with the Yoast SEO plugin v27.1.1 - https:\/\/yoast.com\/product\/yoast-seo-wordpress\/ -->\n<title>Robotera L7 - Ghostysky<\/title>\n<meta name=\"description\" content=\"The ROBOTERA L7 is the flagship high-performance humanoid robot from ROBOTERA, seamlessly blending unprecedented athletic agility with advanced manipulative dexterity. Standing at 171 cm and boasting 55 Degrees of Freedom (DoF), the L7 is engineered to redefine the potential of humanoid robotics across industrial, logistics, and research applications.\" \/>\n<meta name=\"robots\" content=\"index, follow, max-snippet:-1, max-image-preview:large, max-video-preview:-1\" \/>\n<link rel=\"canonical\" href=\"https:\/\/www.ghostysky.com\/fr\/product\/robotera-l7\/\" \/>\n<meta property=\"og:locale\" content=\"fr_FR\" \/>\n<meta property=\"og:type\" content=\"article\" \/>\n<meta property=\"og:title\" content=\"Robotera L7 - Ghostysky\" \/>\n<meta property=\"og:description\" content=\"The ROBOTERA L7 is the flagship high-performance humanoid robot from ROBOTERA, seamlessly blending unprecedented athletic agility with advanced manipulative dexterity. Standing at 171 cm and boasting 55 Degrees of Freedom (DoF), the L7 is engineered to redefine the potential of humanoid robotics across industrial, logistics, and research applications.\" \/>\n<meta property=\"og:url\" content=\"https:\/\/www.ghostysky.com\/fr\/product\/robotera-l7\/\" \/>\n<meta property=\"og:site_name\" content=\"Ghostysky\" \/>\n<meta property=\"article:publisher\" content=\"https:\/\/www.facebook.com\/people\/Ghostysky\/100057676170234\/\" \/>\n<meta property=\"article:modified_time\" content=\"2025-11-05T16:42:34+00:00\" \/>\n<meta property=\"og:image\" content=\"https:\/\/www.ghostysky.com\/wp-content\/uploads\/2025\/11\/GH_Robotera_l7_1.jpg\" \/>\n\t<meta property=\"og:image:width\" content=\"1118\" \/>\n\t<meta property=\"og:image:height\" content=\"1151\" \/>\n\t<meta property=\"og:image:type\" content=\"image\/jpeg\" \/>\n<meta name=\"twitter:card\" content=\"summary_large_image\" \/>\n<meta name=\"twitter:site\" content=\"@Gh0stysky\" \/>\n<meta name=\"twitter:label1\" content=\"Dur\u00e9e de lecture estim\u00e9e\" \/>\n\t<meta name=\"twitter:data1\" content=\"2 minutes\" \/>\n<script type=\"application\/ld+json\" class=\"yoast-schema-graph\">{\"@context\":\"https:\/\/schema.org\",\"@graph\":[{\"@type\":\"WebPage\",\"@id\":\"https:\/\/www.ghostysky.com\/product\/robotera-l7\/\",\"url\":\"https:\/\/www.ghostysky.com\/product\/robotera-l7\/\",\"name\":\"Robotera L7 - Ghostysky\",\"isPartOf\":{\"@id\":\"https:\/\/www.ghostysky.com\/#website\"},\"primaryImageOfPage\":{\"@id\":\"https:\/\/www.ghostysky.com\/product\/robotera-l7\/#primaryimage\"},\"image\":{\"@id\":\"https:\/\/www.ghostysky.com\/product\/robotera-l7\/#primaryimage\"},\"thumbnailUrl\":\"https:\/\/www.ghostysky.com\/wp-content\/uploads\/2025\/11\/GH_Robotera_l7_1.jpg\",\"datePublished\":\"2025-11-05T16:41:54+00:00\",\"dateModified\":\"2025-11-05T16:42:34+00:00\",\"description\":\"The ROBOTERA L7 is the flagship high-performance humanoid robot from ROBOTERA, seamlessly blending unprecedented athletic agility with advanced manipulative dexterity. Standing at 171 cm and boasting 55 Degrees of Freedom (DoF), the L7 is engineered to redefine the potential of humanoid robotics across industrial, logistics, and research applications.\",\"breadcrumb\":{\"@id\":\"https:\/\/www.ghostysky.com\/product\/robotera-l7\/#breadcrumb\"},\"inLanguage\":\"fr-FR\",\"potentialAction\":[{\"@type\":\"ReadAction\",\"target\":[\"https:\/\/www.ghostysky.com\/product\/robotera-l7\/\"]}]},{\"@type\":\"ImageObject\",\"inLanguage\":\"fr-FR\",\"@id\":\"https:\/\/www.ghostysky.com\/product\/robotera-l7\/#primaryimage\",\"url\":\"https:\/\/www.ghostysky.com\/wp-content\/uploads\/2025\/11\/GH_Robotera_l7_1.jpg\",\"contentUrl\":\"https:\/\/www.ghostysky.com\/wp-content\/uploads\/2025\/11\/GH_Robotera_l7_1.jpg\",\"width\":1118,\"height\":1151},{\"@type\":\"BreadcrumbList\",\"@id\":\"https:\/\/www.ghostysky.com\/product\/robotera-l7\/#breadcrumb\",\"itemListElement\":[{\"@type\":\"ListItem\",\"position\":1,\"name\":\"Home\",\"item\":\"https:\/\/www.ghostysky.com\/\"},{\"@type\":\"ListItem\",\"position\":2,\"name\":\"Shop\",\"item\":\"https:\/\/www.ghostysky.com\/shop\/\"},{\"@type\":\"ListItem\",\"position\":3,\"name\":\"Robotera L7\"}]},{\"@type\":\"WebSite\",\"@id\":\"https:\/\/www.ghostysky.com\/#website\",\"url\":\"https:\/\/www.ghostysky.com\/\",\"name\":\"Ghostysky\",\"description\":\"Delivering professional drones and services\",\"publisher\":{\"@id\":\"https:\/\/www.ghostysky.com\/#organization\"},\"potentialAction\":[{\"@type\":\"SearchAction\",\"target\":{\"@type\":\"EntryPoint\",\"urlTemplate\":\"https:\/\/www.ghostysky.com\/?s={search_term_string}\"},\"query-input\":{\"@type\":\"PropertyValueSpecification\",\"valueRequired\":true,\"valueName\":\"search_term_string\"}}],\"inLanguage\":\"fr-FR\"},{\"@type\":\"Organization\",\"@id\":\"https:\/\/www.ghostysky.com\/#organization\",\"name\":\"Ghostysky\",\"url\":\"https:\/\/www.ghostysky.com\/\",\"logo\":{\"@type\":\"ImageObject\",\"inLanguage\":\"fr-FR\",\"@id\":\"https:\/\/www.ghostysky.com\/#\/schema\/logo\/image\/\",\"url\":\"https:\/\/www.ghostysky.com\/wp-content\/uploads\/2020\/06\/cropped-ghostyskylogo_text_white2.png\",\"contentUrl\":\"https:\/\/www.ghostysky.com\/wp-content\/uploads\/2020\/06\/cropped-ghostyskylogo_text_white2.png\",\"width\":169,\"height\":56,\"caption\":\"Ghostysky\"},\"image\":{\"@id\":\"https:\/\/www.ghostysky.com\/#\/schema\/logo\/image\/\"},\"sameAs\":[\"https:\/\/www.facebook.com\/people\/Ghostysky\/100057676170234\/\",\"https:\/\/x.com\/Gh0stysky\",\"https:\/\/www.linkedin.com\/company\/34739653\",\"https:\/\/www.instagram.com\/gh0stysky\"]}]}<\/script>\n<!-- \/ Yoast SEO plugin. -->","yoast_head_json":{"title":"Robotera L7 - Ghostysky","description":"Le ROBOTERA L7 est le robot humano\u00efde haute performance phare de ROBOTERA, alliant une agilit\u00e9 athl\u00e9tique sans pr\u00e9c\u00e9dent \u00e0 une dext\u00e9rit\u00e9 de manipulation avanc\u00e9e. Mesurant 171 cm et dot\u00e9 de 55 degr\u00e9s de libert\u00e9, le L7 est con\u00e7u pour red\u00e9finir le potentiel de la robotique humano\u00efde dans les applications industrielles, logistiques et de recherche.","robots":{"index":"index","follow":"follow","max-snippet":"max-snippet:-1","max-image-preview":"max-image-preview:large","max-video-preview":"max-video-preview:-1"},"canonical":"https:\/\/www.ghostysky.com\/fr\/product\/robotera-l7\/","og_locale":"fr_FR","og_type":"article","og_title":"Robotera L7 - Ghostysky","og_description":"The ROBOTERA L7 is the flagship high-performance humanoid robot from ROBOTERA, seamlessly blending unprecedented athletic agility with advanced manipulative dexterity. Standing at 171 cm and boasting 55 Degrees of Freedom (DoF), the L7 is engineered to redefine the potential of humanoid robotics across industrial, logistics, and research applications.","og_url":"https:\/\/www.ghostysky.com\/fr\/product\/robotera-l7\/","og_site_name":"Ghostysky","article_publisher":"https:\/\/www.facebook.com\/people\/Ghostysky\/100057676170234\/","article_modified_time":"2025-11-05T16:42:34+00:00","og_image":[{"width":1118,"height":1151,"url":"https:\/\/www.ghostysky.com\/wp-content\/uploads\/2025\/11\/GH_Robotera_l7_1.jpg","type":"image\/jpeg"}],"twitter_card":"summary_large_image","twitter_site":"@Gh0stysky","twitter_misc":{"Dur\u00e9e de lecture estim\u00e9e":"2 minutes"},"schema":{"@context":"https:\/\/schema.org","@graph":[{"@type":"WebPage","@id":"https:\/\/www.ghostysky.com\/product\/robotera-l7\/","url":"https:\/\/www.ghostysky.com\/product\/robotera-l7\/","name":"Robotera L7 - Ghostysky","isPartOf":{"@id":"https:\/\/www.ghostysky.com\/#website"},"primaryImageOfPage":{"@id":"https:\/\/www.ghostysky.com\/product\/robotera-l7\/#primaryimage"},"image":{"@id":"https:\/\/www.ghostysky.com\/product\/robotera-l7\/#primaryimage"},"thumbnailUrl":"https:\/\/www.ghostysky.com\/wp-content\/uploads\/2025\/11\/GH_Robotera_l7_1.jpg","datePublished":"2025-11-05T16:41:54+00:00","dateModified":"2025-11-05T16:42:34+00:00","description":"Le ROBOTERA L7 est le robot humano\u00efde haute performance phare de ROBOTERA, alliant une agilit\u00e9 athl\u00e9tique sans pr\u00e9c\u00e9dent \u00e0 une dext\u00e9rit\u00e9 de manipulation avanc\u00e9e. Mesurant 171 cm et dot\u00e9 de 55 degr\u00e9s de libert\u00e9, le L7 est con\u00e7u pour red\u00e9finir le potentiel de la robotique humano\u00efde dans les applications industrielles, logistiques et de recherche.","breadcrumb":{"@id":"https:\/\/www.ghostysky.com\/product\/robotera-l7\/#breadcrumb"},"inLanguage":"fr-FR","potentialAction":[{"@type":"ReadAction","target":["https:\/\/www.ghostysky.com\/product\/robotera-l7\/"]}]},{"@type":"ImageObject","inLanguage":"fr-FR","@id":"https:\/\/www.ghostysky.com\/product\/robotera-l7\/#primaryimage","url":"https:\/\/www.ghostysky.com\/wp-content\/uploads\/2025\/11\/GH_Robotera_l7_1.jpg","contentUrl":"https:\/\/www.ghostysky.com\/wp-content\/uploads\/2025\/11\/GH_Robotera_l7_1.jpg","width":1118,"height":1151},{"@type":"BreadcrumbList","@id":"https:\/\/www.ghostysky.com\/product\/robotera-l7\/#breadcrumb","itemListElement":[{"@type":"ListItem","position":1,"name":"Home","item":"https:\/\/www.ghostysky.com\/"},{"@type":"ListItem","position":2,"name":"Shop","item":"https:\/\/www.ghostysky.com\/shop\/"},{"@type":"ListItem","position":3,"name":"Robotera L7"}]},{"@type":"WebSite","@id":"https:\/\/www.ghostysky.com\/#website","url":"https:\/\/www.ghostysky.com\/","name":"Ghostysky","description":"Livraison de drones et de services professionnels","publisher":{"@id":"https:\/\/www.ghostysky.com\/#organization"},"potentialAction":[{"@type":"SearchAction","target":{"@type":"EntryPoint","urlTemplate":"https:\/\/www.ghostysky.com\/?s={search_term_string}"},"query-input":{"@type":"PropertyValueSpecification","valueRequired":true,"valueName":"search_term_string"}}],"inLanguage":"fr-FR"},{"@type":"Organization","@id":"https:\/\/www.ghostysky.com\/#organization","name":"Ghostysky","url":"https:\/\/www.ghostysky.com\/","logo":{"@type":"ImageObject","inLanguage":"fr-FR","@id":"https:\/\/www.ghostysky.com\/#\/schema\/logo\/image\/","url":"https:\/\/www.ghostysky.com\/wp-content\/uploads\/2020\/06\/cropped-ghostyskylogo_text_white2.png","contentUrl":"https:\/\/www.ghostysky.com\/wp-content\/uploads\/2020\/06\/cropped-ghostyskylogo_text_white2.png","width":169,"height":56,"caption":"Ghostysky"},"image":{"@id":"https:\/\/www.ghostysky.com\/#\/schema\/logo\/image\/"},"sameAs":["https:\/\/www.facebook.com\/people\/Ghostysky\/100057676170234\/","https:\/\/x.com\/Gh0stysky","https:\/\/www.linkedin.com\/company\/34739653","https:\/\/www.instagram.com\/gh0stysky"]}]}},"_links":{"self":[{"href":"https:\/\/www.ghostysky.com\/fr\/wp-json\/wp\/v2\/product\/22829","targetHints":{"allow":["GET"]}}],"collection":[{"href":"https:\/\/www.ghostysky.com\/fr\/wp-json\/wp\/v2\/product"}],"about":[{"href":"https:\/\/www.ghostysky.com\/fr\/wp-json\/wp\/v2\/types\/product"}],"replies":[{"embeddable":true,"href":"https:\/\/www.ghostysky.com\/fr\/wp-json\/wp\/v2\/comments?post=22829"}],"wp:featuredmedia":[{"embeddable":true,"href":"https:\/\/www.ghostysky.com\/fr\/wp-json\/wp\/v2\/media\/22833"}],"wp:attachment":[{"href":"https:\/\/www.ghostysky.com\/fr\/wp-json\/wp\/v2\/media?parent=22829"}],"wp:term":[{"taxonomy":"product_brand","embeddable":true,"href":"https:\/\/www.ghostysky.com\/fr\/wp-json\/wp\/v2\/product_brand?post=22829"},{"taxonomy":"product_cat","embeddable":true,"href":"https:\/\/www.ghostysky.com\/fr\/wp-json\/wp\/v2\/product_cat?post=22829"},{"taxonomy":"product_tag","embeddable":true,"href":"https:\/\/www.ghostysky.com\/fr\/wp-json\/wp\/v2\/product_tag?post=22829"}],"curies":[{"name":"wp","href":"https:\/\/api.w.org\/{rel}","templated":true}]}}