{"id":22834,"date":"2025-11-05T16:48:33","date_gmt":"2025-11-05T16:48:33","guid":{"rendered":"https:\/\/www.ghostysky.com\/?post_type=product&#038;p=22834"},"modified":"2025-11-05T16:49:09","modified_gmt":"2025-11-05T16:49:09","slug":"robotera-q5","status":"publish","type":"product","link":"https:\/\/www.ghostysky.com\/fr\/product\/robotera-q5\/","title":{"rendered":"Robotera Q5"},"content":{"rendered":"<h4><b>\u2728 Des fonctionnalit\u00e9s cl\u00e9s qui red\u00e9finissent le service<\/b><\/h4>\n<ul>\n<li><b><span class=\"citation-59\">Interaction ultra-humaine :<\/span><\/b><span class=\"citation-59 citation-end-59\"> Le Q5 est \u00e9quip\u00e9 d&#039;un syst\u00e8me vocal bas\u00e9 sur l&#039;IA et d&#039;une technologie de mod\u00e9lisation du langage \u00e9tendue, ce qui en fait un \u00ab expert en intelligence \u00e9motionnelle \u00bb.<\/span> <span class=\"citation-58\">Il peut interpr\u00e9ter les commandes en <\/span><b><span class=\"citation-58\">plus de 37 langues<\/span><\/b><span class=\"citation-58 citation-end-58\"> et engager un dialogue naturel et contextuel avec empathie et aisance.<\/span><\/li>\n<li><b><span class=\"citation-57\">Dext\u00e9rit\u00e9 et mobilit\u00e9 exceptionnelles :<\/span><\/b><span class=\"citation-57\"> Avec <\/span><b><span class=\"citation-57\">44 degr\u00e9s de libert\u00e9 (DoF)<\/span><\/b><span class=\"citation-57 citation-end-57\">Le Q5 se d\u00e9place avec une gr\u00e2ce remarquable.<\/span> <span class=\"citation-56\">Son bionique <\/span><b><span class=\"citation-56\">bras robotiques de haute pr\u00e9cision \u00e0 7 axes<\/span><\/b><span class=\"citation-56\"> et <\/span><b><span class=\"citation-56\">Mains XHAND Lite 11 DoF<\/span><\/b><span class=\"citation-56 citation-end-56\"> offrir une dext\u00e9rit\u00e9 de niveau humain.<\/span> <span class=\"citation-55 citation-end-55\">Il peut accomplir des t\u00e2ches complexes comme servir des plats, manipuler des objets d\u00e9licats et m\u00eame atteindre des objets en hauteur ou en bas avec assurance.<\/span>\n<ul>\n<li><b>Charge utile maximale :<\/b><span class=\"citation-54 citation-end-54\"> 10 kg par bras ;<\/span><\/li>\n<li><b>R\u00e9ponse rapide\u00a0:<\/b><span class=\"citation-53 citation-end-53\"> Jusqu&#039;\u00e0 10 clics par seconde\u00a0;<\/span><\/li>\n<\/ul>\n<\/li>\n<li><b><span class=\"citation-52\">Navigation agile dans les espaces restreints\u00a0:<\/span><\/b><span class=\"citation-52\"> Sa base ultra-compacte (582 mm x 519 mm) et <\/span><b><span class=\"citation-52\">Syst\u00e8me de navigation LiDAR et fusion d&#039;images<\/span><\/b><span class=\"citation-52 citation-end-52\"> lui permettre de planifier des itin\u00e9raires de mani\u00e8re autonome, d&#039;\u00e9viter les obstacles et de man\u0153uvrer efficacement dans des espaces encombr\u00e9s ou confin\u00e9s, tel un \u00ab expert en navette spatiale \u00bb.<\/span><\/li>\n<li><b>Intelligence artificielle incarn\u00e9e et apprentissage continu\u00a0:<\/b><span class=\"citation-51\"> Int\u00e9grant la technologie propri\u00e9taire de ROBOTERA <\/span><b><span class=\"citation-51\">Mod\u00e8le d&#039;IA incarn\u00e9 ERA-42<\/span><\/b><span class=\"citation-51 citation-end-51\">Le Q5 devient plus intelligent avec le temps.<\/span>\u00a0<span class=\"citation-50\">Il prend en charge <\/span><b><span class=\"citation-50\">t\u00e9l\u00e9op\u00e9ration du corps entier<\/span><\/b><span class=\"citation-50 citation-end-50\"> via la r\u00e9alit\u00e9 virtuelle et des gants de donn\u00e9es, permettant un contr\u00f4le \u00e0 distance pr\u00e9cis et la g\u00e9n\u00e9ration de donn\u00e9es de mouvement pour un apprentissage et une it\u00e9ration de mod\u00e8le plus rapides et plus efficaces.<\/span><\/li>\n<li><b>Polyvalence multi-r\u00f4les\u00a0:<\/b><span class=\"citation-49 citation-end-49\"> Le Q5 est pr\u00eat \u00e0 exceller dans divers secteurs de services.<sup class=\"superscript\" data-turn-source-index=\"13\">13<\/sup><\/span> Il peut rapidement changer de r\u00f4le pour servir de :\n<ul>\n<li><b>Assistant de shopping<\/b><\/li>\n<li><b>R\u00e9ceptionniste d&#039;h\u00f4tel<\/b><\/li>\n<li><b>Guide touristique<\/b><\/li>\n<li><b>Serveur<\/b><\/li>\n<li><b>Aide \u00e0 l&#039;h\u00f4pital ou aux personnes \u00e2g\u00e9es<\/b><\/li>\n<\/ul>\n<\/li>\n<\/ul>\n<p>&nbsp;<\/p>\n<h4><b>\ud83d\udccb Caract\u00e9ristiques techniques en un coup d&#039;\u0153il<\/b><\/h4>\n<table>\n<thead>\n<tr>\n<td><strong>Fonctionnalit\u00e9<\/strong><\/td>\n<td><strong>D\u00e9tail<\/strong><\/td>\n<\/tr>\n<\/thead>\n<tbody>\n<tr>\n<td><b>Hauteur<\/b><\/td>\n<td>1650 mm<\/td>\n<\/tr>\n<tr>\n<td><b>Poids<\/b><\/td>\n<td>70 kg<\/td>\n<\/tr>\n<tr>\n<td><b>Degr\u00e9s de libert\u00e9 (DoF)<\/b><\/td>\n<td>44<\/td>\n<\/tr>\n<tr>\n<td><b>Bras<\/b><\/td>\n<td>Bras robotiques anthropomorphes \u00e0 7 degr\u00e9s de libert\u00e9<\/td>\n<\/tr>\n<tr>\n<td><b>Mains<\/b><\/td>\n<td>XHAND Lite 11 DoF<\/td>\n<\/tr>\n<tr>\n<td><b>Charge utile maximale \u00e0 double bras<\/b><\/td>\n<td>10 kg<\/td>\n<\/tr>\n<tr>\n<td><b>Navigation<\/b><\/td>\n<td>Fusion LiDAR + cam\u00e9ra st\u00e9r\u00e9o<\/td>\n<\/tr>\n<tr>\n<td><b>Mod\u00e8le d&#039;IA<\/b><\/td>\n<td>ERA-42 (IA int\u00e9gr\u00e9e propri\u00e9taire)<\/td>\n<\/tr>\n<\/tbody>\n<\/table>\n<p><b>D\u00e9couvrez d\u00e8s aujourd&#039;hui le futur du service.<\/b> <span class=\"citation-48 citation-end-48\">Le Robotera Q5 est bien plus qu&#039;un robot : c&#039;est un partenaire adaptable et intelligent, pr\u00eat \u00e0 am\u00e9liorer l&#039;exp\u00e9rience client et l&#039;efficacit\u00e9 op\u00e9rationnelle de votre organisation.<\/span><\/p>","protected":false},"excerpt":{"rendered":"<p><span class=\"citation-61\">Pr\u00e9sentation de la <\/span><b><span class=\"citation-61\">Robotera Q5<\/span><\/b><span class=\"citation-61 citation-end-61\">, le robot de service ultra-humano\u00efde con\u00e7u pour s&#039;int\u00e9grer parfaitement aux environnements commerciaux et de recherche.<\/span> <span class=\"citation-60\">Surnomm\u00e9 le \u00ab Pro \u00e0 la taille fine \u00bb pour sa silhouette \u00e9l\u00e9gante et presque humaine, le Q5 est un chef-d&#039;\u0153uvre d&#039;intelligence artificielle incarn\u00e9e, transformant l&#039;exp\u00e9rience d&#039;un outil rigide en une v\u00e9ritable immersion. <\/span><b><span class=\"citation-60\">compagnon attentionn\u00e9 et intelligent<\/span><\/b><span class=\"citation-60 citation-end-60\">.<\/span><\/p>","protected":false},"featured_media":22837,"comment_status":"open","ping_status":"closed","template":"","meta":[],"product_brand":[1259],"product_cat":[1038,1256,1257,1037],"product_tag":[1264,1260,1263],"class_list":{"0":"post-22834","1":"product","2":"type-product","3":"status-publish","4":"has-post-thumbnail","6":"product_brand-robotera","7":"product_cat-humanoid","8":"product_cat-robotera","9":"product_cat-robotera-robots","10":"product_cat-robotics","11":"product_tag-q5","12":"product_tag-robotera","13":"product_tag-robotera-q5","15":"first","16":"onbackorder","17":"taxable","18":"shipping-taxable","19":"product-type-simple"},"yoast_head":"<!-- This site is optimized with the Yoast SEO plugin v27.4 - https:\/\/yoast.com\/product\/yoast-seo-wordpress\/ -->\n<title>Robotera Q5 - Ghostysky<\/title>\n<meta name=\"description\" content=\"Introducing the Robotera Q5, the ultra-humanoid service robot designed to seamlessly integrate into commercial and research environments. Nicknamed the &quot;Tiny-Waisted Pro&quot; for its sleek, human-like silhouette, the Q5 is a masterpiece of embodied AI, transforming the experience from a rigid tool to a caring, intelligent companion.\" \/>\n<meta name=\"robots\" content=\"index, follow, max-snippet:-1, max-image-preview:large, max-video-preview:-1\" \/>\n<link rel=\"canonical\" href=\"https:\/\/www.ghostysky.com\/fr\/product\/robotera-q5\/\" \/>\n<meta property=\"og:locale\" content=\"fr_FR\" \/>\n<meta property=\"og:type\" content=\"article\" \/>\n<meta property=\"og:title\" content=\"Robotera Q5 - Ghostysky\" \/>\n<meta property=\"og:description\" content=\"Introducing the Robotera Q5, the ultra-humanoid service robot designed to seamlessly integrate into commercial and research environments. Nicknamed the &quot;Tiny-Waisted Pro&quot; for its sleek, human-like silhouette, the Q5 is a masterpiece of embodied AI, transforming the experience from a rigid tool to a caring, intelligent companion.\" \/>\n<meta property=\"og:url\" content=\"https:\/\/www.ghostysky.com\/fr\/product\/robotera-q5\/\" \/>\n<meta property=\"og:site_name\" content=\"Ghostysky\" \/>\n<meta property=\"article:publisher\" content=\"https:\/\/www.facebook.com\/people\/Ghostysky\/100057676170234\/\" \/>\n<meta property=\"article:modified_time\" content=\"2025-11-05T16:49:09+00:00\" \/>\n<meta property=\"og:image\" content=\"https:\/\/www.ghostysky.com\/wp-content\/uploads\/2025\/11\/GH_Robotera_Q5_1.jpeg\" \/>\n\t<meta property=\"og:image:width\" content=\"231\" \/>\n\t<meta property=\"og:image:height\" content=\"218\" \/>\n\t<meta property=\"og:image:type\" content=\"image\/jpeg\" \/>\n<meta name=\"twitter:card\" content=\"summary_large_image\" \/>\n<meta name=\"twitter:site\" content=\"@Gh0stysky\" \/>\n<meta name=\"twitter:label1\" content=\"Dur\u00e9e de lecture estim\u00e9e\" \/>\n\t<meta name=\"twitter:data1\" content=\"2 minutes\" \/>\n<script type=\"application\/ld+json\" class=\"yoast-schema-graph\">{\"@context\":\"https:\\\/\\\/schema.org\",\"@graph\":[{\"@type\":\"WebPage\",\"@id\":\"https:\\\/\\\/www.ghostysky.com\\\/product\\\/robotera-q5\\\/\",\"url\":\"https:\\\/\\\/www.ghostysky.com\\\/product\\\/robotera-q5\\\/\",\"name\":\"Robotera Q5 - Ghostysky\",\"isPartOf\":{\"@id\":\"https:\\\/\\\/www.ghostysky.com\\\/#website\"},\"primaryImageOfPage\":{\"@id\":\"https:\\\/\\\/www.ghostysky.com\\\/product\\\/robotera-q5\\\/#primaryimage\"},\"image\":{\"@id\":\"https:\\\/\\\/www.ghostysky.com\\\/product\\\/robotera-q5\\\/#primaryimage\"},\"thumbnailUrl\":\"https:\\\/\\\/www.ghostysky.com\\\/wp-content\\\/uploads\\\/2025\\\/11\\\/GH_Robotera_Q5_1.jpeg\",\"datePublished\":\"2025-11-05T16:48:33+00:00\",\"dateModified\":\"2025-11-05T16:49:09+00:00\",\"description\":\"Introducing the Robotera Q5, the ultra-humanoid service robot designed to seamlessly integrate into commercial and research environments. Nicknamed the \\\"Tiny-Waisted Pro\\\" for its sleek, human-like silhouette, the Q5 is a masterpiece of embodied AI, transforming the experience from a rigid tool to a caring, intelligent companion.\",\"breadcrumb\":{\"@id\":\"https:\\\/\\\/www.ghostysky.com\\\/product\\\/robotera-q5\\\/#breadcrumb\"},\"inLanguage\":\"fr-FR\",\"potentialAction\":[{\"@type\":\"ReadAction\",\"target\":[\"https:\\\/\\\/www.ghostysky.com\\\/product\\\/robotera-q5\\\/\"]}]},{\"@type\":\"ImageObject\",\"inLanguage\":\"fr-FR\",\"@id\":\"https:\\\/\\\/www.ghostysky.com\\\/product\\\/robotera-q5\\\/#primaryimage\",\"url\":\"https:\\\/\\\/www.ghostysky.com\\\/wp-content\\\/uploads\\\/2025\\\/11\\\/GH_Robotera_Q5_1.jpeg\",\"contentUrl\":\"https:\\\/\\\/www.ghostysky.com\\\/wp-content\\\/uploads\\\/2025\\\/11\\\/GH_Robotera_Q5_1.jpeg\",\"width\":231,\"height\":218},{\"@type\":\"BreadcrumbList\",\"@id\":\"https:\\\/\\\/www.ghostysky.com\\\/product\\\/robotera-q5\\\/#breadcrumb\",\"itemListElement\":[{\"@type\":\"ListItem\",\"position\":1,\"name\":\"Home\",\"item\":\"https:\\\/\\\/www.ghostysky.com\\\/\"},{\"@type\":\"ListItem\",\"position\":2,\"name\":\"Shop\",\"item\":\"https:\\\/\\\/www.ghostysky.com\\\/shop\\\/\"},{\"@type\":\"ListItem\",\"position\":3,\"name\":\"Robotera Q5\"}]},{\"@type\":\"WebSite\",\"@id\":\"https:\\\/\\\/www.ghostysky.com\\\/#website\",\"url\":\"https:\\\/\\\/www.ghostysky.com\\\/\",\"name\":\"Ghostysky\",\"description\":\"Delivering professional drones and robotics solutions\",\"publisher\":{\"@id\":\"https:\\\/\\\/www.ghostysky.com\\\/#organization\"},\"potentialAction\":[{\"@type\":\"SearchAction\",\"target\":{\"@type\":\"EntryPoint\",\"urlTemplate\":\"https:\\\/\\\/www.ghostysky.com\\\/?s={search_term_string}\"},\"query-input\":{\"@type\":\"PropertyValueSpecification\",\"valueRequired\":true,\"valueName\":\"search_term_string\"}}],\"inLanguage\":\"fr-FR\"},{\"@type\":\"Organization\",\"@id\":\"https:\\\/\\\/www.ghostysky.com\\\/#organization\",\"name\":\"Ghostysky\",\"url\":\"https:\\\/\\\/www.ghostysky.com\\\/\",\"logo\":{\"@type\":\"ImageObject\",\"inLanguage\":\"fr-FR\",\"@id\":\"https:\\\/\\\/www.ghostysky.com\\\/#\\\/schema\\\/logo\\\/image\\\/\",\"url\":\"https:\\\/\\\/www.ghostysky.com\\\/wp-content\\\/uploads\\\/2020\\\/06\\\/cropped-ghostyskylogo_text_white2.png\",\"contentUrl\":\"https:\\\/\\\/www.ghostysky.com\\\/wp-content\\\/uploads\\\/2020\\\/06\\\/cropped-ghostyskylogo_text_white2.png\",\"width\":169,\"height\":56,\"caption\":\"Ghostysky\"},\"image\":{\"@id\":\"https:\\\/\\\/www.ghostysky.com\\\/#\\\/schema\\\/logo\\\/image\\\/\"},\"sameAs\":[\"https:\\\/\\\/www.facebook.com\\\/people\\\/Ghostysky\\\/100057676170234\\\/\",\"https:\\\/\\\/x.com\\\/Gh0stysky\",\"https:\\\/\\\/www.linkedin.com\\\/company\\\/34739653\",\"https:\\\/\\\/www.instagram.com\\\/gh0stysky\"]}]}<\/script>\n<!-- \/ Yoast SEO plugin. -->","yoast_head_json":{"title":"Robotera Q5 - Ghostysky","description":"D\u00e9couvrez le Robotera Q5, le robot de service ultra-humano\u00efde con\u00e7u pour s&#039;int\u00e9grer parfaitement aux environnements commerciaux et de recherche. Surnomm\u00e9 le \u00ab\u00a0Pro \u00e0 la taille fine\u00a0\u00bb pour sa silhouette \u00e9l\u00e9gante et quasi humaine, le Q5 est un chef-d&#039;\u0153uvre d&#039;intelligence artificielle incarn\u00e9e, transformant l&#039;exp\u00e9rience d&#039;un simple outil rigide en un compagnon intelligent et attentionn\u00e9.","robots":{"index":"index","follow":"follow","max-snippet":"max-snippet:-1","max-image-preview":"max-image-preview:large","max-video-preview":"max-video-preview:-1"},"canonical":"https:\/\/www.ghostysky.com\/fr\/product\/robotera-q5\/","og_locale":"fr_FR","og_type":"article","og_title":"Robotera Q5 - Ghostysky","og_description":"Introducing the Robotera Q5, the ultra-humanoid service robot designed to seamlessly integrate into commercial and research environments. Nicknamed the \"Tiny-Waisted Pro\" for its sleek, human-like silhouette, the Q5 is a masterpiece of embodied AI, transforming the experience from a rigid tool to a caring, intelligent companion.","og_url":"https:\/\/www.ghostysky.com\/fr\/product\/robotera-q5\/","og_site_name":"Ghostysky","article_publisher":"https:\/\/www.facebook.com\/people\/Ghostysky\/100057676170234\/","article_modified_time":"2025-11-05T16:49:09+00:00","og_image":[{"width":231,"height":218,"url":"https:\/\/www.ghostysky.com\/wp-content\/uploads\/2025\/11\/GH_Robotera_Q5_1.jpeg","type":"image\/jpeg"}],"twitter_card":"summary_large_image","twitter_site":"@Gh0stysky","twitter_misc":{"Dur\u00e9e de lecture estim\u00e9e":"2 minutes"},"schema":{"@context":"https:\/\/schema.org","@graph":[{"@type":"WebPage","@id":"https:\/\/www.ghostysky.com\/product\/robotera-q5\/","url":"https:\/\/www.ghostysky.com\/product\/robotera-q5\/","name":"Robotera Q5 - Ghostysky","isPartOf":{"@id":"https:\/\/www.ghostysky.com\/#website"},"primaryImageOfPage":{"@id":"https:\/\/www.ghostysky.com\/product\/robotera-q5\/#primaryimage"},"image":{"@id":"https:\/\/www.ghostysky.com\/product\/robotera-q5\/#primaryimage"},"thumbnailUrl":"https:\/\/www.ghostysky.com\/wp-content\/uploads\/2025\/11\/GH_Robotera_Q5_1.jpeg","datePublished":"2025-11-05T16:48:33+00:00","dateModified":"2025-11-05T16:49:09+00:00","description":"D\u00e9couvrez le Robotera Q5, le robot de service ultra-humano\u00efde con\u00e7u pour s&#039;int\u00e9grer parfaitement aux environnements commerciaux et de recherche. Surnomm\u00e9 le \u00ab\u00a0Pro \u00e0 la taille fine\u00a0\u00bb pour sa silhouette \u00e9l\u00e9gante et quasi humaine, le Q5 est un chef-d&#039;\u0153uvre d&#039;intelligence artificielle incarn\u00e9e, transformant l&#039;exp\u00e9rience d&#039;un simple outil rigide en un compagnon intelligent et attentionn\u00e9.","breadcrumb":{"@id":"https:\/\/www.ghostysky.com\/product\/robotera-q5\/#breadcrumb"},"inLanguage":"fr-FR","potentialAction":[{"@type":"ReadAction","target":["https:\/\/www.ghostysky.com\/product\/robotera-q5\/"]}]},{"@type":"ImageObject","inLanguage":"fr-FR","@id":"https:\/\/www.ghostysky.com\/product\/robotera-q5\/#primaryimage","url":"https:\/\/www.ghostysky.com\/wp-content\/uploads\/2025\/11\/GH_Robotera_Q5_1.jpeg","contentUrl":"https:\/\/www.ghostysky.com\/wp-content\/uploads\/2025\/11\/GH_Robotera_Q5_1.jpeg","width":231,"height":218},{"@type":"BreadcrumbList","@id":"https:\/\/www.ghostysky.com\/product\/robotera-q5\/#breadcrumb","itemListElement":[{"@type":"ListItem","position":1,"name":"Home","item":"https:\/\/www.ghostysky.com\/"},{"@type":"ListItem","position":2,"name":"Shop","item":"https:\/\/www.ghostysky.com\/shop\/"},{"@type":"ListItem","position":3,"name":"Robotera Q5"}]},{"@type":"WebSite","@id":"https:\/\/www.ghostysky.com\/#website","url":"https:\/\/www.ghostysky.com\/","name":"Ghostysky","description":"Fourniture de solutions professionnelles en mati\u00e8re de drones et de robotique","publisher":{"@id":"https:\/\/www.ghostysky.com\/#organization"},"potentialAction":[{"@type":"SearchAction","target":{"@type":"EntryPoint","urlTemplate":"https:\/\/www.ghostysky.com\/?s={search_term_string}"},"query-input":{"@type":"PropertyValueSpecification","valueRequired":true,"valueName":"search_term_string"}}],"inLanguage":"fr-FR"},{"@type":"Organization","@id":"https:\/\/www.ghostysky.com\/#organization","name":"Ghostysky","url":"https:\/\/www.ghostysky.com\/","logo":{"@type":"ImageObject","inLanguage":"fr-FR","@id":"https:\/\/www.ghostysky.com\/#\/schema\/logo\/image\/","url":"https:\/\/www.ghostysky.com\/wp-content\/uploads\/2020\/06\/cropped-ghostyskylogo_text_white2.png","contentUrl":"https:\/\/www.ghostysky.com\/wp-content\/uploads\/2020\/06\/cropped-ghostyskylogo_text_white2.png","width":169,"height":56,"caption":"Ghostysky"},"image":{"@id":"https:\/\/www.ghostysky.com\/#\/schema\/logo\/image\/"},"sameAs":["https:\/\/www.facebook.com\/people\/Ghostysky\/100057676170234\/","https:\/\/x.com\/Gh0stysky","https:\/\/www.linkedin.com\/company\/34739653","https:\/\/www.instagram.com\/gh0stysky"]}]}},"_links":{"self":[{"href":"https:\/\/www.ghostysky.com\/fr\/wp-json\/wp\/v2\/product\/22834","targetHints":{"allow":["GET"]}}],"collection":[{"href":"https:\/\/www.ghostysky.com\/fr\/wp-json\/wp\/v2\/product"}],"about":[{"href":"https:\/\/www.ghostysky.com\/fr\/wp-json\/wp\/v2\/types\/product"}],"replies":[{"embeddable":true,"href":"https:\/\/www.ghostysky.com\/fr\/wp-json\/wp\/v2\/comments?post=22834"}],"version-history":[{"count":0,"href":"https:\/\/www.ghostysky.com\/fr\/wp-json\/wp\/v2\/product\/22834\/revisions"}],"wp:featuredmedia":[{"embeddable":true,"href":"https:\/\/www.ghostysky.com\/fr\/wp-json\/wp\/v2\/media\/22837"}],"wp:attachment":[{"href":"https:\/\/www.ghostysky.com\/fr\/wp-json\/wp\/v2\/media?parent=22834"}],"wp:term":[{"taxonomy":"product_brand","embeddable":true,"href":"https:\/\/www.ghostysky.com\/fr\/wp-json\/wp\/v2\/product_brand?post=22834"},{"taxonomy":"product_cat","embeddable":true,"href":"https:\/\/www.ghostysky.com\/fr\/wp-json\/wp\/v2\/product_cat?post=22834"},{"taxonomy":"product_tag","embeddable":true,"href":"https:\/\/www.ghostysky.com\/fr\/wp-json\/wp\/v2\/product_tag?post=22834"}],"curies":[{"name":"wp","href":"https:\/\/api.w.org\/{rel}","templated":true}]}}