{"id":22889,"date":"2025-11-06T07:13:04","date_gmt":"2025-11-06T07:13:04","guid":{"rendered":"https:\/\/www.ghostysky.com\/?post_type=product&#038;p=22889"},"modified":"2025-11-06T07:31:09","modified_gmt":"2025-11-06T07:31:09","slug":"ufactory-6-axis-force-torque-sensor","status":"publish","type":"product","link":"https:\/\/www.ghostysky.com\/fr\/product\/ufactory-6-axis-force-torque-sensor\/","title":{"rendered":"Capteur de force et de couple \u00e0 6 axes Ufactory"},"content":{"rendered":"<h4>Principales caract\u00e9ristiques et performances<\/h4>\n<p><span class=\"citation-49 citation-end-49\">Ce capteur est un composant inestimable pour l&#039;automatisation avanc\u00e9e et la recherche, offrant une combinaison de haute pr\u00e9cision et d&#039;acc\u00e8s robuste aux donn\u00e9es\u00a0:<\/span><\/p>\n<ul>\n<li><b><span class=\"citation-48\">Mesure sur six axes :<\/span><\/b><span class=\"citation-48 citation-end-48\"> Fournit des donn\u00e9es compl\u00e8tes sur la force 3D et le couple de rotation pour une meilleure connaissance de la situation.<\/span><\/li>\n<li><b><span class=\"citation-47\">Haute pr\u00e9cision :<\/span><\/b><span class=\"citation-47\"> Offres int\u00e9ressantes <\/span><b><span class=\"citation-47\">r\u00e9solution<\/span><\/b><span class=\"citation-47\"> (par exemple, 100 mN pour Fx, Fy ; 5 mNm pour Tx, Ty, Tz) et faible <\/span><b><span class=\"citation-47\">hyst\u00e9r\u00e8se<\/span><\/b><span class=\"citation-47 citation-end-47\"> pour des mesures fiables et reproductibles.<\/span><\/li>\n<li><b><span class=\"citation-46\">D\u00e9bit de donn\u00e9es \u00e9lev\u00e9 :<\/span><\/b><span class=\"citation-46\"> Avec un d\u00e9bit de donn\u00e9es de <\/span><b><span class=\"citation-46\">200 Hz<\/span><\/b><span class=\"citation-46 citation-end-46\">Il fournit un retour d&#039;information rapide et en temps r\u00e9el, essentiel pour le contr\u00f4le dynamique et la d\u00e9tection des collisions.<\/span><\/li>\n<li><b><span class=\"citation-45\">Capacit\u00e9 de charge robuste :<\/span><\/b><span class=\"citation-45\"> Con\u00e7u pour supporter des charges importantes, jusqu&#039;\u00e0 <\/span><b><span class=\"citation-45\">200 N<\/span><\/b><span class=\"citation-45\"> de la force sur l&#039;axe Z (Fz) et <\/span><b><span class=\"citation-45\">4 Nm<\/span><\/b><span class=\"citation-45 citation-end-45\"> de couple.<\/span><\/li>\n<li><b><span class=\"citation-44\">Acc\u00e8s aux donn\u00e9es brutes\u00a0:<\/span><\/b><span class=\"citation-44\"> Comprend un logiciel d\u00e9di\u00e9 et une int\u00e9gration compl\u00e8te <\/span><b><span class=\"citation-44\">API\/SDK Python<\/span><\/b><span class=\"citation-44 citation-end-44\"> qui offre aux utilisateurs un acc\u00e8s complet aux donn\u00e9es brutes des capteurs, offrant une flexibilit\u00e9 in\u00e9gal\u00e9e pour la recherche, le d\u00e9veloppement et la cr\u00e9ation de fonctions personnalis\u00e9es.<\/span><\/li>\n<\/ul>\n<h4>Applications<\/h4>\n<p>Les informations d\u00e9taill\u00e9es fournies par le capteur de force et de couple \u00e0 6 axes sont essentielles pour les applications robotiques exigeant pr\u00e9cision et adaptabilit\u00e9\u00a0:<\/p>\n<ul>\n<li><b>Assemblage complexe :<\/b><span class=\"citation-43 citation-end-43\"> Assure une insertion, un ajustement par pression et un alignement corrects gr\u00e2ce \u00e0 un mouvement guid\u00e9 par la force et un contr\u00f4le de la conformit\u00e9.<\/span><\/li>\n<li><b>Finition de surface :<\/b><span class=\"citation-42\"> Id\u00e9al pour des t\u00e2ches comme <\/span><b><span class=\"citation-42\">polissage<\/span><\/b><span class=\"citation-42\"> et <\/span><b><span class=\"citation-42\">\u00e9bavurage<\/span><\/b><span class=\"citation-42 citation-end-42\">, car elle maintient une pression d&#039;outil constante et pr\u00e9cise sur toute la surface, quels que soient ses contours.<\/span><\/li>\n<li><b><span class=\"citation-41\">Tests de produits\/Contr\u00f4le qualit\u00e9\u00a0:<\/span><\/b><span class=\"citation-41 citation-end-41\"> Permet aux robots d&#039;appliquer une force d\u00e9finie et contr\u00f4l\u00e9e afin de tester la durabilit\u00e9 d&#039;un produit ou de mesurer si un objet est plac\u00e9 trop serr\u00e9 ou trop l\u00e2che.<\/span><\/li>\n<li><b><span class=\"citation-40\">Recherche en robotique :<\/span><\/b><span class=\"citation-40 citation-end-40\"> Fournit les donn\u00e9es granulaires n\u00e9cessaires au d\u00e9veloppement d&#039;algorithmes de contr\u00f4le avanc\u00e9s, de fonctionnalit\u00e9s de s\u00e9curit\u00e9 pour la collaboration homme-robot (HRC) et de syst\u00e8mes de t\u00e9l\u00e9op\u00e9ration.<\/span><\/li>\n<\/ul>\n<h4>Compatibilit\u00e9 et int\u00e9gration<\/h4>\n<p><span class=\"citation-39 citation-end-39\">Le capteur est con\u00e7u pour une int\u00e9gration facile, notamment avec la gamme de robots collaboratifs d&#039;UFACTORY\u00a0:<\/span><\/p>\n<ul>\n<li><b><span class=\"citation-38\">Compatibilit\u00e9:<\/span><\/b><span class=\"citation-38 citation-end-38\"> Enti\u00e8rement compatible avec UFACTORY xArm 5, xArm 6, xArm 7 et UFACTORY 850 (v\u00e9rifiez la compatibilit\u00e9 de la version sp\u00e9cifique).<\/span><\/li>\n<li><b><span class=\"citation-37\">Int\u00e9gration transparente :<\/span><\/b><span class=\"citation-37 citation-end-37\"> Il pr\u00e9sente une conception compacte et une interface intuitive pour une configuration et un \u00e9talonnage rapides, simplifiant ainsi l&#039;ajout de cette fonctionnalit\u00e9 avanc\u00e9e aux syst\u00e8mes robotiques existants.<\/span><\/li>\n<\/ul>\n<p>Ce capteur conf\u00e8re \u00e0 votre bras robotis\u00e9 la capacit\u00e9 de \u00ab sentir \u00bb, le transformant d&#039;un simple dispositif de positionnement en un v\u00e9ritable outil de contr\u00f4le. <b>outil habile et adaptable<\/b>.<\/p>","protected":false},"excerpt":{"rendered":"<p><span class=\"citation-51\">Le <\/span><b><span class=\"citation-51\">Capteur de force et de couple UFACTORY \u00e0 6 axes<\/span><\/b><span class=\"citation-51 citation-end-51\"> est un instrument de haute pr\u00e9cision con\u00e7u pour doter les bras robotis\u00e9s d&#039;un sens du toucher sophistiqu\u00e9, leur permettant d&#039;effectuer des t\u00e2ches complexes et d\u00e9licates avec un contr\u00f4le m\u00e9ticuleux.<\/span> <span class=\"citation-50\">En mesurant les deux <\/span><b><span class=\"citation-50\">force (Fx, Fy, Fz)<\/span><\/b><span class=\"citation-50\"> et <\/span><b><span class=\"citation-50\">couple (Tx, Ty, Tz)<\/span><\/b><span class=\"citation-50 citation-end-50\"> Ce capteur, fonctionnant simultan\u00e9ment sur les six axes, fournit un retour d&#039;information complet et en temps r\u00e9el sur l&#039;interaction du robot avec son environnement.<\/span><\/p>\n<div class=\"source-inline-chip-container ng-star-inserted\"><\/div>\n<div class=\"source-inline-chip-container ng-star-inserted\"><\/div>","protected":false},"featured_media":22890,"comment_status":"open","ping_status":"closed","template":"","meta":[],"product_brand":[1148],"product_cat":[1041,1037,1145,1147],"product_tag":[1149,1158,1150,1157,1159,1160],"class_list":{"0":"post-22889","1":"product","2":"type-product","3":"status-publish","4":"has-post-thumbnail","6":"product_brand-ufactory","7":"product_cat-arms-grippers","8":"product_cat-robotics","9":"product_cat-ufactory","10":"product_cat-ufactory-accessories","11":"product_tag-ufactory","12":"product_tag-ufactory-850-accessories","13":"product_tag-ufactory-850-series","14":"product_tag-ufactory-accessories","15":"product_tag-ufactory-xarm-accessories","16":"product_tag-ufactory-xarm-series-accessories","18":"first","19":"onbackorder","20":"taxable","21":"shipping-taxable","22":"purchasable","23":"product-type-simple"},"yoast_head":"<!-- This site is optimized with the Yoast SEO plugin v27.1.1 - https:\/\/yoast.com\/product\/yoast-seo-wordpress\/ -->\n<title>Ufactory 6 Axis Force Torque Sensor - Ghostysky<\/title>\n<meta name=\"description\" content=\"The UFACTORY 6-Axis Force Torque Sensor is a high-precision instrument designed to equip robotic arms with a sophisticated sense of touch, enabling them to perform complex and delicate tasks with meticulous control. By measuring both force (Fx, Fy, Fz) and torque (Tx, Ty, Tz) simultaneously across all six axes, this sensor provides real-time, comprehensive feedback on the robot&#039;s interaction with its environment.\" \/>\n<meta name=\"robots\" content=\"index, follow, max-snippet:-1, max-image-preview:large, max-video-preview:-1\" \/>\n<link rel=\"canonical\" href=\"https:\/\/www.ghostysky.com\/fr\/product\/ufactory-6-axis-force-torque-sensor\/\" \/>\n<meta property=\"og:locale\" content=\"fr_FR\" \/>\n<meta property=\"og:type\" content=\"article\" \/>\n<meta property=\"og:title\" content=\"Ufactory 6 Axis Force Torque Sensor - Ghostysky\" \/>\n<meta property=\"og:description\" content=\"The UFACTORY 6-Axis Force Torque Sensor is a high-precision instrument designed to equip robotic arms with a sophisticated sense of touch, enabling them to perform complex and delicate tasks with meticulous control. By measuring both force (Fx, Fy, Fz) and torque (Tx, Ty, Tz) simultaneously across all six axes, this sensor provides real-time, comprehensive feedback on the robot&#039;s interaction with its environment.\" \/>\n<meta property=\"og:url\" content=\"https:\/\/www.ghostysky.com\/fr\/product\/ufactory-6-axis-force-torque-sensor\/\" \/>\n<meta property=\"og:site_name\" content=\"Ghostysky\" \/>\n<meta property=\"article:publisher\" content=\"https:\/\/www.facebook.com\/people\/Ghostysky\/100057676170234\/\" \/>\n<meta property=\"article:modified_time\" content=\"2025-11-06T07:31:09+00:00\" \/>\n<meta property=\"og:image\" content=\"https:\/\/www.ghostysky.com\/wp-content\/uploads\/2025\/11\/GH_6-Axis-Force-Torque-Sensor_1.jpg\" \/>\n\t<meta property=\"og:image:width\" content=\"500\" \/>\n\t<meta property=\"og:image:height\" content=\"500\" \/>\n\t<meta property=\"og:image:type\" content=\"image\/jpeg\" \/>\n<meta name=\"twitter:card\" content=\"summary_large_image\" \/>\n<meta name=\"twitter:site\" content=\"@Gh0stysky\" \/>\n<meta name=\"twitter:label1\" content=\"Dur\u00e9e de lecture estim\u00e9e\" \/>\n\t<meta name=\"twitter:data1\" content=\"2 minutes\" \/>\n<script type=\"application\/ld+json\" class=\"yoast-schema-graph\">{\"@context\":\"https:\/\/schema.org\",\"@graph\":[{\"@type\":\"WebPage\",\"@id\":\"https:\/\/www.ghostysky.com\/product\/ufactory-6-axis-force-torque-sensor\/\",\"url\":\"https:\/\/www.ghostysky.com\/product\/ufactory-6-axis-force-torque-sensor\/\",\"name\":\"Ufactory 6 Axis Force Torque Sensor - Ghostysky\",\"isPartOf\":{\"@id\":\"https:\/\/www.ghostysky.com\/#website\"},\"primaryImageOfPage\":{\"@id\":\"https:\/\/www.ghostysky.com\/product\/ufactory-6-axis-force-torque-sensor\/#primaryimage\"},\"image\":{\"@id\":\"https:\/\/www.ghostysky.com\/product\/ufactory-6-axis-force-torque-sensor\/#primaryimage\"},\"thumbnailUrl\":\"https:\/\/www.ghostysky.com\/wp-content\/uploads\/2025\/11\/GH_6-Axis-Force-Torque-Sensor_1.jpg\",\"datePublished\":\"2025-11-06T07:13:04+00:00\",\"dateModified\":\"2025-11-06T07:31:09+00:00\",\"description\":\"The UFACTORY 6-Axis Force Torque Sensor is a high-precision instrument designed to equip robotic arms with a sophisticated sense of touch, enabling them to perform complex and delicate tasks with meticulous control. By measuring both force (Fx, Fy, Fz) and torque (Tx, Ty, Tz) simultaneously across all six axes, this sensor provides real-time, comprehensive feedback on the robot's interaction with its environment.\",\"breadcrumb\":{\"@id\":\"https:\/\/www.ghostysky.com\/product\/ufactory-6-axis-force-torque-sensor\/#breadcrumb\"},\"inLanguage\":\"fr-FR\",\"potentialAction\":[{\"@type\":\"ReadAction\",\"target\":[\"https:\/\/www.ghostysky.com\/product\/ufactory-6-axis-force-torque-sensor\/\"]}]},{\"@type\":\"ImageObject\",\"inLanguage\":\"fr-FR\",\"@id\":\"https:\/\/www.ghostysky.com\/product\/ufactory-6-axis-force-torque-sensor\/#primaryimage\",\"url\":\"https:\/\/www.ghostysky.com\/wp-content\/uploads\/2025\/11\/GH_6-Axis-Force-Torque-Sensor_1.jpg\",\"contentUrl\":\"https:\/\/www.ghostysky.com\/wp-content\/uploads\/2025\/11\/GH_6-Axis-Force-Torque-Sensor_1.jpg\",\"width\":500,\"height\":500},{\"@type\":\"BreadcrumbList\",\"@id\":\"https:\/\/www.ghostysky.com\/product\/ufactory-6-axis-force-torque-sensor\/#breadcrumb\",\"itemListElement\":[{\"@type\":\"ListItem\",\"position\":1,\"name\":\"Home\",\"item\":\"https:\/\/www.ghostysky.com\/\"},{\"@type\":\"ListItem\",\"position\":2,\"name\":\"Shop\",\"item\":\"https:\/\/www.ghostysky.com\/shop\/\"},{\"@type\":\"ListItem\",\"position\":3,\"name\":\"Ufactory 6 Axis Force Torque Sensor\"}]},{\"@type\":\"WebSite\",\"@id\":\"https:\/\/www.ghostysky.com\/#website\",\"url\":\"https:\/\/www.ghostysky.com\/\",\"name\":\"Ghostysky\",\"description\":\"Delivering professional drones and services\",\"publisher\":{\"@id\":\"https:\/\/www.ghostysky.com\/#organization\"},\"potentialAction\":[{\"@type\":\"SearchAction\",\"target\":{\"@type\":\"EntryPoint\",\"urlTemplate\":\"https:\/\/www.ghostysky.com\/?s={search_term_string}\"},\"query-input\":{\"@type\":\"PropertyValueSpecification\",\"valueRequired\":true,\"valueName\":\"search_term_string\"}}],\"inLanguage\":\"fr-FR\"},{\"@type\":\"Organization\",\"@id\":\"https:\/\/www.ghostysky.com\/#organization\",\"name\":\"Ghostysky\",\"url\":\"https:\/\/www.ghostysky.com\/\",\"logo\":{\"@type\":\"ImageObject\",\"inLanguage\":\"fr-FR\",\"@id\":\"https:\/\/www.ghostysky.com\/#\/schema\/logo\/image\/\",\"url\":\"https:\/\/www.ghostysky.com\/wp-content\/uploads\/2020\/06\/cropped-ghostyskylogo_text_white2.png\",\"contentUrl\":\"https:\/\/www.ghostysky.com\/wp-content\/uploads\/2020\/06\/cropped-ghostyskylogo_text_white2.png\",\"width\":169,\"height\":56,\"caption\":\"Ghostysky\"},\"image\":{\"@id\":\"https:\/\/www.ghostysky.com\/#\/schema\/logo\/image\/\"},\"sameAs\":[\"https:\/\/www.facebook.com\/people\/Ghostysky\/100057676170234\/\",\"https:\/\/x.com\/Gh0stysky\",\"https:\/\/www.linkedin.com\/company\/34739653\",\"https:\/\/www.instagram.com\/gh0stysky\"]}]}<\/script>\n<!-- \/ Yoast SEO plugin. -->","yoast_head_json":{"title":"Capteur de force et de couple 6 axes Ufactory - Ghostysky","description":"Le capteur de force et de couple UFACTORY \u00e0 6 axes est un instrument de haute pr\u00e9cision con\u00e7u pour doter les bras robotis\u00e9s d&#039;un sens du toucher sophistiqu\u00e9, leur permettant d&#039;effectuer des t\u00e2ches complexes et d\u00e9licates avec un contr\u00f4le m\u00e9ticuleux. En mesurant simultan\u00e9ment la force (Fx, Fy, Fz) et le couple (Tx, Ty, Tz) sur les six axes, ce capteur fournit un retour d&#039;information complet et en temps r\u00e9el sur l&#039;interaction du robot avec son environnement.","robots":{"index":"index","follow":"follow","max-snippet":"max-snippet:-1","max-image-preview":"max-image-preview:large","max-video-preview":"max-video-preview:-1"},"canonical":"https:\/\/www.ghostysky.com\/fr\/product\/ufactory-6-axis-force-torque-sensor\/","og_locale":"fr_FR","og_type":"article","og_title":"Ufactory 6 Axis Force Torque Sensor - Ghostysky","og_description":"The UFACTORY 6-Axis Force Torque Sensor is a high-precision instrument designed to equip robotic arms with a sophisticated sense of touch, enabling them to perform complex and delicate tasks with meticulous control. By measuring both force (Fx, Fy, Fz) and torque (Tx, Ty, Tz) simultaneously across all six axes, this sensor provides real-time, comprehensive feedback on the robot's interaction with its environment.","og_url":"https:\/\/www.ghostysky.com\/fr\/product\/ufactory-6-axis-force-torque-sensor\/","og_site_name":"Ghostysky","article_publisher":"https:\/\/www.facebook.com\/people\/Ghostysky\/100057676170234\/","article_modified_time":"2025-11-06T07:31:09+00:00","og_image":[{"width":500,"height":500,"url":"https:\/\/www.ghostysky.com\/wp-content\/uploads\/2025\/11\/GH_6-Axis-Force-Torque-Sensor_1.jpg","type":"image\/jpeg"}],"twitter_card":"summary_large_image","twitter_site":"@Gh0stysky","twitter_misc":{"Dur\u00e9e de lecture estim\u00e9e":"2 minutes"},"schema":{"@context":"https:\/\/schema.org","@graph":[{"@type":"WebPage","@id":"https:\/\/www.ghostysky.com\/product\/ufactory-6-axis-force-torque-sensor\/","url":"https:\/\/www.ghostysky.com\/product\/ufactory-6-axis-force-torque-sensor\/","name":"Capteur de force et de couple 6 axes Ufactory - Ghostysky","isPartOf":{"@id":"https:\/\/www.ghostysky.com\/#website"},"primaryImageOfPage":{"@id":"https:\/\/www.ghostysky.com\/product\/ufactory-6-axis-force-torque-sensor\/#primaryimage"},"image":{"@id":"https:\/\/www.ghostysky.com\/product\/ufactory-6-axis-force-torque-sensor\/#primaryimage"},"thumbnailUrl":"https:\/\/www.ghostysky.com\/wp-content\/uploads\/2025\/11\/GH_6-Axis-Force-Torque-Sensor_1.jpg","datePublished":"2025-11-06T07:13:04+00:00","dateModified":"2025-11-06T07:31:09+00:00","description":"Le capteur de force et de couple UFACTORY \u00e0 6 axes est un instrument de haute pr\u00e9cision con\u00e7u pour doter les bras robotis\u00e9s d&#039;un sens du toucher sophistiqu\u00e9, leur permettant d&#039;effectuer des t\u00e2ches complexes et d\u00e9licates avec un contr\u00f4le m\u00e9ticuleux. En mesurant simultan\u00e9ment la force (Fx, Fy, Fz) et le couple (Tx, Ty, Tz) sur les six axes, ce capteur fournit un retour d&#039;information complet et en temps r\u00e9el sur l&#039;interaction du robot avec son environnement.","breadcrumb":{"@id":"https:\/\/www.ghostysky.com\/product\/ufactory-6-axis-force-torque-sensor\/#breadcrumb"},"inLanguage":"fr-FR","potentialAction":[{"@type":"ReadAction","target":["https:\/\/www.ghostysky.com\/product\/ufactory-6-axis-force-torque-sensor\/"]}]},{"@type":"ImageObject","inLanguage":"fr-FR","@id":"https:\/\/www.ghostysky.com\/product\/ufactory-6-axis-force-torque-sensor\/#primaryimage","url":"https:\/\/www.ghostysky.com\/wp-content\/uploads\/2025\/11\/GH_6-Axis-Force-Torque-Sensor_1.jpg","contentUrl":"https:\/\/www.ghostysky.com\/wp-content\/uploads\/2025\/11\/GH_6-Axis-Force-Torque-Sensor_1.jpg","width":500,"height":500},{"@type":"BreadcrumbList","@id":"https:\/\/www.ghostysky.com\/product\/ufactory-6-axis-force-torque-sensor\/#breadcrumb","itemListElement":[{"@type":"ListItem","position":1,"name":"Home","item":"https:\/\/www.ghostysky.com\/"},{"@type":"ListItem","position":2,"name":"Shop","item":"https:\/\/www.ghostysky.com\/shop\/"},{"@type":"ListItem","position":3,"name":"Ufactory 6 Axis Force Torque Sensor"}]},{"@type":"WebSite","@id":"https:\/\/www.ghostysky.com\/#website","url":"https:\/\/www.ghostysky.com\/","name":"Ghostysky","description":"Livraison de drones et de services professionnels","publisher":{"@id":"https:\/\/www.ghostysky.com\/#organization"},"potentialAction":[{"@type":"SearchAction","target":{"@type":"EntryPoint","urlTemplate":"https:\/\/www.ghostysky.com\/?s={search_term_string}"},"query-input":{"@type":"PropertyValueSpecification","valueRequired":true,"valueName":"search_term_string"}}],"inLanguage":"fr-FR"},{"@type":"Organization","@id":"https:\/\/www.ghostysky.com\/#organization","name":"Ghostysky","url":"https:\/\/www.ghostysky.com\/","logo":{"@type":"ImageObject","inLanguage":"fr-FR","@id":"https:\/\/www.ghostysky.com\/#\/schema\/logo\/image\/","url":"https:\/\/www.ghostysky.com\/wp-content\/uploads\/2020\/06\/cropped-ghostyskylogo_text_white2.png","contentUrl":"https:\/\/www.ghostysky.com\/wp-content\/uploads\/2020\/06\/cropped-ghostyskylogo_text_white2.png","width":169,"height":56,"caption":"Ghostysky"},"image":{"@id":"https:\/\/www.ghostysky.com\/#\/schema\/logo\/image\/"},"sameAs":["https:\/\/www.facebook.com\/people\/Ghostysky\/100057676170234\/","https:\/\/x.com\/Gh0stysky","https:\/\/www.linkedin.com\/company\/34739653","https:\/\/www.instagram.com\/gh0stysky"]}]}},"_links":{"self":[{"href":"https:\/\/www.ghostysky.com\/fr\/wp-json\/wp\/v2\/product\/22889","targetHints":{"allow":["GET"]}}],"collection":[{"href":"https:\/\/www.ghostysky.com\/fr\/wp-json\/wp\/v2\/product"}],"about":[{"href":"https:\/\/www.ghostysky.com\/fr\/wp-json\/wp\/v2\/types\/product"}],"replies":[{"embeddable":true,"href":"https:\/\/www.ghostysky.com\/fr\/wp-json\/wp\/v2\/comments?post=22889"}],"wp:featuredmedia":[{"embeddable":true,"href":"https:\/\/www.ghostysky.com\/fr\/wp-json\/wp\/v2\/media\/22890"}],"wp:attachment":[{"href":"https:\/\/www.ghostysky.com\/fr\/wp-json\/wp\/v2\/media?parent=22889"}],"wp:term":[{"taxonomy":"product_brand","embeddable":true,"href":"https:\/\/www.ghostysky.com\/fr\/wp-json\/wp\/v2\/product_brand?post=22889"},{"taxonomy":"product_cat","embeddable":true,"href":"https:\/\/www.ghostysky.com\/fr\/wp-json\/wp\/v2\/product_cat?post=22889"},{"taxonomy":"product_tag","embeddable":true,"href":"https:\/\/www.ghostysky.com\/fr\/wp-json\/wp\/v2\/product_tag?post=22889"}],"curies":[{"name":"wp","href":"https:\/\/api.w.org\/{rel}","templated":true}]}}