{"id":22893,"date":"2025-11-06T07:44:44","date_gmt":"2025-11-06T07:44:44","guid":{"rendered":"https:\/\/www.ghostysky.com\/?post_type=product&#038;p=22893"},"modified":"2025-11-06T07:46:20","modified_gmt":"2025-11-06T07:46:20","slug":"ufactory-bio-gripper-g2","status":"publish","type":"product","link":"https:\/\/www.ghostysky.com\/fr\/product\/ufactory-bio-gripper-g2\/","title":{"rendered":"Ufactory BIO Gripper G2"},"content":{"rendered":"<h4>Caract\u00e9ristiques principales<\/h4>\n<ul>\n<li><b><span class=\"citation-67\">Sp\u00e9cialis\u00e9 dans la manipulation des liquides :<\/span><\/b><span class=\"citation-67\"> Con\u00e7u sp\u00e9cifiquement pour la manipulation de la verrerie de laboratoire courante, comme <\/span><b><span class=\"citation-67\">plaques multipuits, tubes \u00e0 essai et supports de pipettes<\/span><\/b><span class=\"citation-67 citation-end-67\"> avec stabilit\u00e9 et pr\u00e9cision.<\/span><\/li>\n<li><b><span class=\"citation-66\">Extr\u00e9mit\u00e9s des doigts personnalisables\u00a0:<\/span><\/b><span class=\"citation-66\"> Caract\u00e9ristiques <\/span><b><span class=\"citation-66\">doigts interchangeables et personnalisables<\/span><\/b><span class=\"citation-66 citation-end-66\"> pour assurer une prise en main stable et s\u00fbre, adapt\u00e9e aux diff\u00e9rentes formes et tailles de produits, et maximisant ainsi la flexibilit\u00e9 de pr\u00e9hension.<\/span><\/li>\n<li><b><span class=\"citation-65\">D\u00e9ploiement rapide et personnalisation facile\u00a0:<\/span><\/b><span class=\"citation-65 citation-end-65\"> Con\u00e7u pour un d\u00e9ploiement intelligent et rapide et une personnalisation simple, r\u00e9duisant ainsi le temps d&#039;installation et de programmation.<\/span><\/li>\n<li><b><span class=\"citation-64\">Int\u00e9gration transparente de xArm\u00a0:<\/span><\/b><span class=\"citation-64\"> Hautement int\u00e9gr\u00e9 aux robots xArm 5, 6 et 7 d&#039;UFACTORY, il se connecte souvent via un port d&#039;E\/S interne pour une <\/span><b><span class=\"citation-64\">Sans fil, stable et compact<\/span><\/b><span class=\"citation-64 citation-end-64\"> installation.<\/span><\/li>\n<li><b><span class=\"citation-63\">Retour d&#039;information et d\u00e9tection avanc\u00e9s\u00a0:<\/span><\/b><span class=\"citation-63\"> Comprend des fonctionnalit\u00e9s avanc\u00e9es telles que <\/span><b><span class=\"citation-63\">d\u00e9tection de chute<\/span><\/b><span class=\"citation-63\"> et <\/span><b><span class=\"citation-63\">d\u00e9tection de ramassage<\/span><\/b><span class=\"citation-63 citation-end-63\"> pour assurer une manutention pr\u00e9cise et s\u00e9curis\u00e9e des objets.<\/span><\/li>\n<li><b><span class=\"citation-62\">Contr\u00f4le programmable\u00a0:<\/span><\/b><span class=\"citation-62\"> Offre un contr\u00f4le programmable des sp\u00e9cifications de pr\u00e9hension, notamment <\/span><b><span class=\"citation-62\">r\u00e9gulation de vitesse<\/span><\/b><span class=\"citation-62 citation-end-62\">, avec un retour d&#039;information en temps r\u00e9el sur l&#039;\u00e9tat de fonctionnement et la puissance.<\/span><\/li>\n<\/ul>\n<h4>Sp\u00e9cifications techniques (BIO Gripper G2)<\/h4>\n<table>\n<thead>\n<tr>\n<td><strong>Sp\u00e9cification<\/strong><\/td>\n<td><strong>Valeur<\/strong><\/td>\n<\/tr>\n<\/thead>\n<tbody>\n<tr>\n<td><b>Application principale<\/b><\/td>\n<td>Manipulation de liquides, automatisation de laboratoire<\/td>\n<\/tr>\n<tr>\n<td><b>Tension d&#039;alimentation nominale<\/b><\/td>\n<td>24 V CC<\/td>\n<\/tr>\n<tr>\n<td><b>Force de pr\u00e9hension maximale<\/b><\/td>\n<td>20 N<\/td>\n<\/tr>\n<tr>\n<td><b>Course \/ Plage de prise en main<\/b><\/td>\n<td>71\u2013150 mm (Doigts par d\u00e9faut)<\/td>\n<\/tr>\n<tr>\n<td><b>Plage de travail (doigts par d\u00e9faut)<\/b><\/td>\n<td>48 \u2013 129 mm<\/td>\n<\/tr>\n<tr>\n<td><b>Type de doigt<\/b><\/td>\n<td>Commutable \/ Personnalisable<\/td>\n<\/tr>\n<tr>\n<td><b>Protocole de communication<\/b><\/td>\n<td>Modbus RTU (sur RS-485)<\/td>\n<\/tr>\n<tr>\n<td><b>Retour<\/b><\/td>\n<td>D\u00e9tection de chute, d\u00e9tection de ramassage<\/td>\n<\/tr>\n<tr>\n<td><b>Poids<\/b><\/td>\n<td>~816 g<\/td>\n<\/tr>\n<\/tbody>\n<\/table>\n<p><span class=\"citation-61 citation-end-61\">La pince BIO Gripper G2 se distingue comme un outil polyvalent et intelligent, permettant une automatisation fiable des t\u00e2ches d\u00e9licates et r\u00e9p\u00e9titives dans les sciences de la vie et la recherche.<\/span><\/p>\n<div class=\"source-inline-chip-container ng-star-inserted\"><\/div>\n<p>&nbsp;<\/p>","protected":false},"excerpt":{"rendered":"<p><span class=\"citation-69\">Le <\/span><b><span class=\"citation-69\">UFACTORY BIO Gripper G2<\/span><\/b><span class=\"citation-69\"> est une pince collaborative avanc\u00e9e et flexible sp\u00e9cialement con\u00e7ue pour <\/span><b><span class=\"citation-69\">manipulation de liquides et automatisation de laboratoire<\/span><\/b><span class=\"citation-69 citation-end-69\"> flux de travail.<\/span> <span class=\"citation-68 citation-end-68\">Con\u00e7u pour une int\u00e9gration parfaite avec la s\u00e9rie de bras robotiques xArm d&#039;UFACTORY, cet effecteur terminal offre la pr\u00e9cision, l&#039;adaptabilit\u00e9 et la fiabilit\u00e9 essentielles aux environnements de biotechnologie, pharmaceutiques et de recherche.<\/span><\/p>","protected":false},"featured_media":22897,"comment_status":"open","ping_status":"closed","template":"","meta":[],"product_brand":[1148],"product_cat":[1041,1037,1145,1147],"product_tag":[1149,1158,1150,1157,1159,1160],"class_list":{"0":"post-22893","1":"product","2":"type-product","3":"status-publish","4":"has-post-thumbnail","6":"product_brand-ufactory","7":"product_cat-arms-grippers","8":"product_cat-robotics","9":"product_cat-ufactory","10":"product_cat-ufactory-accessories","11":"product_tag-ufactory","12":"product_tag-ufactory-850-accessories","13":"product_tag-ufactory-850-series","14":"product_tag-ufactory-accessories","15":"product_tag-ufactory-xarm-accessories","16":"product_tag-ufactory-xarm-series-accessories","18":"first","19":"onbackorder","20":"taxable","21":"shipping-taxable","22":"purchasable","23":"product-type-simple"},"yoast_head":"<!-- This site is optimized with the Yoast SEO plugin v27.4 - https:\/\/yoast.com\/product\/yoast-seo-wordpress\/ -->\n<title>Ufactory BIO Gripper G2 - Ghostysky<\/title>\n<meta name=\"description\" content=\"The UFACTORY BIO Gripper G2 is an advanced, flexible collaborative gripper specifically engineered for liquid handling and lab automation workflows. Designed for seamless integration with UFACTORY&#039;s xArm series of robotic arms, this end-effector provides the precision, adaptability, and reliability essential for biotech, pharmaceutical, and research environments.\" \/>\n<meta name=\"robots\" content=\"index, follow, max-snippet:-1, max-image-preview:large, max-video-preview:-1\" \/>\n<link rel=\"canonical\" href=\"https:\/\/www.ghostysky.com\/fr\/product\/ufactory-bio-gripper-g2\/\" \/>\n<meta property=\"og:locale\" content=\"fr_FR\" \/>\n<meta property=\"og:type\" content=\"article\" \/>\n<meta property=\"og:title\" content=\"Ufactory BIO Gripper G2 - Ghostysky\" \/>\n<meta property=\"og:description\" content=\"The UFACTORY BIO Gripper G2 is an advanced, flexible collaborative gripper specifically engineered for liquid handling and lab automation workflows. Designed for seamless integration with UFACTORY&#039;s xArm series of robotic arms, this end-effector provides the precision, adaptability, and reliability essential for biotech, pharmaceutical, and research environments.\" \/>\n<meta property=\"og:url\" content=\"https:\/\/www.ghostysky.com\/fr\/product\/ufactory-bio-gripper-g2\/\" \/>\n<meta property=\"og:site_name\" content=\"Ghostysky\" \/>\n<meta property=\"article:publisher\" content=\"https:\/\/www.facebook.com\/people\/Ghostysky\/100057676170234\/\" \/>\n<meta property=\"article:modified_time\" content=\"2025-11-06T07:46:20+00:00\" \/>\n<meta property=\"og:image\" content=\"https:\/\/www.ghostysky.com\/wp-content\/uploads\/2025\/11\/GH_BIO-Gripper-G2_.png\" \/>\n\t<meta property=\"og:image:width\" content=\"2084\" \/>\n\t<meta property=\"og:image:height\" content=\"2084\" \/>\n\t<meta property=\"og:image:type\" content=\"image\/png\" \/>\n<meta name=\"twitter:card\" content=\"summary_large_image\" \/>\n<meta name=\"twitter:site\" content=\"@Gh0stysky\" \/>\n<meta name=\"twitter:label1\" content=\"Dur\u00e9e de lecture estim\u00e9e\" \/>\n\t<meta name=\"twitter:data1\" content=\"2 minutes\" \/>\n<script type=\"application\/ld+json\" class=\"yoast-schema-graph\">{\"@context\":\"https:\\\/\\\/schema.org\",\"@graph\":[{\"@type\":\"WebPage\",\"@id\":\"https:\\\/\\\/www.ghostysky.com\\\/product\\\/ufactory-bio-gripper-g2\\\/\",\"url\":\"https:\\\/\\\/www.ghostysky.com\\\/product\\\/ufactory-bio-gripper-g2\\\/\",\"name\":\"Ufactory BIO Gripper G2 - Ghostysky\",\"isPartOf\":{\"@id\":\"https:\\\/\\\/www.ghostysky.com\\\/#website\"},\"primaryImageOfPage\":{\"@id\":\"https:\\\/\\\/www.ghostysky.com\\\/product\\\/ufactory-bio-gripper-g2\\\/#primaryimage\"},\"image\":{\"@id\":\"https:\\\/\\\/www.ghostysky.com\\\/product\\\/ufactory-bio-gripper-g2\\\/#primaryimage\"},\"thumbnailUrl\":\"https:\\\/\\\/www.ghostysky.com\\\/wp-content\\\/uploads\\\/2025\\\/11\\\/GH_BIO-Gripper-G2_.png\",\"datePublished\":\"2025-11-06T07:44:44+00:00\",\"dateModified\":\"2025-11-06T07:46:20+00:00\",\"description\":\"The UFACTORY BIO Gripper G2 is an advanced, flexible collaborative gripper specifically engineered for liquid handling and lab automation workflows. Designed for seamless integration with UFACTORY's xArm series of robotic arms, this end-effector provides the precision, adaptability, and reliability essential for biotech, pharmaceutical, and research environments.\",\"breadcrumb\":{\"@id\":\"https:\\\/\\\/www.ghostysky.com\\\/product\\\/ufactory-bio-gripper-g2\\\/#breadcrumb\"},\"inLanguage\":\"fr-FR\",\"potentialAction\":[{\"@type\":\"ReadAction\",\"target\":[\"https:\\\/\\\/www.ghostysky.com\\\/product\\\/ufactory-bio-gripper-g2\\\/\"]}]},{\"@type\":\"ImageObject\",\"inLanguage\":\"fr-FR\",\"@id\":\"https:\\\/\\\/www.ghostysky.com\\\/product\\\/ufactory-bio-gripper-g2\\\/#primaryimage\",\"url\":\"https:\\\/\\\/www.ghostysky.com\\\/wp-content\\\/uploads\\\/2025\\\/11\\\/GH_BIO-Gripper-G2_.png\",\"contentUrl\":\"https:\\\/\\\/www.ghostysky.com\\\/wp-content\\\/uploads\\\/2025\\\/11\\\/GH_BIO-Gripper-G2_.png\",\"width\":2084,\"height\":2084},{\"@type\":\"BreadcrumbList\",\"@id\":\"https:\\\/\\\/www.ghostysky.com\\\/product\\\/ufactory-bio-gripper-g2\\\/#breadcrumb\",\"itemListElement\":[{\"@type\":\"ListItem\",\"position\":1,\"name\":\"Home\",\"item\":\"https:\\\/\\\/www.ghostysky.com\\\/\"},{\"@type\":\"ListItem\",\"position\":2,\"name\":\"Shop\",\"item\":\"https:\\\/\\\/www.ghostysky.com\\\/shop\\\/\"},{\"@type\":\"ListItem\",\"position\":3,\"name\":\"Ufactory BIO Gripper G2\"}]},{\"@type\":\"WebSite\",\"@id\":\"https:\\\/\\\/www.ghostysky.com\\\/#website\",\"url\":\"https:\\\/\\\/www.ghostysky.com\\\/\",\"name\":\"Ghostysky\",\"description\":\"Delivering professional drones and robotics solutions\",\"publisher\":{\"@id\":\"https:\\\/\\\/www.ghostysky.com\\\/#organization\"},\"potentialAction\":[{\"@type\":\"SearchAction\",\"target\":{\"@type\":\"EntryPoint\",\"urlTemplate\":\"https:\\\/\\\/www.ghostysky.com\\\/?s={search_term_string}\"},\"query-input\":{\"@type\":\"PropertyValueSpecification\",\"valueRequired\":true,\"valueName\":\"search_term_string\"}}],\"inLanguage\":\"fr-FR\"},{\"@type\":\"Organization\",\"@id\":\"https:\\\/\\\/www.ghostysky.com\\\/#organization\",\"name\":\"Ghostysky\",\"url\":\"https:\\\/\\\/www.ghostysky.com\\\/\",\"logo\":{\"@type\":\"ImageObject\",\"inLanguage\":\"fr-FR\",\"@id\":\"https:\\\/\\\/www.ghostysky.com\\\/#\\\/schema\\\/logo\\\/image\\\/\",\"url\":\"https:\\\/\\\/www.ghostysky.com\\\/wp-content\\\/uploads\\\/2020\\\/06\\\/cropped-ghostyskylogo_text_white2.png\",\"contentUrl\":\"https:\\\/\\\/www.ghostysky.com\\\/wp-content\\\/uploads\\\/2020\\\/06\\\/cropped-ghostyskylogo_text_white2.png\",\"width\":169,\"height\":56,\"caption\":\"Ghostysky\"},\"image\":{\"@id\":\"https:\\\/\\\/www.ghostysky.com\\\/#\\\/schema\\\/logo\\\/image\\\/\"},\"sameAs\":[\"https:\\\/\\\/www.facebook.com\\\/people\\\/Ghostysky\\\/100057676170234\\\/\",\"https:\\\/\\\/x.com\\\/Gh0stysky\",\"https:\\\/\\\/www.linkedin.com\\\/company\\\/34739653\",\"https:\\\/\\\/www.instagram.com\\\/gh0stysky\"]}]}<\/script>\n<!-- \/ Yoast SEO plugin. -->","yoast_head_json":{"title":"Ufactory BIO Gripper G2 - Ghostysky","description":"La pince UFACTORY BIO Gripper G2 est une pince collaborative avanc\u00e9e et flexible, sp\u00e9cialement con\u00e7ue pour la manipulation de liquides et l&#039;automatisation des flux de travail en laboratoire. Con\u00e7ue pour une int\u00e9gration parfaite avec la gamme de bras robotiques xArm d&#039;UFACTORY, cette pince offre la pr\u00e9cision, l&#039;adaptabilit\u00e9 et la fiabilit\u00e9 essentielles aux environnements de biotechnologie, pharmaceutiques et de recherche.","robots":{"index":"index","follow":"follow","max-snippet":"max-snippet:-1","max-image-preview":"max-image-preview:large","max-video-preview":"max-video-preview:-1"},"canonical":"https:\/\/www.ghostysky.com\/fr\/product\/ufactory-bio-gripper-g2\/","og_locale":"fr_FR","og_type":"article","og_title":"Ufactory BIO Gripper G2 - Ghostysky","og_description":"The UFACTORY BIO Gripper G2 is an advanced, flexible collaborative gripper specifically engineered for liquid handling and lab automation workflows. Designed for seamless integration with UFACTORY's xArm series of robotic arms, this end-effector provides the precision, adaptability, and reliability essential for biotech, pharmaceutical, and research environments.","og_url":"https:\/\/www.ghostysky.com\/fr\/product\/ufactory-bio-gripper-g2\/","og_site_name":"Ghostysky","article_publisher":"https:\/\/www.facebook.com\/people\/Ghostysky\/100057676170234\/","article_modified_time":"2025-11-06T07:46:20+00:00","og_image":[{"width":2084,"height":2084,"url":"https:\/\/www.ghostysky.com\/wp-content\/uploads\/2025\/11\/GH_BIO-Gripper-G2_.png","type":"image\/png"}],"twitter_card":"summary_large_image","twitter_site":"@Gh0stysky","twitter_misc":{"Dur\u00e9e de lecture estim\u00e9e":"2 minutes"},"schema":{"@context":"https:\/\/schema.org","@graph":[{"@type":"WebPage","@id":"https:\/\/www.ghostysky.com\/product\/ufactory-bio-gripper-g2\/","url":"https:\/\/www.ghostysky.com\/product\/ufactory-bio-gripper-g2\/","name":"Ufactory BIO Gripper G2 - Ghostysky","isPartOf":{"@id":"https:\/\/www.ghostysky.com\/#website"},"primaryImageOfPage":{"@id":"https:\/\/www.ghostysky.com\/product\/ufactory-bio-gripper-g2\/#primaryimage"},"image":{"@id":"https:\/\/www.ghostysky.com\/product\/ufactory-bio-gripper-g2\/#primaryimage"},"thumbnailUrl":"https:\/\/www.ghostysky.com\/wp-content\/uploads\/2025\/11\/GH_BIO-Gripper-G2_.png","datePublished":"2025-11-06T07:44:44+00:00","dateModified":"2025-11-06T07:46:20+00:00","description":"La pince UFACTORY BIO Gripper G2 est une pince collaborative avanc\u00e9e et flexible, sp\u00e9cialement con\u00e7ue pour la manipulation de liquides et l&#039;automatisation des flux de travail en laboratoire. Con\u00e7ue pour une int\u00e9gration parfaite avec la gamme de bras robotiques xArm d&#039;UFACTORY, cette pince offre la pr\u00e9cision, l&#039;adaptabilit\u00e9 et la fiabilit\u00e9 essentielles aux environnements de biotechnologie, pharmaceutiques et de recherche.","breadcrumb":{"@id":"https:\/\/www.ghostysky.com\/product\/ufactory-bio-gripper-g2\/#breadcrumb"},"inLanguage":"fr-FR","potentialAction":[{"@type":"ReadAction","target":["https:\/\/www.ghostysky.com\/product\/ufactory-bio-gripper-g2\/"]}]},{"@type":"ImageObject","inLanguage":"fr-FR","@id":"https:\/\/www.ghostysky.com\/product\/ufactory-bio-gripper-g2\/#primaryimage","url":"https:\/\/www.ghostysky.com\/wp-content\/uploads\/2025\/11\/GH_BIO-Gripper-G2_.png","contentUrl":"https:\/\/www.ghostysky.com\/wp-content\/uploads\/2025\/11\/GH_BIO-Gripper-G2_.png","width":2084,"height":2084},{"@type":"BreadcrumbList","@id":"https:\/\/www.ghostysky.com\/product\/ufactory-bio-gripper-g2\/#breadcrumb","itemListElement":[{"@type":"ListItem","position":1,"name":"Home","item":"https:\/\/www.ghostysky.com\/"},{"@type":"ListItem","position":2,"name":"Shop","item":"https:\/\/www.ghostysky.com\/shop\/"},{"@type":"ListItem","position":3,"name":"Ufactory BIO Gripper G2"}]},{"@type":"WebSite","@id":"https:\/\/www.ghostysky.com\/#website","url":"https:\/\/www.ghostysky.com\/","name":"Ghostysky","description":"Fourniture de solutions professionnelles en mati\u00e8re de drones et de robotique","publisher":{"@id":"https:\/\/www.ghostysky.com\/#organization"},"potentialAction":[{"@type":"SearchAction","target":{"@type":"EntryPoint","urlTemplate":"https:\/\/www.ghostysky.com\/?s={search_term_string}"},"query-input":{"@type":"PropertyValueSpecification","valueRequired":true,"valueName":"search_term_string"}}],"inLanguage":"fr-FR"},{"@type":"Organization","@id":"https:\/\/www.ghostysky.com\/#organization","name":"Ghostysky","url":"https:\/\/www.ghostysky.com\/","logo":{"@type":"ImageObject","inLanguage":"fr-FR","@id":"https:\/\/www.ghostysky.com\/#\/schema\/logo\/image\/","url":"https:\/\/www.ghostysky.com\/wp-content\/uploads\/2020\/06\/cropped-ghostyskylogo_text_white2.png","contentUrl":"https:\/\/www.ghostysky.com\/wp-content\/uploads\/2020\/06\/cropped-ghostyskylogo_text_white2.png","width":169,"height":56,"caption":"Ghostysky"},"image":{"@id":"https:\/\/www.ghostysky.com\/#\/schema\/logo\/image\/"},"sameAs":["https:\/\/www.facebook.com\/people\/Ghostysky\/100057676170234\/","https:\/\/x.com\/Gh0stysky","https:\/\/www.linkedin.com\/company\/34739653","https:\/\/www.instagram.com\/gh0stysky"]}]}},"_links":{"self":[{"href":"https:\/\/www.ghostysky.com\/fr\/wp-json\/wp\/v2\/product\/22893","targetHints":{"allow":["GET"]}}],"collection":[{"href":"https:\/\/www.ghostysky.com\/fr\/wp-json\/wp\/v2\/product"}],"about":[{"href":"https:\/\/www.ghostysky.com\/fr\/wp-json\/wp\/v2\/types\/product"}],"replies":[{"embeddable":true,"href":"https:\/\/www.ghostysky.com\/fr\/wp-json\/wp\/v2\/comments?post=22893"}],"version-history":[{"count":0,"href":"https:\/\/www.ghostysky.com\/fr\/wp-json\/wp\/v2\/product\/22893\/revisions"}],"wp:featuredmedia":[{"embeddable":true,"href":"https:\/\/www.ghostysky.com\/fr\/wp-json\/wp\/v2\/media\/22897"}],"wp:attachment":[{"href":"https:\/\/www.ghostysky.com\/fr\/wp-json\/wp\/v2\/media?parent=22893"}],"wp:term":[{"taxonomy":"product_brand","embeddable":true,"href":"https:\/\/www.ghostysky.com\/fr\/wp-json\/wp\/v2\/product_brand?post=22893"},{"taxonomy":"product_cat","embeddable":true,"href":"https:\/\/www.ghostysky.com\/fr\/wp-json\/wp\/v2\/product_cat?post=22893"},{"taxonomy":"product_tag","embeddable":true,"href":"https:\/\/www.ghostysky.com\/fr\/wp-json\/wp\/v2\/product_tag?post=22893"}],"curies":[{"name":"wp","href":"https:\/\/api.w.org\/{rel}","templated":true}]}}