{"id":23049,"date":"2025-11-06T17:10:44","date_gmt":"2025-11-06T17:10:44","guid":{"rendered":"https:\/\/www.ghostysky.com\/?post_type=product&#038;p=23049"},"modified":"2025-11-06T17:11:20","modified_gmt":"2025-11-06T17:11:20","slug":"dji-om-magnetic-phone-clamp-4","status":"publish","type":"product","link":"https:\/\/www.ghostysky.com\/fr\/product\/dji-om-magnetic-phone-clamp-4\/","title":{"rendered":"Pince magn\u00e9tique pour t\u00e9l\u00e9phone DJI OM 4"},"content":{"rendered":"<h4>Principales caract\u00e9ristiques et avantages<\/h4>\n<ul>\n<li><b>D\u00e9verrouillage magn\u00e9tique rapide sans effort\u00a0:<\/b><span class=\"citation-75\"> Dot\u00e9e d&#039;une conception magn\u00e9tique puissante, la pince vous permet de <\/span><b><span class=\"citation-75\">Fixez votre t\u00e9l\u00e9phone sur le stabilisateur en quelques secondes.<\/span><\/b><span class=\"citation-75 citation-end-75\"> et le d\u00e9tacher tout aussi rapidement.<sup class=\"superscript\" data-turn-source-index=\"3\">3<\/sup><\/span> Cela \u00e9limine le processus maladroit et fastidieux des pinces traditionnelles.<\/li>\n<li><b><span class=\"citation-74\">Conception fine et l\u00e9g\u00e8re\u00a0:<\/span><\/b><span class=\"citation-74\"> Sa conception soigneusement \u00e9tudi\u00e9e garantit un <\/span><b><span class=\"citation-74\">prise en main s\u00fbre<\/span><\/b><span class=\"citation-74 citation-end-74\"> sur votre t\u00e9l\u00e9phone sans ajouter d&#039;encombrement ni de poids inutiles, ce qui permet un \u00e9quilibrage plus rapide et pr\u00e9serve le profil \u00e9l\u00e9gant de votre appareil.<\/span><\/li>\n<li><b><span class=\"citation-73\">Prise en main s\u00fbre\u00a0:<\/span><\/b><span class=\"citation-73\"> La pince utilise des aimants puissants et une fixation m\u00e9canique pour garantir que votre smartphone reste bien en place. <\/span><b><span class=\"citation-73\">solidement et de mani\u00e8re fiable attach\u00e9<\/span><\/b><span class=\"citation-73 citation-end-73\"> au cardan, m\u00eame lors de mouvements dynamiques.<\/span><\/li>\n<li><b>Restez connect\u00e9s\u00a0:<\/b><span class=\"citation-72\"> Le m\u00e9canisme de d\u00e9gagement rapide vous permet de <\/span><b><span class=\"citation-72\">Retirez votre t\u00e9l\u00e9phone sans effort<\/span><\/b><span class=\"citation-72 citation-end-72\"> pour r\u00e9pondre aux appels ou aux messages sans avoir \u00e0 d\u00e9monter l&#039;ensemble du syst\u00e8me.<\/span><\/li>\n<li><b>Large compatibilit\u00e9 :<\/b><span class=\"citation-71 citation-end-71\"> La pince est con\u00e7ue pour s&#039;adapter \u00e0 une large gamme de smartphones, supportant diff\u00e9rentes largeurs et \u00e9paisseurs.<\/span><\/li>\n<\/ul>\n<p>&nbsp;<\/p>\n<h4>Sp\u00e9cifications du produit (approximatives)<\/h4>\n<table>\n<thead>\n<tr>\n<td><strong>Sp\u00e9cification<\/strong><\/td>\n<td><strong>D\u00e9tail<\/strong><\/td>\n<\/tr>\n<\/thead>\n<tbody>\n<tr>\n<td><b>Poids<\/b><\/td>\n<td>Environ 22 g<\/td>\n<\/tr>\n<tr>\n<td><b>Dimensions<\/b><\/td>\n<td>67,8 \u00d7 40 \u00d7 17 mm<\/td>\n<\/tr>\n<tr>\n<td><b>Largeur de t\u00e9l\u00e9phone compatible<\/b><\/td>\n<td>67-84 mm<\/td>\n<\/tr>\n<tr>\n<td><b>\u00c9paisseur de t\u00e9l\u00e9phone compatible<\/b><\/td>\n<td>6,9-10 mm<\/td>\n<\/tr>\n<tr>\n<td><b>Poids du t\u00e9l\u00e9phone compatible<\/b><\/td>\n<td>170-300 g<\/td>\n<\/tr>\n<\/tbody>\n<\/table>\n<p>&nbsp;<\/p>\n<h4>Compatibilit\u00e9<\/h4>\n<p><span class=\"citation-70 citation-end-70\">La pince magn\u00e9tique pour t\u00e9l\u00e9phone DJI OM 4 est compatible avec de nombreux stabilisateurs DJI Osmo Mobile, notamment\u00a0:<\/span><\/p>\n<ul>\n<li><span class=\"citation-69 citation-end-69\">DJI OM 6<\/span><\/li>\n<li><span class=\"citation-68 citation-end-68\">DJI OM 5<\/span><\/li>\n<li><span class=\"citation-67 citation-end-67\">DJI OM 4 SE<\/span><\/li>\n<li><span class=\"citation-66 citation-end-66\">DJI OM 4<\/span><\/li>\n<li><span class=\"citation-65 citation-end-65\">Et des mod\u00e8les plus r\u00e9cents comme l&#039;Osmo Mobile 7 \/ 7P<\/span><\/li>\n<\/ul>\n<p><b>Note:<\/b><span class=\"citation-64 citation-end-64 interactive-span-hovered\"> Cet accessoire contient des aimants.<sup class=\"superscript\" data-turn-source-index=\"14\">14<\/sup><\/span> Veuillez le tenir \u00e9loign\u00e9 des cartes magn\u00e9tiques, des stimulateurs cardiaques, des disques durs et autres objets sensibles afin d&#039;\u00e9viter toute interf\u00e9rence potentielle.<\/p>","protected":false},"excerpt":{"rendered":"<p><span class=\"citation-76\">La pince magn\u00e9tique pour t\u00e9l\u00e9phone DJI OM 4 est l&#039;accessoire ultime pour les cin\u00e9astes mobiles et les cr\u00e9ateurs de contenu, offrant une <\/span><b><span class=\"citation-76\">s\u00e9curis\u00e9, ultra-pratique et ultra-rapide<\/span><\/b><span class=\"citation-76 citation-end-76\"> moyen de connecter votre smartphone \u00e0 votre nacelle DJI Osmo Mobile pour une prise de vue imm\u00e9diate.<\/span><\/p>","protected":false},"featured_media":23052,"comment_status":"open","ping_status":"closed","template":"","meta":[],"product_brand":[1031],"product_cat":[37,1274,29,1272],"product_tag":[42,1278],"class_list":{"0":"post-23049","1":"product","2":"type-product","3":"status-publish","4":"has-post-thumbnail","6":"product_brand-dji","7":"product_cat-dji","8":"product_cat-dji-osmo-mobile-8-accessories","9":"product_cat-drones","10":"product_cat-handled","11":"product_tag-dji","12":"product_tag-dji-osmo-mobile-8-accessories","14":"first","15":"onbackorder","16":"taxable","17":"shipping-taxable","18":"purchasable","19":"product-type-simple"},"yoast_head":"<!-- This site is optimized with the Yoast SEO plugin v27.1.1 - https:\/\/yoast.com\/product\/yoast-seo-wordpress\/ -->\n<title>DJI OM Magnetic Phone Clamp 4 - Ghostysky<\/title>\n<meta name=\"description\" content=\"The DJI OM Magnetic Phone Clamp 4 is the ultimate accessory for mobile filmmakers and content creators, offering a secure, ultra-convenient, and lightning-fast way to connect your smartphone to your DJI Osmo Mobile gimbal for immediate shooting.\" \/>\n<meta name=\"robots\" content=\"index, follow, max-snippet:-1, max-image-preview:large, max-video-preview:-1\" \/>\n<link rel=\"canonical\" href=\"https:\/\/www.ghostysky.com\/fr\/product\/dji-om-magnetic-phone-clamp-4\/\" \/>\n<meta property=\"og:locale\" content=\"fr_FR\" \/>\n<meta property=\"og:type\" content=\"article\" \/>\n<meta property=\"og:title\" content=\"DJI OM Magnetic Phone Clamp 4 - Ghostysky\" \/>\n<meta property=\"og:description\" content=\"The DJI OM Magnetic Phone Clamp 4 is the ultimate accessory for mobile filmmakers and content creators, offering a secure, ultra-convenient, and lightning-fast way to connect your smartphone to your DJI Osmo Mobile gimbal for immediate shooting.\" \/>\n<meta property=\"og:url\" content=\"https:\/\/www.ghostysky.com\/fr\/product\/dji-om-magnetic-phone-clamp-4\/\" \/>\n<meta property=\"og:site_name\" content=\"Ghostysky\" \/>\n<meta property=\"article:publisher\" content=\"https:\/\/www.facebook.com\/people\/Ghostysky\/100057676170234\/\" \/>\n<meta property=\"article:modified_time\" content=\"2025-11-06T17:11:20+00:00\" \/>\n<meta property=\"og:image\" content=\"https:\/\/www.ghostysky.com\/wp-content\/uploads\/2025\/11\/GH_DJI-OM-Magnetic-Phone-Clamp-4_1.jpg\" \/>\n\t<meta property=\"og:image:width\" content=\"800\" \/>\n\t<meta property=\"og:image:height\" content=\"800\" \/>\n\t<meta property=\"og:image:type\" content=\"image\/jpeg\" \/>\n<meta name=\"twitter:card\" content=\"summary_large_image\" \/>\n<meta name=\"twitter:site\" content=\"@Gh0stysky\" \/>\n<meta name=\"twitter:label1\" content=\"Dur\u00e9e de lecture estim\u00e9e\" \/>\n\t<meta name=\"twitter:data1\" content=\"2 minutes\" \/>\n<script type=\"application\/ld+json\" class=\"yoast-schema-graph\">{\"@context\":\"https:\/\/schema.org\",\"@graph\":[{\"@type\":\"WebPage\",\"@id\":\"https:\/\/www.ghostysky.com\/product\/dji-om-magnetic-phone-clamp-4\/\",\"url\":\"https:\/\/www.ghostysky.com\/product\/dji-om-magnetic-phone-clamp-4\/\",\"name\":\"DJI OM Magnetic Phone Clamp 4 - Ghostysky\",\"isPartOf\":{\"@id\":\"https:\/\/www.ghostysky.com\/#website\"},\"primaryImageOfPage\":{\"@id\":\"https:\/\/www.ghostysky.com\/product\/dji-om-magnetic-phone-clamp-4\/#primaryimage\"},\"image\":{\"@id\":\"https:\/\/www.ghostysky.com\/product\/dji-om-magnetic-phone-clamp-4\/#primaryimage\"},\"thumbnailUrl\":\"https:\/\/www.ghostysky.com\/wp-content\/uploads\/2025\/11\/GH_DJI-OM-Magnetic-Phone-Clamp-4_1.jpg\",\"datePublished\":\"2025-11-06T17:10:44+00:00\",\"dateModified\":\"2025-11-06T17:11:20+00:00\",\"description\":\"The DJI OM Magnetic Phone Clamp 4 is the ultimate accessory for mobile filmmakers and content creators, offering a secure, ultra-convenient, and lightning-fast way to connect your smartphone to your DJI Osmo Mobile gimbal for immediate shooting.\",\"breadcrumb\":{\"@id\":\"https:\/\/www.ghostysky.com\/product\/dji-om-magnetic-phone-clamp-4\/#breadcrumb\"},\"inLanguage\":\"fr-FR\",\"potentialAction\":[{\"@type\":\"ReadAction\",\"target\":[\"https:\/\/www.ghostysky.com\/product\/dji-om-magnetic-phone-clamp-4\/\"]}]},{\"@type\":\"ImageObject\",\"inLanguage\":\"fr-FR\",\"@id\":\"https:\/\/www.ghostysky.com\/product\/dji-om-magnetic-phone-clamp-4\/#primaryimage\",\"url\":\"https:\/\/www.ghostysky.com\/wp-content\/uploads\/2025\/11\/GH_DJI-OM-Magnetic-Phone-Clamp-4_1.jpg\",\"contentUrl\":\"https:\/\/www.ghostysky.com\/wp-content\/uploads\/2025\/11\/GH_DJI-OM-Magnetic-Phone-Clamp-4_1.jpg\",\"width\":800,\"height\":800},{\"@type\":\"BreadcrumbList\",\"@id\":\"https:\/\/www.ghostysky.com\/product\/dji-om-magnetic-phone-clamp-4\/#breadcrumb\",\"itemListElement\":[{\"@type\":\"ListItem\",\"position\":1,\"name\":\"Home\",\"item\":\"https:\/\/www.ghostysky.com\/\"},{\"@type\":\"ListItem\",\"position\":2,\"name\":\"Shop\",\"item\":\"https:\/\/www.ghostysky.com\/shop\/\"},{\"@type\":\"ListItem\",\"position\":3,\"name\":\"DJI OM Magnetic Phone Clamp 4\"}]},{\"@type\":\"WebSite\",\"@id\":\"https:\/\/www.ghostysky.com\/#website\",\"url\":\"https:\/\/www.ghostysky.com\/\",\"name\":\"Ghostysky\",\"description\":\"Delivering professional drones and services\",\"publisher\":{\"@id\":\"https:\/\/www.ghostysky.com\/#organization\"},\"potentialAction\":[{\"@type\":\"SearchAction\",\"target\":{\"@type\":\"EntryPoint\",\"urlTemplate\":\"https:\/\/www.ghostysky.com\/?s={search_term_string}\"},\"query-input\":{\"@type\":\"PropertyValueSpecification\",\"valueRequired\":true,\"valueName\":\"search_term_string\"}}],\"inLanguage\":\"fr-FR\"},{\"@type\":\"Organization\",\"@id\":\"https:\/\/www.ghostysky.com\/#organization\",\"name\":\"Ghostysky\",\"url\":\"https:\/\/www.ghostysky.com\/\",\"logo\":{\"@type\":\"ImageObject\",\"inLanguage\":\"fr-FR\",\"@id\":\"https:\/\/www.ghostysky.com\/#\/schema\/logo\/image\/\",\"url\":\"https:\/\/www.ghostysky.com\/wp-content\/uploads\/2020\/06\/cropped-ghostyskylogo_text_white2.png\",\"contentUrl\":\"https:\/\/www.ghostysky.com\/wp-content\/uploads\/2020\/06\/cropped-ghostyskylogo_text_white2.png\",\"width\":169,\"height\":56,\"caption\":\"Ghostysky\"},\"image\":{\"@id\":\"https:\/\/www.ghostysky.com\/#\/schema\/logo\/image\/\"},\"sameAs\":[\"https:\/\/www.facebook.com\/people\/Ghostysky\/100057676170234\/\",\"https:\/\/x.com\/Gh0stysky\",\"https:\/\/www.linkedin.com\/company\/34739653\",\"https:\/\/www.instagram.com\/gh0stysky\"]}]}<\/script>\n<!-- \/ Yoast SEO plugin. -->","yoast_head_json":{"title":"Pince magn\u00e9tique pour t\u00e9l\u00e9phone DJI OM 4 - Ghostysky","description":"La pince magn\u00e9tique pour t\u00e9l\u00e9phone DJI OM 4 est l&#039;accessoire ultime pour les cin\u00e9astes mobiles et les cr\u00e9ateurs de contenu, offrant un moyen s\u00fbr, ultra-pratique et ultra-rapide de connecter votre smartphone \u00e0 votre nacelle DJI Osmo Mobile pour un tournage imm\u00e9diat.","robots":{"index":"index","follow":"follow","max-snippet":"max-snippet:-1","max-image-preview":"max-image-preview:large","max-video-preview":"max-video-preview:-1"},"canonical":"https:\/\/www.ghostysky.com\/fr\/product\/dji-om-magnetic-phone-clamp-4\/","og_locale":"fr_FR","og_type":"article","og_title":"DJI OM Magnetic Phone Clamp 4 - Ghostysky","og_description":"The DJI OM Magnetic Phone Clamp 4 is the ultimate accessory for mobile filmmakers and content creators, offering a secure, ultra-convenient, and lightning-fast way to connect your smartphone to your DJI Osmo Mobile gimbal for immediate shooting.","og_url":"https:\/\/www.ghostysky.com\/fr\/product\/dji-om-magnetic-phone-clamp-4\/","og_site_name":"Ghostysky","article_publisher":"https:\/\/www.facebook.com\/people\/Ghostysky\/100057676170234\/","article_modified_time":"2025-11-06T17:11:20+00:00","og_image":[{"width":800,"height":800,"url":"https:\/\/www.ghostysky.com\/wp-content\/uploads\/2025\/11\/GH_DJI-OM-Magnetic-Phone-Clamp-4_1.jpg","type":"image\/jpeg"}],"twitter_card":"summary_large_image","twitter_site":"@Gh0stysky","twitter_misc":{"Dur\u00e9e de lecture estim\u00e9e":"2 minutes"},"schema":{"@context":"https:\/\/schema.org","@graph":[{"@type":"WebPage","@id":"https:\/\/www.ghostysky.com\/product\/dji-om-magnetic-phone-clamp-4\/","url":"https:\/\/www.ghostysky.com\/product\/dji-om-magnetic-phone-clamp-4\/","name":"Pince magn\u00e9tique pour t\u00e9l\u00e9phone DJI OM 4 - Ghostysky","isPartOf":{"@id":"https:\/\/www.ghostysky.com\/#website"},"primaryImageOfPage":{"@id":"https:\/\/www.ghostysky.com\/product\/dji-om-magnetic-phone-clamp-4\/#primaryimage"},"image":{"@id":"https:\/\/www.ghostysky.com\/product\/dji-om-magnetic-phone-clamp-4\/#primaryimage"},"thumbnailUrl":"https:\/\/www.ghostysky.com\/wp-content\/uploads\/2025\/11\/GH_DJI-OM-Magnetic-Phone-Clamp-4_1.jpg","datePublished":"2025-11-06T17:10:44+00:00","dateModified":"2025-11-06T17:11:20+00:00","description":"La pince magn\u00e9tique pour t\u00e9l\u00e9phone DJI OM 4 est l&#039;accessoire ultime pour les cin\u00e9astes mobiles et les cr\u00e9ateurs de contenu, offrant un moyen s\u00fbr, ultra-pratique et ultra-rapide de connecter votre smartphone \u00e0 votre nacelle DJI Osmo Mobile pour un tournage imm\u00e9diat.","breadcrumb":{"@id":"https:\/\/www.ghostysky.com\/product\/dji-om-magnetic-phone-clamp-4\/#breadcrumb"},"inLanguage":"fr-FR","potentialAction":[{"@type":"ReadAction","target":["https:\/\/www.ghostysky.com\/product\/dji-om-magnetic-phone-clamp-4\/"]}]},{"@type":"ImageObject","inLanguage":"fr-FR","@id":"https:\/\/www.ghostysky.com\/product\/dji-om-magnetic-phone-clamp-4\/#primaryimage","url":"https:\/\/www.ghostysky.com\/wp-content\/uploads\/2025\/11\/GH_DJI-OM-Magnetic-Phone-Clamp-4_1.jpg","contentUrl":"https:\/\/www.ghostysky.com\/wp-content\/uploads\/2025\/11\/GH_DJI-OM-Magnetic-Phone-Clamp-4_1.jpg","width":800,"height":800},{"@type":"BreadcrumbList","@id":"https:\/\/www.ghostysky.com\/product\/dji-om-magnetic-phone-clamp-4\/#breadcrumb","itemListElement":[{"@type":"ListItem","position":1,"name":"Home","item":"https:\/\/www.ghostysky.com\/"},{"@type":"ListItem","position":2,"name":"Shop","item":"https:\/\/www.ghostysky.com\/shop\/"},{"@type":"ListItem","position":3,"name":"DJI OM Magnetic Phone Clamp 4"}]},{"@type":"WebSite","@id":"https:\/\/www.ghostysky.com\/#website","url":"https:\/\/www.ghostysky.com\/","name":"Ghostysky","description":"Livraison de drones et de services professionnels","publisher":{"@id":"https:\/\/www.ghostysky.com\/#organization"},"potentialAction":[{"@type":"SearchAction","target":{"@type":"EntryPoint","urlTemplate":"https:\/\/www.ghostysky.com\/?s={search_term_string}"},"query-input":{"@type":"PropertyValueSpecification","valueRequired":true,"valueName":"search_term_string"}}],"inLanguage":"fr-FR"},{"@type":"Organization","@id":"https:\/\/www.ghostysky.com\/#organization","name":"Ghostysky","url":"https:\/\/www.ghostysky.com\/","logo":{"@type":"ImageObject","inLanguage":"fr-FR","@id":"https:\/\/www.ghostysky.com\/#\/schema\/logo\/image\/","url":"https:\/\/www.ghostysky.com\/wp-content\/uploads\/2020\/06\/cropped-ghostyskylogo_text_white2.png","contentUrl":"https:\/\/www.ghostysky.com\/wp-content\/uploads\/2020\/06\/cropped-ghostyskylogo_text_white2.png","width":169,"height":56,"caption":"Ghostysky"},"image":{"@id":"https:\/\/www.ghostysky.com\/#\/schema\/logo\/image\/"},"sameAs":["https:\/\/www.facebook.com\/people\/Ghostysky\/100057676170234\/","https:\/\/x.com\/Gh0stysky","https:\/\/www.linkedin.com\/company\/34739653","https:\/\/www.instagram.com\/gh0stysky"]}]}},"_links":{"self":[{"href":"https:\/\/www.ghostysky.com\/fr\/wp-json\/wp\/v2\/product\/23049","targetHints":{"allow":["GET"]}}],"collection":[{"href":"https:\/\/www.ghostysky.com\/fr\/wp-json\/wp\/v2\/product"}],"about":[{"href":"https:\/\/www.ghostysky.com\/fr\/wp-json\/wp\/v2\/types\/product"}],"replies":[{"embeddable":true,"href":"https:\/\/www.ghostysky.com\/fr\/wp-json\/wp\/v2\/comments?post=23049"}],"wp:featuredmedia":[{"embeddable":true,"href":"https:\/\/www.ghostysky.com\/fr\/wp-json\/wp\/v2\/media\/23052"}],"wp:attachment":[{"href":"https:\/\/www.ghostysky.com\/fr\/wp-json\/wp\/v2\/media?parent=23049"}],"wp:term":[{"taxonomy":"product_brand","embeddable":true,"href":"https:\/\/www.ghostysky.com\/fr\/wp-json\/wp\/v2\/product_brand?post=23049"},{"taxonomy":"product_cat","embeddable":true,"href":"https:\/\/www.ghostysky.com\/fr\/wp-json\/wp\/v2\/product_cat?post=23049"},{"taxonomy":"product_tag","embeddable":true,"href":"https:\/\/www.ghostysky.com\/fr\/wp-json\/wp\/v2\/product_tag?post=23049"}],"curies":[{"name":"wp","href":"https:\/\/api.w.org\/{rel}","templated":true}]}}