{"id":23067,"date":"2025-11-07T16:56:08","date_gmt":"2025-11-07T16:56:08","guid":{"rendered":"https:\/\/www.ghostysky.com\/?post_type=product&#038;p=23067"},"modified":"2025-11-07T16:56:36","modified_gmt":"2025-11-07T16:56:36","slug":"geosun-gs-130g","status":"publish","type":"product","link":"https:\/\/www.ghostysky.com\/fr\/product\/geosun-gs-130g\/","title":{"rendered":"Geosun GS-130G"},"content":{"rendered":"<h4>Principales caract\u00e9ristiques et avantages<\/h4>\n<ul>\n<li><b><span class=\"citation-77 interactive-span-hovered\">Polyvalence ultime (int\u00e9gration ciel-sol)\u00a0:<\/span><\/b><span class=\"citation-77 citation-end-77 interactive-span-hovered\"> Sa conception l\u00e9g\u00e8re et compacte permet un fonctionnement fluide sur plusieurs plateformes\u00a0:<\/span>\n<ul>\n<li><b>Portable :<\/b> Id\u00e9al pour la cartographie rapide en int\u00e9rieur, en tunnel et en ext\u00e9rieur \u00e0 courte port\u00e9e.<\/li>\n<li><b><span class=\"citation-76 interactive-span-hovered\">UAV\/Drone :<\/span><\/b><span class=\"citation-76 citation-end-76 interactive-span-hovered\"> Facile \u00e0 monter sur des plateformes multirotors pour les lev\u00e9s a\u00e9riens \u00e0 grande \u00e9chelle.<\/span><\/li>\n<li><b>Sac \u00e0 dos\/V\u00e9hicule :<\/b> Adaptable \u00e0 la cartographie mobile dans des zones urbaines ou industrielles complexes<\/li>\n<\/ul>\n<\/li>\n<li><b><span class=\"citation-75 interactive-span-hovered\">Acquisition de donn\u00e9es haute densit\u00e9\u00a0:<\/span><\/b><span class=\"citation-75 interactive-span-hovered\"> Equip\u00e9 d&#039;un <\/span><b><span class=\"citation-75 interactive-span-hovered\">32 canaux<\/span><\/b><span class=\"citation-75 interactive-span-hovered\"> unit\u00e9 laser (Hesai XT32), le GS-130G capture jusqu&#039;\u00e0 <\/span><b><span class=\"citation-75 interactive-span-hovered\">1 920 000 points par seconde (triple \u00e9cho)<\/span><\/b><span class=\"citation-75 citation-end-75 interactive-span-hovered\">, garantissant des donn\u00e9es de nuage de points 3D denses, fiables et \u00e0 haute r\u00e9solution.<\/span><\/li>\n<li><b><span class=\"citation-74 interactive-span-hovered\">Pr\u00e9cision au centim\u00e8tre pr\u00e8s :<\/span><\/b><span class=\"citation-74 interactive-span-hovered\"> Dot\u00e9 d&#039;un design sophistiqu\u00e9 <\/span><b><span class=\"citation-74 interactive-span-hovered\">GNSS\/INS (unit\u00e9 de point de vente gSpin 210)<\/span><\/b><span class=\"citation-74 citation-end-74 interactive-span-hovered\"> Un algorithme de fusion combin\u00e9 \u00e0 des algorithmes SLAM avanc\u00e9s permet d&#039;obtenir une pr\u00e9cision de position absolue \u00e9lev\u00e9e\u00a0:<\/span>\n<ul>\n<li><b>Pr\u00e9cision de la port\u00e9e\u00a0: <\/b><span class=\"math-inline\" data-math=\"\\pm 1 \\text{ cm}\">1 cm<\/span><\/li>\n<li><b>Pr\u00e9cision de la position horizontale\u00a0:<\/b> <span class=\"math-inline\" data-math=\"0.02 \\text{ m}\">0,02 m<\/span><\/li>\n<\/ul>\n<\/li>\n<li><b>Port\u00e9e \u00e9tendue :<\/b><span class=\"citation-73\"> Offre une port\u00e9e de d\u00e9tection puissante allant jusqu&#039;\u00e0 <\/span><b><span class=\"citation-73\">300 m\u00e8tres<\/span><\/b><span class=\"citation-73 citation-end-73\">, assurant une couverture efficace pour les grands projets, l&#039;inspection des lignes \u00e9lectriques et les lev\u00e9s miniers.<\/span><\/li>\n<li><b><span class=\"citation-72\">Fonctionnement sans faille :<\/span><\/b><span class=\"citation-72\"> Le syst\u00e8me comprend un <\/span><b><span class=\"citation-72\">Champ de vision (FOV) horizontal de 360\u00b0 et vertical de 270\u00b0<\/span><\/b><span class=\"citation-72 citation-end-72\">, garantissant une collecte de donn\u00e9es exhaustive sans angles morts, quel que soit l&#039;environnement d&#039;exploitation (int\u00e9rieur, ext\u00e9rieur ou souterrain).<\/span><\/li>\n<li><b>Flux de travail intuitif\u00a0:<\/b> Il prend en charge la pr\u00e9visualisation en temps r\u00e9el via une application mobile d\u00e9di\u00e9e et est fourni avec le logiciel de post-traitement sp\u00e9cialis\u00e9 de Geosun (comme <i>gAirHawk<\/i>), simplifiant le calcul des trajectoires et l&#039;optimisation des nuages de points.<\/li>\n<\/ul>\n<p>&nbsp;<\/p>\n<h4>R\u00e9sum\u00e9 des sp\u00e9cifications techniques<\/h4>\n<table>\n<thead>\n<tr>\n<td><strong>Composant<\/strong><\/td>\n<td><strong>Sp\u00e9cification<\/strong><\/td>\n<\/tr>\n<\/thead>\n<tbody>\n<tr>\n<td><b>Capteur laser<\/b><\/td>\n<td>HESAI XT32 (32 canaux)<\/td>\n<\/tr>\n<tr>\n<td><b>Taux de points<\/b><\/td>\n<td>Jusqu&#039;\u00e0 1\u00a0920\u00a0000 points\/seconde (triple \u00e9cho)<\/td>\n<\/tr>\n<tr>\n<td><b>Port\u00e9e maximale<\/b><\/td>\n<td>300 m\u00e8tres<\/td>\n<\/tr>\n<tr>\n<td><b>Pr\u00e9cision de la port\u00e9e<\/b><\/td>\n<td><span class=\"math-inline\" data-math=\"\\pm 1 \\text{ cm}\">1 cm<\/span><\/td>\n<\/tr>\n<tr>\n<td><b>Poids<\/b><\/td>\n<td>Environ 1,7 kg (avec batterie)<\/td>\n<\/tr>\n<tr>\n<td><b>Syst\u00e8me de positionnement<\/b><\/td>\n<td>GNSS+INS (gSpin 210)<\/td>\n<\/tr>\n<tr>\n<td><b>Plateformes de transport<\/b><\/td>\n<td>Sac \u00e0 dos pour drone multirotor portable<\/td>\n<\/tr>\n<tr>\n<td><b>stockage de donn\u00e9es<\/b><\/td>\n<td>128 Go (compatible avec les cartes microSD jusqu&#039;\u00e0 256 Go)<\/td>\n<\/tr>\n<\/tbody>\n<\/table>\n<hr \/>\n<p><span class=\"citation-71 interactive-span-hovered\">La Geosun GS-130G est le choix professionnel des organisations exigeant une mod\u00e9lisation num\u00e9rique 3D de haute pr\u00e9cision, notamment <\/span><b><span class=\"citation-71 citation-end-71 interactive-span-hovered\">Lev\u00e9s topographiques, lev\u00e9s de tunnels miniers, construction de villes num\u00e9riques, surveillance des lignes \u00e9lectriques et lev\u00e9s de b\u00e2timents.<\/span><\/b><\/p>\n<div class=\"source-inline-chip-container ng-star-inserted\"><\/div>\n<p>&nbsp;<\/p>\n<p>&nbsp;<\/p>","protected":false},"excerpt":{"rendered":"<p><span class=\"citation-79\">Le <\/span><b><span class=\"citation-79\">Geosun GS-130G<\/span><\/b><span class=\"citation-79 citation-end-79\"> est un syst\u00e8me de num\u00e9risation LiDAR SLAM (localisation et cartographie simultan\u00e9es) de pointe et polyvalent, con\u00e7u pour red\u00e9finir l&#039;acquisition de donn\u00e9es 3D.<\/span> <span class=\"citation-78 citation-end-78\">Combinant une technologie laser de haute pr\u00e9cision avec un syst\u00e8me de positionnement robuste, le GS-130G offre une pr\u00e9cision et une flexibilit\u00e9 in\u00e9gal\u00e9es pour les lev\u00e9s topographiques et la cartographie professionnels dans tous les environnements.<\/span><\/p>","protected":false},"featured_media":23069,"comment_status":"open","ping_status":"closed","template":"","meta":[],"product_brand":[1280],"product_cat":[650,705],"product_tag":[651,1279],"class_list":{"0":"post-23067","1":"product","2":"type-product","3":"status-publish","4":"has-post-thumbnail","6":"product_brand-geosun","7":"product_cat-geosun","8":"product_cat-sensors","9":"product_tag-geosun","10":"product_tag-geosun-slam","12":"first","13":"onbackorder","14":"taxable","15":"shipping-taxable","16":"purchasable","17":"product-type-simple"},"yoast_head":"<!-- This site is optimized with the Yoast SEO plugin v27.1.1 - https:\/\/yoast.com\/product\/yoast-seo-wordpress\/ -->\n<title>Geosun GS-130G - Ghostysky<\/title>\n<meta name=\"description\" content=\"The Geosun GS-130G is a cutting-edge, versatile SLAM (Simultaneous Localization and Mapping) LiDAR scanning system designed to redefine 3D data acquisition. Combining high-precision laser technology with a robust positioning system, the GS-130G delivers unmatched accuracy and flexibility for professional surveying and mapping across any environment.\" \/>\n<meta name=\"robots\" content=\"index, follow, max-snippet:-1, max-image-preview:large, max-video-preview:-1\" \/>\n<link rel=\"canonical\" href=\"https:\/\/www.ghostysky.com\/fr\/product\/geosun-gs-130g\/\" \/>\n<meta property=\"og:locale\" content=\"fr_FR\" \/>\n<meta property=\"og:type\" content=\"article\" \/>\n<meta property=\"og:title\" content=\"Geosun GS-130G - Ghostysky\" \/>\n<meta property=\"og:description\" content=\"The Geosun GS-130G is a cutting-edge, versatile SLAM (Simultaneous Localization and Mapping) LiDAR scanning system designed to redefine 3D data acquisition. Combining high-precision laser technology with a robust positioning system, the GS-130G delivers unmatched accuracy and flexibility for professional surveying and mapping across any environment.\" \/>\n<meta property=\"og:url\" content=\"https:\/\/www.ghostysky.com\/fr\/product\/geosun-gs-130g\/\" \/>\n<meta property=\"og:site_name\" content=\"Ghostysky\" \/>\n<meta property=\"article:publisher\" content=\"https:\/\/www.facebook.com\/people\/Ghostysky\/100057676170234\/\" \/>\n<meta property=\"article:modified_time\" content=\"2025-11-07T16:56:36+00:00\" \/>\n<meta property=\"og:image\" content=\"https:\/\/www.ghostysky.com\/wp-content\/uploads\/2025\/11\/GH_Geosun_GS130G_1.webp\" \/>\n\t<meta property=\"og:image:width\" content=\"400\" \/>\n\t<meta property=\"og:image:height\" content=\"400\" \/>\n\t<meta property=\"og:image:type\" content=\"image\/webp\" \/>\n<meta name=\"twitter:card\" content=\"summary_large_image\" \/>\n<meta name=\"twitter:site\" content=\"@Gh0stysky\" \/>\n<meta name=\"twitter:label1\" content=\"Dur\u00e9e de lecture estim\u00e9e\" \/>\n\t<meta name=\"twitter:data1\" content=\"2 minutes\" \/>\n<script type=\"application\/ld+json\" class=\"yoast-schema-graph\">{\"@context\":\"https:\/\/schema.org\",\"@graph\":[{\"@type\":\"WebPage\",\"@id\":\"https:\/\/www.ghostysky.com\/product\/geosun-gs-130g\/\",\"url\":\"https:\/\/www.ghostysky.com\/product\/geosun-gs-130g\/\",\"name\":\"Geosun GS-130G - Ghostysky\",\"isPartOf\":{\"@id\":\"https:\/\/www.ghostysky.com\/#website\"},\"primaryImageOfPage\":{\"@id\":\"https:\/\/www.ghostysky.com\/product\/geosun-gs-130g\/#primaryimage\"},\"image\":{\"@id\":\"https:\/\/www.ghostysky.com\/product\/geosun-gs-130g\/#primaryimage\"},\"thumbnailUrl\":\"https:\/\/www.ghostysky.com\/wp-content\/uploads\/2025\/11\/GH_Geosun_GS130G_1.webp\",\"datePublished\":\"2025-11-07T16:56:08+00:00\",\"dateModified\":\"2025-11-07T16:56:36+00:00\",\"description\":\"The Geosun GS-130G is a cutting-edge, versatile SLAM (Simultaneous Localization and Mapping) LiDAR scanning system designed to redefine 3D data acquisition. Combining high-precision laser technology with a robust positioning system, the GS-130G delivers unmatched accuracy and flexibility for professional surveying and mapping across any environment.\",\"breadcrumb\":{\"@id\":\"https:\/\/www.ghostysky.com\/product\/geosun-gs-130g\/#breadcrumb\"},\"inLanguage\":\"fr-FR\",\"potentialAction\":[{\"@type\":\"ReadAction\",\"target\":[\"https:\/\/www.ghostysky.com\/product\/geosun-gs-130g\/\"]}]},{\"@type\":\"ImageObject\",\"inLanguage\":\"fr-FR\",\"@id\":\"https:\/\/www.ghostysky.com\/product\/geosun-gs-130g\/#primaryimage\",\"url\":\"https:\/\/www.ghostysky.com\/wp-content\/uploads\/2025\/11\/GH_Geosun_GS130G_1.webp\",\"contentUrl\":\"https:\/\/www.ghostysky.com\/wp-content\/uploads\/2025\/11\/GH_Geosun_GS130G_1.webp\",\"width\":400,\"height\":400},{\"@type\":\"BreadcrumbList\",\"@id\":\"https:\/\/www.ghostysky.com\/product\/geosun-gs-130g\/#breadcrumb\",\"itemListElement\":[{\"@type\":\"ListItem\",\"position\":1,\"name\":\"Home\",\"item\":\"https:\/\/www.ghostysky.com\/\"},{\"@type\":\"ListItem\",\"position\":2,\"name\":\"Shop\",\"item\":\"https:\/\/www.ghostysky.com\/shop\/\"},{\"@type\":\"ListItem\",\"position\":3,\"name\":\"Geosun GS-130G\"}]},{\"@type\":\"WebSite\",\"@id\":\"https:\/\/www.ghostysky.com\/#website\",\"url\":\"https:\/\/www.ghostysky.com\/\",\"name\":\"Ghostysky\",\"description\":\"Delivering professional drones and services\",\"publisher\":{\"@id\":\"https:\/\/www.ghostysky.com\/#organization\"},\"potentialAction\":[{\"@type\":\"SearchAction\",\"target\":{\"@type\":\"EntryPoint\",\"urlTemplate\":\"https:\/\/www.ghostysky.com\/?s={search_term_string}\"},\"query-input\":{\"@type\":\"PropertyValueSpecification\",\"valueRequired\":true,\"valueName\":\"search_term_string\"}}],\"inLanguage\":\"fr-FR\"},{\"@type\":\"Organization\",\"@id\":\"https:\/\/www.ghostysky.com\/#organization\",\"name\":\"Ghostysky\",\"url\":\"https:\/\/www.ghostysky.com\/\",\"logo\":{\"@type\":\"ImageObject\",\"inLanguage\":\"fr-FR\",\"@id\":\"https:\/\/www.ghostysky.com\/#\/schema\/logo\/image\/\",\"url\":\"https:\/\/www.ghostysky.com\/wp-content\/uploads\/2020\/06\/cropped-ghostyskylogo_text_white2.png\",\"contentUrl\":\"https:\/\/www.ghostysky.com\/wp-content\/uploads\/2020\/06\/cropped-ghostyskylogo_text_white2.png\",\"width\":169,\"height\":56,\"caption\":\"Ghostysky\"},\"image\":{\"@id\":\"https:\/\/www.ghostysky.com\/#\/schema\/logo\/image\/\"},\"sameAs\":[\"https:\/\/www.facebook.com\/people\/Ghostysky\/100057676170234\/\",\"https:\/\/x.com\/Gh0stysky\",\"https:\/\/www.linkedin.com\/company\/34739653\",\"https:\/\/www.instagram.com\/gh0stysky\"]}]}<\/script>\n<!-- \/ Yoast SEO plugin. -->","yoast_head_json":{"title":"Geosun GS-130G - Ghostysky","description":"Le Geosun GS-130G est un syst\u00e8me de num\u00e9risation LiDAR SLAM (localisation et cartographie simultan\u00e9es) de pointe et polyvalent, con\u00e7u pour red\u00e9finir l&#039;acquisition de donn\u00e9es 3D. Combinant une technologie laser de haute pr\u00e9cision \u00e0 un syst\u00e8me de positionnement robuste, le GS-130G offre une pr\u00e9cision et une flexibilit\u00e9 in\u00e9gal\u00e9es pour les lev\u00e9s topographiques et la cartographie professionnels dans tous les environnements.","robots":{"index":"index","follow":"follow","max-snippet":"max-snippet:-1","max-image-preview":"max-image-preview:large","max-video-preview":"max-video-preview:-1"},"canonical":"https:\/\/www.ghostysky.com\/fr\/product\/geosun-gs-130g\/","og_locale":"fr_FR","og_type":"article","og_title":"Geosun GS-130G - Ghostysky","og_description":"The Geosun GS-130G is a cutting-edge, versatile SLAM (Simultaneous Localization and Mapping) LiDAR scanning system designed to redefine 3D data acquisition. Combining high-precision laser technology with a robust positioning system, the GS-130G delivers unmatched accuracy and flexibility for professional surveying and mapping across any environment.","og_url":"https:\/\/www.ghostysky.com\/fr\/product\/geosun-gs-130g\/","og_site_name":"Ghostysky","article_publisher":"https:\/\/www.facebook.com\/people\/Ghostysky\/100057676170234\/","article_modified_time":"2025-11-07T16:56:36+00:00","og_image":[{"width":400,"height":400,"url":"https:\/\/www.ghostysky.com\/wp-content\/uploads\/2025\/11\/GH_Geosun_GS130G_1.webp","type":"image\/webp"}],"twitter_card":"summary_large_image","twitter_site":"@Gh0stysky","twitter_misc":{"Dur\u00e9e de lecture estim\u00e9e":"2 minutes"},"schema":{"@context":"https:\/\/schema.org","@graph":[{"@type":"WebPage","@id":"https:\/\/www.ghostysky.com\/product\/geosun-gs-130g\/","url":"https:\/\/www.ghostysky.com\/product\/geosun-gs-130g\/","name":"Geosun GS-130G - Ghostysky","isPartOf":{"@id":"https:\/\/www.ghostysky.com\/#website"},"primaryImageOfPage":{"@id":"https:\/\/www.ghostysky.com\/product\/geosun-gs-130g\/#primaryimage"},"image":{"@id":"https:\/\/www.ghostysky.com\/product\/geosun-gs-130g\/#primaryimage"},"thumbnailUrl":"https:\/\/www.ghostysky.com\/wp-content\/uploads\/2025\/11\/GH_Geosun_GS130G_1.webp","datePublished":"2025-11-07T16:56:08+00:00","dateModified":"2025-11-07T16:56:36+00:00","description":"Le Geosun GS-130G est un syst\u00e8me de num\u00e9risation LiDAR SLAM (localisation et cartographie simultan\u00e9es) de pointe et polyvalent, con\u00e7u pour red\u00e9finir l&#039;acquisition de donn\u00e9es 3D. Combinant une technologie laser de haute pr\u00e9cision \u00e0 un syst\u00e8me de positionnement robuste, le GS-130G offre une pr\u00e9cision et une flexibilit\u00e9 in\u00e9gal\u00e9es pour les lev\u00e9s topographiques et la cartographie professionnels dans tous les environnements.","breadcrumb":{"@id":"https:\/\/www.ghostysky.com\/product\/geosun-gs-130g\/#breadcrumb"},"inLanguage":"fr-FR","potentialAction":[{"@type":"ReadAction","target":["https:\/\/www.ghostysky.com\/product\/geosun-gs-130g\/"]}]},{"@type":"ImageObject","inLanguage":"fr-FR","@id":"https:\/\/www.ghostysky.com\/product\/geosun-gs-130g\/#primaryimage","url":"https:\/\/www.ghostysky.com\/wp-content\/uploads\/2025\/11\/GH_Geosun_GS130G_1.webp","contentUrl":"https:\/\/www.ghostysky.com\/wp-content\/uploads\/2025\/11\/GH_Geosun_GS130G_1.webp","width":400,"height":400},{"@type":"BreadcrumbList","@id":"https:\/\/www.ghostysky.com\/product\/geosun-gs-130g\/#breadcrumb","itemListElement":[{"@type":"ListItem","position":1,"name":"Home","item":"https:\/\/www.ghostysky.com\/"},{"@type":"ListItem","position":2,"name":"Shop","item":"https:\/\/www.ghostysky.com\/shop\/"},{"@type":"ListItem","position":3,"name":"Geosun GS-130G"}]},{"@type":"WebSite","@id":"https:\/\/www.ghostysky.com\/#website","url":"https:\/\/www.ghostysky.com\/","name":"Ghostysky","description":"Livraison de drones et de services professionnels","publisher":{"@id":"https:\/\/www.ghostysky.com\/#organization"},"potentialAction":[{"@type":"SearchAction","target":{"@type":"EntryPoint","urlTemplate":"https:\/\/www.ghostysky.com\/?s={search_term_string}"},"query-input":{"@type":"PropertyValueSpecification","valueRequired":true,"valueName":"search_term_string"}}],"inLanguage":"fr-FR"},{"@type":"Organization","@id":"https:\/\/www.ghostysky.com\/#organization","name":"Ghostysky","url":"https:\/\/www.ghostysky.com\/","logo":{"@type":"ImageObject","inLanguage":"fr-FR","@id":"https:\/\/www.ghostysky.com\/#\/schema\/logo\/image\/","url":"https:\/\/www.ghostysky.com\/wp-content\/uploads\/2020\/06\/cropped-ghostyskylogo_text_white2.png","contentUrl":"https:\/\/www.ghostysky.com\/wp-content\/uploads\/2020\/06\/cropped-ghostyskylogo_text_white2.png","width":169,"height":56,"caption":"Ghostysky"},"image":{"@id":"https:\/\/www.ghostysky.com\/#\/schema\/logo\/image\/"},"sameAs":["https:\/\/www.facebook.com\/people\/Ghostysky\/100057676170234\/","https:\/\/x.com\/Gh0stysky","https:\/\/www.linkedin.com\/company\/34739653","https:\/\/www.instagram.com\/gh0stysky"]}]}},"_links":{"self":[{"href":"https:\/\/www.ghostysky.com\/fr\/wp-json\/wp\/v2\/product\/23067","targetHints":{"allow":["GET"]}}],"collection":[{"href":"https:\/\/www.ghostysky.com\/fr\/wp-json\/wp\/v2\/product"}],"about":[{"href":"https:\/\/www.ghostysky.com\/fr\/wp-json\/wp\/v2\/types\/product"}],"replies":[{"embeddable":true,"href":"https:\/\/www.ghostysky.com\/fr\/wp-json\/wp\/v2\/comments?post=23067"}],"wp:featuredmedia":[{"embeddable":true,"href":"https:\/\/www.ghostysky.com\/fr\/wp-json\/wp\/v2\/media\/23069"}],"wp:attachment":[{"href":"https:\/\/www.ghostysky.com\/fr\/wp-json\/wp\/v2\/media?parent=23067"}],"wp:term":[{"taxonomy":"product_brand","embeddable":true,"href":"https:\/\/www.ghostysky.com\/fr\/wp-json\/wp\/v2\/product_brand?post=23067"},{"taxonomy":"product_cat","embeddable":true,"href":"https:\/\/www.ghostysky.com\/fr\/wp-json\/wp\/v2\/product_cat?post=23067"},{"taxonomy":"product_tag","embeddable":true,"href":"https:\/\/www.ghostysky.com\/fr\/wp-json\/wp\/v2\/product_tag?post=23067"}],"curies":[{"name":"wp","href":"https:\/\/api.w.org\/{rel}","templated":true}]}}