{"id":23125,"date":"2025-11-11T15:50:22","date_gmt":"2025-11-11T15:50:22","guid":{"rendered":"https:\/\/www.ghostysky.com\/?post_type=product&#038;p=23125"},"modified":"2025-11-11T15:56:24","modified_gmt":"2025-11-11T15:56:24","slug":"dji-mic-3-transmitter","status":"publish","type":"product","link":"https:\/\/www.ghostysky.com\/fr\/product\/dji-mic-3-transmitter\/","title":{"rendered":"\u00c9metteur DJI Mic 3"},"content":{"rendered":"<h4>Principales caract\u00e9ristiques et arguments de vente<\/h4>\n<h4>1. Audio et s\u00e9curit\u00e9 de qualit\u00e9 professionnelle<\/h4>\n<ul>\n<li><b><span class=\"citation-215 citation-end-215\">Enregistrement interne en virgule flottante 32 bits\u00a0:<\/span><\/b><span class=\"citation-214\"> L&#039;\u00e9metteur est dot\u00e9 d&#039;une m\u00e9moire int\u00e9gr\u00e9e et peut enregistrer l&#039;audio directement dans le <\/span><b><span class=\"citation-214\">flottant 32 bits<\/span><\/b><span class=\"citation-214 citation-end-214\"> format.<\/span> Cela offre une plage dynamique massive, \u00e9liminant pratiquement tout risque d&#039;\u00e9cr\u00eatage ou de saturation audio (surexposition) lors de sons forts ou soudains, offrant une flexibilit\u00e9 maximale en post-production.<\/li>\n<li><b><span class=\"citation-213\">Transmission audio sans perte\u00a0:<\/span><\/b><span class=\"citation-213\"> Il supporte jusqu&#039;\u00e0 <\/span><b><span class=\"citation-213\">Audio sans perte 48 kHz\/24 bits<\/span><\/b><span class=\"citation-213 citation-end-213\"> transmission au r\u00e9cepteur, assurant une qualit\u00e9 sonore haute fid\u00e9lit\u00e9 via la liaison sans fil.<\/span><\/li>\n<li><b>Contr\u00f4le adaptatif du gain\u00a0:<\/b><span class=\"citation-212\"> Utilise des algorithmes intelligents, notamment un <\/span><b><span class=\"citation-212\">Mode automatique<\/span><\/b><span class=\"citation-212\"> pour \u00e9viter l&#039;\u00e9cr\u00eatage dans les environnements \u00e0 fortes fluctuations (comme les \u00e9v\u00e9nements sportifs) et un <\/span><b><span class=\"citation-212\">Mode dynamique<\/span><\/b><span class=\"citation-212 citation-end-212\"> pour un volume sonore constant dans des environnements calmes (comme les studios).<\/span>\n<div class=\"source-inline-chip-container ng-star-inserted\"><\/div>\n<\/li>\n<\/ul>\n<h4>2. Conception compacte et polyvalence<\/h4>\n<ul>\n<li><b>Ultra-compact et l\u00e9ger :<\/b><span class=\"citation-211\"> L&#039;\u00e9metteur est nettement plus petit et plus l\u00e9ger que ses pr\u00e9d\u00e9cesseurs, ne pesant qu&#039;environ <\/span><b><span class=\"citation-211\">16 g (avec aimant)<\/span><\/b><span class=\"citation-211 citation-end-211\">ce qui le rend exceptionnellement discret et facile \u00e0 dissimuler.<\/span><\/li>\n<li><b>Fixation flexible\u00a0:<\/b><span class=\"citation-210\"> Prend en charge les deux <\/span><b><span class=\"citation-210\">magn\u00e9tique et \u00e0 clip<\/span><\/b><span class=\"citation-210 citation-end-210\"> des m\u00e9thodes de fixation permettant une mise en place rapide, s\u00fbre et flexible sur les talents.<\/span><\/li>\n<li><b><span class=\"citation-209\">Connexion directe au t\u00e9l\u00e9phone\u00a0:<\/span><\/b><span class=\"citation-209\"> L&#039;\u00e9metteur peut se connecter directement \u00e0 un smartphone via <\/span><b><span class=\"citation-209\">Bluetooth<\/span><\/b><span class=\"citation-209 citation-end-209\"> sans avoir besoin du r\u00e9cepteur, ce qui simplifie la configuration pour le vlogging mobile et la diffusion en direct.<\/span><\/li>\n<\/ul>\n<p>&nbsp;<\/p>\n<h4>3. Flux de travail d&#039;enregistrement am\u00e9lior\u00e9<\/h4>\n<ul>\n<li><b>Enregistrement en double fichier\u00a0:<\/b><span class=\"citation-208 citation-end-208\"> Pour des raisons de s\u00e9curit\u00e9, l&#039;\u00e9metteur peut enregistrer en interne \u00e0 la fois la piste brute originale et une version am\u00e9lior\u00e9e par un algorithme, fournissant ainsi une sauvegarde propre et une piste trait\u00e9e pour un d\u00e9lai d&#039;ex\u00e9cution rapide.<\/span><\/li>\n<li><b><span class=\"citation-207\">Dur\u00e9e de vie prolong\u00e9e de la batterie :<\/span><\/b><span class=\"citation-207\"> Fournit jusqu&#039;\u00e0 <\/span><b><span class=\"citation-207\">8 heures<\/span><\/b><span class=\"citation-207 citation-end-207\"> d&#039;un fonctionnement autonome, le bo\u00eetier de charge \u00e9tendant consid\u00e9rablement la dur\u00e9e de vie totale du syst\u00e8me.<\/span> <span class=\"citation-206 citation-end-206\">Une charge rapide de 5 minutes permet jusqu&#039;\u00e0 2 heures d&#039;utilisation.<\/span><\/li>\n<li><b><span class=\"citation-205\">Int\u00e9gration du code temporel\u00a0:<\/span><\/b><span class=\"citation-205 citation-end-205\"> Inclut une prise en charge du timecode haute pr\u00e9cision, permettant une synchronisation fluide et instantan\u00e9e de l&#039;audio enregistr\u00e9 en interne avec les s\u00e9quences multicam\u00e9ras en post-production, avec un minimum de d\u00e9rive.<\/span><\/li>\n<li><b><span class=\"citation-204\">R\u00e9duction du bruit et pr\u00e9r\u00e9glages de tonalit\u00e9\u00a0:<\/span><\/b><span class=\"citation-204\"> Offres <\/span><b><span class=\"citation-204\">R\u00e9duction du bruit \u00e0 deux niveaux<\/span><\/b><span class=\"citation-204\"> (Basique et Fort) pour g\u00e9rer le bruit de fond et <\/span><b><span class=\"citation-204\">Trois pr\u00e9r\u00e9glages de tonalit\u00e9 de voix<\/span><\/b><span class=\"citation-204 citation-end-204\"> (Normal, Riche et Brillant) pour ajuster rapidement les caract\u00e9ristiques vocales en fonction du sc\u00e9nario ou du sujet.<\/span>\n<div class=\"source-inline-chip-container ng-star-inserted\"><\/div>\n<\/li>\n<\/ul>\n<p>L&#039;\u00e9metteur DJI Mic 3 est con\u00e7u pour \u00eatre l&#039;outil d&#039;enregistrement audio portable par excellence, minimisant le temps d&#039;installation tout en maximisant la qualit\u00e9 audio et la s\u00e9curit\u00e9 pour les sc\u00e9narios d&#039;enregistrement critiques.<\/p>","protected":false},"excerpt":{"rendered":"<p><span class=\"citation-217\">Le <\/span><b><span class=\"citation-217\">\u00c9metteur DJI Mic 3<\/span><\/b><span class=\"citation-217 citation-end-217\"> est un microphone sans fil avanc\u00e9 et ultra-compact con\u00e7u pour capturer un son d&#039;une puret\u00e9 et d&#039;une qualit\u00e9 professionnelle pour les cr\u00e9ateurs de contenu, les vid\u00e9astes et les journalistes.<\/span> <span class=\"citation-216 citation-end-216\">Il sert de source discr\u00e8te d&#039;enregistrement et de transmission au sein du syst\u00e8me sans fil polyvalent DJI Mic 3.<\/span><\/p>","protected":false},"featured_media":23128,"comment_status":"open","ping_status":"closed","template":"","meta":[],"product_brand":[1031],"product_cat":[37,1272,1284],"product_tag":[42,1285],"class_list":{"0":"post-23125","1":"product","2":"type-product","3":"status-publish","4":"has-post-thumbnail","6":"product_brand-dji","7":"product_cat-dji","8":"product_cat-handled","9":"product_cat-mic-3","10":"product_tag-dji","11":"product_tag-dji-mic-3","13":"first","14":"outofstock","15":"taxable","16":"shipping-taxable","17":"purchasable","18":"product-type-simple"},"yoast_head":"<!-- This site is optimized with the Yoast SEO plugin v27.1.1 - https:\/\/yoast.com\/product\/yoast-seo-wordpress\/ -->\n<title>DJI Mic 3 Transmitter - Ghostysky<\/title>\n<meta name=\"description\" content=\"The DJI Mic 3 Transmitter is an advanced, ultra-compact wireless microphone unit designed to capture pristine, professional-grade audio for content creators, videographers, and journalists. It serves as the discreet recording and transmission source within the versatile DJI Mic 3 wireless system.\" \/>\n<meta name=\"robots\" content=\"index, follow, max-snippet:-1, max-image-preview:large, max-video-preview:-1\" \/>\n<link rel=\"canonical\" href=\"https:\/\/www.ghostysky.com\/fr\/product\/dji-mic-3-transmitter\/\" \/>\n<meta property=\"og:locale\" content=\"fr_FR\" \/>\n<meta property=\"og:type\" content=\"article\" \/>\n<meta property=\"og:title\" content=\"DJI Mic 3 Transmitter - Ghostysky\" \/>\n<meta property=\"og:description\" content=\"The DJI Mic 3 Transmitter is an advanced, ultra-compact wireless microphone unit designed to capture pristine, professional-grade audio for content creators, videographers, and journalists. It serves as the discreet recording and transmission source within the versatile DJI Mic 3 wireless system.\" \/>\n<meta property=\"og:url\" content=\"https:\/\/www.ghostysky.com\/fr\/product\/dji-mic-3-transmitter\/\" \/>\n<meta property=\"og:site_name\" content=\"Ghostysky\" \/>\n<meta property=\"article:publisher\" content=\"https:\/\/www.facebook.com\/people\/Ghostysky\/100057676170234\/\" \/>\n<meta property=\"article:modified_time\" content=\"2025-11-11T15:56:24+00:00\" \/>\n<meta property=\"og:image\" content=\"https:\/\/www.ghostysky.com\/wp-content\/uploads\/2025\/11\/GH_DJI-Mic-3-Transmitter_1.jpg\" \/>\n\t<meta property=\"og:image:width\" content=\"800\" \/>\n\t<meta property=\"og:image:height\" content=\"800\" \/>\n\t<meta property=\"og:image:type\" content=\"image\/jpeg\" \/>\n<meta name=\"twitter:card\" content=\"summary_large_image\" \/>\n<meta name=\"twitter:site\" content=\"@Gh0stysky\" \/>\n<meta name=\"twitter:label1\" content=\"Dur\u00e9e de lecture estim\u00e9e\" \/>\n\t<meta name=\"twitter:data1\" content=\"2 minutes\" \/>\n<script type=\"application\/ld+json\" class=\"yoast-schema-graph\">{\"@context\":\"https:\/\/schema.org\",\"@graph\":[{\"@type\":\"WebPage\",\"@id\":\"https:\/\/www.ghostysky.com\/product\/dji-mic-3-transmitter\/\",\"url\":\"https:\/\/www.ghostysky.com\/product\/dji-mic-3-transmitter\/\",\"name\":\"DJI Mic 3 Transmitter - Ghostysky\",\"isPartOf\":{\"@id\":\"https:\/\/www.ghostysky.com\/#website\"},\"primaryImageOfPage\":{\"@id\":\"https:\/\/www.ghostysky.com\/product\/dji-mic-3-transmitter\/#primaryimage\"},\"image\":{\"@id\":\"https:\/\/www.ghostysky.com\/product\/dji-mic-3-transmitter\/#primaryimage\"},\"thumbnailUrl\":\"https:\/\/www.ghostysky.com\/wp-content\/uploads\/2025\/11\/GH_DJI-Mic-3-Transmitter_1.jpg\",\"datePublished\":\"2025-11-11T15:50:22+00:00\",\"dateModified\":\"2025-11-11T15:56:24+00:00\",\"description\":\"The DJI Mic 3 Transmitter is an advanced, ultra-compact wireless microphone unit designed to capture pristine, professional-grade audio for content creators, videographers, and journalists. It serves as the discreet recording and transmission source within the versatile DJI Mic 3 wireless system.\",\"breadcrumb\":{\"@id\":\"https:\/\/www.ghostysky.com\/product\/dji-mic-3-transmitter\/#breadcrumb\"},\"inLanguage\":\"fr-FR\",\"potentialAction\":[{\"@type\":\"ReadAction\",\"target\":[\"https:\/\/www.ghostysky.com\/product\/dji-mic-3-transmitter\/\"]}]},{\"@type\":\"ImageObject\",\"inLanguage\":\"fr-FR\",\"@id\":\"https:\/\/www.ghostysky.com\/product\/dji-mic-3-transmitter\/#primaryimage\",\"url\":\"https:\/\/www.ghostysky.com\/wp-content\/uploads\/2025\/11\/GH_DJI-Mic-3-Transmitter_1.jpg\",\"contentUrl\":\"https:\/\/www.ghostysky.com\/wp-content\/uploads\/2025\/11\/GH_DJI-Mic-3-Transmitter_1.jpg\",\"width\":800,\"height\":800},{\"@type\":\"BreadcrumbList\",\"@id\":\"https:\/\/www.ghostysky.com\/product\/dji-mic-3-transmitter\/#breadcrumb\",\"itemListElement\":[{\"@type\":\"ListItem\",\"position\":1,\"name\":\"Home\",\"item\":\"https:\/\/www.ghostysky.com\/\"},{\"@type\":\"ListItem\",\"position\":2,\"name\":\"Shop\",\"item\":\"https:\/\/www.ghostysky.com\/shop\/\"},{\"@type\":\"ListItem\",\"position\":3,\"name\":\"DJI Mic 3 Transmitter\"}]},{\"@type\":\"WebSite\",\"@id\":\"https:\/\/www.ghostysky.com\/#website\",\"url\":\"https:\/\/www.ghostysky.com\/\",\"name\":\"Ghostysky\",\"description\":\"Delivering professional drones and services\",\"publisher\":{\"@id\":\"https:\/\/www.ghostysky.com\/#organization\"},\"potentialAction\":[{\"@type\":\"SearchAction\",\"target\":{\"@type\":\"EntryPoint\",\"urlTemplate\":\"https:\/\/www.ghostysky.com\/?s={search_term_string}\"},\"query-input\":{\"@type\":\"PropertyValueSpecification\",\"valueRequired\":true,\"valueName\":\"search_term_string\"}}],\"inLanguage\":\"fr-FR\"},{\"@type\":\"Organization\",\"@id\":\"https:\/\/www.ghostysky.com\/#organization\",\"name\":\"Ghostysky\",\"url\":\"https:\/\/www.ghostysky.com\/\",\"logo\":{\"@type\":\"ImageObject\",\"inLanguage\":\"fr-FR\",\"@id\":\"https:\/\/www.ghostysky.com\/#\/schema\/logo\/image\/\",\"url\":\"https:\/\/www.ghostysky.com\/wp-content\/uploads\/2020\/06\/cropped-ghostyskylogo_text_white2.png\",\"contentUrl\":\"https:\/\/www.ghostysky.com\/wp-content\/uploads\/2020\/06\/cropped-ghostyskylogo_text_white2.png\",\"width\":169,\"height\":56,\"caption\":\"Ghostysky\"},\"image\":{\"@id\":\"https:\/\/www.ghostysky.com\/#\/schema\/logo\/image\/\"},\"sameAs\":[\"https:\/\/www.facebook.com\/people\/Ghostysky\/100057676170234\/\",\"https:\/\/x.com\/Gh0stysky\",\"https:\/\/www.linkedin.com\/company\/34739653\",\"https:\/\/www.instagram.com\/gh0stysky\"]}]}<\/script>\n<!-- \/ Yoast SEO plugin. -->","yoast_head_json":{"title":"\u00c9metteur DJI Mic 3 - Ghostysky","description":"L&#039;\u00e9metteur DJI Mic 3 est un microphone sans fil ultra-compact et performant, con\u00e7u pour capturer un son d&#039;une puret\u00e9 exceptionnelle, digne des professionnels, pour les cr\u00e9ateurs de contenu, les vid\u00e9astes et les journalistes. Il sert de source discr\u00e8te d&#039;enregistrement et de transmission au sein du syst\u00e8me sans fil polyvalent DJI Mic 3.","robots":{"index":"index","follow":"follow","max-snippet":"max-snippet:-1","max-image-preview":"max-image-preview:large","max-video-preview":"max-video-preview:-1"},"canonical":"https:\/\/www.ghostysky.com\/fr\/product\/dji-mic-3-transmitter\/","og_locale":"fr_FR","og_type":"article","og_title":"DJI Mic 3 Transmitter - Ghostysky","og_description":"The DJI Mic 3 Transmitter is an advanced, ultra-compact wireless microphone unit designed to capture pristine, professional-grade audio for content creators, videographers, and journalists. It serves as the discreet recording and transmission source within the versatile DJI Mic 3 wireless system.","og_url":"https:\/\/www.ghostysky.com\/fr\/product\/dji-mic-3-transmitter\/","og_site_name":"Ghostysky","article_publisher":"https:\/\/www.facebook.com\/people\/Ghostysky\/100057676170234\/","article_modified_time":"2025-11-11T15:56:24+00:00","og_image":[{"width":800,"height":800,"url":"https:\/\/www.ghostysky.com\/wp-content\/uploads\/2025\/11\/GH_DJI-Mic-3-Transmitter_1.jpg","type":"image\/jpeg"}],"twitter_card":"summary_large_image","twitter_site":"@Gh0stysky","twitter_misc":{"Dur\u00e9e de lecture estim\u00e9e":"2 minutes"},"schema":{"@context":"https:\/\/schema.org","@graph":[{"@type":"WebPage","@id":"https:\/\/www.ghostysky.com\/product\/dji-mic-3-transmitter\/","url":"https:\/\/www.ghostysky.com\/product\/dji-mic-3-transmitter\/","name":"\u00c9metteur DJI Mic 3 - Ghostysky","isPartOf":{"@id":"https:\/\/www.ghostysky.com\/#website"},"primaryImageOfPage":{"@id":"https:\/\/www.ghostysky.com\/product\/dji-mic-3-transmitter\/#primaryimage"},"image":{"@id":"https:\/\/www.ghostysky.com\/product\/dji-mic-3-transmitter\/#primaryimage"},"thumbnailUrl":"https:\/\/www.ghostysky.com\/wp-content\/uploads\/2025\/11\/GH_DJI-Mic-3-Transmitter_1.jpg","datePublished":"2025-11-11T15:50:22+00:00","dateModified":"2025-11-11T15:56:24+00:00","description":"L&#039;\u00e9metteur DJI Mic 3 est un microphone sans fil ultra-compact et performant, con\u00e7u pour capturer un son d&#039;une puret\u00e9 exceptionnelle, digne des professionnels, pour les cr\u00e9ateurs de contenu, les vid\u00e9astes et les journalistes. Il sert de source discr\u00e8te d&#039;enregistrement et de transmission au sein du syst\u00e8me sans fil polyvalent DJI Mic 3.","breadcrumb":{"@id":"https:\/\/www.ghostysky.com\/product\/dji-mic-3-transmitter\/#breadcrumb"},"inLanguage":"fr-FR","potentialAction":[{"@type":"ReadAction","target":["https:\/\/www.ghostysky.com\/product\/dji-mic-3-transmitter\/"]}]},{"@type":"ImageObject","inLanguage":"fr-FR","@id":"https:\/\/www.ghostysky.com\/product\/dji-mic-3-transmitter\/#primaryimage","url":"https:\/\/www.ghostysky.com\/wp-content\/uploads\/2025\/11\/GH_DJI-Mic-3-Transmitter_1.jpg","contentUrl":"https:\/\/www.ghostysky.com\/wp-content\/uploads\/2025\/11\/GH_DJI-Mic-3-Transmitter_1.jpg","width":800,"height":800},{"@type":"BreadcrumbList","@id":"https:\/\/www.ghostysky.com\/product\/dji-mic-3-transmitter\/#breadcrumb","itemListElement":[{"@type":"ListItem","position":1,"name":"Home","item":"https:\/\/www.ghostysky.com\/"},{"@type":"ListItem","position":2,"name":"Shop","item":"https:\/\/www.ghostysky.com\/shop\/"},{"@type":"ListItem","position":3,"name":"DJI Mic 3 Transmitter"}]},{"@type":"WebSite","@id":"https:\/\/www.ghostysky.com\/#website","url":"https:\/\/www.ghostysky.com\/","name":"Ghostysky","description":"Livraison de drones et de services professionnels","publisher":{"@id":"https:\/\/www.ghostysky.com\/#organization"},"potentialAction":[{"@type":"SearchAction","target":{"@type":"EntryPoint","urlTemplate":"https:\/\/www.ghostysky.com\/?s={search_term_string}"},"query-input":{"@type":"PropertyValueSpecification","valueRequired":true,"valueName":"search_term_string"}}],"inLanguage":"fr-FR"},{"@type":"Organization","@id":"https:\/\/www.ghostysky.com\/#organization","name":"Ghostysky","url":"https:\/\/www.ghostysky.com\/","logo":{"@type":"ImageObject","inLanguage":"fr-FR","@id":"https:\/\/www.ghostysky.com\/#\/schema\/logo\/image\/","url":"https:\/\/www.ghostysky.com\/wp-content\/uploads\/2020\/06\/cropped-ghostyskylogo_text_white2.png","contentUrl":"https:\/\/www.ghostysky.com\/wp-content\/uploads\/2020\/06\/cropped-ghostyskylogo_text_white2.png","width":169,"height":56,"caption":"Ghostysky"},"image":{"@id":"https:\/\/www.ghostysky.com\/#\/schema\/logo\/image\/"},"sameAs":["https:\/\/www.facebook.com\/people\/Ghostysky\/100057676170234\/","https:\/\/x.com\/Gh0stysky","https:\/\/www.linkedin.com\/company\/34739653","https:\/\/www.instagram.com\/gh0stysky"]}]}},"_links":{"self":[{"href":"https:\/\/www.ghostysky.com\/fr\/wp-json\/wp\/v2\/product\/23125","targetHints":{"allow":["GET"]}}],"collection":[{"href":"https:\/\/www.ghostysky.com\/fr\/wp-json\/wp\/v2\/product"}],"about":[{"href":"https:\/\/www.ghostysky.com\/fr\/wp-json\/wp\/v2\/types\/product"}],"replies":[{"embeddable":true,"href":"https:\/\/www.ghostysky.com\/fr\/wp-json\/wp\/v2\/comments?post=23125"}],"wp:featuredmedia":[{"embeddable":true,"href":"https:\/\/www.ghostysky.com\/fr\/wp-json\/wp\/v2\/media\/23128"}],"wp:attachment":[{"href":"https:\/\/www.ghostysky.com\/fr\/wp-json\/wp\/v2\/media?parent=23125"}],"wp:term":[{"taxonomy":"product_brand","embeddable":true,"href":"https:\/\/www.ghostysky.com\/fr\/wp-json\/wp\/v2\/product_brand?post=23125"},{"taxonomy":"product_cat","embeddable":true,"href":"https:\/\/www.ghostysky.com\/fr\/wp-json\/wp\/v2\/product_cat?post=23125"},{"taxonomy":"product_tag","embeddable":true,"href":"https:\/\/www.ghostysky.com\/fr\/wp-json\/wp\/v2\/product_tag?post=23125"}],"curies":[{"name":"wp","href":"https:\/\/api.w.org\/{rel}","templated":true}]}}