{"id":23165,"date":"2025-11-12T16:40:38","date_gmt":"2025-11-12T16:40:38","guid":{"rendered":"https:\/\/www.ghostysky.com\/?post_type=product&#038;p=23165"},"modified":"2026-03-02T16:05:28","modified_gmt":"2026-03-02T16:05:28","slug":"emlid-rs3-rover-kit","status":"publish","type":"product","link":"https:\/\/www.ghostysky.com\/fr\/product\/emlid-rs3-rover-kit\/","title":{"rendered":"Kit Emlid RS3 Rover"},"content":{"rendered":"<h4>Principales caract\u00e9ristiques du r\u00e9cepteur Emlid Reach RS3<\/h4>\n<p><span class=\"citation-13 citation-end-13\">L&#039;\u00e9l\u00e9ment central du kit est le r\u00e9cepteur Reach RS3, robuste et dot\u00e9 de nombreuses fonctionnalit\u00e9s, con\u00e7u pour l&#039;efficacit\u00e9 et la durabilit\u00e9.<\/span><\/p>\n<p>&nbsp;<\/p>\n<table>\n<thead>\n<tr>\n<td><strong>Fonctionnalit\u00e9<\/strong><\/td>\n<td><strong>Description et avantages<\/strong><\/td>\n<\/tr>\n<\/thead>\n<tbody>\n<tr>\n<td><b>Compensation d&#039;inclinaison de l&#039;IMU<\/b><\/td>\n<td><b>Pr\u00e9cision centim\u00e9trique jusqu&#039;\u00e0 une inclinaison de 60\u00b0.<\/b> La compensation d&#039;inclinaison bas\u00e9e sur l&#039;IMU permet de mesurer et d&#039;implanter des points avec pr\u00e9cision sans avoir \u00e0 niveler le poteau, ce qui repr\u00e9sente un gain de temps consid\u00e9rable sur le terrain, notamment dans les endroits difficiles d&#039;acc\u00e8s. <b>sans \u00e9talonnage<\/b> et <b>insensible aux perturbations magn\u00e9tiques<\/b>.<\/td>\n<\/tr>\n<tr>\n<td><b>Pr\u00e9cision de niveau topographique<\/b><\/td>\n<td>Fournit des corrections rapides et pr\u00e9cises au centim\u00e8tre pr\u00e8s, g\u00e9n\u00e9ralement en environ <b>5 secondes<\/b>Les niveaux de pr\u00e9cision sont excellents pour les applications RTK, PPK et statiques (<span class=\"math-inline\" data-math=\"H: 7 \\text{ mm} + 1 \\text{ ppm} \/ V: 14 \\text{ mm} + 1 \\text{ ppm}\">H : 7 mm + 1 ppm \/ V : 14 mm + 1 ppm<\/span>\u00a0RTK).<\/td>\n<\/tr>\n<tr>\n<td><b>GNSS multibande<\/b><\/td>\n<td>Suit les signaux de toutes les principales constellations mondiales (GPS\/QZSS L1\/L2, GLONASS L1\/L2, BeiDou B1\/B2, Galileo E1\/E5) pour une couverture et une fiabilit\u00e9 maximales des satellites.<\/td>\n<\/tr>\n<tr>\n<td><b>Connectivit\u00e9 int\u00e9gr\u00e9e<\/b><\/td>\n<td>Dispose d&#039;un syst\u00e8me int\u00e9gr\u00e9 <b>Modem LTE mondial<\/b> (Emplacement Nano-SIM pour corrections NTRIP) et <b>Radio bi-bande<\/b> (LoRa 868\/915 MHz pour une port\u00e9e jusqu&#039;\u00e0 8 km et UHF 450 MHz pour la r\u00e9ception de corrections provenant de bases tierces) afin d&#039;assurer une communication et une r\u00e9ception de donn\u00e9es de correction sans faille dans toutes les conditions de travail.<\/td>\n<\/tr>\n<tr>\n<td><b>Autonomie de la batterie toute la journ\u00e9e<\/b><\/td>\n<td>La batterie Li-Ion de qualit\u00e9 industrielle fournit jusqu&#039;\u00e0 <b>18 heures de fonctionnement en tant que rover RTK avec compensation d&#039;inclinaison<\/b> ou jusqu&#039;\u00e0 22 heures d&#039;enregistrement, garantissant une productivit\u00e9 optimale m\u00eame lors des journ\u00e9es de travail les plus exigeantes.<\/td>\n<\/tr>\n<tr>\n<td><b>Conception robuste<\/b><\/td>\n<td>Con\u00e7u pour r\u00e9sister aux environnements les plus extr\u00eames avec un <b>Indice de protection IP67<\/b> (\u00e9tanche \u00e0 la poussi\u00e8re et \u00e0 l&#039;eau jusqu&#039;\u00e0 1 m de profondeur) et une plage de temp\u00e9ratures de fonctionnement de <span class=\"math-inline\" data-math=\"-20^\\circ \\text{C to } +65^\\circ \\text{C}\">-20 \u00b0C \u00e0 +65 \u00b0C<\/span>.<\/td>\n<\/tr>\n<\/tbody>\n<\/table>\n<p>&nbsp;<\/p>\n<h4>Poteau d&#039;arpentage Emlid<\/h4>\n<p><span class=\"citation-12 citation-end-12\">La perche d&#039;arpentage Emlid est le compl\u00e9ment indispensable du r\u00e9cepteur RS3, offrant une solution de montage stable et flexible pour les op\u00e9rations du rover.<\/span><\/p>\n<ul>\n<li><b><span class=\"citation-11\">Construction durable :<\/span><\/b><span class=\"citation-11\"> Fabriqu\u00e9 \u00e0 partir de <\/span><b><span class=\"citation-11\">aluminium anodis\u00e9<\/span><\/b><span class=\"citation-11 citation-end-11\"> Pour la force et la l\u00e9g\u00e8ret\u00e9.<\/span><\/li>\n<li><b><span class=\"citation-10\">Hauteur r\u00e9glable :<\/span><\/b><span class=\"citation-10\"> Offre une flexibilit\u00e9 avec une hauteur maximale de <\/span><b><span class=\"citation-10\">1,8 m<\/span><\/b><span class=\"citation-10 citation-end-10\"> et une longueur pli\u00e9e de 0,74 m.<\/span><\/li>\n<li><b>Support int\u00e9gr\u00e9 pour smartphone\u00a0:<\/b> Il comprend g\u00e9n\u00e9ralement un support int\u00e9gr\u00e9 pour fixer votre appareil mobile pendant son utilisation. <b>Flux d&#039;Emlid<\/b> application de contr\u00f4le.<\/li>\n<\/ul>\n<p>&nbsp;<\/p>\n<h4>Int\u00e9gration logicielle<\/h4>\n<p>L&#039;ensemble du flux de travail est g\u00e9r\u00e9 par une interface intuitive. <b>Flux d&#039;Emlid<\/b> application mobile (pour iOS et Android) qui permet de\u00a0:<\/p>\n<ul>\n<li>V\u00e9rification de la configuration et de l&#039;\u00e9tat du r\u00e9cepteur.<\/li>\n<li><span class=\"citation-9 citation-end-9\">Collecte de donn\u00e9es et surveillance efficaces gr\u00e2ce \u00e0 des fonctionnalit\u00e9s telles que le codage et la prise en charge des cartes de fond.<\/span><\/li>\n<li><span class=\"citation-8\">Synchronisation avec le cloud <\/span><b><span class=\"citation-8\">Emlid Flow 360<\/span><\/b><span class=\"citation-8 citation-end-8\"> pour la gestion de projet et le partage de donn\u00e9es.<\/span><\/li>\n<\/ul>\n<p>Le kit Emlid RS3 Rover \u00e9tablit une nouvelle norme en mati\u00e8re de simplicit\u00e9 d&#039;utilisation sur le terrain et de pr\u00e9cision professionnelle, ce qui en fait l&#039;outil de r\u00e9f\u00e9rence pour les g\u00e9om\u00e8tres modernes.<\/p>","protected":false},"excerpt":{"rendered":"<p><span class=\"citation-15 citation-end-15\">Le kit Emlid RS3 Rover est une solution GNSS multibande de qualit\u00e9 professionnelle con\u00e7ue pour offrir une pr\u00e9cision centim\u00e9trique in\u00e9gal\u00e9e pour les lev\u00e9s topographiques, la construction, la cartographie et l&#039;agriculture de pr\u00e9cision.<\/span> <span class=\"citation-14\">Dot\u00e9 de la technologie avanc\u00e9e <\/span><b><span class=\"citation-14\">R\u00e9cepteur Emlid Reach RS3<\/span><\/b><span class=\"citation-14\"> et un d\u00e9di\u00e9 <\/span><b><span class=\"citation-14\">Poteau d&#039;arpentage Emlid<\/span><\/b><span class=\"citation-14 citation-end-14\">Ce kit permet aux professionnels de terrain d&#039;effectuer des mesures rapides, fiables et tr\u00e8s pr\u00e9cises dans n&#039;importe quel environnement.<\/span><\/p>","protected":false},"featured_media":23166,"comment_status":"open","ping_status":"closed","template":"","meta":[],"product_brand":[1025],"product_cat":[89,1189,30],"product_tag":[58,554,1286],"class_list":{"0":"post-23165","1":"product","2":"type-product","3":"status-publish","4":"has-post-thumbnail","6":"product_brand-emlid","7":"product_cat-emlid","8":"product_cat-kir-rs4_rs4pro_rs3","9":"product_cat-mobile-station","10":"product_tag-emlid","11":"product_tag-emlid-rs3","12":"product_tag-emlid-rs3-rover-kit","14":"first","15":"instock","16":"taxable","17":"shipping-taxable","18":"purchasable","19":"product-type-woosb"},"yoast_head":"<!-- This site is optimized with the Yoast SEO plugin v27.1.1 - https:\/\/yoast.com\/product\/yoast-seo-wordpress\/ -->\n<title>Emlid RS3 Rover Kit - Ghostysky<\/title>\n<meta name=\"description\" content=\"The Emlid RS3 Rover Kit is a professional-grade, multi-band GNSS solution designed to deliver unparalleled centimeter-level accuracy for land surveying, construction, mapping, and precision agriculture. Featuring the advanced Emlid Reach RS3 receiver and a dedicated Emlid Survey Pole, this kit empowers field professionals to achieve fast, reliable, and highly precise measurements in any environment.\" \/>\n<meta name=\"robots\" content=\"index, follow, max-snippet:-1, max-image-preview:large, max-video-preview:-1\" \/>\n<link rel=\"canonical\" href=\"https:\/\/www.ghostysky.com\/fr\/product\/emlid-rs3-rover-kit\/\" \/>\n<meta property=\"og:locale\" content=\"fr_FR\" \/>\n<meta property=\"og:type\" content=\"article\" \/>\n<meta property=\"og:title\" content=\"Emlid RS3 Rover Kit - Ghostysky\" \/>\n<meta property=\"og:description\" content=\"The Emlid RS3 Rover Kit is a professional-grade, multi-band GNSS solution designed to deliver unparalleled centimeter-level accuracy for land surveying, construction, mapping, and precision agriculture. Featuring the advanced Emlid Reach RS3 receiver and a dedicated Emlid Survey Pole, this kit empowers field professionals to achieve fast, reliable, and highly precise measurements in any environment.\" \/>\n<meta property=\"og:url\" content=\"https:\/\/www.ghostysky.com\/fr\/product\/emlid-rs3-rover-kit\/\" \/>\n<meta property=\"og:site_name\" content=\"Ghostysky\" \/>\n<meta property=\"article:publisher\" content=\"https:\/\/www.facebook.com\/people\/Ghostysky\/100057676170234\/\" \/>\n<meta property=\"article:modified_time\" content=\"2026-03-02T16:05:28+00:00\" \/>\n<meta property=\"og:image\" content=\"https:\/\/www.ghostysky.com\/wp-content\/uploads\/2025\/11\/GH_Emlid_RS3Rover_kit.jpg\" \/>\n\t<meta property=\"og:image:width\" content=\"600\" \/>\n\t<meta property=\"og:image:height\" content=\"600\" \/>\n\t<meta property=\"og:image:type\" content=\"image\/jpeg\" \/>\n<meta name=\"twitter:card\" content=\"summary_large_image\" \/>\n<meta name=\"twitter:site\" content=\"@Gh0stysky\" \/>\n<meta name=\"twitter:label1\" content=\"Dur\u00e9e de lecture estim\u00e9e\" \/>\n\t<meta name=\"twitter:data1\" content=\"2 minutes\" \/>\n<script type=\"application\/ld+json\" class=\"yoast-schema-graph\">{\"@context\":\"https:\/\/schema.org\",\"@graph\":[{\"@type\":\"WebPage\",\"@id\":\"https:\/\/www.ghostysky.com\/product\/emlid-rs3-rover-kit\/\",\"url\":\"https:\/\/www.ghostysky.com\/product\/emlid-rs3-rover-kit\/\",\"name\":\"Emlid RS3 Rover Kit - Ghostysky\",\"isPartOf\":{\"@id\":\"https:\/\/www.ghostysky.com\/#website\"},\"primaryImageOfPage\":{\"@id\":\"https:\/\/www.ghostysky.com\/product\/emlid-rs3-rover-kit\/#primaryimage\"},\"image\":{\"@id\":\"https:\/\/www.ghostysky.com\/product\/emlid-rs3-rover-kit\/#primaryimage\"},\"thumbnailUrl\":\"https:\/\/www.ghostysky.com\/wp-content\/uploads\/2025\/11\/GH_Emlid_RS3Rover_kit.jpg\",\"datePublished\":\"2025-11-12T16:40:38+00:00\",\"dateModified\":\"2026-03-02T16:05:28+00:00\",\"description\":\"The Emlid RS3 Rover Kit is a professional-grade, multi-band GNSS solution designed to deliver unparalleled centimeter-level accuracy for land surveying, construction, mapping, and precision agriculture. Featuring the advanced Emlid Reach RS3 receiver and a dedicated Emlid Survey Pole, this kit empowers field professionals to achieve fast, reliable, and highly precise measurements in any environment.\",\"breadcrumb\":{\"@id\":\"https:\/\/www.ghostysky.com\/product\/emlid-rs3-rover-kit\/#breadcrumb\"},\"inLanguage\":\"fr-FR\",\"potentialAction\":[{\"@type\":\"ReadAction\",\"target\":[\"https:\/\/www.ghostysky.com\/product\/emlid-rs3-rover-kit\/\"]}]},{\"@type\":\"ImageObject\",\"inLanguage\":\"fr-FR\",\"@id\":\"https:\/\/www.ghostysky.com\/product\/emlid-rs3-rover-kit\/#primaryimage\",\"url\":\"https:\/\/www.ghostysky.com\/wp-content\/uploads\/2025\/11\/GH_Emlid_RS3Rover_kit.jpg\",\"contentUrl\":\"https:\/\/www.ghostysky.com\/wp-content\/uploads\/2025\/11\/GH_Emlid_RS3Rover_kit.jpg\",\"width\":600,\"height\":600},{\"@type\":\"BreadcrumbList\",\"@id\":\"https:\/\/www.ghostysky.com\/product\/emlid-rs3-rover-kit\/#breadcrumb\",\"itemListElement\":[{\"@type\":\"ListItem\",\"position\":1,\"name\":\"Home\",\"item\":\"https:\/\/www.ghostysky.com\/\"},{\"@type\":\"ListItem\",\"position\":2,\"name\":\"Shop\",\"item\":\"https:\/\/www.ghostysky.com\/shop\/\"},{\"@type\":\"ListItem\",\"position\":3,\"name\":\"Emlid RS3 Rover Kit\"}]},{\"@type\":\"WebSite\",\"@id\":\"https:\/\/www.ghostysky.com\/#website\",\"url\":\"https:\/\/www.ghostysky.com\/\",\"name\":\"Ghostysky\",\"description\":\"Delivering professional drones and services\",\"publisher\":{\"@id\":\"https:\/\/www.ghostysky.com\/#organization\"},\"potentialAction\":[{\"@type\":\"SearchAction\",\"target\":{\"@type\":\"EntryPoint\",\"urlTemplate\":\"https:\/\/www.ghostysky.com\/?s={search_term_string}\"},\"query-input\":{\"@type\":\"PropertyValueSpecification\",\"valueRequired\":true,\"valueName\":\"search_term_string\"}}],\"inLanguage\":\"fr-FR\"},{\"@type\":\"Organization\",\"@id\":\"https:\/\/www.ghostysky.com\/#organization\",\"name\":\"Ghostysky\",\"url\":\"https:\/\/www.ghostysky.com\/\",\"logo\":{\"@type\":\"ImageObject\",\"inLanguage\":\"fr-FR\",\"@id\":\"https:\/\/www.ghostysky.com\/#\/schema\/logo\/image\/\",\"url\":\"https:\/\/www.ghostysky.com\/wp-content\/uploads\/2020\/06\/cropped-ghostyskylogo_text_white2.png\",\"contentUrl\":\"https:\/\/www.ghostysky.com\/wp-content\/uploads\/2020\/06\/cropped-ghostyskylogo_text_white2.png\",\"width\":169,\"height\":56,\"caption\":\"Ghostysky\"},\"image\":{\"@id\":\"https:\/\/www.ghostysky.com\/#\/schema\/logo\/image\/\"},\"sameAs\":[\"https:\/\/www.facebook.com\/people\/Ghostysky\/100057676170234\/\",\"https:\/\/x.com\/Gh0stysky\",\"https:\/\/www.linkedin.com\/company\/34739653\",\"https:\/\/www.instagram.com\/gh0stysky\"]}]}<\/script>\n<!-- \/ Yoast SEO plugin. -->","yoast_head_json":{"title":"Kit Emlid RS3 Rover - Ghostysky","description":"Le kit Emlid RS3 Rover est une solution GNSS multibande de qualit\u00e9 professionnelle, con\u00e7ue pour offrir une pr\u00e9cision centim\u00e9trique in\u00e9gal\u00e9e en topographie, construction, cartographie et agriculture de pr\u00e9cision. Compos\u00e9 du r\u00e9cepteur avanc\u00e9 Emlid Reach RS3 et d&#039;une canne topographique Emlid d\u00e9di\u00e9e, ce kit permet aux professionnels de terrain d&#039;effectuer des mesures rapides, fiables et d&#039;une grande pr\u00e9cision, quel que soit l&#039;environnement.","robots":{"index":"index","follow":"follow","max-snippet":"max-snippet:-1","max-image-preview":"max-image-preview:large","max-video-preview":"max-video-preview:-1"},"canonical":"https:\/\/www.ghostysky.com\/fr\/product\/emlid-rs3-rover-kit\/","og_locale":"fr_FR","og_type":"article","og_title":"Emlid RS3 Rover Kit - Ghostysky","og_description":"The Emlid RS3 Rover Kit is a professional-grade, multi-band GNSS solution designed to deliver unparalleled centimeter-level accuracy for land surveying, construction, mapping, and precision agriculture. Featuring the advanced Emlid Reach RS3 receiver and a dedicated Emlid Survey Pole, this kit empowers field professionals to achieve fast, reliable, and highly precise measurements in any environment.","og_url":"https:\/\/www.ghostysky.com\/fr\/product\/emlid-rs3-rover-kit\/","og_site_name":"Ghostysky","article_publisher":"https:\/\/www.facebook.com\/people\/Ghostysky\/100057676170234\/","article_modified_time":"2026-03-02T16:05:28+00:00","og_image":[{"width":600,"height":600,"url":"https:\/\/www.ghostysky.com\/wp-content\/uploads\/2025\/11\/GH_Emlid_RS3Rover_kit.jpg","type":"image\/jpeg"}],"twitter_card":"summary_large_image","twitter_site":"@Gh0stysky","twitter_misc":{"Dur\u00e9e de lecture estim\u00e9e":"2 minutes"},"schema":{"@context":"https:\/\/schema.org","@graph":[{"@type":"WebPage","@id":"https:\/\/www.ghostysky.com\/product\/emlid-rs3-rover-kit\/","url":"https:\/\/www.ghostysky.com\/product\/emlid-rs3-rover-kit\/","name":"Kit Emlid RS3 Rover - Ghostysky","isPartOf":{"@id":"https:\/\/www.ghostysky.com\/#website"},"primaryImageOfPage":{"@id":"https:\/\/www.ghostysky.com\/product\/emlid-rs3-rover-kit\/#primaryimage"},"image":{"@id":"https:\/\/www.ghostysky.com\/product\/emlid-rs3-rover-kit\/#primaryimage"},"thumbnailUrl":"https:\/\/www.ghostysky.com\/wp-content\/uploads\/2025\/11\/GH_Emlid_RS3Rover_kit.jpg","datePublished":"2025-11-12T16:40:38+00:00","dateModified":"2026-03-02T16:05:28+00:00","description":"Le kit Emlid RS3 Rover est une solution GNSS multibande de qualit\u00e9 professionnelle, con\u00e7ue pour offrir une pr\u00e9cision centim\u00e9trique in\u00e9gal\u00e9e en topographie, construction, cartographie et agriculture de pr\u00e9cision. Compos\u00e9 du r\u00e9cepteur avanc\u00e9 Emlid Reach RS3 et d&#039;une canne topographique Emlid d\u00e9di\u00e9e, ce kit permet aux professionnels de terrain d&#039;effectuer des mesures rapides, fiables et d&#039;une grande pr\u00e9cision, quel que soit l&#039;environnement.","breadcrumb":{"@id":"https:\/\/www.ghostysky.com\/product\/emlid-rs3-rover-kit\/#breadcrumb"},"inLanguage":"fr-FR","potentialAction":[{"@type":"ReadAction","target":["https:\/\/www.ghostysky.com\/product\/emlid-rs3-rover-kit\/"]}]},{"@type":"ImageObject","inLanguage":"fr-FR","@id":"https:\/\/www.ghostysky.com\/product\/emlid-rs3-rover-kit\/#primaryimage","url":"https:\/\/www.ghostysky.com\/wp-content\/uploads\/2025\/11\/GH_Emlid_RS3Rover_kit.jpg","contentUrl":"https:\/\/www.ghostysky.com\/wp-content\/uploads\/2025\/11\/GH_Emlid_RS3Rover_kit.jpg","width":600,"height":600},{"@type":"BreadcrumbList","@id":"https:\/\/www.ghostysky.com\/product\/emlid-rs3-rover-kit\/#breadcrumb","itemListElement":[{"@type":"ListItem","position":1,"name":"Home","item":"https:\/\/www.ghostysky.com\/"},{"@type":"ListItem","position":2,"name":"Shop","item":"https:\/\/www.ghostysky.com\/shop\/"},{"@type":"ListItem","position":3,"name":"Emlid RS3 Rover Kit"}]},{"@type":"WebSite","@id":"https:\/\/www.ghostysky.com\/#website","url":"https:\/\/www.ghostysky.com\/","name":"Ghostysky","description":"Livraison de drones et de services professionnels","publisher":{"@id":"https:\/\/www.ghostysky.com\/#organization"},"potentialAction":[{"@type":"SearchAction","target":{"@type":"EntryPoint","urlTemplate":"https:\/\/www.ghostysky.com\/?s={search_term_string}"},"query-input":{"@type":"PropertyValueSpecification","valueRequired":true,"valueName":"search_term_string"}}],"inLanguage":"fr-FR"},{"@type":"Organization","@id":"https:\/\/www.ghostysky.com\/#organization","name":"Ghostysky","url":"https:\/\/www.ghostysky.com\/","logo":{"@type":"ImageObject","inLanguage":"fr-FR","@id":"https:\/\/www.ghostysky.com\/#\/schema\/logo\/image\/","url":"https:\/\/www.ghostysky.com\/wp-content\/uploads\/2020\/06\/cropped-ghostyskylogo_text_white2.png","contentUrl":"https:\/\/www.ghostysky.com\/wp-content\/uploads\/2020\/06\/cropped-ghostyskylogo_text_white2.png","width":169,"height":56,"caption":"Ghostysky"},"image":{"@id":"https:\/\/www.ghostysky.com\/#\/schema\/logo\/image\/"},"sameAs":["https:\/\/www.facebook.com\/people\/Ghostysky\/100057676170234\/","https:\/\/x.com\/Gh0stysky","https:\/\/www.linkedin.com\/company\/34739653","https:\/\/www.instagram.com\/gh0stysky"]}]}},"_links":{"self":[{"href":"https:\/\/www.ghostysky.com\/fr\/wp-json\/wp\/v2\/product\/23165","targetHints":{"allow":["GET"]}}],"collection":[{"href":"https:\/\/www.ghostysky.com\/fr\/wp-json\/wp\/v2\/product"}],"about":[{"href":"https:\/\/www.ghostysky.com\/fr\/wp-json\/wp\/v2\/types\/product"}],"replies":[{"embeddable":true,"href":"https:\/\/www.ghostysky.com\/fr\/wp-json\/wp\/v2\/comments?post=23165"}],"wp:featuredmedia":[{"embeddable":true,"href":"https:\/\/www.ghostysky.com\/fr\/wp-json\/wp\/v2\/media\/23166"}],"wp:attachment":[{"href":"https:\/\/www.ghostysky.com\/fr\/wp-json\/wp\/v2\/media?parent=23165"}],"wp:term":[{"taxonomy":"product_brand","embeddable":true,"href":"https:\/\/www.ghostysky.com\/fr\/wp-json\/wp\/v2\/product_brand?post=23165"},{"taxonomy":"product_cat","embeddable":true,"href":"https:\/\/www.ghostysky.com\/fr\/wp-json\/wp\/v2\/product_cat?post=23165"},{"taxonomy":"product_tag","embeddable":true,"href":"https:\/\/www.ghostysky.com\/fr\/wp-json\/wp\/v2\/product_tag?post=23165"}],"curies":[{"name":"wp","href":"https:\/\/api.w.org\/{rel}","templated":true}]}}