{"id":23171,"date":"2025-11-13T08:30:18","date_gmt":"2025-11-13T08:30:18","guid":{"rendered":"https:\/\/www.ghostysky.com\/?post_type=product&#038;p=23171"},"modified":"2026-01-25T10:58:13","modified_gmt":"2026-01-25T10:58:13","slug":"elephant-robotics-mycobot-280-jetson-nano-6-dof-collaborative-robot-jetson-nano-version","status":"publish","type":"product","link":"https:\/\/www.ghostysky.com\/fr\/product\/elephant-robotics-mycobot-280-jetson-nano-6-dof-collaborative-robot-jetson-nano-version\/","title":{"rendered":"Robot collaboratif Elephant Robotics myCobot 280 Jetson Nano 6 DOF (version Jetson Nano)"},"content":{"rendered":"<h4><b>IA avanc\u00e9e et performances puissantes<\/b><\/h4>\n<p><span class=\"citation-70 citation-end-70\">Le myCobot 280 Jetson Nano est con\u00e7u pour les applications intelligentes.<sup class=\"superscript\" data-turn-source-index=\"2\">2<\/sup><\/span> <span class=\"citation-69\">Son cerveau, le <\/span><b><span class=\"citation-69\">NVIDIA Jetson Nano<\/span><\/b><span class=\"citation-69 citation-end-69\"> (dot\u00e9 d&#039;un processeur quadric\u0153ur ARM\u00ae A57 et d&#039;un GPU NVIDIA Maxwell\u2122 \u00e0 128 c\u0153urs), offre une capacit\u00e9 de traitement sup\u00e9rieure pour le traitement d&#039;images en temps r\u00e9el, les algorithmes robotiques complexes et les t\u00e2ches d&#039;apprentissage automatique avanc\u00e9es.<sup class=\"superscript\" data-turn-source-index=\"3\">3<\/sup><\/span> Il vous suffit de connecter un \u00e9cran, un clavier et une souris pour commencer \u00e0 travailler\u00a0; aucun contr\u00f4leur PC suppl\u00e9mentaire n\u2019est requis.<\/p>\n<ul>\n<li><b>Informatique IA int\u00e9gr\u00e9e\u00a0:<\/b><span class=\"citation-68 citation-end-68\"> Exploite la puissance de Jetson Nano pour des t\u00e2ches sophistiqu\u00e9es de vision et d&#039;IA telles que la reconnaissance d&#039;objets et la pr\u00e9hension adaptative.<\/span><\/li>\n<li><b><span class=\"citation-67\">Cam\u00e9ra int\u00e9gr\u00e9e\u00a0:<\/span><\/b><span class=\"citation-67 citation-end-67\"> Livr\u00e9 en standard avec un module cam\u00e9ra 2D pour faciliter le d\u00e9veloppement d&#039;applications \u0153il-main.<\/span><\/li>\n<\/ul>\n<p>&nbsp;<\/p>\n<h3><b>Collaboratif, compact et polyvalent<\/b><\/h3>\n<p><span class=\"citation-66 citation-end-66\">Con\u00e7u comme un robot collaboratif (cobot), le myCobot 280 est s\u00fbr, l\u00e9ger et parfait pour une utilisation sur bureau dans les laboratoires, les salles de classe et les petits espaces de travail.<\/span><\/p>\n<ul>\n<li><b><span class=\"citation-65\">6 degr\u00e9s de libert\u00e9 (DOF) :<\/span><\/b><span class=\"citation-65 citation-end-65\"> Offre des mouvements extr\u00eamement flexibles et pr\u00e9cis, capables d&#039;effectuer des t\u00e2ches complexes de pr\u00e9l\u00e8vement et de placement, d&#039;assemblage et d&#039;inspection.<\/span><\/li>\n<li><b><span class=\"citation-64\">Compact et l\u00e9ger :<\/span><\/b><span class=\"citation-64\"> Avec un rayon d&#039;action de <\/span><b><span class=\"citation-64\">280 mm<\/span><\/b><span class=\"citation-64\"> et un poids net d&#039;environ <\/span><b><span class=\"citation-64\">1030 g<\/span><\/b><span class=\"citation-64 citation-end-64\">, il est facile \u00e0 d\u00e9ployer et \u00e0 repositionner.<\/span><\/li>\n<li><b>Charge utile:<\/b><span class=\"citation-63\"> G\u00e8re les objets jusqu&#039;\u00e0 <\/span><b><span class=\"citation-63\">250 g<\/span><\/b><span class=\"citation-63 citation-end-63\"> avec une pr\u00e9cision de positionnement r\u00e9p\u00e9titive de \u00b1 0,5 <span style=\"font-size: 13.3333px;\">mm<\/span><\/span><span class=\"citation-62 citation-end-62\">.<\/span><\/li>\n<li><b><span class=\"citation-61\">Conception modulaire :<\/span><\/b><span class=\"citation-61\"> Comporte une base et une extr\u00e9mit\u00e9 avec un <\/span><b><span class=\"citation-61\">Interface compatible LEGO<\/span><\/b><span class=\"citation-61 citation-end-61\"> pour une int\u00e9gration rapide et facile d&#039;accessoires tels que des pinces, des pompes \u00e0 succion et des capteurs.<\/span><\/li>\n<\/ul>\n<p>&nbsp;<\/p>\n<h4><b>\u00c9cosyst\u00e8me open source pour un d\u00e9veloppement rapide<\/b><\/h4>\n<p>Acc\u00e9l\u00e9rez vos projets gr\u00e2ce \u00e0 une plateforme de d\u00e9veloppement open source compl\u00e8te.<\/p>\n<ul>\n<li><b>Logiciel pr\u00eat \u00e0 l&#039;emploi\u00a0:<\/b><span class=\"citation-60 citation-end-60\"> Livr\u00e9 avec un syst\u00e8me d&#039;exploitation personnalis\u00e9 (Ubuntu Mate 20.04 LTS) et des environnements pr\u00e9install\u00e9s.<\/span><\/li>\n<li><b>Prise en charge multiplateforme\u00a0:<\/b> Prend en charge les principaux outils de d\u00e9veloppement, notamment\u00a0:\n<ul>\n<li><b><span class=\"citation-59\">ROS (syst\u00e8me d&#039;exploitation du robot)<\/span><\/b><span class=\"citation-59 citation-end-59\"> pour la simulation et la planification de mouvements complexes.<\/span><\/li>\n<li><b><span class=\"citation-58\">Python<\/span><\/b><span class=\"citation-58 citation-end-58\"> pour la programmation avanc\u00e9e.<\/span><\/li>\n<li><b><span class=\"citation-57\">myBlockly<\/span><\/b><span class=\"citation-57 citation-end-57\"> pour une programmation intuitive et graphique par glisser-d\u00e9poser (aucune connaissance en programmation requise pour le fonctionnement de base).<\/span><\/li>\n<\/ul>\n<\/li>\n<li><b><span class=\"citation-56\">Interfaces riches\u00a0:<\/span><\/b><span class=\"citation-56 citation-end-56\"> Il offre de nombreuses interfaces, notamment plusieurs ports USB et connexions d&#039;E\/S, pour \u00e9tendre vos projets avec des p\u00e9riph\u00e9riques externes.<\/span><\/li>\n<\/ul>\n<p><span class=\"citation-55\">Le <\/span><b><span class=\"citation-55\">Elephant Robotics myCobot 280 Jetson Nano<\/span><\/b><span class=\"citation-55 citation-end-55\"> Il s&#039;agit de bien plus qu&#039;un simple bras robotis\u00e9 : c&#039;est une plateforme compl\u00e8te et intelligente con\u00e7ue pour donner vie \u00e0 des applications complexes d&#039;IA et de robotique.<\/span><\/p>","protected":false},"excerpt":{"rendered":"<p>D\u00e9couvrez l&#039;avenir de la robotique et de l&#039;intelligence artificielle avec <b>Elephant Robotics myCobot 280 Jetson Nano<\/b>. <span class=\"citation-71 interactive-span-hovered\">Ce bras robotique collaboratif de pointe, dot\u00e9 de 6 degr\u00e9s de libert\u00e9 (6 DOF), est un concentr\u00e9 de puissance compact, construit sur une plateforme haute performance. <\/span><b><span class=\"citation-71 interactive-span-hovered\">NVIDIA Jetson Nano<\/span><\/b><span class=\"citation-71 citation-end-71 interactive-span-hovered\"> cette plateforme en fait l&#039;outil id\u00e9al pour les d\u00e9veloppeurs, les chercheurs, les \u00e9ducateurs et les amateurs d&#039;IA.<\/span><\/p>","protected":false},"featured_media":23177,"comment_status":"open","ping_status":"closed","template":"","meta":[],"product_brand":[1231],"product_cat":[1041,1228,1229,1037],"product_tag":[1288,1232,1287,1237],"class_list":{"0":"post-23171","1":"product","2":"type-product","3":"status-publish","4":"has-post-thumbnail","6":"product_brand-elephant-robotics","7":"product_cat-arms-grippers","8":"product_cat-elephant-robotics","9":"product_cat-mycobot-280-arms","10":"product_cat-robotics","11":"product_tag-6-dof","12":"product_tag-elephant-robotics","13":"product_tag-jetson-nano","14":"product_tag-mycobot-280","16":"first","17":"onbackorder","18":"taxable","19":"shipping-taxable","20":"purchasable","21":"product-type-simple"},"yoast_head":"<!-- This site is optimized with the Yoast SEO plugin v27.1.1 - https:\/\/yoast.com\/product\/yoast-seo-wordpress\/ -->\n<title>Elephant Robotics myCobot 280 Jetson Nano 6 DOF Collaborative Robot (Jetson Nano Version) - Ghostysky<\/title>\n<meta name=\"description\" content=\"Unlock the future of robotics and Artificial Intelligence with the Elephant Robotics myCobot 280 Jetson Nano. This cutting-edge, 6-Degrees of Freedom (6 DOF) collaborative robotic arm is a compact powerhouse, built upon the high-performance NVIDIA Jetson Nano platform, making it the ideal tool for AI developers, researchers, educators, and hobbyists.\" \/>\n<meta name=\"robots\" content=\"index, follow, max-snippet:-1, max-image-preview:large, max-video-preview:-1\" \/>\n<link rel=\"canonical\" href=\"https:\/\/www.ghostysky.com\/fr\/product\/elephant-robotics-mycobot-280-jetson-nano-6-dof-collaborative-robot-jetson-nano-version\/\" \/>\n<meta property=\"og:locale\" content=\"fr_FR\" \/>\n<meta property=\"og:type\" content=\"article\" \/>\n<meta property=\"og:title\" content=\"Elephant Robotics myCobot 280 Jetson Nano 6 DOF Collaborative Robot (Jetson Nano Version) - Ghostysky\" \/>\n<meta property=\"og:description\" content=\"Unlock the future of robotics and Artificial Intelligence with the Elephant Robotics myCobot 280 Jetson Nano. This cutting-edge, 6-Degrees of Freedom (6 DOF) collaborative robotic arm is a compact powerhouse, built upon the high-performance NVIDIA Jetson Nano platform, making it the ideal tool for AI developers, researchers, educators, and hobbyists.\" \/>\n<meta property=\"og:url\" content=\"https:\/\/www.ghostysky.com\/fr\/product\/elephant-robotics-mycobot-280-jetson-nano-6-dof-collaborative-robot-jetson-nano-version\/\" \/>\n<meta property=\"og:site_name\" content=\"Ghostysky\" \/>\n<meta property=\"article:publisher\" content=\"https:\/\/www.facebook.com\/people\/Ghostysky\/100057676170234\/\" \/>\n<meta property=\"article:modified_time\" content=\"2026-01-25T10:58:13+00:00\" \/>\n<meta property=\"og:image\" content=\"https:\/\/www.ghostysky.com\/wp-content\/uploads\/2025\/11\/GH_Elephant-Robotics-myCobot-280-Jetson-Nano-6-DOF-Collaborative-Robot_1.webp\" \/>\n\t<meta property=\"og:image:width\" content=\"800\" \/>\n\t<meta property=\"og:image:height\" content=\"800\" \/>\n\t<meta property=\"og:image:type\" content=\"image\/webp\" \/>\n<meta name=\"twitter:card\" content=\"summary_large_image\" \/>\n<meta name=\"twitter:site\" content=\"@Gh0stysky\" \/>\n<meta name=\"twitter:label1\" content=\"Dur\u00e9e de lecture estim\u00e9e\" \/>\n\t<meta name=\"twitter:data1\" content=\"2 minutes\" \/>\n<script type=\"application\/ld+json\" class=\"yoast-schema-graph\">{\"@context\":\"https:\/\/schema.org\",\"@graph\":[{\"@type\":\"WebPage\",\"@id\":\"https:\/\/www.ghostysky.com\/product\/elephant-robotics-mycobot-280-jetson-nano-6-dof-collaborative-robot-jetson-nano-version\/\",\"url\":\"https:\/\/www.ghostysky.com\/product\/elephant-robotics-mycobot-280-jetson-nano-6-dof-collaborative-robot-jetson-nano-version\/\",\"name\":\"Elephant Robotics myCobot 280 Jetson Nano 6 DOF Collaborative Robot (Jetson Nano Version) - Ghostysky\",\"isPartOf\":{\"@id\":\"https:\/\/www.ghostysky.com\/#website\"},\"primaryImageOfPage\":{\"@id\":\"https:\/\/www.ghostysky.com\/product\/elephant-robotics-mycobot-280-jetson-nano-6-dof-collaborative-robot-jetson-nano-version\/#primaryimage\"},\"image\":{\"@id\":\"https:\/\/www.ghostysky.com\/product\/elephant-robotics-mycobot-280-jetson-nano-6-dof-collaborative-robot-jetson-nano-version\/#primaryimage\"},\"thumbnailUrl\":\"https:\/\/www.ghostysky.com\/wp-content\/uploads\/2025\/11\/GH_Elephant-Robotics-myCobot-280-Jetson-Nano-6-DOF-Collaborative-Robot_1.webp\",\"datePublished\":\"2025-11-13T08:30:18+00:00\",\"dateModified\":\"2026-01-25T10:58:13+00:00\",\"description\":\"Unlock the future of robotics and Artificial Intelligence with the Elephant Robotics myCobot 280 Jetson Nano. This cutting-edge, 6-Degrees of Freedom (6 DOF) collaborative robotic arm is a compact powerhouse, built upon the high-performance NVIDIA Jetson Nano platform, making it the ideal tool for AI developers, researchers, educators, and hobbyists.\",\"breadcrumb\":{\"@id\":\"https:\/\/www.ghostysky.com\/product\/elephant-robotics-mycobot-280-jetson-nano-6-dof-collaborative-robot-jetson-nano-version\/#breadcrumb\"},\"inLanguage\":\"fr-FR\",\"potentialAction\":[{\"@type\":\"ReadAction\",\"target\":[\"https:\/\/www.ghostysky.com\/product\/elephant-robotics-mycobot-280-jetson-nano-6-dof-collaborative-robot-jetson-nano-version\/\"]}]},{\"@type\":\"ImageObject\",\"inLanguage\":\"fr-FR\",\"@id\":\"https:\/\/www.ghostysky.com\/product\/elephant-robotics-mycobot-280-jetson-nano-6-dof-collaborative-robot-jetson-nano-version\/#primaryimage\",\"url\":\"https:\/\/www.ghostysky.com\/wp-content\/uploads\/2025\/11\/GH_Elephant-Robotics-myCobot-280-Jetson-Nano-6-DOF-Collaborative-Robot_1.webp\",\"contentUrl\":\"https:\/\/www.ghostysky.com\/wp-content\/uploads\/2025\/11\/GH_Elephant-Robotics-myCobot-280-Jetson-Nano-6-DOF-Collaborative-Robot_1.webp\",\"width\":800,\"height\":800},{\"@type\":\"BreadcrumbList\",\"@id\":\"https:\/\/www.ghostysky.com\/product\/elephant-robotics-mycobot-280-jetson-nano-6-dof-collaborative-robot-jetson-nano-version\/#breadcrumb\",\"itemListElement\":[{\"@type\":\"ListItem\",\"position\":1,\"name\":\"Home\",\"item\":\"https:\/\/www.ghostysky.com\/\"},{\"@type\":\"ListItem\",\"position\":2,\"name\":\"Shop\",\"item\":\"https:\/\/www.ghostysky.com\/shop\/\"},{\"@type\":\"ListItem\",\"position\":3,\"name\":\"Elephant Robotics myCobot 280 Jetson Nano 6 DOF Collaborative Robot (Jetson Nano Version)\"}]},{\"@type\":\"WebSite\",\"@id\":\"https:\/\/www.ghostysky.com\/#website\",\"url\":\"https:\/\/www.ghostysky.com\/\",\"name\":\"Ghostysky\",\"description\":\"Delivering professional drones and services\",\"publisher\":{\"@id\":\"https:\/\/www.ghostysky.com\/#organization\"},\"potentialAction\":[{\"@type\":\"SearchAction\",\"target\":{\"@type\":\"EntryPoint\",\"urlTemplate\":\"https:\/\/www.ghostysky.com\/?s={search_term_string}\"},\"query-input\":{\"@type\":\"PropertyValueSpecification\",\"valueRequired\":true,\"valueName\":\"search_term_string\"}}],\"inLanguage\":\"fr-FR\"},{\"@type\":\"Organization\",\"@id\":\"https:\/\/www.ghostysky.com\/#organization\",\"name\":\"Ghostysky\",\"url\":\"https:\/\/www.ghostysky.com\/\",\"logo\":{\"@type\":\"ImageObject\",\"inLanguage\":\"fr-FR\",\"@id\":\"https:\/\/www.ghostysky.com\/#\/schema\/logo\/image\/\",\"url\":\"https:\/\/www.ghostysky.com\/wp-content\/uploads\/2020\/06\/cropped-ghostyskylogo_text_white2.png\",\"contentUrl\":\"https:\/\/www.ghostysky.com\/wp-content\/uploads\/2020\/06\/cropped-ghostyskylogo_text_white2.png\",\"width\":169,\"height\":56,\"caption\":\"Ghostysky\"},\"image\":{\"@id\":\"https:\/\/www.ghostysky.com\/#\/schema\/logo\/image\/\"},\"sameAs\":[\"https:\/\/www.facebook.com\/people\/Ghostysky\/100057676170234\/\",\"https:\/\/x.com\/Gh0stysky\",\"https:\/\/www.linkedin.com\/company\/34739653\",\"https:\/\/www.instagram.com\/gh0stysky\"]}]}<\/script>\n<!-- \/ Yoast SEO plugin. -->","yoast_head_json":{"title":"Robot collaboratif Elephant Robotics myCobot 280 Jetson Nano 6 DOF (version Jetson Nano) - Ghostysky","description":"D\u00e9couvrez l&#039;avenir de la robotique et de l&#039;intelligence artificielle avec le myCobot 280 Jetson Nano d&#039;Elephant Robotics. Ce bras robotique collaboratif de pointe, dot\u00e9 de 6 degr\u00e9s de libert\u00e9 (6 DOF), est un concentr\u00e9 de puissance compact. Bas\u00e9 sur la plateforme haute performance NVIDIA Jetson Nano, il constitue l&#039;outil id\u00e9al pour les d\u00e9veloppeurs, chercheurs, enseignants et amateurs d&#039;IA.","robots":{"index":"index","follow":"follow","max-snippet":"max-snippet:-1","max-image-preview":"max-image-preview:large","max-video-preview":"max-video-preview:-1"},"canonical":"https:\/\/www.ghostysky.com\/fr\/product\/elephant-robotics-mycobot-280-jetson-nano-6-dof-collaborative-robot-jetson-nano-version\/","og_locale":"fr_FR","og_type":"article","og_title":"Elephant Robotics myCobot 280 Jetson Nano 6 DOF Collaborative Robot (Jetson Nano Version) - Ghostysky","og_description":"Unlock the future of robotics and Artificial Intelligence with the Elephant Robotics myCobot 280 Jetson Nano. This cutting-edge, 6-Degrees of Freedom (6 DOF) collaborative robotic arm is a compact powerhouse, built upon the high-performance NVIDIA Jetson Nano platform, making it the ideal tool for AI developers, researchers, educators, and hobbyists.","og_url":"https:\/\/www.ghostysky.com\/fr\/product\/elephant-robotics-mycobot-280-jetson-nano-6-dof-collaborative-robot-jetson-nano-version\/","og_site_name":"Ghostysky","article_publisher":"https:\/\/www.facebook.com\/people\/Ghostysky\/100057676170234\/","article_modified_time":"2026-01-25T10:58:13+00:00","og_image":[{"width":800,"height":800,"url":"https:\/\/www.ghostysky.com\/wp-content\/uploads\/2025\/11\/GH_Elephant-Robotics-myCobot-280-Jetson-Nano-6-DOF-Collaborative-Robot_1.webp","type":"image\/webp"}],"twitter_card":"summary_large_image","twitter_site":"@Gh0stysky","twitter_misc":{"Dur\u00e9e de lecture estim\u00e9e":"2 minutes"},"schema":{"@context":"https:\/\/schema.org","@graph":[{"@type":"WebPage","@id":"https:\/\/www.ghostysky.com\/product\/elephant-robotics-mycobot-280-jetson-nano-6-dof-collaborative-robot-jetson-nano-version\/","url":"https:\/\/www.ghostysky.com\/product\/elephant-robotics-mycobot-280-jetson-nano-6-dof-collaborative-robot-jetson-nano-version\/","name":"Robot collaboratif Elephant Robotics myCobot 280 Jetson Nano 6 DOF (version Jetson Nano) - Ghostysky","isPartOf":{"@id":"https:\/\/www.ghostysky.com\/#website"},"primaryImageOfPage":{"@id":"https:\/\/www.ghostysky.com\/product\/elephant-robotics-mycobot-280-jetson-nano-6-dof-collaborative-robot-jetson-nano-version\/#primaryimage"},"image":{"@id":"https:\/\/www.ghostysky.com\/product\/elephant-robotics-mycobot-280-jetson-nano-6-dof-collaborative-robot-jetson-nano-version\/#primaryimage"},"thumbnailUrl":"https:\/\/www.ghostysky.com\/wp-content\/uploads\/2025\/11\/GH_Elephant-Robotics-myCobot-280-Jetson-Nano-6-DOF-Collaborative-Robot_1.webp","datePublished":"2025-11-13T08:30:18+00:00","dateModified":"2026-01-25T10:58:13+00:00","description":"D\u00e9couvrez l&#039;avenir de la robotique et de l&#039;intelligence artificielle avec le myCobot 280 Jetson Nano d&#039;Elephant Robotics. Ce bras robotique collaboratif de pointe, dot\u00e9 de 6 degr\u00e9s de libert\u00e9 (6 DOF), est un concentr\u00e9 de puissance compact. Bas\u00e9 sur la plateforme haute performance NVIDIA Jetson Nano, il constitue l&#039;outil id\u00e9al pour les d\u00e9veloppeurs, chercheurs, enseignants et amateurs d&#039;IA.","breadcrumb":{"@id":"https:\/\/www.ghostysky.com\/product\/elephant-robotics-mycobot-280-jetson-nano-6-dof-collaborative-robot-jetson-nano-version\/#breadcrumb"},"inLanguage":"fr-FR","potentialAction":[{"@type":"ReadAction","target":["https:\/\/www.ghostysky.com\/product\/elephant-robotics-mycobot-280-jetson-nano-6-dof-collaborative-robot-jetson-nano-version\/"]}]},{"@type":"ImageObject","inLanguage":"fr-FR","@id":"https:\/\/www.ghostysky.com\/product\/elephant-robotics-mycobot-280-jetson-nano-6-dof-collaborative-robot-jetson-nano-version\/#primaryimage","url":"https:\/\/www.ghostysky.com\/wp-content\/uploads\/2025\/11\/GH_Elephant-Robotics-myCobot-280-Jetson-Nano-6-DOF-Collaborative-Robot_1.webp","contentUrl":"https:\/\/www.ghostysky.com\/wp-content\/uploads\/2025\/11\/GH_Elephant-Robotics-myCobot-280-Jetson-Nano-6-DOF-Collaborative-Robot_1.webp","width":800,"height":800},{"@type":"BreadcrumbList","@id":"https:\/\/www.ghostysky.com\/product\/elephant-robotics-mycobot-280-jetson-nano-6-dof-collaborative-robot-jetson-nano-version\/#breadcrumb","itemListElement":[{"@type":"ListItem","position":1,"name":"Home","item":"https:\/\/www.ghostysky.com\/"},{"@type":"ListItem","position":2,"name":"Shop","item":"https:\/\/www.ghostysky.com\/shop\/"},{"@type":"ListItem","position":3,"name":"Elephant Robotics myCobot 280 Jetson Nano 6 DOF Collaborative Robot (Jetson Nano Version)"}]},{"@type":"WebSite","@id":"https:\/\/www.ghostysky.com\/#website","url":"https:\/\/www.ghostysky.com\/","name":"Ghostysky","description":"Livraison de drones et de services professionnels","publisher":{"@id":"https:\/\/www.ghostysky.com\/#organization"},"potentialAction":[{"@type":"SearchAction","target":{"@type":"EntryPoint","urlTemplate":"https:\/\/www.ghostysky.com\/?s={search_term_string}"},"query-input":{"@type":"PropertyValueSpecification","valueRequired":true,"valueName":"search_term_string"}}],"inLanguage":"fr-FR"},{"@type":"Organization","@id":"https:\/\/www.ghostysky.com\/#organization","name":"Ghostysky","url":"https:\/\/www.ghostysky.com\/","logo":{"@type":"ImageObject","inLanguage":"fr-FR","@id":"https:\/\/www.ghostysky.com\/#\/schema\/logo\/image\/","url":"https:\/\/www.ghostysky.com\/wp-content\/uploads\/2020\/06\/cropped-ghostyskylogo_text_white2.png","contentUrl":"https:\/\/www.ghostysky.com\/wp-content\/uploads\/2020\/06\/cropped-ghostyskylogo_text_white2.png","width":169,"height":56,"caption":"Ghostysky"},"image":{"@id":"https:\/\/www.ghostysky.com\/#\/schema\/logo\/image\/"},"sameAs":["https:\/\/www.facebook.com\/people\/Ghostysky\/100057676170234\/","https:\/\/x.com\/Gh0stysky","https:\/\/www.linkedin.com\/company\/34739653","https:\/\/www.instagram.com\/gh0stysky"]}]}},"_links":{"self":[{"href":"https:\/\/www.ghostysky.com\/fr\/wp-json\/wp\/v2\/product\/23171","targetHints":{"allow":["GET"]}}],"collection":[{"href":"https:\/\/www.ghostysky.com\/fr\/wp-json\/wp\/v2\/product"}],"about":[{"href":"https:\/\/www.ghostysky.com\/fr\/wp-json\/wp\/v2\/types\/product"}],"replies":[{"embeddable":true,"href":"https:\/\/www.ghostysky.com\/fr\/wp-json\/wp\/v2\/comments?post=23171"}],"wp:featuredmedia":[{"embeddable":true,"href":"https:\/\/www.ghostysky.com\/fr\/wp-json\/wp\/v2\/media\/23177"}],"wp:attachment":[{"href":"https:\/\/www.ghostysky.com\/fr\/wp-json\/wp\/v2\/media?parent=23171"}],"wp:term":[{"taxonomy":"product_brand","embeddable":true,"href":"https:\/\/www.ghostysky.com\/fr\/wp-json\/wp\/v2\/product_brand?post=23171"},{"taxonomy":"product_cat","embeddable":true,"href":"https:\/\/www.ghostysky.com\/fr\/wp-json\/wp\/v2\/product_cat?post=23171"},{"taxonomy":"product_tag","embeddable":true,"href":"https:\/\/www.ghostysky.com\/fr\/wp-json\/wp\/v2\/product_tag?post=23171"}],"curies":[{"name":"wp","href":"https:\/\/api.w.org\/{rel}","templated":true}]}}