{"id":23191,"date":"2025-11-14T13:07:02","date_gmt":"2025-11-14T13:07:02","guid":{"rendered":"https:\/\/www.ghostysky.com\/?post_type=product&#038;p=23191"},"modified":"2026-03-24T14:58:57","modified_gmt":"2026-03-24T14:58:57","slug":"emlid-reach-m2-m-camera-hot-shoe-adapter","status":"publish","type":"product","link":"https:\/\/www.ghostysky.com\/fr\/product\/emlid-reach-m2-m-camera-hot-shoe-adapter\/","title":{"rendered":"Adaptateur de griffe flash pour appareil photo Emlid Reach M2\/M+"},"content":{"rendered":"<h4>Fonction et objectif principaux<\/h4>\n<ul data-path-to-node=\"4\">\n<li>\n<p data-path-to-node=\"4,0,0\"><b>Horodatage pr\u00e9cis\u00a0:<\/b><span class=\"citation-13\"> L&#039;adaptateur <\/span><b><span class=\"citation-13\">c\u00e2ble l&#039;impulsion de synchronisation du flash<\/span><\/b><span class=\"citation-13 citation-end-13\"> directement de la griffe porte-accessoires de l&#039;appareil photo au Reach M2\/M+.<\/span> <span class=\"citation-12 citation-end-12\">Ce signal \u00e9lectrique instantan\u00e9 permet au module Reach d&#039;enregistrer avec une pr\u00e9cision exceptionnelle le moment pr\u00e9cis (horodatage) de la capture de chaque image.<\/span><\/p>\n<\/li>\n<li>\n<p data-path-to-node=\"4,1,0\"><b>Active le flux de travail PPK\u00a0:<\/b><span class=\"citation-11\"> Cet horodatage pr\u00e9cis est <\/span><b><span class=\"citation-11\">n\u00e9cessaire au flux de travail de post-traitement cin\u00e9matique (PPK)<\/span><\/b><span class=\"citation-11 citation-end-11\">, qui est utilis\u00e9 pour obtenir des g\u00e9otags tr\u00e8s pr\u00e9cis pour vos images, r\u00e9duisant consid\u00e9rablement le besoin de nombreux points de contr\u00f4le au sol (GCP) dans votre zone d&#039;\u00e9tude.<\/span><\/p>\n<div class=\"source-inline-chip-container ng-star-inserted\"><\/div>\n<\/li>\n<\/ul>\n<p data-path-to-node=\"6\">\n<h4>Caract\u00e9ristiques et compatibilit\u00e9<\/h4>\n<ul data-path-to-node=\"7\">\n<li>\n<p data-path-to-node=\"7,0,0\"><b>Pr\u00eat pour le PPK\u00a0:<\/b><span class=\"citation-10 citation-end-10\"> Un composant indispensable pour les solutions cin\u00e9matiques post-trait\u00e9es avec le Reach M2 ou le Reach M+.<\/span><\/p>\n<\/li>\n<li>\n<p data-path-to-node=\"7,1,0\"><b><span class=\"citation-9\">Compatibilit\u00e9 \u00e9tendue avec les cam\u00e9ras\u00a0:<\/span><\/b><span class=\"citation-9\"> Con\u00e7u pour fonctionner avec <\/span><b><span class=\"citation-9\">toute cam\u00e9ra dot\u00e9e d&#039;un connecteur de griffe flash standard<\/span><\/b><span class=\"citation-9 citation-end-9\">.<\/span> Sa compatibilit\u00e9 avec les marques populaires a \u00e9t\u00e9 test\u00e9e, notamment <b>Sony, Canon et Nikon<\/b>.<\/p>\n<\/li>\n<li>\n<p data-path-to-node=\"7,2,0\"><b>Compatibilit\u00e9 des modules\u00a0:<\/b> Travaille exclusivement avec <b>Emlid Reach M2<\/b> et <b>Atteignez M+<\/b> Modules GNSS RTK.<\/p>\n<\/li>\n<\/ul>\n<p data-path-to-node=\"9\"><b><i><span class=\"citation-8\">Veuillez noter:<\/span><\/i><\/b> <i><span class=\"citation-8\">Cet adaptateur est <\/span><b><span class=\"citation-8\">non compatible<\/span><\/b><span class=\"citation-8 citation-end-8\"> avec le module Emlid Reach original, bas\u00e9 sur Edison.<\/span><\/i><\/p>","protected":false},"excerpt":{"rendered":"<p><span class=\"citation-15\">Le <\/span><b><span class=\"citation-15\">Adaptateur de griffe flash pour appareil photo Emlid Reach M2\/M+<\/span><\/b><span class=\"citation-15\"> est un accessoire essentiel con\u00e7u pour atteindre <\/span><b><span class=\"citation-15\">g\u00e9or\u00e9f\u00e9rencement de haute pr\u00e9cision<\/span><\/b><span class=\"citation-15 citation-end-15\"> en photogramm\u00e9trie et cartographie par drone.<\/span> <span class=\"citation-14 citation-end-14\">Il constitue un lien essentiel entre votre appareil photo et votre module GNSS Emlid Reach M2 ou M+.<\/span><\/p>","protected":false},"featured_media":23195,"comment_status":"open","ping_status":"closed","template":"","meta":[],"product_brand":[1025],"product_cat":[367,89,30],"product_tag":[58,1289],"class_list":{"0":"post-23191","1":"product","2":"type-product","3":"status-publish","4":"has-post-thumbnail","6":"product_brand-emlid","7":"product_cat-accessories-emlid","8":"product_cat-emlid","9":"product_cat-mobile-station","10":"product_tag-emlid","11":"product_tag-emlid-m2","13":"first","14":"instock","15":"taxable","16":"shipping-taxable","17":"purchasable","18":"product-type-simple"},"yoast_head":"<!-- This site is optimized with the Yoast SEO plugin v27.1.1 - https:\/\/yoast.com\/product\/yoast-seo-wordpress\/ -->\n<title>Emlid Reach M2\/M+ camera hot shoe adapter - Ghostysky<\/title>\n<meta name=\"description\" content=\"The Emlid Reach M2\/M+ Camera Hot Shoe Adapter is an essential accessory designed to achieve high-precision georeferencing in drone-based photogrammetry and mapping. It acts as a critical link between your camera and your Emlid Reach M2 or M+ GNSS module.\" \/>\n<meta name=\"robots\" content=\"index, follow, max-snippet:-1, max-image-preview:large, max-video-preview:-1\" \/>\n<link rel=\"canonical\" href=\"https:\/\/www.ghostysky.com\/fr\/product\/emlid-reach-m2-m-camera-hot-shoe-adapter\/\" \/>\n<meta property=\"og:locale\" content=\"fr_FR\" \/>\n<meta property=\"og:type\" content=\"article\" \/>\n<meta property=\"og:title\" content=\"Emlid Reach M2\/M+ camera hot shoe adapter - Ghostysky\" \/>\n<meta property=\"og:description\" content=\"The Emlid Reach M2\/M+ Camera Hot Shoe Adapter is an essential accessory designed to achieve high-precision georeferencing in drone-based photogrammetry and mapping. It acts as a critical link between your camera and your Emlid Reach M2 or M+ GNSS module.\" \/>\n<meta property=\"og:url\" content=\"https:\/\/www.ghostysky.com\/fr\/product\/emlid-reach-m2-m-camera-hot-shoe-adapter\/\" \/>\n<meta property=\"og:site_name\" content=\"Ghostysky\" \/>\n<meta property=\"article:publisher\" content=\"https:\/\/www.facebook.com\/people\/Ghostysky\/100057676170234\/\" \/>\n<meta property=\"article:modified_time\" content=\"2026-03-24T14:58:57+00:00\" \/>\n<meta property=\"og:image\" content=\"https:\/\/www.ghostysky.com\/wp-content\/uploads\/2025\/11\/GH_Reach-M2_M-camera-hot-shoe-adapter_1.webp\" \/>\n\t<meta property=\"og:image:width\" content=\"800\" \/>\n\t<meta property=\"og:image:height\" content=\"800\" \/>\n\t<meta property=\"og:image:type\" content=\"image\/webp\" \/>\n<meta name=\"twitter:card\" content=\"summary_large_image\" \/>\n<meta name=\"twitter:site\" content=\"@Gh0stysky\" \/>\n<meta name=\"twitter:label1\" content=\"Dur\u00e9e de lecture estim\u00e9e\" \/>\n\t<meta name=\"twitter:data1\" content=\"1 minute\" \/>\n<script type=\"application\/ld+json\" class=\"yoast-schema-graph\">{\"@context\":\"https:\/\/schema.org\",\"@graph\":[{\"@type\":\"WebPage\",\"@id\":\"https:\/\/www.ghostysky.com\/product\/emlid-reach-m2-m-camera-hot-shoe-adapter\/\",\"url\":\"https:\/\/www.ghostysky.com\/product\/emlid-reach-m2-m-camera-hot-shoe-adapter\/\",\"name\":\"Emlid Reach M2\/M+ camera hot shoe adapter - Ghostysky\",\"isPartOf\":{\"@id\":\"https:\/\/www.ghostysky.com\/#website\"},\"primaryImageOfPage\":{\"@id\":\"https:\/\/www.ghostysky.com\/product\/emlid-reach-m2-m-camera-hot-shoe-adapter\/#primaryimage\"},\"image\":{\"@id\":\"https:\/\/www.ghostysky.com\/product\/emlid-reach-m2-m-camera-hot-shoe-adapter\/#primaryimage\"},\"thumbnailUrl\":\"https:\/\/www.ghostysky.com\/wp-content\/uploads\/2025\/11\/GH_Reach-M2_M-camera-hot-shoe-adapter_1.webp\",\"datePublished\":\"2025-11-14T13:07:02+00:00\",\"dateModified\":\"2026-03-24T14:58:57+00:00\",\"description\":\"The Emlid Reach M2\/M+ Camera Hot Shoe Adapter is an essential accessory designed to achieve high-precision georeferencing in drone-based photogrammetry and mapping. It acts as a critical link between your camera and your Emlid Reach M2 or M+ GNSS module.\",\"breadcrumb\":{\"@id\":\"https:\/\/www.ghostysky.com\/product\/emlid-reach-m2-m-camera-hot-shoe-adapter\/#breadcrumb\"},\"inLanguage\":\"fr-FR\",\"potentialAction\":[{\"@type\":\"ReadAction\",\"target\":[\"https:\/\/www.ghostysky.com\/product\/emlid-reach-m2-m-camera-hot-shoe-adapter\/\"]}]},{\"@type\":\"ImageObject\",\"inLanguage\":\"fr-FR\",\"@id\":\"https:\/\/www.ghostysky.com\/product\/emlid-reach-m2-m-camera-hot-shoe-adapter\/#primaryimage\",\"url\":\"https:\/\/www.ghostysky.com\/wp-content\/uploads\/2025\/11\/GH_Reach-M2_M-camera-hot-shoe-adapter_1.webp\",\"contentUrl\":\"https:\/\/www.ghostysky.com\/wp-content\/uploads\/2025\/11\/GH_Reach-M2_M-camera-hot-shoe-adapter_1.webp\",\"width\":800,\"height\":800},{\"@type\":\"BreadcrumbList\",\"@id\":\"https:\/\/www.ghostysky.com\/product\/emlid-reach-m2-m-camera-hot-shoe-adapter\/#breadcrumb\",\"itemListElement\":[{\"@type\":\"ListItem\",\"position\":1,\"name\":\"Home\",\"item\":\"https:\/\/www.ghostysky.com\/\"},{\"@type\":\"ListItem\",\"position\":2,\"name\":\"Shop\",\"item\":\"https:\/\/www.ghostysky.com\/shop\/\"},{\"@type\":\"ListItem\",\"position\":3,\"name\":\"Emlid Reach M2\/M+ camera hot shoe adapter\"}]},{\"@type\":\"WebSite\",\"@id\":\"https:\/\/www.ghostysky.com\/#website\",\"url\":\"https:\/\/www.ghostysky.com\/\",\"name\":\"Ghostysky\",\"description\":\"Delivering professional drones and services\",\"publisher\":{\"@id\":\"https:\/\/www.ghostysky.com\/#organization\"},\"potentialAction\":[{\"@type\":\"SearchAction\",\"target\":{\"@type\":\"EntryPoint\",\"urlTemplate\":\"https:\/\/www.ghostysky.com\/?s={search_term_string}\"},\"query-input\":{\"@type\":\"PropertyValueSpecification\",\"valueRequired\":true,\"valueName\":\"search_term_string\"}}],\"inLanguage\":\"fr-FR\"},{\"@type\":\"Organization\",\"@id\":\"https:\/\/www.ghostysky.com\/#organization\",\"name\":\"Ghostysky\",\"url\":\"https:\/\/www.ghostysky.com\/\",\"logo\":{\"@type\":\"ImageObject\",\"inLanguage\":\"fr-FR\",\"@id\":\"https:\/\/www.ghostysky.com\/#\/schema\/logo\/image\/\",\"url\":\"https:\/\/www.ghostysky.com\/wp-content\/uploads\/2020\/06\/cropped-ghostyskylogo_text_white2.png\",\"contentUrl\":\"https:\/\/www.ghostysky.com\/wp-content\/uploads\/2020\/06\/cropped-ghostyskylogo_text_white2.png\",\"width\":169,\"height\":56,\"caption\":\"Ghostysky\"},\"image\":{\"@id\":\"https:\/\/www.ghostysky.com\/#\/schema\/logo\/image\/\"},\"sameAs\":[\"https:\/\/www.facebook.com\/people\/Ghostysky\/100057676170234\/\",\"https:\/\/x.com\/Gh0stysky\",\"https:\/\/www.linkedin.com\/company\/34739653\",\"https:\/\/www.instagram.com\/gh0stysky\"]}]}<\/script>\n<!-- \/ Yoast SEO plugin. -->","yoast_head_json":{"title":"Adaptateur de griffe flash pour appareil photo Emlid Reach M2\/M+ - Ghostysky","description":"L&#039;adaptateur de griffe porte-accessoires pour appareil photo Emlid Reach M2\/M+ est un accessoire indispensable pour un g\u00e9or\u00e9f\u00e9rencement de haute pr\u00e9cision en photogramm\u00e9trie et cartographie par drone. Il assure la liaison essentielle entre votre appareil photo et votre module GNSS Emlid Reach M2 ou M+.","robots":{"index":"index","follow":"follow","max-snippet":"max-snippet:-1","max-image-preview":"max-image-preview:large","max-video-preview":"max-video-preview:-1"},"canonical":"https:\/\/www.ghostysky.com\/fr\/product\/emlid-reach-m2-m-camera-hot-shoe-adapter\/","og_locale":"fr_FR","og_type":"article","og_title":"Emlid Reach M2\/M+ camera hot shoe adapter - Ghostysky","og_description":"The Emlid Reach M2\/M+ Camera Hot Shoe Adapter is an essential accessory designed to achieve high-precision georeferencing in drone-based photogrammetry and mapping. It acts as a critical link between your camera and your Emlid Reach M2 or M+ GNSS module.","og_url":"https:\/\/www.ghostysky.com\/fr\/product\/emlid-reach-m2-m-camera-hot-shoe-adapter\/","og_site_name":"Ghostysky","article_publisher":"https:\/\/www.facebook.com\/people\/Ghostysky\/100057676170234\/","article_modified_time":"2026-03-24T14:58:57+00:00","og_image":[{"width":800,"height":800,"url":"https:\/\/www.ghostysky.com\/wp-content\/uploads\/2025\/11\/GH_Reach-M2_M-camera-hot-shoe-adapter_1.webp","type":"image\/webp"}],"twitter_card":"summary_large_image","twitter_site":"@Gh0stysky","twitter_misc":{"Dur\u00e9e de lecture estim\u00e9e":"1 minute"},"schema":{"@context":"https:\/\/schema.org","@graph":[{"@type":"WebPage","@id":"https:\/\/www.ghostysky.com\/product\/emlid-reach-m2-m-camera-hot-shoe-adapter\/","url":"https:\/\/www.ghostysky.com\/product\/emlid-reach-m2-m-camera-hot-shoe-adapter\/","name":"Adaptateur de griffe flash pour appareil photo Emlid Reach M2\/M+ - Ghostysky","isPartOf":{"@id":"https:\/\/www.ghostysky.com\/#website"},"primaryImageOfPage":{"@id":"https:\/\/www.ghostysky.com\/product\/emlid-reach-m2-m-camera-hot-shoe-adapter\/#primaryimage"},"image":{"@id":"https:\/\/www.ghostysky.com\/product\/emlid-reach-m2-m-camera-hot-shoe-adapter\/#primaryimage"},"thumbnailUrl":"https:\/\/www.ghostysky.com\/wp-content\/uploads\/2025\/11\/GH_Reach-M2_M-camera-hot-shoe-adapter_1.webp","datePublished":"2025-11-14T13:07:02+00:00","dateModified":"2026-03-24T14:58:57+00:00","description":"L&#039;adaptateur de griffe porte-accessoires pour appareil photo Emlid Reach M2\/M+ est un accessoire indispensable pour un g\u00e9or\u00e9f\u00e9rencement de haute pr\u00e9cision en photogramm\u00e9trie et cartographie par drone. Il assure la liaison essentielle entre votre appareil photo et votre module GNSS Emlid Reach M2 ou M+.","breadcrumb":{"@id":"https:\/\/www.ghostysky.com\/product\/emlid-reach-m2-m-camera-hot-shoe-adapter\/#breadcrumb"},"inLanguage":"fr-FR","potentialAction":[{"@type":"ReadAction","target":["https:\/\/www.ghostysky.com\/product\/emlid-reach-m2-m-camera-hot-shoe-adapter\/"]}]},{"@type":"ImageObject","inLanguage":"fr-FR","@id":"https:\/\/www.ghostysky.com\/product\/emlid-reach-m2-m-camera-hot-shoe-adapter\/#primaryimage","url":"https:\/\/www.ghostysky.com\/wp-content\/uploads\/2025\/11\/GH_Reach-M2_M-camera-hot-shoe-adapter_1.webp","contentUrl":"https:\/\/www.ghostysky.com\/wp-content\/uploads\/2025\/11\/GH_Reach-M2_M-camera-hot-shoe-adapter_1.webp","width":800,"height":800},{"@type":"BreadcrumbList","@id":"https:\/\/www.ghostysky.com\/product\/emlid-reach-m2-m-camera-hot-shoe-adapter\/#breadcrumb","itemListElement":[{"@type":"ListItem","position":1,"name":"Home","item":"https:\/\/www.ghostysky.com\/"},{"@type":"ListItem","position":2,"name":"Shop","item":"https:\/\/www.ghostysky.com\/shop\/"},{"@type":"ListItem","position":3,"name":"Emlid Reach M2\/M+ camera hot shoe adapter"}]},{"@type":"WebSite","@id":"https:\/\/www.ghostysky.com\/#website","url":"https:\/\/www.ghostysky.com\/","name":"Ghostysky","description":"Livraison de drones et de services professionnels","publisher":{"@id":"https:\/\/www.ghostysky.com\/#organization"},"potentialAction":[{"@type":"SearchAction","target":{"@type":"EntryPoint","urlTemplate":"https:\/\/www.ghostysky.com\/?s={search_term_string}"},"query-input":{"@type":"PropertyValueSpecification","valueRequired":true,"valueName":"search_term_string"}}],"inLanguage":"fr-FR"},{"@type":"Organization","@id":"https:\/\/www.ghostysky.com\/#organization","name":"Ghostysky","url":"https:\/\/www.ghostysky.com\/","logo":{"@type":"ImageObject","inLanguage":"fr-FR","@id":"https:\/\/www.ghostysky.com\/#\/schema\/logo\/image\/","url":"https:\/\/www.ghostysky.com\/wp-content\/uploads\/2020\/06\/cropped-ghostyskylogo_text_white2.png","contentUrl":"https:\/\/www.ghostysky.com\/wp-content\/uploads\/2020\/06\/cropped-ghostyskylogo_text_white2.png","width":169,"height":56,"caption":"Ghostysky"},"image":{"@id":"https:\/\/www.ghostysky.com\/#\/schema\/logo\/image\/"},"sameAs":["https:\/\/www.facebook.com\/people\/Ghostysky\/100057676170234\/","https:\/\/x.com\/Gh0stysky","https:\/\/www.linkedin.com\/company\/34739653","https:\/\/www.instagram.com\/gh0stysky"]}]}},"_links":{"self":[{"href":"https:\/\/www.ghostysky.com\/fr\/wp-json\/wp\/v2\/product\/23191","targetHints":{"allow":["GET"]}}],"collection":[{"href":"https:\/\/www.ghostysky.com\/fr\/wp-json\/wp\/v2\/product"}],"about":[{"href":"https:\/\/www.ghostysky.com\/fr\/wp-json\/wp\/v2\/types\/product"}],"replies":[{"embeddable":true,"href":"https:\/\/www.ghostysky.com\/fr\/wp-json\/wp\/v2\/comments?post=23191"}],"wp:featuredmedia":[{"embeddable":true,"href":"https:\/\/www.ghostysky.com\/fr\/wp-json\/wp\/v2\/media\/23195"}],"wp:attachment":[{"href":"https:\/\/www.ghostysky.com\/fr\/wp-json\/wp\/v2\/media?parent=23191"}],"wp:term":[{"taxonomy":"product_brand","embeddable":true,"href":"https:\/\/www.ghostysky.com\/fr\/wp-json\/wp\/v2\/product_brand?post=23191"},{"taxonomy":"product_cat","embeddable":true,"href":"https:\/\/www.ghostysky.com\/fr\/wp-json\/wp\/v2\/product_cat?post=23191"},{"taxonomy":"product_tag","embeddable":true,"href":"https:\/\/www.ghostysky.com\/fr\/wp-json\/wp\/v2\/product_tag?post=23191"}],"curies":[{"name":"wp","href":"https:\/\/api.w.org\/{rel}","templated":true}]}}