{"id":23197,"date":"2025-11-14T14:47:32","date_gmt":"2025-11-14T14:47:32","guid":{"rendered":"https:\/\/www.ghostysky.com\/?post_type=product&#038;p=23197"},"modified":"2025-11-14T14:48:04","modified_gmt":"2025-11-14T14:48:04","slug":"landing-pad-65cm65cm","status":"publish","type":"product","link":"https:\/\/www.ghostysky.com\/fr\/product\/landing-pad-65cm65cm\/","title":{"rendered":"Tapis d&#039;atterrissage 65cm*65cm"},"content":{"rendered":"<h4>Caract\u00e9ristiques principales<\/h4>\n<ul data-path-to-node=\"3\">\n<li>\n<p data-path-to-node=\"3,0,0\"><b>Taille optimale :<\/b> Un g\u00e9n\u00e9reux <b>65 cm x 65 cm<\/b> L&#039;aire d&#039;atterrissage offre suffisamment d&#039;espace pour la plupart des drones, qu&#039;ils soient grand public ou professionnels, garantissant un atterrissage en toute s\u00e9curit\u00e9 \u00e0 chaque fois.<\/p>\n<\/li>\n<li>\n<p data-path-to-node=\"3,1,0\"><b>Cuir polyur\u00e9thane (PU) de qualit\u00e9 sup\u00e9rieure\u00a0:<\/b> Fabriqu\u00e9 en cuir PU de haute qualit\u00e9 et r\u00e9sistant aux intemp\u00e9ries, ce tapis offre un <b>surface lisse, propre et durable<\/b>. <span class=\"citation-1 citation-end-1\">Il prot\u00e8ge la cam\u00e9ra et les capteurs sensibles de votre drone contre la poussi\u00e8re, la salet\u00e9, les cailloux et les d\u00e9bris pr\u00e9sents sur l&#039;herbe, le sable ou les surfaces rugueuses.<\/span><\/p>\n<\/li>\n<li>\n<p data-path-to-node=\"3,2,0\"><b>Conception \u00e0 haute visibilit\u00e9 :<\/b> Pr\u00e9sente un design audacieux bicolore qui assure <b>visibilit\u00e9 maximale<\/b> Depuis les airs, m\u00eame en plein soleil ou dans des conditions de faible luminosit\u00e9, l&#039;atterrissage de pr\u00e9cision se fait sans effort.<\/p>\n<\/li>\n<li>\n<p data-path-to-node=\"3,3,0\"><b>R\u00e9sistant \u00e0 l&#039;eau et aux taches :<\/b> Le cuir PU est facile \u00e0 nettoyer d&#039;un simple coup d&#039;\u00e9ponge, r\u00e9sistant \u00e0 l&#039;eau, \u00e0 l&#039;huile et \u00e0 la salet\u00e9, ce qui permet \u00e0 votre \u00e9quipement de conserver une apparence professionnelle vol apr\u00e8s vol.<\/p>\n<\/li>\n<li>\n<p data-path-to-node=\"3,4,0\"><b>Portable et installation rapide\u00a0:<\/b> L\u00e9ger et con\u00e7u pour <b>plier ou enrouler de fa\u00e7on compacte<\/b> Pour un transport ais\u00e9. D\u00e9ployez ou rangez en quelques secondes, il se glisse parfaitement dans votre \u00e9tui de transport pour drone.<\/p>\n<\/li>\n<\/ul>\n<p data-path-to-node=\"4\">\n<h4>Pourquoi choisir Launch Pad Pro ?<\/h4>\n<p data-path-to-node=\"5\">Prot\u00e9ger votre investissement commence d\u00e8s le sol. Le Launch Pad Pro minimise les projections d&#039;h\u00e9lices, prolonge la dur\u00e9e de vie de votre nacelle et de votre cam\u00e9ra, et offre une base professionnelle pour tous vos d\u00e9collages et atterrissages.<\/p>","protected":false},"excerpt":{"rendered":"<p>Fatigu\u00e9 des atterrissages brutaux et des capteurs sales\u00a0? Offrez \u00e0 votre drone le logement id\u00e9al avec le <b>Launch Pad Pro<\/b>\u2014 la solution d&#039;atterrissage ultime, con\u00e7ue pour la s\u00e9curit\u00e9, la pr\u00e9cision et la durabilit\u00e9.<\/p>","protected":false},"featured_media":23199,"comment_status":"open","ping_status":"closed","template":"","meta":[],"product_brand":[],"product_cat":[461,559],"product_tag":[561,563,568],"class_list":{"0":"post-23197","1":"product","2":"type-product","3":"status-publish","4":"has-post-thumbnail","6":"product_cat-accessories-2","7":"product_cat-landing-pad-gcp-gound-targets","8":"product_tag-65cm","9":"product_tag-landing-pad","10":"product_tag-pu","12":"first","13":"instock","14":"taxable","15":"shipping-taxable","16":"purchasable","17":"product-type-simple"},"yoast_head":"<!-- This site is optimized with the Yoast SEO plugin v27.4 - https:\/\/yoast.com\/product\/yoast-seo-wordpress\/ -->\n<title>Landing pad 65cm*65cm - Ghostysky<\/title>\n<meta name=\"description\" content=\"Tired of rough landings and dirty sensors? Give your drone the perfect home with the Launch Pad Pro\u2014the ultimate landing solution designed for safety, precision, and durability.\" \/>\n<meta name=\"robots\" content=\"index, follow, max-snippet:-1, max-image-preview:large, max-video-preview:-1\" \/>\n<link rel=\"canonical\" href=\"https:\/\/www.ghostysky.com\/fr\/product\/landing-pad-65cm65cm\/\" \/>\n<meta property=\"og:locale\" content=\"fr_FR\" \/>\n<meta property=\"og:type\" content=\"article\" \/>\n<meta property=\"og:title\" content=\"Landing pad 65cm*65cm - Ghostysky\" \/>\n<meta property=\"og:description\" content=\"Tired of rough landings and dirty sensors? Give your drone the perfect home with the Launch Pad Pro\u2014the ultimate landing solution designed for safety, precision, and durability.\" \/>\n<meta property=\"og:url\" content=\"https:\/\/www.ghostysky.com\/fr\/product\/landing-pad-65cm65cm\/\" \/>\n<meta property=\"og:site_name\" content=\"Ghostysky\" \/>\n<meta property=\"article:publisher\" content=\"https:\/\/www.facebook.com\/people\/Ghostysky\/100057676170234\/\" \/>\n<meta property=\"article:modified_time\" content=\"2025-11-14T14:48:04+00:00\" \/>\n<meta property=\"og:image\" content=\"https:\/\/www.ghostysky.com\/wp-content\/uploads\/2025\/11\/GH_Landing_Pad_65cm_65cm_2.webp\" \/>\n\t<meta property=\"og:image:width\" content=\"679\" \/>\n\t<meta property=\"og:image:height\" content=\"667\" \/>\n\t<meta property=\"og:image:type\" content=\"image\/webp\" \/>\n<meta name=\"twitter:card\" content=\"summary_large_image\" \/>\n<meta name=\"twitter:site\" content=\"@Gh0stysky\" \/>\n<meta name=\"twitter:label1\" content=\"Dur\u00e9e de lecture estim\u00e9e\" \/>\n\t<meta name=\"twitter:data1\" content=\"2 minutes\" \/>\n<script type=\"application\/ld+json\" class=\"yoast-schema-graph\">{\"@context\":\"https:\\\/\\\/schema.org\",\"@graph\":[{\"@type\":\"WebPage\",\"@id\":\"https:\\\/\\\/www.ghostysky.com\\\/product\\\/landing-pad-65cm65cm\\\/\",\"url\":\"https:\\\/\\\/www.ghostysky.com\\\/product\\\/landing-pad-65cm65cm\\\/\",\"name\":\"Landing pad 65cm*65cm - Ghostysky\",\"isPartOf\":{\"@id\":\"https:\\\/\\\/www.ghostysky.com\\\/#website\"},\"primaryImageOfPage\":{\"@id\":\"https:\\\/\\\/www.ghostysky.com\\\/product\\\/landing-pad-65cm65cm\\\/#primaryimage\"},\"image\":{\"@id\":\"https:\\\/\\\/www.ghostysky.com\\\/product\\\/landing-pad-65cm65cm\\\/#primaryimage\"},\"thumbnailUrl\":\"https:\\\/\\\/www.ghostysky.com\\\/wp-content\\\/uploads\\\/2025\\\/11\\\/GH_Landing_Pad_65cm_65cm_2.webp\",\"datePublished\":\"2025-11-14T14:47:32+00:00\",\"dateModified\":\"2025-11-14T14:48:04+00:00\",\"description\":\"Tired of rough landings and dirty sensors? Give your drone the perfect home with the Launch Pad Pro\u2014the ultimate landing solution designed for safety, precision, and durability.\",\"breadcrumb\":{\"@id\":\"https:\\\/\\\/www.ghostysky.com\\\/product\\\/landing-pad-65cm65cm\\\/#breadcrumb\"},\"inLanguage\":\"fr-FR\",\"potentialAction\":[{\"@type\":\"ReadAction\",\"target\":[\"https:\\\/\\\/www.ghostysky.com\\\/product\\\/landing-pad-65cm65cm\\\/\"]}]},{\"@type\":\"ImageObject\",\"inLanguage\":\"fr-FR\",\"@id\":\"https:\\\/\\\/www.ghostysky.com\\\/product\\\/landing-pad-65cm65cm\\\/#primaryimage\",\"url\":\"https:\\\/\\\/www.ghostysky.com\\\/wp-content\\\/uploads\\\/2025\\\/11\\\/GH_Landing_Pad_65cm_65cm_2.webp\",\"contentUrl\":\"https:\\\/\\\/www.ghostysky.com\\\/wp-content\\\/uploads\\\/2025\\\/11\\\/GH_Landing_Pad_65cm_65cm_2.webp\",\"width\":679,\"height\":667},{\"@type\":\"BreadcrumbList\",\"@id\":\"https:\\\/\\\/www.ghostysky.com\\\/product\\\/landing-pad-65cm65cm\\\/#breadcrumb\",\"itemListElement\":[{\"@type\":\"ListItem\",\"position\":1,\"name\":\"Home\",\"item\":\"https:\\\/\\\/www.ghostysky.com\\\/\"},{\"@type\":\"ListItem\",\"position\":2,\"name\":\"Shop\",\"item\":\"https:\\\/\\\/www.ghostysky.com\\\/shop\\\/\"},{\"@type\":\"ListItem\",\"position\":3,\"name\":\"Landing pad 65cm*65cm\"}]},{\"@type\":\"WebSite\",\"@id\":\"https:\\\/\\\/www.ghostysky.com\\\/#website\",\"url\":\"https:\\\/\\\/www.ghostysky.com\\\/\",\"name\":\"Ghostysky\",\"description\":\"Delivering professional drones and services\",\"publisher\":{\"@id\":\"https:\\\/\\\/www.ghostysky.com\\\/#organization\"},\"potentialAction\":[{\"@type\":\"SearchAction\",\"target\":{\"@type\":\"EntryPoint\",\"urlTemplate\":\"https:\\\/\\\/www.ghostysky.com\\\/?s={search_term_string}\"},\"query-input\":{\"@type\":\"PropertyValueSpecification\",\"valueRequired\":true,\"valueName\":\"search_term_string\"}}],\"inLanguage\":\"fr-FR\"},{\"@type\":\"Organization\",\"@id\":\"https:\\\/\\\/www.ghostysky.com\\\/#organization\",\"name\":\"Ghostysky\",\"url\":\"https:\\\/\\\/www.ghostysky.com\\\/\",\"logo\":{\"@type\":\"ImageObject\",\"inLanguage\":\"fr-FR\",\"@id\":\"https:\\\/\\\/www.ghostysky.com\\\/#\\\/schema\\\/logo\\\/image\\\/\",\"url\":\"https:\\\/\\\/www.ghostysky.com\\\/wp-content\\\/uploads\\\/2020\\\/06\\\/cropped-ghostyskylogo_text_white2.png\",\"contentUrl\":\"https:\\\/\\\/www.ghostysky.com\\\/wp-content\\\/uploads\\\/2020\\\/06\\\/cropped-ghostyskylogo_text_white2.png\",\"width\":169,\"height\":56,\"caption\":\"Ghostysky\"},\"image\":{\"@id\":\"https:\\\/\\\/www.ghostysky.com\\\/#\\\/schema\\\/logo\\\/image\\\/\"},\"sameAs\":[\"https:\\\/\\\/www.facebook.com\\\/people\\\/Ghostysky\\\/100057676170234\\\/\",\"https:\\\/\\\/x.com\\\/Gh0stysky\",\"https:\\\/\\\/www.linkedin.com\\\/company\\\/34739653\",\"https:\\\/\\\/www.instagram.com\\\/gh0stysky\"]}]}<\/script>\n<!-- \/ Yoast SEO plugin. -->","yoast_head_json":{"title":"Tapis d&#039;atterrissage 65 cm x 65 cm - Ghostysky","description":"Fatigu\u00e9 des atterrissages brutaux et des capteurs sales\u00a0? Offrez \u00e0 votre drone un abri id\u00e9al avec le Launch Pad Pro, la solution d\u2019atterrissage ultime con\u00e7ue pour la s\u00e9curit\u00e9, la pr\u00e9cision et la durabilit\u00e9.","robots":{"index":"index","follow":"follow","max-snippet":"max-snippet:-1","max-image-preview":"max-image-preview:large","max-video-preview":"max-video-preview:-1"},"canonical":"https:\/\/www.ghostysky.com\/fr\/product\/landing-pad-65cm65cm\/","og_locale":"fr_FR","og_type":"article","og_title":"Landing pad 65cm*65cm - Ghostysky","og_description":"Tired of rough landings and dirty sensors? Give your drone the perfect home with the Launch Pad Pro\u2014the ultimate landing solution designed for safety, precision, and durability.","og_url":"https:\/\/www.ghostysky.com\/fr\/product\/landing-pad-65cm65cm\/","og_site_name":"Ghostysky","article_publisher":"https:\/\/www.facebook.com\/people\/Ghostysky\/100057676170234\/","article_modified_time":"2025-11-14T14:48:04+00:00","og_image":[{"width":679,"height":667,"url":"https:\/\/www.ghostysky.com\/wp-content\/uploads\/2025\/11\/GH_Landing_Pad_65cm_65cm_2.webp","type":"image\/webp"}],"twitter_card":"summary_large_image","twitter_site":"@Gh0stysky","twitter_misc":{"Dur\u00e9e de lecture estim\u00e9e":"2 minutes"},"schema":{"@context":"https:\/\/schema.org","@graph":[{"@type":"WebPage","@id":"https:\/\/www.ghostysky.com\/product\/landing-pad-65cm65cm\/","url":"https:\/\/www.ghostysky.com\/product\/landing-pad-65cm65cm\/","name":"Tapis d&#039;atterrissage 65 cm x 65 cm - Ghostysky","isPartOf":{"@id":"https:\/\/www.ghostysky.com\/#website"},"primaryImageOfPage":{"@id":"https:\/\/www.ghostysky.com\/product\/landing-pad-65cm65cm\/#primaryimage"},"image":{"@id":"https:\/\/www.ghostysky.com\/product\/landing-pad-65cm65cm\/#primaryimage"},"thumbnailUrl":"https:\/\/www.ghostysky.com\/wp-content\/uploads\/2025\/11\/GH_Landing_Pad_65cm_65cm_2.webp","datePublished":"2025-11-14T14:47:32+00:00","dateModified":"2025-11-14T14:48:04+00:00","description":"Fatigu\u00e9 des atterrissages brutaux et des capteurs sales\u00a0? Offrez \u00e0 votre drone un abri id\u00e9al avec le Launch Pad Pro, la solution d\u2019atterrissage ultime con\u00e7ue pour la s\u00e9curit\u00e9, la pr\u00e9cision et la durabilit\u00e9.","breadcrumb":{"@id":"https:\/\/www.ghostysky.com\/product\/landing-pad-65cm65cm\/#breadcrumb"},"inLanguage":"fr-FR","potentialAction":[{"@type":"ReadAction","target":["https:\/\/www.ghostysky.com\/product\/landing-pad-65cm65cm\/"]}]},{"@type":"ImageObject","inLanguage":"fr-FR","@id":"https:\/\/www.ghostysky.com\/product\/landing-pad-65cm65cm\/#primaryimage","url":"https:\/\/www.ghostysky.com\/wp-content\/uploads\/2025\/11\/GH_Landing_Pad_65cm_65cm_2.webp","contentUrl":"https:\/\/www.ghostysky.com\/wp-content\/uploads\/2025\/11\/GH_Landing_Pad_65cm_65cm_2.webp","width":679,"height":667},{"@type":"BreadcrumbList","@id":"https:\/\/www.ghostysky.com\/product\/landing-pad-65cm65cm\/#breadcrumb","itemListElement":[{"@type":"ListItem","position":1,"name":"Home","item":"https:\/\/www.ghostysky.com\/"},{"@type":"ListItem","position":2,"name":"Shop","item":"https:\/\/www.ghostysky.com\/shop\/"},{"@type":"ListItem","position":3,"name":"Landing pad 65cm*65cm"}]},{"@type":"WebSite","@id":"https:\/\/www.ghostysky.com\/#website","url":"https:\/\/www.ghostysky.com\/","name":"Ghostysky","description":"Livraison de drones et de services professionnels","publisher":{"@id":"https:\/\/www.ghostysky.com\/#organization"},"potentialAction":[{"@type":"SearchAction","target":{"@type":"EntryPoint","urlTemplate":"https:\/\/www.ghostysky.com\/?s={search_term_string}"},"query-input":{"@type":"PropertyValueSpecification","valueRequired":true,"valueName":"search_term_string"}}],"inLanguage":"fr-FR"},{"@type":"Organization","@id":"https:\/\/www.ghostysky.com\/#organization","name":"Ghostysky","url":"https:\/\/www.ghostysky.com\/","logo":{"@type":"ImageObject","inLanguage":"fr-FR","@id":"https:\/\/www.ghostysky.com\/#\/schema\/logo\/image\/","url":"https:\/\/www.ghostysky.com\/wp-content\/uploads\/2020\/06\/cropped-ghostyskylogo_text_white2.png","contentUrl":"https:\/\/www.ghostysky.com\/wp-content\/uploads\/2020\/06\/cropped-ghostyskylogo_text_white2.png","width":169,"height":56,"caption":"Ghostysky"},"image":{"@id":"https:\/\/www.ghostysky.com\/#\/schema\/logo\/image\/"},"sameAs":["https:\/\/www.facebook.com\/people\/Ghostysky\/100057676170234\/","https:\/\/x.com\/Gh0stysky","https:\/\/www.linkedin.com\/company\/34739653","https:\/\/www.instagram.com\/gh0stysky"]}]}},"_links":{"self":[{"href":"https:\/\/www.ghostysky.com\/fr\/wp-json\/wp\/v2\/product\/23197","targetHints":{"allow":["GET"]}}],"collection":[{"href":"https:\/\/www.ghostysky.com\/fr\/wp-json\/wp\/v2\/product"}],"about":[{"href":"https:\/\/www.ghostysky.com\/fr\/wp-json\/wp\/v2\/types\/product"}],"replies":[{"embeddable":true,"href":"https:\/\/www.ghostysky.com\/fr\/wp-json\/wp\/v2\/comments?post=23197"}],"version-history":[{"count":0,"href":"https:\/\/www.ghostysky.com\/fr\/wp-json\/wp\/v2\/product\/23197\/revisions"}],"wp:featuredmedia":[{"embeddable":true,"href":"https:\/\/www.ghostysky.com\/fr\/wp-json\/wp\/v2\/media\/23199"}],"wp:attachment":[{"href":"https:\/\/www.ghostysky.com\/fr\/wp-json\/wp\/v2\/media?parent=23197"}],"wp:term":[{"taxonomy":"product_brand","embeddable":true,"href":"https:\/\/www.ghostysky.com\/fr\/wp-json\/wp\/v2\/product_brand?post=23197"},{"taxonomy":"product_cat","embeddable":true,"href":"https:\/\/www.ghostysky.com\/fr\/wp-json\/wp\/v2\/product_cat?post=23197"},{"taxonomy":"product_tag","embeddable":true,"href":"https:\/\/www.ghostysky.com\/fr\/wp-json\/wp\/v2\/product_tag?post=23197"}],"curies":[{"name":"wp","href":"https:\/\/api.w.org\/{rel}","templated":true}]}}