{"id":23240,"date":"2025-11-18T08:05:46","date_gmt":"2025-11-18T08:05:46","guid":{"rendered":"https:\/\/www.ghostysky.com\/?post_type=product&#038;p=23240"},"modified":"2025-11-18T12:34:35","modified_gmt":"2025-11-18T12:34:35","slug":"dji-neo-2-motion-fly-more-combo","status":"publish","type":"product","link":"https:\/\/www.ghostysky.com\/fr\/product\/dji-neo-2-motion-fly-more-combo\/","title":{"rendered":"DJI Neo 2 Motion Fly More Combo"},"content":{"rendered":"<h4>Caract\u00e9ristiques principales<\/h4>\n<ul data-path-to-node=\"3\">\n<li>\n<p data-path-to-node=\"3,0,0\"><b>Exp\u00e9rience FPV immersive\u00a0:<\/b><span class=\"citation-38\"> Comprend le <\/span><b><span class=\"citation-38\">DJI RC Motion 3<\/span><\/b><span class=\"citation-38\"> contr\u00f4leur de mouvement et <\/span><b><span class=\"citation-38\">Lunettes DJI N3<\/span><\/b><span class=\"citation-38 citation-end-38\">, vous permettant de contr\u00f4ler la trajectoire du drone par des mouvements de main intuitifs et de voir le monde d&#039;un point de vue \u00e0 la premi\u00e8re personne palpitant.<\/span><\/p>\n<\/li>\n<li>\n<p data-path-to-node=\"3,1,0\"><b><span class=\"citation-37\">La s\u00e9curit\u00e9 avant tout, toujours :<\/span><\/b><span class=\"citation-37\"> Caract\u00e9ristiques <\/span><b><span class=\"citation-37\">D\u00e9tection d&#039;obstacles omnidirectionnelle<\/span><\/b><span class=\"citation-37\"> combin\u00e9 avec une orientation vers l&#039;avant <\/span><b><span class=\"citation-37\">LiDAR<\/span><\/b><span class=\"citation-37 citation-end-37\"> pour la d\u00e9tection d&#039;obstacles en temps r\u00e9el, offrant une tranquillit\u00e9 d&#039;esprit et permettant m\u00eame aux d\u00e9butants de voler en toute confiance.<sup class=\"superscript\" data-turn-source-index=\"3\">3<\/sup><\/span> <span class=\"citation-36\">Le drone est \u00e9galement livr\u00e9 avec <\/span><b><span class=\"citation-36\">Protections d&#039;h\u00e9lice int\u00e9grales<\/span><\/b><span class=\"citation-36 citation-end-36\"> pour une double protection.<\/span><\/p>\n<\/li>\n<li>\n<p data-path-to-node=\"3,2,0\"><b><span class=\"citation-35\">Ma\u00eetrise du contr\u00f4le par la paume\u00a0:<\/span><\/b><span class=\"citation-35\"> Offres <\/span><b><span class=\"citation-35\">D\u00e9collage et atterrissage Palm<\/span><\/b><span class=\"citation-35\"> et un nouveau <\/span><b><span class=\"citation-35\">Retour \u00e0 la paume<\/span><\/b><span class=\"citation-35 citation-end-35\"> fonctionnalit\u00e9 permettant une utilisation manuelle simple et pr\u00e9cise.<\/span><\/p>\n<\/li>\n<li>\n<p data-path-to-node=\"3,3,0\"><b>Images 4K \u00e9poustouflantes\u00a0:<\/b><span class=\"citation-34\"> Le drone est \u00e9quip\u00e9 d&#039;un <\/span><b><span class=\"citation-34\">Capteur CMOS 1\/2 pouce de 12 m\u00e9gapixels<\/span><\/b><span class=\"citation-34 citation-end-34\"> et une nacelle m\u00e9canique \u00e0 2 axes, capable de filmer des images nettes et d\u00e9taill\u00e9es\u00a0:<\/span><\/p>\n<ul data-path-to-node=\"3,3,1\">\n<li>\n<p data-path-to-node=\"3,3,1,0,0\"><b>Vid\u00e9o 4K\/60 images\/seconde<\/b><\/p>\n<\/li>\n<li>\n<p data-path-to-node=\"3,3,1,1,0\"><b><span class=\"citation-33\">Ralenti 4K\/100 ips<\/span><\/b><span class=\"citation-33 citation-end-33\"> (avec t\u00e9l\u00e9commande\/manipulateur de mouvement)<\/span><\/p>\n<\/li>\n<li>\n<p data-path-to-node=\"3,3,1,2,0\"><b><span class=\"citation-32\">Vid\u00e9o verticale 2,7K<\/span><\/b><span class=\"citation-32 citation-end-32\"> (Id\u00e9al pour les r\u00e9seaux sociaux)<\/span><\/p>\n<\/li>\n<\/ul>\n<\/li>\n<\/ul>\n<h4>Prise de vue intelligente et sans interruption<\/h4>\n<ul data-path-to-node=\"5\">\n<li>\n<p data-path-to-node=\"5,0,0\"><b><span class=\"citation-31\">ActiveTrack\u00a0:<\/span><\/b><span class=\"citation-31\"> B\u00e9n\u00e9ficiez de <\/span><b><span class=\"citation-31\">suivi plus rapide et plus fluide<\/span><\/b><span class=\"citation-31 citation-end-31\"> \u00e0 des vitesses allant jusqu&#039;\u00e0 <sup class=\"superscript\" data-turn-source-index=\"9\">9<\/sup><\/span><span class=\"math-inline\" data-math=\"12 \\text{ m\/s}\">$12 m\/s $<\/span><span class=\"citation-30 citation-end-30\"> en espaces ouverts, en gardant sans effort votre sujet (course, cyclisme, etc.) centr\u00e9 dans le cadre.<\/span><\/p>\n<\/li>\n<li>\n<p data-path-to-node=\"5,1,0\"><b><span class=\"citation-29\">Contr\u00f4le gestuel et selfie\u00a0:<\/span><\/b><span class=\"citation-29\"> Contr\u00f4lez la direction du vol par de simples gestes de la main ou utilisez <\/span><b><span class=\"citation-29\">Selfie<\/span><\/b><span class=\"citation-29 citation-end-29\"> pour un cadrage automatis\u00e9 et mains libres de photos et de vid\u00e9os individuelles ou de groupe.<\/span><\/p>\n<\/li>\n<li>\n<p data-path-to-node=\"5,2,0\"><b>Modes intelligents\u00a0:<\/b><span class=\"citation-28\"> Lib\u00e9rez votre cr\u00e9ativit\u00e9 gr\u00e2ce \u00e0 de multiples modes de prise de vue intelligents, comme\u2026 <\/span><b><span class=\"citation-28\">Dolly Zoom<\/span><\/b><span class=\"citation-28\">, <\/span><b><span class=\"citation-28\">QuickShots<\/span><\/b><span class=\"citation-28\">, et <\/span><b><span class=\"citation-28\">MasterShots<\/span><\/b><span class=\"citation-28 citation-end-28\"> pour des r\u00e9sultats cin\u00e9matographiques en quelques secondes.<\/span><\/p>\n<\/li>\n<li>\n<p data-path-to-node=\"5,3,0\"><b>Grand espace de rangement interne\u00a0:<\/b><span class=\"citation-27\"> Livr\u00e9 avec <\/span><b><span class=\"citation-27\">49 Go de stockage interne<\/span><\/b><span class=\"citation-27 citation-end-27\"> pour un enregistrement vid\u00e9o 4K de grande qualit\u00e9 sans avoir besoin imm\u00e9diatement d&#039;une carte m\u00e9moire.<\/span><\/p>\n<\/li>\n<li>\n<p data-path-to-node=\"5,4,0\"><b>Transfert rapide\u00a0:<\/b><span class=\"citation-26 citation-end-26\"> Transf\u00e9rez votre contenu facilement et rapidement \u00e0 des vitesses allant jusqu&#039;\u00e0 <\/span><span class=\"math-inline\" data-math=\"80 \\text{ MB\/s}\">80 Mo\/s<\/span><span class=\"citation-25 citation-end-25\">.<\/span><\/p>\n<\/li>\n<\/ul>\n<h4>Inclusions du forfait Fly More<\/h4>\n<p data-path-to-node=\"7\">Le <b>Combinaison Motion Fly More<\/b> optimise votre temps d&#039;antenne et votre exp\u00e9rience de pilotage gr\u00e2ce \u00e0 des extras essentiels\u00a0:<\/p>\n<ul data-path-to-node=\"8\">\n<li>\n<p data-path-to-node=\"8,0,0\"><b>Avion DJI Neo 2<\/b><\/p>\n<\/li>\n<li>\n<p data-path-to-node=\"8,1,0\"><b><span class=\"citation-24\">DJI RC Motion 3<\/span><\/b><span class=\"citation-24 citation-end-24\"> (Contr\u00f4leur de mouvement)<\/span><\/p>\n<\/li>\n<li>\n<p data-path-to-node=\"8,2,0\"><b><span class=\"citation-23\">Lunettes DJI N3<\/span><\/b><span class=\"citation-23 citation-end-23\"> (Lunettes FPV)<\/span><\/p>\n<\/li>\n<li>\n<p data-path-to-node=\"8,3,0\"><b><span class=\"citation-22\">3 batteries de vol intelligentes DJI Neo 2<\/span><\/b><span class=\"citation-22 citation-end-22\"> (fournissant environ <sup class=\"superscript\" data-turn-source-index=\"18\">18<\/sup><\/span><span class=\"math-inline\" data-math=\"57\">$57$<\/span><span class=\"citation-21 citation-end-21\"> minutes de temps de vol total)<\/span><\/p>\n<\/li>\n<li>\n<p data-path-to-node=\"8,4,0\"><b>Hub de charge bidirectionnel DJI Neo 2<\/b><\/p>\n<\/li>\n<li>\n<p data-path-to-node=\"8,5,0\"><b>\u00c9metteur-r\u00e9cepteur num\u00e9rique DJI Neo 2<\/b><\/p>\n<\/li>\n<li>\n<p data-path-to-node=\"8,6,0\"><b><span class=\"citation-20 citation-end-20\">H\u00e9lices de rechange, protections d&#039;h\u00e9lices et autres accessoires essentiels<\/span><\/b><\/p>\n<\/li>\n<\/ul>\n<p data-path-to-node=\"9\">D\u00e9couvrez le futur du pilotage de drones : s\u00fbr, intelligent et incroyablement immersif.<\/p>","protected":false},"excerpt":{"rendered":"<p><span class=\"citation-39\">Plongez dans les cieux avec le <\/span><b><span class=\"citation-39\">DJI Neo 2 Motion Fly More Combo<\/span><\/b><span class=\"citation-39 citation-end-39\">, le pack ultime pour immortaliser les moments de la vie gr\u00e2ce \u00e0 une exp\u00e9rience exaltante en vue \u00e0 la premi\u00e8re personne (FPV).<\/span> Combinant le drone le plus compact et le plus riche en fonctionnalit\u00e9s de DJI avec une commande de mouvement intuitive et des accessoires de vol \u00e9tendus, ce combo est parfait pour les d\u00e9butants, les vlogueurs et les voyageurs \u00e0 la recherche d&#039;une qualit\u00e9 cin\u00e9matographique et d&#039;une fa\u00e7on s\u00fbre et amusante de voler.<\/p>","protected":false},"featured_media":23243,"comment_status":"open","ping_status":"closed","template":"","meta":[],"product_brand":[1031],"product_cat":[37,1290,1292],"product_tag":[42,1295,1297,1294],"class_list":{"0":"post-23240","1":"product","2":"type-product","3":"status-publish","4":"has-post-thumbnail","6":"product_brand-dji","7":"product_cat-dji","8":"product_cat-neo-2","9":"product_cat-neos-drones","10":"product_tag-dji","11":"product_tag-dji-neo-2-drones","12":"product_tag-dji-neos-2","13":"product_tag-motion-fly-more-combo","15":"first","16":"outofstock","17":"taxable","18":"shipping-taxable","19":"purchasable","20":"product-type-simple"},"yoast_head":"<!-- This site is optimized with the Yoast SEO plugin v27.1.1 - https:\/\/yoast.com\/product\/yoast-seo-wordpress\/ -->\n<title>DJI Neo 2 Motion Fly More Combo - Ghostysky<\/title>\n<meta name=\"description\" content=\"Dive into the skies with the DJI Neo 2 Motion Fly More Combo, the ultimate package for capturing life&#039;s moments with an exhilarating First-Person View (FPV) experience. Combining DJI&#039;s most compact and feature-rich drone with intuitive motion control and extended flight accessories, this combo is perfect for beginners, vloggers, and travelers seeking cinematic quality and a safe, fun way to fly.\" \/>\n<meta name=\"robots\" content=\"index, follow, max-snippet:-1, max-image-preview:large, max-video-preview:-1\" \/>\n<link rel=\"canonical\" href=\"https:\/\/www.ghostysky.com\/fr\/product\/dji-neo-2-motion-fly-more-combo\/\" \/>\n<meta property=\"og:locale\" content=\"fr_FR\" \/>\n<meta property=\"og:type\" content=\"article\" \/>\n<meta property=\"og:title\" content=\"DJI Neo 2 Motion Fly More Combo - Ghostysky\" \/>\n<meta property=\"og:description\" content=\"Dive into the skies with the DJI Neo 2 Motion Fly More Combo, the ultimate package for capturing life&#039;s moments with an exhilarating First-Person View (FPV) experience. Combining DJI&#039;s most compact and feature-rich drone with intuitive motion control and extended flight accessories, this combo is perfect for beginners, vloggers, and travelers seeking cinematic quality and a safe, fun way to fly.\" \/>\n<meta property=\"og:url\" content=\"https:\/\/www.ghostysky.com\/fr\/product\/dji-neo-2-motion-fly-more-combo\/\" \/>\n<meta property=\"og:site_name\" content=\"Ghostysky\" \/>\n<meta property=\"article:publisher\" content=\"https:\/\/www.facebook.com\/people\/Ghostysky\/100057676170234\/\" \/>\n<meta property=\"article:modified_time\" content=\"2025-11-18T12:34:35+00:00\" \/>\n<meta property=\"og:image\" content=\"https:\/\/www.ghostysky.com\/wp-content\/uploads\/2025\/11\/GH_DJI-Neo-2-Motion-Fly-More-Combo_1.jpg\" \/>\n\t<meta property=\"og:image:width\" content=\"800\" \/>\n\t<meta property=\"og:image:height\" content=\"800\" \/>\n\t<meta property=\"og:image:type\" content=\"image\/jpeg\" \/>\n<meta name=\"twitter:card\" content=\"summary_large_image\" \/>\n<meta name=\"twitter:site\" content=\"@Gh0stysky\" \/>\n<meta name=\"twitter:label1\" content=\"Dur\u00e9e de lecture estim\u00e9e\" \/>\n\t<meta name=\"twitter:data1\" content=\"2 minutes\" \/>\n<script type=\"application\/ld+json\" class=\"yoast-schema-graph\">{\"@context\":\"https:\/\/schema.org\",\"@graph\":[{\"@type\":\"WebPage\",\"@id\":\"https:\/\/www.ghostysky.com\/product\/dji-neo-2-motion-fly-more-combo\/\",\"url\":\"https:\/\/www.ghostysky.com\/product\/dji-neo-2-motion-fly-more-combo\/\",\"name\":\"DJI Neo 2 Motion Fly More Combo - Ghostysky\",\"isPartOf\":{\"@id\":\"https:\/\/www.ghostysky.com\/#website\"},\"primaryImageOfPage\":{\"@id\":\"https:\/\/www.ghostysky.com\/product\/dji-neo-2-motion-fly-more-combo\/#primaryimage\"},\"image\":{\"@id\":\"https:\/\/www.ghostysky.com\/product\/dji-neo-2-motion-fly-more-combo\/#primaryimage\"},\"thumbnailUrl\":\"https:\/\/www.ghostysky.com\/wp-content\/uploads\/2025\/11\/GH_DJI-Neo-2-Motion-Fly-More-Combo_1.jpg\",\"datePublished\":\"2025-11-18T08:05:46+00:00\",\"dateModified\":\"2025-11-18T12:34:35+00:00\",\"description\":\"Dive into the skies with the DJI Neo 2 Motion Fly More Combo, the ultimate package for capturing life's moments with an exhilarating First-Person View (FPV) experience. Combining DJI's most compact and feature-rich drone with intuitive motion control and extended flight accessories, this combo is perfect for beginners, vloggers, and travelers seeking cinematic quality and a safe, fun way to fly.\",\"breadcrumb\":{\"@id\":\"https:\/\/www.ghostysky.com\/product\/dji-neo-2-motion-fly-more-combo\/#breadcrumb\"},\"inLanguage\":\"fr-FR\",\"potentialAction\":[{\"@type\":\"ReadAction\",\"target\":[\"https:\/\/www.ghostysky.com\/product\/dji-neo-2-motion-fly-more-combo\/\"]}]},{\"@type\":\"ImageObject\",\"inLanguage\":\"fr-FR\",\"@id\":\"https:\/\/www.ghostysky.com\/product\/dji-neo-2-motion-fly-more-combo\/#primaryimage\",\"url\":\"https:\/\/www.ghostysky.com\/wp-content\/uploads\/2025\/11\/GH_DJI-Neo-2-Motion-Fly-More-Combo_1.jpg\",\"contentUrl\":\"https:\/\/www.ghostysky.com\/wp-content\/uploads\/2025\/11\/GH_DJI-Neo-2-Motion-Fly-More-Combo_1.jpg\",\"width\":800,\"height\":800},{\"@type\":\"BreadcrumbList\",\"@id\":\"https:\/\/www.ghostysky.com\/product\/dji-neo-2-motion-fly-more-combo\/#breadcrumb\",\"itemListElement\":[{\"@type\":\"ListItem\",\"position\":1,\"name\":\"Home\",\"item\":\"https:\/\/www.ghostysky.com\/\"},{\"@type\":\"ListItem\",\"position\":2,\"name\":\"Shop\",\"item\":\"https:\/\/www.ghostysky.com\/shop\/\"},{\"@type\":\"ListItem\",\"position\":3,\"name\":\"DJI Neo 2 Motion Fly More Combo\"}]},{\"@type\":\"WebSite\",\"@id\":\"https:\/\/www.ghostysky.com\/#website\",\"url\":\"https:\/\/www.ghostysky.com\/\",\"name\":\"Ghostysky\",\"description\":\"Delivering professional drones and services\",\"publisher\":{\"@id\":\"https:\/\/www.ghostysky.com\/#organization\"},\"potentialAction\":[{\"@type\":\"SearchAction\",\"target\":{\"@type\":\"EntryPoint\",\"urlTemplate\":\"https:\/\/www.ghostysky.com\/?s={search_term_string}\"},\"query-input\":{\"@type\":\"PropertyValueSpecification\",\"valueRequired\":true,\"valueName\":\"search_term_string\"}}],\"inLanguage\":\"fr-FR\"},{\"@type\":\"Organization\",\"@id\":\"https:\/\/www.ghostysky.com\/#organization\",\"name\":\"Ghostysky\",\"url\":\"https:\/\/www.ghostysky.com\/\",\"logo\":{\"@type\":\"ImageObject\",\"inLanguage\":\"fr-FR\",\"@id\":\"https:\/\/www.ghostysky.com\/#\/schema\/logo\/image\/\",\"url\":\"https:\/\/www.ghostysky.com\/wp-content\/uploads\/2020\/06\/cropped-ghostyskylogo_text_white2.png\",\"contentUrl\":\"https:\/\/www.ghostysky.com\/wp-content\/uploads\/2020\/06\/cropped-ghostyskylogo_text_white2.png\",\"width\":169,\"height\":56,\"caption\":\"Ghostysky\"},\"image\":{\"@id\":\"https:\/\/www.ghostysky.com\/#\/schema\/logo\/image\/\"},\"sameAs\":[\"https:\/\/www.facebook.com\/people\/Ghostysky\/100057676170234\/\",\"https:\/\/x.com\/Gh0stysky\",\"https:\/\/www.linkedin.com\/company\/34739653\",\"https:\/\/www.instagram.com\/gh0stysky\"]}]}<\/script>\n<!-- \/ Yoast SEO plugin. -->","yoast_head_json":{"title":"DJI Neo 2 Motion Fly More Combo - Ghostysky","description":"Prenez votre envol avec le DJI Neo 2 Motion Fly More Combo, le pack id\u00e9al pour immortaliser les moments pr\u00e9cieux de la vie gr\u00e2ce \u00e0 une exp\u00e9rience FPV (First-Person View) exaltante. Combinant le drone le plus compact et le plus riche en fonctionnalit\u00e9s de DJI avec des commandes de mouvement intuitives et une gamme compl\u00e8te d&#039;accessoires de vol, ce pack est parfait pour les d\u00e9butants, les vlogueurs et les voyageurs en qu\u00eate d&#039;une qualit\u00e9 cin\u00e9matographique et d&#039;une fa\u00e7on s\u00fbre et ludique de voler.","robots":{"index":"index","follow":"follow","max-snippet":"max-snippet:-1","max-image-preview":"max-image-preview:large","max-video-preview":"max-video-preview:-1"},"canonical":"https:\/\/www.ghostysky.com\/fr\/product\/dji-neo-2-motion-fly-more-combo\/","og_locale":"fr_FR","og_type":"article","og_title":"DJI Neo 2 Motion Fly More Combo - Ghostysky","og_description":"Dive into the skies with the DJI Neo 2 Motion Fly More Combo, the ultimate package for capturing life's moments with an exhilarating First-Person View (FPV) experience. Combining DJI's most compact and feature-rich drone with intuitive motion control and extended flight accessories, this combo is perfect for beginners, vloggers, and travelers seeking cinematic quality and a safe, fun way to fly.","og_url":"https:\/\/www.ghostysky.com\/fr\/product\/dji-neo-2-motion-fly-more-combo\/","og_site_name":"Ghostysky","article_publisher":"https:\/\/www.facebook.com\/people\/Ghostysky\/100057676170234\/","article_modified_time":"2025-11-18T12:34:35+00:00","og_image":[{"width":800,"height":800,"url":"https:\/\/www.ghostysky.com\/wp-content\/uploads\/2025\/11\/GH_DJI-Neo-2-Motion-Fly-More-Combo_1.jpg","type":"image\/jpeg"}],"twitter_card":"summary_large_image","twitter_site":"@Gh0stysky","twitter_misc":{"Dur\u00e9e de lecture estim\u00e9e":"2 minutes"},"schema":{"@context":"https:\/\/schema.org","@graph":[{"@type":"WebPage","@id":"https:\/\/www.ghostysky.com\/product\/dji-neo-2-motion-fly-more-combo\/","url":"https:\/\/www.ghostysky.com\/product\/dji-neo-2-motion-fly-more-combo\/","name":"DJI Neo 2 Motion Fly More Combo - Ghostysky","isPartOf":{"@id":"https:\/\/www.ghostysky.com\/#website"},"primaryImageOfPage":{"@id":"https:\/\/www.ghostysky.com\/product\/dji-neo-2-motion-fly-more-combo\/#primaryimage"},"image":{"@id":"https:\/\/www.ghostysky.com\/product\/dji-neo-2-motion-fly-more-combo\/#primaryimage"},"thumbnailUrl":"https:\/\/www.ghostysky.com\/wp-content\/uploads\/2025\/11\/GH_DJI-Neo-2-Motion-Fly-More-Combo_1.jpg","datePublished":"2025-11-18T08:05:46+00:00","dateModified":"2025-11-18T12:34:35+00:00","description":"Prenez votre envol avec le DJI Neo 2 Motion Fly More Combo, le pack id\u00e9al pour immortaliser les moments pr\u00e9cieux de la vie gr\u00e2ce \u00e0 une exp\u00e9rience FPV (First-Person View) exaltante. Combinant le drone le plus compact et le plus riche en fonctionnalit\u00e9s de DJI avec des commandes de mouvement intuitives et une gamme compl\u00e8te d&#039;accessoires de vol, ce pack est parfait pour les d\u00e9butants, les vlogueurs et les voyageurs en qu\u00eate d&#039;une qualit\u00e9 cin\u00e9matographique et d&#039;une fa\u00e7on s\u00fbre et ludique de voler.","breadcrumb":{"@id":"https:\/\/www.ghostysky.com\/product\/dji-neo-2-motion-fly-more-combo\/#breadcrumb"},"inLanguage":"fr-FR","potentialAction":[{"@type":"ReadAction","target":["https:\/\/www.ghostysky.com\/product\/dji-neo-2-motion-fly-more-combo\/"]}]},{"@type":"ImageObject","inLanguage":"fr-FR","@id":"https:\/\/www.ghostysky.com\/product\/dji-neo-2-motion-fly-more-combo\/#primaryimage","url":"https:\/\/www.ghostysky.com\/wp-content\/uploads\/2025\/11\/GH_DJI-Neo-2-Motion-Fly-More-Combo_1.jpg","contentUrl":"https:\/\/www.ghostysky.com\/wp-content\/uploads\/2025\/11\/GH_DJI-Neo-2-Motion-Fly-More-Combo_1.jpg","width":800,"height":800},{"@type":"BreadcrumbList","@id":"https:\/\/www.ghostysky.com\/product\/dji-neo-2-motion-fly-more-combo\/#breadcrumb","itemListElement":[{"@type":"ListItem","position":1,"name":"Home","item":"https:\/\/www.ghostysky.com\/"},{"@type":"ListItem","position":2,"name":"Shop","item":"https:\/\/www.ghostysky.com\/shop\/"},{"@type":"ListItem","position":3,"name":"DJI Neo 2 Motion Fly More Combo"}]},{"@type":"WebSite","@id":"https:\/\/www.ghostysky.com\/#website","url":"https:\/\/www.ghostysky.com\/","name":"Ghostysky","description":"Livraison de drones et de services professionnels","publisher":{"@id":"https:\/\/www.ghostysky.com\/#organization"},"potentialAction":[{"@type":"SearchAction","target":{"@type":"EntryPoint","urlTemplate":"https:\/\/www.ghostysky.com\/?s={search_term_string}"},"query-input":{"@type":"PropertyValueSpecification","valueRequired":true,"valueName":"search_term_string"}}],"inLanguage":"fr-FR"},{"@type":"Organization","@id":"https:\/\/www.ghostysky.com\/#organization","name":"Ghostysky","url":"https:\/\/www.ghostysky.com\/","logo":{"@type":"ImageObject","inLanguage":"fr-FR","@id":"https:\/\/www.ghostysky.com\/#\/schema\/logo\/image\/","url":"https:\/\/www.ghostysky.com\/wp-content\/uploads\/2020\/06\/cropped-ghostyskylogo_text_white2.png","contentUrl":"https:\/\/www.ghostysky.com\/wp-content\/uploads\/2020\/06\/cropped-ghostyskylogo_text_white2.png","width":169,"height":56,"caption":"Ghostysky"},"image":{"@id":"https:\/\/www.ghostysky.com\/#\/schema\/logo\/image\/"},"sameAs":["https:\/\/www.facebook.com\/people\/Ghostysky\/100057676170234\/","https:\/\/x.com\/Gh0stysky","https:\/\/www.linkedin.com\/company\/34739653","https:\/\/www.instagram.com\/gh0stysky"]}]}},"_links":{"self":[{"href":"https:\/\/www.ghostysky.com\/fr\/wp-json\/wp\/v2\/product\/23240","targetHints":{"allow":["GET"]}}],"collection":[{"href":"https:\/\/www.ghostysky.com\/fr\/wp-json\/wp\/v2\/product"}],"about":[{"href":"https:\/\/www.ghostysky.com\/fr\/wp-json\/wp\/v2\/types\/product"}],"replies":[{"embeddable":true,"href":"https:\/\/www.ghostysky.com\/fr\/wp-json\/wp\/v2\/comments?post=23240"}],"wp:featuredmedia":[{"embeddable":true,"href":"https:\/\/www.ghostysky.com\/fr\/wp-json\/wp\/v2\/media\/23243"}],"wp:attachment":[{"href":"https:\/\/www.ghostysky.com\/fr\/wp-json\/wp\/v2\/media?parent=23240"}],"wp:term":[{"taxonomy":"product_brand","embeddable":true,"href":"https:\/\/www.ghostysky.com\/fr\/wp-json\/wp\/v2\/product_brand?post=23240"},{"taxonomy":"product_cat","embeddable":true,"href":"https:\/\/www.ghostysky.com\/fr\/wp-json\/wp\/v2\/product_cat?post=23240"},{"taxonomy":"product_tag","embeddable":true,"href":"https:\/\/www.ghostysky.com\/fr\/wp-json\/wp\/v2\/product_tag?post=23240"}],"curies":[{"name":"wp","href":"https:\/\/api.w.org\/{rel}","templated":true}]}}