{"id":23244,"date":"2025-11-18T08:12:23","date_gmt":"2025-11-18T08:12:23","guid":{"rendered":"https:\/\/www.ghostysky.com\/?post_type=product&#038;p=23244"},"modified":"2025-12-30T14:40:33","modified_gmt":"2025-12-30T14:40:33","slug":"dji-neo-2-fly-more-combo","status":"publish","type":"product","link":"https:\/\/www.ghostysky.com\/fr\/product\/dji-neo-2-fly-more-combo\/","title":{"rendered":"DJI NEO 2 Fly More Combo"},"content":{"rendered":"<h4>Principales caract\u00e9ristiques du DJI Neo 2<\/h4>\n<ul data-path-to-node=\"4\">\n<li>\n<p data-path-to-node=\"4,0,0\"><b><span class=\"citation-63\">Conception ultra-compacte et l\u00e9g\u00e8re\u00a0:<\/span><\/b><span class=\"citation-63 citation-end-63\"> Facile \u00e0 transporter et \u00e0 piloter, avec des protections d&#039;h\u00e9lices int\u00e9grales int\u00e9gr\u00e9es pour une s\u00e9curit\u00e9 accrue.<\/span><\/p>\n<\/li>\n<li>\n<p data-path-to-node=\"4,1,0\"><b>Imagerie 4K haute qualit\u00e9\u00a0:<\/b><span class=\"citation-62 citation-end-62\"> Filmez des vid\u00e9os \u00e9poustouflantes gr\u00e2ce \u00e0 un capteur CMOS 1\/2 pouce de 12 m\u00e9gapixels.<sup class=\"superscript\" data-turn-source-index=\"4\">4<\/sup><\/span> <span class=\"citation-61\">Capturez des images ultra-fluides \u00e0 <\/span><b><span class=\"citation-61\">4K\/60fps<\/span><\/b><span class=\"citation-61\"> et dramatique <\/span><b><span class=\"citation-61\">Ralenti 4K\/100 ips<\/span><\/b><span class=\"citation-61 citation-end-61\">.<\/span><\/p>\n<\/li>\n<li>\n<p data-path-to-node=\"4,2,0\"><b>D\u00e9tection d&#039;obstacles omnidirectionnelle :<\/b> Volez en toute confiance. <span class=\"citation-60\">Le Neo 2 est dot\u00e9 d&#039;un syst\u00e8me de d\u00e9tection avanc\u00e9, comprenant <\/span><b><span class=\"citation-60\">LiDAR orient\u00e9 vers l&#039;avant<\/span><\/b><span class=\"citation-60 citation-end-60\">, pour d\u00e9tecter les obstacles dans toutes les directions et assurer un vol plus s\u00fbr et sans souci.<\/span><\/p>\n<\/li>\n<li>\n<p data-path-to-node=\"4,3,0\"><b>Plusieurs modes de commande mains libres\u00a0:<\/b><\/p>\n<ul data-path-to-node=\"4,3,1\">\n<li>\n<p data-path-to-node=\"4,3,1,0,0\"><b>Contr\u00f4le gestuel\u00a0:<\/b><span class=\"citation-59 citation-end-59\"> Utilisez des mouvements de main simples pour guider le drone, ajuster la distance et cadrer vos prises de vue.<\/span><\/p>\n<\/li>\n<li>\n<p data-path-to-node=\"4,3,1,1,0\"><b><span class=\"citation-58\">SelfieShot :<\/span><\/b><span class=\"citation-58 citation-end-58\"> Cadre et capture automatiquement les moments individuels ou en groupe, sans intervention manuelle.<\/span><\/p>\n<\/li>\n<li>\n<p data-path-to-node=\"4,3,1,2,0\"><b>Commande vocale\u00a0:<\/b><span class=\"citation-57 citation-end-57\"> Envoyez les commandes de vol \u00e0 l&#039;aide de votre smartphone ou de vos \u00e9couteurs Bluetooth.<\/span><\/p>\n<\/li>\n<\/ul>\n<\/li>\n<li>\n<p data-path-to-node=\"4,4,0\"><b>Ma\u00eetrisez le vol en toute simplicit\u00e9\u00a0:<\/b><span class=\"citation-56\"> Des fonctionnalit\u00e9s telles que <\/span><b><span class=\"citation-56\">D\u00e9collage et atterrissage Palm<\/span><\/b><span class=\"citation-56\"> et <\/span><b><span class=\"citation-56\">Retour \u00e0 la paume<\/span><\/b><span class=\"citation-56 citation-end-56\"> Rendre le lancement et la r\u00e9cup\u00e9ration du drone intuitifs et s\u00fbrs, m\u00eame pour les nouveaux pilotes.<\/span><\/p>\n<\/li>\n<li>\n<p data-path-to-node=\"4,5,0\"><b>ActiveTrack am\u00e9lior\u00e9\u00a0:<\/b><span class=\"citation-55\"> Le suivi am\u00e9lior\u00e9 des sujets permet de suivre des sujets comme les coureurs et les cyclistes \u00e0 des vitesses allant jusqu&#039;\u00e0 <\/span><b><span class=\"citation-55\">12 m\/s<\/span><\/b><span class=\"citation-55 citation-end-55\"> avec une stabilit\u00e9 accrue et de multiples directions de suivi.<\/span><\/p>\n<\/li>\n<li>\n<p data-path-to-node=\"4,6,0\"><b>Grand espace de stockage interne\u00a0:<\/b><span class=\"citation-54\"> Livr\u00e9 avec <\/span><b><span class=\"citation-54\">49 Go<\/span><\/b><span class=\"citation-54 citation-end-54\"> de stockage embarqu\u00e9 pour ne jamais rater une prise de vue.<\/span><\/p>\n<\/li>\n<\/ul>\n<h4>Volez plus, payez moins<\/h4>\n<p data-path-to-node=\"6\">Le <b>Combo Fly More<\/b> am\u00e9liore votre exp\u00e9rience en vous fournissant tout ce dont vous avez besoin pour des s\u00e9ances de prise de vue prolong\u00e9es\u00a0:<\/p>\n<table data-path-to-node=\"7\">\n<thead>\n<tr>\n<td><strong>Article<\/strong><\/td>\n<td><strong>Quantit\u00e9<\/strong><\/td>\n<td><strong>Avantage<\/strong><\/td>\n<\/tr>\n<\/thead>\n<tbody>\n<tr>\n<td data-path-to-node=\"7,1,0,0\"><b>Batterie de vol intelligente DJI Neo 2<\/b><\/td>\n<td data-path-to-node=\"7,1,1,0\">3 (Total)<\/td>\n<td data-path-to-node=\"7,1,2,0\">Fournit jusqu&#039;\u00e0 <b>57 minutes<\/b> du temps de vol total.<\/td>\n<\/tr>\n<tr>\n<td data-path-to-node=\"7,2,0,0\"><b>Hub de charge bidirectionnel DJI Neo 2<\/b><\/td>\n<td data-path-to-node=\"7,2,1,0\">1<\/td>\n<td data-path-to-node=\"7,2,2,0\">Chargez plusieurs batteries en s\u00e9rie ou simultan\u00e9ment, minimisant ainsi les temps d&#039;arr\u00eat.<\/td>\n<\/tr>\n<tr>\n<td data-path-to-node=\"7,3,0,0\"><b>T\u00e9l\u00e9commande DJI RC-N3<\/b><\/td>\n<td data-path-to-node=\"7,3,1,0\">1<\/td>\n<td data-path-to-node=\"7,3,2,0\">Offre un contr\u00f4le traditionnel et pr\u00e9cis du manche et jusqu&#039;\u00e0 <b>10 km<\/b> de port\u00e9e de transmission vid\u00e9o (FCC).<\/td>\n<\/tr>\n<tr>\n<td data-path-to-node=\"7,4,0,0\"><b>\u00c9metteur-r\u00e9cepteur num\u00e9rique DJI Neo 2<\/b><\/td>\n<td data-path-to-node=\"7,4,1,0\">1<\/td>\n<td data-path-to-node=\"7,4,2,0\">Am\u00e9liore encore la fiabilit\u00e9 du signal et la qualit\u00e9 de la transmission vid\u00e9o.<\/td>\n<\/tr>\n<tr>\n<td data-path-to-node=\"7,5,0,0\"><b>H\u00e9lices et h\u00e9lices de rechange<\/b><\/td>\n<td data-path-to-node=\"7,5,1,0\">1 paire \/ 4 vis<\/td>\n<td data-path-to-node=\"7,5,2,0\">Vous assure d&#039;\u00eatre pr\u00eat pour une maintenance rapide sur le terrain.<\/td>\n<\/tr>\n<tr>\n<td data-path-to-node=\"7,6,0,0\"><b>Protection d&#039;h\u00e9lice (paire)<\/b><\/td>\n<td data-path-to-node=\"7,6,1,0\">1<\/td>\n<td data-path-to-node=\"7,6,2,0\">Offre une protection suppl\u00e9mentaire pour les vols en int\u00e9rieur ou \u00e0 basse altitude.<\/td>\n<\/tr>\n<tr>\n<td data-path-to-node=\"7,7,0,0\"><b>Protecteur de cardan<\/b><\/td>\n<td data-path-to-node=\"7,7,1,0\">1<\/td>\n<td data-path-to-node=\"7,7,2,0\">Permet de prot\u00e9ger la cam\u00e9ra et le stabilisateur pendant le transport.<\/td>\n<\/tr>\n<\/tbody>\n<\/table>\n<p data-path-to-node=\"8\"><span class=\"citation-53 interactive-span-hovered\">Le <\/span><b><span class=\"citation-53 interactive-span-hovered\">DJI Neo 2 Fly More Combo<\/span><\/b><span class=\"citation-53 citation-end-53 interactive-span-hovered\"> C&#039;est bien plus qu&#039;un simple drone ; c&#039;est une cam\u00e9ra volante personnelle et tout-en-un qui simplifie les prises de vue complexes, ce qui en fait l&#039;outil id\u00e9al pour immortaliser vos aventures sous un angle in\u00e9dit et \u00e9poustouflant.<\/span><\/p>","protected":false},"excerpt":{"rendered":"<p data-path-to-node=\"1\">Capturez votre monde avec une facilit\u00e9 et une libert\u00e9 in\u00e9gal\u00e9es. <span class=\"citation-65\">Le <\/span><b><span class=\"citation-65\">DJI Neo 2 Fly More Combo<\/span><\/b><span class=\"citation-65 citation-end-65\"> Il s&#039;agit du pack id\u00e9al pour les d\u00e9butants, les voyageurs et les cr\u00e9ateurs de contenu, offrant le drone cam\u00e9ra le plus compact et le plus riche en fonctionnalit\u00e9s de DJI, accompagn\u00e9 d&#039;accessoires essentiels pour maximiser votre temps de vol et votre potentiel cr\u00e9atif.<\/span><\/p>\n<p data-path-to-node=\"2\"><span class=\"citation-64 interactive-span-hovered\">Pesant juste <\/span><b><span class=\"citation-64 interactive-span-hovered\">151 g<\/span><\/b><span class=\"citation-64 citation-end-64 interactive-span-hovered\"> (Poids inf\u00e9rieur \u00e0 la limite de 250 g dans de nombreuses r\u00e9gions), le Neo 2 est incroyablement portable, tout en int\u00e9grant une technologie de pointe et une cam\u00e9ra puissante, rendant la vid\u00e9ographie a\u00e9rienne de qualit\u00e9 professionnelle accessible \u00e0 tous.<\/span><\/p>\n<h3><\/h3>","protected":false},"featured_media":23247,"comment_status":"open","ping_status":"closed","template":"","meta":[],"product_brand":[1031],"product_cat":[37,1290,1292],"product_tag":[42,1293,1295,774],"class_list":{"0":"post-23244","1":"product","2":"type-product","3":"status-publish","4":"has-post-thumbnail","6":"product_brand-dji","7":"product_cat-dji","8":"product_cat-neo-2","9":"product_cat-neos-drones","10":"product_tag-dji","11":"product_tag-dji-neo-2","12":"product_tag-dji-neo-2-drones","13":"product_tag-fly-more-combo","15":"first","16":"instock","17":"taxable","18":"shipping-taxable","19":"purchasable","20":"product-type-simple"},"yoast_head":"<!-- This site is optimized with the Yoast SEO plugin v27.1.1 - https:\/\/yoast.com\/product\/yoast-seo-wordpress\/ -->\n<title>DJI NEO 2 Fly More Combo - Ghostysky<\/title>\n<meta name=\"description\" content=\"Capture your world with unparalleled ease and freedom. The DJI Neo 2 Fly More Combo is the ultimate package for beginners, travelers, and content creators, offering DJI&#039;s most compact and feature-rich camera drone bundled with essential accessories to maximize your flight time and creative potential.Weighing just 151g (under the 250g limit in many regions), the Neo 2 is incredibly portable, yet it packs advanced technology and a powerful camera, making professional-quality aerial videography accessible to everyone.\" \/>\n<meta name=\"robots\" content=\"index, follow, max-snippet:-1, max-image-preview:large, max-video-preview:-1\" \/>\n<link rel=\"canonical\" href=\"https:\/\/www.ghostysky.com\/fr\/product\/dji-neo-2-fly-more-combo\/\" \/>\n<meta property=\"og:locale\" content=\"fr_FR\" \/>\n<meta property=\"og:type\" content=\"article\" \/>\n<meta property=\"og:title\" content=\"DJI NEO 2 Fly More Combo - Ghostysky\" \/>\n<meta property=\"og:description\" content=\"Capture your world with unparalleled ease and freedom. The DJI Neo 2 Fly More Combo is the ultimate package for beginners, travelers, and content creators, offering DJI&#039;s most compact and feature-rich camera drone bundled with essential accessories to maximize your flight time and creative potential.Weighing just 151g (under the 250g limit in many regions), the Neo 2 is incredibly portable, yet it packs advanced technology and a powerful camera, making professional-quality aerial videography accessible to everyone.\" \/>\n<meta property=\"og:url\" content=\"https:\/\/www.ghostysky.com\/fr\/product\/dji-neo-2-fly-more-combo\/\" \/>\n<meta property=\"og:site_name\" content=\"Ghostysky\" \/>\n<meta property=\"article:publisher\" content=\"https:\/\/www.facebook.com\/people\/Ghostysky\/100057676170234\/\" \/>\n<meta property=\"article:modified_time\" content=\"2025-12-30T14:40:33+00:00\" \/>\n<meta property=\"og:image\" content=\"https:\/\/www.ghostysky.com\/wp-content\/uploads\/2025\/11\/GH_DJI-NEO-2-Fly-More-Combo_1.jpg\" \/>\n\t<meta property=\"og:image:width\" content=\"800\" \/>\n\t<meta property=\"og:image:height\" content=\"800\" \/>\n\t<meta property=\"og:image:type\" content=\"image\/jpeg\" \/>\n<meta name=\"twitter:card\" content=\"summary_large_image\" \/>\n<meta name=\"twitter:site\" content=\"@Gh0stysky\" \/>\n<meta name=\"twitter:label1\" content=\"Dur\u00e9e de lecture estim\u00e9e\" \/>\n\t<meta name=\"twitter:data1\" content=\"2 minutes\" \/>\n<script type=\"application\/ld+json\" class=\"yoast-schema-graph\">{\"@context\":\"https:\/\/schema.org\",\"@graph\":[{\"@type\":\"WebPage\",\"@id\":\"https:\/\/www.ghostysky.com\/product\/dji-neo-2-fly-more-combo\/\",\"url\":\"https:\/\/www.ghostysky.com\/product\/dji-neo-2-fly-more-combo\/\",\"name\":\"DJI NEO 2 Fly More Combo - Ghostysky\",\"isPartOf\":{\"@id\":\"https:\/\/www.ghostysky.com\/#website\"},\"primaryImageOfPage\":{\"@id\":\"https:\/\/www.ghostysky.com\/product\/dji-neo-2-fly-more-combo\/#primaryimage\"},\"image\":{\"@id\":\"https:\/\/www.ghostysky.com\/product\/dji-neo-2-fly-more-combo\/#primaryimage\"},\"thumbnailUrl\":\"https:\/\/www.ghostysky.com\/wp-content\/uploads\/2025\/11\/GH_DJI-NEO-2-Fly-More-Combo_1.jpg\",\"datePublished\":\"2025-11-18T08:12:23+00:00\",\"dateModified\":\"2025-12-30T14:40:33+00:00\",\"description\":\"Capture your world with unparalleled ease and freedom. The DJI Neo 2 Fly More Combo is the ultimate package for beginners, travelers, and content creators, offering DJI's most compact and feature-rich camera drone bundled with essential accessories to maximize your flight time and creative potential.Weighing just 151g (under the 250g limit in many regions), the Neo 2 is incredibly portable, yet it packs advanced technology and a powerful camera, making professional-quality aerial videography accessible to everyone.\",\"breadcrumb\":{\"@id\":\"https:\/\/www.ghostysky.com\/product\/dji-neo-2-fly-more-combo\/#breadcrumb\"},\"inLanguage\":\"fr-FR\",\"potentialAction\":[{\"@type\":\"ReadAction\",\"target\":[\"https:\/\/www.ghostysky.com\/product\/dji-neo-2-fly-more-combo\/\"]}]},{\"@type\":\"ImageObject\",\"inLanguage\":\"fr-FR\",\"@id\":\"https:\/\/www.ghostysky.com\/product\/dji-neo-2-fly-more-combo\/#primaryimage\",\"url\":\"https:\/\/www.ghostysky.com\/wp-content\/uploads\/2025\/11\/GH_DJI-NEO-2-Fly-More-Combo_1.jpg\",\"contentUrl\":\"https:\/\/www.ghostysky.com\/wp-content\/uploads\/2025\/11\/GH_DJI-NEO-2-Fly-More-Combo_1.jpg\",\"width\":800,\"height\":800},{\"@type\":\"BreadcrumbList\",\"@id\":\"https:\/\/www.ghostysky.com\/product\/dji-neo-2-fly-more-combo\/#breadcrumb\",\"itemListElement\":[{\"@type\":\"ListItem\",\"position\":1,\"name\":\"Home\",\"item\":\"https:\/\/www.ghostysky.com\/\"},{\"@type\":\"ListItem\",\"position\":2,\"name\":\"Shop\",\"item\":\"https:\/\/www.ghostysky.com\/shop\/\"},{\"@type\":\"ListItem\",\"position\":3,\"name\":\"DJI NEO 2 Fly More Combo\"}]},{\"@type\":\"WebSite\",\"@id\":\"https:\/\/www.ghostysky.com\/#website\",\"url\":\"https:\/\/www.ghostysky.com\/\",\"name\":\"Ghostysky\",\"description\":\"Delivering professional drones and services\",\"publisher\":{\"@id\":\"https:\/\/www.ghostysky.com\/#organization\"},\"potentialAction\":[{\"@type\":\"SearchAction\",\"target\":{\"@type\":\"EntryPoint\",\"urlTemplate\":\"https:\/\/www.ghostysky.com\/?s={search_term_string}\"},\"query-input\":{\"@type\":\"PropertyValueSpecification\",\"valueRequired\":true,\"valueName\":\"search_term_string\"}}],\"inLanguage\":\"fr-FR\"},{\"@type\":\"Organization\",\"@id\":\"https:\/\/www.ghostysky.com\/#organization\",\"name\":\"Ghostysky\",\"url\":\"https:\/\/www.ghostysky.com\/\",\"logo\":{\"@type\":\"ImageObject\",\"inLanguage\":\"fr-FR\",\"@id\":\"https:\/\/www.ghostysky.com\/#\/schema\/logo\/image\/\",\"url\":\"https:\/\/www.ghostysky.com\/wp-content\/uploads\/2020\/06\/cropped-ghostyskylogo_text_white2.png\",\"contentUrl\":\"https:\/\/www.ghostysky.com\/wp-content\/uploads\/2020\/06\/cropped-ghostyskylogo_text_white2.png\",\"width\":169,\"height\":56,\"caption\":\"Ghostysky\"},\"image\":{\"@id\":\"https:\/\/www.ghostysky.com\/#\/schema\/logo\/image\/\"},\"sameAs\":[\"https:\/\/www.facebook.com\/people\/Ghostysky\/100057676170234\/\",\"https:\/\/x.com\/Gh0stysky\",\"https:\/\/www.linkedin.com\/company\/34739653\",\"https:\/\/www.instagram.com\/gh0stysky\"]}]}<\/script>\n<!-- \/ Yoast SEO plugin. -->","yoast_head_json":{"title":"DJI NEO 2 Fly More Combo - Ghostysky","description":"Capturez le monde avec une facilit\u00e9 et une libert\u00e9 in\u00e9gal\u00e9es. Le pack DJI Neo 2 Fly More Combo est id\u00e9al pour les d\u00e9butants, les voyageurs et les cr\u00e9ateurs de contenu. Il comprend le drone cam\u00e9ra le plus compact et le plus complet de DJI, ainsi que les accessoires indispensables pour optimiser votre temps de vol et votre cr\u00e9ativit\u00e9. Avec un poids plume de seulement 151 g (moins de 250 g dans de nombreuses r\u00e9gions), le Neo 2 est incroyablement portable. Pourtant, il int\u00e8gre une technologie de pointe et une cam\u00e9ra performante, rendant la vid\u00e9ographie a\u00e9rienne de qualit\u00e9 professionnelle accessible \u00e0 tous.","robots":{"index":"index","follow":"follow","max-snippet":"max-snippet:-1","max-image-preview":"max-image-preview:large","max-video-preview":"max-video-preview:-1"},"canonical":"https:\/\/www.ghostysky.com\/fr\/product\/dji-neo-2-fly-more-combo\/","og_locale":"fr_FR","og_type":"article","og_title":"DJI NEO 2 Fly More Combo - Ghostysky","og_description":"Capture your world with unparalleled ease and freedom. The DJI Neo 2 Fly More Combo is the ultimate package for beginners, travelers, and content creators, offering DJI's most compact and feature-rich camera drone bundled with essential accessories to maximize your flight time and creative potential.Weighing just 151g (under the 250g limit in many regions), the Neo 2 is incredibly portable, yet it packs advanced technology and a powerful camera, making professional-quality aerial videography accessible to everyone.","og_url":"https:\/\/www.ghostysky.com\/fr\/product\/dji-neo-2-fly-more-combo\/","og_site_name":"Ghostysky","article_publisher":"https:\/\/www.facebook.com\/people\/Ghostysky\/100057676170234\/","article_modified_time":"2025-12-30T14:40:33+00:00","og_image":[{"width":800,"height":800,"url":"https:\/\/www.ghostysky.com\/wp-content\/uploads\/2025\/11\/GH_DJI-NEO-2-Fly-More-Combo_1.jpg","type":"image\/jpeg"}],"twitter_card":"summary_large_image","twitter_site":"@Gh0stysky","twitter_misc":{"Dur\u00e9e de lecture estim\u00e9e":"2 minutes"},"schema":{"@context":"https:\/\/schema.org","@graph":[{"@type":"WebPage","@id":"https:\/\/www.ghostysky.com\/product\/dji-neo-2-fly-more-combo\/","url":"https:\/\/www.ghostysky.com\/product\/dji-neo-2-fly-more-combo\/","name":"DJI NEO 2 Fly More Combo - Ghostysky","isPartOf":{"@id":"https:\/\/www.ghostysky.com\/#website"},"primaryImageOfPage":{"@id":"https:\/\/www.ghostysky.com\/product\/dji-neo-2-fly-more-combo\/#primaryimage"},"image":{"@id":"https:\/\/www.ghostysky.com\/product\/dji-neo-2-fly-more-combo\/#primaryimage"},"thumbnailUrl":"https:\/\/www.ghostysky.com\/wp-content\/uploads\/2025\/11\/GH_DJI-NEO-2-Fly-More-Combo_1.jpg","datePublished":"2025-11-18T08:12:23+00:00","dateModified":"2025-12-30T14:40:33+00:00","description":"Capturez le monde avec une facilit\u00e9 et une libert\u00e9 in\u00e9gal\u00e9es. Le pack DJI Neo 2 Fly More Combo est id\u00e9al pour les d\u00e9butants, les voyageurs et les cr\u00e9ateurs de contenu. Il comprend le drone cam\u00e9ra le plus compact et le plus complet de DJI, ainsi que les accessoires indispensables pour optimiser votre temps de vol et votre cr\u00e9ativit\u00e9. Avec un poids plume de seulement 151 g (moins de 250 g dans de nombreuses r\u00e9gions), le Neo 2 est incroyablement portable. Pourtant, il int\u00e8gre une technologie de pointe et une cam\u00e9ra performante, rendant la vid\u00e9ographie a\u00e9rienne de qualit\u00e9 professionnelle accessible \u00e0 tous.","breadcrumb":{"@id":"https:\/\/www.ghostysky.com\/product\/dji-neo-2-fly-more-combo\/#breadcrumb"},"inLanguage":"fr-FR","potentialAction":[{"@type":"ReadAction","target":["https:\/\/www.ghostysky.com\/product\/dji-neo-2-fly-more-combo\/"]}]},{"@type":"ImageObject","inLanguage":"fr-FR","@id":"https:\/\/www.ghostysky.com\/product\/dji-neo-2-fly-more-combo\/#primaryimage","url":"https:\/\/www.ghostysky.com\/wp-content\/uploads\/2025\/11\/GH_DJI-NEO-2-Fly-More-Combo_1.jpg","contentUrl":"https:\/\/www.ghostysky.com\/wp-content\/uploads\/2025\/11\/GH_DJI-NEO-2-Fly-More-Combo_1.jpg","width":800,"height":800},{"@type":"BreadcrumbList","@id":"https:\/\/www.ghostysky.com\/product\/dji-neo-2-fly-more-combo\/#breadcrumb","itemListElement":[{"@type":"ListItem","position":1,"name":"Home","item":"https:\/\/www.ghostysky.com\/"},{"@type":"ListItem","position":2,"name":"Shop","item":"https:\/\/www.ghostysky.com\/shop\/"},{"@type":"ListItem","position":3,"name":"DJI NEO 2 Fly More Combo"}]},{"@type":"WebSite","@id":"https:\/\/www.ghostysky.com\/#website","url":"https:\/\/www.ghostysky.com\/","name":"Ghostysky","description":"Livraison de drones et de services professionnels","publisher":{"@id":"https:\/\/www.ghostysky.com\/#organization"},"potentialAction":[{"@type":"SearchAction","target":{"@type":"EntryPoint","urlTemplate":"https:\/\/www.ghostysky.com\/?s={search_term_string}"},"query-input":{"@type":"PropertyValueSpecification","valueRequired":true,"valueName":"search_term_string"}}],"inLanguage":"fr-FR"},{"@type":"Organization","@id":"https:\/\/www.ghostysky.com\/#organization","name":"Ghostysky","url":"https:\/\/www.ghostysky.com\/","logo":{"@type":"ImageObject","inLanguage":"fr-FR","@id":"https:\/\/www.ghostysky.com\/#\/schema\/logo\/image\/","url":"https:\/\/www.ghostysky.com\/wp-content\/uploads\/2020\/06\/cropped-ghostyskylogo_text_white2.png","contentUrl":"https:\/\/www.ghostysky.com\/wp-content\/uploads\/2020\/06\/cropped-ghostyskylogo_text_white2.png","width":169,"height":56,"caption":"Ghostysky"},"image":{"@id":"https:\/\/www.ghostysky.com\/#\/schema\/logo\/image\/"},"sameAs":["https:\/\/www.facebook.com\/people\/Ghostysky\/100057676170234\/","https:\/\/x.com\/Gh0stysky","https:\/\/www.linkedin.com\/company\/34739653","https:\/\/www.instagram.com\/gh0stysky"]}]}},"_links":{"self":[{"href":"https:\/\/www.ghostysky.com\/fr\/wp-json\/wp\/v2\/product\/23244","targetHints":{"allow":["GET"]}}],"collection":[{"href":"https:\/\/www.ghostysky.com\/fr\/wp-json\/wp\/v2\/product"}],"about":[{"href":"https:\/\/www.ghostysky.com\/fr\/wp-json\/wp\/v2\/types\/product"}],"replies":[{"embeddable":true,"href":"https:\/\/www.ghostysky.com\/fr\/wp-json\/wp\/v2\/comments?post=23244"}],"wp:featuredmedia":[{"embeddable":true,"href":"https:\/\/www.ghostysky.com\/fr\/wp-json\/wp\/v2\/media\/23247"}],"wp:attachment":[{"href":"https:\/\/www.ghostysky.com\/fr\/wp-json\/wp\/v2\/media?parent=23244"}],"wp:term":[{"taxonomy":"product_brand","embeddable":true,"href":"https:\/\/www.ghostysky.com\/fr\/wp-json\/wp\/v2\/product_brand?post=23244"},{"taxonomy":"product_cat","embeddable":true,"href":"https:\/\/www.ghostysky.com\/fr\/wp-json\/wp\/v2\/product_cat?post=23244"},{"taxonomy":"product_tag","embeddable":true,"href":"https:\/\/www.ghostysky.com\/fr\/wp-json\/wp\/v2\/product_tag?post=23244"}],"curies":[{"name":"wp","href":"https:\/\/api.w.org\/{rel}","templated":true}]}}