{"id":23248,"date":"2025-11-18T08:18:39","date_gmt":"2025-11-18T08:18:39","guid":{"rendered":"https:\/\/www.ghostysky.com\/?post_type=product&#038;p=23248"},"modified":"2025-11-18T12:35:27","modified_gmt":"2025-11-18T12:35:27","slug":"dji-neo-2-drone-only","status":"publish","type":"product","link":"https:\/\/www.ghostysky.com\/fr\/product\/dji-neo-2-drone-only\/","title":{"rendered":"DJI NEO 2 (Drone uniquement)"},"content":{"rendered":"<h4>Caract\u00e9ristiques principales<\/h4>\n<ul data-path-to-node=\"4\">\n<li>\n<p data-path-to-node=\"4,0,0\"><b><span class=\"citation-104\">Conception compacte et s\u00fbre\u00a0:<\/span><\/b><span class=\"citation-104\"> \u00c0 seulement <\/span><b><span class=\"citation-104\">151 g<\/span><\/b><span class=\"citation-104 citation-end-104\">Le Neo 2 est tr\u00e8s portable.<\/span> <span class=\"citation-103 citation-end-103\">Sa conception int\u00e9gr\u00e9e et ses protections d&#039;h\u00e9lices int\u00e9grales compatibles permettent une utilisation en int\u00e9rieur et le vol \u00e0 proximit\u00e9 d&#039;autres appareils en toute s\u00e9curit\u00e9.<\/span><\/p>\n<\/li>\n<li>\n<p data-path-to-node=\"4,1,0\"><b>Imagerie 4K haute qualit\u00e9\u00a0:<\/b><span class=\"citation-102\"> Capturez des images \u00e9poustouflantes avec le <\/span><b><span class=\"citation-102\">Capteur CMOS 12 MP, 1\/2 pouce<\/span><\/b><span class=\"citation-102\"> et <\/span><b><span class=\"citation-102\">cardan m\u00e9canique \u00e0 2 axes<\/span><\/b><span class=\"citation-102 citation-end-102\">.<\/span> <span class=\"citation-101\">Enregistrez des vid\u00e9os fluides et cin\u00e9matographiques \u00e0 <\/span><b><span class=\"citation-101\">4K\/60fps<\/span><\/b><span class=\"citation-101\"> et incroyable <\/span><b><span class=\"citation-101\">Ralenti 4K\/100 ips<\/span><\/b><span class=\"citation-101 citation-end-101\">.<\/span> Il prend m\u00eame en charge <b>Prise de vue verticale en 2,7K<\/b> pour du contenu pr\u00eat pour les r\u00e9seaux sociaux.<\/p>\n<\/li>\n<li>\n<p data-path-to-node=\"4,2,0\"><b>D\u00e9tection d&#039;obstacles omnidirectionnelle :<\/b> Volez en toute confiance. <span class=\"citation-100\">Le Neo 2 est dot\u00e9 d&#039;un syst\u00e8me de vision avanc\u00e9 associ\u00e9 \u00e0 <\/span><b><span class=\"citation-100\">LiDAR orient\u00e9 vers l&#039;avant<\/span><\/b><span class=\"citation-100 citation-end-100\"> et une d\u00e9tection infrarouge vers le bas pour d\u00e9tecter les obstacles dans toutes les directions, am\u00e9liorant ainsi la s\u00e9curit\u00e9 des d\u00e9butants.<\/span><\/p>\n<div class=\"source-inline-chip-container ng-star-inserted\"><\/div>\n<\/li>\n<li>\n<p data-path-to-node=\"4,3,0\"><b>Commande mains libres intelligente\u00a0:<\/b> Ma\u00eetrisez le pilotage en toute simplicit\u00e9 gr\u00e2ce \u00e0 des fonctionnalit\u00e9s innovantes\u00a0:<\/p>\n<ul data-path-to-node=\"4,3,1\">\n<li>\n<p data-path-to-node=\"4,3,1,0,0\"><b><span class=\"citation-99\">D\u00e9collage et retour \u00e0 la paume\u00a0:<\/span><\/b><span class=\"citation-99 citation-end-99\"> D\u00e9collage et atterrissage en toute s\u00e9curit\u00e9, directement depuis le creux de votre main.<\/span><\/p>\n<\/li>\n<li>\n<p data-path-to-node=\"4,3,1,1,0\"><b><span class=\"citation-98\">Commande gestuelle et vocale\u00a0:<\/span><\/b><span class=\"citation-98 citation-end-98\"> Prenez des photos et commencez \u00e0 enregistrer sans toucher \u00e0 une manette.<\/span><\/p>\n<\/li>\n<li>\n<p data-path-to-node=\"4,3,1,2,0\"><b>ActiveTrack\u00a0:<\/b><span class=\"citation-97\"> Le syst\u00e8me am\u00e9lior\u00e9 peut suivre des sujets (y compris un nouveau <\/span><b><span class=\"citation-97\">V\u00e9lo<\/span><\/b><span class=\"citation-97\"> option) \u00e0 des vitesses allant jusqu&#039;\u00e0 <\/span><b><span class=\"citation-97\">12 m\/s<\/span><\/b><span class=\"citation-97 citation-end-97\">, en veillant \u00e0 ce que vous soyez toujours dans le champ.<\/span><\/p>\n<\/li>\n<li>\n<p data-path-to-node=\"4,3,1,3,0\"><b>Modes intelligents\u00a0:<\/b><span class=\"citation-96\"> Obtenez des r\u00e9sultats professionnels sans effort avec <\/span><b><span class=\"citation-96\">Selfie<\/span><\/b><span class=\"citation-96\">, <\/span><b><span class=\"citation-96\">MasterShots<\/span><\/b><span class=\"citation-96\">, <\/span><b><span class=\"citation-96\">Dolly Zoom<\/span><\/b><span class=\"citation-96\">et classique <\/span><b><span class=\"citation-96\">QuickShots<\/span><\/b><span class=\"citation-96 citation-end-96\">.<\/span><\/p>\n<div class=\"source-inline-chip-container ng-star-inserted\"><\/div>\n<\/li>\n<\/ul>\n<\/li>\n<li>\n<p data-path-to-node=\"4,4,0\"><b><span class=\"citation-95\">Espace de stockage interne g\u00e9n\u00e9reux\u00a0:<\/span><\/b><span class=\"citation-95\"> Avec <\/span><b><span class=\"citation-95\">49 Go de stockage int\u00e9gr\u00e9<\/span><\/b><span class=\"citation-95\">Vous pouvez ainsi enregistrer de longues vid\u00e9os 4K sans avoir besoin d&#039;une carte SD externe, et utiliser <\/span><b><span class=\"citation-95\">Transfert rapide<\/span><\/b><span class=\"citation-95 citation-end-95\"> pour t\u00e9l\u00e9charger rapidement des fichiers sur votre t\u00e9l\u00e9phone.<\/span><\/p>\n<\/li>\n<li>\n<p data-path-to-node=\"4,5,0\"><b>Vol polyvalent :<\/b><span class=\"citation-94\"> Profitez jusqu&#039;\u00e0 <\/span><b><span class=\"citation-94\">19 minutes<\/span><\/b><span class=\"citation-94 citation-end-94\"> dur\u00e9e de vol et performances fiables avec une r\u00e9sistance au vent de niveau 5.<\/span><\/p>\n<div class=\"source-inline-chip-container ng-star-inserted\"><\/div>\n<\/li>\n<\/ul>\n<h4>Contenu de la bo\u00eete (drone uniquement)<\/h4>\n<ul data-path-to-node=\"7\">\n<li>\n<p data-path-to-node=\"7,0,0\"><span class=\"citation-93 citation-end-93\">Drone DJI Neo 2<\/span><\/p>\n<\/li>\n<li>\n<p data-path-to-node=\"7,1,0\"><span class=\"citation-92 citation-end-92\">1 \u00d7 Batterie de vol intelligente<\/span><\/p>\n<\/li>\n<li>\n<p data-path-to-node=\"7,2,0\"><span class=\"citation-91 citation-end-91\">H\u00e9lices de rechange (paire)<\/span><\/p>\n<\/li>\n<li>\n<p data-path-to-node=\"7,3,0\"><span class=\"citation-90 citation-end-90\">Vis d&#039;h\u00e9lice de rechange<\/span><\/p>\n<\/li>\n<li>\n<p data-path-to-node=\"7,4,0\"><span class=\"citation-89 citation-end-89\">Tournevis<\/span><\/p>\n<\/li>\n<li>\n<p data-path-to-node=\"7,5,0\"><span class=\"citation-88 citation-end-88\">Protecteur de cardan<\/span><\/p>\n<\/li>\n<li>\n<p data-path-to-node=\"7,6,0\"><span class=\"citation-87 citation-end-87\">C\u00e2ble USB-C<\/span><\/p>\n<\/li>\n<li>\n<p data-path-to-node=\"7,7,0\">Guide de d\u00e9marrage rapide<\/p>\n<\/li>\n<\/ul>\n<p data-path-to-node=\"9\"><b>Note:<\/b> Le <b>DJI Neo 2 (Drone uniquement)<\/b> le paquet <b>pas<\/b> Incluent une t\u00e9l\u00e9commande ou le syst\u00e8me de transmission vid\u00e9o O4. Ces \u00e9l\u00e9ments peuvent \u00eatre achet\u00e9s s\u00e9par\u00e9ment ou inclus dans les packs Fly More pour une port\u00e9e \u00e9tendue et un contr\u00f4le avanc\u00e9.<\/p>","protected":false},"excerpt":{"rendered":"<p><span class=\"citation-107\">Le <\/span><b><span class=\"citation-107\">DJI Neo 2 (Drone uniquement)<\/span><\/b><span class=\"citation-107 citation-end-107\"> est le drone cam\u00e9ra compact et personnel par excellence, con\u00e7u pour une capture cr\u00e9ative et sans effort.<\/span> <span class=\"citation-106\">Pesant environ <\/span><b><span class=\"citation-106\">151 g<\/span><\/b><span class=\"citation-106 citation-end-106\">Cet avion ultra-l\u00e9ger est parfait pour les d\u00e9butants, les voyageurs et les cr\u00e9ateurs de contenu \u00e0 la recherche d&#039;une exp\u00e9rience de vol mains libres, s\u00fbre et performante.<\/span> <span class=\"citation-105\">Ce pack est id\u00e9al si vous poss\u00e9dez d\u00e9j\u00e0 une radiocommande DJI compatible ou si vous pr\u00e9f\u00e9rez utiliser une radiocommande DJI. <\/span><b><span class=\"citation-105\">commande gestuelle\/vocale et votre t\u00e9l\u00e9phone portable<\/span><\/b><span class=\"citation-105 citation-end-105\"> pour le vol.<\/span><\/p>","protected":false},"featured_media":23251,"comment_status":"open","ping_status":"closed","template":"","meta":[],"product_brand":[1031],"product_cat":[37,29,1290,1292],"product_tag":[42,1293,1295],"class_list":{"0":"post-23248","1":"product","2":"type-product","3":"status-publish","4":"has-post-thumbnail","6":"product_brand-dji","7":"product_cat-dji","8":"product_cat-drones","9":"product_cat-neo-2","10":"product_cat-neos-drones","11":"product_tag-dji","12":"product_tag-dji-neo-2","13":"product_tag-dji-neo-2-drones","15":"first","16":"instock","17":"taxable","18":"shipping-taxable","19":"purchasable","20":"product-type-simple"},"yoast_head":"<!-- This site is optimized with the Yoast SEO plugin v27.1.1 - https:\/\/yoast.com\/product\/yoast-seo-wordpress\/ -->\n<title>DJI NEO 2 (Drone Only) - Ghostysky<\/title>\n<meta name=\"description\" content=\"The DJI Neo 2 (Drone Only) is the ultimate compact, personal camera drone, designed for effortless, creative capture. Weighing in at approximately 151g, this ultra-light aircraft is perfect for beginners, travelers, and content creators looking for a hands-free, safe, and powerful flying experience. This package is ideal if you already own a compatible DJI remote controller or prefer to use gesture\/voice control and your mobile phone for flight.\" \/>\n<meta name=\"robots\" content=\"index, follow, max-snippet:-1, max-image-preview:large, max-video-preview:-1\" \/>\n<link rel=\"canonical\" href=\"https:\/\/www.ghostysky.com\/fr\/product\/dji-neo-2-drone-only\/\" \/>\n<meta property=\"og:locale\" content=\"fr_FR\" \/>\n<meta property=\"og:type\" content=\"article\" \/>\n<meta property=\"og:title\" content=\"DJI NEO 2 (Drone Only) - Ghostysky\" \/>\n<meta property=\"og:description\" content=\"The DJI Neo 2 (Drone Only) is the ultimate compact, personal camera drone, designed for effortless, creative capture. Weighing in at approximately 151g, this ultra-light aircraft is perfect for beginners, travelers, and content creators looking for a hands-free, safe, and powerful flying experience. This package is ideal if you already own a compatible DJI remote controller or prefer to use gesture\/voice control and your mobile phone for flight.\" \/>\n<meta property=\"og:url\" content=\"https:\/\/www.ghostysky.com\/fr\/product\/dji-neo-2-drone-only\/\" \/>\n<meta property=\"og:site_name\" content=\"Ghostysky\" \/>\n<meta property=\"article:publisher\" content=\"https:\/\/www.facebook.com\/people\/Ghostysky\/100057676170234\/\" \/>\n<meta property=\"article:modified_time\" content=\"2025-11-18T12:35:27+00:00\" \/>\n<meta property=\"og:image\" content=\"https:\/\/www.ghostysky.com\/wp-content\/uploads\/2025\/11\/GH_DJI-NEO-2-Drone-Only_1.jpg\" \/>\n\t<meta property=\"og:image:width\" content=\"800\" \/>\n\t<meta property=\"og:image:height\" content=\"800\" \/>\n\t<meta property=\"og:image:type\" content=\"image\/jpeg\" \/>\n<meta name=\"twitter:card\" content=\"summary_large_image\" \/>\n<meta name=\"twitter:site\" content=\"@Gh0stysky\" \/>\n<meta name=\"twitter:label1\" content=\"Dur\u00e9e de lecture estim\u00e9e\" \/>\n\t<meta name=\"twitter:data1\" content=\"2 minutes\" \/>\n<script type=\"application\/ld+json\" class=\"yoast-schema-graph\">{\"@context\":\"https:\/\/schema.org\",\"@graph\":[{\"@type\":\"WebPage\",\"@id\":\"https:\/\/www.ghostysky.com\/product\/dji-neo-2-drone-only\/\",\"url\":\"https:\/\/www.ghostysky.com\/product\/dji-neo-2-drone-only\/\",\"name\":\"DJI NEO 2 (Drone Only) - Ghostysky\",\"isPartOf\":{\"@id\":\"https:\/\/www.ghostysky.com\/#website\"},\"primaryImageOfPage\":{\"@id\":\"https:\/\/www.ghostysky.com\/product\/dji-neo-2-drone-only\/#primaryimage\"},\"image\":{\"@id\":\"https:\/\/www.ghostysky.com\/product\/dji-neo-2-drone-only\/#primaryimage\"},\"thumbnailUrl\":\"https:\/\/www.ghostysky.com\/wp-content\/uploads\/2025\/11\/GH_DJI-NEO-2-Drone-Only_1.jpg\",\"datePublished\":\"2025-11-18T08:18:39+00:00\",\"dateModified\":\"2025-11-18T12:35:27+00:00\",\"description\":\"The DJI Neo 2 (Drone Only) is the ultimate compact, personal camera drone, designed for effortless, creative capture. Weighing in at approximately 151g, this ultra-light aircraft is perfect for beginners, travelers, and content creators looking for a hands-free, safe, and powerful flying experience. This package is ideal if you already own a compatible DJI remote controller or prefer to use gesture\/voice control and your mobile phone for flight.\",\"breadcrumb\":{\"@id\":\"https:\/\/www.ghostysky.com\/product\/dji-neo-2-drone-only\/#breadcrumb\"},\"inLanguage\":\"fr-FR\",\"potentialAction\":[{\"@type\":\"ReadAction\",\"target\":[\"https:\/\/www.ghostysky.com\/product\/dji-neo-2-drone-only\/\"]}]},{\"@type\":\"ImageObject\",\"inLanguage\":\"fr-FR\",\"@id\":\"https:\/\/www.ghostysky.com\/product\/dji-neo-2-drone-only\/#primaryimage\",\"url\":\"https:\/\/www.ghostysky.com\/wp-content\/uploads\/2025\/11\/GH_DJI-NEO-2-Drone-Only_1.jpg\",\"contentUrl\":\"https:\/\/www.ghostysky.com\/wp-content\/uploads\/2025\/11\/GH_DJI-NEO-2-Drone-Only_1.jpg\",\"width\":800,\"height\":800},{\"@type\":\"BreadcrumbList\",\"@id\":\"https:\/\/www.ghostysky.com\/product\/dji-neo-2-drone-only\/#breadcrumb\",\"itemListElement\":[{\"@type\":\"ListItem\",\"position\":1,\"name\":\"Home\",\"item\":\"https:\/\/www.ghostysky.com\/\"},{\"@type\":\"ListItem\",\"position\":2,\"name\":\"Shop\",\"item\":\"https:\/\/www.ghostysky.com\/shop\/\"},{\"@type\":\"ListItem\",\"position\":3,\"name\":\"DJI NEO 2 (Drone Only)\"}]},{\"@type\":\"WebSite\",\"@id\":\"https:\/\/www.ghostysky.com\/#website\",\"url\":\"https:\/\/www.ghostysky.com\/\",\"name\":\"Ghostysky\",\"description\":\"Delivering professional drones and services\",\"publisher\":{\"@id\":\"https:\/\/www.ghostysky.com\/#organization\"},\"potentialAction\":[{\"@type\":\"SearchAction\",\"target\":{\"@type\":\"EntryPoint\",\"urlTemplate\":\"https:\/\/www.ghostysky.com\/?s={search_term_string}\"},\"query-input\":{\"@type\":\"PropertyValueSpecification\",\"valueRequired\":true,\"valueName\":\"search_term_string\"}}],\"inLanguage\":\"fr-FR\"},{\"@type\":\"Organization\",\"@id\":\"https:\/\/www.ghostysky.com\/#organization\",\"name\":\"Ghostysky\",\"url\":\"https:\/\/www.ghostysky.com\/\",\"logo\":{\"@type\":\"ImageObject\",\"inLanguage\":\"fr-FR\",\"@id\":\"https:\/\/www.ghostysky.com\/#\/schema\/logo\/image\/\",\"url\":\"https:\/\/www.ghostysky.com\/wp-content\/uploads\/2020\/06\/cropped-ghostyskylogo_text_white2.png\",\"contentUrl\":\"https:\/\/www.ghostysky.com\/wp-content\/uploads\/2020\/06\/cropped-ghostyskylogo_text_white2.png\",\"width\":169,\"height\":56,\"caption\":\"Ghostysky\"},\"image\":{\"@id\":\"https:\/\/www.ghostysky.com\/#\/schema\/logo\/image\/\"},\"sameAs\":[\"https:\/\/www.facebook.com\/people\/Ghostysky\/100057676170234\/\",\"https:\/\/x.com\/Gh0stysky\",\"https:\/\/www.linkedin.com\/company\/34739653\",\"https:\/\/www.instagram.com\/gh0stysky\"]}]}<\/script>\n<!-- \/ Yoast SEO plugin. -->","yoast_head_json":{"title":"DJI NEO 2 (Drone uniquement) - Ghostysky","description":"Le DJI Neo 2 (drone seul) est le drone compact par excellence, con\u00e7u pour une prise de vue personnelle et intuitive. Avec un poids plume d&#039;environ 151 g, cet appareil ultra-l\u00e9ger est id\u00e9al pour les d\u00e9butants, les voyageurs et les cr\u00e9ateurs de contenu \u00e0 la recherche d&#039;une exp\u00e9rience de vol mains libres, s\u00fbre et performante. Ce pack est parfait si vous poss\u00e9dez d\u00e9j\u00e0 une radiocommande DJI compatible ou si vous pr\u00e9f\u00e9rez piloter votre drone par commandes gestuelles\/vocales via votre smartphone.","robots":{"index":"index","follow":"follow","max-snippet":"max-snippet:-1","max-image-preview":"max-image-preview:large","max-video-preview":"max-video-preview:-1"},"canonical":"https:\/\/www.ghostysky.com\/fr\/product\/dji-neo-2-drone-only\/","og_locale":"fr_FR","og_type":"article","og_title":"DJI NEO 2 (Drone Only) - Ghostysky","og_description":"The DJI Neo 2 (Drone Only) is the ultimate compact, personal camera drone, designed for effortless, creative capture. Weighing in at approximately 151g, this ultra-light aircraft is perfect for beginners, travelers, and content creators looking for a hands-free, safe, and powerful flying experience. This package is ideal if you already own a compatible DJI remote controller or prefer to use gesture\/voice control and your mobile phone for flight.","og_url":"https:\/\/www.ghostysky.com\/fr\/product\/dji-neo-2-drone-only\/","og_site_name":"Ghostysky","article_publisher":"https:\/\/www.facebook.com\/people\/Ghostysky\/100057676170234\/","article_modified_time":"2025-11-18T12:35:27+00:00","og_image":[{"width":800,"height":800,"url":"https:\/\/www.ghostysky.com\/wp-content\/uploads\/2025\/11\/GH_DJI-NEO-2-Drone-Only_1.jpg","type":"image\/jpeg"}],"twitter_card":"summary_large_image","twitter_site":"@Gh0stysky","twitter_misc":{"Dur\u00e9e de lecture estim\u00e9e":"2 minutes"},"schema":{"@context":"https:\/\/schema.org","@graph":[{"@type":"WebPage","@id":"https:\/\/www.ghostysky.com\/product\/dji-neo-2-drone-only\/","url":"https:\/\/www.ghostysky.com\/product\/dji-neo-2-drone-only\/","name":"DJI NEO 2 (Drone uniquement) - Ghostysky","isPartOf":{"@id":"https:\/\/www.ghostysky.com\/#website"},"primaryImageOfPage":{"@id":"https:\/\/www.ghostysky.com\/product\/dji-neo-2-drone-only\/#primaryimage"},"image":{"@id":"https:\/\/www.ghostysky.com\/product\/dji-neo-2-drone-only\/#primaryimage"},"thumbnailUrl":"https:\/\/www.ghostysky.com\/wp-content\/uploads\/2025\/11\/GH_DJI-NEO-2-Drone-Only_1.jpg","datePublished":"2025-11-18T08:18:39+00:00","dateModified":"2025-11-18T12:35:27+00:00","description":"Le DJI Neo 2 (drone seul) est le drone compact par excellence, con\u00e7u pour une prise de vue personnelle et intuitive. Avec un poids plume d&#039;environ 151 g, cet appareil ultra-l\u00e9ger est id\u00e9al pour les d\u00e9butants, les voyageurs et les cr\u00e9ateurs de contenu \u00e0 la recherche d&#039;une exp\u00e9rience de vol mains libres, s\u00fbre et performante. Ce pack est parfait si vous poss\u00e9dez d\u00e9j\u00e0 une radiocommande DJI compatible ou si vous pr\u00e9f\u00e9rez piloter votre drone par commandes gestuelles\/vocales via votre smartphone.","breadcrumb":{"@id":"https:\/\/www.ghostysky.com\/product\/dji-neo-2-drone-only\/#breadcrumb"},"inLanguage":"fr-FR","potentialAction":[{"@type":"ReadAction","target":["https:\/\/www.ghostysky.com\/product\/dji-neo-2-drone-only\/"]}]},{"@type":"ImageObject","inLanguage":"fr-FR","@id":"https:\/\/www.ghostysky.com\/product\/dji-neo-2-drone-only\/#primaryimage","url":"https:\/\/www.ghostysky.com\/wp-content\/uploads\/2025\/11\/GH_DJI-NEO-2-Drone-Only_1.jpg","contentUrl":"https:\/\/www.ghostysky.com\/wp-content\/uploads\/2025\/11\/GH_DJI-NEO-2-Drone-Only_1.jpg","width":800,"height":800},{"@type":"BreadcrumbList","@id":"https:\/\/www.ghostysky.com\/product\/dji-neo-2-drone-only\/#breadcrumb","itemListElement":[{"@type":"ListItem","position":1,"name":"Home","item":"https:\/\/www.ghostysky.com\/"},{"@type":"ListItem","position":2,"name":"Shop","item":"https:\/\/www.ghostysky.com\/shop\/"},{"@type":"ListItem","position":3,"name":"DJI NEO 2 (Drone Only)"}]},{"@type":"WebSite","@id":"https:\/\/www.ghostysky.com\/#website","url":"https:\/\/www.ghostysky.com\/","name":"Ghostysky","description":"Livraison de drones et de services professionnels","publisher":{"@id":"https:\/\/www.ghostysky.com\/#organization"},"potentialAction":[{"@type":"SearchAction","target":{"@type":"EntryPoint","urlTemplate":"https:\/\/www.ghostysky.com\/?s={search_term_string}"},"query-input":{"@type":"PropertyValueSpecification","valueRequired":true,"valueName":"search_term_string"}}],"inLanguage":"fr-FR"},{"@type":"Organization","@id":"https:\/\/www.ghostysky.com\/#organization","name":"Ghostysky","url":"https:\/\/www.ghostysky.com\/","logo":{"@type":"ImageObject","inLanguage":"fr-FR","@id":"https:\/\/www.ghostysky.com\/#\/schema\/logo\/image\/","url":"https:\/\/www.ghostysky.com\/wp-content\/uploads\/2020\/06\/cropped-ghostyskylogo_text_white2.png","contentUrl":"https:\/\/www.ghostysky.com\/wp-content\/uploads\/2020\/06\/cropped-ghostyskylogo_text_white2.png","width":169,"height":56,"caption":"Ghostysky"},"image":{"@id":"https:\/\/www.ghostysky.com\/#\/schema\/logo\/image\/"},"sameAs":["https:\/\/www.facebook.com\/people\/Ghostysky\/100057676170234\/","https:\/\/x.com\/Gh0stysky","https:\/\/www.linkedin.com\/company\/34739653","https:\/\/www.instagram.com\/gh0stysky"]}]}},"_links":{"self":[{"href":"https:\/\/www.ghostysky.com\/fr\/wp-json\/wp\/v2\/product\/23248","targetHints":{"allow":["GET"]}}],"collection":[{"href":"https:\/\/www.ghostysky.com\/fr\/wp-json\/wp\/v2\/product"}],"about":[{"href":"https:\/\/www.ghostysky.com\/fr\/wp-json\/wp\/v2\/types\/product"}],"replies":[{"embeddable":true,"href":"https:\/\/www.ghostysky.com\/fr\/wp-json\/wp\/v2\/comments?post=23248"}],"wp:featuredmedia":[{"embeddable":true,"href":"https:\/\/www.ghostysky.com\/fr\/wp-json\/wp\/v2\/media\/23251"}],"wp:attachment":[{"href":"https:\/\/www.ghostysky.com\/fr\/wp-json\/wp\/v2\/media?parent=23248"}],"wp:term":[{"taxonomy":"product_brand","embeddable":true,"href":"https:\/\/www.ghostysky.com\/fr\/wp-json\/wp\/v2\/product_brand?post=23248"},{"taxonomy":"product_cat","embeddable":true,"href":"https:\/\/www.ghostysky.com\/fr\/wp-json\/wp\/v2\/product_cat?post=23248"},{"taxonomy":"product_tag","embeddable":true,"href":"https:\/\/www.ghostysky.com\/fr\/wp-json\/wp\/v2\/product_tag?post=23248"}],"curies":[{"name":"wp","href":"https:\/\/api.w.org\/{rel}","templated":true}]}}